{"id":2769,"date":"2024-11-12T09:44:18","date_gmt":"2024-11-12T09:44:18","guid":{"rendered":"https:\/\/vapestornado.com\/?page_id=2769"},"modified":"2024-11-12T09:45:01","modified_gmt":"2024-11-12T09:45:01","slug":"refund-policy","status":"publish","type":"page","link":"https:\/\/vapestornado.com\/hr\/refund-policy\/","title":{"rendered":"Politika povrata novca"},"content":{"rendered":"<p>Hvala vam na kupnji u vapestornado. Molimo pa\u017eljivo pregledajte na\u0161a pravila povrata:<\/p>\n\n\n\n<p><strong>Zahtjevi za povrat unutar 24 sata:<\/strong><br>Mo\u017eete zatra\u017eiti povrat novca u roku od 24 sata od slanja narud\u017ebe. Odmah nas kontaktirajte kako biste dobili puni povrat.<\/p>\n\n\n\n<p><strong>Zahtjevi za povrat nakon 24 sata:<\/strong><br>Za narud\u017ebe poslane prije vi\u0161e od 24 sata, puni povrat mo\u017eda ne\u0107e biti mogu\u0107 jer se narud\u017ebe obi\u010dno pripremaju za carinu. U tim slu\u010dajevima mo\u017eemo osigurati djelomi\u010dni povrat do 50% iznosa narud\u017ebe zbog tro\u0161kova povla\u010denja paketa.<\/p>\n\n\n\n<p><strong>Nema povrata nakon otpreme:<\/strong><br>Nakon \u0161to je va\u0161 paket otpremljen i izdan broj za pra\u0107enje, vi\u0161e ne\u0107ete imati pravo na povrat novca.<\/p>\n\n\n\n<p><strong>Osiguranje i carinska pitanja:<\/strong><br>Svi paketi su osigurani. Ako va\u0161 paket zadr\u017ei carina i ne bude pu\u0161ten, izdat \u0107emo puni povrat novca.<\/p>\n\n\n\n<p><strong>Neto\u010dna adresa ili problemi s dostavom:<\/strong><br>Ako se paket ne mo\u017ee isporu\u010diti zbog neto\u010dne adrese ili drugih problema povezanih s kupcem, kupac je odgovoran za tro\u0161kove ponovnog slanja.<\/p>\n\n\n\n<p>Za sva pitanja ili nedoumice u vezi s na\u0161im pravilima povrata, obratite se na\u0161em timu za korisni\u010dku podr\u0161ku na vapestornado.<\/p>\n\n\n\n<p><\/p>","protected":false},"excerpt":{"rendered":"<p>Hvala vam \u0161to kupujete na vapestornado. Molimo pa\u017eljivo pregledajte na\u0161a pravila povrata: Zahtjevi za povrat unutar 24 sata: Mo\u017eete zatra\u017eiti povrat novca u roku od 24 sata od slanja narud\u017ebe. Odmah nas kontaktirajte kako biste dobili puni povrat. Zahtjevi za povrat nakon 24 sata: Za narud\u017ebe poslane prije vi\u0161e od 24 sata, puni povrat mo\u017eda ne\u0107e biti mogu\u0107 [\u2026]<\/p>","protected":false},"author":1,"featured_media":0,"parent":0,"menu_order":0,"comment_status":"closed","ping_status":"closed","template":"","meta":{"_acf_changed":false,"_uag_custom_page_level_css":"","_lmt_disableupdate":"","_lmt_disable":"","_monsterinsights_skip_tracking":false,"_monsterinsights_sitenote_active":false,"_monsterinsights_sitenote_note":"","_monsterinsights_sitenote_category":0,"site-sidebar-layout":"default","site-content-layout":"","ast-site-content-layout":"default","site-content-style":"default","site-sidebar-style":"default","ast-global-header-display":"","ast-banner-title-visibility":"","ast-main-header-display":"","ast-hfb-above-header-display":"","ast-hfb-below-header-display":"","ast-hfb-mobile-header-display":"","site-post-title":"","ast-breadcrumbs-content":"","ast-featured-img":"","footer-sml-layout":"","ast-disable-related-posts":"","theme-transparent-header-meta":"","adv-header-id-meta":"","stick-header-meta":"","header-above-stick-meta":"","header-main-stick-meta":"","header-below-stick-meta":"","astra-migrate-meta-layouts":"set","ast-page-background-enabled":"default","ast-page-background-meta":{"desktop":{"background-color":"","background-image":"","background-repeat":"repeat","background-position":"center center","background-size":"auto","background-attachment":"scroll","background-type":"","background-media":"","overlay-type":"","overlay-color":"","overlay-opacity":"","overlay-gradient":""},"tablet":{"background-color":"","background-image":"","background-repeat":"repeat","background-position":"center center","background-size":"auto","background-attachment":"scroll","background-type":"","background-media":"","overlay-type":"","overlay-color":"","overlay-opacity":"","overlay-gradient":""},"mobile":{"background-color":"","background-image":"","background-repeat":"repeat","background-position":"center center","background-size":"auto","background-attachment":"scroll","background-type":"","background-media":"","overlay-type":"","overlay-color":"","overlay-opacity":"","overlay-gradient":""}},"ast-content-background-meta":{"desktop":{"background-color":"var(--ast-global-color-5)","background-image":"","background-repeat":"repeat","background-position":"center center","background-size":"auto","background-attachment":"scroll","background-type":"","background-media":"","overlay-type":"","overlay-color":"","overlay-opacity":"","overlay-gradient":""},"tablet":{"background-color":"var(--ast-global-color-5)","background-image":"","background-repeat":"repeat","background-position":"center center","background-size":"auto","background-attachment":"scroll","background-type":"","background-media":"","overlay-type":"","overlay-color":"","overlay-opacity":"","overlay-gradient":""},"mobile":{"background-color":"var(--ast-global-color-5)","background-image":"","background-repeat":"repeat","background-position":"center center","background-size":"auto","background-attachment":"scroll","background-type":"","background-media":"","overlay-type":"","overlay-color":"","overlay-opacity":"","overlay-gradient":""}},"_joinchat":[],"footnotes":""},"class_list":["post-2769","page","type-page","status-publish","hentry"],"acf":[],"uagb_featured_image_src":{"full":false,"thumbnail":false,"medium":false,"medium_large":false,"large":false,"1536x1536":false,"2048x2048":false,"trp-custom-language-flag":false,"woocommerce_thumbnail":false,"woocommerce_single":false,"woocommerce_gallery_thumbnail":false},"uagb_author_info":{"display_name":"yannazhan@gmail.com","author_link":"https:\/\/vapestornado.com\/hr\/author\/yannazhangmail-com\/"},"uagb_comment_info":0,"uagb_excerpt":"Thank you for shopping with vapestornado. Please review our refund policy carefully: Refund Requests Within 24 Hours:You may request a refund within 24 hours of placing your order. Contact us promptly to receive a full refund. Refund Requests After 24 Hours:For orders placed more than 24 hours ago, a full refund may not be possible&hellip;","_links":{"self":[{"href":"https:\/\/vapestornado.com\/hr\/wp-json\/wp\/v2\/pages\/2769","targetHints":{"allow":["GET"]}}],"collection":[{"href":"https:\/\/vapestornado.com\/hr\/wp-json\/wp\/v2\/pages"}],"about":[{"href":"https:\/\/vapestornado.com\/hr\/wp-json\/wp\/v2\/types\/page"}],"author":[{"embeddable":true,"href":"https:\/\/vapestornado.com\/hr\/wp-json\/wp\/v2\/users\/1"}],"replies":[{"embeddable":true,"href":"https:\/\/vapestornado.com\/hr\/wp-json\/wp\/v2\/comments?post=2769"}],"version-history":[{"count":2,"href":"https:\/\/vapestornado.com\/hr\/wp-json\/wp\/v2\/pages\/2769\/revisions"}],"predecessor-version":[{"id":2771,"href":"https:\/\/vapestornado.com\/hr\/wp-json\/wp\/v2\/pages\/2769\/revisions\/2771"}],"wp:attachment":[{"href":"https:\/\/vapestornado.com\/hr\/wp-json\/wp\/v2\/media?parent=2769"}],"curies":[{"name":"wp","href":"https:\/\/api.w.org\/{rel}","templated":true}]}}