{"id":4842,"date":"2026-01-24T09:54:19","date_gmt":"2026-01-24T09:54:19","guid":{"rendered":"https:\/\/vapestornado.com\/?post_type=product&#038;p=4842"},"modified":"2026-01-24T10:03:36","modified_gmt":"2026-01-24T10:03:36","slug":"aivono-avn-mate-120k-puffs-double-flaovr-disposable-e-cigarette-adjust-flavor","status":"publish","type":"product","link":"https:\/\/vapestornado.com\/fr\/product\/aivono-avn-mate-120k-puffs-double-flaovr-disposable-e-cigarette-adjust-flavor\/","title":{"rendered":"AIVONO AVN MATE 120k Bouff\u00e9es Double Saveur Cigarette \u00c9lectronique Jetable Ajuster la Saveur"},"content":{"rendered":"<h1 data-start=\"0\" data-end=\"87\">AIVONO AVN MATE 120k Bouff\u00e9es Double Saveur Cigarette \u00c9lectronique Jetable Ajuster la Saveur<\/h1>\n<p data-start=\"276\" data-end=\"608\">L' <strong data-start=\"280\" data-end=\"304\">AIVONO AVN MATE 120k<\/strong> con\u00e7u pour les grossistes qui ont besoin d'une cigarette \u00e9lectronique jetable \u00e0 haute capacit\u00e9 et \u00e0 haute valeur, qui se vend rapidement sur les march\u00e9s europ\u00e9ens comp\u00e9titifs. Avec une v\u00e9ritable <strong data-start=\"439\" data-end=\"464\">dur\u00e9e de vie de 120 000 bouff\u00e9es<\/strong>, conception \u00e0 commutation de double saveur, et un \u00e9cran intelligent, cet appareil cible les utilisateurs recherchant vari\u00e9t\u00e9, durabilit\u00e9 et performance visible en un seul appareil.<\/p>\n<p data-start=\"610\" data-end=\"976\">Con\u00e7u comme un <strong data-start=\"624\" data-end=\"662\">Vape Jetable \u00e0 Double Saveur 2 en 1<\/strong>, le AIVONO AVN MATE 120000 permet aux utilisateurs de passer instantan\u00e9ment d'une saveur \u00e0 l'autre sans changer d'appareil. Ce syst\u00e8me de saveur ajustable augmente le temps d'utilisation et am\u00e9liore la satisfaction client, en faisant un choix solide pour <strong data-start=\"887\" data-end=\"911\">vente en gros de vape en France<\/strong> les acheteurs cherchant \u00e0 se diff\u00e9rencier dans un <strong data-start=\"952\" data-end=\"975\">prix de gros bas<\/strong>.<\/p>\n<p data-start=\"978\" data-end=\"1308\">grand <strong data-start=\"986\" data-end=\"1012\">capacit\u00e9 de 36 ml d\u2019e-liquide<\/strong>, associ\u00e9 \u00e0 un <strong data-start=\"1037\" data-end=\"1050\">noyau de 1.0\u03a9 stable<\/strong>, garantit une sortie coh\u00e9rente de vapeur et de saveur tout au long du cycle d'inhalation. La <strong data-start=\"1127\" data-end=\"1179\">batterie rechargeable de 850mAh avec charge Type-C<\/strong> est adapt\u00e9e au volume d'huile, permettant aux utilisateurs de finir le liquide sans perte d'\u00e9nergie\u2014r\u00e9duisant ainsi les r\u00e9clamations et retours au niveau du commerce de d\u00e9tail.<\/p>\n<p data-start=\"1310\" data-end=\"1559\">L'\u00e9cran int\u00e9gr\u00e9 <strong data-start=\"1323\" data-end=\"1337\">LED int\u00e9gr\u00e9<\/strong> affiche clairement l'\u00e9tat de la batterie et du e-liquide, positionnant ce mod\u00e8le comme un produit haut de gamme <strong data-start=\"1420\" data-end=\"1440\">Vape avec \u00e9cran<\/strong> tout en simplifiant l'utilisation. La taille compacte aide \u00e9galement les d\u00e9taillants \u00e0 optimiser l'espace sur les \u00e9tag\u00e8res et l'efficacit\u00e9 de l'exp\u00e9dition en gros.<\/p>\n<p data-start=\"1561\" data-end=\"1812\">Pour les distributeurs recherchant un <strong data-start=\"1597\" data-end=\"1612\">AIVONO vape<\/strong> avec un fort potentiel de commandes r\u00e9p\u00e9t\u00e9es, l'AVN MATE 120k offre performance, vari\u00e9t\u00e9 de saveurs et prix avantageux pour la marge.<br data-start=\"1733\" data-end=\"1736\" \/><strong data-start=\"1739\" data-end=\"1812\">Contactez-nous d\u00e8s maintenant pour la vente en gros de vapoteuses \u00e0 prix r\u00e9duit et en gros en France.<\/strong><\/p>\n<p><strong><span style=\"color: #ff0000;\">Ajoutez le WhatsApp d'Amy pour obtenir une bonne r\u00e9ponse et un coupon de vape !<\/span><\/strong><\/p>\n<p><img fetchpriority=\"high\" decoding=\"async\" class=\"size-full wp-image-2932\" src=\"https:\/\/vapestornado.com\/wp-content\/uploads\/2024\/12\/Vape-Wholesale.jpg\" alt=\"Vente en Gros de Vapes\" width=\"229\" height=\"300\" \/><\/p>\n<h3><a href=\"https:\/\/wa.me\/8617776015835\" target=\"_blank\" rel=\"noopener\"><span style=\"color: #ff0000;\"><strong>WhatsApp : +86 17776015835<\/strong><\/span><\/a><\/h3>\n<h2><strong>Caract\u00e9ristiques du produit AIVONO AVN MATE 120k \u00a0Puffs<\/strong><\/h2>\n<div>\n<ul>\n<li data-start=\"1887\" data-end=\"1985\">\n<p data-start=\"1889\" data-end=\"1985\"><strong data-start=\"1889\" data-end=\"1907\">120 000 bouff\u00e9es :<\/strong> Structure de haute capacit\u00e9 en inhalation con\u00e7ue pour une utilisation \u00e0 long terme et moins de remplacements.<\/p>\n<\/li>\n<li data-start=\"1986\" data-end=\"2096\">\n<p data-start=\"1988\" data-end=\"2096\"><strong data-start=\"1988\" data-end=\"2018\">Syst\u00e8me Double Saveur 2 en 1 :<\/strong> Deux saveurs dans un seul appareil avec commutation instantan\u00e9e pour une meilleure fid\u00e9lisation des utilisateurs.<\/p>\n<\/li>\n<li data-start=\"2097\" data-end=\"2203\">\n<p data-start=\"2099\" data-end=\"2203\"><strong data-start=\"2099\" data-end=\"2126\">Capacit\u00e9 de e-liquide de 36 ml :<\/strong> Un grand volume d'huile supporte une sortie stable tout au long de la dur\u00e9e de vie de l'inhalation.<\/p>\n<\/li>\n<li data-start=\"2204\" data-end=\"2301\">\n<p data-start=\"2206\" data-end=\"2301\"><strong data-start=\"2206\" data-end=\"2227\">\u00c9cran LED intelligent :<\/strong> Affichage en temps r\u00e9el de la batterie et du niveau de liquide am\u00e9liore l'utilisabilit\u00e9 et la confiance dans le produit.<\/p>\n<\/li>\n<li data-start=\"2302\" data-end=\"2419\">\n<p data-start=\"2304\" data-end=\"2419\"><strong data-start=\"2304\" data-end=\"2343\">Batterie rechargeable Type-C de 850mAh :<\/strong> Syst\u00e8me d'alimentation \u00e9quilibr\u00e9 garantissant la consommation compl\u00e8te du e-liquide sans interruption.<\/p>\n<\/li>\n<\/ul>\n<figure id=\"attachment_4838\" aria-describedby=\"caption-attachment-4838\" style=\"width: 162px\" class=\"wp-caption alignnone\"><img decoding=\"async\" class=\"size-medium wp-image-4838\" src=\"https:\/\/vapestornado.com\/wp-content\/uploads\/2026\/01\/AIVONO-AVN-MATE-120k-120000-Puffs-Disposable-Vape-Low-Price-162x300.webp\" alt=\"Vape jetable AIVONO AVN MATE 120k 120000 Puffs \u00e0 prix r\u00e9duit\" width=\"162\" height=\"300\" srcset=\"https:\/\/vapestornado.com\/wp-content\/uploads\/2026\/01\/AIVONO-AVN-MATE-120k-120000-Puffs-Disposable-Vape-Low-Price-162x300.webp 162w, https:\/\/vapestornado.com\/wp-content\/uploads\/2026\/01\/AIVONO-AVN-MATE-120k-120000-Puffs-Disposable-Vape-Low-Price-552x1024.webp 552w, https:\/\/vapestornado.com\/wp-content\/uploads\/2026\/01\/AIVONO-AVN-MATE-120k-120000-Puffs-Disposable-Vape-Low-Price-768x1425.webp 768w, https:\/\/vapestornado.com\/wp-content\/uploads\/2026\/01\/AIVONO-AVN-MATE-120k-120000-Puffs-Disposable-Vape-Low-Price-6x12.webp 6w, https:\/\/vapestornado.com\/wp-content\/uploads\/2026\/01\/AIVONO-AVN-MATE-120k-120000-Puffs-Disposable-Vape-Low-Price-600x1113.webp 600w, https:\/\/vapestornado.com\/wp-content\/uploads\/2026\/01\/AIVONO-AVN-MATE-120k-120000-Puffs-Disposable-Vape-Low-Price.webp 800w\" sizes=\"(max-width: 162px) 100vw, 162px\" \/><figcaption id=\"caption-attachment-4838\" class=\"wp-caption-text\">Vape jetable AIVONO AVN MATE 120k 120000 Puffs \u00e0 prix r\u00e9duit<\/figcaption><\/figure>\n<\/div>\n<h2 class=\"product-title\"><strong>Liste des saveurs de Puff AIVONO AVN MATE 120k<\/strong><\/h2>\n<ol data-start=\"2475\" data-end=\"2828\">\n<li data-start=\"2475\" data-end=\"2508\">\n<p data-start=\"2478\" data-end=\"2508\">Cola Cerise + Glace Past\u00e8que<\/p>\n<\/li>\n<li data-start=\"2509\" data-end=\"2554\">\n<p data-start=\"2512\" data-end=\"2554\">Kiwi Fruit de la Passion Goyave + Glace Myrtille<\/p>\n<\/li>\n<li data-start=\"2555\" data-end=\"2584\">\n<p data-start=\"2558\" data-end=\"2584\">Bonbon Arc-en-ciel + M. Bleu<\/p>\n<\/li>\n<li data-start=\"2585\" data-end=\"2617\">\n<p data-start=\"2588\" data-end=\"2617\">Boisson \u00c9nerg\u00e9tique + Triple Mangue<\/p>\n<\/li>\n<li data-start=\"2618\" data-end=\"2653\">\n<p data-start=\"2621\" data-end=\"2653\">Fraise Banane + Citron Rose<\/p>\n<\/li>\n<li data-start=\"2654\" data-end=\"2691\">\n<p data-start=\"2657\" data-end=\"2691\">Myrtille Framboise + Menthe Citron<\/p>\n<\/li>\n<li data-start=\"2692\" data-end=\"2734\">\n<p data-start=\"2695\" data-end=\"2734\">Fraise Past\u00e8que + Glace Ananas<\/p>\n<\/li>\n<li data-start=\"2735\" data-end=\"2768\">\n<p data-start=\"2738\" data-end=\"2768\">Ananas Orange Citron Vert + Menthe<\/p>\n<\/li>\n<li data-start=\"2769\" data-end=\"2796\">\n<p data-start=\"2772\" data-end=\"2796\">Citron Vert Citron + Gla\u00e7on Raisin<\/p>\n<\/li>\n<li data-start=\"2797\" data-end=\"2828\">\n<p data-start=\"2801\" data-end=\"2828\">Oursons Gomme + Baies M\u00e9lang\u00e9es<\/p>\n<h2 data-start=\"2835\" data-end=\"2886\">Pourquoi les acheteurs en gros choisissent AIVONO AVN MATE 120k<\/h2>\n<ul data-start=\"2888\" data-end=\"3159\">\n<li data-start=\"2888\" data-end=\"2950\">\n<p data-start=\"2890\" data-end=\"2950\">Le design \u00e0 double saveur augmente l'attrait en rayon et les ventes r\u00e9p\u00e9t\u00e9es<\/p>\n<\/li>\n<li data-start=\"2951\" data-end=\"3020\">\n<p data-start=\"2953\" data-end=\"3020\">Un nombre \u00e9lev\u00e9 de bouff\u00e9es r\u00e9duit la fr\u00e9quence de remplacement et le risque apr\u00e8s-vente<\/p>\n<\/li>\n<li data-start=\"3021\" data-end=\"3091\">\n<p data-start=\"3023\" data-end=\"3091\">Un \u00e9cran intelligent ajoute une valeur premium sans augmenter consid\u00e9rablement le co\u00fbt<\/p>\n<\/li>\n<li data-start=\"3092\" data-end=\"3159\">\n<p data-start=\"3094\" data-end=\"3159\">Id\u00e9al pour les <strong data-start=\"3104\" data-end=\"3128\">vente en gros de vape en France<\/strong> et canaux de distribution en Europe<\/p>\n<\/li>\n<\/ul>\n<\/li>\n<\/ol>\n<div class=\"flex-shrink-0 flex flex-col relative items-end\">\n<div class=\"pt-0\">\n<div class=\"gizmo-bot-avatar flex h-8 w-8 items-center justify-center overflow-hidden rounded-full\">\n<div class=\"relative p-1 rounded-sm flex items-center justify-center bg-token-main-surface-primary text-token-text-primary h-8 w-8\">\n<h2 data-start=\"1200\" data-end=\"1487\">Vapes Tornado \u2013 Votre boutique en ligne de vapoteurs en gros pour les vapoteurs populaires<\/h2>\n<p data-start=\"72\" data-end=\"396\"><strong data-start=\"72\" data-end=\"89\">Vapes Tornado<\/strong> est une boutique en ligne de vapoteurs en gros ax\u00e9e sur l'Europe fournissant une gamme soigneusement s\u00e9lectionn\u00e9e de <strong data-start=\"178\" data-end=\"195\">vapoteurs populaires<\/strong> pour les acheteurs professionnels. Nous travaillons avec des d\u00e9taillants, des distributeurs et des boutiques en ligne \u00e0 travers l'UE qui ont besoin d'une fourniture stable, d'informations claires sur les produits et de marques que les clients reconnaissent et en qui ils ont confiance.<\/p>\n<p data-start=\"398\" data-end=\"687\">Nous collaborons avec des noms de confiance tels que <strong data-start=\"247\" data-end=\"352\"><a href=\"https:\/\/vapestornado.com\/fr\/product\/randm-12000-puffs-fumot-digital-disposable-vape-wholesale-price\/\">Fumot VAPE<\/a>, <a href=\"https:\/\/vapestornado.com\/fr\/product\/original-wga-ultra-35k-35000-puff-rechargeable-crystal-disposable-nicotine-vape-best-discount-price\/\">WGA VAPE<\/a>, <a href=\"https:\/\/vapestornado.com\/fr\/product\/vozol-gear-shisha-25k-25000-puffs-best-dtl-disposable-vape-hookah-cheap-price\/\">VOZOL BAR VAPE<\/a>, <\/strong><strong data-start=\"247\" data-end=\"352\">Elf Bar Vape, WASPE Vape, <a href=\"https:\/\/vapestornado.com\/fr\/product\/uzy-150k-puffs-6-in-1-flavor-switch-disposable-vape-pen-wholesale\/\">Vape UZY<\/a>, Bang Vape, Razz Bar Vape, et Stag Bar Vape<\/strong>, choisis pour leur qualit\u00e9 constante et leur forte demande sur le march\u00e9 europ\u00e9en.<\/p>\n<h4 data-start=\"1080\" data-end=\"1120\">Con\u00e7u pour les Vapoteurs Europ\u00e9ens en Gros<\/h4>\n<p data-start=\"1121\" data-end=\"1189\">Vapes Tornado est structur\u00e9 autour des besoins r\u00e9els des grossistes de l'UE :<\/p>\n<ul data-start=\"1190\" data-end=\"1400\">\n<li data-start=\"1190\" data-end=\"1239\">\n<p data-start=\"1192\" data-end=\"1239\">Tarifs de gros comp\u00e9titifs pour les commandes en volume<\/p>\n<\/li>\n<li data-start=\"1240\" data-end=\"1289\">\n<p data-start=\"1242\" data-end=\"1289\">Descriptions et sp\u00e9cifications claires des produits<\/p>\n<\/li>\n<li data-start=\"1290\" data-end=\"1330\">\n<p data-start=\"1292\" data-end=\"1330\">Logistique rapide et fiable orient\u00e9e EU<\/p>\n<\/li>\n<li data-start=\"1331\" data-end=\"1400\">\n<p data-start=\"1333\" data-end=\"1400\">Un catalogue ax\u00e9 sur <strong data-start=\"1356\" data-end=\"1373\">vapoteurs populaires<\/strong>, pas sur des SKUs satur\u00e9s<\/p>\n<\/li>\n<\/ul>\n<h2 data-start=\"2064\" data-end=\"2115\">FAQ sur la cigarette \u00e9lectronique jetable AIVONO AVN MATE 120k bouff\u00e9es<\/h2>\n<p data-start=\"3198\" data-end=\"3373\"><strong data-start=\"3198\" data-end=\"3260\">1. Le AIVONO AVN MATE 120k est-il un appareil v\u00e9ritablement de 120 000 bouff\u00e9es ?<\/strong><br data-start=\"3260\" data-end=\"3263\" \/>Oui, il est con\u00e7u avec une batterie et un syst\u00e8me d'huile assortis pour supporter toute la gamme de bouff\u00e9es en utilisation normale.<\/p>\n<p data-start=\"3375\" data-end=\"3514\"><strong data-start=\"3375\" data-end=\"3419\">2. Comment fonctionne le syst\u00e8me \u00e0 double saveur ?<\/strong><br data-start=\"3419\" data-end=\"3422\" \/>Les utilisateurs peuvent passer d'une saveur \u00e0 l'autre int\u00e9gr\u00e9e dans le m\u00eame appareil sans m\u00e9langer ni recharger.<\/p>\n<p data-start=\"3516\" data-end=\"3619\"><strong data-start=\"3516\" data-end=\"3562\">3. S'agit-il d'une cigarette \u00e9lectronique jetable rechargeable ?<\/strong><br data-start=\"3562\" data-end=\"3565\" \/>Oui, elle dispose d'une batterie rechargeable Type-C de 850mAh.<\/p>\n<p data-start=\"3621\" data-end=\"3727\"><strong data-start=\"3621\" data-end=\"3666\">4. Quelles sont les concentrations de nicotine disponibles ?<\/strong><br data-start=\"3666\" data-end=\"3669\" \/>L'appareil est disponible en <strong data-start=\"3696\" data-end=\"3726\">des options de nicotine \u00e0 2 % et 5 %<\/strong>.<\/p>\n<p data-start=\"3729\" data-end=\"3888\"><strong data-start=\"3729\" data-end=\"3789\">5. Cela convient-il \u00e0 la distribution en gros en France ?<\/strong><br data-start=\"3789\" data-end=\"3792\" \/>Oui, le design, le prix et la structure de saveur sont bien adapt\u00e9s au march\u00e9 de gros fran\u00e7ais.<\/p>\n<\/div>\n<\/div>\n<\/div>\n<\/div>","protected":false},"excerpt":{"rendered":"<div class=\"flex max-w-full flex-col grow\">\n<div class=\"min-h-8 text-message relative flex w-full flex-col items-end gap-2 text-start break-words whitespace-normal [.text-message+&amp;]:mt-1\" dir=\"auto\" data-message-author-role=\"assistant\" data-message-id=\"2a9d6edf-5b3a-41c0-afc9-caef2e4c2c3b\" data-message-model-slug=\"gpt-5-2\">\n<div class=\"flex w-full flex-col gap-1 empty:hidden first:pt-[1px]\">\n<div class=\"markdown prose dark:prose-invert w-full break-words light markdown-new-styling\">\n<p data-start=\"4127\" data-end=\"4213\"><strong data-start=\"4127\" data-end=\"4211\">AIVONO AVN MATE 120k Vape Jetable Double Saveur avec \u00c9cran pour Vente en Gros en France<\/strong><\/p>\n<p data-start=\"4217\" data-end=\"4296\"><strong data-start=\"4217\" data-end=\"4294\">AIVONO AVN MATE 120000 Bouff\u00e9es Vape Jetable 2 en 1 Prix Bas Fourniture en Gros<\/strong><\/p>\n<p data-start=\"4300\" data-end=\"4384\"><strong data-start=\"4300\" data-end=\"4384\">AIVONO AVN MATE 120k Cigarette \u00c9lectronique Jetable \u00e0 Saveur Ajustable pour Vente en Gros de Vape<\/strong><\/p>\n<\/div>\n<\/div>\n<\/div>\n<\/div>\n<p><strong>Ajoutez le WhatsApp d'Amy pour obtenir une r\u00e9ponse rapide et un prix r\u00e9duit !<\/strong><\/p>\n<p><img fetchpriority=\"high\" decoding=\"async\" class=\"size-full wp-image-2932\" src=\"https:\/\/vapestornado.com\/wp-content\/uploads\/2024\/12\/Vape-Wholesale.jpg\" alt=\"Vente en Gros de Vapes\" width=\"229\" height=\"300\" \/><\/p>\n<h3><a href=\"https:\/\/wa.me\/8617776015835\"><span style=\"color: #ff0000;\"><strong>WhatsApp : +86 17776015835<\/strong><\/span><\/a><\/h3>","protected":false},"featured_media":4837,"comment_status":"open","ping_status":"closed","template":"","meta":{"_acf_changed":false,"_uag_custom_page_level_css":"","_lmt_disableupdate":"no","_lmt_disable":"","_monsterinsights_skip_tracking":false,"_monsterinsights_sitenote_active":false,"_monsterinsights_sitenote_note":"","_monsterinsights_sitenote_category":0,"site-sidebar-layout":"default","site-content-layout":"","ast-site-content-layout":"default","site-content-style":"default","site-sidebar-style":"default","ast-global-header-display":"","ast-banner-title-visibility":"","ast-main-header-display":"","ast-hfb-above-header-display":"","ast-hfb-below-header-display":"","ast-hfb-mobile-header-display":"","site-post-title":"","ast-breadcrumbs-content":"","ast-featured-img":"","footer-sml-layout":"","ast-disable-related-posts":"","theme-transparent-header-meta":"default","adv-header-id-meta":"","stick-header-meta":"","header-above-stick-meta":"","header-main-stick-meta":"","header-below-stick-meta":"","astra-migrate-meta-layouts":"set","ast-page-background-enabled":"default","ast-page-background-meta":{"desktop":{"background-color":"","background-image":"","background-repeat":"repeat","background-position":"center center","background-size":"auto","background-attachment":"scroll","background-type":"","background-media":"","overlay-type":"","overlay-color":"","overlay-opacity":"","overlay-gradient":""},"tablet":{"background-color":"","background-image":"","background-repeat":"repeat","background-position":"center center","background-size":"auto","background-attachment":"scroll","background-type":"","background-media":"","overlay-type":"","overlay-color":"","overlay-opacity":"","overlay-gradient":""},"mobile":{"background-color":"","background-image":"","background-repeat":"repeat","background-position":"center center","background-size":"auto","background-attachment":"scroll","background-type":"","background-media":"","overlay-type":"","overlay-color":"","overlay-opacity":"","overlay-gradient":""}},"ast-content-background-meta":{"desktop":{"background-color":"var(--ast-global-color-5)","background-image":"","background-repeat":"repeat","background-position":"center center","background-size":"auto","background-attachment":"scroll","background-type":"","background-media":"","overlay-type":"","overlay-color":"","overlay-opacity":"","overlay-gradient":""},"tablet":{"background-color":"var(--ast-global-color-5)","background-image":"","background-repeat":"repeat","background-position":"center center","background-size":"auto","background-attachment":"scroll","background-type":"","background-media":"","overlay-type":"","overlay-color":"","overlay-opacity":"","overlay-gradient":""},"mobile":{"background-color":"var(--ast-global-color-5)","background-image":"","background-repeat":"repeat","background-position":"center center","background-size":"auto","background-attachment":"scroll","background-type":"","background-media":"","overlay-type":"","overlay-color":"","overlay-opacity":"","overlay-gradient":""}},"_joinchat":[]},"product_brand":[],"product_cat":[347,176,150,152,153,158,141,142,492,144,146],"product_tag":[567,563,562,564,195,566,565,522,269],"class_list":{"0":"post-4842","1":"product","2":"type-product","3":"status-publish","4":"has-post-thumbnail","6":"product_cat-120000-puff","7":"product_cat-aivono-vape","8":"product_cat-buy-disposable-vapes-in-belgium","9":"product_cat-buy-disposable-vapes-in-cermany","10":"product_cat-buy-disposable-vapes-in-italy","11":"product_cat-buy-disposable-vapes-in-spain","12":"product_cat-crystal-disposable-vapes","13":"product_cat-digital-box-disposable-vapes","14":"product_cat-eu-warehouse","15":"product_cat-low-nicotine-disposable-vapes","16":"product_cat-rechargeable-disposable-vapes","17":"product_tag-2-in-1-flavor","18":"product_tag-aivono-avn-mate-120000","19":"product_tag-aivono-avn-mate-120k","20":"product_tag-aivono-vape","21":"product_tag-dual-flavor-disposable-vape","22":"product_tag-puff-120k","23":"product_tag-vape-wholesale-at-low-price","24":"product_tag-vape-wholesale-italy","25":"product_tag-vape-with-screen","26":"desktop-align-left","27":"tablet-align-left","28":"mobile-align-left","30":"first","31":"instock","32":"sale","33":"shipping-taxable","34":"purchasable","35":"product-type-simple"},"acf":[],"uagb_featured_image_src":{"full":["https:\/\/vapestornado.com\/wp-content\/uploads\/2026\/01\/AIVONO-AVN-MATE-120k-120000-Puffs-Disposable-Vape-Double-Flaovr.webp",800,800,false],"thumbnail":["https:\/\/vapestornado.com\/wp-content\/uploads\/2026\/01\/AIVONO-AVN-MATE-120k-120000-Puffs-Disposable-Vape-Double-Flaovr-150x150.webp",150,150,true],"medium":["https:\/\/vapestornado.com\/wp-content\/uploads\/2026\/01\/AIVONO-AVN-MATE-120k-120000-Puffs-Disposable-Vape-Double-Flaovr-300x300.webp",300,300,true],"medium_large":["https:\/\/vapestornado.com\/wp-content\/uploads\/2026\/01\/AIVONO-AVN-MATE-120k-120000-Puffs-Disposable-Vape-Double-Flaovr-768x768.webp",768,768,true],"large":["https:\/\/vapestornado.com\/wp-content\/uploads\/2026\/01\/AIVONO-AVN-MATE-120k-120000-Puffs-Disposable-Vape-Double-Flaovr.webp",800,800,false],"1536x1536":["https:\/\/vapestornado.com\/wp-content\/uploads\/2026\/01\/AIVONO-AVN-MATE-120k-120000-Puffs-Disposable-Vape-Double-Flaovr.webp",800,800,false],"2048x2048":["https:\/\/vapestornado.com\/wp-content\/uploads\/2026\/01\/AIVONO-AVN-MATE-120k-120000-Puffs-Disposable-Vape-Double-Flaovr.webp",800,800,false],"trp-custom-language-flag":["https:\/\/vapestornado.com\/wp-content\/uploads\/2026\/01\/AIVONO-AVN-MATE-120k-120000-Puffs-Disposable-Vape-Double-Flaovr-12x12.webp",12,12,true],"woocommerce_thumbnail":["https:\/\/vapestornado.com\/wp-content\/uploads\/2026\/01\/AIVONO-AVN-MATE-120k-120000-Puffs-Disposable-Vape-Double-Flaovr-300x300.webp",300,300,true],"woocommerce_single":["https:\/\/vapestornado.com\/wp-content\/uploads\/2026\/01\/AIVONO-AVN-MATE-120k-120000-Puffs-Disposable-Vape-Double-Flaovr-600x600.webp",600,600,true],"woocommerce_gallery_thumbnail":["https:\/\/vapestornado.com\/wp-content\/uploads\/2026\/01\/AIVONO-AVN-MATE-120k-120000-Puffs-Disposable-Vape-Double-Flaovr-100x100.webp",100,100,true]},"uagb_author_info":{"display_name":"ESAMY","author_link":"https:\/\/vapestornado.com\/fr\/author\/"},"uagb_comment_info":0,"uagb_excerpt":"AIVONO AVN MATE 120k Dual Flavor Disposable Vape with Screen for Italy Wholesale AIVONO AVN MATE 120000 Puffs 2 in 1 Disposable Vape Low Price Bulk Supply AIVONO AVN MATE 120k Adjustable Flavor Disposable E-Cigarette for Vape Wholesale Add Amy's whatsapp to get right reply and discount price! WhatsApp: +86 17776015835","_links":{"self":[{"href":"https:\/\/vapestornado.com\/fr\/wp-json\/wp\/v2\/product\/4842","targetHints":{"allow":["GET"]}}],"collection":[{"href":"https:\/\/vapestornado.com\/fr\/wp-json\/wp\/v2\/product"}],"about":[{"href":"https:\/\/vapestornado.com\/fr\/wp-json\/wp\/v2\/types\/product"}],"replies":[{"embeddable":true,"href":"https:\/\/vapestornado.com\/fr\/wp-json\/wp\/v2\/comments?post=4842"}],"wp:featuredmedia":[{"embeddable":true,"href":"https:\/\/vapestornado.com\/fr\/wp-json\/wp\/v2\/media\/4837"}],"wp:attachment":[{"href":"https:\/\/vapestornado.com\/fr\/wp-json\/wp\/v2\/media?parent=4842"}],"wp:term":[{"taxonomy":"product_brand","embeddable":true,"href":"https:\/\/vapestornado.com\/fr\/wp-json\/wp\/v2\/product_brand?post=4842"},{"taxonomy":"product_cat","embeddable":true,"href":"https:\/\/vapestornado.com\/fr\/wp-json\/wp\/v2\/product_cat?post=4842"},{"taxonomy":"product_tag","embeddable":true,"href":"https:\/\/vapestornado.com\/fr\/wp-json\/wp\/v2\/product_tag?post=4842"}],"curies":[{"name":"wp","href":"https:\/\/api.w.org\/{rel}","templated":true}]}}