{"id":4833,"date":"2026-01-23T08:34:14","date_gmt":"2026-01-23T08:34:14","guid":{"rendered":"https:\/\/vapestornado.com\/?post_type=product&#038;p=4833"},"modified":"2026-01-23T08:50:43","modified_gmt":"2026-01-23T08:50:43","slug":"waspe-crystal-180k-180000-puffs-disposable-vapes-pen-8-in-1-flavor-bulk-buy","status":"publish","type":"product","link":"https:\/\/vapestornado.com\/fr\/product\/waspe-crystal-180k-180000-puffs-disposable-vapes-pen-8-in-1-flavor-bulk-buy\/","title":{"rendered":"WASPE Crystal 180k 180000 Bouff\u00e9es Cigarettes \u00c9lectroniques Jetables Stylo 8 en 1 Saveur Achat en Gros"},"content":{"rendered":"<h1 data-start=\"0\" data-end=\"87\">WASPE Crystal 180K Bouff\u00e9es Stylo Vape Jetable \u2013 8-en-1 Saveur Achat en Gros<\/h1>\n<p data-start=\"275\" data-end=\"612\">L' <strong data-start=\"279\" data-end=\"326\">WASPE Crystal 180K Bouff\u00e9es Stylo Vape Jetable<\/strong> con\u00e7u pour les grossistes qui veulent un impact maximal en rayon et un chiffre d'affaires \u00e0 long terme. Offrant jusqu'\u00e0 <strong data-start=\"423\" data-end=\"440\">180 000 bouff\u00e9es<\/strong>, cet appareil se situe fermement dans la cat\u00e9gorie ultra-haute capacit\u00e9, con\u00e7u pour les utilisateurs intensifs et les acheteurs en gros qui valorisent la durabilit\u00e9, la coh\u00e9rence et des indicateurs de performance clairs.<\/p>\n<p data-start=\"614\" data-end=\"934\">Aliment\u00e9 par une <strong data-start=\"627\" data-end=\"657\">syst\u00e8me de coil en mesh quad 1.0\u03a9<\/strong>, le WASPE Crystal 180k maintient une sortie de saveur stable tout au long de sa dur\u00e9e de vie. Le <strong data-start=\"745\" data-end=\"771\">capacit\u00e9 de e-liquide de 68ml<\/strong> associ\u00e9 \u00e0 un <strong data-start=\"786\" data-end=\"824\">Batterie rechargeable Type-C de 650 mAh<\/strong> assure une production de vapeur constante sans baisse pr\u00e9matur\u00e9e, r\u00e9duisant les plaintes des clients et les remplacements r\u00e9p\u00e9t\u00e9s.<\/p>\n<p data-start=\"936\" data-end=\"1299\">Ce qui distingue le <strong data-start=\"950\" data-end=\"974\">WASPE Crystal 180000<\/strong> se distingue par son <strong data-start=\"988\" data-end=\"1023\">Syst\u00e8me de saveur r\u00e9glable 8-en-1<\/strong>, permettant aux utilisateurs de changer de saveur dans un seul appareil. Combin\u00e9 avec un <strong data-start=\"1089\" data-end=\"1109\">\u00e9cran LED intelligent<\/strong> qui affiche les niveaux de batterie et d'huile, cette vape avec \u00e9cran offre transparence, contr\u00f4le et une exp\u00e9rience utilisateur premium, des facteurs cl\u00e9s pour des ventes r\u00e9p\u00e9t\u00e9es sur le march\u00e9 de l'achat en gros de vapes jetables.<\/p>\n<p data-start=\"1301\" data-end=\"1593\">Disponible en <strong data-start=\"1314\" data-end=\"1349\">options de nicotine 0%, 2% et 5%<\/strong>, le <strong data-start=\"1355\" data-end=\"1394\">WASPE 180k Puff Stylo Vape Jetable<\/strong> convient \u00e0 de multiples march\u00e9s de l'UE et aux pr\u00e9f\u00e9rences des clients. Sa construction solide, son grand format et son design moderne de style cristal en font un produit performant pour les grossistes \u00e0 la recherche de commandes en volume et de rotation rapide.<\/p>\n<p data-start=\"1595\" data-end=\"1722\"><strong data-start=\"1598\" data-end=\"1722\">Acheteurs en gros et vapoteurs : s\u00e9curisez votre stock de WASPE Crystal 180k d\u00e8s maintenant et renforcez votre cat\u00e9gorie de jetables \u00e0 bouff\u00e9es \u00e9lev\u00e9es en toute confiance.<\/strong><\/p>\n<p><strong><span style=\"color: #ff0000;\">Ajoutez le WhatsApp d'Amy pour obtenir une bonne r\u00e9ponse et un coupon de vape !<\/span><\/strong><\/p>\n<p><img fetchpriority=\"high\" decoding=\"async\" class=\"size-full wp-image-2932\" src=\"https:\/\/vapestornado.com\/wp-content\/uploads\/2024\/12\/Vape-Wholesale.jpg\" alt=\"Vente en Gros de Vapes\" width=\"229\" height=\"300\" \/><\/p>\n<h3><a href=\"https:\/\/wa.me\/8617776015835\" target=\"_blank\" rel=\"noopener\"><span style=\"color: #ff0000;\"><strong>WhatsApp : +86 17776015835<\/strong><\/span><\/a><\/h3>\n<p>&nbsp;<\/p>\n<h2><strong>Caract\u00e9ristiques du produit WASPE Crystal 180k Puffs<\/strong><\/h2>\n<ul>\n<li data-start=\"1774\" data-end=\"1894\">\n<p data-start=\"1776\" data-end=\"1894\"><strong data-start=\"1776\" data-end=\"1801\">Capacit\u00e9 de 180 000 bouff\u00e9es<\/strong> \u2013 Con\u00e7u pour une utilisation prolong\u00e9e, minimisant les remplacements et maximisant la satisfaction du client.<\/p>\n<\/li>\n<li data-start=\"1895\" data-end=\"2012\">\n<p data-start=\"1897\" data-end=\"2012\"><strong data-start=\"1897\" data-end=\"1932\">Syst\u00e8me de saveur r\u00e9glable 8-en-1<\/strong> \u2013 Plusieurs choix de saveurs dans un seul appareil augmentent l'engagement et l'utilisation r\u00e9p\u00e9t\u00e9e.<\/p>\n<\/li>\n<li data-start=\"2013\" data-end=\"2111\">\n<p data-start=\"2015\" data-end=\"2111\"><strong data-start=\"2015\" data-end=\"2043\">Bobine Quad Mesh (1.0\u03a9 \u00d74)<\/strong> \u2013 Assure un chauffage uniforme, une vapeur dense et un rendu gustatif constant.<\/p>\n<\/li>\n<li data-start=\"2112\" data-end=\"2212\">\n<p data-start=\"2114\" data-end=\"2212\"><strong data-start=\"2114\" data-end=\"2140\">Capacit\u00e9 de 68 ml d'E-Liquide<\/strong> \u2013 Prend en charge une v\u00e9ritable performance \u00e0 long terme sans interruptions fr\u00e9quentes.<\/p>\n<\/li>\n<li data-start=\"2213\" data-end=\"2305\">\n<p data-start=\"2215\" data-end=\"2305\"><strong data-start=\"2215\" data-end=\"2235\">\u00c9cran LED intelligent<\/strong> \u2013 Affiche clairement les niveaux de batterie et d'huile pour un meilleur contr\u00f4le de l'utilisation.<\/p>\n<\/li>\n<li data-start=\"2306\" data-end=\"2403\">\n<p data-start=\"2308\" data-end=\"2403\"><strong data-start=\"2308\" data-end=\"2346\">Batterie rechargeable de type C 650 mAh<\/strong> \u2013 Alimentation fiable avec une charge rapide et universelle.<\/p>\n<\/li>\n<\/ul>\n<figure id=\"attachment_4827\" aria-describedby=\"caption-attachment-4827\" style=\"width: 300px\" class=\"wp-caption alignnone\"><img decoding=\"async\" class=\"size-medium wp-image-4827\" src=\"https:\/\/vapestornado.com\/wp-content\/uploads\/2026\/01\/WASPE-Crystal-180k-Puff-Disposable-Vape-Pen-300x300.webp\" alt=\"Waspe Crystal 180k Puff Vape Jetable\" width=\"300\" height=\"300\" srcset=\"https:\/\/vapestornado.com\/wp-content\/uploads\/2026\/01\/WASPE-Crystal-180k-Puff-Disposable-Vape-Pen-300x300.webp 300w, https:\/\/vapestornado.com\/wp-content\/uploads\/2026\/01\/WASPE-Crystal-180k-Puff-Disposable-Vape-Pen-150x150.webp 150w, https:\/\/vapestornado.com\/wp-content\/uploads\/2026\/01\/WASPE-Crystal-180k-Puff-Disposable-Vape-Pen-768x768.webp 768w, https:\/\/vapestornado.com\/wp-content\/uploads\/2026\/01\/WASPE-Crystal-180k-Puff-Disposable-Vape-Pen-12x12.webp 12w, https:\/\/vapestornado.com\/wp-content\/uploads\/2026\/01\/WASPE-Crystal-180k-Puff-Disposable-Vape-Pen-600x600.webp 600w, https:\/\/vapestornado.com\/wp-content\/uploads\/2026\/01\/WASPE-Crystal-180k-Puff-Disposable-Vape-Pen-100x100.webp 100w, https:\/\/vapestornado.com\/wp-content\/uploads\/2026\/01\/WASPE-Crystal-180k-Puff-Disposable-Vape-Pen.webp 800w\" sizes=\"(max-width: 300px) 100vw, 300px\" \/><figcaption id=\"caption-attachment-4827\" class=\"wp-caption-text\">Waspe Crystal 180k Puff Vape Jetable<\/figcaption><\/figure>\n<figure id=\"attachment_4830\" aria-describedby=\"caption-attachment-4830\" style=\"width: 300px\" class=\"wp-caption alignnone\"><img decoding=\"async\" class=\"size-medium wp-image-4830\" src=\"https:\/\/vapestornado.com\/wp-content\/uploads\/2026\/01\/WASPE-Crystal-180k-Puffs-Bulk-Buy-Price-300x300.webp\" alt=\"Prix d&#039;achat en gros WASPE Crystal 180k Puffs\" width=\"300\" height=\"300\" srcset=\"https:\/\/vapestornado.com\/wp-content\/uploads\/2026\/01\/WASPE-Crystal-180k-Puffs-Bulk-Buy-Price-300x300.webp 300w, https:\/\/vapestornado.com\/wp-content\/uploads\/2026\/01\/WASPE-Crystal-180k-Puffs-Bulk-Buy-Price-150x150.webp 150w, https:\/\/vapestornado.com\/wp-content\/uploads\/2026\/01\/WASPE-Crystal-180k-Puffs-Bulk-Buy-Price-768x768.webp 768w, https:\/\/vapestornado.com\/wp-content\/uploads\/2026\/01\/WASPE-Crystal-180k-Puffs-Bulk-Buy-Price-12x12.webp 12w, https:\/\/vapestornado.com\/wp-content\/uploads\/2026\/01\/WASPE-Crystal-180k-Puffs-Bulk-Buy-Price-600x600.webp 600w, https:\/\/vapestornado.com\/wp-content\/uploads\/2026\/01\/WASPE-Crystal-180k-Puffs-Bulk-Buy-Price-100x100.webp 100w, https:\/\/vapestornado.com\/wp-content\/uploads\/2026\/01\/WASPE-Crystal-180k-Puffs-Bulk-Buy-Price.webp 800w\" sizes=\"(max-width: 300px) 100vw, 300px\" \/><figcaption id=\"caption-attachment-4830\" class=\"wp-caption-text\">Prix d'achat en gros WASPE Crystal 180k Puffs<\/figcaption><\/figure>\n<figure id=\"attachment_4826\" aria-describedby=\"caption-attachment-4826\" style=\"width: 300px\" class=\"wp-caption alignnone\"><img loading=\"lazy\" decoding=\"async\" class=\"size-medium wp-image-4826\" src=\"https:\/\/vapestornado.com\/wp-content\/uploads\/2026\/01\/Waspe-Crystal-180k-Puff-8-in-1-Flavor-Adjustable-Disposable-Vape-300x300.webp\" alt=\"Waspe Crystal 180k Puff 8 en 1 Saveur Vape Jetable R\u00e9glable\" width=\"300\" height=\"300\" srcset=\"https:\/\/vapestornado.com\/wp-content\/uploads\/2026\/01\/Waspe-Crystal-180k-Puff-8-in-1-Flavor-Adjustable-Disposable-Vape-300x300.webp 300w, https:\/\/vapestornado.com\/wp-content\/uploads\/2026\/01\/Waspe-Crystal-180k-Puff-8-in-1-Flavor-Adjustable-Disposable-Vape-150x150.webp 150w, https:\/\/vapestornado.com\/wp-content\/uploads\/2026\/01\/Waspe-Crystal-180k-Puff-8-in-1-Flavor-Adjustable-Disposable-Vape-768x768.webp 768w, https:\/\/vapestornado.com\/wp-content\/uploads\/2026\/01\/Waspe-Crystal-180k-Puff-8-in-1-Flavor-Adjustable-Disposable-Vape-12x12.webp 12w, https:\/\/vapestornado.com\/wp-content\/uploads\/2026\/01\/Waspe-Crystal-180k-Puff-8-in-1-Flavor-Adjustable-Disposable-Vape-600x600.webp 600w, https:\/\/vapestornado.com\/wp-content\/uploads\/2026\/01\/Waspe-Crystal-180k-Puff-8-in-1-Flavor-Adjustable-Disposable-Vape-100x100.webp 100w, https:\/\/vapestornado.com\/wp-content\/uploads\/2026\/01\/Waspe-Crystal-180k-Puff-8-in-1-Flavor-Adjustable-Disposable-Vape.webp 843w\" sizes=\"(max-width: 300px) 100vw, 300px\" \/><figcaption id=\"caption-attachment-4826\" class=\"wp-caption-text\">Waspe Crystal 180k Puff 8 en 1 Saveur Vape Jetable R\u00e9glable<\/figcaption><\/figure>\n<div><\/div>\n<h2 class=\"product-title\"><strong>Liste des saveurs WASPE Crystal 180k Puff<\/strong><\/h2>\n<p>1. Past\u00e8que Glac\u00e9e &amp; Citron Vert &amp; Mangue Acide Glac\u00e9e &amp; Kiwi Melon Glac\u00e9<br \/>\n2. Glace aux myrtilles &amp; Cola cerise &amp; Vanille fraise &amp; Citron cerise<br \/>\n3. Red Bull Glace &amp; Fraise Glace &amp; Fab Foutu &amp; Cola Glace<br \/>\n4. Groseille Glace &amp; Kiwi fraise &amp; Past\u00e8que Glace &amp; Blue Rancher<br \/>\n5. Melon Fruit de la Passion &amp; Mangue Ananas Acidul\u00e9 &amp; Bonbon Banane Toffee &amp; Fraise Baie<br \/>\n6. Fraise Past\u00e8que &amp; Menthe Fra\u00eeche &amp; Blue Razz Glace &amp; Cassis Glace<br \/>\n7. M\u00fbre Glace &amp; Double Pomme &amp; Dragon Noir Glace &amp; Kiwi Fraise<br \/>\n8. Fraise Red Bull &amp; Cola Cerise &amp; Citron Cerise &amp; Fruit Tropical<br \/>\n9. Fruits Rouges M\u00e9lang\u00e9s &amp; Citron Lime &amp; Myrtille Framboise &amp; Pomme Verte<br \/>\n10. Fraise Framboise Cerise &amp; Fraise Past\u00e8que &amp; Kiwi Past\u00e8que &amp; Citron Lime<br \/>\n11. Fraise Banane &amp; Mangue P\u00eache &amp; Triple Baies &amp; Fraise Ananas<br \/>\n12. Limonade Blue Razz &amp; Citron Cerise &amp; Myrtille Glace &amp; Past\u00e8que P\u00eache<\/p>\n<div class=\"flex-shrink-0 flex flex-col relative items-end\">\n<div class=\"pt-0\">\n<div class=\"gizmo-bot-avatar flex h-8 w-8 items-center justify-center overflow-hidden rounded-full\">\n<div class=\"relative p-1 rounded-sm flex items-center justify-center bg-token-main-surface-primary text-token-text-primary h-8 w-8\">\n<h2 data-start=\"1200\" data-end=\"1487\">Vapes Tornado \u2013 Votre boutique en ligne de vapoteurs en gros pour les vapoteurs populaires<\/h2>\n<p data-start=\"72\" data-end=\"396\"><strong data-start=\"72\" data-end=\"89\">Vapes Tornado<\/strong> est une boutique en ligne de vapoteurs en gros ax\u00e9e sur l'Europe fournissant une gamme soigneusement s\u00e9lectionn\u00e9e de <strong data-start=\"178\" data-end=\"195\">vapoteurs populaires<\/strong> pour les acheteurs professionnels. Nous travaillons avec des d\u00e9taillants, des distributeurs et des boutiques en ligne \u00e0 travers l'UE qui ont besoin d'une fourniture stable, d'informations claires sur les produits et de marques que les clients reconnaissent et en qui ils ont confiance.<\/p>\n<p data-start=\"398\" data-end=\"687\">Nous collaborons avec des noms de confiance tels que <strong data-start=\"247\" data-end=\"352\"><a href=\"https:\/\/vapestornado.com\/fr\/product\/randm-12000-puffs-fumot-digital-disposable-vape-wholesale-price\/\">Fumot VAPE<\/a>, <a href=\"https:\/\/vapestornado.com\/fr\/product\/original-wga-ultra-35k-35000-puff-rechargeable-crystal-disposable-nicotine-vape-best-discount-price\/\">WGA VAPE<\/a>, <a href=\"https:\/\/vapestornado.com\/fr\/product\/vozol-gear-shisha-25k-25000-puffs-best-dtl-disposable-vape-hookah-cheap-price\/\">VOZOL BAR VAPE<\/a>, <\/strong><strong data-start=\"247\" data-end=\"352\">Elf Bar Vape, WASPE Vape, <a href=\"https:\/\/vapestornado.com\/fr\/product\/uzy-150k-puffs-6-in-1-flavor-switch-disposable-vape-pen-wholesale\/\">Vape UZY<\/a>, Bang Vape, Razz Bar Vape, et Stag Bar Vape<\/strong>, choisis pour leur qualit\u00e9 constante et leur forte demande sur le march\u00e9 europ\u00e9en.<\/p>\n<h4 data-start=\"1080\" data-end=\"1120\">Con\u00e7u pour les Vapoteurs Europ\u00e9ens en Gros<\/h4>\n<p data-start=\"1121\" data-end=\"1189\">Vapes Tornado est structur\u00e9 autour des besoins r\u00e9els des grossistes de l'UE :<\/p>\n<ul data-start=\"1190\" data-end=\"1400\">\n<li data-start=\"1190\" data-end=\"1239\">\n<p data-start=\"1192\" data-end=\"1239\">Tarifs de gros comp\u00e9titifs pour les commandes en volume<\/p>\n<\/li>\n<li data-start=\"1240\" data-end=\"1289\">\n<p data-start=\"1242\" data-end=\"1289\">Descriptions et sp\u00e9cifications claires des produits<\/p>\n<\/li>\n<li data-start=\"1290\" data-end=\"1330\">\n<p data-start=\"1292\" data-end=\"1330\">Logistique rapide et fiable orient\u00e9e EU<\/p>\n<\/li>\n<li data-start=\"1331\" data-end=\"1400\">\n<p data-start=\"1333\" data-end=\"1400\">Un catalogue ax\u00e9 sur <strong data-start=\"1356\" data-end=\"1373\">vapoteurs populaires<\/strong>, pas sur des SKUs satur\u00e9s<\/p>\n<\/li>\n<\/ul>\n<h2 data-start=\"2064\" data-end=\"2115\">FAQ sur la cigarette jetable WASPE Crystal 180k Bouff\u00e9es<\/h2>\n<p data-start=\"3376\" data-end=\"3516\"><strong data-start=\"3376\" data-end=\"3425\">1. Combien de temps dure la WASPE Crystal 180k ?<\/strong><br data-start=\"3425\" data-end=\"3428\" \/>L'utilisation d\u00e9pend des habitudes, mais elle est con\u00e7ue pour une utilisation prolong\u00e9e avec jusqu'\u00e0 180 000 bouff\u00e9es.<\/p>\n<p data-start=\"3518\" data-end=\"3650\"><strong data-start=\"3518\" data-end=\"3557\">2. Les utilisateurs peuvent-ils changer facilement de saveur ?<\/strong><br data-start=\"3557\" data-end=\"3560\" \/>Oui, le syst\u00e8me de saveur r\u00e9glable 8-en-1 permet de changer facilement de saveur dans un seul appareil.<\/p>\n<p data-start=\"3652\" data-end=\"3763\"><strong data-start=\"3652\" data-end=\"3700\">3. La WASPE Crystal 180000 est-elle rechargeable ?<\/strong><br data-start=\"3700\" data-end=\"3703\" \/>Oui, elle dispose d'une batterie de 650mAh avec charge rapide Type-C.<\/p>\n<p data-start=\"3765\" data-end=\"3898\"><strong data-start=\"3765\" data-end=\"3821\">4. L'appareil affiche-t-il l'\u00e9tat de la batterie et du e-liquide ?<\/strong><br data-start=\"3821\" data-end=\"3824\" \/>Oui, l'\u00e9cran LED int\u00e9gr\u00e9 affiche clairement les niveaux d'huile et de batterie.<\/p>\n<p data-start=\"3900\" data-end=\"4056\"><strong data-start=\"3900\" data-end=\"3954\">5. Cela convient-il pour les commandes en gros et en volume ?<\/strong><br data-start=\"3954\" data-end=\"3957\" \/>Absolument, il est con\u00e7u sp\u00e9cifiquement pour l'achat en gros de Vapes Jetables et la distribution \u00e0 haut volume.<\/p>\n<\/div>\n<\/div>\n<\/div>\n<\/div>","protected":false},"excerpt":{"rendered":"<div class=\"flex max-w-full flex-col grow\">\n<div class=\"min-h-8 text-message relative flex w-full flex-col items-end gap-2 text-start break-words whitespace-normal [.text-message+&amp;]:mt-1\" dir=\"auto\" data-message-author-role=\"assistant\" data-message-id=\"2a9d6edf-5b3a-41c0-afc9-caef2e4c2c3b\" data-message-model-slug=\"gpt-5-2\">\n<div class=\"flex w-full flex-col gap-1 empty:hidden first:pt-[1px]\">\n<div class=\"markdown prose dark:prose-invert w-full break-words light markdown-new-styling\">\n<ul>\n<li data-start=\"4315\" data-end=\"4401\">\n<p data-start=\"4318\" data-end=\"4401\"><strong data-start=\"4318\" data-end=\"4399\">WASPE Crystal 180K Bouff\u00e9es Cigarettes \u00c9lectroniques Jetables \u2013 Puissance 8-en-1 Saveur pour Acheteurs en Gros<\/strong><\/p>\n<\/li>\n<li data-start=\"4402\" data-end=\"4487\">\n<p data-start=\"4405\" data-end=\"4487\"><strong data-start=\"4405\" data-end=\"4485\">WASPE Crystal 180000 Bouff\u00e9es Vape avec \u00c9cran | Choix en Gros \u00e0 Haute Capacit\u00e9<\/strong><\/p>\n<\/li>\n<li data-start=\"4488\" data-end=\"4567\">\n<p data-start=\"4491\" data-end=\"4567\"><strong data-start=\"4491\" data-end=\"4567\">WASPE 180k Bouff\u00e9es Stylo Vape Jetable \u2013 Con\u00e7u pour le Volume, Pens\u00e9 pour la Vente<\/strong><\/p>\n<\/li>\n<\/ul>\n<\/div>\n<\/div>\n<\/div>\n<\/div>\n<p><strong>Ajoutez le WhatsApp d'Amy pour obtenir une r\u00e9ponse rapide et un prix r\u00e9duit !<\/strong><\/p>\n<p><img fetchpriority=\"high\" decoding=\"async\" class=\"size-full wp-image-2932\" src=\"https:\/\/vapestornado.com\/wp-content\/uploads\/2024\/12\/Vape-Wholesale.jpg\" alt=\"Vente en Gros de Vapes\" width=\"229\" height=\"300\" \/><\/p>\n<h3><a href=\"https:\/\/wa.me\/8617776015835\"><span style=\"color: #ff0000;\"><strong>WhatsApp : +86 17776015835<\/strong><\/span><\/a><\/h3>","protected":false},"featured_media":4832,"comment_status":"open","ping_status":"closed","template":"","meta":{"_acf_changed":false,"_uag_custom_page_level_css":"","_lmt_disableupdate":"no","_lmt_disable":"","_monsterinsights_skip_tracking":false,"_monsterinsights_sitenote_active":false,"_monsterinsights_sitenote_note":"","_monsterinsights_sitenote_category":0,"site-sidebar-layout":"default","site-content-layout":"","ast-site-content-layout":"default","site-content-style":"default","site-sidebar-style":"default","ast-global-header-display":"","ast-banner-title-visibility":"","ast-main-header-display":"","ast-hfb-above-header-display":"","ast-hfb-below-header-display":"","ast-hfb-mobile-header-display":"","site-post-title":"","ast-breadcrumbs-content":"","ast-featured-img":"","footer-sml-layout":"","ast-disable-related-posts":"","theme-transparent-header-meta":"default","adv-header-id-meta":"","stick-header-meta":"","header-above-stick-meta":"","header-main-stick-meta":"","header-below-stick-meta":"","astra-migrate-meta-layouts":"set","ast-page-background-enabled":"default","ast-page-background-meta":{"desktop":{"background-color":"","background-image":"","background-repeat":"repeat","background-position":"center center","background-size":"auto","background-attachment":"scroll","background-type":"","background-media":"","overlay-type":"","overlay-color":"","overlay-opacity":"","overlay-gradient":""},"tablet":{"background-color":"","background-image":"","background-repeat":"repeat","background-position":"center center","background-size":"auto","background-attachment":"scroll","background-type":"","background-media":"","overlay-type":"","overlay-color":"","overlay-opacity":"","overlay-gradient":""},"mobile":{"background-color":"","background-image":"","background-repeat":"repeat","background-position":"center center","background-size":"auto","background-attachment":"scroll","background-type":"","background-media":"","overlay-type":"","overlay-color":"","overlay-opacity":"","overlay-gradient":""}},"ast-content-background-meta":{"desktop":{"background-color":"var(--ast-global-color-5)","background-image":"","background-repeat":"repeat","background-position":"center center","background-size":"auto","background-attachment":"scroll","background-type":"","background-media":"","overlay-type":"","overlay-color":"","overlay-opacity":"","overlay-gradient":""},"tablet":{"background-color":"var(--ast-global-color-5)","background-image":"","background-repeat":"repeat","background-position":"center center","background-size":"auto","background-attachment":"scroll","background-type":"","background-media":"","overlay-type":"","overlay-color":"","overlay-opacity":"","overlay-gradient":""},"mobile":{"background-color":"var(--ast-global-color-5)","background-image":"","background-repeat":"repeat","background-position":"center center","background-size":"auto","background-attachment":"scroll","background-type":"","background-media":"","overlay-type":"","overlay-color":"","overlay-opacity":"","overlay-gradient":""}},"_joinchat":[]},"product_brand":[],"product_cat":[150,152,153,158,141,142,492,144,146,60],"product_tag":[561,560,269,559,558,557],"class_list":{"0":"post-4833","1":"product","2":"type-product","3":"status-publish","4":"has-post-thumbnail","6":"product_cat-buy-disposable-vapes-in-belgium","7":"product_cat-buy-disposable-vapes-in-cermany","8":"product_cat-buy-disposable-vapes-in-italy","9":"product_cat-buy-disposable-vapes-in-spain","10":"product_cat-crystal-disposable-vapes","11":"product_cat-digital-box-disposable-vapes","12":"product_cat-eu-warehouse","13":"product_cat-low-nicotine-disposable-vapes","14":"product_cat-rechargeable-disposable-vapes","15":"product_cat-waspe-fihp-vape","16":"product_tag-disposable-vapes-bulk-buy","17":"product_tag-disposable-vapes-pen","18":"product_tag-vape-with-screen","19":"product_tag-waspe-180k-puff","20":"product_tag-waspe-crystal-180000","21":"product_tag-waspe-crystal-180k","22":"desktop-align-left","23":"tablet-align-left","24":"mobile-align-left","26":"first","27":"instock","28":"sale","29":"shipping-taxable","30":"purchasable","31":"product-type-simple"},"acf":[],"uagb_featured_image_src":{"full":["https:\/\/vapestornado.com\/wp-content\/uploads\/2026\/01\/WASPE-Crystal-180000-Puffs-Multi-Flavor-Disposable-Vapes.webp",800,800,false],"thumbnail":["https:\/\/vapestornado.com\/wp-content\/uploads\/2026\/01\/WASPE-Crystal-180000-Puffs-Multi-Flavor-Disposable-Vapes-150x150.webp",150,150,true],"medium":["https:\/\/vapestornado.com\/wp-content\/uploads\/2026\/01\/WASPE-Crystal-180000-Puffs-Multi-Flavor-Disposable-Vapes-300x300.webp",300,300,true],"medium_large":["https:\/\/vapestornado.com\/wp-content\/uploads\/2026\/01\/WASPE-Crystal-180000-Puffs-Multi-Flavor-Disposable-Vapes-768x768.webp",768,768,true],"large":["https:\/\/vapestornado.com\/wp-content\/uploads\/2026\/01\/WASPE-Crystal-180000-Puffs-Multi-Flavor-Disposable-Vapes.webp",800,800,false],"1536x1536":["https:\/\/vapestornado.com\/wp-content\/uploads\/2026\/01\/WASPE-Crystal-180000-Puffs-Multi-Flavor-Disposable-Vapes.webp",800,800,false],"2048x2048":["https:\/\/vapestornado.com\/wp-content\/uploads\/2026\/01\/WASPE-Crystal-180000-Puffs-Multi-Flavor-Disposable-Vapes.webp",800,800,false],"trp-custom-language-flag":["https:\/\/vapestornado.com\/wp-content\/uploads\/2026\/01\/WASPE-Crystal-180000-Puffs-Multi-Flavor-Disposable-Vapes-12x12.webp",12,12,true],"woocommerce_thumbnail":["https:\/\/vapestornado.com\/wp-content\/uploads\/2026\/01\/WASPE-Crystal-180000-Puffs-Multi-Flavor-Disposable-Vapes-300x300.webp",300,300,true],"woocommerce_single":["https:\/\/vapestornado.com\/wp-content\/uploads\/2026\/01\/WASPE-Crystal-180000-Puffs-Multi-Flavor-Disposable-Vapes-600x600.webp",600,600,true],"woocommerce_gallery_thumbnail":["https:\/\/vapestornado.com\/wp-content\/uploads\/2026\/01\/WASPE-Crystal-180000-Puffs-Multi-Flavor-Disposable-Vapes-100x100.webp",100,100,true]},"uagb_author_info":{"display_name":"ESAMY","author_link":"https:\/\/vapestornado.com\/fr\/author\/"},"uagb_comment_info":0,"uagb_excerpt":"WASPE Crystal 180K Puff Disposable Vape \u2013 8-in-1 Flavor Power for Bulk Buyers WASPE Crystal 180000 Puffs Vape with Screen | High-Capacity Wholesale Choice WASPE 180k Puff Disposable Vape Pen \u2013 Built for Volume, Designed to Sell Add Amy's whatsapp to get right reply and discount price! WhatsApp: +86 17776015835","_links":{"self":[{"href":"https:\/\/vapestornado.com\/fr\/wp-json\/wp\/v2\/product\/4833","targetHints":{"allow":["GET"]}}],"collection":[{"href":"https:\/\/vapestornado.com\/fr\/wp-json\/wp\/v2\/product"}],"about":[{"href":"https:\/\/vapestornado.com\/fr\/wp-json\/wp\/v2\/types\/product"}],"replies":[{"embeddable":true,"href":"https:\/\/vapestornado.com\/fr\/wp-json\/wp\/v2\/comments?post=4833"}],"wp:featuredmedia":[{"embeddable":true,"href":"https:\/\/vapestornado.com\/fr\/wp-json\/wp\/v2\/media\/4832"}],"wp:attachment":[{"href":"https:\/\/vapestornado.com\/fr\/wp-json\/wp\/v2\/media?parent=4833"}],"wp:term":[{"taxonomy":"product_brand","embeddable":true,"href":"https:\/\/vapestornado.com\/fr\/wp-json\/wp\/v2\/product_brand?post=4833"},{"taxonomy":"product_cat","embeddable":true,"href":"https:\/\/vapestornado.com\/fr\/wp-json\/wp\/v2\/product_cat?post=4833"},{"taxonomy":"product_tag","embeddable":true,"href":"https:\/\/vapestornado.com\/fr\/wp-json\/wp\/v2\/product_tag?post=4833"}],"curies":[{"name":"wp","href":"https:\/\/api.w.org\/{rel}","templated":true}]}}