{"id":4822,"date":"2026-01-22T08:52:40","date_gmt":"2026-01-22T08:52:40","guid":{"rendered":"https:\/\/vapestornado.com\/?post_type=product&#038;p=4822"},"modified":"2026-01-22T09:13:50","modified_gmt":"2026-01-22T09:13:50","slug":"vozol-neon-45000-puffs-45k-adjustable-ice-level-disposable-vape-pod","status":"publish","type":"product","link":"https:\/\/vapestornado.com\/fr\/product\/vozol-neon-45000-puffs-45k-adjustable-ice-level-disposable-vape-pod\/","title":{"rendered":"Vozol Neon 45000 Bouff\u00e9es 45k Vape Jetable \u00e0 Niveau de Glace Ajustable"},"content":{"rendered":"<h1 data-start=\"0\" data-end=\"87\">Vozol Neon 45000 Bouff\u00e9es Pod de Vape Jetable \u00e0 Glace Ajustable<\/h1>\n<p data-start=\"63\" data-end=\"414\">L' <strong data-start=\"67\" data-end=\"93\">Vozol Neon 45000 Bouff\u00e9es<\/strong> est con\u00e7u pour les utilisateurs qui veulent une longue autonomie, un contr\u00f4le clair, et une saveur stable du premier tirage au dernier. Con\u00e7u comme un <strong data-start=\"217\" data-end=\"249\">vape jetable de haute qualit\u00e9<\/strong>, il offre jusqu'\u00e0 <strong data-start=\"269\" data-end=\"285\">45 000 bouff\u00e9es<\/strong> avec un syst\u00e8me rechargeable, ce qui en fait une option fiable pour les utilisateurs intensifs et les acheteurs en gros qui se concentrent sur la valeur et la performance.<\/p>\n<p data-start=\"416\" data-end=\"786\">Aliment\u00e9 par une <strong data-start=\"429\" data-end=\"468\">Batterie rechargeable Type-C de 1000 mAh<\/strong>, le <strong data-start=\"474\" data-end=\"492\">Vozol Neon 45K<\/strong> assure que le e-liquide est enti\u00e8rement utilis\u00e9, sans gaspillage. Le <strong data-start=\"554\" data-end=\"574\">Vape avec \u00e9cran<\/strong> affiche en temps r\u00e9el les niveaux de batterie et de e-liquide, aidant les utilisateurs \u00e0 g\u00e9rer leur utilisation sans devinettes. Combin\u00e9 avec la technologie de coil en mesh Vozol et la technologie de saveur S.i.L.C, chaque bouff\u00e9e reste coh\u00e9rente, douce et pleine de corps.<\/p>\n<p data-start=\"788\" data-end=\"1345\">En tant que <strong data-start=\"794\" data-end=\"828\">Vape Jetable \u00e0 Glace Ajustable<\/strong>, le Vozol Neon 45000 permet aux utilisateurs d'ajuster finement le niveau de refroidissement pour correspondre \u00e0 diff\u00e9rents profils de saveur et pr\u00e9f\u00e9rences personnelles. Avec 20 ml de e-liquide pr\u00e9-rempli, une force de nicotine 2%, et un corps moderne de style pod, ce <strong data-start=\"1037\" data-end=\"1060\">Pod de Vape Jetable<\/strong> \u00e9quilibre performance forte et confort quotidien. Pour les distributeurs et d\u00e9taillants, les produits de vape Vozol sont connus pour leur qualit\u00e9 stable, leur forte reconnaissance de marque, et leur demande r\u00e9p\u00e9t\u00e9e.<br data-start=\"1235\" data-end=\"1238\" \/><strong data-start=\"1238\" data-end=\"1251\">Commandez maintenant<\/strong> et assurez-vous d'un produit jetable durable, \u00e9quip\u00e9 d'un \u00e9cran, qui r\u00e9pond aux attentes du march\u00e9 actuel.<\/p>\n<p><strong><span style=\"color: #ff0000;\">Ajoutez le WhatsApp d'Amy pour obtenir une bonne r\u00e9ponse et un coupon de vape !<\/span><\/strong><\/p>\n<p><img fetchpriority=\"high\" decoding=\"async\" class=\"size-full wp-image-2932\" src=\"https:\/\/vapestornado.com\/wp-content\/uploads\/2024\/12\/Vape-Wholesale.jpg\" alt=\"Vente en Gros de Vapes\" width=\"229\" height=\"300\" \/><\/p>\n<h3><a href=\"https:\/\/wa.me\/8617776015835\" target=\"_blank\" rel=\"noopener\"><span style=\"color: #ff0000;\"><strong>WhatsApp : +86 17776015835<\/strong><\/span><\/a><\/h3>\n<p>&nbsp;<\/p>\n<h2><strong>Caract\u00e9ristiques du produit Vozol Neon 45000 Bouff\u00e9es<\/strong><\/h2>\n<ul data-start=\"1939\" data-end=\"2435\">\n<li data-start=\"1939\" data-end=\"2042\">\n<p data-start=\"1941\" data-end=\"2042\"><strong data-start=\"1941\" data-end=\"1966\">Capacit\u00e9 de 45 000 Bouff\u00e9es:<\/strong> Con\u00e7u pour une utilisation prolong\u00e9e, r\u00e9duisant le co\u00fbt de remplacement pour les vapoteurs fr\u00e9quents.<\/p>\n<\/li>\n<li data-start=\"2043\" data-end=\"2145\">\n<p data-start=\"2045\" data-end=\"2145\"><strong data-start=\"2045\" data-end=\"2078\">Batterie rechargeable de 1000mAh :<\/strong> La charge rapide Type-C garantit une utilisation compl\u00e8te de tout le e-liquide pr\u00e9-rempli.<\/p>\n<\/li>\n<li data-start=\"2146\" data-end=\"2238\">\n<p data-start=\"2148\" data-end=\"2238\"><strong data-start=\"2148\" data-end=\"2173\">\u00c9cran intelligent :<\/strong> Affiche clairement les niveaux de batterie et d'huile pour un meilleur contr\u00f4le de l'utilisation.<\/p>\n<\/li>\n<li data-start=\"2239\" data-end=\"2337\">\n<p data-start=\"2241\" data-end=\"2337\"><strong data-start=\"2241\" data-end=\"2266\">Niveau de glace r\u00e9glable :<\/strong> Permet aux utilisateurs de personnaliser la force de refroidissement sans changer d'appareil.<\/p>\n<\/li>\n<li data-start=\"2338\" data-end=\"2435\">\n<p data-start=\"2340\" data-end=\"2435\"><strong data-start=\"2340\" data-end=\"2365\">Technologie de r\u00e9sistance Mesh :<\/strong> Fournit un chauffage uniforme, une vapeur douce et une sortie de saveur coh\u00e9rente.<\/p>\n<\/li>\n<\/ul>\n<figure id=\"attachment_4816\" aria-describedby=\"caption-attachment-4816\" style=\"width: 284px\" class=\"wp-caption alignnone\"><img decoding=\"async\" class=\"size-medium wp-image-4816\" src=\"https:\/\/vapestornado.com\/wp-content\/uploads\/2026\/01\/Vozol-45K-45000-Puff-Disposable-Vape-Pod-Wholesale-1-284x300.webp\" alt=\"Vozol 45K Vape Jetable 45000 Bouff\u00e9es en Gros\" width=\"284\" height=\"300\" srcset=\"https:\/\/vapestornado.com\/wp-content\/uploads\/2026\/01\/Vozol-45K-45000-Puff-Disposable-Vape-Pod-Wholesale-1-284x300.webp 284w, https:\/\/vapestornado.com\/wp-content\/uploads\/2026\/01\/Vozol-45K-45000-Puff-Disposable-Vape-Pod-Wholesale-1-971x1024.webp 971w, https:\/\/vapestornado.com\/wp-content\/uploads\/2026\/01\/Vozol-45K-45000-Puff-Disposable-Vape-Pod-Wholesale-1-768x810.webp 768w, https:\/\/vapestornado.com\/wp-content\/uploads\/2026\/01\/Vozol-45K-45000-Puff-Disposable-Vape-Pod-Wholesale-1-1456x1536.webp 1456w, https:\/\/vapestornado.com\/wp-content\/uploads\/2026\/01\/Vozol-45K-45000-Puff-Disposable-Vape-Pod-Wholesale-1-11x12.webp 11w, https:\/\/vapestornado.com\/wp-content\/uploads\/2026\/01\/Vozol-45K-45000-Puff-Disposable-Vape-Pod-Wholesale-1-600x633.webp 600w, https:\/\/vapestornado.com\/wp-content\/uploads\/2026\/01\/Vozol-45K-45000-Puff-Disposable-Vape-Pod-Wholesale-1.webp 1500w\" sizes=\"(max-width: 284px) 100vw, 284px\" \/><figcaption id=\"caption-attachment-4816\" class=\"wp-caption-text\">Vozol 45K Vape Jetable 45000 Bouff\u00e9es en Gros<\/figcaption><\/figure>\n<div><\/div>\n<h2 class=\"product-title\"><strong>Liste des saveurs de Vozol Neon 45000 Bouff\u00e9es<\/strong><\/h2>\n<p>1. Cerise Framboise Citron Vert<br \/>\n2. Menthe Framboise<br \/>\n3. Blue Razz Ice<br \/>\n4.Myrtille Past\u00e8que<br \/>\n5. Cola \u00e0 la Cerise<br \/>\n6. Strazz \u00e0 la Cerise<br \/>\n7. M\u00fbre Glac\u00e9e<br \/>\n8. Fruit du Dragon Banane Cerise<br \/>\n9. Fraise Congel\u00e9e<br \/>\n10. Glace au raisin<br \/>\n11. Paradis Ananas Hawa\u00efen<br \/>\n12. Amour 777<br \/>\n13. Litchi Orange Fruit de Passion<br \/>\n14. Demoiselle<br \/>\n15,Glace \u00e0 la Mangue<br \/>\n16.Miami Menthe<br \/>\n17.Myrtilles M\u00e9lang\u00e9es<br \/>\n18.Glace \u00e0 la P\u00eache<br \/>\n19.Pomme Acide Glace<br \/>\n20.Mangue Acide Ananas<br \/>\n21.Fraise Banane<br \/>\n22.Margarita \u00e0 la Fraise<br \/>\n23.vzbull<br \/>\n24.Glace \u00e0 la Past\u00e8que<br \/>\n25.Rancher Razz \u00e0 la Past\u00e8que<br \/>\n26.P\u00eache Acide \u00e0 la Past\u00e8que<\/p>\n<div class=\"flex-shrink-0 flex flex-col relative items-end\">\n<div class=\"pt-0\">\n<div class=\"gizmo-bot-avatar flex h-8 w-8 items-center justify-center overflow-hidden rounded-full\">\n<div class=\"relative p-1 rounded-sm flex items-center justify-center bg-token-main-surface-primary text-token-text-primary h-8 w-8\">\n<h2 data-start=\"1200\" data-end=\"1487\">Vapes Tornado \u2013 Votre boutique en ligne de vapoteurs en gros pour les vapoteurs populaires<\/h2>\n<p data-start=\"72\" data-end=\"396\"><strong data-start=\"72\" data-end=\"89\">Vapes Tornado<\/strong> est une boutique en ligne de vapoteurs en gros ax\u00e9e sur l'Europe fournissant une gamme soigneusement s\u00e9lectionn\u00e9e de <strong data-start=\"178\" data-end=\"195\">vapoteurs populaires<\/strong> pour les acheteurs professionnels. Nous travaillons avec des d\u00e9taillants, des distributeurs et des boutiques en ligne \u00e0 travers l'UE qui ont besoin d'une fourniture stable, d'informations claires sur les produits et de marques que les clients reconnaissent et en qui ils ont confiance.<\/p>\n<p data-start=\"398\" data-end=\"687\">Nous collaborons avec des noms de confiance tels que <strong data-start=\"247\" data-end=\"352\">Elf Bar Vape, WASPE Vape, <a href=\"https:\/\/vapestornado.com\/fr\/product\/uzy-150k-puffs-6-in-1-flavor-switch-disposable-vape-pen-wholesale\/\">Vape UZY<\/a>, Bang Vape, Razz Bar Vape, <a href=\"https:\/\/vapestornado.com\/fr\/product\/randm-12000-puffs-fumot-digital-disposable-vape-wholesale-price\/\">Fumot VAPE<\/a>, <a href=\"https:\/\/vapestornado.com\/fr\/product\/original-wga-ultra-35k-35000-puff-rechargeable-crystal-disposable-nicotine-vape-best-discount-price\/\">WGA VAPE<\/a>, <a href=\"https:\/\/vapestornado.com\/fr\/product\/vozol-gear-shisha-25k-25000-puffs-best-dtl-disposable-vape-hookah-cheap-price\/\">VOZOL BAR VAPE<\/a>,\u00a0et Stag Bar Vape<\/strong>, choisis pour leur qualit\u00e9 constante et leur forte demande sur le march\u00e9 europ\u00e9en.<\/p>\n<h4 data-start=\"1080\" data-end=\"1120\">Con\u00e7u pour les acheteurs en gros europ\u00e9ens<\/h4>\n<p data-start=\"1121\" data-end=\"1189\">Vapes Tornado est structur\u00e9 autour des besoins r\u00e9els des grossistes de l'UE :<\/p>\n<ul data-start=\"1190\" data-end=\"1400\">\n<li data-start=\"1190\" data-end=\"1239\">\n<p data-start=\"1192\" data-end=\"1239\">Tarifs de gros comp\u00e9titifs pour les commandes en volume<\/p>\n<\/li>\n<li data-start=\"1240\" data-end=\"1289\">\n<p data-start=\"1242\" data-end=\"1289\">Descriptions et sp\u00e9cifications claires des produits<\/p>\n<\/li>\n<li data-start=\"1290\" data-end=\"1330\">\n<p data-start=\"1292\" data-end=\"1330\">Logistique rapide et fiable orient\u00e9e EU<\/p>\n<\/li>\n<li data-start=\"1331\" data-end=\"1400\">\n<p data-start=\"1333\" data-end=\"1400\">Un catalogue ax\u00e9 sur <strong data-start=\"1356\" data-end=\"1373\">vapoteurs populaires<\/strong>, pas sur des SKUs satur\u00e9s<\/p>\n<\/li>\n<\/ul>\n<h2 data-start=\"2064\" data-end=\"2115\">FAQ sur la cigarette \u00e9lectronique jetable Vozol Neon 45000 Bouff\u00e9es<\/h2>\n<p data-start=\"2720\" data-end=\"2871\"><strong data-start=\"2720\" data-end=\"2767\">Ce Neon 45000 est-il un produit Vozol authentique?<\/strong><br data-start=\"2767\" data-end=\"2770\" \/>Oui, la cigarette \u00e9lectronique jetable Vozol Neon 45000 Bouff\u00e9es est un produit Vozol authentique avec une marque et des sp\u00e9cifications officielles.<\/p>\n<p data-start=\"2873\" data-end=\"3008\"><strong data-start=\"2873\" data-end=\"2915\">Combien de temps dure le Vozol Neon 45K?<\/strong><br data-start=\"2915\" data-end=\"2918\" \/>L'utilisation d\u00e9pend des habitudes, mais la capacit\u00e9 de 45 000 bouff\u00e9es est con\u00e7ue pour une utilisation quotidienne \u00e0 long terme.<\/p>\n<p data-start=\"3010\" data-end=\"3133\"><strong data-start=\"3010\" data-end=\"3048\">Puis-je recharger le Vozol Neon 45000?<\/strong><br data-start=\"3048\" data-end=\"3051\" \/>Oui, il dispose d'une batterie rechargeable Type-C pour consommer enti\u00e8rement le e-liquide de 20 ml.<\/p>\n<p data-start=\"3135\" data-end=\"3256\"><strong data-start=\"3135\" data-end=\"3174\">Quelle concentration de nicotine utilise-t-il?<\/strong><br data-start=\"3174\" data-end=\"3177\" \/>Ce mod\u00e8le est dot\u00e9 d'une force de nicotine de 2% (20 mg\/ml) pour une satisfaction \u00e9quilibr\u00e9e.<\/p>\n<p data-start=\"3258\" data-end=\"3368\"><strong data-start=\"3258\" data-end=\"3298\">Comment savoir quand il est en train de s'\u00e9puiser ?<\/strong><br data-start=\"3298\" data-end=\"3301\" \/>L'\u00e9cran int\u00e9gr\u00e9 affiche en temps r\u00e9el les niveaux de batterie et de e-liquide.<\/p>\n<\/div>\n<\/div>\n<\/div>\n<\/div>","protected":false},"excerpt":{"rendered":"<div class=\"flex max-w-full flex-col grow\">\n<div class=\"min-h-8 text-message relative flex w-full flex-col items-end gap-2 text-start break-words whitespace-normal [.text-message+&amp;]:mt-1\" dir=\"auto\" data-message-author-role=\"assistant\" data-message-id=\"2a9d6edf-5b3a-41c0-afc9-caef2e4c2c3b\" data-message-model-slug=\"gpt-5-2\">\n<div class=\"flex w-full flex-col gap-1 empty:hidden first:pt-[1px]\">\n<div class=\"markdown prose dark:prose-invert w-full break-words light markdown-new-styling\">\n<p data-start=\"3612\" data-end=\"3673\">Le pod de vape jetable Vozol Neon 45000 Bouff\u00e9es est con\u00e7u pour les utilisateurs qui exigent une performance durable et une sortie de saveur stable. Avec une batterie rechargeable puissante, un \u00e9cran intelligent, et un niveau de glace ajustable, il offre une vape contr\u00f4l\u00e9e, douce, avec un go\u00fbt constant. Con\u00e7u avec la technologie de coil en mesh Vozol, il garantit une qualit\u00e9 fiable dans un format jetable \u00e9l\u00e9gant et haut de gamme.<\/p>\n<\/div>\n<\/div>\n<\/div>\n<\/div>\n<p><strong>Ajoutez le WhatsApp d'Amy pour obtenir une r\u00e9ponse rapide et un prix r\u00e9duit !<\/strong><\/p>\n<p><img fetchpriority=\"high\" decoding=\"async\" class=\"size-full wp-image-2932\" src=\"https:\/\/vapestornado.com\/wp-content\/uploads\/2024\/12\/Vape-Wholesale.jpg\" alt=\"Vente en Gros de Vapes\" width=\"229\" height=\"300\" \/><\/p>\n<h3><a href=\"https:\/\/wa.me\/8617776015835\"><span style=\"color: #ff0000;\"><strong>WhatsApp : +86 17776015835<\/strong><\/span><\/a><\/h3>","protected":false},"featured_media":4820,"comment_status":"open","ping_status":"closed","template":"","meta":{"_acf_changed":false,"_uag_custom_page_level_css":"","_lmt_disableupdate":"no","_lmt_disable":"","_monsterinsights_skip_tracking":false,"_monsterinsights_sitenote_active":false,"_monsterinsights_sitenote_note":"","_monsterinsights_sitenote_category":0,"site-sidebar-layout":"default","site-content-layout":"","ast-site-content-layout":"default","site-content-style":"default","site-sidebar-style":"default","ast-global-header-display":"","ast-banner-title-visibility":"","ast-main-header-display":"","ast-hfb-above-header-display":"","ast-hfb-below-header-display":"","ast-hfb-mobile-header-display":"","site-post-title":"","ast-breadcrumbs-content":"","ast-featured-img":"","footer-sml-layout":"","ast-disable-related-posts":"","theme-transparent-header-meta":"default","adv-header-id-meta":"","stick-header-meta":"","header-above-stick-meta":"","header-main-stick-meta":"","header-below-stick-meta":"","astra-migrate-meta-layouts":"set","ast-page-background-enabled":"default","ast-page-background-meta":{"desktop":{"background-color":"","background-image":"","background-repeat":"repeat","background-position":"center center","background-size":"auto","background-attachment":"scroll","background-type":"","background-media":"","overlay-type":"","overlay-color":"","overlay-opacity":"","overlay-gradient":""},"tablet":{"background-color":"","background-image":"","background-repeat":"repeat","background-position":"center center","background-size":"auto","background-attachment":"scroll","background-type":"","background-media":"","overlay-type":"","overlay-color":"","overlay-opacity":"","overlay-gradient":""},"mobile":{"background-color":"","background-image":"","background-repeat":"repeat","background-position":"center center","background-size":"auto","background-attachment":"scroll","background-type":"","background-media":"","overlay-type":"","overlay-color":"","overlay-opacity":"","overlay-gradient":""}},"ast-content-background-meta":{"desktop":{"background-color":"var(--ast-global-color-5)","background-image":"","background-repeat":"repeat","background-position":"center center","background-size":"auto","background-attachment":"scroll","background-type":"","background-media":"","overlay-type":"","overlay-color":"","overlay-opacity":"","overlay-gradient":""},"tablet":{"background-color":"var(--ast-global-color-5)","background-image":"","background-repeat":"repeat","background-position":"center center","background-size":"auto","background-attachment":"scroll","background-type":"","background-media":"","overlay-type":"","overlay-color":"","overlay-opacity":"","overlay-gradient":""},"mobile":{"background-color":"var(--ast-global-color-5)","background-image":"","background-repeat":"repeat","background-position":"center center","background-size":"auto","background-attachment":"scroll","background-type":"","background-media":"","overlay-type":"","overlay-color":"","overlay-opacity":"","overlay-gradient":""}},"_joinchat":[]},"product_brand":[],"product_cat":[265,149,150,151,152,153,143,492,146,57],"product_tag":[554,555,550,556,549,513,93,269,552,553,220],"class_list":{"0":"post-4822","1":"product","2":"type-product","3":"status-publish","4":"has-post-thumbnail","6":"product_cat-45000-puff","7":"product_cat-buy-disposable-vapes-in-austria","8":"product_cat-buy-disposable-vapes-in-belgium","9":"product_cat-buy-disposable-vapes-in-france","10":"product_cat-buy-disposable-vapes-in-cermany","11":"product_cat-buy-disposable-vapes-in-italy","12":"product_cat-dual-mesh-disposable-vapes","13":"product_cat-eu-warehouse","14":"product_cat-rechargeable-disposable-vapes","15":"product_cat-vozol-vape","16":"product_tag-adjustable-ice-disposable-vape","17":"product_tag-disposable-vape-pod","18":"product_tag-disposable-vape-with-screen","19":"product_tag-high-quanlity-disposable-vape","20":"product_tag-vape-cheap-price","21":"product_tag-vape-discount-price","22":"product_tag-vape-wholesale","23":"product_tag-vape-with-screen","24":"product_tag-vozol-neon-45000-puffs","25":"product_tag-vozol-neon-45k","26":"product_tag-vozol-vape","27":"desktop-align-left","28":"tablet-align-left","29":"mobile-align-left","31":"first","32":"instock","33":"sale","34":"shipping-taxable","35":"purchasable","36":"product-type-simple"},"acf":[],"uagb_featured_image_src":{"full":["https:\/\/vapestornado.com\/wp-content\/uploads\/2026\/01\/Vozol-45000-Puff-Disposable-Vape-Box-Wholesale.webp",800,800,false],"thumbnail":["https:\/\/vapestornado.com\/wp-content\/uploads\/2026\/01\/Vozol-45000-Puff-Disposable-Vape-Box-Wholesale-150x150.webp",150,150,true],"medium":["https:\/\/vapestornado.com\/wp-content\/uploads\/2026\/01\/Vozol-45000-Puff-Disposable-Vape-Box-Wholesale-300x300.webp",300,300,true],"medium_large":["https:\/\/vapestornado.com\/wp-content\/uploads\/2026\/01\/Vozol-45000-Puff-Disposable-Vape-Box-Wholesale-768x768.webp",768,768,true],"large":["https:\/\/vapestornado.com\/wp-content\/uploads\/2026\/01\/Vozol-45000-Puff-Disposable-Vape-Box-Wholesale.webp",800,800,false],"1536x1536":["https:\/\/vapestornado.com\/wp-content\/uploads\/2026\/01\/Vozol-45000-Puff-Disposable-Vape-Box-Wholesale.webp",800,800,false],"2048x2048":["https:\/\/vapestornado.com\/wp-content\/uploads\/2026\/01\/Vozol-45000-Puff-Disposable-Vape-Box-Wholesale.webp",800,800,false],"trp-custom-language-flag":["https:\/\/vapestornado.com\/wp-content\/uploads\/2026\/01\/Vozol-45000-Puff-Disposable-Vape-Box-Wholesale-12x12.webp",12,12,true],"woocommerce_thumbnail":["https:\/\/vapestornado.com\/wp-content\/uploads\/2026\/01\/Vozol-45000-Puff-Disposable-Vape-Box-Wholesale-300x300.webp",300,300,true],"woocommerce_single":["https:\/\/vapestornado.com\/wp-content\/uploads\/2026\/01\/Vozol-45000-Puff-Disposable-Vape-Box-Wholesale-600x600.webp",600,600,true],"woocommerce_gallery_thumbnail":["https:\/\/vapestornado.com\/wp-content\/uploads\/2026\/01\/Vozol-45000-Puff-Disposable-Vape-Box-Wholesale-100x100.webp",100,100,true]},"uagb_author_info":{"display_name":"ESAMY","author_link":"https:\/\/vapestornado.com\/fr\/author\/"},"uagb_comment_info":0,"uagb_excerpt":"The Vozol Neon 45000 Puffs disposable vape pod is built for users who demand long-lasting performance and stable flavour output. With a powerful rechargeable battery, smart screen display, and adjustable ice level, it delivers controlled, smooth vaping with consistent taste. Designed with Vozol mesh coil technology, it offers reliable quality in a sleek, high-end disposable\u2026","_links":{"self":[{"href":"https:\/\/vapestornado.com\/fr\/wp-json\/wp\/v2\/product\/4822","targetHints":{"allow":["GET"]}}],"collection":[{"href":"https:\/\/vapestornado.com\/fr\/wp-json\/wp\/v2\/product"}],"about":[{"href":"https:\/\/vapestornado.com\/fr\/wp-json\/wp\/v2\/types\/product"}],"replies":[{"embeddable":true,"href":"https:\/\/vapestornado.com\/fr\/wp-json\/wp\/v2\/comments?post=4822"}],"wp:featuredmedia":[{"embeddable":true,"href":"https:\/\/vapestornado.com\/fr\/wp-json\/wp\/v2\/media\/4820"}],"wp:attachment":[{"href":"https:\/\/vapestornado.com\/fr\/wp-json\/wp\/v2\/media?parent=4822"}],"wp:term":[{"taxonomy":"product_brand","embeddable":true,"href":"https:\/\/vapestornado.com\/fr\/wp-json\/wp\/v2\/product_brand?post=4822"},{"taxonomy":"product_cat","embeddable":true,"href":"https:\/\/vapestornado.com\/fr\/wp-json\/wp\/v2\/product_cat?post=4822"},{"taxonomy":"product_tag","embeddable":true,"href":"https:\/\/vapestornado.com\/fr\/wp-json\/wp\/v2\/product_tag?post=4822"}],"curies":[{"name":"wp","href":"https:\/\/api.w.org\/{rel}","templated":true}]}}