{"id":4812,"date":"2026-01-20T07:56:41","date_gmt":"2026-01-20T07:56:41","guid":{"rendered":"https:\/\/vapestornado.com\/?post_type=product&#038;p=4812"},"modified":"2026-01-20T08:10:42","modified_gmt":"2026-01-20T08:10:42","slug":"uzy-tornado-20k-20000-puff-rechargeable-disposable-vape-pen-with-screen","status":"publish","type":"product","link":"https:\/\/vapestornado.com\/fr\/product\/uzy-tornado-20k-20000-puff-rechargeable-disposable-vape-pen-with-screen\/","title":{"rendered":"UZY Tornado 20K 20000 Bouff\u00e9es Rechargeable Vape Jetable avec \u00c9cran"},"content":{"rendered":"<h1 data-start=\"0\" data-end=\"87\">UZY Tornado Vape Jetable 20k avec 28ml de E-Liquide et \u00c9cran LED<\/h1>\n<p data-start=\"285\" data-end=\"670\">L' <strong data-start=\"289\" data-end=\"308\">UZY Tornado 20K<\/strong> con\u00e7u pour les grossistes qui ont besoin d'une qualit\u00e9 stable, d'un fort chiffre d'affaires et de points de vente clairs. Avec jusqu'\u00e0 <strong data-start=\"413\" data-end=\"440\">UZY Tornado 20000 Bouff\u00e9es<\/strong>, cette vape \u00e0 gros puff offre une performance durable aliment\u00e9e par une capacit\u00e9 de 28ml d'e-liquide et une batterie rechargeable fiable de 850mAh. Pour les clients qui veulent moins de remplacements et un meilleur rapport qualit\u00e9-prix, cette vape torando coche toutes les cases.<\/p>\n<p data-start=\"672\" data-end=\"1062\">Ce <strong data-start=\"677\" data-end=\"712\">stylo vape jetable avec \u00e9cran<\/strong> dispose d'un affichage LED clair montrant en temps r\u00e9el le niveau de batterie et d'e-liquide. Les clients de d\u00e9tail savent exactement quand recharger, r\u00e9duisant ainsi les plaintes et les retours. La r\u00e9sistance en mesh de 0,6\u03a9 garantit une production de vapeur constante et une livraison de saveur propre du premier au dernier puff, en faisant une alternative solide \u00e0 de nombreux mod\u00e8les Monkey Vape dans la m\u00eame cat\u00e9gorie.<\/p>\n<p data-start=\"1064\" data-end=\"1461\">Con\u00e7u pour le march\u00e9 europ\u00e9en, la <strong data-start=\"1102\" data-end=\"1121\">UZY Tornado 20k<\/strong> supporte plusieurs forces de nicotine (0%, 2%, 3%, 5%) et une large s\u00e9lection de saveurs qui performe bien en vente au d\u00e9tail. Son syst\u00e8me de recharge Type-C am\u00e9liore l'efficacit\u00e9 des co\u00fbts tout en gardant l'appareil simple et convivial. Pour les acheteurs ax\u00e9s sur <strong data-start=\"1358\" data-end=\"1376\">vente en gros de vape<\/strong>, la rotation rapide, et <strong data-start=\"1397\" data-end=\"1417\">vape pas cher<\/strong> le positionnement, ce mod\u00e8le est un choix \u00e9prouv\u00e9.<\/p>\n<p data-start=\"1463\" data-end=\"1618\">Commandez d\u00e8s maintenant sur <strong data-start=\"1478\" data-end=\"1507\">Sigvape boutique de vape en ligne<\/strong> et garantir des prix comp\u00e9titifs sur une demande \u00e9lev\u00e9e <strong data-start=\"1556\" data-end=\"1587\">vape jetable avec \u00e9cran<\/strong> qui se vend sur les sp\u00e9cifications, pas sur le battage m\u00e9diatique.<\/p>\n<p><strong><span style=\"color: #ff0000;\">Ajoutez le WhatsApp d'Amy pour obtenir une bonne r\u00e9ponse et un coupon de vape !<\/span><\/strong><\/p>\n<p><img fetchpriority=\"high\" decoding=\"async\" class=\"size-full wp-image-2932\" src=\"https:\/\/vapestornado.com\/wp-content\/uploads\/2024\/12\/Vape-Wholesale.jpg\" alt=\"Vente en Gros de Vapes\" width=\"229\" height=\"300\" \/><\/p>\n<h3><a href=\"https:\/\/wa.me\/8617776015835\" target=\"_blank\" rel=\"noopener\"><span style=\"color: #ff0000;\"><strong>WhatsApp : +86 17776015835<\/strong><\/span><\/a><\/h3>\n<p>&nbsp;<\/p>\n<h2><strong>Caract\u00e9ristiques du produit UZY Tornado 20K Bouff\u00e9es<\/strong><\/h2>\n<ul>\n<li data-start=\"1946\" data-end=\"2049\">\n<p data-start=\"1948\" data-end=\"2049\"><strong data-start=\"1948\" data-end=\"1973\">Capacit\u00e9 de 20000 bouff\u00e9es :<\/strong> Con\u00e7u pour durer beaucoup plus longtemps que les cigarettes \u00e9lectroniques jetables standard.<\/p>\n<\/li>\n<li data-start=\"2050\" data-end=\"2149\">\n<p data-start=\"2052\" data-end=\"2149\"><strong data-start=\"2052\" data-end=\"2079\">Capacit\u00e9 de e-liquide de 28 ml :<\/strong> R\u00e9duit la fr\u00e9quence de remplacement et am\u00e9liore l'efficacit\u00e9 globale des co\u00fbts.<\/p>\n<\/li>\n<li data-start=\"2150\" data-end=\"2239\">\n<p data-start=\"2152\" data-end=\"2239\"><strong data-start=\"2152\" data-end=\"2175\">\u00c9cran LED :<\/strong> Affiche clairement les niveaux de batterie et d'huile pour un meilleur contr\u00f4le de l'utilisateur.<\/p>\n<\/li>\n<li data-start=\"2240\" data-end=\"2311\">\n<p data-start=\"2242\" data-end=\"2311\"><strong data-start=\"2242\" data-end=\"2261\">R\u00e9sistance Mesh 0,6\u03a9 :<\/strong> Fournit une vapeur douce et une sortie de saveur stable.<\/p>\n<\/li>\n<li data-start=\"2312\" data-end=\"2404\">\n<p data-start=\"2314\" data-end=\"2404\"><strong data-start=\"2314\" data-end=\"2339\">Batterie rechargeable :<\/strong> Charge Type-C de 850mAh supporte une utilisation prolong\u00e9e et une meilleure valeur.<\/p>\n<\/li>\n<\/ul>\n<div><\/div>\n<h2 class=\"product-title\"><strong>Liste des saveurs de UZY Tornado 20000 Bouff\u00e9es<\/strong><\/h2>\n<h2 data-start=\"1625\" data-end=\"1639\"><\/h2>\n<ol data-start=\"1641\" data-end=\"1894\">\n<li data-start=\"1641\" data-end=\"1667\">\n<p data-start=\"1644\" data-end=\"1667\">Fraise Past\u00e8que<\/p>\n<\/li>\n<li data-start=\"1668\" data-end=\"1689\">\n<p data-start=\"1671\" data-end=\"1689\">Myrtille Glac\u00e9e<\/p>\n<\/li>\n<li data-start=\"1690\" data-end=\"1716\">\n<p data-start=\"1693\" data-end=\"1716\">P\u00eache, mangue et ananas<\/p>\n<\/li>\n<li data-start=\"1717\" data-end=\"1731\">\n<p data-start=\"1720\" data-end=\"1731\">Glace au raisin<\/p>\n<\/li>\n<li data-start=\"1732\" data-end=\"1751\">\n<p data-start=\"1735\" data-end=\"1751\">Glace Past\u00e8que<\/p>\n<\/li>\n<li data-start=\"1752\" data-end=\"1766\">\n<p data-start=\"1755\" data-end=\"1766\">P\u00eache Glac\u00e9e<\/p>\n<\/li>\n<li data-start=\"1767\" data-end=\"1787\">\n<p data-start=\"1770\" data-end=\"1787\">Fraise Kiwi<\/p>\n<\/li>\n<li data-start=\"1788\" data-end=\"1812\">\n<p data-start=\"1791\" data-end=\"1812\">Myrtille Framboise<\/p>\n<\/li>\n<li data-start=\"1813\" data-end=\"1836\">\n<p data-start=\"1816\" data-end=\"1836\">Kiwi Fruit de la Passion<\/p>\n<\/li>\n<li data-start=\"1837\" data-end=\"1850\">\n<p data-start=\"1841\" data-end=\"1850\">MR Blue<\/p>\n<\/li>\n<li data-start=\"1851\" data-end=\"1873\">\n<p data-start=\"1855\" data-end=\"1873\">Triple Mangue Glac\u00e9e<\/p>\n<\/li>\n<li data-start=\"1874\" data-end=\"1894\">\n<p data-start=\"1878\" data-end=\"1894\">Boisson \u00c9nergisante Rouge Glac\u00e9e<\/p>\n<\/li>\n<\/ol>\n<figure id=\"attachment_4811\" aria-describedby=\"caption-attachment-4811\" style=\"width: 300px\" class=\"wp-caption alignnone\"><img decoding=\"async\" class=\"size-medium wp-image-4811\" src=\"https:\/\/vapestornado.com\/wp-content\/uploads\/2026\/01\/UZY-Tornado-20000-Puffs-Nicotine-Disposable-Vape-300x300.webp\" alt=\"Cigarette \u00e9lectronique jetable UZY Tornado 20000 Bouff\u00e9es avec nicotine\" width=\"300\" height=\"300\" srcset=\"https:\/\/vapestornado.com\/wp-content\/uploads\/2026\/01\/UZY-Tornado-20000-Puffs-Nicotine-Disposable-Vape-300x300.webp 300w, https:\/\/vapestornado.com\/wp-content\/uploads\/2026\/01\/UZY-Tornado-20000-Puffs-Nicotine-Disposable-Vape-1024x1024.webp 1024w, https:\/\/vapestornado.com\/wp-content\/uploads\/2026\/01\/UZY-Tornado-20000-Puffs-Nicotine-Disposable-Vape-150x150.webp 150w, https:\/\/vapestornado.com\/wp-content\/uploads\/2026\/01\/UZY-Tornado-20000-Puffs-Nicotine-Disposable-Vape-768x768.webp 768w, https:\/\/vapestornado.com\/wp-content\/uploads\/2026\/01\/UZY-Tornado-20000-Puffs-Nicotine-Disposable-Vape-12x12.webp 12w, https:\/\/vapestornado.com\/wp-content\/uploads\/2026\/01\/UZY-Tornado-20000-Puffs-Nicotine-Disposable-Vape-600x600.webp 600w, https:\/\/vapestornado.com\/wp-content\/uploads\/2026\/01\/UZY-Tornado-20000-Puffs-Nicotine-Disposable-Vape-100x100.webp 100w, https:\/\/vapestornado.com\/wp-content\/uploads\/2026\/01\/UZY-Tornado-20000-Puffs-Nicotine-Disposable-Vape.webp 1280w\" sizes=\"(max-width: 300px) 100vw, 300px\" \/><figcaption id=\"caption-attachment-4811\" class=\"wp-caption-text\">Cigarette \u00e9lectronique jetable UZY Tornado 20000 Bouff\u00e9es avec nicotine<\/figcaption><\/figure>\n<div class=\"flex-shrink-0 flex flex-col relative items-end\">\n<div class=\"pt-0\">\n<div class=\"gizmo-bot-avatar flex h-8 w-8 items-center justify-center overflow-hidden rounded-full\">\n<div class=\"relative p-1 rounded-sm flex items-center justify-center bg-token-main-surface-primary text-token-text-primary h-8 w-8\">\n<h2 data-start=\"1200\" data-end=\"1487\">Vapes Tornado \u2013 Votre boutique en ligne de vapoteurs en gros pour les vapoteurs populaires<\/h2>\n<p data-start=\"72\" data-end=\"396\"><strong data-start=\"72\" data-end=\"89\">Vapes Tornado<\/strong> est une boutique en ligne de vapoteurs en gros ax\u00e9e sur l'Europe fournissant une gamme soigneusement s\u00e9lectionn\u00e9e de <strong data-start=\"178\" data-end=\"195\">vapoteurs populaires<\/strong> pour les acheteurs professionnels. Nous travaillons avec des d\u00e9taillants, des distributeurs et des boutiques en ligne \u00e0 travers l'UE qui ont besoin d'une fourniture stable, d'informations claires sur les produits et de marques que les clients reconnaissent et en qui ils ont confiance.<\/p>\n<p data-start=\"398\" data-end=\"687\">Nous collaborons avec des noms de confiance tels que <strong data-start=\"247\" data-end=\"352\">Elf Bar Vape, WASPE Vape, <a href=\"https:\/\/vapestornado.com\/fr\/product\/uzy-150k-puffs-6-in-1-flavor-switch-disposable-vape-pen-wholesale\/\">Vape UZY<\/a>, Bang Vape, Razz Bar Vape, <a href=\"https:\/\/vapestornado.com\/fr\/product\/randm-12000-puffs-fumot-digital-disposable-vape-wholesale-price\/\">Fumot VAPE<\/a>, <a href=\"https:\/\/vapestornado.com\/fr\/product\/original-wga-ultra-35k-35000-puff-rechargeable-crystal-disposable-nicotine-vape-best-discount-price\/\">WGA VAPE<\/a>, <a href=\"https:\/\/vapestornado.com\/fr\/product\/vozol-gear-shisha-25k-25000-puffs-best-dtl-disposable-vape-hookah-cheap-price\/\">VOZOL BAR VAPE<\/a>,\u00a0et Stag Bar Vape<\/strong>, choisis pour leur qualit\u00e9 constante et leur forte demande sur le march\u00e9 europ\u00e9en.<\/p>\n<h4 data-start=\"1080\" data-end=\"1120\">Con\u00e7u pour les acheteurs en gros europ\u00e9ens<\/h4>\n<p data-start=\"1121\" data-end=\"1189\">Vapes Tornado est structur\u00e9 autour des besoins r\u00e9els des grossistes de l'UE :<\/p>\n<ul data-start=\"1190\" data-end=\"1400\">\n<li data-start=\"1190\" data-end=\"1239\">\n<p data-start=\"1192\" data-end=\"1239\">Tarifs de gros comp\u00e9titifs pour les commandes en volume<\/p>\n<\/li>\n<li data-start=\"1240\" data-end=\"1289\">\n<p data-start=\"1242\" data-end=\"1289\">Descriptions et sp\u00e9cifications claires des produits<\/p>\n<\/li>\n<li data-start=\"1290\" data-end=\"1330\">\n<p data-start=\"1292\" data-end=\"1330\">Logistique rapide et fiable orient\u00e9e EU<\/p>\n<\/li>\n<li data-start=\"1331\" data-end=\"1400\">\n<p data-start=\"1333\" data-end=\"1400\">Un catalogue ax\u00e9 sur <strong data-start=\"1356\" data-end=\"1373\">vapoteurs populaires<\/strong>, pas sur des SKUs satur\u00e9s<\/p>\n<\/li>\n<\/ul>\n<h2 data-start=\"2064\" data-end=\"2115\">FAQ sur la cigarette \u00e9lectronique jetable UZY Tornado 20K Bouff\u00e9es<\/h2>\n<p data-start=\"2708\" data-end=\"2813\"><strong data-start=\"2708\" data-end=\"2754\">1. Combien de temps dure le UZY Tornado 20k ?<\/strong><br data-start=\"2754\" data-end=\"2757\" \/>Il offre jusqu'\u00e0 20000 bouff\u00e9es selon les habitudes d'utilisation.<\/p>\n<p data-start=\"2815\" data-end=\"2911\"><strong data-start=\"2815\" data-end=\"2858\">2. Le UZY Tornado 20k est-il rechargeable ?<\/strong><br data-start=\"2858\" data-end=\"2861\" \/>Oui, il utilise une batterie rechargeable Type-C de 850mAh.<\/p>\n<p data-start=\"2913\" data-end=\"3030\"><strong data-start=\"2913\" data-end=\"2960\">3. Ce vapoteur jetable poss\u00e8de-t-il un \u00e9cran ?<\/strong><br data-start=\"2960\" data-end=\"2963\" \/>Oui, il comprend un \u00e9cran LED affichant les niveaux de batterie et de e-liquide.<\/p>\n<p data-start=\"3032\" data-end=\"3119\"><strong data-start=\"3032\" data-end=\"3077\">4. Quelles sont les concentrations de nicotine disponibles ?<\/strong><br data-start=\"3077\" data-end=\"3080\" \/>Les options incluent 0%, 2%, 3% et 5% nic.<\/p>\n<p data-start=\"3121\" data-end=\"3248\"><strong data-start=\"3121\" data-end=\"3171\">5. Cela convient-il pour des commandes en gros de vapoteurs ?<\/strong><br data-start=\"3171\" data-end=\"3174\" \/>Oui, il est emball\u00e9 pour des commandes en gros et con\u00e7u pour un renouvellement rapide en vente au d\u00e9tail.<\/p>\n<\/div>\n<\/div>\n<\/div>\n<\/div>","protected":false},"excerpt":{"rendered":"<div class=\"flex max-w-full flex-col grow\">\n<div class=\"min-h-8 text-message relative flex w-full flex-col items-end gap-2 text-start break-words whitespace-normal [.text-message+&amp;]:mt-1\" dir=\"auto\" data-message-author-role=\"assistant\" data-message-id=\"2a9d6edf-5b3a-41c0-afc9-caef2e4c2c3b\" data-message-model-slug=\"gpt-5-2\">\n<div class=\"flex w-full flex-col gap-1 empty:hidden first:pt-[1px]\">\n<div class=\"markdown prose dark:prose-invert w-full break-words light markdown-new-styling\">\n<p data-start=\"3477\" data-end=\"3546\">UZY Tornado 20K Vape Jetable avec \u00c9cran \u2013 20000 Bouff\u00e9es en Gros<\/p>\n<p data-start=\"3550\" data-end=\"3608\">UZY Tornado 20000 Bouff\u00e9es Vape Jetable Rechargeable<\/p>\n<p data-start=\"3612\" data-end=\"3673\">UZY Tornado Vape Jetable 20k Big Puff pour Vente en Gros<\/p>\n<\/div>\n<\/div>\n<\/div>\n<\/div>\n<p><strong>Ajoutez le WhatsApp d'Amy pour obtenir une r\u00e9ponse rapide et un prix r\u00e9duit !<\/strong><\/p>\n<p><img fetchpriority=\"high\" decoding=\"async\" class=\"size-full wp-image-2932\" src=\"https:\/\/vapestornado.com\/wp-content\/uploads\/2024\/12\/Vape-Wholesale.jpg\" alt=\"Vente en Gros de Vapes\" width=\"229\" height=\"300\" \/><\/p>\n<h3><a href=\"https:\/\/wa.me\/8617776015835\"><span style=\"color: #ff0000;\"><strong>WhatsApp : +86 17776015835<\/strong><\/span><\/a><\/h3>","protected":false},"featured_media":4805,"comment_status":"open","ping_status":"closed","template":"","meta":{"_acf_changed":false,"_uag_custom_page_level_css":"","_lmt_disableupdate":"no","_lmt_disable":"","_monsterinsights_skip_tracking":false,"_monsterinsights_sitenote_active":false,"_monsterinsights_sitenote_note":"","_monsterinsights_sitenote_category":0,"site-sidebar-layout":"default","site-content-layout":"","ast-site-content-layout":"default","site-content-style":"default","site-sidebar-style":"default","ast-global-header-display":"","ast-banner-title-visibility":"","ast-main-header-display":"","ast-hfb-above-header-display":"","ast-hfb-below-header-display":"","ast-hfb-mobile-header-display":"","site-post-title":"","ast-breadcrumbs-content":"","ast-featured-img":"","footer-sml-layout":"","ast-disable-related-posts":"","theme-transparent-header-meta":"default","adv-header-id-meta":"","stick-header-meta":"","header-above-stick-meta":"","header-main-stick-meta":"","header-below-stick-meta":"","astra-migrate-meta-layouts":"set","ast-page-background-enabled":"default","ast-page-background-meta":{"desktop":{"background-color":"","background-image":"","background-repeat":"repeat","background-position":"center center","background-size":"auto","background-attachment":"scroll","background-type":"","background-media":"","overlay-type":"","overlay-color":"","overlay-opacity":"","overlay-gradient":""},"tablet":{"background-color":"","background-image":"","background-repeat":"repeat","background-position":"center center","background-size":"auto","background-attachment":"scroll","background-type":"","background-media":"","overlay-type":"","overlay-color":"","overlay-opacity":"","overlay-gradient":""},"mobile":{"background-color":"","background-image":"","background-repeat":"repeat","background-position":"center center","background-size":"auto","background-attachment":"scroll","background-type":"","background-media":"","overlay-type":"","overlay-color":"","overlay-opacity":"","overlay-gradient":""}},"ast-content-background-meta":{"desktop":{"background-color":"var(--ast-global-color-5)","background-image":"","background-repeat":"repeat","background-position":"center center","background-size":"auto","background-attachment":"scroll","background-type":"","background-media":"","overlay-type":"","overlay-color":"","overlay-opacity":"","overlay-gradient":""},"tablet":{"background-color":"var(--ast-global-color-5)","background-image":"","background-repeat":"repeat","background-position":"center center","background-size":"auto","background-attachment":"scroll","background-type":"","background-media":"","overlay-type":"","overlay-color":"","overlay-opacity":"","overlay-gradient":""},"mobile":{"background-color":"var(--ast-global-color-5)","background-image":"","background-repeat":"repeat","background-position":"center center","background-size":"auto","background-attachment":"scroll","background-type":"","background-media":"","overlay-type":"","overlay-color":"","overlay-opacity":"","overlay-gradient":""}},"_joinchat":[]},"product_brand":[],"product_cat":[69,149,150,152,153,156,142,146,356],"product_tag":[287,550,478,548,546,547,549,513,93,512],"class_list":{"0":"post-4812","1":"product","2":"type-product","3":"status-publish","4":"has-post-thumbnail","6":"product_cat-20000-puff","7":"product_cat-buy-disposable-vapes-in-austria","8":"product_cat-buy-disposable-vapes-in-belgium","9":"product_cat-buy-disposable-vapes-in-cermany","10":"product_cat-buy-disposable-vapes-in-italy","11":"product_cat-buy-disposable-vapes-in-poland","12":"product_cat-digital-box-disposable-vapes","13":"product_cat-rechargeable-disposable-vapes","14":"product_cat-uzy-vape","15":"product_tag-disposable-vape-pen","16":"product_tag-disposable-vape-with-screen","17":"product_tag-monkey-vape","18":"product_tag-torando-vape","19":"product_tag-uzy-tornado-20000-puffs","20":"product_tag-uzy-tornado-20k","21":"product_tag-vape-cheap-price","22":"product_tag-vape-discount-price","23":"product_tag-vape-wholesale","24":"product_tag-vape-wholesale-distributor","25":"desktop-align-left","26":"tablet-align-left","27":"mobile-align-left","29":"first","30":"instock","31":"sale","32":"shipping-taxable","33":"purchasable","34":"product-type-simple"},"acf":[],"uagb_featured_image_src":{"full":["https:\/\/vapestornado.com\/wp-content\/uploads\/2026\/01\/UZY-TORNADO-20K-Puffs-Screen-Low-Nicotine-Bulk-Buy.webp",800,800,false],"thumbnail":["https:\/\/vapestornado.com\/wp-content\/uploads\/2026\/01\/UZY-TORNADO-20K-Puffs-Screen-Low-Nicotine-Bulk-Buy-150x150.webp",150,150,true],"medium":["https:\/\/vapestornado.com\/wp-content\/uploads\/2026\/01\/UZY-TORNADO-20K-Puffs-Screen-Low-Nicotine-Bulk-Buy-300x300.webp",300,300,true],"medium_large":["https:\/\/vapestornado.com\/wp-content\/uploads\/2026\/01\/UZY-TORNADO-20K-Puffs-Screen-Low-Nicotine-Bulk-Buy-768x768.webp",768,768,true],"large":["https:\/\/vapestornado.com\/wp-content\/uploads\/2026\/01\/UZY-TORNADO-20K-Puffs-Screen-Low-Nicotine-Bulk-Buy.webp",800,800,false],"1536x1536":["https:\/\/vapestornado.com\/wp-content\/uploads\/2026\/01\/UZY-TORNADO-20K-Puffs-Screen-Low-Nicotine-Bulk-Buy.webp",800,800,false],"2048x2048":["https:\/\/vapestornado.com\/wp-content\/uploads\/2026\/01\/UZY-TORNADO-20K-Puffs-Screen-Low-Nicotine-Bulk-Buy.webp",800,800,false],"trp-custom-language-flag":["https:\/\/vapestornado.com\/wp-content\/uploads\/2026\/01\/UZY-TORNADO-20K-Puffs-Screen-Low-Nicotine-Bulk-Buy-12x12.webp",12,12,true],"woocommerce_thumbnail":["https:\/\/vapestornado.com\/wp-content\/uploads\/2026\/01\/UZY-TORNADO-20K-Puffs-Screen-Low-Nicotine-Bulk-Buy-300x300.webp",300,300,true],"woocommerce_single":["https:\/\/vapestornado.com\/wp-content\/uploads\/2026\/01\/UZY-TORNADO-20K-Puffs-Screen-Low-Nicotine-Bulk-Buy-600x600.webp",600,600,true],"woocommerce_gallery_thumbnail":["https:\/\/vapestornado.com\/wp-content\/uploads\/2026\/01\/UZY-TORNADO-20K-Puffs-Screen-Low-Nicotine-Bulk-Buy-100x100.webp",100,100,true]},"uagb_author_info":{"display_name":"ESAMY","author_link":"https:\/\/vapestornado.com\/fr\/author\/"},"uagb_comment_info":0,"uagb_excerpt":"UZY Tornado 20K Disposable Vape with Screen \u2013 20000 Puffs Wholesale UZY Tornado 20000 Puffs Rechargeable Disposable Vape Pen UZY Tornado 20k Big Puff Disposable Vape for Vape Wholesale Add Amy's whatsapp to get right reply and discount price! WhatsApp: +86 17776015835","_links":{"self":[{"href":"https:\/\/vapestornado.com\/fr\/wp-json\/wp\/v2\/product\/4812","targetHints":{"allow":["GET"]}}],"collection":[{"href":"https:\/\/vapestornado.com\/fr\/wp-json\/wp\/v2\/product"}],"about":[{"href":"https:\/\/vapestornado.com\/fr\/wp-json\/wp\/v2\/types\/product"}],"replies":[{"embeddable":true,"href":"https:\/\/vapestornado.com\/fr\/wp-json\/wp\/v2\/comments?post=4812"}],"wp:featuredmedia":[{"embeddable":true,"href":"https:\/\/vapestornado.com\/fr\/wp-json\/wp\/v2\/media\/4805"}],"wp:attachment":[{"href":"https:\/\/vapestornado.com\/fr\/wp-json\/wp\/v2\/media?parent=4812"}],"wp:term":[{"taxonomy":"product_brand","embeddable":true,"href":"https:\/\/vapestornado.com\/fr\/wp-json\/wp\/v2\/product_brand?post=4812"},{"taxonomy":"product_cat","embeddable":true,"href":"https:\/\/vapestornado.com\/fr\/wp-json\/wp\/v2\/product_cat?post=4812"},{"taxonomy":"product_tag","embeddable":true,"href":"https:\/\/vapestornado.com\/fr\/wp-json\/wp\/v2\/product_tag?post=4812"}],"curies":[{"name":"wp","href":"https:\/\/api.w.org\/{rel}","templated":true}]}}