{"id":4795,"date":"2026-01-13T03:09:18","date_gmt":"2026-01-13T03:09:18","guid":{"rendered":"https:\/\/vapestornado.com\/?post_type=product&#038;p=4795"},"modified":"2026-01-13T03:17:55","modified_gmt":"2026-01-13T03:17:55","slug":"al-fakher-crown-bar-15k-ice-adjust-disposable-shisha-hookah-wholesale-netherlands","status":"publish","type":"product","link":"https:\/\/vapestornado.com\/fr\/product\/al-fakher-crown-bar-15k-ice-adjust-disposable-shisha-hookah-wholesale-netherlands\/","title":{"rendered":"Al Fakher Crown Bar 15K Ice Adjust Narguil\u00e9 Shisha Jetable en Gros Pays-Bas"},"content":{"rendered":"<h1 data-start=\"0\" data-end=\"87\">Al Fakher Mega Max 40K Bouff\u00e9es E-Shisha Jetable Crown Bar avec Flux d'Air Ajustable<\/h1>\n<p data-start=\"107\" data-end=\"502\">Le Al Fakher Crown Bar 15K Ice Adjust est con\u00e7u pour le march\u00e9 de gros europ\u00e9en qui exige un contr\u00f4le de la saveur, une longue dur\u00e9e de vie et une qualit\u00e9 fiable \u00e0 un <strong data-start=\"259\" data-end=\"274\">prix avantageux<\/strong>. Con\u00e7u pour les <strong data-start=\"289\" data-end=\"316\">Cigarettes \u00c9lectroniques Jetables<\/strong> d\u00e9taillants et <strong data-start=\"331\" data-end=\"368\">Vapes Jetables en Gros France<\/strong> distributeurs, ce mod\u00e8le offre jusqu'\u00e0 <strong data-start=\"409\" data-end=\"440\">15 000 bouff\u00e9es douces et stables<\/strong> avec la pr\u00e9cision de saveur signature d'Al Fakher et une construction premium.<\/p>\n<p data-start=\"504\" data-end=\"842\">Contrairement aux jetables standard, le <strong data-start=\"537\" data-end=\"568\">syst\u00e8me Crown Bar Ice Adjust<\/strong> permet aux utilisateurs de contr\u00f4ler l'intensit\u00e9 du refroidissement, permettant \u00e0 chaque client de choisir une bouff\u00e9e glac\u00e9e forte ou un tirage plus doux et plus chaud. Cela rend le <strong data-start=\"703\" data-end=\"730\">Al Fakher Crown Bar 15K<\/strong> plus facile \u00e0 vendre selon les diff\u00e9rentes pr\u00e9f\u00e9rences des utilisateurs, augmentant les achats r\u00e9p\u00e9t\u00e9s et r\u00e9duisant les saveurs \u00e0 rotation lente.<\/p>\n<p data-start=\"844\" data-end=\"1140\">Propuls\u00e9 par un <strong data-start=\"858\" data-end=\"889\">Batterie rechargeable de 850 mAh<\/strong> et rempli de <strong data-start=\"906\" data-end=\"926\">22 ml d'e-liquide<\/strong>, le <strong data-start=\"932\" data-end=\"960\">AL Fakher Ice Adjust 15K<\/strong> maintient un rendement constant de la premi\u00e8re \u00e0 la derni\u00e8re bouff\u00e9e. Le <strong data-start=\"1026\" data-end=\"1044\">Bobine mesh de 0,6 \u03a9<\/strong> assure une vapeur propre, une clart\u00e9 de saveur forte et une performance stable, m\u00eame lors d'une utilisation quotidienne prolong\u00e9e.<\/p>\n<p data-start=\"1142\" data-end=\"1446\">Un <strong data-start=\"1153\" data-end=\"1171\">\u00e9cran num\u00e9rique<\/strong> indique \u00e0 la fois les niveaux de batterie et de liquide, donnant confiance aux clients et r\u00e9duisant les retours de dispositifs. Avec <strong data-start=\"1272\" data-end=\"1293\">45 saveurs \u00e9prouv\u00e9es<\/strong>, le <strong data-start=\"1299\" data-end=\"1312\">Crown Bar<\/strong> la gamme soutient une rotation forte en vente au d\u00e9tail et aide les boutiques \u00e0 construire une cat\u00e9gorie de best-sellers fiable dans le <strong data-start=\"1411\" data-end=\"1438\">Cigarettes \u00c9lectroniques Jetables<\/strong> .<\/p>\n<p data-start=\"1448\" data-end=\"1645\">Si vous vous approvisionnez <strong data-start=\"1468\" data-end=\"1505\">Vapes Jetables en Gros France<\/strong>\u00a0\u00e0 un prix comp\u00e9titif avec des saveurs \u00e0 rotation rapide, le <strong data-start=\"1559\" data-end=\"1597\">Al Fakher Crown Bar 15K Ice Ajustement<\/strong> est un choix s\u00fbr et \u00e0 rotation \u00e9lev\u00e9e pour votre magasin.<\/p>\n<p><strong><span style=\"color: #ff0000;\">Ajoutez le WhatsApp d'Amy pour obtenir une bonne r\u00e9ponse et un coupon de vape !<\/span><\/strong><\/p>\n<p><img fetchpriority=\"high\" decoding=\"async\" class=\"size-full wp-image-2932\" src=\"https:\/\/vapestornado.com\/wp-content\/uploads\/2024\/12\/Vape-Wholesale.jpg\" alt=\"Vente en Gros de Vapes\" width=\"229\" height=\"300\" \/><\/p>\n<h3><a href=\"https:\/\/wa.me\/8617776015835\" target=\"_blank\" rel=\"noopener\"><span style=\"color: #ff0000;\"><strong>WhatsApp : +86 17776015835<\/strong><\/span><\/a><\/h3>\n<p>&nbsp;<\/p>\n<h2><strong>Caract\u00e9ristiques du produit Al Fakher Crown Bar 15K<\/strong><\/h2>\n<ul>\n<li data-start=\"1701\" data-end=\"1810\">\n<p data-start=\"1703\" data-end=\"1810\"><strong data-start=\"1703\" data-end=\"1719\">15 000 Bouff\u00e9es<\/strong> \u2013 Offre une performance durable qui permet aux clients de vapoter pendant des semaines avec un seul appareil.<\/p>\n<\/li>\n<li data-start=\"1811\" data-end=\"1909\">\n<p data-start=\"1813\" data-end=\"1909\"><strong data-start=\"1813\" data-end=\"1830\">E-Liquide de 22 ml<\/strong> \u2013 Grande capacit\u00e9 de liquide assurant une saveur stable sans remplacements fr\u00e9quents.<\/p>\n<\/li>\n<li data-start=\"1910\" data-end=\"1991\">\n<p data-start=\"1912\" data-end=\"1991\"><strong data-start=\"1912\" data-end=\"1930\">Bobine Mesh de 0,6 \u03a9<\/strong> \u2013 Produit une vapeur douce et une saveur pr\u00e9cise \u00e0 chaque inhalation.<\/p>\n<\/li>\n<li data-start=\"1992\" data-end=\"2075\">\n<p data-start=\"1994\" data-end=\"2075\"><strong data-start=\"1994\" data-end=\"2011\">Nicotine 0,5%<\/strong> \u2013 Offre une sensation de nicotine l\u00e9g\u00e8re et douce adapt\u00e9e \u00e0 une utilisation quotidienne.<\/p>\n<\/li>\n<li data-start=\"2076\" data-end=\"2164\">\n<p data-start=\"2078\" data-end=\"2164\"><strong data-start=\"2078\" data-end=\"2096\">Batterie de 850mAh<\/strong> \u2013 Fournit une puissance fiable tout au long de la dur\u00e9e de vie de l'appareil.<\/p>\n<\/li>\n<li data-start=\"2165\" data-end=\"2229\">\n<p data-start=\"2167\" data-end=\"2229\"><strong data-start=\"2167\" data-end=\"2185\">Charge USB-C<\/strong> \u2013 Permet une recharge plus rapide et plus stable.<\/p>\n<\/li>\n<li data-start=\"2230\" data-end=\"2319\">\n<p data-start=\"2232\" data-end=\"2319\"><strong data-start=\"2232\" data-end=\"2254\">Contr\u00f4le de r\u00e9glage de la glace<\/strong> \u2013 Permet aux utilisateurs de d\u00e9finir leur niveau de refroidissement pr\u00e9f\u00e9r\u00e9 pour chaque bouff\u00e9e.<\/p>\n<\/li>\n<li data-start=\"2320\" data-end=\"2395\">\n<p data-start=\"2322\" data-end=\"2395\"><strong data-start=\"2322\" data-end=\"2340\">\u00c9cran num\u00e9rique<\/strong> \u2013 Affiche en temps r\u00e9el le niveau de la batterie et de l'e-liquide.<\/p>\n<\/li>\n<li data-start=\"2396\" data-end=\"2474\">\n<p data-start=\"2398\" data-end=\"2474\"><strong data-start=\"2398\" data-end=\"2417\">Construction de la barre Crown<\/strong> \u2013 Un design de corps haut de gamme am\u00e9liore la durabilit\u00e9 et le flux d'air.<\/p>\n<\/li>\n<li data-start=\"2475\" data-end=\"2543\">\n<p data-start=\"2477\" data-end=\"2543\"><strong data-start=\"2477\" data-end=\"2491\">45 Saveurs<\/strong> \u2013 Favorise une rotation forte en vente au d\u00e9tail et des ventes r\u00e9p\u00e9t\u00e9es.<\/p>\n<\/li>\n<\/ul>\n<figure id=\"attachment_4791\" aria-describedby=\"caption-attachment-4791\" style=\"width: 300px\" class=\"wp-caption alignnone\"><img decoding=\"async\" class=\"size-medium wp-image-4791\" src=\"https:\/\/vapestornado.com\/wp-content\/uploads\/2026\/01\/Al-Fakher-Crown-Bar-Ice-Adjust-15K-15000-Puff-300x300.webp\" alt=\"Al Fakher Crown Bar Ice Adjust 15K 15000 Bouff\u00e9es\" width=\"300\" height=\"300\" srcset=\"https:\/\/vapestornado.com\/wp-content\/uploads\/2026\/01\/Al-Fakher-Crown-Bar-Ice-Adjust-15K-15000-Puff-300x300.webp 300w, https:\/\/vapestornado.com\/wp-content\/uploads\/2026\/01\/Al-Fakher-Crown-Bar-Ice-Adjust-15K-15000-Puff-150x150.webp 150w, https:\/\/vapestornado.com\/wp-content\/uploads\/2026\/01\/Al-Fakher-Crown-Bar-Ice-Adjust-15K-15000-Puff-768x768.webp 768w, https:\/\/vapestornado.com\/wp-content\/uploads\/2026\/01\/Al-Fakher-Crown-Bar-Ice-Adjust-15K-15000-Puff-12x12.webp 12w, https:\/\/vapestornado.com\/wp-content\/uploads\/2026\/01\/Al-Fakher-Crown-Bar-Ice-Adjust-15K-15000-Puff-600x600.webp 600w, https:\/\/vapestornado.com\/wp-content\/uploads\/2026\/01\/Al-Fakher-Crown-Bar-Ice-Adjust-15K-15000-Puff-100x100.webp 100w, https:\/\/vapestornado.com\/wp-content\/uploads\/2026\/01\/Al-Fakher-Crown-Bar-Ice-Adjust-15K-15000-Puff.webp 800w\" sizes=\"(max-width: 300px) 100vw, 300px\" \/><figcaption id=\"caption-attachment-4791\" class=\"wp-caption-text\">Al Fakher Crown Bar Ice Adjust 15K 15000 Bouff\u00e9es<\/figcaption><\/figure>\n<div>\n<div class=\"mceTemp\"><\/div>\n<\/div>\n<h2 class=\"product-title\"><strong>Liste des saveurs de la Crown Bar 15K d'Al Fakher<\/strong><\/h2>\n<p>1 Baie Bleue<br \/>\n2 Baie Ice<br \/>\n3 Cassis Ice<br \/>\n4 Cassis Menthe<br \/>\n5 Explosion de Razz Bleu<br \/>\n6 Limonade Razz Bleu<br \/>\n7 Cerise Myrtille<br \/>\n8 Gomme Myrtille<br \/>\n9 Citronnade aux Myrtilles<br \/>\n10 Menthe aux Myrtilles<br \/>\n11 Framboise aux Myrtilles<br \/>\n12 Framboise Acide Myrtille<br \/>\n13 F\u00eate aux Cerises<br \/>\n14 Fizz aux Cerises<br \/>\n15 Glace \u00e0 la Cerise<br \/>\n16 Mangue Fra\u00eeche<br \/>\n17 Fusion Pop<br \/>\n18 Raisin<br \/>\n19 Raisin et Baies<br \/>\n20 Raisin \u00e0 la Menthe<br \/>\n21 Chewing-gum \u00e0 la Menthe<br \/>\n22 Hubba<br \/>\n23 Glace Bleue<br \/>\n24 Citron Vert<br \/>\n25 Fizz Citron Vert et Cerise<br \/>\n26 Citron \u00e0 la Menthe<br \/>\n27 Glace Luxuriante<br \/>\n28 Amour Magique<br \/>\n29 Mangue Ananas<br \/>\n30 Menthol<br \/>\n31 Menthe<br \/>\n32 Baies M\u00e9lang\u00e9es<br \/>\n33 Orange Menthe<br \/>\n34 P\u00eache Glac\u00e9e<br \/>\n35 Ananas Glac\u00e9<br \/>\n36 R\u00eave Spatial<br \/>\n37 Menthe Verte<br \/>\n38 Fraise Cerise<br \/>\n39 Punch Fraise<br \/>\n40 R\u00eave d'\u00c9t\u00e9<br \/>\n41 Deux Pommes<br \/>\n42 Past\u00e8que Cerise<br \/>\n43 Past\u00e8que Kiwi<br \/>\n44 Past\u00e8que Citron Vert<br \/>\n45 Past\u00e8que Ananas<\/p>\n<h2 data-start=\"2951\" data-end=\"2994\"><strong data-start=\"2954\" data-end=\"2994\">Pourquoi les grossistes choisissent la Crown Bar 15K<\/strong><\/h2>\n<p data-start=\"2996\" data-end=\"3213\">L' <strong data-start=\"3000\" data-end=\"3028\">AL Fakher Ice Adjust 15K<\/strong> combine <strong data-start=\"3038\" data-end=\"3086\">longue dur\u00e9e de vie en bouff\u00e9e, contr\u00f4le de la glace et confiance dans la marque<\/strong> en un seul jetable, offrant aux d\u00e9taillants un produit qui se vend rapidement, fournit une qualit\u00e9 constante et fid\u00e9lise la client\u00e8le.<\/p>\n<p data-start=\"3215\" data-end=\"3339\">Commandez maintenant et s\u00e9curisez un <strong data-start=\"3238\" data-end=\"3253\">prix avantageux<\/strong> on <strong data-start=\"3257\" data-end=\"3284\">Al Fakher Crown Bar 15K<\/strong> pour votre <strong data-start=\"3294\" data-end=\"3331\">Vapes Jetables en Gros France<\/strong> l'approvisionnement.<\/p>\n<p>&nbsp;<\/p>\n<div class=\"flex-shrink-0 flex flex-col relative items-end\">\n<div class=\"pt-0\">\n<div class=\"gizmo-bot-avatar flex h-8 w-8 items-center justify-center overflow-hidden rounded-full\">\n<div class=\"relative p-1 rounded-sm flex items-center justify-center bg-token-main-surface-primary text-token-text-primary h-8 w-8\">\n<h2 data-start=\"1200\" data-end=\"1487\">Vapes Tornado \u2013 Votre boutique en ligne de vapoteurs en gros pour les vapoteurs populaires<\/h2>\n<p data-start=\"72\" data-end=\"396\"><strong data-start=\"72\" data-end=\"89\">Vapes Tornado<\/strong> est une boutique en ligne de vapoteurs en gros ax\u00e9e sur l'Europe fournissant une gamme soigneusement s\u00e9lectionn\u00e9e de <strong data-start=\"178\" data-end=\"195\">vapoteurs populaires<\/strong> pour les acheteurs professionnels. Nous travaillons avec des d\u00e9taillants, des distributeurs et des boutiques en ligne \u00e0 travers l'UE qui ont besoin d'une fourniture stable, d'informations claires sur les produits et de marques que les clients reconnaissent et en qui ils ont confiance.<\/p>\n<p data-start=\"398\" data-end=\"687\">Nous collaborons avec des noms de confiance tels que <strong data-start=\"247\" data-end=\"352\">Elf Bar Vape, WASPE Vape, <a href=\"https:\/\/vapestornado.com\/fr\/product\/uzy-150k-puffs-6-in-1-flavor-switch-disposable-vape-pen-wholesale\/\">Vape UZY<\/a>, Bang Vape, Razz Bar Vape, <a href=\"https:\/\/vapestornado.com\/fr\/product\/randm-12000-puffs-fumot-digital-disposable-vape-wholesale-price\/\">Fumot VAPE<\/a>, <a href=\"https:\/\/vapestornado.com\/fr\/product\/original-wga-ultra-35k-35000-puff-rechargeable-crystal-disposable-nicotine-vape-best-discount-price\/\">WGA VAPE<\/a>, <a href=\"https:\/\/vapestornado.com\/fr\/product\/vozol-gear-shisha-25k-25000-puffs-best-dtl-disposable-vape-hookah-cheap-price\/\">VOZOL BAR VAPE<\/a>,\u00a0et Stag Bar Vape<\/strong>, choisis pour leur qualit\u00e9 constante et leur forte demande sur le march\u00e9 europ\u00e9en.<\/p>\n<h4 data-start=\"1080\" data-end=\"1120\">Con\u00e7u pour les acheteurs en gros europ\u00e9ens<\/h4>\n<p data-start=\"1121\" data-end=\"1189\">Vapes Tornado est structur\u00e9 autour des besoins r\u00e9els des grossistes de l'UE :<\/p>\n<ul data-start=\"1190\" data-end=\"1400\">\n<li data-start=\"1190\" data-end=\"1239\">\n<p data-start=\"1192\" data-end=\"1239\">Tarifs de gros comp\u00e9titifs pour les commandes en volume<\/p>\n<\/li>\n<li data-start=\"1240\" data-end=\"1289\">\n<p data-start=\"1242\" data-end=\"1289\">Descriptions et sp\u00e9cifications claires des produits<\/p>\n<\/li>\n<li data-start=\"1290\" data-end=\"1330\">\n<p data-start=\"1292\" data-end=\"1330\">Logistique rapide et fiable orient\u00e9e EU<\/p>\n<\/li>\n<li data-start=\"1331\" data-end=\"1400\">\n<p data-start=\"1333\" data-end=\"1400\">Un catalogue ax\u00e9 sur <strong data-start=\"1356\" data-end=\"1373\">vapoteurs populaires<\/strong>, pas sur des SKUs satur\u00e9s<\/p>\n<\/li>\n<\/ul>\n<h2 data-start=\"2064\" data-end=\"2115\">FAQ sur la cigarette \u00e9lectronique jetable Al Fakher Crown Bar 15K<\/h2>\n<p data-start=\"3359\" data-end=\"3484\"><strong data-start=\"3359\" data-end=\"3413\">1. Combien de temps dure la Crown Bar 15K d'Al Fakher?<\/strong><br data-start=\"3413\" data-end=\"3416\" \/>Avec jusqu'\u00e0 15 000 bouff\u00e9es, elle peut durer plusieurs semaines selon l'utilisation quotidienne.<\/p>\n<p data-start=\"3486\" data-end=\"3605\"><strong data-start=\"3486\" data-end=\"3532\">2. Les clients peuvent-ils ajuster le niveau de refroidissement ?<\/strong><br data-start=\"3532\" data-end=\"3535\" \/>Oui, le syst\u00e8me Ice Adjust permet aux utilisateurs de choisir la sensation de froid de chaque bouff\u00e9e.<\/p>\n<p data-start=\"3607\" data-end=\"3700\"><strong data-start=\"3607\" data-end=\"3642\">3. La batterie est-elle rechargeable ?<\/strong><br data-start=\"3642\" data-end=\"3645\" \/>Oui, elle poss\u00e8de une batterie de 850mAh avec une charge rapide USB-C.<\/p>\n<p data-start=\"3702\" data-end=\"3807\"><strong data-start=\"3702\" data-end=\"3744\">4. Quelle est la force de nicotine qu'il utilise ?<\/strong><br data-start=\"3744\" data-end=\"3747\" \/>L'appareil est livr\u00e9 avec une nicotine 0,5% pour une sensation douce et l\u00e9g\u00e8re.<\/p>\n<p data-start=\"3809\" data-end=\"3972\"><strong data-start=\"3809\" data-end=\"3857\">5. Cela convient-il \u00e0 la vente en gros en France ?<\/strong><br data-start=\"3857\" data-end=\"3860\" \/>Oui, il est con\u00e7u pour <strong data-start=\"3884\" data-end=\"3921\">Vapes Jetables en Gros France<\/strong> avec un fort attrait pour le d\u00e9tail et des saveurs \u00e0 rotation rapide.<\/p>\n<\/div>\n<\/div>\n<\/div>\n<\/div>","protected":false},"excerpt":{"rendered":"<p data-start=\"4393\" data-end=\"4476\"><strong data-start=\"4393\" data-end=\"4474\">AL Fakher Crown Bar 15K Ice Adjust \u2013 Cigarettes \u00c9lectroniques Jetables en Gros France<\/strong><\/p>\n<p data-start=\"4480\" data-end=\"4550\"><strong data-start=\"4480\" data-end=\"4548\">Al Fakher Ice Adjust 15K Crown Bar | 15 000 Bouff\u00e9es \u00e0 Prix Bas<\/strong><\/p>\n<p data-start=\"4554\" data-end=\"4622\" data-is-last-node=\"\"><strong data-start=\"4554\" data-end=\"4622\" data-is-last-node=\"\">Crown Bar 15K Vape Jetable \u2013 Contr\u00f4le de la Glace &amp; Approvisionnement en Gros Europe<\/strong><\/p>\n<p><strong>Ajoutez le WhatsApp d'Amy pour obtenir une r\u00e9ponse rapide et un prix r\u00e9duit !<\/strong><\/p>\n<p><img fetchpriority=\"high\" decoding=\"async\" class=\"size-full wp-image-2932\" src=\"https:\/\/vapestornado.com\/wp-content\/uploads\/2024\/12\/Vape-Wholesale.jpg\" alt=\"Vente en Gros de Vapes\" width=\"229\" height=\"300\" \/><\/p>\n<h3><a href=\"https:\/\/wa.me\/8617776015835\"><span style=\"color: #ff0000;\"><strong>WhatsApp : +86 17776015835<\/strong><\/span><\/a><\/h3>","protected":false},"featured_media":4790,"comment_status":"open","ping_status":"closed","template":"","meta":{"_acf_changed":false,"_uag_custom_page_level_css":"","_lmt_disableupdate":"no","_lmt_disable":"","_monsterinsights_skip_tracking":false,"_monsterinsights_sitenote_active":false,"_monsterinsights_sitenote_note":"","_monsterinsights_sitenote_category":0,"site-sidebar-layout":"default","site-content-layout":"","ast-site-content-layout":"default","site-content-style":"default","site-sidebar-style":"default","ast-global-header-display":"","ast-banner-title-visibility":"","ast-main-header-display":"","ast-hfb-above-header-display":"","ast-hfb-below-header-display":"","ast-hfb-mobile-header-display":"","site-post-title":"","ast-breadcrumbs-content":"","ast-featured-img":"","footer-sml-layout":"","ast-disable-related-posts":"","theme-transparent-header-meta":"default","adv-header-id-meta":"","stick-header-meta":"","header-above-stick-meta":"","header-main-stick-meta":"","header-below-stick-meta":"","astra-migrate-meta-layouts":"set","ast-page-background-enabled":"default","ast-page-background-meta":{"desktop":{"background-color":"","background-image":"","background-repeat":"repeat","background-position":"center center","background-size":"auto","background-attachment":"scroll","background-type":"","background-media":"","overlay-type":"","overlay-color":"","overlay-opacity":"","overlay-gradient":""},"tablet":{"background-color":"","background-image":"","background-repeat":"repeat","background-position":"center center","background-size":"auto","background-attachment":"scroll","background-type":"","background-media":"","overlay-type":"","overlay-color":"","overlay-opacity":"","overlay-gradient":""},"mobile":{"background-color":"","background-image":"","background-repeat":"repeat","background-position":"center center","background-size":"auto","background-attachment":"scroll","background-type":"","background-media":"","overlay-type":"","overlay-color":"","overlay-opacity":"","overlay-gradient":""}},"ast-content-background-meta":{"desktop":{"background-color":"var(--ast-global-color-5)","background-image":"","background-repeat":"repeat","background-position":"center center","background-size":"auto","background-attachment":"scroll","background-type":"","background-media":"","overlay-type":"","overlay-color":"","overlay-opacity":"","overlay-gradient":""},"tablet":{"background-color":"var(--ast-global-color-5)","background-image":"","background-repeat":"repeat","background-position":"center center","background-size":"auto","background-attachment":"scroll","background-type":"","background-media":"","overlay-type":"","overlay-color":"","overlay-opacity":"","overlay-gradient":""},"mobile":{"background-color":"var(--ast-global-color-5)","background-image":"","background-repeat":"repeat","background-position":"center center","background-size":"auto","background-attachment":"scroll","background-type":"","background-media":"","overlay-type":"","overlay-color":"","overlay-opacity":"","overlay-gradient":""}},"_joinchat":[]},"product_brand":[],"product_cat":[71,531,140,150,152,156,158,142,146,147],"product_tag":[541,542,317,540,538,291,539,513,512],"class_list":{"0":"post-4795","1":"product","2":"type-product","3":"status-publish","4":"has-post-thumbnail","6":"product_cat-15000-puff","7":"product_cat-al-fakher-crown-bar","8":"product_cat-big-puffs-disposable-vapes","9":"product_cat-buy-disposable-vapes-in-belgium","10":"product_cat-buy-disposable-vapes-in-cermany","11":"product_cat-buy-disposable-vapes-in-poland","12":"product_cat-buy-disposable-vapes-in-spain","13":"product_cat-digital-box-disposable-vapes","14":"product_cat-rechargeable-disposable-vapes","15":"product_cat-shisha-hookah-disposable-vapes","16":"product_tag-al-fakher-15k-ice-adjust","17":"product_tag-al-fakher-15k-sound-adjust","18":"product_tag-al-fakher-crown-bar","19":"product_tag-al-fakher-crown-bar-15k","20":"product_tag-disposable-e-shisha","21":"product_tag-disposable-shisha-hookah","22":"product_tag-hookah-shisha","23":"product_tag-vape-discount-price","24":"product_tag-vape-wholesale-distributor","25":"desktop-align-left","26":"tablet-align-left","27":"mobile-align-left","29":"first","30":"instock","31":"sale","32":"shipping-taxable","33":"purchasable","34":"product-type-simple"},"acf":[],"uagb_featured_image_src":{"full":["https:\/\/vapestornado.com\/wp-content\/uploads\/2026\/01\/Al-Fakher-Crown-Bar-15K-Ice-Adjust-Disposable-Vape-Wholesale.webp",800,800,false],"thumbnail":["https:\/\/vapestornado.com\/wp-content\/uploads\/2026\/01\/Al-Fakher-Crown-Bar-15K-Ice-Adjust-Disposable-Vape-Wholesale-150x150.webp",150,150,true],"medium":["https:\/\/vapestornado.com\/wp-content\/uploads\/2026\/01\/Al-Fakher-Crown-Bar-15K-Ice-Adjust-Disposable-Vape-Wholesale-300x300.webp",300,300,true],"medium_large":["https:\/\/vapestornado.com\/wp-content\/uploads\/2026\/01\/Al-Fakher-Crown-Bar-15K-Ice-Adjust-Disposable-Vape-Wholesale-768x768.webp",768,768,true],"large":["https:\/\/vapestornado.com\/wp-content\/uploads\/2026\/01\/Al-Fakher-Crown-Bar-15K-Ice-Adjust-Disposable-Vape-Wholesale.webp",800,800,false],"1536x1536":["https:\/\/vapestornado.com\/wp-content\/uploads\/2026\/01\/Al-Fakher-Crown-Bar-15K-Ice-Adjust-Disposable-Vape-Wholesale.webp",800,800,false],"2048x2048":["https:\/\/vapestornado.com\/wp-content\/uploads\/2026\/01\/Al-Fakher-Crown-Bar-15K-Ice-Adjust-Disposable-Vape-Wholesale.webp",800,800,false],"trp-custom-language-flag":["https:\/\/vapestornado.com\/wp-content\/uploads\/2026\/01\/Al-Fakher-Crown-Bar-15K-Ice-Adjust-Disposable-Vape-Wholesale-12x12.webp",12,12,true],"woocommerce_thumbnail":["https:\/\/vapestornado.com\/wp-content\/uploads\/2026\/01\/Al-Fakher-Crown-Bar-15K-Ice-Adjust-Disposable-Vape-Wholesale-300x300.webp",300,300,true],"woocommerce_single":["https:\/\/vapestornado.com\/wp-content\/uploads\/2026\/01\/Al-Fakher-Crown-Bar-15K-Ice-Adjust-Disposable-Vape-Wholesale-600x600.webp",600,600,true],"woocommerce_gallery_thumbnail":["https:\/\/vapestornado.com\/wp-content\/uploads\/2026\/01\/Al-Fakher-Crown-Bar-15K-Ice-Adjust-Disposable-Vape-Wholesale-100x100.webp",100,100,true]},"uagb_author_info":{"display_name":"ESAMY","author_link":"https:\/\/vapestornado.com\/fr\/author\/"},"uagb_comment_info":0,"uagb_excerpt":"AL Fakher Crown Bar 15K Ice Adjust \u2013 Wholesale Disposable E Cigarettes France Al Fakher Ice Adjust 15K Crown Bar | 15,000 Puffs at Cheap Price Crown Bar 15K Disposable Vape \u2013 Ice Control &amp; Bulk Supply Europe Add Amy's whatsapp to get right reply and discount price! WhatsApp: +86 17776015835","_links":{"self":[{"href":"https:\/\/vapestornado.com\/fr\/wp-json\/wp\/v2\/product\/4795","targetHints":{"allow":["GET"]}}],"collection":[{"href":"https:\/\/vapestornado.com\/fr\/wp-json\/wp\/v2\/product"}],"about":[{"href":"https:\/\/vapestornado.com\/fr\/wp-json\/wp\/v2\/types\/product"}],"replies":[{"embeddable":true,"href":"https:\/\/vapestornado.com\/fr\/wp-json\/wp\/v2\/comments?post=4795"}],"wp:featuredmedia":[{"embeddable":true,"href":"https:\/\/vapestornado.com\/fr\/wp-json\/wp\/v2\/media\/4790"}],"wp:attachment":[{"href":"https:\/\/vapestornado.com\/fr\/wp-json\/wp\/v2\/media?parent=4795"}],"wp:term":[{"taxonomy":"product_brand","embeddable":true,"href":"https:\/\/vapestornado.com\/fr\/wp-json\/wp\/v2\/product_brand?post=4795"},{"taxonomy":"product_cat","embeddable":true,"href":"https:\/\/vapestornado.com\/fr\/wp-json\/wp\/v2\/product_cat?post=4795"},{"taxonomy":"product_tag","embeddable":true,"href":"https:\/\/vapestornado.com\/fr\/wp-json\/wp\/v2\/product_tag?post=4795"}],"curies":[{"name":"wp","href":"https:\/\/api.w.org\/{rel}","templated":true}]}}