{"id":4788,"date":"2026-01-09T08:31:41","date_gmt":"2026-01-09T08:31:41","guid":{"rendered":"https:\/\/vapestornado.com\/?post_type=product&#038;p=4788"},"modified":"2026-01-09T08:59:59","modified_gmt":"2026-01-09T08:59:59","slug":"al-fakher-60k-ehose-x-disposable-vape-crown-bar-60000-puffs-shisha-hookah-low-price","status":"publish","type":"product","link":"https:\/\/vapestornado.com\/fr\/product\/al-fakher-60k-ehose-x-disposable-vape-crown-bar-60000-puffs-shisha-hookah-low-price\/","title":{"rendered":"Al Fakher 60k EHose X Vape Jetable Crown Bar 60000 Bouff\u00e9es Shisha Narguil\u00e9 Prix Bas"},"content":{"rendered":"<h1 data-start=\"0\" data-end=\"87\">Al Fakher Mega Max 40K Bouff\u00e9es E-Shisha Jetable Crown Bar avec Flux d'Air Ajustable<\/h1>\n<p data-start=\"233\" data-end=\"642\">L' <strong data-start=\"237\" data-end=\"289\">Al Fakher 60K E-Hose X Vape Jetable Crown Bar<\/strong> est con\u00e7u pour les acheteurs qui exigent une fiabilit\u00e9 \u00e0 long terme, une forte production de saveur, et une vapeur de niveau shisha en format jetable. Con\u00e7u pour <strong data-start=\"431\" data-end=\"480\">la distribution de d\u00e9tail et en gros \u00e0 volume \u00e9lev\u00e9<\/strong>, ce mod\u00e8le offre jusqu'\u00e0 <strong data-start=\"508\" data-end=\"524\">60 000 bouff\u00e9es<\/strong> avec des performances stables, ce qui en fait l'un des <strong data-start=\"591\" data-end=\"627\">vapes de narguil\u00e9 jetables \u00e0 gros puff les plus \u00e9conomiques<\/strong> sur le march\u00e9.<\/p>\n<p data-start=\"644\" data-end=\"998\">Con\u00e7u autour d'un \u00e9norme <strong data-start=\"667\" data-end=\"694\">r\u00e9servoir de e-liquide de 50 ml<\/strong> et une <strong data-start=\"701\" data-end=\"736\">bobine en mesh haute performance 0,6\u03a9<\/strong>, le <strong data-start=\"742\" data-end=\"769\">Al Fakher CRYSTAL 60000<\/strong> maintient une vapeur dense et une saveur propre du premier inhalation au dernier. Contrairement aux dispositifs jetables \u00e0 courte dur\u00e9e de vie qui s'estompent rapidement, ce syst\u00e8me est r\u00e9gl\u00e9 pour une livraison coh\u00e9rente, ce qui est essentiel pour les ventes r\u00e9p\u00e9t\u00e9es et la fid\u00e9lisation de la client\u00e8le.<\/p>\n<p data-start=\"1000\" data-end=\"1348\">L'appareil prend en charge <strong data-start=\"1020\" data-end=\"1040\">mode de vapotage double<\/strong>, permettant aux utilisateurs de passer entre <strong data-start=\"1075\" data-end=\"1099\">DL (direct vers les poumons)<\/strong> pour des sessions de chicha riches en nuages et <strong data-start=\"1136\" data-end=\"1159\">tirage MTL (bouche-\u00e0-poumon)<\/strong> pour une aspiration plus contr\u00f4l\u00e9e. Cette flexibilit\u00e9 rend la <strong data-start=\"1215\" data-end=\"1250\">Al Fakher Crown Bar Crystal 60K<\/strong> adapt\u00e9 \u00e0 la fois aux amateurs de narguil\u00e9 et aux utilisateurs r\u00e9guliers de vapoteuses jetables, augmentant ainsi sa port\u00e9e commerciale.<\/p>\n<p data-start=\"1350\" data-end=\"1704\">A <strong data-start=\"1352\" data-end=\"1384\">batterie rechargeable de 1000 mAh<\/strong> associ\u00e9 \u00e0 <strong data-start=\"1397\" data-end=\"1421\">Charge rapide Type-C<\/strong> maintient l'appareil en fonctionnement sans interruption. Le <strong data-start=\"1478\" data-end=\"1503\">affichage num\u00e9rique intelligent<\/strong> affiche en temps r\u00e9el les niveaux de batterie et de e-liquide, r\u00e9duisant la frustration de l'utilisateur et am\u00e9liorant la qualit\u00e9 per\u00e7ue du produit \u2014 un facteur important dans les march\u00e9s concurrentiels <strong data-start=\"1652\" data-end=\"1688\">Vapes Jetables en Gros France<\/strong> et march\u00e9s europ\u00e9ens.<\/p>\n<p data-start=\"1706\" data-end=\"1900\">Pour les grossistes \u00e0 la recherche de <strong data-start=\"1734\" data-end=\"1787\">prix bas, nombre \u00e9lev\u00e9 de bouff\u00e9es, et forte attraction de marque<\/strong>, le <strong data-start=\"1793\" data-end=\"1819\">Al Fakher 60K E-Hose X<\/strong> offre une combinaison \u00e9quilibr\u00e9e de performance, durabilit\u00e9 et stabilit\u00e9 des ventes.<\/p>\n<p><strong><span style=\"color: #ff0000;\">Ajoutez le WhatsApp d'Amy pour obtenir une bonne r\u00e9ponse et un coupon de vape !<\/span><\/strong><\/p>\n<p><img fetchpriority=\"high\" decoding=\"async\" class=\"size-full wp-image-2932\" src=\"https:\/\/vapestornado.com\/wp-content\/uploads\/2024\/12\/Vape-Wholesale.jpg\" alt=\"Vente en Gros de Vapes\" width=\"229\" height=\"300\" \/><\/p>\n<h3><a href=\"https:\/\/wa.me\/8617776015835\" target=\"_blank\" rel=\"noopener\"><span style=\"color: #ff0000;\"><strong>WhatsApp : +86 17776015835<\/strong><\/span><\/a><\/h3>\n<p>&nbsp;<\/p>\n<h2><strong>Caract\u00e9ristiques du produit Al Fakher 60k Bouff\u00e9es<\/strong><\/h2>\n<ul>\n<li data-start=\"1956\" data-end=\"2043\">\n<p data-start=\"1958\" data-end=\"2043\"><strong data-start=\"1958\" data-end=\"1975\">60 000 Bouff\u00e9es :<\/strong> Con\u00e7u pour une utilisation prolong\u00e9e sans diminution pr\u00e9coce de la vapeur ou de la saveur.<\/p>\n<\/li>\n<li data-start=\"2044\" data-end=\"2151\">\n<p data-start=\"2046\" data-end=\"2151\"><strong data-start=\"2046\" data-end=\"2073\">Capacit\u00e9 de e-liquide de 50 ml:<\/strong> Grand r\u00e9servoir interne r\u00e9duit la fr\u00e9quence de remplacement et augmente la valeur pour l'utilisateur.<\/p>\n<\/li>\n<li data-start=\"2152\" data-end=\"2230\">\n<p data-start=\"2154\" data-end=\"2230\"><strong data-start=\"2154\" data-end=\"2175\">Mode de vapotage double :<\/strong> Prend en charge \u00e0 la fois DTL et MTL pour un attrait plus large aupr\u00e8s des clients.<\/p>\n<\/li>\n<li data-start=\"2231\" data-end=\"2323\">\n<p data-start=\"2233\" data-end=\"2323\"><strong data-start=\"2233\" data-end=\"2252\">R\u00e9sistance Mesh 0,6\u03a9 :<\/strong> Offre un flux d'air fluide, de grosses nuages et une saveur constante.<\/p>\n<\/li>\n<li data-start=\"2324\" data-end=\"2406\">\n<p data-start=\"2326\" data-end=\"2406\"><strong data-start=\"2326\" data-end=\"2346\">Batterie 1000mAh :<\/strong> Syst\u00e8me d'alimentation rechargeable con\u00e7u pour une utilisation intensive quotidienne.<\/p>\n<\/li>\n<li data-start=\"2407\" data-end=\"2492\">\n<p data-start=\"2409\" data-end=\"2492\"><strong data-start=\"2409\" data-end=\"2429\">Charge Type-C :<\/strong> Recharge plus rapide et plus stable avec une compatibilit\u00e9 moderne.<\/p>\n<\/li>\n<li data-start=\"2493\" data-end=\"2582\">\n<p data-start=\"2495\" data-end=\"2582\"><strong data-start=\"2495\" data-end=\"2521\">Affichage num\u00e9rique intelligent :<\/strong> Indique les niveaux de batterie et de liquide pour une utilisation fiable au quotidien.<\/p>\n<\/li>\n<li data-start=\"2583\" data-end=\"2666\">\n<p data-start=\"2585\" data-end=\"2666\"><strong data-start=\"2585\" data-end=\"2614\">Force de nicotine 6mg\/ml :<\/strong> Distribution \u00e9quilibr\u00e9e con\u00e7ue pour le vapotage de style chicha.<\/p>\n<\/li>\n<\/ul>\n<div>\n<figure id=\"attachment_4783\" aria-describedby=\"caption-attachment-4783\" style=\"width: 300px\" class=\"wp-caption alignnone\"><img decoding=\"async\" class=\"size-medium wp-image-4783\" src=\"https:\/\/vapestornado.com\/wp-content\/uploads\/2026\/01\/AL-Fakher-60k-Crown-Bar-EHOSE-X-60000-Puff-Disposable-Vape-300x300.webp\" alt=\"Al Fakher 60k Crown Bar EHOSE X Vape Jetable\" width=\"300\" height=\"300\" srcset=\"https:\/\/vapestornado.com\/wp-content\/uploads\/2026\/01\/AL-Fakher-60k-Crown-Bar-EHOSE-X-60000-Puff-Disposable-Vape-300x300.webp 300w, https:\/\/vapestornado.com\/wp-content\/uploads\/2026\/01\/AL-Fakher-60k-Crown-Bar-EHOSE-X-60000-Puff-Disposable-Vape-150x150.webp 150w, https:\/\/vapestornado.com\/wp-content\/uploads\/2026\/01\/AL-Fakher-60k-Crown-Bar-EHOSE-X-60000-Puff-Disposable-Vape-768x768.webp 768w, https:\/\/vapestornado.com\/wp-content\/uploads\/2026\/01\/AL-Fakher-60k-Crown-Bar-EHOSE-X-60000-Puff-Disposable-Vape-12x12.webp 12w, https:\/\/vapestornado.com\/wp-content\/uploads\/2026\/01\/AL-Fakher-60k-Crown-Bar-EHOSE-X-60000-Puff-Disposable-Vape-600x600.webp 600w, https:\/\/vapestornado.com\/wp-content\/uploads\/2026\/01\/AL-Fakher-60k-Crown-Bar-EHOSE-X-60000-Puff-Disposable-Vape-100x100.webp 100w, https:\/\/vapestornado.com\/wp-content\/uploads\/2026\/01\/AL-Fakher-60k-Crown-Bar-EHOSE-X-60000-Puff-Disposable-Vape.webp 800w\" sizes=\"(max-width: 300px) 100vw, 300px\" \/><figcaption id=\"caption-attachment-4783\" class=\"wp-caption-text\">Al Fakher 60k Crown Bar EHOSE X Vape Jetable<\/figcaption><\/figure>\n<\/div>\n<h2 class=\"product-title\"><strong>Liste des saveurs de Al Fakher 60k EHose X Vape Jetable<\/strong><\/h2>\n<p>1 Baie Bleue<br \/>\n2 Baie Ice<br \/>\n3 Cassis Ice<br \/>\n4 Cassis Menthe<br \/>\n5 Explosion de Razz Bleu<br \/>\n6 Limonade Razz Bleu<br \/>\n7 Cerise Myrtille<br \/>\n8 Gomme Myrtille<br \/>\n9 Citronnade aux Myrtilles<br \/>\n10 Menthe aux Myrtilles<br \/>\n11 Framboise aux Myrtilles<br \/>\n12 Framboise Acide Myrtille<br \/>\n13 F\u00eate aux Cerises<br \/>\n14 Fizz aux Cerises<br \/>\n15 Glace \u00e0 la Cerise<br \/>\n16 Mangue Fra\u00eeche<br \/>\n17 Fusion Pop<br \/>\n18 Raisin<br \/>\n19 Raisin et Baies<br \/>\n20 Raisin \u00e0 la Menthe<br \/>\n21 Chewing-gum \u00e0 la Menthe<br \/>\n22 Hubba<br \/>\n23 Glace Bleue<br \/>\n24 Citron Vert<br \/>\n25 Fizz Citron Vert et Cerise<br \/>\n26 Citron \u00e0 la Menthe<br \/>\n27 Glace Luxuriante<br \/>\n28 Amour Magique<br \/>\n29 Mangue Ananas<br \/>\n30 Menthol<br \/>\n31 Menthe<br \/>\n32 Baies M\u00e9lang\u00e9es<br \/>\n33 Orange Menthe<br \/>\n34 P\u00eache Glac\u00e9e<br \/>\n35 Ananas Glac\u00e9<br \/>\n36 R\u00eave Spatial<br \/>\n37 Menthe Verte<br \/>\n38 Fraise Cerise<br \/>\n39 Punch Fraise<br \/>\n40 R\u00eave d'\u00c9t\u00e9<br \/>\n41 Deux Pommes<br \/>\n42 Past\u00e8que Cerise<br \/>\n43 Past\u00e8que Kiwi<br \/>\n44 Past\u00e8que Citron Vert<br \/>\n45 Past\u00e8que Ananas<\/p>\n<div class=\"flex-shrink-0 flex flex-col relative items-end\">\n<div class=\"pt-0\">\n<div class=\"gizmo-bot-avatar flex h-8 w-8 items-center justify-center overflow-hidden rounded-full\">\n<div class=\"relative p-1 rounded-sm flex items-center justify-center bg-token-main-surface-primary text-token-text-primary h-8 w-8\">\n<h2 data-start=\"1200\" data-end=\"1487\">Vapes Tornado \u2013 Votre boutique en ligne de vapoteurs en gros pour les vapoteurs populaires<\/h2>\n<p data-start=\"72\" data-end=\"396\"><strong data-start=\"72\" data-end=\"89\">Vapes Tornado<\/strong> est une boutique en ligne de vapoteurs en gros ax\u00e9e sur l'Europe fournissant une gamme soigneusement s\u00e9lectionn\u00e9e de <strong data-start=\"178\" data-end=\"195\">vapoteurs populaires<\/strong> pour les acheteurs professionnels. Nous travaillons avec des d\u00e9taillants, des distributeurs et des boutiques en ligne \u00e0 travers l'UE qui ont besoin d'une fourniture stable, d'informations claires sur les produits et de marques que les clients reconnaissent et en qui ils ont confiance.<\/p>\n<p data-start=\"398\" data-end=\"687\">Nous collaborons avec des noms de confiance tels que <strong data-start=\"247\" data-end=\"352\">Elf Bar Vape, WASPE Vape, <a href=\"https:\/\/vapestornado.com\/fr\/product\/uzy-150k-puffs-6-in-1-flavor-switch-disposable-vape-pen-wholesale\/\">Vape UZY<\/a>, Bang Vape, Razz Bar Vape, <a href=\"https:\/\/vapestornado.com\/fr\/product\/randm-12000-puffs-fumot-digital-disposable-vape-wholesale-price\/\">Fumot VAPE<\/a>, <a href=\"https:\/\/vapestornado.com\/fr\/product\/original-wga-ultra-35k-35000-puff-rechargeable-crystal-disposable-nicotine-vape-best-discount-price\/\">WGA VAPE<\/a>, <a href=\"https:\/\/vapestornado.com\/fr\/product\/vozol-gear-shisha-25k-25000-puffs-best-dtl-disposable-vape-hookah-cheap-price\/\">VOZOL BAR VAPE<\/a>,\u00a0et Stag Bar Vape<\/strong>, choisis pour leur qualit\u00e9 constante et leur forte demande sur le march\u00e9 europ\u00e9en.<\/p>\n<h4 data-start=\"1080\" data-end=\"1120\">Con\u00e7u pour les acheteurs en gros europ\u00e9ens<\/h4>\n<p data-start=\"1121\" data-end=\"1189\">Vapes Tornado est structur\u00e9 autour des besoins r\u00e9els des grossistes de l'UE :<\/p>\n<ul data-start=\"1190\" data-end=\"1400\">\n<li data-start=\"1190\" data-end=\"1239\">\n<p data-start=\"1192\" data-end=\"1239\">Tarifs de gros comp\u00e9titifs pour les commandes en volume<\/p>\n<\/li>\n<li data-start=\"1240\" data-end=\"1289\">\n<p data-start=\"1242\" data-end=\"1289\">Descriptions et sp\u00e9cifications claires des produits<\/p>\n<\/li>\n<li data-start=\"1290\" data-end=\"1330\">\n<p data-start=\"1292\" data-end=\"1330\">Logistique rapide et fiable orient\u00e9e EU<\/p>\n<\/li>\n<li data-start=\"1331\" data-end=\"1400\">\n<p data-start=\"1333\" data-end=\"1400\">Un catalogue ax\u00e9 sur <strong data-start=\"1356\" data-end=\"1373\">vapoteurs populaires<\/strong>, pas sur des SKUs satur\u00e9s<\/p>\n<\/li>\n<\/ul>\n<h2 data-start=\"2064\" data-end=\"2115\">Questions fr\u00e9quentes sur Al Fakher 60k EHose X Vape Jetable<\/h2>\n<p data-start=\"3387\" data-end=\"3541\"><strong data-start=\"3387\" data-end=\"3441\">1. Pour qui est con\u00e7u l'Al Fakher 60K E-Hose X ?<\/strong><br data-start=\"3441\" data-end=\"3444\" \/>Il est con\u00e7u pour les amateurs de chicha et les utilisateurs de produits jetables \u00e0 forte consommation qui recherchent une performance durable.<\/p>\n<p data-start=\"3543\" data-end=\"3668\"><strong data-start=\"3543\" data-end=\"3587\">2. Les utilisateurs peuvent-ils passer du DTL au MTL ?<\/strong><br data-start=\"3587\" data-end=\"3590\" \/>Oui, le mode de vapotage double permet \u00e0 la fois le style direct-lung et mouth-to-lung.<\/p>\n<p data-start=\"3670\" data-end=\"3796\"><strong data-start=\"3670\" data-end=\"3708\">3. Combien de temps dure la batterie ?<\/strong><br data-start=\"3708\" data-end=\"3711\" \/>La batterie de 1000mAh supporte une utilisation quotidienne prolong\u00e9e et peut \u00eatre recharg\u00e9e rapidement avec Type-C.<\/p>\n<p data-start=\"3798\" data-end=\"3944\"><strong data-start=\"3798\" data-end=\"3857\">4. La saveur reste-t-elle constante tout au long des 60 000 bouff\u00e9es ?<\/strong><br data-start=\"3857\" data-end=\"3860\" \/>La r\u00e9sistance en mesh et le syst\u00e8me de e-liquide de 50ml aident \u00e0 maintenir une saveur et une vapeur stables.<\/p>\n<p data-start=\"3946\" data-end=\"4135\"><strong data-start=\"3946\" data-end=\"4028\">5. Ce mod\u00e8le convient-il pour la vente en gros de vapoteuses jetables sur le march\u00e9 fran\u00e7ais et europ\u00e9en ?<\/strong><br data-start=\"4028\" data-end=\"4031\" \/>Oui, il est con\u00e7u pour une distribution \u00e0 grande \u00e9chelle avec des performances fiables et une forte reconnaissance de marque.<\/p>\n<\/div>\n<\/div>\n<\/div>\n<\/div>","protected":false},"excerpt":{"rendered":"<p data-start=\"4645\" data-end=\"4728\"><strong data-start=\"0\" data-end=\"26\" data-is-only-node=\"\">Al Fakher 60K E-Hose X<\/strong> offre jusqu'\u00e0 <strong data-start=\"42\" data-end=\"58\">60 000 bouff\u00e9es<\/strong> avec une vapeur douce de style shisha, <strong data-start=\"91\" data-end=\"111\">mode de vapotage double<\/strong>, et une puissance <strong data-start=\"128\" data-end=\"160\">batterie rechargeable de 1000 mAh<\/strong>. Con\u00e7u pour des ventes \u00e0 volume \u00e9lev\u00e9, ce <strong data-start=\"196\" data-end=\"223\">Crown Bar Crystal 60000<\/strong> offre une saveur forte, une longue dur\u00e9e de vie, et <strong data-start=\"261\" data-end=\"300\">vape jetable en gros \u00e0 prix bas<\/strong> dans toute l'Europe.<\/p>\n<p><strong>Ajoutez le WhatsApp d'Amy pour obtenir une r\u00e9ponse rapide et un prix r\u00e9duit !<\/strong><\/p>\n<p><img fetchpriority=\"high\" decoding=\"async\" class=\"size-full wp-image-2932\" src=\"https:\/\/vapestornado.com\/wp-content\/uploads\/2024\/12\/Vape-Wholesale.jpg\" alt=\"Vente en Gros de Vapes\" width=\"229\" height=\"300\" \/><\/p>\n<h3><a href=\"https:\/\/wa.me\/8617776015835\"><span style=\"color: #ff0000;\"><strong>WhatsApp : +86 17776015835<\/strong><\/span><\/a><\/h3>","protected":false},"featured_media":4784,"comment_status":"open","ping_status":"closed","template":"","meta":{"_acf_changed":false,"_uag_custom_page_level_css":"","_lmt_disableupdate":"no","_lmt_disable":"","_monsterinsights_skip_tracking":false,"_monsterinsights_sitenote_active":false,"_monsterinsights_sitenote_note":"","_monsterinsights_sitenote_category":0,"site-sidebar-layout":"default","site-content-layout":"","ast-site-content-layout":"default","site-content-style":"default","site-sidebar-style":"default","ast-global-header-display":"","ast-banner-title-visibility":"","ast-main-header-display":"","ast-hfb-above-header-display":"","ast-hfb-below-header-display":"","ast-hfb-mobile-header-display":"","site-post-title":"","ast-breadcrumbs-content":"","ast-featured-img":"","footer-sml-layout":"","ast-disable-related-posts":"","theme-transparent-header-meta":"default","adv-header-id-meta":"","stick-header-meta":"","header-above-stick-meta":"","header-main-stick-meta":"","header-below-stick-meta":"","astra-migrate-meta-layouts":"set","ast-page-background-enabled":"default","ast-page-background-meta":{"desktop":{"background-color":"","background-image":"","background-repeat":"repeat","background-position":"center center","background-size":"auto","background-attachment":"scroll","background-type":"","background-media":"","overlay-type":"","overlay-color":"","overlay-opacity":"","overlay-gradient":""},"tablet":{"background-color":"","background-image":"","background-repeat":"repeat","background-position":"center center","background-size":"auto","background-attachment":"scroll","background-type":"","background-media":"","overlay-type":"","overlay-color":"","overlay-opacity":"","overlay-gradient":""},"mobile":{"background-color":"","background-image":"","background-repeat":"repeat","background-position":"center center","background-size":"auto","background-attachment":"scroll","background-type":"","background-media":"","overlay-type":"","overlay-color":"","overlay-opacity":"","overlay-gradient":""}},"ast-content-background-meta":{"desktop":{"background-color":"var(--ast-global-color-5)","background-image":"","background-repeat":"repeat","background-position":"center center","background-size":"auto","background-attachment":"scroll","background-type":"","background-media":"","overlay-type":"","overlay-color":"","overlay-opacity":"","overlay-gradient":""},"tablet":{"background-color":"var(--ast-global-color-5)","background-image":"","background-repeat":"repeat","background-position":"center center","background-size":"auto","background-attachment":"scroll","background-type":"","background-media":"","overlay-type":"","overlay-color":"","overlay-opacity":"","overlay-gradient":""},"mobile":{"background-color":"var(--ast-global-color-5)","background-image":"","background-repeat":"repeat","background-position":"center center","background-size":"auto","background-attachment":"scroll","background-type":"","background-media":"","overlay-type":"","overlay-color":"","overlay-opacity":"","overlay-gradient":""}},"_joinchat":[]},"product_brand":[],"product_cat":[343,531,140,150,152,156,158,142,146,147],"product_tag":[537,536,317,538,291,539,513,512],"class_list":{"0":"post-4788","1":"product","2":"type-product","3":"status-publish","4":"has-post-thumbnail","6":"product_cat-60000-puff","7":"product_cat-al-fakher-crown-bar","8":"product_cat-big-puffs-disposable-vapes","9":"product_cat-buy-disposable-vapes-in-belgium","10":"product_cat-buy-disposable-vapes-in-cermany","11":"product_cat-buy-disposable-vapes-in-poland","12":"product_cat-buy-disposable-vapes-in-spain","13":"product_cat-digital-box-disposable-vapes","14":"product_cat-rechargeable-disposable-vapes","15":"product_cat-shisha-hookah-disposable-vapes","16":"product_tag-al-fakher-60000","17":"product_tag-al-fakher-60k-ehose-x","18":"product_tag-al-fakher-crown-bar","19":"product_tag-disposable-e-shisha","20":"product_tag-disposable-shisha-hookah","21":"product_tag-hookah-shisha","22":"product_tag-vape-discount-price","23":"product_tag-vape-wholesale-distributor","24":"desktop-align-left","25":"tablet-align-left","26":"mobile-align-left","28":"first","29":"instock","30":"sale","31":"shipping-taxable","32":"purchasable","33":"product-type-simple"},"acf":[],"uagb_featured_image_src":{"full":["https:\/\/vapestornado.com\/wp-content\/uploads\/2026\/01\/AL-Fakher-Crown-Bar-EHOSE-X-60K-Disposable-Vape.webp",800,800,false],"thumbnail":["https:\/\/vapestornado.com\/wp-content\/uploads\/2026\/01\/AL-Fakher-Crown-Bar-EHOSE-X-60K-Disposable-Vape-150x150.webp",150,150,true],"medium":["https:\/\/vapestornado.com\/wp-content\/uploads\/2026\/01\/AL-Fakher-Crown-Bar-EHOSE-X-60K-Disposable-Vape-300x300.webp",300,300,true],"medium_large":["https:\/\/vapestornado.com\/wp-content\/uploads\/2026\/01\/AL-Fakher-Crown-Bar-EHOSE-X-60K-Disposable-Vape-768x768.webp",768,768,true],"large":["https:\/\/vapestornado.com\/wp-content\/uploads\/2026\/01\/AL-Fakher-Crown-Bar-EHOSE-X-60K-Disposable-Vape.webp",800,800,false],"1536x1536":["https:\/\/vapestornado.com\/wp-content\/uploads\/2026\/01\/AL-Fakher-Crown-Bar-EHOSE-X-60K-Disposable-Vape.webp",800,800,false],"2048x2048":["https:\/\/vapestornado.com\/wp-content\/uploads\/2026\/01\/AL-Fakher-Crown-Bar-EHOSE-X-60K-Disposable-Vape.webp",800,800,false],"trp-custom-language-flag":["https:\/\/vapestornado.com\/wp-content\/uploads\/2026\/01\/AL-Fakher-Crown-Bar-EHOSE-X-60K-Disposable-Vape-12x12.webp",12,12,true],"woocommerce_thumbnail":["https:\/\/vapestornado.com\/wp-content\/uploads\/2026\/01\/AL-Fakher-Crown-Bar-EHOSE-X-60K-Disposable-Vape-300x300.webp",300,300,true],"woocommerce_single":["https:\/\/vapestornado.com\/wp-content\/uploads\/2026\/01\/AL-Fakher-Crown-Bar-EHOSE-X-60K-Disposable-Vape-600x600.webp",600,600,true],"woocommerce_gallery_thumbnail":["https:\/\/vapestornado.com\/wp-content\/uploads\/2026\/01\/AL-Fakher-Crown-Bar-EHOSE-X-60K-Disposable-Vape-100x100.webp",100,100,true]},"uagb_author_info":{"display_name":"ESAMY","author_link":"https:\/\/vapestornado.com\/fr\/author\/"},"uagb_comment_info":0,"uagb_excerpt":"Al Fakher 60K E-Hose X delivers up to 60,000 puffs with smooth shisha-style vapor, dual vaping mode, and a powerful 1000mAh rechargeable battery. Built for high-volume sales, this Crown Bar Crystal 60000 offers strong flavor, long life, and low-price disposable vape wholesale across Europe. Add Amy's whatsapp to get right reply and discount price! WhatsApp:\u2026","_links":{"self":[{"href":"https:\/\/vapestornado.com\/fr\/wp-json\/wp\/v2\/product\/4788","targetHints":{"allow":["GET"]}}],"collection":[{"href":"https:\/\/vapestornado.com\/fr\/wp-json\/wp\/v2\/product"}],"about":[{"href":"https:\/\/vapestornado.com\/fr\/wp-json\/wp\/v2\/types\/product"}],"replies":[{"embeddable":true,"href":"https:\/\/vapestornado.com\/fr\/wp-json\/wp\/v2\/comments?post=4788"}],"wp:featuredmedia":[{"embeddable":true,"href":"https:\/\/vapestornado.com\/fr\/wp-json\/wp\/v2\/media\/4784"}],"wp:attachment":[{"href":"https:\/\/vapestornado.com\/fr\/wp-json\/wp\/v2\/media?parent=4788"}],"wp:term":[{"taxonomy":"product_brand","embeddable":true,"href":"https:\/\/vapestornado.com\/fr\/wp-json\/wp\/v2\/product_brand?post=4788"},{"taxonomy":"product_cat","embeddable":true,"href":"https:\/\/vapestornado.com\/fr\/wp-json\/wp\/v2\/product_cat?post=4788"},{"taxonomy":"product_tag","embeddable":true,"href":"https:\/\/vapestornado.com\/fr\/wp-json\/wp\/v2\/product_tag?post=4788"}],"curies":[{"name":"wp","href":"https:\/\/api.w.org\/{rel}","templated":true}]}}