{"id":4781,"date":"2026-01-07T09:28:57","date_gmt":"2026-01-07T09:28:57","guid":{"rendered":"https:\/\/vapestornado.com\/?post_type=product&#038;p=4781"},"modified":"2026-01-07T09:59:16","modified_gmt":"2026-01-07T09:59:16","slug":"al-fakher-mega-max-40k-puffs-crown-bar-disposable-e-shisha-hookah-vape-adjustable-airflow","status":"publish","type":"product","link":"https:\/\/vapestornado.com\/fr\/product\/al-fakher-mega-max-40k-puffs-crown-bar-disposable-e-shisha-hookah-vape-adjustable-airflow\/","title":{"rendered":"Al Fakher Mega Max 40K Bouff\u00e9es Barre Jetable E Shisha Hookah Vape Airflow Ajustable"},"content":{"rendered":"<h1 data-start=\"0\" data-end=\"87\">Al Fakher Mega Max 40K Bouff\u00e9es E-Shisha Jetable Crown Bar avec Flux d'Air Ajustable<\/h1>\n<p data-start=\"207\" data-end=\"581\">Con\u00e7u pour les utilisateurs \u00e0 volume \u00e9lev\u00e9 et les march\u00e9s de gros, le <strong data-start=\"262\" data-end=\"288\">Al Fakher Mega Max 40K<\/strong> repr\u00e9sente la prochaine \u00e9volution des performances de l'e-shisha jetable. Avec jusqu'\u00e0 <strong data-start=\"366\" data-end=\"382\">40 000 bouff\u00e9es<\/strong>, flux d'air ajustable, et l'ing\u00e9nierie de saveur signature d'Al Fakher, cet appareil est positionn\u00e9 comme une solution premium mais pratique pour les distributeurs en France recherchant un chiffre d'affaires stable et une forte demande de r\u00e9p\u00e9tition.<\/p>\n<p data-start=\"583\" data-end=\"1045\">Dans le cadre de la <strong data-start=\"598\" data-end=\"621\">Bar \u00e0 Couronne Al Fakher<\/strong> gamme, le Mega Max 40000 est con\u00e7u pour offrir une production coh\u00e9rente tout au long de son cycle de vie. La combinaison d'un <strong data-start=\"738\" data-end=\"756\">double bobine en maille<\/strong>, <strong data-start=\"758\" data-end=\"785\">e-liquide pr\u00e9-rempli de 20 ml<\/strong>, et une <strong data-start=\"793\" data-end=\"824\">batterie rechargeable de 850 mAh<\/strong> assure une densit\u00e9 de vapeur fiable et une clart\u00e9 de saveur du premier tirage au dernier. Cela le rend particuli\u00e8rement adapt\u00e9 aux clients passant d'un syst\u00e8me de narguil\u00e9 traditionnel ou d'e-shisha r\u00e9utilisable \u00e0 des formats jetables.<\/p>\n<p data-start=\"1047\" data-end=\"1332\">L' <strong data-start=\"1051\" data-end=\"1080\">syst\u00e8me de flux d'air r\u00e9glable<\/strong> permet aux utilisateurs d'affiner leur inhalation, passant d'une aspiration plus serr\u00e9e de style narguil\u00e9 \u00e0 une inhalation plus ouverte et a\u00e9r\u00e9e. Cette flexibilit\u00e9 \u00e9largit son attrait pour diff\u00e9rents pr\u00e9f\u00e9rences de vapotage, aidant les d\u00e9taillants \u00e0 couvrir plus de profils de clients avec un seul SKU.<\/p>\n<p data-start=\"1334\" data-end=\"1686\">Pour les acheteurs en gros, l'Al Fakher Mega Max 40K offre ce qui compte le plus : une marque reconnaissable, une force de nicotine contr\u00f4l\u00e9e, une charge moderne Type-C, et une qualit\u00e9 de fabrication qui refl\u00e8te une fiabilit\u00e9 \u00e0 long terme plut\u00f4t qu'une nouveaut\u00e9 \u00e0 court terme. Positionn\u00e9 comme un <strong data-start=\"1589\" data-end=\"1620\">prix de gros comp\u00e9titif<\/strong>, c'est un acteur performant dans la cat\u00e9gorie des e-shishas jetables en France.<\/p>\n<h2 data-start=\"2768\" data-end=\"2821\">Pourquoi choisir l'Al Fakher Mega Max 40000 pour la Vente en Gros ?<\/h2>\n<p data-start=\"2823\" data-end=\"3237\">L' <strong data-start=\"2827\" data-end=\"2855\">Al Fakher Mega Max 40000<\/strong> est con\u00e7u pour la coh\u00e9rence, pas pour les astuces. Il s'appuie sur la confiance mondiale de la marque Al Fakher tout en r\u00e9pondant aux attentes des distributeurs europ\u00e9ens qui privil\u00e9gient la fiabilit\u00e9, le positionnement l\u00e9gal et une vente pr\u00e9visible. Son format jetable de e-shisha hookah, son flux d'air r\u00e9glable et sa longue dur\u00e9e de bouff\u00e9e en font un ajout solide aux canaux de vente ax\u00e9s sur la vape et la hookah.<\/p>\n<p><strong><span style=\"color: #ff0000;\">Ajoutez le WhatsApp d'Amy pour obtenir une bonne r\u00e9ponse et un coupon de vape !<\/span><\/strong><\/p>\n<p><img fetchpriority=\"high\" decoding=\"async\" class=\"size-full wp-image-2932\" src=\"https:\/\/vapestornado.com\/wp-content\/uploads\/2024\/12\/Vape-Wholesale.jpg\" alt=\"Vente en Gros de Vapes\" width=\"229\" height=\"300\" \/><\/p>\n<h3><a href=\"https:\/\/wa.me\/8617776015835\" target=\"_blank\" rel=\"noopener\"><span style=\"color: #ff0000;\"><strong>WhatsApp : +86 17776015835<\/strong><\/span><\/a><\/h3>\n<p>&nbsp;<\/p>\n<h2><strong>Caract\u00e9ristiques du produit Al Fakher Mega Max 40K Bouff\u00e9es<\/strong><\/h2>\n<ul>\n<li data-start=\"113\" data-end=\"228\">\n<p data-start=\"115\" data-end=\"228\"><strong data-start=\"115\" data-end=\"139\">Capacit\u00e9 de 40 000 bouff\u00e9es<\/strong> \u2013 Offre une performance de vapotage DTL prolong\u00e9e con\u00e7ue pour une utilisation \u00e0 long terme et \u00e0 haute fr\u00e9quence.<\/p>\n<\/li>\n<li data-start=\"229\" data-end=\"361\">\n<p data-start=\"231\" data-end=\"361\"><strong data-start=\"231\" data-end=\"258\">Style hookah shisha DTL<\/strong> \u2013 Optimis\u00e9 pour les inhalations directes, produisant des nuages denses similaires aux sessions de hookah traditionnelles.<\/p>\n<\/li>\n<li data-start=\"362\" data-end=\"476\">\n<p data-start=\"364\" data-end=\"476\"><strong data-start=\"364\" data-end=\"393\">Technologie de double bobine en maille<\/strong> \u2013 Assure une chauffe uniforme et une sortie de saveur stable du premier au dernier puff.<\/p>\n<\/li>\n<li data-start=\"477\" data-end=\"605\">\n<p data-start=\"479\" data-end=\"605\"><strong data-start=\"479\" data-end=\"508\">Syst\u00e8me de flux d'air r\u00e9glable<\/strong> \u2013 Permet aux utilisateurs d'ajuster la r\u00e9sistance \u00e0 l'inhalation pour une inhalation DTL ou style shisha personnalis\u00e9e.<\/p>\n<\/li>\n<li data-start=\"606\" data-end=\"729\">\n<p data-start=\"608\" data-end=\"729\"><strong data-start=\"608\" data-end=\"636\">E-liquide pr\u00e9-rempli de 20 ml<\/strong> \u2013 Grande capacit\u00e9 d'e-liquide r\u00e9duisant la fr\u00e9quence de remplacement et supportant de longues sessions de vapotage.<\/p>\n<\/li>\n<li data-start=\"730\" data-end=\"841\">\n<p data-start=\"732\" data-end=\"841\"><strong data-start=\"732\" data-end=\"757\">Niveau de nicotine 0,6%<\/strong> \u2013 Offre une livraison de nicotine douce et contr\u00f4l\u00e9e adapt\u00e9e \u00e0 une utilisation quotidienne prolong\u00e9e.<\/p>\n<\/li>\n<li data-start=\"842\" data-end=\"945\">\n<p data-start=\"844\" data-end=\"945\"><strong data-start=\"844\" data-end=\"875\">Batterie Rechargeable de 850mAh<\/strong> Alimente une puissance constante tout au long du cycle de 40K bouff\u00e9es.<\/p>\n<\/li>\n<li data-start=\"946\" data-end=\"1051\">\n<p data-start=\"948\" data-end=\"1051\"><strong data-start=\"948\" data-end=\"976\">Charge rapide USB Type-C<\/strong> \u2013 Permet une recharge rapide et pratique avec une compatibilit\u00e9 moderne des appareils.<\/p>\n<\/li>\n<li data-start=\"1052\" data-end=\"1148\">\n<p data-start=\"1054\" data-end=\"1148\"><strong data-start=\"1054\" data-end=\"1076\">\u00c9cran d'affichage LED<\/strong> \u2013 Affiche clairement les niveaux de batterie et d'e-liquide pour un meilleur contr\u00f4le de l'utilisation.<\/p>\n<\/li>\n<li data-start=\"1149\" data-end=\"1259\">\n<p data-start=\"1151\" data-end=\"1259\"><strong data-start=\"1151\" data-end=\"1176\">Corps en aluminium de haute qualit\u00e9<\/strong> \u2013 Allie durabilit\u00e9 et finition ergonomique haut de gamme pour une portabilit\u00e9 quotidienne.<\/p>\n<\/li>\n<\/ul>\n<figure id=\"attachment_4777\" aria-describedby=\"caption-attachment-4777\" style=\"width: 300px\" class=\"wp-caption alignnone\"><img decoding=\"async\" class=\"size-medium wp-image-4777\" src=\"https:\/\/vapestornado.com\/wp-content\/uploads\/2026\/01\/Al-Fakher-Mega-Max-40K-40000-Puff-Vape-Wholesale-Spain-300x300.webp\" alt=\"Vente en gros de vape Al Fakher Mega Max 40K 40000 Bouff\u00e9es France\" width=\"300\" height=\"300\" srcset=\"https:\/\/vapestornado.com\/wp-content\/uploads\/2026\/01\/Al-Fakher-Mega-Max-40K-40000-Puff-Vape-Wholesale-Spain-300x300.webp 300w, https:\/\/vapestornado.com\/wp-content\/uploads\/2026\/01\/Al-Fakher-Mega-Max-40K-40000-Puff-Vape-Wholesale-Spain-150x150.webp 150w, https:\/\/vapestornado.com\/wp-content\/uploads\/2026\/01\/Al-Fakher-Mega-Max-40K-40000-Puff-Vape-Wholesale-Spain-768x768.webp 768w, https:\/\/vapestornado.com\/wp-content\/uploads\/2026\/01\/Al-Fakher-Mega-Max-40K-40000-Puff-Vape-Wholesale-Spain-12x12.webp 12w, https:\/\/vapestornado.com\/wp-content\/uploads\/2026\/01\/Al-Fakher-Mega-Max-40K-40000-Puff-Vape-Wholesale-Spain-600x600.webp 600w, https:\/\/vapestornado.com\/wp-content\/uploads\/2026\/01\/Al-Fakher-Mega-Max-40K-40000-Puff-Vape-Wholesale-Spain-100x100.webp 100w, https:\/\/vapestornado.com\/wp-content\/uploads\/2026\/01\/Al-Fakher-Mega-Max-40K-40000-Puff-Vape-Wholesale-Spain.webp 800w\" sizes=\"(max-width: 300px) 100vw, 300px\" \/><figcaption id=\"caption-attachment-4777\" class=\"wp-caption-text\">Vente en gros de vape Al Fakher Mega Max 40K 40000 Bouff\u00e9es France<\/figcaption><\/figure>\n<p>&nbsp;<\/p>\n<div><\/div>\n<h2 class=\"product-title\"><strong>Liste des saveurs du Mega Max 40K Puff d'Al Fakher<\/strong><\/h2>\n<p>1 Baie Bleue<br \/>\n2 Baie Ice<br \/>\n3 Cassis Ice<br \/>\n4 Cassis Menthe<br \/>\n5 Explosion de Razz Bleu<br \/>\n6 Limonade Razz Bleu<br \/>\n7 Cerise Myrtille<br \/>\n8 Gomme Myrtille<br \/>\n9 Citronnade aux Myrtilles<br \/>\n10 Menthe aux Myrtilles<br \/>\n11 Framboise aux Myrtilles<br \/>\n12 Framboise Acide Myrtille<br \/>\n13 F\u00eate aux Cerises<br \/>\n14 Fizz aux Cerises<br \/>\n15 Glace \u00e0 la Cerise<br \/>\n16 Mangue Fra\u00eeche<br \/>\n17 Fusion Pop<br \/>\n18 Raisin<br \/>\n19 Raisin et Baies<br \/>\n20 Raisin \u00e0 la Menthe<br \/>\n21 Chewing-gum \u00e0 la Menthe<br \/>\n22 Hubba<br \/>\n23 Glace Bleue<br \/>\n24 Citron Vert<br \/>\n25 Fizz Citron Vert et Cerise<br \/>\n26 Citron \u00e0 la Menthe<br \/>\n27 Glace Luxuriante<br \/>\n28 Amour Magique<br \/>\n29 Mangue Ananas<br \/>\n30 Menthol<br \/>\n31 Menthe<br \/>\n32 Baies M\u00e9lang\u00e9es<br \/>\n33 Orange Menthe<br \/>\n34 P\u00eache Glac\u00e9e<br \/>\n35 Ananas Glac\u00e9<br \/>\n36 R\u00eave Spatial<br \/>\n37 Menthe Verte<br \/>\n38 Fraise Cerise<br \/>\n39 Punch Fraise<br \/>\n40 R\u00eave d'\u00c9t\u00e9<br \/>\n41 Deux Pommes<br \/>\n42 Past\u00e8que Cerise<br \/>\n43 Past\u00e8que Kiwi<br \/>\n44 Past\u00e8que Citron Vert<br \/>\n45 Past\u00e8que Ananas<\/p>\n<div class=\"flex-shrink-0 flex flex-col relative items-end\">\n<div class=\"pt-0\">\n<div class=\"gizmo-bot-avatar flex h-8 w-8 items-center justify-center overflow-hidden rounded-full\">\n<div class=\"relative p-1 rounded-sm flex items-center justify-center bg-token-main-surface-primary text-token-text-primary h-8 w-8\">\n<h2 data-start=\"1200\" data-end=\"1487\">Vapes Tornado \u2013 Votre boutique en ligne de vapoteurs en gros pour les vapoteurs populaires<\/h2>\n<p data-start=\"72\" data-end=\"396\"><strong data-start=\"72\" data-end=\"89\">Vapes Tornado<\/strong> est une boutique en ligne de vapoteurs en gros ax\u00e9e sur l'Europe fournissant une gamme soigneusement s\u00e9lectionn\u00e9e de <strong data-start=\"178\" data-end=\"195\">vapoteurs populaires<\/strong> pour les acheteurs professionnels. Nous travaillons avec des d\u00e9taillants, des distributeurs et des boutiques en ligne \u00e0 travers l'UE qui ont besoin d'une fourniture stable, d'informations claires sur les produits et de marques que les clients reconnaissent et en qui ils ont confiance.<\/p>\n<p data-start=\"398\" data-end=\"687\">Nous collaborons avec des noms de confiance tels que <strong data-start=\"307\" data-end=\"362\"><a href=\"https:\/\/vapestornado.com\/fr\/product\/randm-12000-puffs-fumot-digital-disposable-vape-wholesale-price\/\">Fumot VAPE<\/a>, <a href=\"https:\/\/vapestornado.com\/fr\/product\/original-wga-ultra-35k-35000-puff-rechargeable-crystal-disposable-nicotine-vape-best-discount-price\/\">WGA VAPE<\/a>, <\/strong><strong data-start=\"307\" data-end=\"362\"><a href=\"https:\/\/vapestornado.com\/fr\/product\/vozol-gear-shisha-25k-25000-puffs-best-dtl-disposable-vape-hookah-cheap-price\/\">VOZOL BAR VAPE<\/a>,<\/strong><strong data-start=\"247\" data-end=\"352\">\u00a0Elf Bar Vape, WASPE Vape, <a href=\"https:\/\/vapestornado.com\/fr\/product\/uzy-150k-puffs-6-in-1-flavor-switch-disposable-vape-pen-wholesale\/\">Vape UZY<\/a>, Bang Vape, Razz Bar Vape, et Stag Bar Vape<\/strong>, choisis pour leur qualit\u00e9 constante et leur forte demande sur le march\u00e9 europ\u00e9en.<\/p>\n<h4 data-start=\"1080\" data-end=\"1120\">Con\u00e7u pour les acheteurs en gros europ\u00e9ens<\/h4>\n<p data-start=\"1121\" data-end=\"1189\">Vapes Tornado est structur\u00e9 autour des besoins r\u00e9els des grossistes de l'UE :<\/p>\n<ul data-start=\"1190\" data-end=\"1400\">\n<li data-start=\"1190\" data-end=\"1239\">\n<p data-start=\"1192\" data-end=\"1239\">Tarifs de gros comp\u00e9titifs pour les commandes en volume<\/p>\n<\/li>\n<li data-start=\"1240\" data-end=\"1289\">\n<p data-start=\"1242\" data-end=\"1289\">Descriptions et sp\u00e9cifications claires des produits<\/p>\n<\/li>\n<li data-start=\"1290\" data-end=\"1330\">\n<p data-start=\"1292\" data-end=\"1330\">Logistique rapide et fiable orient\u00e9e EU<\/p>\n<\/li>\n<li data-start=\"1331\" data-end=\"1400\">\n<p data-start=\"1333\" data-end=\"1400\">Un catalogue ax\u00e9 sur <strong data-start=\"1356\" data-end=\"1373\">vapoteurs populaires<\/strong>, pas sur des SKUs satur\u00e9s<\/p>\n<\/li>\n<\/ul>\n<h2 data-start=\"2064\" data-end=\"2115\">FAQ sur la cigarette \u00e9lectronique jetable Al Fakher Mega Max 40000<\/h2>\n<p data-start=\"3278\" data-end=\"3451\"><strong data-start=\"3278\" data-end=\"3343\">1. Combien de temps dure le Al Fakher Mega Max 40K en utilisation r\u00e9elle ?<\/strong><br data-start=\"3343\" data-end=\"3346\" \/>L'utilisation d\u00e9pend des habitudes individuelles, mais la plupart des utilisateurs rapportent une performance de plusieurs semaines en utilisation quotidienne r\u00e9guli\u00e8re.<\/p>\n<p data-start=\"3453\" data-end=\"3579\"><strong data-start=\"3453\" data-end=\"3497\">2. Le flux d'air est-il r\u00e9glable pendant l'utilisation ?<\/strong><br data-start=\"3497\" data-end=\"3500\" \/>Oui, le flux d'air r\u00e9glable permet aux utilisateurs de modifier la r\u00e9sistance \u00e0 l'inhalation \u00e0 tout moment.<\/p>\n<p data-start=\"3581\" data-end=\"3678\"><strong data-start=\"3581\" data-end=\"3615\">3. L'appareil est-il rechargeable ?<\/strong><br data-start=\"3615\" data-end=\"3618\" \/>Oui, il dispose d'une batterie de 850mAh avec charge USB Type-C.<\/p>\n<p data-start=\"3680\" data-end=\"3856\"><strong data-start=\"3680\" data-end=\"3744\">4. Qu'est-ce qui diff\u00e9rencie cela des cigarettes \u00e9lectroniques jetables standard ?<\/strong><br data-start=\"3744\" data-end=\"3747\" \/>Son design de chicha \u00e9lectronique, sa grande capacit\u00e9 en e-liquide et le contr\u00f4le du flux d'air le distinguent des mod\u00e8les basiques.<\/p>\n<p data-start=\"3858\" data-end=\"4007\"><strong data-start=\"3858\" data-end=\"3912\">5. Est-ce adapt\u00e9 \u00e0 la distribution en gros en France ?<\/strong><br data-start=\"3912\" data-end=\"3915\" \/>Oui, il est con\u00e7u pour le march\u00e9 fran\u00e7ais et g\u00e9n\u00e9ralement fourni \u00e0 prix de gros pour les commandes en volume.<\/p>\n<\/div>\n<\/div>\n<\/div>\n<\/div>","protected":false},"excerpt":{"rendered":"<p data-start=\"4472\" data-end=\"4562\"><strong data-start=\"4472\" data-end=\"4560\">Al Fakher Mega Max 40K E-Shisha Jetable avec Flux d'Air Ajustable \u2013 Pr\u00eat pour la Vente en Gros<\/strong><\/p>\n<p data-start=\"4566\" data-end=\"4641\"><strong data-start=\"4566\" data-end=\"4639\">Al Fakher Crown Bar Mega Max 40000 Bouff\u00e9es Vape de Narguil\u00e9 pour la Vente en Gros en UE<\/strong><\/p>\n<p data-start=\"4645\" data-end=\"4728\"><strong data-start=\"4645\" data-end=\"4728\">Mega Max 40K par Al Fakher \u2013 E-Shisha Jetable Longue Dur\u00e9e \u00e0 Prix de Gros<\/strong><\/p>\n<p><strong>Ajoutez le WhatsApp d'Amy pour obtenir une r\u00e9ponse rapide et un prix r\u00e9duit !<\/strong><\/p>\n<p><img fetchpriority=\"high\" decoding=\"async\" class=\"size-full wp-image-2932\" src=\"https:\/\/vapestornado.com\/wp-content\/uploads\/2024\/12\/Vape-Wholesale.jpg\" alt=\"Vente en Gros de Vapes\" width=\"229\" height=\"300\" \/><\/p>\n<h3><a href=\"https:\/\/wa.me\/8617776015835\"><span style=\"color: #ff0000;\"><strong>WhatsApp : +86 17776015835<\/strong><\/span><\/a><\/h3>","protected":false},"featured_media":4776,"comment_status":"open","ping_status":"closed","template":"","meta":{"_acf_changed":false,"_uag_custom_page_level_css":"","_lmt_disableupdate":"no","_lmt_disable":"","_monsterinsights_skip_tracking":false,"_monsterinsights_sitenote_active":false,"_monsterinsights_sitenote_note":"","_monsterinsights_sitenote_category":0,"site-sidebar-layout":"default","site-content-layout":"","ast-site-content-layout":"default","site-content-style":"default","site-sidebar-style":"default","ast-global-header-display":"","ast-banner-title-visibility":"","ast-main-header-display":"","ast-hfb-above-header-display":"","ast-hfb-below-header-display":"","ast-hfb-mobile-header-display":"","site-post-title":"","ast-breadcrumbs-content":"","ast-featured-img":"","footer-sml-layout":"","ast-disable-related-posts":"","theme-transparent-header-meta":"default","adv-header-id-meta":"","stick-header-meta":"","header-above-stick-meta":"","header-main-stick-meta":"","header-below-stick-meta":"","astra-migrate-meta-layouts":"set","ast-page-background-enabled":"default","ast-page-background-meta":{"desktop":{"background-color":"","background-image":"","background-repeat":"repeat","background-position":"center center","background-size":"auto","background-attachment":"scroll","background-type":"","background-media":"","overlay-type":"","overlay-color":"","overlay-opacity":"","overlay-gradient":""},"tablet":{"background-color":"","background-image":"","background-repeat":"repeat","background-position":"center center","background-size":"auto","background-attachment":"scroll","background-type":"","background-media":"","overlay-type":"","overlay-color":"","overlay-opacity":"","overlay-gradient":""},"mobile":{"background-color":"","background-image":"","background-repeat":"repeat","background-position":"center center","background-size":"auto","background-attachment":"scroll","background-type":"","background-media":"","overlay-type":"","overlay-color":"","overlay-opacity":"","overlay-gradient":""}},"ast-content-background-meta":{"desktop":{"background-color":"var(--ast-global-color-5)","background-image":"","background-repeat":"repeat","background-position":"center center","background-size":"auto","background-attachment":"scroll","background-type":"","background-media":"","overlay-type":"","overlay-color":"","overlay-opacity":"","overlay-gradient":""},"tablet":{"background-color":"var(--ast-global-color-5)","background-image":"","background-repeat":"repeat","background-position":"center center","background-size":"auto","background-attachment":"scroll","background-type":"","background-media":"","overlay-type":"","overlay-color":"","overlay-opacity":"","overlay-gradient":""},"mobile":{"background-color":"var(--ast-global-color-5)","background-image":"","background-repeat":"repeat","background-position":"center center","background-size":"auto","background-attachment":"scroll","background-type":"","background-media":"","overlay-type":"","overlay-color":"","overlay-opacity":"","overlay-gradient":""}},"_joinchat":[]},"product_brand":[],"product_cat":[65,531,140,150,156,158,141,142,146,147],"product_tag":[533,534,535,532,355,287,513,512],"class_list":{"0":"post-4781","1":"product","2":"type-product","3":"status-publish","4":"has-post-thumbnail","6":"product_cat-40000-puff","7":"product_cat-al-fakher-crown-bar","8":"product_cat-big-puffs-disposable-vapes","9":"product_cat-buy-disposable-vapes-in-belgium","10":"product_cat-buy-disposable-vapes-in-poland","11":"product_cat-buy-disposable-vapes-in-spain","12":"product_cat-crystal-disposable-vapes","13":"product_cat-digital-box-disposable-vapes","14":"product_cat-rechargeable-disposable-vapes","15":"product_cat-shisha-hookah-disposable-vapes","16":"product_tag-al-fakher-crown-bar-mega-max","17":"product_tag-al-fakher-crown-bar-mega-max-40000-puffs","18":"product_tag-al-fakher-crown-bar-mega-max-40k","19":"product_tag-al-fakher-mega-max-40k","20":"product_tag-big-puff-vape","21":"product_tag-disposable-vape-pen","22":"product_tag-vape-discount-price","23":"product_tag-vape-wholesale-distributor","24":"desktop-align-left","25":"tablet-align-left","26":"mobile-align-left","28":"first","29":"instock","30":"sale","31":"shipping-taxable","32":"purchasable","33":"product-type-simple"},"acf":[],"uagb_featured_image_src":{"full":["https:\/\/vapestornado.com\/wp-content\/uploads\/2026\/01\/Al-Fakher-Mega-Max-40K-40000-Puff-Disposable-Vapor.webp",800,800,false],"thumbnail":["https:\/\/vapestornado.com\/wp-content\/uploads\/2026\/01\/Al-Fakher-Mega-Max-40K-40000-Puff-Disposable-Vapor-150x150.webp",150,150,true],"medium":["https:\/\/vapestornado.com\/wp-content\/uploads\/2026\/01\/Al-Fakher-Mega-Max-40K-40000-Puff-Disposable-Vapor-300x300.webp",300,300,true],"medium_large":["https:\/\/vapestornado.com\/wp-content\/uploads\/2026\/01\/Al-Fakher-Mega-Max-40K-40000-Puff-Disposable-Vapor-768x768.webp",768,768,true],"large":["https:\/\/vapestornado.com\/wp-content\/uploads\/2026\/01\/Al-Fakher-Mega-Max-40K-40000-Puff-Disposable-Vapor.webp",800,800,false],"1536x1536":["https:\/\/vapestornado.com\/wp-content\/uploads\/2026\/01\/Al-Fakher-Mega-Max-40K-40000-Puff-Disposable-Vapor.webp",800,800,false],"2048x2048":["https:\/\/vapestornado.com\/wp-content\/uploads\/2026\/01\/Al-Fakher-Mega-Max-40K-40000-Puff-Disposable-Vapor.webp",800,800,false],"trp-custom-language-flag":["https:\/\/vapestornado.com\/wp-content\/uploads\/2026\/01\/Al-Fakher-Mega-Max-40K-40000-Puff-Disposable-Vapor-12x12.webp",12,12,true],"woocommerce_thumbnail":["https:\/\/vapestornado.com\/wp-content\/uploads\/2026\/01\/Al-Fakher-Mega-Max-40K-40000-Puff-Disposable-Vapor-300x300.webp",300,300,true],"woocommerce_single":["https:\/\/vapestornado.com\/wp-content\/uploads\/2026\/01\/Al-Fakher-Mega-Max-40K-40000-Puff-Disposable-Vapor-600x600.webp",600,600,true],"woocommerce_gallery_thumbnail":["https:\/\/vapestornado.com\/wp-content\/uploads\/2026\/01\/Al-Fakher-Mega-Max-40K-40000-Puff-Disposable-Vapor-100x100.webp",100,100,true]},"uagb_author_info":{"display_name":"ESAMY","author_link":"https:\/\/vapestornado.com\/fr\/author\/"},"uagb_comment_info":0,"uagb_excerpt":"Al Fakher Mega Max 40K Disposable E Shisha with Adjustable Airflow \u2013 Wholesale Ready Al Fakher Crown Bar Mega Max 40000 Puffs Hookah Vape for EU Wholesale Mega Max 40K by Al Fakher \u2013 Long-Lasting Disposable E Shisha at Wholesale Price Add Amy's whatsapp to get right reply and discount price! WhatsApp: +86 17776015835","_links":{"self":[{"href":"https:\/\/vapestornado.com\/fr\/wp-json\/wp\/v2\/product\/4781","targetHints":{"allow":["GET"]}}],"collection":[{"href":"https:\/\/vapestornado.com\/fr\/wp-json\/wp\/v2\/product"}],"about":[{"href":"https:\/\/vapestornado.com\/fr\/wp-json\/wp\/v2\/types\/product"}],"replies":[{"embeddable":true,"href":"https:\/\/vapestornado.com\/fr\/wp-json\/wp\/v2\/comments?post=4781"}],"wp:featuredmedia":[{"embeddable":true,"href":"https:\/\/vapestornado.com\/fr\/wp-json\/wp\/v2\/media\/4776"}],"wp:attachment":[{"href":"https:\/\/vapestornado.com\/fr\/wp-json\/wp\/v2\/media?parent=4781"}],"wp:term":[{"taxonomy":"product_brand","embeddable":true,"href":"https:\/\/vapestornado.com\/fr\/wp-json\/wp\/v2\/product_brand?post=4781"},{"taxonomy":"product_cat","embeddable":true,"href":"https:\/\/vapestornado.com\/fr\/wp-json\/wp\/v2\/product_cat?post=4781"},{"taxonomy":"product_tag","embeddable":true,"href":"https:\/\/vapestornado.com\/fr\/wp-json\/wp\/v2\/product_tag?post=4781"}],"curies":[{"name":"wp","href":"https:\/\/api.w.org\/{rel}","templated":true}]}}