{"id":4772,"date":"2026-01-06T07:32:26","date_gmt":"2026-01-06T07:32:26","guid":{"rendered":"https:\/\/vapestornado.com\/?post_type=product&#038;p=4772"},"modified":"2026-01-06T08:25:40","modified_gmt":"2026-01-06T08:25:40","slug":"al-fakher-crystal-8k-v2-8000-puffs-disposable-vape-dual-vaping-mode","status":"publish","type":"product","link":"https:\/\/vapestornado.com\/fr\/product\/al-fakher-crystal-8k-v2-8000-puffs-disposable-vape-dual-vaping-mode\/","title":{"rendered":"Al Fakher CRYSTAL 8k V2 8000 Bouff\u00e9es Vape Jetable Mode Double de Vape"},"content":{"rendered":"<h1 data-start=\"0\" data-end=\"87\">Al Fakher CRYSTAL 8K V2 8000 Bouff\u00e9es Vape Jetable \u2013 Mode Double de Vape<\/h1>\n<p data-start=\"249\" data-end=\"723\">L' <strong data-start=\"253\" data-end=\"280\">Al Fakher CRYSTAL 8K V2<\/strong> est con\u00e7u pour les grossistes qui valorisent la cr\u00e9dibilit\u00e9 de la marque, une livraison de saveur coh\u00e9rente et un turnover fiable. Dans le cadre de la <strong data-start=\"409\" data-end=\"432\">Bar \u00e0 Couronne Al Fakher<\/strong> gamme, ce mod\u00e8le privil\u00e9gie la stabilit\u00e9 plut\u00f4t que les gadgets, en faisant une option s\u00fbre et \u00e9prouv\u00e9e pour le march\u00e9 europ\u00e9en des produits jetables. Avec un corps en cristal raffin\u00e9, un chauffage \u00e0 coil en mesh, et <strong data-start=\"618\" data-end=\"638\">mode de vapotage double<\/strong>, il offre une exp\u00e9rience contr\u00f4l\u00e9e et reproductible du premier puff au dernier.<\/p>\n<p data-start=\"725\" data-end=\"1103\">Contrairement aux mod\u00e8les \u00e0 haute capacit\u00e9 de bouff\u00e9es surdimensionn\u00e9s tels que <strong data-start=\"767\" data-end=\"787\">Airmez Fox 80000<\/strong>, le <strong data-start=\"793\" data-end=\"830\">Al Fakher Crown Bar Crystal 8000 V2<\/strong> cible les utilisateurs qui pr\u00e9f\u00e8rent une inhalation plus l\u00e9g\u00e8re et une fiabilit\u00e9 quotidienne. La faible <strong data-start=\"902\" data-end=\"939\">0.5% (0,5mg\/ml) de force de nicotine<\/strong> r\u00e9pond \u00e0 la demande des clients recherchant une satisfaction douce sans duret\u00e9, tandis que <strong data-start=\"1025\" data-end=\"1051\">la capacit\u00e9 de e-liquide de 18 ml<\/strong> supporte une utilisation prolong\u00e9e sans remplacement fr\u00e9quent.<\/p>\n<p data-start=\"1105\" data-end=\"1509\">La performance en saveur reste constante gr\u00e2ce \u00e0 un syst\u00e8me de coil en mesh am\u00e9lior\u00e9, produisant un chauffage uniforme et une aspiration douce aussi bien en r\u00e9glage MTL qu'en DTL. Le <strong data-start=\"1263\" data-end=\"1283\">mode de vapotage double<\/strong> permet aux utilisateurs de changer les styles de dessin en fonction de leur pr\u00e9f\u00e9rence, \u00e9largissant ainsi l'attrait aupr\u00e8s de diff\u00e9rents habitudes d'utilisateur. Aliment\u00e9 par un <strong data-start=\"1401\" data-end=\"1432\">Batterie rechargeable de 850 mAh<\/strong> et de <strong data-start=\"1437\" data-end=\"1456\">le chargement de type C<\/strong>, l'appareil maintient une sortie stable jusqu'\u00e0 \u00e9puisement.<\/p>\n<p data-start=\"1511\" data-end=\"1833\">Avec <strong data-start=\"1516\" data-end=\"1538\">45 options de saveur<\/strong>, le <strong data-start=\"1544\" data-end=\"1571\">Al Fakher CRYSTAL 8k V2<\/strong> est id\u00e9al pour la rotation des saveurs, la visibilit\u00e9 sur \u00e9tag\u00e8re et l'achat r\u00e9p\u00e9t\u00e9. Fourni en gros avec <strong data-start=\"1666\" data-end=\"1688\">200 pi\u00e8ces par carton<\/strong>, il est bien adapt\u00e9 pour <strong data-start=\"1712\" data-end=\"1750\">Vapes Jetables en Gros France<\/strong> acheteurs \u00e0 la recherche d'une marque forte \u00e0 un <strong data-start=\"1790\" data-end=\"1805\">prix avantageux<\/strong> avec une fiabilit\u00e9 \u00e0 long terme.<\/p>\n<p><strong><span style=\"color: #ff0000;\">Ajoutez le WhatsApp d'Amy pour obtenir une bonne r\u00e9ponse et un coupon de vape !<\/span><\/strong><\/p>\n<p><img fetchpriority=\"high\" decoding=\"async\" class=\"size-full wp-image-2932\" src=\"https:\/\/vapestornado.com\/wp-content\/uploads\/2024\/12\/Vape-Wholesale.jpg\" alt=\"Vente en Gros de Vapes\" width=\"229\" height=\"300\" \/><\/p>\n<h3><a href=\"https:\/\/wa.me\/8617776015835\" target=\"_blank\" rel=\"noopener\"><span style=\"color: #ff0000;\"><strong>WhatsApp : +86 17776015835<\/strong><\/span><\/a><\/h3>\n<p>&nbsp;<\/p>\n<h2><strong>Caract\u00e9ristiques du produit Al Fakher CRYSTAL 8k V2 Puffs<\/strong><\/h2>\n<div>\n<ul>\n<li data-start=\"0\" data-end=\"138\">\n<p data-start=\"2\" data-end=\"138\"><strong data-start=\"2\" data-end=\"31\" data-is-only-node=\"\">Jusqu'\u00e0 8 000\u201312 000 bouff\u00e9es :<\/strong> Con\u00e7u pour offrir une performance durable, r\u00e9duisant le besoin de remplacements fr\u00e9quents pour les utilisateurs finaux.<\/p>\n<\/li>\n<li data-start=\"140\" data-end=\"263\">\n<p data-start=\"142\" data-end=\"263\"><strong data-start=\"142\" data-end=\"163\" data-is-only-node=\"\">Mode de vapotage double :<\/strong> Prend en charge les styles MTL et DTL, permettant aux utilisateurs d'ajuster la aspiration selon leur pr\u00e9f\u00e9rence personnelle.<\/p>\n<\/li>\n<li data-start=\"265\" data-end=\"392\">\n<p data-start=\"267\" data-end=\"392\"><strong data-start=\"267\" data-end=\"298\" data-is-only-node=\"\">0,5% Faible teneur en nicotine :<\/strong> Offre une sensation plus l\u00e9g\u00e8re et plus douce adapt\u00e9e aux clients recherchant une consommation contr\u00f4l\u00e9e de nicotine.<\/p>\n<\/li>\n<li data-start=\"394\" data-end=\"502\">\n<p data-start=\"396\" data-end=\"502\"><strong data-start=\"396\" data-end=\"423\" data-is-only-node=\"\">Capacit\u00e9 de e-liquide de 18 ml :<\/strong> Assure une sortie de saveur constante tout au long de la dur\u00e9e de vie de l'appareil.<\/p>\n<\/li>\n<li data-start=\"504\" data-end=\"615\">\n<p data-start=\"506\" data-end=\"615\"><strong data-start=\"506\" data-end=\"535\" data-is-only-node=\"\">Syst\u00e8me de chauffage \u00e0 coil en mesh :<\/strong> Fournit une chauffe uniforme pour une production de vapeur stable et une saveur propre et pr\u00e9cise.<\/p>\n<\/li>\n<li data-start=\"617\" data-end=\"737\">\n<p data-start=\"619\" data-end=\"737\"><strong data-start=\"619\" data-end=\"651\" data-is-only-node=\"\">Batterie rechargeable de 850mAh:<\/strong> Offre une puissance fiable du premier souffle au dernier sans baisse de performance.<\/p>\n<\/li>\n<li data-start=\"739\" data-end=\"828\">\n<p data-start=\"741\" data-end=\"828\"><strong data-start=\"741\" data-end=\"766\" data-is-only-node=\"\">Port de charge Type-C :<\/strong> Permet une recharge rapide, pratique et largement compatible.<\/p>\n<\/li>\n<li data-start=\"830\" data-end=\"942\">\n<p data-start=\"832\" data-end=\"942\"><strong data-start=\"832\" data-end=\"854\" data-is-only-node=\"\">45 options de saveurs :<\/strong> Favorise une rotation forte des saveurs et des achats r\u00e9p\u00e9t\u00e9s sur les march\u00e9s de d\u00e9tail et en gros.<\/p>\n<\/li>\n<li data-start=\"944\" data-end=\"1050\">\n<p data-start=\"946\" data-end=\"1050\"><strong data-start=\"946\" data-end=\"976\" data-is-only-node=\"\">Design de corps style cristal :<\/strong> Allie une esth\u00e9tique haut de gamme \u00e0 une durabilit\u00e9 pratique pour une utilisation quotidienne.<\/p>\n<\/li>\n<li data-start=\"1052\" data-end=\"1160\" data-is-last-node=\"\">\n<p data-start=\"1054\" data-end=\"1160\" data-is-last-node=\"\"><strong data-start=\"1054\" data-end=\"1095\" data-is-only-node=\"\">Emballage en carton en gros (200 pcs) :<\/strong> Optimis\u00e9 pour une distribution et une logistique efficaces en Europe.<\/p>\n<\/li>\n<\/ul>\n<\/div>\n<div>\n<figure id=\"attachment_4766\" aria-describedby=\"caption-attachment-4766\" style=\"width: 300px\" class=\"wp-caption alignnone\"><img decoding=\"async\" class=\"size-medium wp-image-4766\" src=\"https:\/\/vapestornado.com\/wp-content\/uploads\/2026\/01\/Al-Fakher-Crown-Bar-Crystal-8000-Disposable-Wholesale-Price-300x300.webp\" alt=\"Prix de gros pour Al Fakher Crown Bar Crystal 8000 Jetable\" width=\"300\" height=\"300\" srcset=\"https:\/\/vapestornado.com\/wp-content\/uploads\/2026\/01\/Al-Fakher-Crown-Bar-Crystal-8000-Disposable-Wholesale-Price-300x300.webp 300w, https:\/\/vapestornado.com\/wp-content\/uploads\/2026\/01\/Al-Fakher-Crown-Bar-Crystal-8000-Disposable-Wholesale-Price-150x150.webp 150w, https:\/\/vapestornado.com\/wp-content\/uploads\/2026\/01\/Al-Fakher-Crown-Bar-Crystal-8000-Disposable-Wholesale-Price-768x768.webp 768w, https:\/\/vapestornado.com\/wp-content\/uploads\/2026\/01\/Al-Fakher-Crown-Bar-Crystal-8000-Disposable-Wholesale-Price-12x12.webp 12w, https:\/\/vapestornado.com\/wp-content\/uploads\/2026\/01\/Al-Fakher-Crown-Bar-Crystal-8000-Disposable-Wholesale-Price-600x600.webp 600w, https:\/\/vapestornado.com\/wp-content\/uploads\/2026\/01\/Al-Fakher-Crown-Bar-Crystal-8000-Disposable-Wholesale-Price-100x100.webp 100w, https:\/\/vapestornado.com\/wp-content\/uploads\/2026\/01\/Al-Fakher-Crown-Bar-Crystal-8000-Disposable-Wholesale-Price.webp 800w\" sizes=\"(max-width: 300px) 100vw, 300px\" \/><figcaption id=\"caption-attachment-4766\" class=\"wp-caption-text\">Prix de gros pour Al Fakher Crown Bar Crystal 8000 Jetable<\/figcaption><\/figure>\n<\/div>\n<div>\n<figure id=\"attachment_4771\" aria-describedby=\"caption-attachment-4771\" style=\"width: 289px\" class=\"wp-caption alignnone\"><img decoding=\"async\" class=\"size-medium wp-image-4771\" src=\"https:\/\/vapestornado.com\/wp-content\/uploads\/2026\/01\/Al-Fakher-Crystal-8k-Disposable-Vapes-289x300.jpg\" alt=\"Vapes jetables Al Fakher Crystal 8k V2\" width=\"289\" height=\"300\" srcset=\"https:\/\/vapestornado.com\/wp-content\/uploads\/2026\/01\/Al-Fakher-Crystal-8k-Disposable-Vapes-289x300.jpg 289w, https:\/\/vapestornado.com\/wp-content\/uploads\/2026\/01\/Al-Fakher-Crystal-8k-Disposable-Vapes-987x1024.jpg 987w, https:\/\/vapestornado.com\/wp-content\/uploads\/2026\/01\/Al-Fakher-Crystal-8k-Disposable-Vapes-768x797.jpg 768w, https:\/\/vapestornado.com\/wp-content\/uploads\/2026\/01\/Al-Fakher-Crystal-8k-Disposable-Vapes-12x12.jpg 12w, https:\/\/vapestornado.com\/wp-content\/uploads\/2026\/01\/Al-Fakher-Crystal-8k-Disposable-Vapes-600x623.jpg 600w, https:\/\/vapestornado.com\/wp-content\/uploads\/2026\/01\/Al-Fakher-Crystal-8k-Disposable-Vapes.jpg 1411w\" sizes=\"(max-width: 289px) 100vw, 289px\" \/><figcaption id=\"caption-attachment-4771\" class=\"wp-caption-text\">Vapes jetables Al Fakher Crystal 8k V2<\/figcaption><\/figure>\n<\/div>\n<h2 class=\"product-title\"><strong>Liste des saveurs de Al Fakher CRYSTAL 8k V2Puff<\/strong><\/h2>\n<p>1 Baie Bleue<br \/>\n2 Baie Ice<br \/>\n3 Cassis Ice<br \/>\n4 Cassis Menthe<br \/>\n5 Explosion de Razz Bleu<br \/>\n6 Limonade Razz Bleu<br \/>\n7 Cerise Myrtille<br \/>\n8 Gomme Myrtille<br \/>\n9 Citronnade aux Myrtilles<br \/>\n10 Menthe aux Myrtilles<br \/>\n11 Framboise aux Myrtilles<br \/>\n12 Framboise Acide Myrtille<br \/>\n13 F\u00eate aux Cerises<br \/>\n14 Fizz aux Cerises<br \/>\n15 Glace \u00e0 la Cerise<br \/>\n16 Mangue Fra\u00eeche<br \/>\n17 Fusion Pop<br \/>\n18 Raisin<br \/>\n19 Raisin et Baies<br \/>\n20 Raisin \u00e0 la Menthe<br \/>\n21 Chewing-gum \u00e0 la Menthe<br \/>\n22 Hubba<br \/>\n23 Glace Bleue<br \/>\n24 Citron Vert<br \/>\n25 Fizz Citron Vert et Cerise<br \/>\n26 Citron \u00e0 la Menthe<br \/>\n27 Glace Luxuriante<br \/>\n28 Amour Magique<br \/>\n29 Mangue Ananas<br \/>\n30 Menthol<br \/>\n31 Menthe<br \/>\n32 Baies M\u00e9lang\u00e9es<br \/>\n33 Orange Menthe<br \/>\n34 P\u00eache Glac\u00e9e<br \/>\n35 Ananas Glac\u00e9<br \/>\n36 R\u00eave Spatial<br \/>\n37 Menthe Verte<br \/>\n38 Fraise Cerise<br \/>\n39 Punch Fraise<br \/>\n40 R\u00eave d'\u00c9t\u00e9<br \/>\n41 Deux Pommes<br \/>\n42 Past\u00e8que Cerise<br \/>\n43 Past\u00e8que Kiwi<br \/>\n44 Past\u00e8que Citron Vert<br \/>\n45 Past\u00e8que Ananas<\/p>\n<div class=\"flex-shrink-0 flex flex-col relative items-end\">\n<div class=\"pt-0\">\n<div class=\"gizmo-bot-avatar flex h-8 w-8 items-center justify-center overflow-hidden rounded-full\">\n<div class=\"relative p-1 rounded-sm flex items-center justify-center bg-token-main-surface-primary text-token-text-primary h-8 w-8\">\n<h2 data-start=\"1200\" data-end=\"1487\">Vapes Tornado \u2013 Votre boutique en ligne de vapoteurs en gros pour les vapoteurs populaires<\/h2>\n<p data-start=\"72\" data-end=\"396\"><strong data-start=\"72\" data-end=\"89\">Vapes Tornado<\/strong> est une boutique en ligne de vapoteurs en gros ax\u00e9e sur l'Europe fournissant une gamme soigneusement s\u00e9lectionn\u00e9e de <strong data-start=\"178\" data-end=\"195\">vapoteurs populaires<\/strong> pour les acheteurs professionnels. Nous travaillons avec des d\u00e9taillants, des distributeurs et des boutiques en ligne \u00e0 travers l'UE qui ont besoin d'une fourniture stable, d'informations claires sur les produits et de marques que les clients reconnaissent et en qui ils ont confiance.<\/p>\n<p data-start=\"398\" data-end=\"687\">Nous collaborons avec des noms de confiance tels que <strong data-start=\"307\" data-end=\"362\"><a href=\"https:\/\/vapestornado.com\/fr\/product\/randm-12000-puffs-fumot-digital-disposable-vape-wholesale-price\/\">Fumot VAPE<\/a>, <a href=\"https:\/\/vapestornado.com\/fr\/product\/original-wga-ultra-35k-35000-puff-rechargeable-crystal-disposable-nicotine-vape-best-discount-price\/\">WGA VAPE<\/a>, <\/strong><strong data-start=\"307\" data-end=\"362\"><a href=\"https:\/\/vapestornado.com\/fr\/product\/vozol-gear-shisha-25k-25000-puffs-best-dtl-disposable-vape-hookah-cheap-price\/\">VOZOL BAR VAPE<\/a>,<\/strong><strong data-start=\"247\" data-end=\"352\">\u00a0Elf Bar Vape, WASPE Vape, <a href=\"https:\/\/vapestornado.com\/fr\/product\/uzy-150k-puffs-6-in-1-flavor-switch-disposable-vape-pen-wholesale\/\">Vape UZY<\/a>, Bang Vape, Razz Bar Vape, et Stag Bar Vape<\/strong>, choisis pour leur qualit\u00e9 constante et leur forte demande sur le march\u00e9 europ\u00e9en.<\/p>\n<h4 data-start=\"1080\" data-end=\"1120\">Con\u00e7u pour les acheteurs en gros europ\u00e9ens<\/h4>\n<p data-start=\"1121\" data-end=\"1189\">Vapes Tornado est structur\u00e9 autour des besoins r\u00e9els des grossistes de l'UE :<\/p>\n<ul data-start=\"1190\" data-end=\"1400\">\n<li data-start=\"1190\" data-end=\"1239\">\n<p data-start=\"1192\" data-end=\"1239\">Tarifs de gros comp\u00e9titifs pour les commandes en volume<\/p>\n<\/li>\n<li data-start=\"1240\" data-end=\"1289\">\n<p data-start=\"1242\" data-end=\"1289\">Descriptions et sp\u00e9cifications claires des produits<\/p>\n<\/li>\n<li data-start=\"1290\" data-end=\"1330\">\n<p data-start=\"1292\" data-end=\"1330\">Logistique rapide et fiable orient\u00e9e EU<\/p>\n<\/li>\n<li data-start=\"1331\" data-end=\"1400\">\n<p data-start=\"1333\" data-end=\"1400\">Un catalogue ax\u00e9 sur <strong data-start=\"1356\" data-end=\"1373\">vapoteurs populaires<\/strong>, pas sur des SKUs satur\u00e9s<\/p>\n<\/li>\n<\/ul>\n<h2 data-start=\"2064\" data-end=\"2115\">FAQ sur la cigarette \u00e9lectronique jetable Al Fakher CRYSTAL 8000 V2<\/h2>\n<p data-start=\"3467\" data-end=\"3658\"><strong data-start=\"3467\" data-end=\"3546\">1. Qu'est-ce qui diff\u00e9rencie la cigarette \u00e9lectronique jetable Al Fakher CRYSTAL 8K V2 des autres jetables ?<\/strong><br data-start=\"3546\" data-end=\"3549\" \/>Elle se concentre sur la stabilit\u00e9 de la saveur, une faible teneur en nicotine, et un mode de vapotage double plut\u00f4t que sur un nombre extr\u00eame de bouff\u00e9es.<\/p>\n<p data-start=\"3660\" data-end=\"3780\"><strong data-start=\"3660\" data-end=\"3721\">2. La Crown Bar Crystal 8K V2 d'Al Fakher est-elle rechargeable ?<\/strong><br data-start=\"3721\" data-end=\"3724\" \/>Oui, il dispose d'une batterie de 850mAh avec charge Type-C.<\/p>\n<p data-start=\"3782\" data-end=\"3917\"><strong data-start=\"3782\" data-end=\"3825\">3. Pour qui ce produit est-il le mieux adapt\u00e9 ?<\/strong><br data-start=\"3825\" data-end=\"3828\" \/>Utilisateurs qui recherchent une saveur douce, une ingestion de nicotine plus l\u00e9g\u00e8re et des performances quotidiennes constantes.<\/p>\n<p data-start=\"3919\" data-end=\"4102\"><strong data-start=\"3919\" data-end=\"3989\">4. Comment se compare-t-il aux appareils \u00e0 forte consommation comme Airmez Fox 80000 ?<\/strong><br data-start=\"3989\" data-end=\"3992\" \/>Le Crystal 8K V2 privil\u00e9gie le contr\u00f4le et la pr\u00e9cision de la saveur, tandis que les mod\u00e8les \u00e0 forte consommation se concentrent sur une dur\u00e9e de vie prolong\u00e9e.<\/p>\n<p data-start=\"4104\" data-end=\"4265\"><strong data-start=\"4104\" data-end=\"4166\">5. Ce produit convient-il \u00e0 la distribution en gros en France ?<\/strong><br data-start=\"4166\" data-end=\"4169\" \/>Oui, il est emball\u00e9 en cartons en gros et est populaire pour <strong data-start=\"4219\" data-end=\"4257\">Vapes Jetables en Gros France<\/strong> l'approvisionnement.<\/p>\n<\/div>\n<\/div>\n<\/div>\n<\/div>","protected":false},"excerpt":{"rendered":"<p data-start=\"1873\" data-end=\"1964\"><strong data-start=\"1873\" data-end=\"1964\">Al Fakher Crown Bar Crystal 8K V2 \u2013 Vape Jetable \u00e0 Performance Stable pour la Vente en Gros en Europe<\/strong><\/p>\n<p data-start=\"1968\" data-end=\"2039\"><strong data-start=\"1968\" data-end=\"2039\">Al Fakher CRYSTAL 8K V2 avec Mode Double de Vape &amp; Faible Teneur en Nicotine<\/strong><\/p>\n<p data-start=\"2043\" data-end=\"2136\"><strong data-start=\"2043\" data-end=\"2136\">Crystal 8K V2 par Al Fakher \u2013 Vape Jetable Fiable de 8000 Bouff\u00e9es \u00e0 Prix de Gros Concurrentiel<\/strong><\/p>\n<p><strong>Ajoutez le WhatsApp d'Amy pour obtenir une r\u00e9ponse rapide et un prix r\u00e9duit !<\/strong><\/p>\n<p><img fetchpriority=\"high\" decoding=\"async\" class=\"size-full wp-image-2932\" src=\"https:\/\/vapestornado.com\/wp-content\/uploads\/2024\/12\/Vape-Wholesale.jpg\" alt=\"Vente en Gros de Vapes\" width=\"229\" height=\"300\" \/><\/p>\n<h3><a href=\"https:\/\/wa.me\/8617776015835\"><span style=\"color: #ff0000;\"><strong>WhatsApp : +86 17776015835<\/strong><\/span><\/a><\/h3>","protected":false},"featured_media":4770,"comment_status":"open","ping_status":"closed","template":"","meta":{"_acf_changed":false,"_uag_custom_page_level_css":"","_lmt_disableupdate":"no","_lmt_disable":"","_monsterinsights_skip_tracking":false,"_monsterinsights_sitenote_active":false,"_monsterinsights_sitenote_note":"","_monsterinsights_sitenote_category":0,"site-sidebar-layout":"default","site-content-layout":"","ast-site-content-layout":"default","site-content-style":"default","site-sidebar-style":"default","ast-global-header-display":"","ast-banner-title-visibility":"","ast-main-header-display":"","ast-hfb-above-header-display":"","ast-hfb-below-header-display":"","ast-hfb-mobile-header-display":"","site-post-title":"","ast-breadcrumbs-content":"","ast-featured-img":"","footer-sml-layout":"","ast-disable-related-posts":"","theme-transparent-header-meta":"default","adv-header-id-meta":"","stick-header-meta":"","header-above-stick-meta":"","header-main-stick-meta":"","header-below-stick-meta":"","astra-migrate-meta-layouts":"set","ast-page-background-enabled":"default","ast-page-background-meta":{"desktop":{"background-color":"","background-image":"","background-repeat":"repeat","background-position":"center center","background-size":"auto","background-attachment":"scroll","background-type":"","background-media":"","overlay-type":"","overlay-color":"","overlay-opacity":"","overlay-gradient":""},"tablet":{"background-color":"","background-image":"","background-repeat":"repeat","background-position":"center center","background-size":"auto","background-attachment":"scroll","background-type":"","background-media":"","overlay-type":"","overlay-color":"","overlay-opacity":"","overlay-gradient":""},"mobile":{"background-color":"","background-image":"","background-repeat":"repeat","background-position":"center center","background-size":"auto","background-attachment":"scroll","background-type":"","background-media":"","overlay-type":"","overlay-color":"","overlay-opacity":"","overlay-gradient":""}},"ast-content-background-meta":{"desktop":{"background-color":"var(--ast-global-color-5)","background-image":"","background-repeat":"repeat","background-position":"center center","background-size":"auto","background-attachment":"scroll","background-type":"","background-media":"","overlay-type":"","overlay-color":"","overlay-opacity":"","overlay-gradient":""},"tablet":{"background-color":"var(--ast-global-color-5)","background-image":"","background-repeat":"repeat","background-position":"center center","background-size":"auto","background-attachment":"scroll","background-type":"","background-media":"","overlay-type":"","overlay-color":"","overlay-opacity":"","overlay-gradient":""},"mobile":{"background-color":"var(--ast-global-color-5)","background-image":"","background-repeat":"repeat","background-position":"center center","background-size":"auto","background-attachment":"scroll","background-type":"","background-media":"","overlay-type":"","overlay-color":"","overlay-opacity":"","overlay-gradient":""}},"_joinchat":[]},"product_brand":[],"product_cat":[140,149,156,158,141,142,146,147],"product_tag":[529,530,528,355,287,513,512],"class_list":{"0":"post-4772","1":"product","2":"type-product","3":"status-publish","4":"has-post-thumbnail","6":"product_cat-big-puffs-disposable-vapes","7":"product_cat-buy-disposable-vapes-in-austria","8":"product_cat-buy-disposable-vapes-in-poland","9":"product_cat-buy-disposable-vapes-in-spain","10":"product_cat-crystal-disposable-vapes","11":"product_cat-digital-box-disposable-vapes","12":"product_cat-rechargeable-disposable-vapes","13":"product_cat-shisha-hookah-disposable-vapes","14":"product_tag-al-fakher-8k-v2","15":"product_tag-al-fakher-crystal-8000-v2","16":"product_tag-al-fakher-crystal-8k-v2","17":"product_tag-big-puff-vape","18":"product_tag-disposable-vape-pen","19":"product_tag-vape-discount-price","20":"product_tag-vape-wholesale-distributor","21":"desktop-align-left","22":"tablet-align-left","23":"mobile-align-left","25":"first","26":"instock","27":"sale","28":"shipping-taxable","29":"purchasable","30":"product-type-simple"},"acf":[],"uagb_featured_image_src":{"full":["https:\/\/vapestornado.com\/wp-content\/uploads\/2026\/01\/Al-Fakher-Disposable-Vapes-Best-Price.webp",800,800,false],"thumbnail":["https:\/\/vapestornado.com\/wp-content\/uploads\/2026\/01\/Al-Fakher-Disposable-Vapes-Best-Price-150x150.webp",150,150,true],"medium":["https:\/\/vapestornado.com\/wp-content\/uploads\/2026\/01\/Al-Fakher-Disposable-Vapes-Best-Price-300x300.webp",300,300,true],"medium_large":["https:\/\/vapestornado.com\/wp-content\/uploads\/2026\/01\/Al-Fakher-Disposable-Vapes-Best-Price-768x768.webp",768,768,true],"large":["https:\/\/vapestornado.com\/wp-content\/uploads\/2026\/01\/Al-Fakher-Disposable-Vapes-Best-Price.webp",800,800,false],"1536x1536":["https:\/\/vapestornado.com\/wp-content\/uploads\/2026\/01\/Al-Fakher-Disposable-Vapes-Best-Price.webp",800,800,false],"2048x2048":["https:\/\/vapestornado.com\/wp-content\/uploads\/2026\/01\/Al-Fakher-Disposable-Vapes-Best-Price.webp",800,800,false],"trp-custom-language-flag":["https:\/\/vapestornado.com\/wp-content\/uploads\/2026\/01\/Al-Fakher-Disposable-Vapes-Best-Price-12x12.webp",12,12,true],"woocommerce_thumbnail":["https:\/\/vapestornado.com\/wp-content\/uploads\/2026\/01\/Al-Fakher-Disposable-Vapes-Best-Price-300x300.webp",300,300,true],"woocommerce_single":["https:\/\/vapestornado.com\/wp-content\/uploads\/2026\/01\/Al-Fakher-Disposable-Vapes-Best-Price-600x600.webp",600,600,true],"woocommerce_gallery_thumbnail":["https:\/\/vapestornado.com\/wp-content\/uploads\/2026\/01\/Al-Fakher-Disposable-Vapes-Best-Price-100x100.webp",100,100,true]},"uagb_author_info":{"display_name":"ESAMY","author_link":"https:\/\/vapestornado.com\/fr\/author\/"},"uagb_comment_info":0,"uagb_excerpt":"Al Fakher Crown Bar Crystal 8K V2 \u2013 Stable Performance Disposable Vape for EU Wholesale Al Fakher CRYSTAL 8K V2 with Dual Vaping Mode &amp; Low Nicotine Output Crystal 8K V2 by Al Fakher \u2013 Reliable 8000 Puff Disposable at Competitive Wholesale Price Add Amy's whatsapp to get right reply and discount price! WhatsApp: +86\u2026","_links":{"self":[{"href":"https:\/\/vapestornado.com\/fr\/wp-json\/wp\/v2\/product\/4772","targetHints":{"allow":["GET"]}}],"collection":[{"href":"https:\/\/vapestornado.com\/fr\/wp-json\/wp\/v2\/product"}],"about":[{"href":"https:\/\/vapestornado.com\/fr\/wp-json\/wp\/v2\/types\/product"}],"replies":[{"embeddable":true,"href":"https:\/\/vapestornado.com\/fr\/wp-json\/wp\/v2\/comments?post=4772"}],"wp:featuredmedia":[{"embeddable":true,"href":"https:\/\/vapestornado.com\/fr\/wp-json\/wp\/v2\/media\/4770"}],"wp:attachment":[{"href":"https:\/\/vapestornado.com\/fr\/wp-json\/wp\/v2\/media?parent=4772"}],"wp:term":[{"taxonomy":"product_brand","embeddable":true,"href":"https:\/\/vapestornado.com\/fr\/wp-json\/wp\/v2\/product_brand?post=4772"},{"taxonomy":"product_cat","embeddable":true,"href":"https:\/\/vapestornado.com\/fr\/wp-json\/wp\/v2\/product_cat?post=4772"},{"taxonomy":"product_tag","embeddable":true,"href":"https:\/\/vapestornado.com\/fr\/wp-json\/wp\/v2\/product_tag?post=4772"}],"curies":[{"name":"wp","href":"https:\/\/api.w.org\/{rel}","templated":true}]}}