{"id":4731,"date":"2025-12-26T02:21:15","date_gmt":"2025-12-26T02:21:15","guid":{"rendered":"https:\/\/vapestornado.com\/?post_type=product&#038;p=4731"},"modified":"2025-12-26T02:37:50","modified_gmt":"2025-12-26T02:37:50","slug":"okso-50000-puff-50k-switch-kit-disposable-vape-boost-mode-airflow-adjustable-low-price","status":"publish","type":"product","link":"https:\/\/vapestornado.com\/fr\/product\/okso-50000-puff-50k-switch-kit-disposable-vape-boost-mode-airflow-adjustable-low-price\/","title":{"rendered":"OKSO 50000 Puff 50K Kit de cigarette \u00e9lectronique jetable Mode Boost Airflow r\u00e9glable Prix bas"},"content":{"rendered":"<h2 data-pm-slice=\"1 1 []\">Kit Switch OKSO 50K Puff : Deux profils de puissance, une configuration propre<\/h2>\n<p data-start=\"66\" data-end=\"524\">L' <strong data-start=\"70\" data-end=\"87\">OKSO 50K Puff<\/strong> (\u00e9galement list\u00e9 comme <strong data-start=\"104\" data-end=\"124\">OKSO 50000 Bouff\u00e9es<\/strong>) est une cigarette \u00e9lectronique jetable Kit Switch con\u00e7ue pour les adultes qui veulent le contr\u00f4le sans transporter d'appareils suppl\u00e9mentaires. Elle combine un mode longue dur\u00e9e pour une utilisation quotidienne avec une puissance plus forte <strong data-start=\"285\" data-end=\"299\">Mode Boost<\/strong> pour les moments o\u00f9 vous souhaitez plus de puissance. Ajoutez <strong data-start=\"342\" data-end=\"369\">Airflow de Vape r\u00e9glable<\/strong> un r\u00e9glage et une structure de coil \u00e0 double mesh, et vous obtenez un <strong data-start=\"423\" data-end=\"435\">puff 50k<\/strong> appareil qui semble d\u00e9lib\u00e9r\u00e9 plut\u00f4t que g\u00e9n\u00e9rique\u2014surtout \u00e0 une <strong data-start=\"501\" data-end=\"514\">prix bas<\/strong> position.<\/p>\n<h3 data-start=\"531\" data-end=\"590\">Mode Boost qui frappe plus fort, Mode Norme qui dure plus longtemps<\/h3>\n<p data-start=\"592\" data-end=\"652\">Ce kit d'interrupteur est con\u00e7u autour de deux cas d'utilisation r\u00e9els :<\/p>\n<ul data-start=\"654\" data-end=\"916\">\n<li data-start=\"654\" data-end=\"774\">\n<p data-start=\"656\" data-end=\"774\"><strong data-start=\"656\" data-end=\"689\">Mode norme : jusqu'\u00e0 50 000 bouff\u00e9es<\/strong><br data-start=\"689\" data-end=\"692\" \/>Un profil stable destin\u00e9 \u00e0 une autonomie plus longue et une sensation plus coh\u00e9rente toute la journ\u00e9e.<\/p>\n<\/li>\n<li data-start=\"776\" data-end=\"916\">\n<p data-start=\"778\" data-end=\"916\"><strong data-start=\"778\" data-end=\"812\">Mode boost : jusqu'\u00e0 30 000 bouff\u00e9es<\/strong><br data-start=\"812\" data-end=\"815\" \/>Un profil plus fort et plus intense qui consomme g\u00e9n\u00e9ralement plus vite, mais offre une s\u00e9ance plus puissante.<\/p>\n<\/li>\n<\/ul>\n<p data-start=\"918\" data-end=\"1056\">C'est le but de <strong data-start=\"938\" data-end=\"952\">Mode Boost<\/strong> ici : vous pouvez basculer en fonction du contexte\u2014jour de travail vs week-end, plus l\u00e9ger vs plus fort\u2014sans changer d'appareil.<\/p>\n<h3>Flux d'air r\u00e9glable : tirage serr\u00e9 ou flux ouvert, \u00e0 vous de choisir<\/h3>\n<p data-start=\"1122\" data-end=\"1212\"><strong data-start=\"1122\" data-end=\"1149\">Airflow de Vape r\u00e9glable<\/strong> Le contr\u00f4le modifie la fa\u00e7on dont l'appareil aspire et la sensation de la vapeur :<\/p>\n<ul data-start=\"1214\" data-end=\"1371\">\n<li data-start=\"1214\" data-end=\"1280\">\n<p data-start=\"1216\" data-end=\"1280\"><strong data-start=\"1216\" data-end=\"1235\">Flux d'air plus serr\u00e9<\/strong> peut sembler plus concentr\u00e9 et contr\u00f4l\u00e9.<\/p>\n<\/li>\n<li data-start=\"1281\" data-end=\"1371\">\n<p data-start=\"1283\" data-end=\"1371\"><strong data-start=\"1283\" data-end=\"1304\">Flux d'air plus ouvert<\/strong> peut sembler plus doux et plus fluide, souvent avec une vapeur plus importante.<\/p>\n<\/li>\n<\/ul>\n<p data-start=\"1373\" data-end=\"1545\">Pour les utilisateurs adultes, le flux d'air est l'une des rares fonctionnalit\u00e9s que vous remarquerez r\u00e9ellement chaque jour. Il transforme un jetable universel en quelque chose que vous pouvez r\u00e9gler selon votre pr\u00e9f\u00e9rence.<\/p>\n<h3 data-start=\"1552\" data-end=\"1610\">Coil \u00e0 double mesh 1.0+1.0\u03a9 : La coh\u00e9rence est le vrai luxe<\/h3>\n<p data-start=\"1612\" data-end=\"1797\">L'OKSO 50K utilise un <strong data-start=\"1632\" data-end=\"1662\">Double r\u00e9sistance Mesh : 1.0 + 1.0\u03a9<\/strong> (r\u00e9sistance mesh \u00d72). Cette configuration est con\u00e7ue pour un chauffage uniforme et une sortie stable, ce qui est important lorsque vous utilisez un appareil pendant une longue p\u00e9riode.<\/p>\n<p data-start=\"1799\" data-end=\"1833\">En termes pratiques, cela signifie :<\/p>\n<ul data-start=\"1834\" data-end=\"2016\">\n<li data-start=\"1834\" data-end=\"1891\">\n<p data-start=\"1836\" data-end=\"1891\">maintenir une diffusion de saveur plus constante sur des sessions prolong\u00e9es<\/p>\n<\/li>\n<li data-start=\"1892\" data-end=\"1951\">\n<p data-start=\"1894\" data-end=\"1951\">r\u00e9duire le probl\u00e8me du \u00ab bon le premier jour, plat le troisi\u00e8me jour \u00bb<\/p>\n<\/li>\n<li data-start=\"1952\" data-end=\"2016\">\n<p data-start=\"1954\" data-end=\"2016\">prendre en charge une sortie de vapeur fiable dans les profils Norm et Boost<\/p>\n<\/li>\n<\/ul>\n<h3 data-start=\"2023\" data-end=\"2077\">Batterie + \u00c9cran : Con\u00e7u pour \u00eatre g\u00e9r\u00e9, pas devin\u00e9<\/h3>\n<p data-start=\"2079\" data-end=\"2425\">L'appareil comprend une <strong data-start=\"2101\" data-end=\"2121\">1000mAh + 200mAh<\/strong> configuration de batterie et un <strong data-start=\"2151\" data-end=\"2166\">\u00c9cran LED<\/strong>. L'avantage n'est pas seulement la capacit\u00e9, c'est la pr\u00e9visibilit\u00e9. Un \u00e9cran vous donne une visibilit\u00e9 rapide de l'\u00e9tat afin que vous ne deviniez pas pourquoi les performances changent. Pour une longue dur\u00e9e <strong data-start=\"2331\" data-end=\"2351\">OKSO 50000 Bouff\u00e9es<\/strong> appareil, c'est une fonctionnalit\u00e9 pratique, surtout si vous changez souvent de mode.<\/p>\n<h3 data-start=\"2432\" data-end=\"2485\">Attraction magn\u00e9tique : un kit de commutation qui semble solide<\/h3>\n<p data-start=\"2487\" data-end=\"2765\">L' <strong data-start=\"2491\" data-end=\"2514\">attraction magn\u00e9tique<\/strong> La conception am\u00e9liore la manipulation quotidienne : moins de manipulations, un ajustement plus propre et une sensation plus s\u00fbre lorsque vous l'utilisez r\u00e9guli\u00e8rement. C'est un petit d\u00e9tail, mais cela rend l'exp\u00e9rience du kit de commutation plus raffin\u00e9e que les produits jetables typiques dans la m\u00eame gamme de prix.<\/p>\n<p><strong><span style=\"color: #ff0000;\">Ajoutez le WhatsApp d'Amy pour obtenir une bonne r\u00e9ponse et un coupon de vape !<\/span><\/strong><\/p>\n<p><img fetchpriority=\"high\" decoding=\"async\" class=\"size-full wp-image-2932\" src=\"https:\/\/vapestornado.com\/wp-content\/uploads\/2024\/12\/Vape-Wholesale.jpg\" alt=\"Vente en Gros de Vapes\" width=\"229\" height=\"300\" \/><\/p>\n<h3><a href=\"https:\/\/wa.me\/8617776015835\" target=\"_blank\" rel=\"noopener\"><span style=\"color: #ff0000;\"><strong>WhatsApp : +86 17776015835<\/strong><\/span><\/a><\/h3>\n<p>&nbsp;<\/p>\n<h2><strong>Caract\u00e9ristiques du produit OKSO 50000 Puff 50K Switch Kit<\/strong><\/h2>\n<table>\n<thead>\n<tr>\n<th>Fonctionnalit\u00e9<\/th>\n<th align=\"right\">Sp\u00e9cification<\/th>\n<th>Ce que cela signifie en utilisation r\u00e9elle<\/th>\n<\/tr>\n<\/thead>\n<tbody>\n<tr>\n<td>Mode (Norm)<\/td>\n<td align=\"right\">Jusqu\u2019\u00e0 50 000 bouff\u00e9es<\/td>\n<td>Profil d'ex\u00e9cution plus long pour un vapotage quotidien stable (le nombre de bouff\u00e9es r\u00e9el varie selon la longueur de la bouff\u00e9e).<\/td>\n<\/tr>\n<tr>\n<td>Mode (Boost)<\/td>\n<td align=\"right\">Jusqu'\u00e0 30 000 bouff\u00e9es<\/td>\n<td>Profil de sortie plus puissant ; une intensit\u00e9 plus \u00e9lev\u00e9e r\u00e9duit g\u00e9n\u00e9ralement le nombre de bouff\u00e9es totales.<\/td>\n<\/tr>\n<tr>\n<td>Syst\u00e8me de bobine<\/td>\n<td align=\"right\">R\u00e9plica de coil \u00e0 double maille 1,0 + 1,0\u03a9 (coil en maille \u00d72)<\/td>\n<td>Une chauffe uniforme favorise une saveur et une vapeur constantes dans les deux modes.<\/td>\n<\/tr>\n<tr>\n<td>E-liquide<\/td>\n<td align=\"right\">20ml<\/td>\n<td>Grande capacit\u00e9 con\u00e7ue pour une utilisation prolong\u00e9e sans remplacement fr\u00e9quent.<\/td>\n<\/tr>\n<tr>\n<td>Batterie<\/td>\n<td align=\"right\">1000mAh + 200mAh<\/td>\n<td>Con\u00e7u pour supporter de longues sessions et le changement de mode avec moins de pertes de puissance.<\/td>\n<\/tr>\n<tr>\n<td>Affichage<\/td>\n<td align=\"right\">\u00c9cran LED<\/td>\n<td>Affiche l\u2019\u00e9tat visible de l\u2019appareil pour une gestion quotidienne plus facile.<\/td>\n<\/tr>\n<tr>\n<td>Flux d'air<\/td>\n<td align=\"right\">D\u00e9bit d'air r\u00e9glable<\/td>\n<td>Vous permet d\u2019ajuster la sensation d\u2019aspiration, de plus serr\u00e9e \u00e0 plus ouverte.<\/td>\n<\/tr>\n<tr>\n<td>Structure<\/td>\n<td align=\"right\">Attraction magn\u00e9tique<\/td>\n<td>Am\u00e9liore la prise en main et l\u2019ajustement, r\u00e9duisant les tracas lors de l\u2019utilisation quotidienne.<\/td>\n<\/tr>\n<tr>\n<td>Taille<\/td>\n<td align=\"right\">65 \u00d7 35 \u00d7 110mm<\/td>\n<td>Taille \u00e9quilibr\u00e9e pour la capacit\u00e9 et la portabilit\u00e9.<\/td>\n<\/tr>\n<tr>\n<td>Poids<\/td>\n<td align=\"right\">129g<\/td>\n<td>Sensation solide en main typique des appareils \u00e0 haute capacit\u00e9.<\/td>\n<\/tr>\n<tr>\n<td>Options de Nicotine<\/td>\n<td align=\"right\">0% \/ 2% \/ 3% \/ 5%<\/td>\n<td>Couvre des options sans nicotine jusqu\u2019\u00e0 des options plus fortes selon les besoins du march\u00e9.<\/td>\n<\/tr>\n<\/tbody>\n<\/table>\n<h2 class=\"product-title\"><strong>Liste des saveurs du kit de commutateur OKSO 50000 bouff\u00e9es 50K<\/strong><\/h2>\n<h2 data-start=\"3958\" data-end=\"4012\"><\/h2>\n<ol data-start=\"4014\" data-end=\"4238\">\n<li data-start=\"4014\" data-end=\"4028\">\n<p data-start=\"4017\" data-end=\"4028\">P\u00eache Glac\u00e9e<\/p>\n<\/li>\n<li data-start=\"4029\" data-end=\"4046\">\n<p data-start=\"4032\" data-end=\"4046\">Mangue du Mexique<\/p>\n<\/li>\n<li data-start=\"4047\" data-end=\"4073\">\n<p data-start=\"4050\" data-end=\"4073\">Fraise Past\u00e8que<\/p>\n<\/li>\n<li data-start=\"4074\" data-end=\"4088\">\n<p data-start=\"4077\" data-end=\"4088\">Framboise Bleue<\/p>\n<\/li>\n<li data-start=\"4089\" data-end=\"4104\">\n<p data-start=\"4092\" data-end=\"4104\">Oursons en G\u00e9latine<\/p>\n<\/li>\n<li data-start=\"4105\" data-end=\"4120\">\n<p data-start=\"4108\" data-end=\"4120\">Pomme Acidul\u00e9e<\/p>\n<\/li>\n<li data-start=\"4121\" data-end=\"4136\">\n<p data-start=\"4124\" data-end=\"4136\">Menthe Miami<\/p>\n<\/li>\n<li data-start=\"4137\" data-end=\"4151\">\n<p data-start=\"4140\" data-end=\"4151\">Glace au raisin<\/p>\n<\/li>\n<li data-start=\"4152\" data-end=\"4165\">\n<p data-start=\"4155\" data-end=\"4165\">Glace luxuriante<\/p>\n<\/li>\n<li data-start=\"4166\" data-end=\"4195\">\n<p data-start=\"4170\" data-end=\"4195\">Fruit Kiwi Dragon Berry<\/p>\n<\/li>\n<li data-start=\"4196\" data-end=\"4217\">\n<p data-start=\"4200\" data-end=\"4217\">Fraise Kiwi<\/p>\n<\/li>\n<li data-start=\"4218\" data-end=\"4238\">\n<p data-start=\"4222\" data-end=\"4238\">Fraise Glac\u00e9e<\/p>\n<\/li>\n<\/ol>\n<figure id=\"attachment_4721\" aria-describedby=\"caption-attachment-4721\" style=\"width: 300px\" class=\"wp-caption alignnone\"><img decoding=\"async\" class=\"size-medium wp-image-4721\" src=\"https:\/\/vapestornado.com\/wp-content\/uploads\/2025\/12\/Okso-50K-50000-Puffs-Disposable-Vape-Popular-Flavor-300x300.webp\" alt=\"Vape jetable OKSO 50K 50000 bouff\u00e9es Saveur populaire\" width=\"300\" height=\"300\" srcset=\"https:\/\/vapestornado.com\/wp-content\/uploads\/2025\/12\/Okso-50K-50000-Puffs-Disposable-Vape-Popular-Flavor-300x300.webp 300w, https:\/\/vapestornado.com\/wp-content\/uploads\/2025\/12\/Okso-50K-50000-Puffs-Disposable-Vape-Popular-Flavor-150x150.webp 150w, https:\/\/vapestornado.com\/wp-content\/uploads\/2025\/12\/Okso-50K-50000-Puffs-Disposable-Vape-Popular-Flavor-768x768.webp 768w, https:\/\/vapestornado.com\/wp-content\/uploads\/2025\/12\/Okso-50K-50000-Puffs-Disposable-Vape-Popular-Flavor-12x12.webp 12w, https:\/\/vapestornado.com\/wp-content\/uploads\/2025\/12\/Okso-50K-50000-Puffs-Disposable-Vape-Popular-Flavor-600x600.webp 600w, https:\/\/vapestornado.com\/wp-content\/uploads\/2025\/12\/Okso-50K-50000-Puffs-Disposable-Vape-Popular-Flavor-100x100.webp 100w, https:\/\/vapestornado.com\/wp-content\/uploads\/2025\/12\/Okso-50K-50000-Puffs-Disposable-Vape-Popular-Flavor.webp 800w\" sizes=\"(max-width: 300px) 100vw, 300px\" \/><figcaption id=\"caption-attachment-4721\" class=\"wp-caption-text\">Vape jetable OKSO 50K 50000 bouff\u00e9es Saveur populaire<\/figcaption><\/figure>\n<div class=\"flex-shrink-0 flex flex-col relative items-end\">\n<div class=\"pt-0\">\n<div class=\"gizmo-bot-avatar flex h-8 w-8 items-center justify-center overflow-hidden rounded-full\">\n<div class=\"relative p-1 rounded-sm flex items-center justify-center bg-token-main-surface-primary text-token-text-primary h-8 w-8\">\n<h2 data-start=\"1200\" data-end=\"1487\">Vapes Tornado \u2013 Votre boutique en ligne de gros pour les meilleures marques de vapoteuses<\/h2>\n<p data-start=\"1200\" data-end=\"1487\"><strong data-start=\"141\" data-end=\"177\">Magasin de vapotage en ligne Vapes Tornado<\/strong> est votre source de confiance pour <strong data-start=\"205\" data-end=\"270\">vapes jetables premium et cigarettes \u00e9lectroniques en gros en Europe<\/strong>. Nous proposons des marques les plus vendues comme <strong data-start=\"307\" data-end=\"362\"><a href=\"https:\/\/vapestornado.com\/fr\/product\/randm-12000-puffs-fumot-digital-disposable-vape-wholesale-price\/\">Fumot VAPE<\/a>, <a href=\"https:\/\/vapestornado.com\/fr\/product\/original-wga-ultra-35k-35000-puff-rechargeable-crystal-disposable-nicotine-vape-best-discount-price\/\">WGA VAPE<\/a>, <\/strong><strong data-start=\"307\" data-end=\"362\"><a href=\"https:\/\/vapestornado.com\/fr\/product\/vozol-gear-shisha-25k-25000-puffs-best-dtl-disposable-vape-hookah-cheap-price\/\">VOZOL BAR VAPE<\/a>, \u00a0 Bang Vape<\/strong>, et plus encore, garantissant qualit\u00e9 et vari\u00e9t\u00e9 pour chaque client. Que vous soyez un vapoteur individuel ou un acheteur en gros, nous livrons <strong data-start=\"481\" data-end=\"550\">des appareils haute performance, des designs \u00e9l\u00e9gants et des prix comp\u00e9titifs<\/strong> pour r\u00e9pondre \u00e0 vos besoins.<\/p>\n<h2 data-start=\"2064\" data-end=\"2115\">FAQ sur la vape jetable OKSO 50000 bouff\u00e9es 50K Switch<\/h2>\n<p data-start=\"4515\" data-end=\"4726\"><strong data-start=\"4515\" data-end=\"4578\">1) Pourquoi cet appareil indique-t-il 50 000 bouff\u00e9es et 30 000 bouff\u00e9es ?<\/strong><br data-start=\"4578\" data-end=\"4581\" \/>Parce qu'il poss\u00e8de deux modes : <strong data-start=\"4607\" data-end=\"4639\">Mode Norme jusqu'\u00e0 50 000 bouff\u00e9es<\/strong> et de <strong data-start=\"4644\" data-end=\"4677\">Mode Boost jusqu'\u00e0 30 000 bouff\u00e9es<\/strong>, avec des intensit\u00e9s et des taux de consommation diff\u00e9rents.<\/p>\n<p data-start=\"4728\" data-end=\"4886\"><strong data-start=\"4728\" data-end=\"4776\">2) Que change le r\u00e9glage de l'Airflow Vape ?<\/strong><br data-start=\"4776\" data-end=\"4779\" \/>Il modifie la r\u00e9sistance \u00e0 l'inhalation et la sensation de vapeur \u2014 plus serr\u00e9 pour une aspiration plus cibl\u00e9e, plus ouvert pour un flux d'air plus fluide.<\/p>\n<p data-start=\"4888\" data-end=\"5039\"><strong data-start=\"4888\" data-end=\"4943\">3) Quel est l'int\u00e9r\u00eat d'une R\u00e9sistance Double Mesh (1.0+1.0\u03a9) ?<\/strong><br data-start=\"4943\" data-end=\"4946\" \/>Elle favorise un chauffage plus uniforme, aidant \u00e0 maintenir la saveur et la production de vapeur plus stables lors d'une utilisation prolong\u00e9e.<\/p>\n<p data-start=\"5041\" data-end=\"5217\"><strong data-start=\"5041\" data-end=\"5077\">4) S'agit-il d'un kit de pod rechargeable ?<\/strong><br data-start=\"5077\" data-end=\"5080\" \/>Il est pr\u00e9sent\u00e9 comme un Kit Jetable Switch avec <strong data-start=\"5127\" data-end=\"5135\">20ml<\/strong> e-liquide ; le rechargement et le remplacement de la r\u00e9sistance ne sont pas d\u00e9crits dans les sp\u00e9cifications fournies.<\/p>\n<p data-start=\"5219\" data-end=\"5340\"><strong data-start=\"5219\" data-end=\"5265\">5) Quelles sont les concentrations de nicotine disponibles ?<\/strong><br data-start=\"5265\" data-end=\"5268\" \/>Les options 0%, 2%, 3% et 5% sont list\u00e9es, selon la disponibilit\u00e9 sur le march\u00e9.<\/p>\n<\/div>\n<\/div>\n<\/div>\n<\/div>","protected":false},"excerpt":{"rendered":"<p data-start=\"3411\" data-end=\"3490\">L' <strong data-start=\"5381\" data-end=\"5398\">OKSO 50K Puff<\/strong> (<strong data-start=\"5400\" data-end=\"5420\">OKSO 50000 Bouff\u00e9es<\/strong>) est une cigarette \u00e9lectronique jetable <strong data-start=\"5438\" data-end=\"5452\">Kit Switch<\/strong> con\u00e7u pour les adultes qui veulent le choix : <strong data-start=\"5487\" data-end=\"5500\">mode Norme<\/strong> pour une autonomie plus longue et <strong data-start=\"5524\" data-end=\"5538\">Mode Boost<\/strong> pour des sessions plus fortes. Avec <strong data-start=\"5567\" data-end=\"5594\">Airflow de Vape r\u00e9glable<\/strong> ajustement, un <strong data-start=\"5605\" data-end=\"5632\">Dual Mesh Coil 1.0+1.0\u03a9<\/strong>, <strong data-start=\"5634\" data-end=\"5651\">20 ml de e-liquide<\/strong>, et un <strong data-start=\"5660\" data-end=\"5675\">\u00c9cran LED<\/strong>, il offre des performances contr\u00f4l\u00e9es \u00e0 un prix abordable dans le <strong data-start=\"5734\" data-end=\"5746\">puff 50k<\/strong> cat\u00e9gorie.<\/p>\n<p><strong>Ajoutez le WhatsApp d'Amy pour obtenir une r\u00e9ponse rapide et un prix r\u00e9duit !<\/strong><\/p>\n<p><img fetchpriority=\"high\" decoding=\"async\" class=\"size-full wp-image-2932\" src=\"https:\/\/vapestornado.com\/wp-content\/uploads\/2024\/12\/Vape-Wholesale.jpg\" alt=\"Vente en Gros de Vapes\" width=\"229\" height=\"300\" \/><\/p>\n<h3><a href=\"https:\/\/wa.me\/8617776015835\"><span style=\"color: #ff0000;\"><strong>WhatsApp : +86 17776015835<\/strong><\/span><\/a><\/h3>","protected":false},"featured_media":4718,"comment_status":"open","ping_status":"closed","template":"","meta":{"_acf_changed":false,"_uag_custom_page_level_css":"","_lmt_disableupdate":"no","_lmt_disable":"","_monsterinsights_skip_tracking":false,"_monsterinsights_sitenote_active":false,"_monsterinsights_sitenote_note":"","_monsterinsights_sitenote_category":0,"site-sidebar-layout":"default","site-content-layout":"","ast-site-content-layout":"default","site-content-style":"default","site-sidebar-style":"default","ast-global-header-display":"","ast-banner-title-visibility":"","ast-main-header-display":"","ast-hfb-above-header-display":"","ast-hfb-below-header-display":"","ast-hfb-mobile-header-display":"","site-post-title":"","ast-breadcrumbs-content":"","ast-featured-img":"","footer-sml-layout":"","ast-disable-related-posts":"","theme-transparent-header-meta":"default","adv-header-id-meta":"","stick-header-meta":"","header-above-stick-meta":"","header-main-stick-meta":"","header-below-stick-meta":"","astra-migrate-meta-layouts":"set","ast-page-background-enabled":"default","ast-page-background-meta":{"desktop":{"background-color":"","background-image":"","background-repeat":"repeat","background-position":"center center","background-size":"auto","background-attachment":"scroll","background-type":"","background-media":"","overlay-type":"","overlay-color":"","overlay-opacity":"","overlay-gradient":""},"tablet":{"background-color":"","background-image":"","background-repeat":"repeat","background-position":"center center","background-size":"auto","background-attachment":"scroll","background-type":"","background-media":"","overlay-type":"","overlay-color":"","overlay-opacity":"","overlay-gradient":""},"mobile":{"background-color":"","background-image":"","background-repeat":"repeat","background-position":"center center","background-size":"auto","background-attachment":"scroll","background-type":"","background-media":"","overlay-type":"","overlay-color":"","overlay-opacity":"","overlay-gradient":""}},"ast-content-background-meta":{"desktop":{"background-color":"var(--ast-global-color-5)","background-image":"","background-repeat":"repeat","background-position":"center center","background-size":"auto","background-attachment":"scroll","background-type":"","background-media":"","overlay-type":"","overlay-color":"","overlay-opacity":"","overlay-gradient":""},"tablet":{"background-color":"var(--ast-global-color-5)","background-image":"","background-repeat":"repeat","background-position":"center center","background-size":"auto","background-attachment":"scroll","background-type":"","background-media":"","overlay-type":"","overlay-color":"","overlay-opacity":"","overlay-gradient":""},"mobile":{"background-color":"var(--ast-global-color-5)","background-image":"","background-repeat":"repeat","background-position":"center center","background-size":"auto","background-attachment":"scroll","background-type":"","background-media":"","overlay-type":"","overlay-color":"","overlay-opacity":"","overlay-gradient":""}},"_joinchat":[]},"product_brand":[],"product_cat":[192,153,156,157,158,142,144,146,60],"product_tag":[387,287,503,506,507,508,393,509],"class_list":{"0":"post-4731","1":"product","2":"type-product","3":"status-publish","4":"has-post-thumbnail","6":"product_cat-50000-puff","7":"product_cat-buy-disposable-vapes-in-italy","8":"product_cat-buy-disposable-vapes-in-poland","9":"product_cat-buy-disposable-vapes-in-portugal","10":"product_cat-buy-disposable-vapes-in-spain","11":"product_cat-digital-box-disposable-vapes","12":"product_cat-low-nicotine-disposable-vapes","13":"product_cat-rechargeable-disposable-vapes","14":"product_cat-waspe-fihp-vape","15":"product_tag-cigarette-vapor","16":"product_tag-disposable-vape-pen","17":"product_tag-multi-flavor-disposable-vape","18":"product_tag-okso-50000-puff","19":"product_tag-okso-switch-kit-50k","20":"product_tag-vape-airflow-adjustable","21":"product_tag-vape-cartridge","22":"product_tag-vape-low-price","23":"desktop-align-left","24":"tablet-align-left","25":"mobile-align-left","27":"first","28":"instock","29":"sale","30":"shipping-taxable","31":"purchasable","32":"product-type-simple"},"acf":[],"uagb_featured_image_src":{"full":["https:\/\/vapestornado.com\/wp-content\/uploads\/2025\/12\/Okso-50K-50000-Puffs-Disposable-Vape-Best-Flavor.webp",800,800,false],"thumbnail":["https:\/\/vapestornado.com\/wp-content\/uploads\/2025\/12\/Okso-50K-50000-Puffs-Disposable-Vape-Best-Flavor-150x150.webp",150,150,true],"medium":["https:\/\/vapestornado.com\/wp-content\/uploads\/2025\/12\/Okso-50K-50000-Puffs-Disposable-Vape-Best-Flavor-300x300.webp",300,300,true],"medium_large":["https:\/\/vapestornado.com\/wp-content\/uploads\/2025\/12\/Okso-50K-50000-Puffs-Disposable-Vape-Best-Flavor-768x768.webp",768,768,true],"large":["https:\/\/vapestornado.com\/wp-content\/uploads\/2025\/12\/Okso-50K-50000-Puffs-Disposable-Vape-Best-Flavor.webp",800,800,false],"1536x1536":["https:\/\/vapestornado.com\/wp-content\/uploads\/2025\/12\/Okso-50K-50000-Puffs-Disposable-Vape-Best-Flavor.webp",800,800,false],"2048x2048":["https:\/\/vapestornado.com\/wp-content\/uploads\/2025\/12\/Okso-50K-50000-Puffs-Disposable-Vape-Best-Flavor.webp",800,800,false],"trp-custom-language-flag":["https:\/\/vapestornado.com\/wp-content\/uploads\/2025\/12\/Okso-50K-50000-Puffs-Disposable-Vape-Best-Flavor-12x12.webp",12,12,true],"woocommerce_thumbnail":["https:\/\/vapestornado.com\/wp-content\/uploads\/2025\/12\/Okso-50K-50000-Puffs-Disposable-Vape-Best-Flavor-300x300.webp",300,300,true],"woocommerce_single":["https:\/\/vapestornado.com\/wp-content\/uploads\/2025\/12\/Okso-50K-50000-Puffs-Disposable-Vape-Best-Flavor-600x600.webp",600,600,true],"woocommerce_gallery_thumbnail":["https:\/\/vapestornado.com\/wp-content\/uploads\/2025\/12\/Okso-50K-50000-Puffs-Disposable-Vape-Best-Flavor-100x100.webp",100,100,true]},"uagb_author_info":{"display_name":"ESAMY","author_link":"https:\/\/vapestornado.com\/fr\/author\/"},"uagb_comment_info":0,"uagb_excerpt":"The OKSO 50K Puff (OKSO 50000 Puffs) is a disposable Switch Kit built for adults who want choice: Norm mode for longer runtime and Boost Mode for stronger sessions. With Vape Airflow Adjustable tuning, a Dual Mesh Coil 1.0+1.0\u03a9, 20ml e-liquid, and an LED display, it delivers controlled performance at a low price in the\u2026","_links":{"self":[{"href":"https:\/\/vapestornado.com\/fr\/wp-json\/wp\/v2\/product\/4731","targetHints":{"allow":["GET"]}}],"collection":[{"href":"https:\/\/vapestornado.com\/fr\/wp-json\/wp\/v2\/product"}],"about":[{"href":"https:\/\/vapestornado.com\/fr\/wp-json\/wp\/v2\/types\/product"}],"replies":[{"embeddable":true,"href":"https:\/\/vapestornado.com\/fr\/wp-json\/wp\/v2\/comments?post=4731"}],"wp:featuredmedia":[{"embeddable":true,"href":"https:\/\/vapestornado.com\/fr\/wp-json\/wp\/v2\/media\/4718"}],"wp:attachment":[{"href":"https:\/\/vapestornado.com\/fr\/wp-json\/wp\/v2\/media?parent=4731"}],"wp:term":[{"taxonomy":"product_brand","embeddable":true,"href":"https:\/\/vapestornado.com\/fr\/wp-json\/wp\/v2\/product_brand?post=4731"},{"taxonomy":"product_cat","embeddable":true,"href":"https:\/\/vapestornado.com\/fr\/wp-json\/wp\/v2\/product_cat?post=4731"},{"taxonomy":"product_tag","embeddable":true,"href":"https:\/\/vapestornado.com\/fr\/wp-json\/wp\/v2\/product_tag?post=4731"}],"curies":[{"name":"wp","href":"https:\/\/api.w.org\/{rel}","templated":true}]}}