{"id":4703,"date":"2025-12-19T06:50:39","date_gmt":"2025-12-19T06:50:39","guid":{"rendered":"https:\/\/vapestornado.com\/?post_type=product&#038;p=4703"},"modified":"2025-12-19T07:56:00","modified_gmt":"2025-12-19T07:56:00","slug":"bang-box-200k-200000-puff-disposable-vape-pen-wholesale-price-8-flavor-adjustable","status":"publish","type":"product","link":"https:\/\/vapestornado.com\/fr\/product\/bang-box-200k-200000-puff-disposable-vape-pen-wholesale-price-8-flavor-adjustable\/","title":{"rendered":"Bang Box 200k 200000 Puff Vape Jetable Prix de Gros 8 Saveurs Ajustables"},"content":{"rendered":"<h2 data-pm-slice=\"1 1 []\">Bang Box 200k 200000 Puff Vape Jetable Prix de Gros \u2014 8 Saveurs Ajustables<\/h2>\n<p data-start=\"88\" data-end=\"695\">L' <strong data-start=\"92\" data-end=\"109\">Bang Box 200k<\/strong> (\u00e9galement connu sous le nom de <strong data-start=\"128\" data-end=\"152\">Bang Box 200000 puff<\/strong>) est un <strong data-start=\"173\" data-end=\"196\">stylo vape jetable<\/strong> de grande capacit\u00e9 <strong data-start=\"358\" data-end=\"374\">con\u00e7u pour les adultes qui souhaitent un seul appareil pouvant fonctionner pendant une longue p\u00e9riode sans cycle constant de remplacements. Il combine un tr\u00e8s grand objectif de bouff\u00e9es avec un<\/strong> r\u00e9servoir de e-liquide de 40ml <strong data-start=\"388\" data-end=\"401\">bobine en maille<\/strong> , un <strong data-start=\"433\" data-end=\"443\">c\u0153ur pour une sortie stable, et un<\/strong> batterie con\u00e7ue pour maintenir l'appareil utilisable lors de longues sessions. Le principal diff\u00e9renciateur, cependant, est le syst\u00e8me de saveur : au lieu d'acheter plusieurs appareils pour faire tourner les go\u00fbts, ce mod\u00e8le est vendu avec <strong data-start=\"642\" data-end=\"665\">8 saveurs ajustables<\/strong> des options dans une seule unit\u00e9.<\/p>\n<p data-start=\"697\" data-end=\"1165\">La confiance, dans cette cat\u00e9gorie, vient de la correspondance entre le mat\u00e9riel et la promesse. Une revendication de \u201c200k\u201d sans liquide suffisant ou une bobine con\u00e7ue pour une utilisation prolong\u00e9e donne rapidement l'impression d'\u00eatre du marketing. Ici, le <strong data-start=\"884\" data-end=\"892\">40ml<\/strong> capacit\u00e9 est la v\u00e9ritable base, et le <strong data-start=\"934\" data-end=\"947\">bobine en maille<\/strong> est le choix pratique pour un chauffage uniforme et une livraison coh\u00e9rente de la saveur. La taille de la batterie compte \u00e9galement : <strong data-start=\"1056\" data-end=\"1066\">c\u0153ur pour une sortie stable, et un<\/strong> est con\u00e7u pour supporter une utilisation prolong\u00e9e, afin que l'exp\u00e9rience ne diminue pas pr\u00e9matur\u00e9ment uniquement en raison de la puissance.<\/p>\n<p data-start=\"1167\" data-end=\"1741\">Le concept de saveur est \u00e9galement plus fonctionnel qu'il n'y para\u00eet. Avec <strong data-start=\"1232\" data-end=\"1255\">8 saveurs ajustables<\/strong>, l'appareil est positionn\u00e9 pour les personnes qui s'ennuient d'un seul profil apr\u00e8s un jour ou deux. Au lieu de finir un appareil entier avec une seule saveur, les utilisateurs peuvent passer d'un profil \u00e0 l'autre en fonction du moment de la journ\u00e9e \u2014 quelque chose de plus net comme la menthe quand vous souhaitez qu'elle soit fra\u00eeche, ou un m\u00e9lange de fruits \/ bonbons quand vous souhaitez plus de douceur. Pour les grossistes, cela est plus facile \u00e0 vendre car cela r\u00e9duit le risque de \u201cmauvaise saveur\u201d : les clients ont de la vari\u00e9t\u00e9 dans un seul appareil, ce qui peut am\u00e9liorer la satisfaction et les commandes r\u00e9p\u00e9t\u00e9es.<\/p>\n<p data-start=\"1743\" data-end=\"2146\">D'un point de vue grossiste, le <strong data-start=\"1777\" data-end=\"1796\">prix de gros<\/strong> n'est pas seulement une question de co\u00fbt unitaire. Il s'agit de ce que vous pouvez promettre en toute confiance au comptoir : une longue dur\u00e9e de fonctionnement, une forte vari\u00e9t\u00e9 de saveurs, et un syst\u00e8me de bobines con\u00e7u pour maintenir des performances stables. Cela fait du Bang Box 200k une option solide pour les d\u00e9taillants qui veulent un produit phare qui para\u00eet haut de gamme en utilisation tout en restant abordable.<\/p>\n<p><strong><span style=\"color: #ff0000;\">Ajoutez le WhatsApp d'Amy pour obtenir une bonne r\u00e9ponse et un coupon de vape !<\/span><\/strong><\/p>\n<p><img fetchpriority=\"high\" decoding=\"async\" class=\"size-full wp-image-2932\" src=\"https:\/\/vapestornado.com\/wp-content\/uploads\/2024\/12\/Vape-Wholesale.jpg\" alt=\"Vente en Gros de Vapes\" width=\"229\" height=\"300\" \/><\/p>\n<h3><a href=\"https:\/\/wa.me\/8617776015835\" target=\"_blank\" rel=\"noopener\"><span style=\"color: #ff0000;\"><strong>WhatsApp : +86 17776015835<\/strong><\/span><\/a><\/h3>\n<h2 class=\"product-title\"><strong>Liste des saveurs du Bang Box 200000 Puff<\/strong><\/h2>\n<ol data-start=\"2433\" data-end=\"3152\">\n<li data-start=\"2433\" data-end=\"2499\">\n<p data-start=\"2436\" data-end=\"2499\">Myrtille Glac\u00e9e \/ Past\u00e8que Myrtille \/ Framboise \/ Citron Lime<\/p>\n<\/li>\n<li data-start=\"2500\" data-end=\"2567\">\n<p data-start=\"2503\" data-end=\"2567\">Past\u00e8que Glac\u00e9e \/ Chewing-gum Past\u00e8que \/ Cerise Glac\u00e9e \/ Chewing-gum<\/p>\n<\/li>\n<li data-start=\"2568\" data-end=\"2632\">\n<p data-start=\"2571\" data-end=\"2632\">Menthe Glac\u00e9e \/ Myrtille Framboise Glac\u00e9e \/ Raisin Glac\u00e9 \/ Bonbon Nerd<\/p>\n<\/li>\n<li data-start=\"2633\" data-end=\"2703\">\n<p data-start=\"2636\" data-end=\"2703\">Triple Melon \/ Amour 66 \/ Fruit de la Passion \/ Ananas Coco Glac\u00e9<\/p>\n<\/li>\n<li data-start=\"2704\" data-end=\"2779\">\n<p data-start=\"2707\" data-end=\"2779\">Pomme Double \/ Pomme Acide Framboise \/ M\u00fbre Glac\u00e9e \/ Ananas P\u00eache<\/p>\n<\/li>\n<li data-start=\"2780\" data-end=\"2854\">\n<p data-start=\"2783\" data-end=\"2854\">Fraise Glac\u00e9e \/ Fraise Kiwi \/ Myrtille Rose Glac\u00e9e \/ Limonade Rose<\/p>\n<\/li>\n<li data-start=\"2855\" data-end=\"2925\">\n<p data-start=\"2858\" data-end=\"2925\">Cola Cerise \/ Cerise Myrtille \/ Canneberge \/ Fraise Framboise<\/p>\n<\/li>\n<li data-start=\"2926\" data-end=\"3000\">\n<p data-start=\"2929\" data-end=\"3000\">Ananas Glac\u00e9 \/ Mangue Acide Ananas \/ P\u00eache Glac\u00e9e \/ Ananas Limonade<\/p>\n<\/li>\n<li data-start=\"3001\" data-end=\"3076\">\n<p data-start=\"3004\" data-end=\"3076\">Dragon Noir Glace \/ Pitaya Fraise \/ Triple Baies \/ Cerise Cranberry<\/p>\n<\/li>\n<li data-start=\"3077\" data-end=\"3152\">\n<p data-start=\"3081\" data-end=\"3152\">Triple Mangue \/ Mangue Fruit de la Passion \/ Ananas Glace \/ Fraise Mangue<\/p>\n<\/li>\n<\/ol>\n<p><strong>Ces ensembles couvrent les pr\u00e9f\u00e9rences principales du march\u00e9 europ\u00e9en : menthe glac\u00e9e, fruits m\u00e9lang\u00e9s, notes sucr\u00e9es de bonbons, et quelques profils plus riches comme le cola et les m\u00e9langes de fruit du dragon.<\/strong><\/p>\n<div class=\"flex-shrink-0 flex flex-col relative items-end\">\n<div class=\"pt-0\">\n<div class=\"gizmo-bot-avatar flex h-8 w-8 items-center justify-center overflow-hidden rounded-full\">\n<div class=\"relative p-1 rounded-sm flex items-center justify-center bg-token-main-surface-primary text-token-text-primary h-8 w-8\">\n<p data-start=\"4971\" data-end=\"5180\">\n<\/div>\n<h2><strong>Bang Box 200k Puff Caract\u00e9ristiques Cl\u00e9s du Produit<\/strong><\/h2>\n<div class=\"relative p-1 rounded-sm flex items-center justify-center bg-token-main-surface-primary text-token-text-primary h-8 w-8\">\n<table>\n<thead>\n<tr>\n<th>Fonctionnalit\u00e9<\/th>\n<th>Sp\u00e9cification<\/th>\n<th>Explication<\/th>\n<\/tr>\n<\/thead>\n<tbody>\n<tr>\n<td>Capacit\u00e9 de bouff\u00e9es<\/td>\n<td>200 000 bouff\u00e9es<\/td>\n<td>Con\u00e7u pour une utilisation prolong\u00e9e sur une longue p\u00e9riode ; le nombre r\u00e9el de bouff\u00e9es varie en fonction de la longueur de l'inhalation et de la fr\u00e9quence d'utilisation.<\/td>\n<\/tr>\n<tr>\n<td>Capacit\u00e9 de la batterie<\/td>\n<td>c\u0153ur pour une sortie stable, et un<\/td>\n<td>Fournit une puissance suffisante pour supporter de longs cycles d'utilisation et maintenir une sortie stable lors de sessions prolong\u00e9es.<\/td>\n<\/tr>\n<tr>\n<td>Capacit\u00e9 de E-liquide<\/td>\n<td>40ml<\/td>\n<td>Un volume important de e-liquide aide \u00e0 garantir que l'appareil peut d\u00e9livrer la saveur de mani\u00e8re coh\u00e9rente tout au long de sa dur\u00e9e de vie.<\/td>\n<\/tr>\n<tr>\n<td>Type de Bobine<\/td>\n<td>Bobine Mesh<\/td>\n<td>La structure en mesh permet un chauffage plus uniforme, favorisant une production de vapeur plus douce et une saveur constante sur une longue utilisation.<\/td>\n<\/tr>\n<tr>\n<td>Syst\u00e8me de saveur<\/td>\n<td>8 Saveurs Ajustables<\/td>\n<td>Permet aux utilisateurs de passer entre plusieurs profils de saveurs dans un seul appareil, r\u00e9duisant la fatigue de saveur lors d'une utilisation \u00e0 long terme.<\/td>\n<\/tr>\n<tr>\n<td>Options de saveur<\/td>\n<td>10 Ensembles de Saveurs (4 saveurs par ensemble)<\/td>\n<td>Chaque ensemble offre un m\u00e9lange \u00e9quilibr\u00e9 de profils fruit\u00e9s, glac\u00e9s et sucr\u00e9s pour correspondre aux pr\u00e9f\u00e9rences gustatives courantes en Europe.<\/td>\n<\/tr>\n<tr>\n<td>Type d'appareil<\/td>\n<td>Stylo Vape Jetable<\/td>\n<td>Pr\u00e9-rempli et pr\u00eat \u00e0 l'emploi, sans besoin de recharger ou de remplacer la r\u00e9sistance.<\/td>\n<\/tr>\n<tr>\n<td>Style d'utilisation<\/td>\n<td>Dur\u00e9e Longue<\/td>\n<td>Con\u00e7u pour les utilisateurs qui pr\u00e9f\u00e8rent moins de remplacements et des intervalles plus longs entre les changements d'appareil.<\/td>\n<\/tr>\n<tr>\n<td>March\u00e9 cible<\/td>\n<td>Utilisateurs adultes &amp; approvisionnement en gros<\/td>\n<td>Convient pour la vente au d\u00e9tail et l'achat en gros \u00e0 des prix de gros.<\/td>\n<\/tr>\n<\/tbody>\n<\/table>\n<figure id=\"attachment_4699\" aria-describedby=\"caption-attachment-4699\" style=\"width: 263px\" class=\"wp-caption alignnone\"><img decoding=\"async\" class=\"size-medium wp-image-4699\" src=\"https:\/\/vapestornado.com\/wp-content\/uploads\/2025\/12\/Bang-Box-200k-200000-Puffs-Disposable-Vape-Shop-Online-263x300.webp\" alt=\"Bang Box 200k 200000 Bouff\u00e9es Vape Jetable Boutique en ligne\" width=\"263\" height=\"300\" srcset=\"https:\/\/vapestornado.com\/wp-content\/uploads\/2025\/12\/Bang-Box-200k-200000-Puffs-Disposable-Vape-Shop-Online-263x300.webp 263w, https:\/\/vapestornado.com\/wp-content\/uploads\/2025\/12\/Bang-Box-200k-200000-Puffs-Disposable-Vape-Shop-Online-768x875.webp 768w, https:\/\/vapestornado.com\/wp-content\/uploads\/2025\/12\/Bang-Box-200k-200000-Puffs-Disposable-Vape-Shop-Online-11x12.webp 11w, https:\/\/vapestornado.com\/wp-content\/uploads\/2025\/12\/Bang-Box-200k-200000-Puffs-Disposable-Vape-Shop-Online-600x683.webp 600w, https:\/\/vapestornado.com\/wp-content\/uploads\/2025\/12\/Bang-Box-200k-200000-Puffs-Disposable-Vape-Shop-Online.webp 800w\" sizes=\"(max-width: 263px) 100vw, 263px\" \/><figcaption id=\"caption-attachment-4699\" class=\"wp-caption-text\">Bang Box 200k 200000 Bouff\u00e9es Vape Jetable Boutique en ligne<\/figcaption><\/figure>\n<figure id=\"attachment_4697\" aria-describedby=\"caption-attachment-4697\" style=\"width: 300px\" class=\"wp-caption alignnone\"><img decoding=\"async\" class=\"size-medium wp-image-4697\" src=\"https:\/\/vapestornado.com\/wp-content\/uploads\/2025\/12\/Bang-Box-200k-200000-Puffs-Disposable-Vape-Long-Lasting-300x218.webp\" alt=\"Bang Box 200k 200000 Bouff\u00e9es Vape Jetable Longue Dur\u00e9e\" width=\"300\" height=\"218\" srcset=\"https:\/\/vapestornado.com\/wp-content\/uploads\/2025\/12\/Bang-Box-200k-200000-Puffs-Disposable-Vape-Long-Lasting-300x218.webp 300w, https:\/\/vapestornado.com\/wp-content\/uploads\/2025\/12\/Bang-Box-200k-200000-Puffs-Disposable-Vape-Long-Lasting-1024x744.webp 1024w, https:\/\/vapestornado.com\/wp-content\/uploads\/2025\/12\/Bang-Box-200k-200000-Puffs-Disposable-Vape-Long-Lasting-768x558.webp 768w, https:\/\/vapestornado.com\/wp-content\/uploads\/2025\/12\/Bang-Box-200k-200000-Puffs-Disposable-Vape-Long-Lasting-1536x1117.webp 1536w, https:\/\/vapestornado.com\/wp-content\/uploads\/2025\/12\/Bang-Box-200k-200000-Puffs-Disposable-Vape-Long-Lasting-2048x1489.webp 2048w, https:\/\/vapestornado.com\/wp-content\/uploads\/2025\/12\/Bang-Box-200k-200000-Puffs-Disposable-Vape-Long-Lasting-18x12.webp 18w, https:\/\/vapestornado.com\/wp-content\/uploads\/2025\/12\/Bang-Box-200k-200000-Puffs-Disposable-Vape-Long-Lasting-600x436.webp 600w\" sizes=\"(max-width: 300px) 100vw, 300px\" \/><figcaption id=\"caption-attachment-4697\" class=\"wp-caption-text\">Bang Box 200k 200000 Bouff\u00e9es Vape Jetable Longue Dur\u00e9e<\/figcaption><\/figure>\n<h2 data-start=\"1200\" data-end=\"1487\">Vapes Tornado \u2013 Votre boutique en ligne de gros pour les meilleures marques de vapoteuses<\/h2>\n<p data-start=\"1200\" data-end=\"1487\"><strong data-start=\"141\" data-end=\"177\">Magasin de vapotage en ligne Vapes Tornado<\/strong> est votre source de confiance pour <strong data-start=\"205\" data-end=\"270\">vapes jetables premium et cigarettes \u00e9lectroniques en gros en Europe<\/strong>. Nous proposons des marques les plus vendues comme <strong data-start=\"307\" data-end=\"362\"><a href=\"https:\/\/vapestornado.com\/fr\/product\/randm-12000-puffs-fumot-digital-disposable-vape-wholesale-price\/\">Fumot VAPE<\/a>, <a href=\"https:\/\/vapestornado.com\/fr\/product\/original-wga-ultra-35k-35000-puff-rechargeable-crystal-disposable-nicotine-vape-best-discount-price\/\">WGA VAPE<\/a>, <\/strong><strong data-start=\"307\" data-end=\"362\"><a href=\"https:\/\/vapestornado.com\/fr\/product\/vozol-gear-shisha-25k-25000-puffs-best-dtl-disposable-vape-hookah-cheap-price\/\">VOZOL BAR VAPE<\/a>, \u00a0 Bang Vape<\/strong>, et plus encore, garantissant qualit\u00e9 et vari\u00e9t\u00e9 pour chaque client. Que vous soyez un vapoteur individuel ou un acheteur en gros, nous livrons <strong data-start=\"481\" data-end=\"550\">des appareils haute performance, des designs \u00e9l\u00e9gants et des prix comp\u00e9titifs<\/strong> pour r\u00e9pondre \u00e0 vos besoins.<\/p>\n<h2 data-start=\"2064\" data-end=\"2115\">FAQ sur WASPE 150K 150000 Bouff\u00e9es Vape Jetable<\/h2>\n<p data-start=\"4211\" data-end=\"4399\"><strong data-start=\"4211\" data-end=\"4264\">1) Le \u00ab Bang Box 200000 bouff\u00e9es \u00bb est-il un chiffre garanti ?<\/strong><br data-start=\"4264\" data-end=\"4267\" \/>Non. Le nombre de bouff\u00e9es d\u00e9pend de la longueur de l'inhalation, de la fr\u00e9quence de vapotage et du style d'utilisation. C\u2019est une estimation maximale, pas un r\u00e9sultat fixe pour chaque utilisateur.<\/p>\n<p data-start=\"4401\" data-end=\"4622\"><strong data-start=\"4401\" data-end=\"4457\">2) Que signifie \u00ab 8 saveurs r\u00e9glables \u00bb en pratique ?<\/strong><br data-start=\"4457\" data-end=\"4460\" \/>Cela signifie que l'appareil est con\u00e7u pour permettre aux utilisateurs de passer entre plusieurs profils de saveurs dans une seule unit\u00e9 (vendue en ensembles de saveurs), r\u00e9duisant la fatigue gustative lors d'une utilisation prolong\u00e9e.<\/p>\n<p data-start=\"4624\" data-end=\"4844\"><strong data-start=\"4624\" data-end=\"4688\">3) Pourquoi une r\u00e9sistance en mesh est-elle importante sur une cigarette jetable longue dur\u00e9e ?<\/strong><br data-start=\"4688\" data-end=\"4691\" \/>Les r\u00e9sistances en mesh assurent une chauffe plus uniforme, ce qui aide \u00e0 maintenir une saveur et une production de vapeur plus constantes sur une utilisation prolong\u00e9e par rapport \u00e0 des structures de r\u00e9sistance plus simples.<\/p>\n<p data-start=\"4846\" data-end=\"4969\"><strong data-start=\"4846\" data-end=\"4883\">4) Quelle est la capacit\u00e9 en e-liquide ?<\/strong><br data-start=\"4883\" data-end=\"4886\" \/>Elle est sp\u00e9cifi\u00e9e comme <strong data-start=\"4904\" data-end=\"4912\">40ml<\/strong>, ce qui constitue la base pratique pour une longue autonomie.<\/p>\n<p data-start=\"4971\" data-end=\"5180\"><strong data-start=\"4971\" data-end=\"5030\">5) Cela concerne-t-il principalement les utilisateurs de d\u00e9tail ou les acheteurs en gros ?<\/strong><br data-start=\"5030\" data-end=\"5033\" \/>Les deux. Les utilisateurs finaux b\u00e9n\u00e9ficient d'une utilisation longue et d'une vari\u00e9t\u00e9 ; les acheteurs en gros disposent d\u2019un produit clair, facile \u00e0 vendre, \u00e0 un prix comp\u00e9titif. <strong data-start=\"5160\" data-end=\"5179\">prix de gros<\/strong>.<\/p>\n<\/div>\n<\/div>\n<\/div>\n<\/div>","protected":false},"excerpt":{"rendered":"<p data-start=\"3411\" data-end=\"3490\">L' <strong data-start=\"35\" data-end=\"52\">Bang Box 200k<\/strong> est un stylo vape jetable longue dur\u00e9e con\u00e7u pour une utilisation prolong\u00e9e et une flexibilit\u00e9 de saveur. Il offre jusqu'\u00e0 <strong data-start=\"160\" data-end=\"176\">200000 bouff\u00e9es<\/strong>, dispose d'une <strong data-start=\"189\" data-end=\"214\">capacit\u00e9 de e-liquide de 40ml<\/strong>, d'un <strong data-start=\"219\" data-end=\"237\">Batterie de 850 mAh<\/strong>, et une <strong data-start=\"245\" data-end=\"258\">bobine en maille<\/strong> pour une sortie de vapeur stable. Avec <strong data-start=\"290\" data-end=\"313\">8 saveurs ajustables<\/strong> dans un seul appareil, il offre de la vari\u00e9t\u00e9 sans remplacements fr\u00e9quents, ce qui en fait un choix pratique pour les utilisateurs adultes et une option solide pour un positionnement \u00e0 prix de gros.<\/p>\n<p><strong>Ajoutez le WhatsApp d'Amy pour obtenir une r\u00e9ponse rapide et un prix r\u00e9duit !<\/strong><\/p>\n<p><img fetchpriority=\"high\" decoding=\"async\" class=\"size-full wp-image-2932\" src=\"https:\/\/vapestornado.com\/wp-content\/uploads\/2024\/12\/Vape-Wholesale.jpg\" alt=\"Vente en Gros de Vapes\" width=\"229\" height=\"300\" \/><\/p>\n<h3><a href=\"https:\/\/wa.me\/8617776015835\"><span style=\"color: #ff0000;\"><strong>WhatsApp : +86 17776015835<\/strong><\/span><\/a><\/h3>","protected":false},"featured_media":4696,"comment_status":"open","ping_status":"closed","template":"","meta":{"_acf_changed":false,"_uag_custom_page_level_css":"","_lmt_disableupdate":"no","_lmt_disable":"","_monsterinsights_skip_tracking":false,"_monsterinsights_sitenote_active":false,"_monsterinsights_sitenote_note":"","_monsterinsights_sitenote_category":0,"site-sidebar-layout":"default","site-content-layout":"","ast-site-content-layout":"default","site-content-style":"default","site-sidebar-style":"default","ast-global-header-display":"","ast-banner-title-visibility":"","ast-main-header-display":"","ast-hfb-above-header-display":"","ast-hfb-below-header-display":"","ast-hfb-mobile-header-display":"","site-post-title":"","ast-breadcrumbs-content":"","ast-featured-img":"","footer-sml-layout":"","ast-disable-related-posts":"","theme-transparent-header-meta":"default","adv-header-id-meta":"","stick-header-meta":"","header-above-stick-meta":"","header-main-stick-meta":"","header-below-stick-meta":"","astra-migrate-meta-layouts":"set","ast-page-background-enabled":"default","ast-page-background-meta":{"desktop":{"background-color":"","background-image":"","background-repeat":"repeat","background-position":"center center","background-size":"auto","background-attachment":"scroll","background-type":"","background-media":"","overlay-type":"","overlay-color":"","overlay-opacity":"","overlay-gradient":""},"tablet":{"background-color":"","background-image":"","background-repeat":"repeat","background-position":"center center","background-size":"auto","background-attachment":"scroll","background-type":"","background-media":"","overlay-type":"","overlay-color":"","overlay-opacity":"","overlay-gradient":""},"mobile":{"background-color":"","background-image":"","background-repeat":"repeat","background-position":"center center","background-size":"auto","background-attachment":"scroll","background-type":"","background-media":"","overlay-type":"","overlay-color":"","overlay-opacity":"","overlay-gradient":""}},"ast-content-background-meta":{"desktop":{"background-color":"var(--ast-global-color-5)","background-image":"","background-repeat":"repeat","background-position":"center center","background-size":"auto","background-attachment":"scroll","background-type":"","background-media":"","overlay-type":"","overlay-color":"","overlay-opacity":"","overlay-gradient":""},"tablet":{"background-color":"var(--ast-global-color-5)","background-image":"","background-repeat":"repeat","background-position":"center center","background-size":"auto","background-attachment":"scroll","background-type":"","background-media":"","overlay-type":"","overlay-color":"","overlay-opacity":"","overlay-gradient":""},"mobile":{"background-color":"var(--ast-global-color-5)","background-image":"","background-repeat":"repeat","background-position":"center center","background-size":"auto","background-attachment":"scroll","background-type":"","background-media":"","overlay-type":"","overlay-color":"","overlay-opacity":"","overlay-gradient":""}},"_joinchat":[]},"product_brand":[],"product_cat":[64,151,152,153,154,142,144,146],"product_tag":[500,499,387,287,498,390,393,386],"class_list":{"0":"post-4703","1":"product","2":"type-product","3":"status-publish","4":"has-post-thumbnail","6":"product_cat-bangbox-vape","7":"product_cat-buy-disposable-vapes-in-france","8":"product_cat-buy-disposable-vapes-in-cermany","9":"product_cat-buy-disposable-vapes-in-italy","10":"product_cat-buy-disposable-vapes-in-netherlands","11":"product_cat-digital-box-disposable-vapes","12":"product_cat-low-nicotine-disposable-vapes","13":"product_cat-rechargeable-disposable-vapes","14":"product_tag-200k-puff-vape","15":"product_tag-bang-box-200k","16":"product_tag-cigarette-vapor","17":"product_tag-disposable-vape-pen","18":"product_tag-long-lasting-vape","19":"product_tag-online-vape-shop","20":"product_tag-vape-cartridge","21":"product_tag-vape-pen","22":"desktop-align-left","23":"tablet-align-left","24":"mobile-align-left","26":"first","27":"instock","28":"sale","29":"shipping-taxable","30":"purchasable","31":"product-type-simple"},"acf":[],"uagb_featured_image_src":{"full":["https:\/\/vapestornado.com\/wp-content\/uploads\/2025\/12\/Bang-Box-200k-200000-Puffs-Disposable-Vape-Box-Wholesale-Price.webp",1000,1000,false],"thumbnail":["https:\/\/vapestornado.com\/wp-content\/uploads\/2025\/12\/Bang-Box-200k-200000-Puffs-Disposable-Vape-Box-Wholesale-Price-150x150.webp",150,150,true],"medium":["https:\/\/vapestornado.com\/wp-content\/uploads\/2025\/12\/Bang-Box-200k-200000-Puffs-Disposable-Vape-Box-Wholesale-Price-300x300.webp",300,300,true],"medium_large":["https:\/\/vapestornado.com\/wp-content\/uploads\/2025\/12\/Bang-Box-200k-200000-Puffs-Disposable-Vape-Box-Wholesale-Price-768x768.webp",768,768,true],"large":["https:\/\/vapestornado.com\/wp-content\/uploads\/2025\/12\/Bang-Box-200k-200000-Puffs-Disposable-Vape-Box-Wholesale-Price.webp",1000,1000,false],"1536x1536":["https:\/\/vapestornado.com\/wp-content\/uploads\/2025\/12\/Bang-Box-200k-200000-Puffs-Disposable-Vape-Box-Wholesale-Price.webp",1000,1000,false],"2048x2048":["https:\/\/vapestornado.com\/wp-content\/uploads\/2025\/12\/Bang-Box-200k-200000-Puffs-Disposable-Vape-Box-Wholesale-Price.webp",1000,1000,false],"trp-custom-language-flag":["https:\/\/vapestornado.com\/wp-content\/uploads\/2025\/12\/Bang-Box-200k-200000-Puffs-Disposable-Vape-Box-Wholesale-Price-12x12.webp",12,12,true],"woocommerce_thumbnail":["https:\/\/vapestornado.com\/wp-content\/uploads\/2025\/12\/Bang-Box-200k-200000-Puffs-Disposable-Vape-Box-Wholesale-Price-300x300.webp",300,300,true],"woocommerce_single":["https:\/\/vapestornado.com\/wp-content\/uploads\/2025\/12\/Bang-Box-200k-200000-Puffs-Disposable-Vape-Box-Wholesale-Price-600x600.webp",600,600,true],"woocommerce_gallery_thumbnail":["https:\/\/vapestornado.com\/wp-content\/uploads\/2025\/12\/Bang-Box-200k-200000-Puffs-Disposable-Vape-Box-Wholesale-Price-100x100.webp",100,100,true]},"uagb_author_info":{"display_name":"ESAMY","author_link":"https:\/\/vapestornado.com\/fr\/author\/"},"uagb_comment_info":0,"uagb_excerpt":"The Bang Box 200k is a long lasting disposable vape pen designed for extended use and flavour flexibility. It delivers up to 200000 puffs, features a 40ml e-juice capacity, an 850mAh battery, and a mesh coil for stable vapour output. With 8 adjustable flavor options in one device, it offers variety without frequent replacements, making\u2026","_links":{"self":[{"href":"https:\/\/vapestornado.com\/fr\/wp-json\/wp\/v2\/product\/4703","targetHints":{"allow":["GET"]}}],"collection":[{"href":"https:\/\/vapestornado.com\/fr\/wp-json\/wp\/v2\/product"}],"about":[{"href":"https:\/\/vapestornado.com\/fr\/wp-json\/wp\/v2\/types\/product"}],"replies":[{"embeddable":true,"href":"https:\/\/vapestornado.com\/fr\/wp-json\/wp\/v2\/comments?post=4703"}],"wp:featuredmedia":[{"embeddable":true,"href":"https:\/\/vapestornado.com\/fr\/wp-json\/wp\/v2\/media\/4696"}],"wp:attachment":[{"href":"https:\/\/vapestornado.com\/fr\/wp-json\/wp\/v2\/media?parent=4703"}],"wp:term":[{"taxonomy":"product_brand","embeddable":true,"href":"https:\/\/vapestornado.com\/fr\/wp-json\/wp\/v2\/product_brand?post=4703"},{"taxonomy":"product_cat","embeddable":true,"href":"https:\/\/vapestornado.com\/fr\/wp-json\/wp\/v2\/product_cat?post=4703"},{"taxonomy":"product_tag","embeddable":true,"href":"https:\/\/vapestornado.com\/fr\/wp-json\/wp\/v2\/product_tag?post=4703"}],"curies":[{"name":"wp","href":"https:\/\/api.w.org\/{rel}","templated":true}]}}