{"id":4702,"date":"2025-12-19T06:49:15","date_gmt":"2025-12-19T06:49:15","guid":{"rendered":"https:\/\/vapestornado.com\/?post_type=product&#038;p=4702"},"modified":"2025-12-22T09:50:48","modified_gmt":"2025-12-22T09:50:48","slug":"okso-120k-120000-puffs-6-in-1-multiple-flavors-screen-digital-display-disposable-vaper","status":"publish","type":"product","link":"https:\/\/vapestornado.com\/fr\/product\/okso-120k-120000-puffs-6-in-1-multiple-flavors-screen-digital-display-disposable-vaper\/","title":{"rendered":"OKSO 120k 120000 Bouff\u00e9es 6 en 1 Multiple Saveurs Affichage Num\u00e9rique Vapo Jetable"},"content":{"rendered":"<h2 data-pm-slice=\"1 1 []\">OKSO 120k 120000 Bouff\u00e9es 6 en 1 Multiple Saveurs Affichage Num\u00e9rique Vapo Jetable<\/h2>\n<p data-start=\"84\" data-end=\"483\">L' <strong data-start=\"88\" data-end=\"106\">OKSO 120k Puff<\/strong> (aussi connu sous le nom de <strong data-start=\"122\" data-end=\"143\">OKSO 120000 Bouff\u00e9es<\/strong>) est un <strong data-start=\"164\" data-end=\"184\">Vape jetable<\/strong> con\u00e7u pour les utilisateurs adultes qui souhaitent une longue dur\u00e9e d'utilisation, un retour clair de l'appareil et une flexibilit\u00e9 de saveur en une seule unit\u00e9 solide. Ce mod\u00e8le est construit autour d'un <strong data-start=\"331\" data-end=\"364\">syst\u00e8me \u00e0 6 en 1 de multiples saveurs<\/strong>, un <strong data-start=\"368\" data-end=\"387\">affichage num\u00e9rique<\/strong>, et d'une disposition interne structur\u00e9e qui supporte une utilisation prolong\u00e9e sans se fier \u00e0 des promesses vagues.<\/p>\n<p data-start=\"485\" data-end=\"734\">Plut\u00f4t que de se concentrer sur l'apparence ou les tendances, l'OKSO 120k est con\u00e7u autour de la fa\u00e7on dont les gens utilisent r\u00e9ellement un appareil \u00e0 haute capacit\u00e9 de bouff\u00e9es au fil du temps : utilisation quotidienne fr\u00e9quente, pr\u00e9f\u00e9rences de saveur changeantes, et la n\u00e9cessit\u00e9 de comprendre ce que fait l'appareil \u00e0 tout moment.<\/p>\n<h3 data-start=\"741\" data-end=\"772\">Pourquoi cet appareil de vapotage OKSO 120K devient-il populaire ?<\/h3>\n<p data-start=\"774\" data-end=\"930\">\u00a0Un appareil \u00e9valu\u00e9 \u00e0 <strong data-start=\"871\" data-end=\"887\">120000 bouff\u00e9es<\/strong> n\u00e9cessite plus qu'un grand nombre sur la bo\u00eete. Le vapoteur OKSO 120000 bouff\u00e9es voit ses \u00e9l\u00e9ments travailler ensemble pour rendre la performance plus pr\u00e9visible, ce qui est la base de la confiance \u00e0 long terme de l'utilisateur.<\/p>\n<ul data-start=\"932\" data-end=\"1451\">\n<li data-start=\"932\" data-end=\"1111\">\n<p data-start=\"934\" data-end=\"1111\"><strong data-start=\"934\" data-end=\"977\">Syst\u00e8me de triple coil en mesh (Mesh coil \u00d73) :<\/strong> plusieurs noyaux en mesh aident \u00e0 r\u00e9partir la chaleur plus uniform\u00e9ment lorsque le liquide est consomm\u00e9, ce qui soutient une sortie de vapeur plus stable lors d'une utilisation prolong\u00e9e.<\/p>\n<\/li>\n<li data-start=\"1112\" data-end=\"1258\">\n<p data-start=\"1114\" data-end=\"1258\"><strong data-start=\"1114\" data-end=\"1152\">Trois chambres de e-liquide (20ml \u00d73) :<\/strong> le volume de liquide est divis\u00e9 pour soutenir une livraison coh\u00e9rente plut\u00f4t que de d\u00e9pendre d'un seul grand r\u00e9servoir.<\/p>\n<\/li>\n<li data-start=\"1259\" data-end=\"1451\">\n<p data-start=\"1261\" data-end=\"1451\"><strong data-start=\"1261\" data-end=\"1301\">Batterie de 850mAh avec affichage num\u00e9rique :<\/strong> la capacit\u00e9 de la batterie est adapt\u00e9e \u00e0 une utilisation quotidienne r\u00e9guli\u00e8re, tandis que le <strong data-start=\"1366\" data-end=\"1385\">Affichage num\u00e9rique<\/strong> affiche l'\u00e9tat du dispositif en temps r\u00e9el, r\u00e9duisant l'incertitude pour l'utilisateur.<\/p>\n<\/li>\n<li data-start=\"1696\" data-end=\"1852\">\n<p data-start=\"1698\" data-end=\"1852\"><strong data-start=\"1698\" data-end=\"1733\">Syst\u00e8me de saveurs ajustables 6 en 1<\/strong> permet aux utilisateurs de passer d'une saveur \u00e0 l'autre dans un seul appareil, aidant \u00e0 \u00e9viter la fatigue des saveurs lors d'une utilisation prolong\u00e9e.<\/p>\n<\/li>\n<li data-start=\"1853\" data-end=\"1964\">\n<p data-start=\"1855\" data-end=\"1964\"><strong data-start=\"1855\" data-end=\"1874\">Affichage num\u00e9rique<\/strong> fournit un retour visible au lieu de se fier \u00e0 des suppositions lorsque la force de vapeur change.<\/p>\n<\/li>\n<li data-start=\"1965\" data-end=\"2065\">\n<p data-start=\"1967\" data-end=\"2065\"><strong data-start=\"1967\" data-end=\"1989\">Grande capacit\u00e9 de bouff\u00e9es<\/strong> r\u00e9duit la fr\u00e9quence \u00e0 laquelle un remplacement est n\u00e9cessaire, ce qui est important pour les utilisateurs r\u00e9guliers.<\/p>\n<\/li>\n<\/ul>\n<p>Pour les d\u00e9taillants et distributeurs, ces m\u00eames points facilitent l'explication de l'appareil, sa prise en charge, et le rendent adapt\u00e9 \u00e0 <strong data-start=\"2188\" data-end=\"2210\">Fournisseur en gros<\/strong> canaux qui rivalisent sur <strong data-start=\"2236\" data-end=\"2251\">Prix abordable<\/strong> sans sacrifier la cr\u00e9dibilit\u00e9.<\/p>\n<p><strong><span style=\"color: #ff0000;\">Ajoutez le WhatsApp d'Amy pour obtenir une bonne r\u00e9ponse et un coupon de vape !<\/span><\/strong><\/p>\n<p><img fetchpriority=\"high\" decoding=\"async\" class=\"size-full wp-image-2932\" src=\"https:\/\/vapestornado.com\/wp-content\/uploads\/2024\/12\/Vape-Wholesale.jpg\" alt=\"Vente en Gros de Vapes\" width=\"229\" height=\"300\" \/><\/p>\n<h3><a href=\"https:\/\/wa.me\/8617776015835\" target=\"_blank\" rel=\"noopener\"><span style=\"color: #ff0000;\"><strong>WhatsApp : +86 17776015835<\/strong><\/span><\/a><\/h3>\n<p>&nbsp;<\/p>\n<h2><strong>Caract\u00e9ristiques du produit OKSO 120k 120000 bouff\u00e9es<\/strong><\/h2>\n<table>\n<thead>\n<tr>\n<th>Fonctionnalit\u00e9<\/th>\n<th>Sp\u00e9cification<\/th>\n<th>Description<\/th>\n<\/tr>\n<\/thead>\n<tbody>\n<tr>\n<td>Marque<\/td>\n<td>OKSO<\/td>\n<td>Marque de vapotage \u00e9tablie ax\u00e9e sur des dispositifs jetables \u00e0 haute capacit\u00e9.<\/td>\n<\/tr>\n<tr>\n<td>Capacit\u00e9 de bouff\u00e9es<\/td>\n<td>Jusqu'\u00e0 120000 bouff\u00e9es<\/td>\n<td>Con\u00e7u pour une utilisation prolong\u00e9e ; le nombre r\u00e9el de bouff\u00e9es varie selon la longueur de l'inhalation et les habitudes d'utilisation.<\/td>\n<\/tr>\n<tr>\n<td>Structure de la bobine<\/td>\n<td>Bobine en mesh \u00d73<\/td>\n<td>Plusieurs noyaux en mesh aident \u00e0 r\u00e9partir la chaleur uniform\u00e9ment pour une sortie de vapeur plus stable au fil du temps.<\/td>\n<\/tr>\n<tr>\n<td>Capacit\u00e9 d'e-liquide<\/td>\n<td>20ml \u00d73<\/td>\n<td>Les chambres de liquide divis\u00e9es soutiennent une livraison coh\u00e9rente lors de cycles d'utilisation prolong\u00e9s.<\/td>\n<\/tr>\n<tr>\n<td>Options de Nicotine<\/td>\n<td>2% \/ 5%<\/td>\n<td>Deux options de force pour correspondre aux pr\u00e9f\u00e9rences de diff\u00e9rents adultes (en fonction du march\u00e9).<\/td>\n<\/tr>\n<tr>\n<td>Capacit\u00e9 de la batterie<\/td>\n<td>c\u0153ur pour une sortie stable, et un<\/td>\n<td>Supporte une utilisation quotidienne r\u00e9guli\u00e8re et une sortie stable lors de sessions prolong\u00e9es.<\/td>\n<\/tr>\n<tr>\n<td>Affichage<\/td>\n<td>Affichage num\u00e9rique<\/td>\n<td>Affiche clairement l'\u00e9tat de l'appareil, r\u00e9duisant l'incertitude lors de l'utilisation.<\/td>\n<\/tr>\n<tr>\n<td>Syst\u00e8me de saveur<\/td>\n<td>6 en 1 Saveur Ajustable<\/td>\n<td>Permet de passer entre plusieurs combinaisons de saveurs dans un seul appareil.<\/td>\n<\/tr>\n<tr>\n<td>Poids du produit<\/td>\n<td>166g<\/td>\n<td>Construction solide con\u00e7ue pour une utilisation \u00e0 haute capacit\u00e9.<\/td>\n<\/tr>\n<tr>\n<td>Taille du produit<\/td>\n<td>51 \u00d7 51 \u00d7 131mm<\/td>\n<td>Compact pour sa capacit\u00e9 tout en accueillant la structure interne.<\/td>\n<\/tr>\n<\/tbody>\n<\/table>\n<figure id=\"attachment_4705\" aria-describedby=\"caption-attachment-4705\" style=\"width: 300px\" class=\"wp-caption alignnone\"><img decoding=\"async\" class=\"size-medium wp-image-4705\" src=\"https:\/\/vapestornado.com\/wp-content\/uploads\/2025\/12\/OKSO-120K-120000-Puff-Disposable-Vape-POD-300x300.webp\" alt=\"OKSO 120K 120000 Puff Vape Jetable POD\" width=\"300\" height=\"300\" srcset=\"https:\/\/vapestornado.com\/wp-content\/uploads\/2025\/12\/OKSO-120K-120000-Puff-Disposable-Vape-POD-300x300.webp 300w, https:\/\/vapestornado.com\/wp-content\/uploads\/2025\/12\/OKSO-120K-120000-Puff-Disposable-Vape-POD-150x150.webp 150w, https:\/\/vapestornado.com\/wp-content\/uploads\/2025\/12\/OKSO-120K-120000-Puff-Disposable-Vape-POD-768x768.webp 768w, https:\/\/vapestornado.com\/wp-content\/uploads\/2025\/12\/OKSO-120K-120000-Puff-Disposable-Vape-POD-12x12.webp 12w, https:\/\/vapestornado.com\/wp-content\/uploads\/2025\/12\/OKSO-120K-120000-Puff-Disposable-Vape-POD-600x600.webp 600w, https:\/\/vapestornado.com\/wp-content\/uploads\/2025\/12\/OKSO-120K-120000-Puff-Disposable-Vape-POD-100x100.webp 100w, https:\/\/vapestornado.com\/wp-content\/uploads\/2025\/12\/OKSO-120K-120000-Puff-Disposable-Vape-POD.webp 800w\" sizes=\"(max-width: 300px) 100vw, 300px\" \/><figcaption id=\"caption-attachment-4705\" class=\"wp-caption-text\">OKSO 120K 120000 Puff Vape Jetable POD<\/figcaption><\/figure>\n<h2 class=\"product-title\"><strong>Liste des saveurs de la puff jetable OKSO 120k 120000 Puff<\/strong><\/h2>\n<p data-start=\"2550\" data-end=\"2736\">Chaque appareil OKSO 120k comprend <strong data-start=\"4483\" data-end=\"4502\">10 ensembles de saveurs<\/strong>, et chaque ensemble contient <strong data-start=\"4526\" data-end=\"4545\">3 saveurs de base<\/strong> et 3 saveurs combin\u00e9es pouvant \u00eatre utilis\u00e9es individuellement ou en paires. Cette structure permet de changer de saveur sans changer d'appareil et couvre les profils fruit\u00e9s, glac\u00e9s, confiserie, boissons et m\u00e9lang\u00e9s, g\u00e9n\u00e9ralement pr\u00e9f\u00e9r\u00e9s sur le march\u00e9 europ\u00e9en.<\/p>\n<p data-start=\"238\" data-end=\"252\">1. Fraise Glac\u00e9e \/ Ice Lush \/ Mamba<br data-start=\"290\" data-end=\"293\" \/>Fraise Glac\u00e9e + Ice Lush \/ Mamba + Fraise Glac\u00e9e \/ Ice Lush + Mamba<\/p>\n<p data-start=\"369\" data-end=\"383\">2. Ourson Gummy Fraise \/ Ananas Glac\u00e9 \/ Lemonade Blue Razz<br data-start=\"446\" data-end=\"449\" \/>Ourson Gummy Fraise + Ananas Glac\u00e9 \/ Ourson Gummy Fraise + Lemonade Blue Razz \/ Lemonade Blue Razz + Ananas Glac\u00e9<\/p>\n<p data-start=\"575\" data-end=\"589\">3. Blue Razz \/ Citron Lime \/ Cerise Glac\u00e9e<br data-start=\"629\" data-end=\"632\" \/>Blue Razz + Cherry Ice \/ Blue Razz + Citron Vert \/ Citron Vert + Cherry Ice<\/p>\n<p data-start=\"712\" data-end=\"726\">4. Kiwi Fruit de la Passion Goyave \/ Fruit du Dragon Ice \/ Myrtille Ice<br data-start=\"790\" data-end=\"793\" \/>Kiwi Fruit de la Passion Goyave + Myrtille Ice \/ Kiwi Fruit de la Passion Goyave + Fruit du Dragon Ice \/ Fruit du Dragon Ice + Myrtille Ice<\/p>\n<p data-start=\"921\" data-end=\"935\">5. Deux Pommes \/ Fanta \/ Red Bull<br data-start=\"968\" data-end=\"971\" \/>Deux Pommes + Red Bull \/ Deux Pommes + Fanta \/ Fanta + Red Bull<\/p>\n<p data-start=\"1037\" data-end=\"1051\">6. Pomme Acidul\u00e9e Orange \/ Cassis \/ Raisin Ice<br data-start=\"1101\" data-end=\"1104\" \/>Pomme Acidul\u00e9e Orange + Raisin Ice \/ Pomme Acidul\u00e9e Orange + Cassis \/ Cassis + Raisin Ice<\/p>\n<p data-start=\"1204\" data-end=\"1218\">7. Fraise Past\u00e8que \/ Mangue Ice \/ P\u00eache Ice<br data-start=\"1268\" data-end=\"1271\" \/>Fraise Past\u00e8que + P\u00eache Ice \/ Fraise Past\u00e8que + Mangue Ice \/ Mangue Ice + P\u00eache Ice<\/p>\n<p data-start=\"1371\" data-end=\"1385\">8. Fraise Framboise \/ Kiwi \/ Fraise Mangue<br data-start=\"1442\" data-end=\"1445\" \/>Fraise Framboise + Fraise Mangue \/ Fraise Framboise + Kiwi \/ Kiwi + Fraise Mangue<\/p>\n<p data-start=\"1559\" data-end=\"1573\">9. Fraise Kiwi \/ Menthe Fra\u00eeche \/ Myrtille P\u00eache Ice<br data-start=\"1627\" data-end=\"1630\" \/>Fraise Kiwi + Myrtille P\u00eache Ice \/ Fraise Kiwi + Menthe Fra\u00eeche \/ Menthe Fra\u00eeche + Myrtille P\u00eache Ice<\/p>\n<p data-start=\"1738\" data-end=\"1753\">10. Poires Apple \/ Baies M\u00e9lang\u00e9es \/ Fraise Grenade<br data-start=\"1810\" data-end=\"1813\" \/>Poires Apple + Fraise Grenade \/ Poires Apple + Baies M\u00e9lang\u00e9es \/ Baies M\u00e9lang\u00e9es + Poires Apple<\/p>\n<div class=\"flex-shrink-0 flex flex-col relative items-end\">\n<div class=\"pt-0\">\n<div class=\"gizmo-bot-avatar flex h-8 w-8 items-center justify-center overflow-hidden rounded-full\">\n<div class=\"relative p-1 rounded-sm flex items-center justify-center bg-token-main-surface-primary text-token-text-primary h-8 w-8\">\n<h2 data-start=\"1200\" data-end=\"1487\">Vapes Tornado \u2013 Votre boutique en ligne de gros pour les meilleures marques de vapoteuses<\/h2>\n<p data-start=\"1200\" data-end=\"1487\"><strong data-start=\"141\" data-end=\"177\">Magasin de vapotage en ligne Vapes Tornado<\/strong> est votre source de confiance pour <strong data-start=\"205\" data-end=\"270\">vapes jetables premium et cigarettes \u00e9lectroniques en gros en Europe<\/strong>. Nous proposons des marques les plus vendues comme <strong data-start=\"307\" data-end=\"362\"><a href=\"https:\/\/vapestornado.com\/fr\/product\/randm-12000-puffs-fumot-digital-disposable-vape-wholesale-price\/\">Fumot VAPE<\/a>, <a href=\"https:\/\/vapestornado.com\/fr\/product\/original-wga-ultra-35k-35000-puff-rechargeable-crystal-disposable-nicotine-vape-best-discount-price\/\">WGA VAPE<\/a>, <\/strong><strong data-start=\"307\" data-end=\"362\"><a href=\"https:\/\/vapestornado.com\/fr\/product\/vozol-gear-shisha-25k-25000-puffs-best-dtl-disposable-vape-hookah-cheap-price\/\">VOZOL BAR VAPE<\/a>, \u00a0 Bang Vape<\/strong>, et plus encore, garantissant qualit\u00e9 et vari\u00e9t\u00e9 pour chaque client. Que vous soyez un vapoteur individuel ou un acheteur en gros, nous livrons <strong data-start=\"481\" data-end=\"550\">des appareils haute performance, des designs \u00e9l\u00e9gants et des prix comp\u00e9titifs<\/strong> pour r\u00e9pondre \u00e0 vos besoins.<\/p>\n<h2 data-start=\"2064\" data-end=\"2115\">Questions fr\u00e9quentes sur la cigarette \u00e9lectronique jetable OKSO 120k 120000 bouff\u00e9es<\/h2>\n<p data-start=\"5010\" data-end=\"5178\"><strong data-start=\"5010\" data-end=\"5059\">1) La garantie de 120000 bouff\u00e9es pour chaque utilisateur est-elle assur\u00e9e ?<\/strong><br data-start=\"5059\" data-end=\"5062\" \/>Non. Le nombre de bouff\u00e9es d\u00e9pend de la longueur de l'inhalation, de la fr\u00e9quence et du style d'utilisation individuel. Il repr\u00e9sente un objectif de conception maximal.<\/p>\n<p data-start=\"5180\" data-end=\"5363\"><strong data-start=\"5180\" data-end=\"5227\">2) Que signifie la saveur r\u00e9glable 6 en 1 ?<\/strong><br data-start=\"5227\" data-end=\"5230\" \/>Cela signifie qu'un appareil permet de passer entre plusieurs options et combinaisons de saveurs, aidant \u00e0 r\u00e9duire la fatigue gustative lors d'une utilisation prolong\u00e9e.<\/p>\n<p data-start=\"5365\" data-end=\"5536\"><strong data-start=\"5365\" data-end=\"5414\">3) Pourquoi cet appareil utilise-t-il trois bobines en mesh ?<\/strong><br data-start=\"5414\" data-end=\"5417\" \/>L'utilisation de plusieurs bobines en mesh permet de r\u00e9partir la chaleur plus uniform\u00e9ment, favorisant une production de vapeur constante lors d'une utilisation prolong\u00e9e.<\/p>\n<p data-start=\"5538\" data-end=\"5709\"><strong data-start=\"5538\" data-end=\"5592\">4) Quelles informations l'affichage num\u00e9rique indique-t-il ?<\/strong><br data-start=\"5592\" data-end=\"5595\" \/>L'affichage fournit un \u00e9tat visible de l'appareil afin que les utilisateurs puissent mieux comprendre les changements de performance plut\u00f4t que de deviner.<\/p>\n<p data-start=\"5711\" data-end=\"5913\"><strong data-start=\"5711\" data-end=\"5766\">5) Ce produit est-il adapt\u00e9 \u00e0 l'achat en gros ?<\/strong><br data-start=\"5766\" data-end=\"5769\" \/>Oui. L'ensemble des fonctionnalit\u00e9s, la conception de performance stable et la structure tarifaire le rendent adapt\u00e9 \u00e0 <strong data-start=\"5861\" data-end=\"5883\">Fournisseur en gros<\/strong> la distribution et aux commandes en gros.<\/p>\n<p data-start=\"5915\" data-end=\"6067\" data-is-last-node=\"\" data-is-only-node=\"\">Si vous le souhaitez, je peux \u00e9galement pr\u00e9parer un <strong data-start=\"5949\" data-end=\"5974\">annonce B2B raccourcie<\/strong>, un <strong data-start=\"5978\" data-end=\"6007\">fiche technique uniquement<\/strong>, ou une <strong data-start=\"6014\" data-end=\"6041\">version sp\u00e9cifique au march\u00e9<\/strong> pour diff\u00e9rentes r\u00e9gions de l'UE.<\/p>\n<\/div>\n<\/div>\n<\/div>\n<\/div>","protected":false},"excerpt":{"rendered":"<p data-start=\"3411\" data-end=\"3490\">L' <strong data-start=\"35\" data-end=\"53\">OKSO 120k Puff<\/strong> est un appareil de grande capacit\u00e9 <strong data-start=\"73\" data-end=\"93\">Vape jetable<\/strong> livrant jusqu'\u00e0 <strong data-start=\"111\" data-end=\"127\">120000 bouff\u00e9es<\/strong> avec un <strong data-start=\"135\" data-end=\"161\">6 en 1 saveur multiple<\/strong> syst\u00e8me r\u00e9glable. Il dispose d'un <strong data-start=\"195\" data-end=\"214\">affichage num\u00e9rique<\/strong>, <strong data-start=\"216\" data-end=\"237\">triples bobines en maille<\/strong>, <strong data-start=\"239\" data-end=\"269\">capacit\u00e9 de e-liquide de 20 ml \u00d7 3<\/strong>, et un <strong data-start=\"278\" data-end=\"296\">Batterie de 850 mAh<\/strong> pour une performance stable \u00e0 long terme. Con\u00e7u pour les utilisateurs adultes et l'approvisionnement en gros, le <strong data-start=\"383\" data-end=\"427\">Cigarette \u00e9lectronique jetable OKSO 120000 Puff<\/strong>\u00a0offre un contr\u00f4le pratique de la saveur \u00e0 un <strong data-start=\"466\" data-end=\"481\">prix avantageux<\/strong>, avec la possibilit\u00e9 de <strong data-start=\"502\" data-end=\"516\">acheter en ligne<\/strong> aupr\u00e8s d'un fournisseur de gros fiable.<\/p>\n<p><strong>Ajoutez le WhatsApp d'Amy pour obtenir une r\u00e9ponse rapide et un prix r\u00e9duit !<\/strong><\/p>\n<p><img fetchpriority=\"high\" decoding=\"async\" class=\"size-full wp-image-2932\" src=\"https:\/\/vapestornado.com\/wp-content\/uploads\/2024\/12\/Vape-Wholesale.jpg\" alt=\"Vente en Gros de Vapes\" width=\"229\" height=\"300\" \/><\/p>\n<h3><a href=\"https:\/\/wa.me\/8617776015835\"><span style=\"color: #ff0000;\"><strong>WhatsApp : +86 17776015835<\/strong><\/span><\/a><\/h3>","protected":false},"featured_media":4707,"comment_status":"open","ping_status":"closed","template":"","meta":{"_acf_changed":false,"_uag_custom_page_level_css":"","_lmt_disableupdate":"no","_lmt_disable":"","_monsterinsights_skip_tracking":false,"_monsterinsights_sitenote_active":false,"_monsterinsights_sitenote_note":"","_monsterinsights_sitenote_category":0,"site-sidebar-layout":"default","site-content-layout":"","ast-site-content-layout":"default","site-content-style":"default","site-sidebar-style":"default","ast-global-header-display":"","ast-banner-title-visibility":"","ast-main-header-display":"","ast-hfb-above-header-display":"","ast-hfb-below-header-display":"","ast-hfb-mobile-header-display":"","site-post-title":"","ast-breadcrumbs-content":"","ast-featured-img":"","footer-sml-layout":"","ast-disable-related-posts":"","theme-transparent-header-meta":"default","adv-header-id-meta":"","stick-header-meta":"","header-above-stick-meta":"","header-main-stick-meta":"","header-below-stick-meta":"","astra-migrate-meta-layouts":"set","ast-page-background-enabled":"default","ast-page-background-meta":{"desktop":{"background-color":"","background-image":"","background-repeat":"repeat","background-position":"center center","background-size":"auto","background-attachment":"scroll","background-type":"","background-media":"","overlay-type":"","overlay-color":"","overlay-opacity":"","overlay-gradient":""},"tablet":{"background-color":"","background-image":"","background-repeat":"repeat","background-position":"center center","background-size":"auto","background-attachment":"scroll","background-type":"","background-media":"","overlay-type":"","overlay-color":"","overlay-opacity":"","overlay-gradient":""},"mobile":{"background-color":"","background-image":"","background-repeat":"repeat","background-position":"center center","background-size":"auto","background-attachment":"scroll","background-type":"","background-media":"","overlay-type":"","overlay-color":"","overlay-opacity":"","overlay-gradient":""}},"ast-content-background-meta":{"desktop":{"background-color":"var(--ast-global-color-5)","background-image":"","background-repeat":"repeat","background-position":"center center","background-size":"auto","background-attachment":"scroll","background-type":"","background-media":"","overlay-type":"","overlay-color":"","overlay-opacity":"","overlay-gradient":""},"tablet":{"background-color":"var(--ast-global-color-5)","background-image":"","background-repeat":"repeat","background-position":"center center","background-size":"auto","background-attachment":"scroll","background-type":"","background-media":"","overlay-type":"","overlay-color":"","overlay-opacity":"","overlay-gradient":""},"mobile":{"background-color":"var(--ast-global-color-5)","background-image":"","background-repeat":"repeat","background-position":"center center","background-size":"auto","background-attachment":"scroll","background-type":"","background-media":"","overlay-type":"","overlay-color":"","overlay-opacity":"","overlay-gradient":""}},"_joinchat":[]},"product_brand":[],"product_cat":[347,153,158,142,144,146,60],"product_tag":[387,287,503,502,501,393],"class_list":{"0":"post-4702","1":"product","2":"type-product","3":"status-publish","4":"has-post-thumbnail","6":"product_cat-120000-puff","7":"product_cat-buy-disposable-vapes-in-italy","8":"product_cat-buy-disposable-vapes-in-spain","9":"product_cat-digital-box-disposable-vapes","10":"product_cat-low-nicotine-disposable-vapes","11":"product_cat-rechargeable-disposable-vapes","12":"product_cat-waspe-fihp-vape","13":"product_tag-cigarette-vapor","14":"product_tag-disposable-vape-pen","15":"product_tag-multi-flavor-disposable-vape","16":"product_tag-okso-120000-puff","17":"product_tag-okso-120k","18":"product_tag-vape-cartridge","19":"desktop-align-left","20":"tablet-align-left","21":"mobile-align-left","23":"first","24":"instock","25":"sale","26":"shipping-taxable","27":"purchasable","28":"product-type-simple"},"acf":[],"uagb_featured_image_src":{"full":["https:\/\/vapestornado.com\/wp-content\/uploads\/2025\/12\/OKSO-120K-120000-Puff-Disposable-Vaper.webp",800,800,false],"thumbnail":["https:\/\/vapestornado.com\/wp-content\/uploads\/2025\/12\/OKSO-120K-120000-Puff-Disposable-Vaper-150x150.webp",150,150,true],"medium":["https:\/\/vapestornado.com\/wp-content\/uploads\/2025\/12\/OKSO-120K-120000-Puff-Disposable-Vaper-300x300.webp",300,300,true],"medium_large":["https:\/\/vapestornado.com\/wp-content\/uploads\/2025\/12\/OKSO-120K-120000-Puff-Disposable-Vaper-768x768.webp",768,768,true],"large":["https:\/\/vapestornado.com\/wp-content\/uploads\/2025\/12\/OKSO-120K-120000-Puff-Disposable-Vaper.webp",800,800,false],"1536x1536":["https:\/\/vapestornado.com\/wp-content\/uploads\/2025\/12\/OKSO-120K-120000-Puff-Disposable-Vaper.webp",800,800,false],"2048x2048":["https:\/\/vapestornado.com\/wp-content\/uploads\/2025\/12\/OKSO-120K-120000-Puff-Disposable-Vaper.webp",800,800,false],"trp-custom-language-flag":["https:\/\/vapestornado.com\/wp-content\/uploads\/2025\/12\/OKSO-120K-120000-Puff-Disposable-Vaper-12x12.webp",12,12,true],"woocommerce_thumbnail":["https:\/\/vapestornado.com\/wp-content\/uploads\/2025\/12\/OKSO-120K-120000-Puff-Disposable-Vaper-300x300.webp",300,300,true],"woocommerce_single":["https:\/\/vapestornado.com\/wp-content\/uploads\/2025\/12\/OKSO-120K-120000-Puff-Disposable-Vaper-600x600.webp",600,600,true],"woocommerce_gallery_thumbnail":["https:\/\/vapestornado.com\/wp-content\/uploads\/2025\/12\/OKSO-120K-120000-Puff-Disposable-Vaper-100x100.webp",100,100,true]},"uagb_author_info":{"display_name":"ESAMY","author_link":"https:\/\/vapestornado.com\/fr\/author\/"},"uagb_comment_info":0,"uagb_excerpt":"The OKSO 120k Puff is a high-capacity Disposable Vaper delivering up to 120000 puffs with a 6 in 1 multiple flavor adjustable system. It features a digital display, triple mesh coils, 20ml \u00d7 3 e-liquid capacity, and an 850mAh battery for stable, long-term performance. Designed for adult users and wholesale supply, the OKSO 120000 Puffs\u2026","_links":{"self":[{"href":"https:\/\/vapestornado.com\/fr\/wp-json\/wp\/v2\/product\/4702","targetHints":{"allow":["GET"]}}],"collection":[{"href":"https:\/\/vapestornado.com\/fr\/wp-json\/wp\/v2\/product"}],"about":[{"href":"https:\/\/vapestornado.com\/fr\/wp-json\/wp\/v2\/types\/product"}],"replies":[{"embeddable":true,"href":"https:\/\/vapestornado.com\/fr\/wp-json\/wp\/v2\/comments?post=4702"}],"wp:featuredmedia":[{"embeddable":true,"href":"https:\/\/vapestornado.com\/fr\/wp-json\/wp\/v2\/media\/4707"}],"wp:attachment":[{"href":"https:\/\/vapestornado.com\/fr\/wp-json\/wp\/v2\/media?parent=4702"}],"wp:term":[{"taxonomy":"product_brand","embeddable":true,"href":"https:\/\/vapestornado.com\/fr\/wp-json\/wp\/v2\/product_brand?post=4702"},{"taxonomy":"product_cat","embeddable":true,"href":"https:\/\/vapestornado.com\/fr\/wp-json\/wp\/v2\/product_cat?post=4702"},{"taxonomy":"product_tag","embeddable":true,"href":"https:\/\/vapestornado.com\/fr\/wp-json\/wp\/v2\/product_tag?post=4702"}],"curies":[{"name":"wp","href":"https:\/\/api.w.org\/{rel}","templated":true}]}}