{"id":4603,"date":"2025-11-28T07:57:59","date_gmt":"2025-11-28T07:57:59","guid":{"rendered":"https:\/\/vapestornado.com\/?post_type=product&#038;p=4603"},"modified":"2025-11-28T08:20:23","modified_gmt":"2025-11-28T08:20:23","slug":"airmez-fox-80000-puffs-2-in-1-best-80k-vape-wholesale-eu-warehouse","status":"publish","type":"product","link":"https:\/\/vapestornado.com\/fr\/product\/airmez-fox-80000-puffs-2-in-1-best-80k-vape-wholesale-eu-warehouse\/","title":{"rendered":"Airmez Fox 80000 Bouff\u00e9es 2 en 1 Meilleur 80k Vape en gros entrep\u00f4t UE"},"content":{"rendered":"<h2 data-pm-slice=\"1 1 []\">Airmez Fox 80000 Bouff\u00e9es Vape Jetable Cristal 2-en-1 en gros entrep\u00f4t UE<\/h2>\n<p data-start=\"663\" data-end=\"1062\">L' <strong data-start=\"667\" data-end=\"693\">Airmez Fox 80000 Bouff\u00e9es<\/strong> est un mod\u00e8le compact, \u00e0 haute capacit\u00e9 <strong data-start=\"722\" data-end=\"755\">vape jetable \u00e0 double saveur<\/strong> con\u00e7u pour les d\u00e9taillants europ\u00e9ens recherchant une unit\u00e9 fiable et longue dur\u00e9e avec un fort attrait pour la saveur. Ce syst\u00e8me 2-en-1 donne aux utilisateurs un acc\u00e8s instantan\u00e9 \u00e0 deux profils de saveur diff\u00e9rents dans un seul appareil, ce qui fait que <strong data-start=\"966\" data-end=\"984\">Airmez Fox 80k<\/strong> est un excellent choix pour les clients qui veulent de la vari\u00e9t\u00e9 sans changer d'appareil.<\/p>\n<p data-start=\"1064\" data-end=\"1435\">Chaque appareil est pr\u00e9-rempli avec <strong data-start=\"1094\" data-end=\"1114\">30ml de e-liquide<\/strong> (15 ml par saveur) et aliment\u00e9 par un <strong data-start=\"1151\" data-end=\"1189\">Batterie rechargeable Type-C de 650 mAh<\/strong>, offrant une sortie constante adapt\u00e9e \u00e0 tout le cycle de 80 000 bouff\u00e9es. Le <strong data-start=\"1267\" data-end=\"1285\">Bobine Mesh 1.0\u03a9<\/strong> produit une vapeur douce, une sensation de gorge stable et une performance fiable en saveur qui s'aligne bien avec les pr\u00e9f\u00e9rences des consommateurs sur les principaux march\u00e9s europ\u00e9ens.<\/p>\n<p data-start=\"1437\" data-end=\"1897\">Un \u00e9cran LED lumineux fournit en temps r\u00e9el le statut de la batterie et du e-liquide, r\u00e9duisant l'incertitude et am\u00e9liorant la satisfaction des utilisateurs. Les d\u00e9taillants b\u00e9n\u00e9ficient de ventes r\u00e9p\u00e9t\u00e9es r\u00e9guli\u00e8res et d'une gestion simplifi\u00e9e des stocks, surtout avec une rotation rapide de notre <strong data-start=\"1680\" data-end=\"1701\">Vape EU Entrep\u00f4t<\/strong>. Gr\u00e2ce \u00e0 sa finition style cristal, l'Airmez Fox 80000 se distingue \u00e9galement visuellement, attirant les jeunes adultes de 25 \u00e0 35 ans \u00e0 la recherche d'un appareil au look premium dans la cat\u00e9gorie 80k bouff\u00e9es.<\/p>\n<p data-start=\"1899\" data-end=\"2203\">Pour les grossistes, l'Airmez Fox 80k s'int\u00e8gre parfaitement dans les gammes de produits \u00e0 haute capacit\u00e9 de bouff\u00e9es existantes et sert de SKU moyen-premium solide dans le <strong data-start=\"2032\" data-end=\"2048\">crystal vape<\/strong> segment. Le format double saveur, la grande capacit\u00e9 du r\u00e9servoir et la longue dur\u00e9e de vie en font l'une des options d'achat en gros les plus pratiques dans la cat\u00e9gorie des 80 000 bouff\u00e9es.<\/p>\n<p data-start=\"666\" data-end=\"1235\"><strong style=\"font-size: 16px;\"><span style=\"color: #ff0000;\">Ajoutez le WhatsApp d'Amy pour obtenir une r\u00e9ponse rapide et un prix r\u00e9duit !<\/span><\/strong><\/p>\n<p><img fetchpriority=\"high\" decoding=\"async\" class=\"size-full wp-image-2932\" src=\"https:\/\/vapestornado.com\/wp-content\/uploads\/2024\/12\/Vape-Wholesale.jpg\" alt=\"Vente en Gros de Vapes\" width=\"229\" height=\"300\" \/><\/p>\n<h3><a href=\"https:\/\/wa.me\/8617776015835\" target=\"_blank\" rel=\"noopener\"><span style=\"color: #ff0000;\"><strong>WhatsApp : +86 17776015835<\/strong><\/span><\/a><\/h3>\n<p>&nbsp;<\/p>\n<h2><strong>Liste des saveurs de vapoteuses jetables AIRMEZ FOX 120000 bouff\u00e9es<\/strong><\/h2>\n<ul>\n<li data-start=\"2691\" data-end=\"2752\">\n<p data-start=\"2693\" data-end=\"2752\"><strong data-start=\"2693\" data-end=\"2715\">Interrupteur double saveur<\/strong> avec deux saveurs dans chaque appareil.<\/p>\n<\/li>\n<li data-start=\"2753\" data-end=\"2814\">\n<p data-start=\"2755\" data-end=\"2814\"><strong data-start=\"2755\" data-end=\"2777\">Jusqu'\u00e0 80 000 bouff\u00e9es<\/strong> pour une utilisation prolong\u00e9e et peu d'entretien.<\/p>\n<\/li>\n<li data-start=\"2815\" data-end=\"2862\">\n<p data-start=\"2817\" data-end=\"2862\"><strong data-start=\"2817\" data-end=\"2840\">Capacit\u00e9 totale de 30 ml<\/strong> (15 ml par saveur).<\/p>\n<\/li>\n<li data-start=\"2863\" data-end=\"2926\">\n<p data-start=\"2865\" data-end=\"2926\"><strong data-start=\"2865\" data-end=\"2883\">Bobine Mesh 1.0\u03a9<\/strong> pour une livraison de saveur forte et constante.<\/p>\n<\/li>\n<li data-start=\"2927\" data-end=\"2984\">\n<p data-start=\"2929\" data-end=\"2984\"><strong data-start=\"2929\" data-end=\"2955\">Charge Type-C 650mAh<\/strong> pour maintenir une sortie stable.<\/p>\n<\/li>\n<li data-start=\"2985\" data-end=\"3040\">\n<p data-start=\"2987\" data-end=\"3040\"><strong data-start=\"2987\" data-end=\"3012\">Indicateurs \u00e0 \u00e9cran LED<\/strong> pour la batterie et le e-liquide.<\/p>\n<\/li>\n<li data-start=\"3041\" data-end=\"3100\">\n<p data-start=\"3043\" data-end=\"3100\"><strong data-start=\"3043\" data-end=\"3072\">Design du corps en style cristal<\/strong> pour un attrait premium en rayon.<\/p>\n<\/li>\n<li data-start=\"3101\" data-end=\"3165\">\n<p data-start=\"3103\" data-end=\"3165\"><strong data-start=\"3103\" data-end=\"3132\">Disponibilit\u00e9 en entrep\u00f4t en France<\/strong> pour une livraison en gros rapide.<\/p>\n<\/li>\n<\/ul>\n<figure id=\"attachment_4605\" aria-describedby=\"caption-attachment-4605\" style=\"width: 800px\" class=\"wp-caption alignnone\"><img decoding=\"async\" class=\"wp-image-4605 size-full\" src=\"https:\/\/vapestornado.com\/wp-content\/uploads\/2025\/11\/Airmez-FOX-2IN1-80K-Dual-Flavors-Disposable-Vapor.webp\" alt=\"Airmez FOX 2EN1 80K Vape Jetable Double Saveur\" width=\"800\" height=\"800\" srcset=\"https:\/\/vapestornado.com\/wp-content\/uploads\/2025\/11\/Airmez-FOX-2IN1-80K-Dual-Flavors-Disposable-Vapor.webp 800w, https:\/\/vapestornado.com\/wp-content\/uploads\/2025\/11\/Airmez-FOX-2IN1-80K-Dual-Flavors-Disposable-Vapor-300x300.webp 300w, https:\/\/vapestornado.com\/wp-content\/uploads\/2025\/11\/Airmez-FOX-2IN1-80K-Dual-Flavors-Disposable-Vapor-150x150.webp 150w, https:\/\/vapestornado.com\/wp-content\/uploads\/2025\/11\/Airmez-FOX-2IN1-80K-Dual-Flavors-Disposable-Vapor-768x768.webp 768w, https:\/\/vapestornado.com\/wp-content\/uploads\/2025\/11\/Airmez-FOX-2IN1-80K-Dual-Flavors-Disposable-Vapor-12x12.webp 12w, https:\/\/vapestornado.com\/wp-content\/uploads\/2025\/11\/Airmez-FOX-2IN1-80K-Dual-Flavors-Disposable-Vapor-600x600.webp 600w, https:\/\/vapestornado.com\/wp-content\/uploads\/2025\/11\/Airmez-FOX-2IN1-80K-Dual-Flavors-Disposable-Vapor-100x100.webp 100w\" sizes=\"(max-width: 800px) 100vw, 800px\" \/><figcaption id=\"caption-attachment-4605\" class=\"wp-caption-text\">Airmez FOX 2EN1 80K Vape Jetable Double Saveur<\/figcaption><\/figure>\n<h2><strong>Qu'est-ce qui distingue le vaporisateur jetable Airmez Fox 80000 Bouff\u00e9es ?<\/strong><\/h2>\n<ol data-start=\"2243\" data-end=\"2640\">\n<li data-start=\"2243\" data-end=\"2296\">\n<p data-start=\"2246\" data-end=\"2296\"><strong data-start=\"2246\" data-end=\"2294\">Fraise Past\u00e8que \/ Fraise Framboise<\/strong><\/p>\n<\/li>\n<li data-start=\"2297\" data-end=\"2336\">\n<p data-start=\"2300\" data-end=\"2336\"><strong data-start=\"2300\" data-end=\"2334\">Limonade Blue Razz \/ Blue Razz<\/strong><\/p>\n<\/li>\n<li data-start=\"2337\" data-end=\"2384\">\n<p data-start=\"2340\" data-end=\"2384\"><strong data-start=\"2340\" data-end=\"2382\">Myrtille Glac\u00e9e \/ Framboise Myrtille<\/strong><\/p>\n<\/li>\n<li data-start=\"2385\" data-end=\"2426\">\n<p data-start=\"2388\" data-end=\"2426\"><strong data-start=\"2388\" data-end=\"2424\">Fraise Kiwi \/ Fraise Glac\u00e9e<\/strong><\/p>\n<\/li>\n<li data-start=\"2427\" data-end=\"2473\">\n<p data-start=\"2430\" data-end=\"2473\"><strong data-start=\"2430\" data-end=\"2471\">Past\u00e8que Glac\u00e9e \/ Framboise Past\u00e8que<\/strong><\/p>\n<\/li>\n<li data-start=\"2474\" data-end=\"2510\">\n<p data-start=\"2477\" data-end=\"2510\"><strong data-start=\"2477\" data-end=\"2508\">Limonade aux Fruits Rouges \/ Citron Vert<\/strong><\/p>\n<\/li>\n<li data-start=\"2511\" data-end=\"2544\">\n<p data-start=\"2514\" data-end=\"2544\"><strong data-start=\"2514\" data-end=\"2542\">Fruit Tropical \/ Love 66<\/strong><\/p>\n<\/li>\n<li data-start=\"2545\" data-end=\"2577\">\n<p data-start=\"2548\" data-end=\"2577\"><strong data-start=\"2548\" data-end=\"2575\">P\u00eache Glac\u00e9e \/ Mangue P\u00eache<\/strong><\/p>\n<\/li>\n<li data-start=\"2578\" data-end=\"2610\">\n<p data-start=\"2581\" data-end=\"2610\"><strong data-start=\"2581\" data-end=\"2608\">Fruits Rouges M\u00e9lang\u00e9s \/ Dr Blue<\/strong><\/p>\n<\/li>\n<li data-start=\"2611\" data-end=\"2640\">\n<p data-start=\"2615\" data-end=\"2640\"><strong data-start=\"2615\" data-end=\"2640\">Raisin Glac\u00e9 \/ Black Ice<\/strong><\/p>\n<\/li>\n<\/ol>\n<h3 data-start=\"168\" data-end=\"239\"><strong data-start=\"172\" data-end=\"239\">Airmez Fox 80K vs Airmez Fox 120K \u2014 Lequel Convient \u00e0 Votre March\u00e9 ?<\/strong><\/h3>\n<p data-start=\"241\" data-end=\"1149\">Lors de la comparaison des <strong data-start=\"260\" data-end=\"278\">Airmez Fox 80K<\/strong> avec le <strong data-start=\"288\" data-end=\"307\">Airmez Fox 120K<\/strong>, la principale diff\u00e9rence r\u00e9side dans la capacit\u00e9 de bouff\u00e9es et la flexibilit\u00e9 des saveurs. <strong data-start=\"380\" data-end=\"398\">Airmez Fox 80K<\/strong> est con\u00e7u pour les acheteurs qui souhaitent une <em data-start=\"430\" data-end=\"470\">cigarette \u00e9lectronique jetable compacte \u00e0 double saveur<\/em> avec 30 ml d'e-liquide au total et un go\u00fbt net de bobine en mesh, ce qui la rend id\u00e9ale pour les commandes en gros \u00e0 rotation rapide ciblant les magasins de proximit\u00e9 \u00e0 forte fr\u00e9quentation. D'autre part, <strong data-start=\"636\" data-end=\"655\">Airmez Fox 120K<\/strong> offre un nombre de bouff\u00e9es beaucoup plus important avec une configuration multi-saveurs et une plus grande chambre d'e-liquide, offrant aux utilisateurs de longues sessions plus de vari\u00e9t\u00e9 et d'endurance. Les deux utilisent un syst\u00e8me rechargeable de Type-C et un \u00e9cran LED, mais le <strong data-start=\"862\" data-end=\"912\">80K se concentre sur une performance efficace au quotidien<\/strong>, tandis que le <strong data-start=\"924\" data-end=\"1019\">120K est con\u00e7u pour les clients qui souhaitent une session premium prolong\u00e9e avec plus de profondeur de saveur<\/strong>. Pour les acheteurs en gros, le choix est simple : <strong data-start=\"1065\" data-end=\"1100\">Airmez Fox 80K pour les ventes en volume<\/strong>, <strong data-start=\"1102\" data-end=\"1148\"><a href=\"https:\/\/vapestornado.com\/fr\/product\/airmez-fox-120000-puffs-4-flavour-big-puff-disposable-vape-pen-shop-eu-warehouse\/\">Airmez Fox 120K<\/a> pour des marges de vente additionnelle premium<\/strong>.<\/p>\n<h2>Pourquoi choisir Vapestornado pour l'achat de vape jetable en ligne ?<\/h2>\n<div class=\"flex-shrink-0 flex flex-col relative items-end\">\n<div class=\"pt-0\">\n<div class=\"gizmo-bot-avatar flex h-8 w-8 items-center justify-center overflow-hidden rounded-full\">\n<div class=\"relative p-1 rounded-sm flex items-center justify-center bg-token-main-surface-primary text-token-text-primary h-8 w-8\">\n<p data-start=\"136\" data-end=\"686\">Choisir <strong data-start=\"145\" data-end=\"161\">Vapestornado<\/strong> en tant que votre source de confiance pour le <strong data-start=\"193\" data-end=\"227\">Elf Bar Moon Night 40000 Bouff\u00e9es<\/strong> signifie s'associer avec un fournisseur qui comprend vraiment les exigences des grossistes et d\u00e9taillants de l'UE. Nous privil\u00e9gions <strong data-start=\"343\" data-end=\"409\">une exp\u00e9dition rapide, un inventaire v\u00e9rifi\u00e9 et une fourniture stable \u00e0 long terme<\/strong>, vous assurant de ne jamais faire face \u00e0 des interruptions de stock\u2014en particulier pour les articles \u00e0 volume \u00e9lev\u00e9 comme le <a href=\"https:\/\/vapestornado.com\/fr\/product\/airmez-140k-puff-6-in-1-flavor-disposable-vape-wholesale-disposable-vape-pen-eu-warehouse\/\">Airmez 140k 6 en 1 ,<\/a>\u00a0<a href=\"https:\/\/vapestornado.com\/fr\/product\/bang-legend-150000-puffs-6-in-1-flavor-newest-disposable-vape\/\">HiFancy Space 50000, Bang Legend 150k <\/a>Tous les produits proviennent de canaux certifi\u00e9s, vous offrant <strong data-start=\"582\" data-end=\"651\">une qualit\u00e9 authentique, une performance de saveur constante et une fiabilit\u00e9<\/strong> qui r\u00e9pond aux attentes du march\u00e9 europ\u00e9en.<\/p>\n<\/div>\n<h2>FAQ sur Airmez Fox 80000 Puff Bar<\/h2>\n<div class=\"relative p-1 rounded-sm flex items-center justify-center bg-token-main-surface-primary text-token-text-primary h-8 w-8\">\n<p data-start=\"3200\" data-end=\"3383\"><strong data-start=\"3200\" data-end=\"3262\">1. Comment changer de saveur sur l'Airmez Fox 80000 Puffs ?<\/strong><br data-start=\"3262\" data-end=\"3265\" \/>L'appareil utilise un syst\u00e8me simple \u00e0 double canal\u2014les utilisateurs changent de saveur via le s\u00e9lecteur sup\u00e9rieur sans red\u00e9marrer l'appareil.<\/p>\n<p data-start=\"3385\" data-end=\"3533\"><strong data-start=\"3385\" data-end=\"3438\">2. Combien de temps dure g\u00e9n\u00e9ralement l'Airmez Fox 80k ?<\/strong><br data-start=\"3438\" data-end=\"3441\" \/>Sa capacit\u00e9 de 80 000 bouff\u00e9es offre un cycle d'utilisation prolong\u00e9, en fonction des habitudes de vapotage de chacun.<\/p>\n<p data-start=\"3535\" data-end=\"3651\"><strong data-start=\"3535\" data-end=\"3587\">3. L'Airmez Fox 80000 supporte-t-il la recharge ?<\/strong><br data-start=\"3587\" data-end=\"3590\" \/>Oui, il comprend un port de charge Type-C et une batterie de 650mAh.<\/p>\n<p data-start=\"3653\" data-end=\"3769\"><strong data-start=\"3653\" data-end=\"3703\">4. Quelles informations l'affichage LED montre-t-il ?<\/strong><br data-start=\"3703\" data-end=\"3706\" \/>Le niveau de batterie et la quantit\u00e9 restante de e-liquide pour les deux chambres de saveur.<\/p>\n<p data-start=\"3771\" data-end=\"3934\"><strong data-start=\"3771\" data-end=\"3834\">5. Le Airmez Fox 80k peut-il \u00eatre exp\u00e9di\u00e9 depuis l'entrep\u00f4t de l'UE ?<\/strong><br data-start=\"3834\" data-end=\"3837\" \/>Oui, les grossistes peuvent b\u00e9n\u00e9ficier d'une livraison rapide et fiscalement avantageuse via notre <strong data-start=\"3912\" data-end=\"3933\">Vape EU Entrep\u00f4t<\/strong>.<\/p>\n<\/div>\n<\/div>\n<\/div>\n<\/div>","protected":false},"excerpt":{"rendered":"<article class=\"text-token-text-primary w-full focus:outline-none [--shadow-height:45px] has-data-writing-block:pointer-events-none has-data-writing-block:-mt-(--shadow-height) has-data-writing-block:pt-(--shadow-height) [&amp;:has([data-writing-block])&gt;*]:pointer-events-auto [content-visibility:auto] supports-[content-visibility:auto]:[contain-intrinsic-size:auto_100lvh] scroll-mt-[calc(var(--header-height)+min(200px,max(70px,20svh)))]\" dir=\"auto\" tabindex=\"-1\" data-turn-id=\"86ca9d92-7a10-4e6b-bda0-15f9df36adca\" data-testid=\"conversation-turn-120\" data-scroll-anchor=\"true\" data-turn=\"assistant\">\n<div class=\"text-base my-auto mx-auto pb-10 [--thread-content-margin:--spacing(4)] thread-sm:[--thread-content-margin:--spacing(6)] thread-lg:[--thread-content-margin:--spacing(16)] px-(--thread-content-margin)\">\n<div class=\"[--thread-content-max-width:40rem] thread-lg:[--thread-content-max-width:48rem] mx-auto max-w-(--thread-content-max-width) flex-1 group\/turn-messages focus-visible:outline-hidden relative flex w-full min-w-0 flex-col agent-turn\" tabindex=\"-1\">\n<div class=\"flex max-w-full flex-col grow\">\n<div class=\"min-h-8 text-message relative flex w-full flex-col items-end gap-2 text-start break-words whitespace-normal [.text-message+&amp;]:mt-1\" dir=\"auto\" data-message-author-role=\"assistant\" data-message-id=\"43b070d6-bf28-4fbe-8049-1032a61ea3ac\" data-message-model-slug=\"gpt-5\">\n<div class=\"flex w-full flex-col gap-1 empty:hidden first:pt-[1px]\">\n<div class=\"markdown prose dark:prose-invert w-full break-words light markdown-new-styling\">\n<article class=\"text-token-text-primary w-full focus:outline-none [--shadow-height:45px] has-data-writing-block:pointer-events-none has-data-writing-block:-mt-(--shadow-height) has-data-writing-block:pt-(--shadow-height) [&amp;:has([data-writing-block])&gt;*]:pointer-events-auto [content-visibility:auto] supports-[content-visibility:auto]:[contain-intrinsic-size:auto_100lvh] scroll-mt-[calc(var(--header-height)+min(200px,max(70px,20svh)))]\" dir=\"auto\" tabindex=\"-1\" data-turn-id=\"4d6f00b8-d41a-438b-8912-05a895842882\" data-testid=\"conversation-turn-130\" data-scroll-anchor=\"true\" data-turn=\"assistant\">\n<div class=\"text-base my-auto mx-auto pb-10 [--thread-content-margin:--spacing(4)] thread-sm:[--thread-content-margin:--spacing(6)] thread-lg:[--thread-content-margin:--spacing(16)] px-(--thread-content-margin)\">\n<div class=\"[--thread-content-max-width:40rem] thread-lg:[--thread-content-max-width:48rem] mx-auto max-w-(--thread-content-max-width) flex-1 group\/turn-messages focus-visible:outline-hidden relative flex w-full min-w-0 flex-col agent-turn\" tabindex=\"-1\">\n<div class=\"flex max-w-full flex-col grow\">\n<div class=\"min-h-8 text-message relative flex w-full flex-col items-end gap-2 text-start break-words whitespace-normal [.text-message+&amp;]:mt-1\" dir=\"auto\" data-message-author-role=\"assistant\" data-message-id=\"f3c520bf-c043-4392-87ea-b3bf1b3ae6d3\" data-message-model-slug=\"gpt-5-1\">\n<div class=\"flex w-full flex-col gap-1 empty:hidden first:pt-[1px]\">\n<div class=\"markdown prose dark:prose-invert w-full break-words light markdown-new-styling\">\n<p>Airmez Fox 80000 Bouff\u00e9es 2-en-1 Vape Cristal \u2013 Meilleur 80k en gros depuis l'entrep\u00f4t UE<br \/>\nAirmez Fox 80k Vape Jetable Double Saveur \u2013 Achat en gros pr\u00eat en Europe<br \/>\nAirmez Fox 80000 Bouff\u00e9es Stylo Jetable Double Saveur Cristal \u2013 Stock en entrep\u00f4t UE<\/p>\n<\/div>\n<\/div>\n<\/div>\n<\/div>\n<\/div>\n<\/div>\n<\/article>\n<\/div>\n<\/div>\n<\/div>\n<\/div>\n<\/div>\n<\/div>\n<\/article>\n<p><img fetchpriority=\"high\" decoding=\"async\" class=\"size-full wp-image-2932\" src=\"https:\/\/vapestornado.com\/wp-content\/uploads\/2024\/12\/Vape-Wholesale.jpg\" alt=\"Vente en Gros de Vapes\" width=\"229\" height=\"300\" \/><\/p>\n<h3><a href=\"https:\/\/wa.me\/8617776015835\"><span style=\"color: #ff0000;\"><strong>WhatsApp : +86 17776015835<\/strong><\/span><\/a><\/h3>\n<p>&nbsp;<\/p>","protected":false},"featured_media":4604,"comment_status":"open","ping_status":"closed","template":"","meta":{"_acf_changed":false,"_uag_custom_page_level_css":"","_lmt_disableupdate":"no","_lmt_disable":"","_monsterinsights_skip_tracking":false,"_monsterinsights_sitenote_active":false,"_monsterinsights_sitenote_note":"","_monsterinsights_sitenote_category":0,"site-sidebar-layout":"default","site-content-layout":"","ast-site-content-layout":"default","site-content-style":"default","site-sidebar-style":"default","ast-global-header-display":"","ast-banner-title-visibility":"","ast-main-header-display":"","ast-hfb-above-header-display":"","ast-hfb-below-header-display":"","ast-hfb-mobile-header-display":"","site-post-title":"","ast-breadcrumbs-content":"","ast-featured-img":"","footer-sml-layout":"","ast-disable-related-posts":"","theme-transparent-header-meta":"default","adv-header-id-meta":"","stick-header-meta":"","header-above-stick-meta":"","header-main-stick-meta":"","header-below-stick-meta":"","astra-migrate-meta-layouts":"set","ast-page-background-enabled":"default","ast-page-background-meta":{"desktop":{"background-color":"","background-image":"","background-repeat":"repeat","background-position":"center center","background-size":"auto","background-attachment":"scroll","background-type":"","background-media":"","overlay-type":"","overlay-color":"","overlay-opacity":"","overlay-gradient":""},"tablet":{"background-color":"","background-image":"","background-repeat":"repeat","background-position":"center center","background-size":"auto","background-attachment":"scroll","background-type":"","background-media":"","overlay-type":"","overlay-color":"","overlay-opacity":"","overlay-gradient":""},"mobile":{"background-color":"","background-image":"","background-repeat":"repeat","background-position":"center center","background-size":"auto","background-attachment":"scroll","background-type":"","background-media":"","overlay-type":"","overlay-color":"","overlay-opacity":"","overlay-gradient":""}},"ast-content-background-meta":{"desktop":{"background-color":"var(--ast-global-color-5)","background-image":"","background-repeat":"repeat","background-position":"center center","background-size":"auto","background-attachment":"scroll","background-type":"","background-media":"","overlay-type":"","overlay-color":"","overlay-opacity":"","overlay-gradient":""},"tablet":{"background-color":"var(--ast-global-color-5)","background-image":"","background-repeat":"repeat","background-position":"center center","background-size":"auto","background-attachment":"scroll","background-type":"","background-media":"","overlay-type":"","overlay-color":"","overlay-opacity":"","overlay-gradient":""},"mobile":{"background-color":"var(--ast-global-color-5)","background-image":"","background-repeat":"repeat","background-position":"center center","background-size":"auto","background-attachment":"scroll","background-type":"","background-media":"","overlay-type":"","overlay-color":"","overlay-opacity":"","overlay-gradient":""}},"_joinchat":{"telephone":"17776015835"}},"product_brand":[],"product_cat":[149,150,151,152,144],"product_tag":[460,458,459,105,446,436,451,455],"class_list":{"0":"post-4603","1":"product","2":"type-product","3":"status-publish","4":"has-post-thumbnail","6":"product_cat-buy-disposable-vapes-in-austria","7":"product_cat-buy-disposable-vapes-in-belgium","8":"product_cat-buy-disposable-vapes-in-france","9":"product_cat-buy-disposable-vapes-in-cermany","10":"product_cat-low-nicotine-disposable-vapes","11":"product_tag-80k-puff-vape","12":"product_tag-airmez-fox-80000","13":"product_tag-airmez-fox-80k","14":"product_tag-digital-disposable-vape","15":"product_tag-disposable-vape-kit","16":"product_tag-shop-vape-online","17":"product_tag-vape-free-shipping","18":"product_tag-vape-pen-eu-warehouse","19":"desktop-align-left","20":"tablet-align-left","21":"mobile-align-left","23":"first","24":"instock","25":"sale","26":"shipping-taxable","27":"purchasable","28":"product-type-simple"},"acf":[],"uagb_featured_image_src":{"full":["https:\/\/vapestornado.com\/wp-content\/uploads\/2025\/11\/80K-Puffs-Double-Taste-LED-Display-Disposable-Vape-Airmez.webp",800,800,false],"thumbnail":["https:\/\/vapestornado.com\/wp-content\/uploads\/2025\/11\/80K-Puffs-Double-Taste-LED-Display-Disposable-Vape-Airmez-150x150.webp",150,150,true],"medium":["https:\/\/vapestornado.com\/wp-content\/uploads\/2025\/11\/80K-Puffs-Double-Taste-LED-Display-Disposable-Vape-Airmez-300x300.webp",300,300,true],"medium_large":["https:\/\/vapestornado.com\/wp-content\/uploads\/2025\/11\/80K-Puffs-Double-Taste-LED-Display-Disposable-Vape-Airmez-768x768.webp",768,768,true],"large":["https:\/\/vapestornado.com\/wp-content\/uploads\/2025\/11\/80K-Puffs-Double-Taste-LED-Display-Disposable-Vape-Airmez.webp",800,800,false],"1536x1536":["https:\/\/vapestornado.com\/wp-content\/uploads\/2025\/11\/80K-Puffs-Double-Taste-LED-Display-Disposable-Vape-Airmez.webp",800,800,false],"2048x2048":["https:\/\/vapestornado.com\/wp-content\/uploads\/2025\/11\/80K-Puffs-Double-Taste-LED-Display-Disposable-Vape-Airmez.webp",800,800,false],"trp-custom-language-flag":["https:\/\/vapestornado.com\/wp-content\/uploads\/2025\/11\/80K-Puffs-Double-Taste-LED-Display-Disposable-Vape-Airmez-12x12.webp",12,12,true],"woocommerce_thumbnail":["https:\/\/vapestornado.com\/wp-content\/uploads\/2025\/11\/80K-Puffs-Double-Taste-LED-Display-Disposable-Vape-Airmez-300x300.webp",300,300,true],"woocommerce_single":["https:\/\/vapestornado.com\/wp-content\/uploads\/2025\/11\/80K-Puffs-Double-Taste-LED-Display-Disposable-Vape-Airmez-600x600.webp",600,600,true],"woocommerce_gallery_thumbnail":["https:\/\/vapestornado.com\/wp-content\/uploads\/2025\/11\/80K-Puffs-Double-Taste-LED-Display-Disposable-Vape-Airmez-100x100.webp",100,100,true]},"uagb_author_info":{"display_name":"ESAMY","author_link":"https:\/\/vapestornado.com\/fr\/author\/"},"uagb_comment_info":0,"uagb_excerpt":"Airmez Fox 80000 Puffs 2-in-1 Crystal Vape \u2013 Best 80k Wholesale from EU Warehouse Airmez Fox 80k Dual Flavor Disposable Vape \u2013 Bulk Buy Ready in Europe Airmez Fox 80000 Puffs Double Flavor Crystal Disposable Pen \u2013 EU Warehouse Stock WhatsApp: +86 17776015835 &nbsp;","_links":{"self":[{"href":"https:\/\/vapestornado.com\/fr\/wp-json\/wp\/v2\/product\/4603","targetHints":{"allow":["GET"]}}],"collection":[{"href":"https:\/\/vapestornado.com\/fr\/wp-json\/wp\/v2\/product"}],"about":[{"href":"https:\/\/vapestornado.com\/fr\/wp-json\/wp\/v2\/types\/product"}],"replies":[{"embeddable":true,"href":"https:\/\/vapestornado.com\/fr\/wp-json\/wp\/v2\/comments?post=4603"}],"wp:featuredmedia":[{"embeddable":true,"href":"https:\/\/vapestornado.com\/fr\/wp-json\/wp\/v2\/media\/4604"}],"wp:attachment":[{"href":"https:\/\/vapestornado.com\/fr\/wp-json\/wp\/v2\/media?parent=4603"}],"wp:term":[{"taxonomy":"product_brand","embeddable":true,"href":"https:\/\/vapestornado.com\/fr\/wp-json\/wp\/v2\/product_brand?post=4603"},{"taxonomy":"product_cat","embeddable":true,"href":"https:\/\/vapestornado.com\/fr\/wp-json\/wp\/v2\/product_cat?post=4603"},{"taxonomy":"product_tag","embeddable":true,"href":"https:\/\/vapestornado.com\/fr\/wp-json\/wp\/v2\/product_tag?post=4603"}],"curies":[{"name":"wp","href":"https:\/\/api.w.org\/{rel}","templated":true}]}}