{"id":4596,"date":"2025-11-25T08:25:45","date_gmt":"2025-11-25T08:25:45","guid":{"rendered":"https:\/\/vapestornado.com\/?post_type=product&#038;p=4596"},"modified":"2025-11-25T08:36:27","modified_gmt":"2025-11-25T08:36:27","slug":"airmez-fox-120000-puffs-4-flavour-big-puff-disposable-vape-pen-shop-eu-warehouse","status":"publish","type":"product","link":"https:\/\/vapestornado.com\/fr\/product\/airmez-fox-120000-puffs-4-flavour-big-puff-disposable-vape-pen-shop-eu-warehouse\/","title":{"rendered":"AIRMEZ FOX 120000 Bouff\u00e9es 4 Saveurs Grand Puff Vape Jetable Boutique Entrep\u00f4t UE"},"content":{"rendered":"<h2 data-pm-slice=\"1 1 []\">AIRMEZ FOX 120000 \u2013 Stylo Jetable 4 Saveurs Big Puff Stock d'Entrep\u00f4t UE<\/h2>\n<p data-start=\"610\" data-end=\"1164\">L' <strong data-start=\"614\" data-end=\"635\">AIRMEZ FOX 120000<\/strong> con\u00e7u pour les acheteurs en gros qui ont besoin d'une longue dur\u00e9e, de performances stables <strong data-start=\"712\" data-end=\"740\">Vape Jetable Big Puff<\/strong> avec un v\u00e9ritable attrait pour l'utilisateur. Chaque dispositif int\u00e8gre <strong data-start=\"787\" data-end=\"818\">quatre r\u00e9servoirs ind\u00e9pendants de 15mL<\/strong> avec une capacit\u00e9 totale <strong data-start=\"832\" data-end=\"849\">60mL<\/strong>, offrant jusqu'\u00e0 <strong data-start=\"868\" data-end=\"885\">120 000 bouff\u00e9es<\/strong>\u2014 un avantage \u00e9vident pour les boutiques ciblant les clients \u00e0 forte consommation ou les revendeurs recherchant de fortes commandes r\u00e9p\u00e9t\u00e9es. Le syst\u00e8me de levage et de torsion du capuchon sup\u00e9rieur permet aux utilisateurs de changer de saveur instantan\u00e9ment, faisant de celui-ci l'un des plus pratiques <strong data-start=\"1106\" data-end=\"1133\">vapes \u00e0 saveur ajustable<\/strong> dans la cat\u00e9gorie haute capacit\u00e9.<\/p>\n<p data-start=\"1166\" data-end=\"1684\">Aliment\u00e9 par une <strong data-start=\"1179\" data-end=\"1210\">batterie rechargeable de 650 mAh<\/strong> avec charge rapide Type-C, le <strong data-start=\"1242\" data-end=\"1261\">AIRMEZ FOX 120k<\/strong> maintient une sortie constante lors de longues sessions. Son <strong data-start=\"1316\" data-end=\"1335\">bobines maill\u00e9es de 1,0 \u03a9<\/strong> assurer une saveur propre \u00e0 travers les quatre r\u00e9servoirs, tandis que <strong data-start=\"1391\" data-end=\"1411\">\u00e9cran intelligent LCD<\/strong> donne aux utilisateurs un aper\u00e7u rapide de la batterie et de la s\u00e9lection de saveur\u2014un d\u00e9tail important qui augmente la confiance de l'utilisateur et r\u00e9duit les questions apr\u00e8s-vente. Pour les acheteurs de l'UE, la capacit\u00e9 de <strong data-start=\"1584\" data-end=\"1605\">Acheter dans l'entrep\u00f4t de l'UE<\/strong> garantit des itin\u00e9raires de livraison plus courts, un stock stable et une planification commerciale plus fluide.<\/p>\n<p data-start=\"1686\" data-end=\"2063\">L'AIRMEZ FOX 120000 est con\u00e7u pour les boutiques qui recherchent un appareil \u00e0 forte valeur ajout\u00e9e avec une excellente performance en saveur, peu d'entretien, et une structure qui se vend bien en ligne comme en magasin local. L'emballage en gros (10 pi\u00e8ces par bo\u00eete \/ 100 pi\u00e8ces par carton) en fait un choix efficace pour les distributeurs souhaitant une r\u00e9f\u00e9rence propre et uniforme qui se vend rapidement sur le march\u00e9 europ\u00e9en actuel des cigarettes \u00e9lectroniques jetables.<\/p>\n<p data-start=\"666\" data-end=\"1235\"><strong style=\"font-size: 16px;\"><span style=\"color: #ff0000;\">Ajoutez le WhatsApp d'Amy pour obtenir une r\u00e9ponse rapide et un prix r\u00e9duit !<\/span><\/strong><\/p>\n<p><img fetchpriority=\"high\" decoding=\"async\" class=\"size-full wp-image-2932\" src=\"https:\/\/vapestornado.com\/wp-content\/uploads\/2024\/12\/Vape-Wholesale.jpg\" alt=\"Vente en Gros de Vapes\" width=\"229\" height=\"300\" \/><\/p>\n<h3><a href=\"https:\/\/wa.me\/8617776015835\" target=\"_blank\" rel=\"noopener\"><span style=\"color: #ff0000;\"><strong>WhatsApp : +86 17776015835<\/strong><\/span><\/a><\/h3>\n<p>&nbsp;<\/p>\n<h2><strong>Qu'est-ce qui distingue le stylo jetable AIRMEZ FOX 120000 Puff ?<\/strong><\/h2>\n<ul>\n<li data-start=\"2855\" data-end=\"2918\">\n<p data-start=\"2857\" data-end=\"2918\"><strong data-start=\"2857\" data-end=\"2893\">Syst\u00e8me de saveur r\u00e9glable 4-en-1<\/strong> pour un changement instantan\u00e9.<\/p>\n<\/li>\n<li data-start=\"2919\" data-end=\"2981\">\n<p data-start=\"2921\" data-end=\"2981\"><strong data-start=\"2921\" data-end=\"2944\">Capacit\u00e9 totale de 60 mL<\/strong> (15 mL \u00d7 4 r\u00e9servoirs) pour une utilisation prolong\u00e9e.<\/p>\n<\/li>\n<li data-start=\"2982\" data-end=\"3040\">\n<p data-start=\"2984\" data-end=\"3040\"><strong data-start=\"2984\" data-end=\"3005\">Chauffage par coil en mesh<\/strong> pour une sortie de saveur stable et riche.<\/p>\n<\/li>\n<li data-start=\"3041\" data-end=\"3094\">\n<p data-start=\"3043\" data-end=\"3094\"><strong data-start=\"3043\" data-end=\"3066\">Batterie rechargeable de 650 mAh<\/strong> avec port Type-C.<\/p>\n<\/li>\n<li data-start=\"3095\" data-end=\"3150\">\n<p data-start=\"3097\" data-end=\"3150\"><strong data-start=\"3097\" data-end=\"3112\">\u00c9cran LCD<\/strong> affiche la batterie et la saveur active.<\/p>\n<\/li>\n<li data-start=\"3151\" data-end=\"3214\">\n<p data-start=\"3153\" data-end=\"3214\"><strong data-start=\"3153\" data-end=\"3182\">Emballage pr\u00eat pour la vente en gros<\/strong>, id\u00e9al pour la distribution en volume.<\/p>\n<\/li>\n<li data-start=\"3215\" data-end=\"3294\">\n<p data-start=\"3217\" data-end=\"3294\"><strong data-start=\"3217\" data-end=\"3247\">Livraison rapide depuis l'entrep\u00f4t de l'UE<\/strong> avec une arriv\u00e9e en 3 \u00e0 7 jours et sans frais de taxe suppl\u00e9mentaires.<\/p>\n<\/li>\n<\/ul>\n<figure id=\"attachment_4590\" aria-describedby=\"caption-attachment-4590\" style=\"width: 800px\" class=\"wp-caption alignnone\"><img decoding=\"async\" class=\"wp-image-4590 size-full\" src=\"https:\/\/vapestornado.com\/wp-content\/uploads\/2025\/11\/Airmez-FOX-4-IN-1-120000-Puff-Bar-EU-Warehouse.webp\" alt=\"Barre jetable AIRMEZ FOX 4 EN 1 120000 Puff, entrep\u00f4t de l&#039;UE\" width=\"800\" height=\"800\" srcset=\"https:\/\/vapestornado.com\/wp-content\/uploads\/2025\/11\/Airmez-FOX-4-IN-1-120000-Puff-Bar-EU-Warehouse.webp 800w, https:\/\/vapestornado.com\/wp-content\/uploads\/2025\/11\/Airmez-FOX-4-IN-1-120000-Puff-Bar-EU-Warehouse-300x300.webp 300w, https:\/\/vapestornado.com\/wp-content\/uploads\/2025\/11\/Airmez-FOX-4-IN-1-120000-Puff-Bar-EU-Warehouse-150x150.webp 150w, https:\/\/vapestornado.com\/wp-content\/uploads\/2025\/11\/Airmez-FOX-4-IN-1-120000-Puff-Bar-EU-Warehouse-768x768.webp 768w, https:\/\/vapestornado.com\/wp-content\/uploads\/2025\/11\/Airmez-FOX-4-IN-1-120000-Puff-Bar-EU-Warehouse-12x12.webp 12w, https:\/\/vapestornado.com\/wp-content\/uploads\/2025\/11\/Airmez-FOX-4-IN-1-120000-Puff-Bar-EU-Warehouse-600x600.webp 600w, https:\/\/vapestornado.com\/wp-content\/uploads\/2025\/11\/Airmez-FOX-4-IN-1-120000-Puff-Bar-EU-Warehouse-100x100.webp 100w\" sizes=\"(max-width: 800px) 100vw, 800px\" \/><figcaption id=\"caption-attachment-4590\" class=\"wp-caption-text\">Barre jetable AIRMEZ FOX 4 EN 1 120000 Puff, entrep\u00f4t de l'UE<\/figcaption><\/figure>\n<div class=\"mceTemp\"><\/div>\n<h2><strong>Liste des saveurs de vapoteuses jetables AIRMEZ FOX 120000 bouff\u00e9es<\/strong><\/h2>\n<ol data-start=\"2106\" data-end=\"2809\">\n<li data-start=\"2106\" data-end=\"2191\">\n<p data-start=\"2109\" data-end=\"2191\">Fraise Framboise \/ Fraise Kiwi \/ Fraise Glac\u00e9e \/ P\u00eache Mangue Past\u00e8que<\/p>\n<\/li>\n<li data-start=\"2192\" data-end=\"2280\">\n<p data-start=\"2195\" data-end=\"2280\">Past\u00e8que Glac\u00e9e \/ Fraise Past\u00e8que \/ Framboise Past\u00e8que \/ Myrtille Framboise<\/p>\n<\/li>\n<li data-start=\"2281\" data-end=\"2345\">\n<p data-start=\"2284\" data-end=\"2345\">Limonade Rose \/ Baiser Passion \/ Baies M\u00e9lang\u00e9es \/ Triple Baie<\/p>\n<\/li>\n<li data-start=\"2346\" data-end=\"2396\">\n<p data-start=\"2349\" data-end=\"2396\">Cerise \/ Love 66 \/ Limonade Citron Berry \/ Givre de Raisin<\/p>\n<\/li>\n<li data-start=\"2397\" data-end=\"2465\">\n<p data-start=\"2400\" data-end=\"2465\">Mangue P\u00eache \/ Fruit Tropical \/ P\u00eache Glac\u00e9e \/ Mangue Acidul\u00e9e Ananas<\/p>\n<\/li>\n<li data-start=\"2466\" data-end=\"2528\">\n<p data-start=\"2469\" data-end=\"2528\">Givre de Raisin \/ Love 66 \/ Myrtille Sur Glace \/ Fruit du Dragon Glac\u00e9<\/p>\n<\/li>\n<li data-start=\"2529\" data-end=\"2596\">\n<p data-start=\"2532\" data-end=\"2596\">Love 66 \/ Cerise \/ Myrtille Sur Glace \/ Kiwi Fruit de la Passion Goyave<\/p>\n<\/li>\n<li data-start=\"2597\" data-end=\"2654\">\n<p data-start=\"2600\" data-end=\"2654\">P\u00eache Glac\u00e9e \/ Limonade Rose \/ Past\u00e8que Glac\u00e9e \/ Dr Blue<\/p>\n<\/li>\n<li data-start=\"2655\" data-end=\"2720\">\n<p data-start=\"2658\" data-end=\"2720\">Mojito Rouge \/ Love 66 \/ Baies M\u00e9lang\u00e9es \/ Fraise Past\u00e8que<\/p>\n<\/li>\n<li data-start=\"2721\" data-end=\"2809\">\n<p data-start=\"2725\" data-end=\"2809\">Mangue P\u00eache Past\u00e8que \/ Myrtille Cerise \/ Past\u00e8que Fruit du Dragon \/ Baiser Passion<\/p>\n<\/li>\n<\/ol>\n<h2>Pourquoi choisir Vapestornado pour l'achat de vape jetable en ligne ?<\/h2>\n<div class=\"flex-shrink-0 flex flex-col relative items-end\">\n<div class=\"pt-0\">\n<div class=\"gizmo-bot-avatar flex h-8 w-8 items-center justify-center overflow-hidden rounded-full\">\n<div class=\"relative p-1 rounded-sm flex items-center justify-center bg-token-main-surface-primary text-token-text-primary h-8 w-8\">\n<p data-start=\"648\" data-end=\"799\">Choisir <strong data-start=\"189\" data-end=\"205\">Vapestornado<\/strong> en tant que fournisseur pour <strong data-start=\"227\" data-end=\"261\">Elf Bar Moon Night 40000 Bouff\u00e9es<\/strong> signifie s\u00e9curiser un partenaire qui comprend les besoins des grossistes et d\u00e9taillants bas\u00e9s en France. Nous nous concentrons sur une livraison rapide, un stock v\u00e9rifi\u00e9 et une fourniture stable \u00e0 long terme\u2014des facteurs cl\u00e9s pour les entreprises vendant des produits \u00e0 volume \u00e9lev\u00e9 comme le <strong data-start=\"489\" data-end=\"515\">Elf Bar Moon Night 40K<\/strong>. Chaque lot est directement sourcing\u00e9 aupr\u00e8s de canaux certifi\u00e9s, garantissant des produits authentiques, une forte coh\u00e9rence des saveurs et une qualit\u00e9 fiable qui r\u00e9pond aux attentes des acheteurs en France.<\/p>\n<p data-start=\"559\" data-end=\"933\" data-is-last-node=\"\" data-is-only-node=\"\">Nous avons \u00e9galement d'autres vapoteuses jetables populaires avec \u00e9cran comme <a href=\"https:\/\/vapestornado.com\/fr\/product\/hifancy-dream-45k-45000-puffs-disposable-vape-kit-fast-shipping-from-eu-warehouse\/\">Hifancy Dream 45k vape<\/a>, <a href=\"https:\/\/vapestornado.com\/fr\/product\/elf-bar-moon-night-40000-puffs-disposable-vape-germany-wholesale\/\">ELF BAR Moon Night 40000 Vape<\/a>, <a href=\"https:\/\/vapestornado.com\/fr\/product\/uor-120000-puff-120k-4-flavors-rechargeable-disposable-vape-shop-online\/\">UOR 120000 PUFF 4 en 1<\/a>, et plus encore.<\/p>\n<p data-start=\"559\" data-end=\"933\" data-is-last-node=\"\" data-is-only-node=\"\">\n<\/div>\n<h2>FAQ sur AIRMEZ FOX 120000 Bouff\u00e9es<\/h2>\n<div class=\"relative p-1 rounded-sm flex items-center justify-center bg-token-main-surface-primary text-token-text-primary h-8 w-8\">\n<p data-start=\"3330\" data-end=\"3457\"><strong data-start=\"3330\" data-end=\"3387\">1. Comment changer de saveur sur l'AIRMEZ FOX 120000 ?<\/strong><br data-start=\"3387\" data-end=\"3390\" \/>Soulevez et tournez la t\u00eate d'infusion pour passer \u00e0 la saveur suivante.<\/p>\n<p data-start=\"3459\" data-end=\"3562\"><strong data-start=\"3459\" data-end=\"3502\">2. L'AIRMEZ FOX 120k est-il rechargeable ?<\/strong><br data-start=\"3502\" data-end=\"3505\" \/>Oui, il utilise un port Type-C et une batterie interne de 650mAh.<\/p>\n<p data-start=\"3564\" data-end=\"3691\"><strong data-start=\"3564\" data-end=\"3612\">3. Combien de bouff\u00e9es chaque saveur fournit-elle ?<\/strong><br data-start=\"3612\" data-end=\"3615\" \/>Chaque r\u00e9servoir offre environ 30 000 bouff\u00e9es, avec un total d'environ 120 000.<\/p>\n<p data-start=\"3693\" data-end=\"3813\"><strong data-start=\"3693\" data-end=\"3743\">4. L'\u00e9cran intelligent affiche-t-il le niveau de e-liquide ?<\/strong><br data-start=\"3743\" data-end=\"3746\" \/>Oui, l'\u00e9cran LCD affiche l'\u00e9tat de la batterie et la saveur active.<\/p>\n<p data-start=\"3815\" data-end=\"3944\"><strong data-start=\"3815\" data-end=\"3866\">5. Puis-je commander AIRMEZ FOX 120000 depuis le stock UE ?<\/strong><br data-start=\"3866\" data-end=\"3869\" \/>Oui, notre <strong data-start=\"3878\" data-end=\"3899\">Acheter dans l'entrep\u00f4t de l'UE<\/strong> service exp\u00e9die en 3 \u00e0 7 jours \u00e0 travers l'Europe.<\/p>\n<\/div>\n<\/div>\n<\/div>\n<\/div>","protected":false},"excerpt":{"rendered":"<article class=\"text-token-text-primary w-full focus:outline-none [--shadow-height:45px] has-data-writing-block:pointer-events-none has-data-writing-block:-mt-(--shadow-height) has-data-writing-block:pt-(--shadow-height) [&amp;:has([data-writing-block])&gt;*]:pointer-events-auto [content-visibility:auto] supports-[content-visibility:auto]:[contain-intrinsic-size:auto_100lvh] scroll-mt-[calc(var(--header-height)+min(200px,max(70px,20svh)))]\" dir=\"auto\" tabindex=\"-1\" data-turn-id=\"86ca9d92-7a10-4e6b-bda0-15f9df36adca\" data-testid=\"conversation-turn-120\" data-scroll-anchor=\"true\" data-turn=\"assistant\">\n<div class=\"text-base my-auto mx-auto pb-10 [--thread-content-margin:--spacing(4)] thread-sm:[--thread-content-margin:--spacing(6)] thread-lg:[--thread-content-margin:--spacing(16)] px-(--thread-content-margin)\">\n<div class=\"[--thread-content-max-width:40rem] thread-lg:[--thread-content-max-width:48rem] mx-auto max-w-(--thread-content-max-width) flex-1 group\/turn-messages focus-visible:outline-hidden relative flex w-full min-w-0 flex-col agent-turn\" tabindex=\"-1\">\n<div class=\"flex max-w-full flex-col grow\">\n<div class=\"min-h-8 text-message relative flex w-full flex-col items-end gap-2 text-start break-words whitespace-normal [.text-message+&amp;]:mt-1\" dir=\"auto\" data-message-author-role=\"assistant\" data-message-id=\"43b070d6-bf28-4fbe-8049-1032a61ea3ac\" data-message-model-slug=\"gpt-5\">\n<div class=\"flex w-full flex-col gap-1 empty:hidden first:pt-[1px]\">\n<div class=\"markdown prose dark:prose-invert w-full break-words light markdown-new-styling\">\n<article class=\"text-token-text-primary w-full focus:outline-none [--shadow-height:45px] has-data-writing-block:pointer-events-none has-data-writing-block:-mt-(--shadow-height) has-data-writing-block:pt-(--shadow-height) [&amp;:has([data-writing-block])&gt;*]:pointer-events-auto [content-visibility:auto] supports-[content-visibility:auto]:[contain-intrinsic-size:auto_100lvh] scroll-mt-[calc(var(--header-height)+min(200px,max(70px,20svh)))]\" dir=\"auto\" tabindex=\"-1\" data-turn-id=\"4d6f00b8-d41a-438b-8912-05a895842882\" data-testid=\"conversation-turn-130\" data-scroll-anchor=\"true\" data-turn=\"assistant\">\n<div class=\"text-base my-auto mx-auto pb-10 [--thread-content-margin:--spacing(4)] thread-sm:[--thread-content-margin:--spacing(6)] thread-lg:[--thread-content-margin:--spacing(16)] px-(--thread-content-margin)\">\n<div class=\"[--thread-content-max-width:40rem] thread-lg:[--thread-content-max-width:48rem] mx-auto max-w-(--thread-content-max-width) flex-1 group\/turn-messages focus-visible:outline-hidden relative flex w-full min-w-0 flex-col agent-turn\" tabindex=\"-1\">\n<div class=\"flex max-w-full flex-col grow\">\n<div class=\"min-h-8 text-message relative flex w-full flex-col items-end gap-2 text-start break-words whitespace-normal [.text-message+&amp;]:mt-1\" dir=\"auto\" data-message-author-role=\"assistant\" data-message-id=\"f3c520bf-c043-4392-87ea-b3bf1b3ae6d3\" data-message-model-slug=\"gpt-5-1\">\n<div class=\"flex w-full flex-col gap-1 empty:hidden first:pt-[1px]\">\n<div class=\"markdown prose dark:prose-invert w-full break-words light markdown-new-styling\">\n<p>AIRMEZ FOX 120000 Grand Puff Vape Jetable \u2013 Dispositif 4 Saveurs 120k avec Stock d'Entrep\u00f4t UE<\/p>\n<p>AIRMEZ FOX 120k Vape \u00e0 Saveur Ajustable \u2013 Commandes en Gros Pr\u00eates depuis l'Entrep\u00f4t UE<\/p>\n<p>AIRMEZ FOX 120000 Bouff\u00e9es Stylo Jetable 4-en-1 \u2013 Vape longue dur\u00e9e 120k pour Acheteurs en Gros<\/p>\n<\/div>\n<\/div>\n<\/div>\n<\/div>\n<\/div>\n<\/div>\n<\/article>\n<\/div>\n<\/div>\n<\/div>\n<\/div>\n<\/div>\n<\/div>\n<\/article>\n<p><img fetchpriority=\"high\" decoding=\"async\" class=\"size-full wp-image-2932\" src=\"https:\/\/vapestornado.com\/wp-content\/uploads\/2024\/12\/Vape-Wholesale.jpg\" alt=\"Vente en Gros de Vapes\" width=\"229\" height=\"300\" \/><\/p>\n<h3><a href=\"https:\/\/wa.me\/8617776015835\"><span style=\"color: #ff0000;\"><strong>WhatsApp : +86 17776015835<\/strong><\/span><\/a><\/h3>\n<p>&nbsp;<\/p>","protected":false},"featured_media":4595,"comment_status":"open","ping_status":"closed","template":"","meta":{"_acf_changed":false,"_uag_custom_page_level_css":"","_lmt_disableupdate":"no","_lmt_disable":"","_monsterinsights_skip_tracking":false,"_monsterinsights_sitenote_active":false,"_monsterinsights_sitenote_note":"","_monsterinsights_sitenote_category":0,"site-sidebar-layout":"default","site-content-layout":"","ast-site-content-layout":"default","site-content-style":"default","site-sidebar-style":"default","ast-global-header-display":"","ast-banner-title-visibility":"","ast-main-header-display":"","ast-hfb-above-header-display":"","ast-hfb-below-header-display":"","ast-hfb-mobile-header-display":"","site-post-title":"","ast-breadcrumbs-content":"","ast-featured-img":"","footer-sml-layout":"","ast-disable-related-posts":"","theme-transparent-header-meta":"default","adv-header-id-meta":"","stick-header-meta":"","header-above-stick-meta":"","header-main-stick-meta":"","header-below-stick-meta":"","astra-migrate-meta-layouts":"set","ast-page-background-enabled":"default","ast-page-background-meta":{"desktop":{"background-color":"","background-image":"","background-repeat":"repeat","background-position":"center center","background-size":"auto","background-attachment":"scroll","background-type":"","background-media":"","overlay-type":"","overlay-color":"","overlay-opacity":"","overlay-gradient":""},"tablet":{"background-color":"","background-image":"","background-repeat":"repeat","background-position":"center center","background-size":"auto","background-attachment":"scroll","background-type":"","background-media":"","overlay-type":"","overlay-color":"","overlay-opacity":"","overlay-gradient":""},"mobile":{"background-color":"","background-image":"","background-repeat":"repeat","background-position":"center center","background-size":"auto","background-attachment":"scroll","background-type":"","background-media":"","overlay-type":"","overlay-color":"","overlay-opacity":"","overlay-gradient":""}},"ast-content-background-meta":{"desktop":{"background-color":"var(--ast-global-color-5)","background-image":"","background-repeat":"repeat","background-position":"center center","background-size":"auto","background-attachment":"scroll","background-type":"","background-media":"","overlay-type":"","overlay-color":"","overlay-opacity":"","overlay-gradient":""},"tablet":{"background-color":"var(--ast-global-color-5)","background-image":"","background-repeat":"repeat","background-position":"center center","background-size":"auto","background-attachment":"scroll","background-type":"","background-media":"","overlay-type":"","overlay-color":"","overlay-opacity":"","overlay-gradient":""},"mobile":{"background-color":"var(--ast-global-color-5)","background-image":"","background-repeat":"repeat","background-position":"center center","background-size":"auto","background-attachment":"scroll","background-type":"","background-media":"","overlay-type":"","overlay-color":"","overlay-opacity":"","overlay-gradient":""}},"_joinchat":{"telephone":"17776015835"}},"product_brand":[],"product_cat":[347,149,150,151,157,146],"product_tag":[449,452,105,446,436,450,451],"class_list":{"0":"post-4596","1":"product","2":"type-product","3":"status-publish","4":"has-post-thumbnail","6":"product_cat-120000-puff","7":"product_cat-buy-disposable-vapes-in-austria","8":"product_cat-buy-disposable-vapes-in-belgium","9":"product_cat-buy-disposable-vapes-in-france","10":"product_cat-buy-disposable-vapes-in-portugal","11":"product_cat-rechargeable-disposable-vapes","12":"product_tag-airmez-fox-120000","13":"product_tag-airmez-fox-120k","14":"product_tag-digital-disposable-vape","15":"product_tag-disposable-vape-kit","16":"product_tag-shop-vape-online","17":"product_tag-vape-fast-shipping","18":"product_tag-vape-free-shipping","19":"desktop-align-left","20":"tablet-align-left","21":"mobile-align-left","23":"first","24":"instock","25":"sale","26":"shipping-taxable","27":"purchasable","28":"product-type-simple"},"acf":[],"uagb_featured_image_src":{"full":["https:\/\/vapestornado.com\/wp-content\/uploads\/2025\/11\/Airmez-Fox-Disposable-Vape-120k-Puffs-4-in-1-Vape.webp",800,800,false],"thumbnail":["https:\/\/vapestornado.com\/wp-content\/uploads\/2025\/11\/Airmez-Fox-Disposable-Vape-120k-Puffs-4-in-1-Vape-150x150.webp",150,150,true],"medium":["https:\/\/vapestornado.com\/wp-content\/uploads\/2025\/11\/Airmez-Fox-Disposable-Vape-120k-Puffs-4-in-1-Vape-300x300.webp",300,300,true],"medium_large":["https:\/\/vapestornado.com\/wp-content\/uploads\/2025\/11\/Airmez-Fox-Disposable-Vape-120k-Puffs-4-in-1-Vape-768x768.webp",768,768,true],"large":["https:\/\/vapestornado.com\/wp-content\/uploads\/2025\/11\/Airmez-Fox-Disposable-Vape-120k-Puffs-4-in-1-Vape.webp",800,800,false],"1536x1536":["https:\/\/vapestornado.com\/wp-content\/uploads\/2025\/11\/Airmez-Fox-Disposable-Vape-120k-Puffs-4-in-1-Vape.webp",800,800,false],"2048x2048":["https:\/\/vapestornado.com\/wp-content\/uploads\/2025\/11\/Airmez-Fox-Disposable-Vape-120k-Puffs-4-in-1-Vape.webp",800,800,false],"trp-custom-language-flag":["https:\/\/vapestornado.com\/wp-content\/uploads\/2025\/11\/Airmez-Fox-Disposable-Vape-120k-Puffs-4-in-1-Vape-12x12.webp",12,12,true],"woocommerce_thumbnail":["https:\/\/vapestornado.com\/wp-content\/uploads\/2025\/11\/Airmez-Fox-Disposable-Vape-120k-Puffs-4-in-1-Vape-300x300.webp",300,300,true],"woocommerce_single":["https:\/\/vapestornado.com\/wp-content\/uploads\/2025\/11\/Airmez-Fox-Disposable-Vape-120k-Puffs-4-in-1-Vape-600x600.webp",600,600,true],"woocommerce_gallery_thumbnail":["https:\/\/vapestornado.com\/wp-content\/uploads\/2025\/11\/Airmez-Fox-Disposable-Vape-120k-Puffs-4-in-1-Vape-100x100.webp",100,100,true]},"uagb_author_info":{"display_name":"ESAMY","author_link":"https:\/\/vapestornado.com\/fr\/author\/"},"uagb_comment_info":0,"uagb_excerpt":"AIRMEZ FOX 120000 Big Puff Disposable Vape \u2013 4-Flavour 120k Device with EU Warehouse Stock AIRMEZ FOX 120k Adjustable Flavor Vape \u2013 Bulk Orders Ready from EU Warehouse AIRMEZ FOX 120000 Puffs 4-in-1 Disposable Pen \u2013 Long-Life 120k Vape for Wholesale Buyers WhatsApp: +86 17776015835 &nbsp;","_links":{"self":[{"href":"https:\/\/vapestornado.com\/fr\/wp-json\/wp\/v2\/product\/4596","targetHints":{"allow":["GET"]}}],"collection":[{"href":"https:\/\/vapestornado.com\/fr\/wp-json\/wp\/v2\/product"}],"about":[{"href":"https:\/\/vapestornado.com\/fr\/wp-json\/wp\/v2\/types\/product"}],"replies":[{"embeddable":true,"href":"https:\/\/vapestornado.com\/fr\/wp-json\/wp\/v2\/comments?post=4596"}],"wp:featuredmedia":[{"embeddable":true,"href":"https:\/\/vapestornado.com\/fr\/wp-json\/wp\/v2\/media\/4595"}],"wp:attachment":[{"href":"https:\/\/vapestornado.com\/fr\/wp-json\/wp\/v2\/media?parent=4596"}],"wp:term":[{"taxonomy":"product_brand","embeddable":true,"href":"https:\/\/vapestornado.com\/fr\/wp-json\/wp\/v2\/product_brand?post=4596"},{"taxonomy":"product_cat","embeddable":true,"href":"https:\/\/vapestornado.com\/fr\/wp-json\/wp\/v2\/product_cat?post=4596"},{"taxonomy":"product_tag","embeddable":true,"href":"https:\/\/vapestornado.com\/fr\/wp-json\/wp\/v2\/product_tag?post=4596"}],"curies":[{"name":"wp","href":"https:\/\/api.w.org\/{rel}","templated":true}]}}