{"id":4566,"date":"2025-11-18T08:50:18","date_gmt":"2025-11-18T08:50:18","guid":{"rendered":"https:\/\/vapestornado.com\/?post_type=product&#038;p=4566"},"modified":"2025-11-18T09:04:54","modified_gmt":"2025-11-18T09:04:54","slug":"bang-legend-150000-puffs-6-in-1-flavor-newest-disposable-vape","status":"publish","type":"product","link":"https:\/\/vapestornado.com\/fr\/product\/bang-legend-150000-puffs-6-in-1-flavor-newest-disposable-vape\/","title":{"rendered":"Bang Legend 150000 Bouff\u00e9es 6 en 1 Saveur Cigarette \u00c9lectronique Jetable la Plus R\u00e9cente"},"content":{"rendered":"<h2 data-pm-slice=\"1 1 []\">Bang Legend 150000 Bouff\u00e9es 6 en 1 Saveur Cigarette \u00c9lectronique Jetable \u2014 Meilleur Vendeur en Gros en France<\/h2>\n<p data-start=\"419\" data-end=\"845\">L' <strong data-start=\"423\" data-end=\"451\">Bang Legend 150000 Bouff\u00e9es<\/strong> fa\u00e7onne le march\u00e9 de la vape en UE 2025 avec un format con\u00e7u pour les grossistes et les jeunes consommateurs masculins recherchant puissance, profondeur de saveur et performance longue dur\u00e9e. Ce <strong data-start=\"614\" data-end=\"640\">Cigarette \u00c9lectronique Jetable la Plus R\u00e9cente<\/strong> apporte une version am\u00e9lior\u00e9e <strong data-start=\"660\" data-end=\"682\">syst\u00e8me de vape 6 en 1 de saveurs<\/strong> qui permet aux utilisateurs de passer entre six m\u00e9langes premium dans un seul appareil, simplifiant l'inventaire pour les d\u00e9taillants et offrant une exp\u00e9rience polyvalente pour les utilisateurs finaux.<\/p>\n<p data-start=\"847\" data-end=\"1062\">Con\u00e7u pour la distribution en gros, le Bang Legend 150K combine durabilit\u00e9, sortie de vapeur stable et technologie de chauffage de premier ordre, en faisant un choix incontournable pour <strong data-start=\"1023\" data-end=\"1052\">Grossiste en Vape en France<\/strong> les canaux.<\/p>\n<p data-start=\"1064\" data-end=\"1568\">Aliment\u00e9 par une batterie rechargeable de 850mAh et une bobine en mesh 1.0*3, l'appareil d\u00e9livre une vapeur douce et un go\u00fbt audacieux d\u00e8s la premi\u00e8re inhalation jusqu'\u00e0 la derni\u00e8re bouff\u00e9e. Avec une charge rapide Type-C et une capacit\u00e9 massive de <strong data-start=\"1256\" data-end=\"1271\">150000 bouff\u00e9es<\/strong> ce mod\u00e8le r\u00e9pond \u00e0 la demande du march\u00e9 de l'UE pour des cigarettes \u00e9lectroniques jetables durables qui r\u00e9duisent les temps d'arr\u00eat et am\u00e9liorent la commodit\u00e9 pour l'utilisateur.<\/p>\n<p data-start=\"1570\" data-end=\"1827\">C'est le type d'appareil que les boutiques en France appr\u00e9cient : fiable, savoureux, \u00e0 haute capacit\u00e9, et pr\u00eat pour l'achat en gros. Le <strong data-start=\"1682\" data-end=\"1710\">Bang Legend 150000 Bouff\u00e9es<\/strong> n'est pas simplement un autre jetable \u2014 c'est un leader de cat\u00e9gorie con\u00e7u pour les d\u00e9taillants et distributeurs s\u00e9rieux \u00e0 travers la France.<\/p>\n<p data-start=\"666\" data-end=\"1235\"><strong style=\"font-size: 16px;\"><span style=\"color: #ff0000;\">Ajoutez le WhatsApp d'Amy pour obtenir une r\u00e9ponse rapide et un prix r\u00e9duit !<\/span><\/strong><\/p>\n<p><img fetchpriority=\"high\" decoding=\"async\" class=\"size-full wp-image-2932\" src=\"https:\/\/vapestornado.com\/wp-content\/uploads\/2024\/12\/Vape-Wholesale.jpg\" alt=\"Vente en Gros de Vapes\" width=\"229\" height=\"300\" \/><\/p>\n<h3><a href=\"https:\/\/wa.me\/8617776015835\" target=\"_blank\" rel=\"noopener\"><span style=\"color: #ff0000;\"><strong>WhatsApp : +86 17776015835<\/strong><\/span><\/a><\/h3>\n<p>&nbsp;<\/p>\n<h2><strong>Qu'est-ce qui distingue le stylo vape jetable Bang Legend 150000 bouff\u00e9es ?<\/strong><\/h2>\n<ul>\n<li data-start=\"3944\" data-end=\"3990\">\n<p data-start=\"3946\" data-end=\"3990\"><strong data-start=\"3946\" data-end=\"3970\">Capacit\u00e9 de 150000 bouff\u00e9es<\/strong> pour une utilisation \u00e0 long terme<\/p>\n<\/li>\n<li data-start=\"3991\" data-end=\"4055\">\n<p data-start=\"3993\" data-end=\"4055\"><strong data-start=\"3993\" data-end=\"4019\">Rotation de saveur 6-en-1<\/strong> con\u00e7u pour les pr\u00e9f\u00e9rences des jeunes en France<\/p>\n<\/li>\n<li data-start=\"4056\" data-end=\"4109\">\n<p data-start=\"4058\" data-end=\"4109\"><strong data-start=\"4058\" data-end=\"4077\">R\u00e9sistance en mesh 1.0*3<\/strong> fournissant une vapeur propre et dense<\/p>\n<\/li>\n<li data-start=\"4110\" data-end=\"4151\">\n<p data-start=\"4112\" data-end=\"4151\"><strong data-start=\"4112\" data-end=\"4130\">Batterie de 850 mAh<\/strong> avec une sortie stable<\/p>\n<\/li>\n<li data-start=\"4152\" data-end=\"4201\">\n<p data-start=\"4154\" data-end=\"4201\"><strong data-start=\"4154\" data-end=\"4178\">Charge rapide Type-C<\/strong> pour un temps d'arr\u00eat minimal<\/p>\n<\/li>\n<li data-start=\"4202\" data-end=\"4272\">\n<p data-start=\"4204\" data-end=\"4272\"><strong data-start=\"4204\" data-end=\"4229\">Personnalisation OEM\/ODM<\/strong> pour les grossistes et les marques en marque blanche<\/p>\n<\/li>\n<\/ul>\n<figure id=\"attachment_4561\" aria-describedby=\"caption-attachment-4561\" style=\"width: 300px\" class=\"wp-caption alignnone\"><img decoding=\"async\" class=\"size-medium wp-image-4561\" src=\"https:\/\/vapestornado.com\/wp-content\/uploads\/2025\/11\/Bang-Legend-150K-Puff-Multi-Flavor-Disposable-Vape-300x300.webp\" alt=\"Vape jetable Bang Legend 150K bouff\u00e9es multi-saveurs\" width=\"300\" height=\"300\" srcset=\"https:\/\/vapestornado.com\/wp-content\/uploads\/2025\/11\/Bang-Legend-150K-Puff-Multi-Flavor-Disposable-Vape-300x300.webp 300w, https:\/\/vapestornado.com\/wp-content\/uploads\/2025\/11\/Bang-Legend-150K-Puff-Multi-Flavor-Disposable-Vape-150x150.webp 150w, https:\/\/vapestornado.com\/wp-content\/uploads\/2025\/11\/Bang-Legend-150K-Puff-Multi-Flavor-Disposable-Vape-768x768.webp 768w, https:\/\/vapestornado.com\/wp-content\/uploads\/2025\/11\/Bang-Legend-150K-Puff-Multi-Flavor-Disposable-Vape-12x12.webp 12w, https:\/\/vapestornado.com\/wp-content\/uploads\/2025\/11\/Bang-Legend-150K-Puff-Multi-Flavor-Disposable-Vape-600x600.webp 600w, https:\/\/vapestornado.com\/wp-content\/uploads\/2025\/11\/Bang-Legend-150K-Puff-Multi-Flavor-Disposable-Vape-100x100.webp 100w, https:\/\/vapestornado.com\/wp-content\/uploads\/2025\/11\/Bang-Legend-150K-Puff-Multi-Flavor-Disposable-Vape.webp 800w\" sizes=\"(max-width: 300px) 100vw, 300px\" \/><figcaption id=\"caption-attachment-4561\" class=\"wp-caption-text\">Vape jetable Bang Legend 150K bouff\u00e9es multi-saveurs<\/figcaption><\/figure>\n<h2 class=\"product-title\"><strong>Liste des saveurs des vapes jetables Bang Legend 150000 bouff\u00e9es<\/strong><\/h2>\n<h2 data-start=\"1834\" data-end=\"1884\"><\/h2>\n<ol>\n<li style=\"list-style-type: none;\">\n<ol data-start=\"1886\" data-end=\"3879\">\n<li data-start=\"1886\" data-end=\"2027\">\n<p data-start=\"1889\" data-end=\"2027\"><strong data-start=\"1889\" data-end=\"1934\">P\u00eache Glac\u00e9e \/ Mangue P\u00eache \/ Myrtille P\u00eache<\/strong><br data-start=\"1934\" data-end=\"1937\" \/>P\u00eache Glac\u00e9e + Mangue P\u00eache \/ P\u00eache Glac\u00e9e + Myrtille P\u00eache \/ Mangue P\u00eache + Myrtille P\u00eache<\/p>\n<\/li>\n<li data-start=\"2028\" data-end=\"2214\">\n<p data-start=\"2031\" data-end=\"2214\"><strong data-start=\"2031\" data-end=\"2091\">Ananas Glac\u00e9 \/ Ananas Coco \/ Kiwi Ananas<\/strong><br data-start=\"2091\" data-end=\"2094\" \/>Ananas Glac\u00e9 + Ananas Coco \/ Ananas Glac\u00e9 + Kiwi Ananas \/ Ananas Coco + Kiwi Ananas<\/p>\n<\/li>\n<li data-start=\"2215\" data-end=\"2371\">\n<p data-start=\"2218\" data-end=\"2371\"><strong data-start=\"2218\" data-end=\"2268\">Groseille Glac\u00e9e \/ Gomme \u00e0 la Groseille \/ Framboise Grosseille<\/strong><br data-start=\"2268\" data-end=\"2271\" \/>Groseille Glac\u00e9e + Gomme \u00e0 la Grosseille \/ Grosseille Glac\u00e9e + Framboise Grosseille \/ Gomme \u00e0 la Grosseille + Framboise Grosseille<\/p>\n<\/li>\n<li data-start=\"2372\" data-end=\"2567\">\n<p data-start=\"2375\" data-end=\"2567\"><strong data-start=\"2375\" data-end=\"2438\">Past\u00e8que Glace \/ Baies de Past\u00e8que \/ Fraise Past\u00e8que<\/strong><br data-start=\"2438\" data-end=\"2441\" \/>Past\u00e8que Glace + Baies de Past\u00e8que \/ Past\u00e8que Glace + Fraise Past\u00e8que \/ Baies de Past\u00e8que + Fraise Past\u00e8que<\/p>\n<\/li>\n<li data-start=\"2568\" data-end=\"2778\">\n<p data-start=\"2571\" data-end=\"2778\"><strong data-start=\"2571\" data-end=\"2639\">Myrtille Glace \/ Framboise Myrtille \/ Canneberge Cerise Myrtille<\/strong><br data-start=\"2639\" data-end=\"2642\" \/>Myrtille Glace + Framboise Myrtille \/ Myrtille Glace + Canneberge Cerise Myrtille \/ Framboise Myrtille + Canneberge Cerise Myrtille<\/p>\n<\/li>\n<li data-start=\"2779\" data-end=\"2950\">\n<p data-start=\"2782\" data-end=\"2950\"><strong data-start=\"2782\" data-end=\"2837\">Banane Glace \/ Fraise Banane \/ Acid Citrique Orange<\/strong><br data-start=\"2837\" data-end=\"2840\" \/>Banane Glace + Fraise Banane \/ Glace \u00e0 la Banane + Acid Citrique Orange \/ Fraise Banane + Acid Citrique Orange<\/p>\n<\/li>\n<li data-start=\"2951\" data-end=\"3092\">\n<p data-start=\"2954\" data-end=\"3092\"><strong data-start=\"2954\" data-end=\"2999\">Pomme Glace \/ Pomme Raisin \/ Myrtille Raisin<\/strong><br data-start=\"2999\" data-end=\"3002\" \/>Pomme Glace + Pomme Raisin \/ Pomme Glace + Myrtille Raisin \/ Pomme Raisin + Myrtille Raisin<\/p>\n<\/li>\n<li data-start=\"3093\" data-end=\"3252\">\n<p data-start=\"3096\" data-end=\"3252\"><strong data-start=\"3096\" data-end=\"3147\">Mangue Glace \/ P\u00eache Mangue Past\u00e8que \/ Ours Gomme<\/strong><br data-start=\"3147\" data-end=\"3150\" \/>Mangue Glace + P\u00eache Mangue Past\u00e8que \/ Mangue Glace + Ours Gomme \/ P\u00eache Mangue Past\u00e8que + Ours Gomme<\/p>\n<\/li>\n<li data-start=\"3253\" data-end=\"3382\">\n<p data-start=\"3256\" data-end=\"3382\"><strong data-start=\"3256\" data-end=\"3297\">Cerise Glace \/ Fruits Rouges Mixtes \/ Cola Rouge<\/strong><br data-start=\"3297\" data-end=\"3300\" \/>Cerise Glace + Fruits Rouges Mixtes \/ Cerise Glace + Cola Rouge \/ Fruits Rouges Mixtes + Cola Rouge<\/p>\n<\/li>\n<li data-start=\"3383\" data-end=\"3528\">\n<p data-start=\"3387\" data-end=\"3528\"><strong data-start=\"3387\" data-end=\"3433\">Red Bull \/ Bubble Gum Past\u00e8que \/ Love 66<\/strong><br data-start=\"3433\" data-end=\"3436\" \/>Red Bull + Bubble Gum Past\u00e8que \/ Red Bull + Love 66 \/ Bubble Gum Past\u00e8que + Love 66<\/p>\n<\/li>\n<li data-start=\"3529\" data-end=\"3704\">\n<p data-start=\"3533\" data-end=\"3704\"><strong data-start=\"3533\" data-end=\"3589\">Fraise Glace \/ Fraise Kiwi \/ Fraise Litchi<\/strong><br data-start=\"3589\" data-end=\"3592\" \/>Fraise Glace + Fraise Kiwi \/ Fraise Glace + Fraise Litchi \/ Kiwi Fraise + Litchi Fraise<\/p>\n<\/li>\n<li data-start=\"3705\" data-end=\"3879\">\n<p data-start=\"3709\" data-end=\"3879\"><strong data-start=\"3709\" data-end=\"3772\">Fruit de la Passion Passion \/ Goyave Citron Vert \/ Fruit de la Passion Citron<\/strong><br data-start=\"3772\" data-end=\"3775\" \/>Fruit de la Passion + Goyave Citron Vert \/ Fruit de la Passion + Fruit de la Passion Citron \/ Goyave Citron Vert + Fruit de la Passion Citron<\/p>\n<\/li>\n<\/ol>\n<\/li>\n<\/ol>\n<p>&nbsp;<\/p>\n<h2>Pourquoi Choisir Vapestornado pour Bang Legend 150000 Bouff\u00e9es Achat en Gros?<\/h2>\n<div class=\"flex-shrink-0 flex flex-col relative items-end\">\n<div class=\"pt-0\">\n<div class=\"gizmo-bot-avatar flex h-8 w-8 items-center justify-center overflow-hidden rounded-full\">\n<div class=\"relative p-1 rounded-sm flex items-center justify-center bg-token-main-surface-primary text-token-text-primary h-8 w-8\">\n<p data-start=\"648\" data-end=\"799\">Choisir <strong data-start=\"189\" data-end=\"205\">Vapestornado<\/strong> en tant que fournisseur pour <strong data-start=\"227\" data-end=\"261\">Elf Bar Moon Night 40000 Bouff\u00e9es<\/strong> signifie s\u00e9curiser un partenaire qui comprend les besoins des grossistes et d\u00e9taillants bas\u00e9s en France. Nous nous concentrons sur une livraison rapide, un stock v\u00e9rifi\u00e9 et une fourniture stable \u00e0 long terme\u2014des facteurs cl\u00e9s pour les entreprises vendant des produits \u00e0 volume \u00e9lev\u00e9 comme le <strong data-start=\"489\" data-end=\"515\">Elf Bar Moon Night 40K<\/strong>. Chaque lot est directement sourcing\u00e9 aupr\u00e8s de canaux certifi\u00e9s, garantissant des produits authentiques, une forte coh\u00e9rence des saveurs et une qualit\u00e9 fiable qui r\u00e9pond aux attentes des acheteurs en France.<\/p>\n<p data-start=\"559\" data-end=\"933\" data-is-last-node=\"\" data-is-only-node=\"\">Nous avons \u00e9galement d'autres vapoteuses jetables populaires avec \u00e9cran comme <a href=\"https:\/\/vapestornado.com\/fr\/product\/uzy-150k-puffs-6-in-1-flavor-switch-disposable-vape-pen-wholesale\/\">UZY 150K Puff vapoteur \u00e0 changement de saveur<\/a>, <a href=\"https:\/\/vapestornado.com\/fr\/product\/vozol-rave-40k-40000-puffs-disposable-vape-smart-screen-5-nicotine\/\">VOZOL RAVE 40K Vape Jetable<\/a>, <a href=\"https:\/\/vapestornado.com\/fr\/product\/waspe-150k-150000-puff-6-in-1-disposable-vape-pen-cartridge-best-wholesale-price-in-poland\/\">WASPE 150K Puff 6 en 1<\/a>, et plus encore.<\/p>\n<\/div>\n<div class=\"relative p-1 rounded-sm flex items-center justify-center bg-token-main-surface-primary text-token-text-primary h-8 w-8\">\n<h2>FAQS sur Bang Legend 150000 Bouff\u00e9es<\/h2>\n<p data-start=\"4658\" data-end=\"4815\"><strong data-start=\"4658\" data-end=\"4721\">1. Combien de temps dure g\u00e9n\u00e9ralement le Bang Legend 150000 Bouff\u00e9es ?<\/strong><br data-start=\"4721\" data-end=\"4724\" \/>Pour les utilisateurs moyens, l'appareil peut durer plusieurs semaines en raison de sa capacit\u00e9 massive de 150K bouff\u00e9es.<\/p>\n<p data-start=\"4817\" data-end=\"4927\"><strong data-start=\"4817\" data-end=\"4861\">2. Le Bang Legend 150K est-il rechargeable ?<\/strong><br data-start=\"4861\" data-end=\"4864\" \/>Oui, il comprend un port Type-C pour une charge rapide et efficace.<\/p>\n<p data-start=\"4929\" data-end=\"5084\"><strong data-start=\"4929\" data-end=\"4980\">3. Qu'est-ce qui rend le syst\u00e8me de saveurs 6-en-1 sp\u00e9cial ?<\/strong><br data-start=\"4980\" data-end=\"4983\" \/>Il permet aux utilisateurs de passer instantan\u00e9ment entre six saveurs, r\u00e9duisant ainsi la n\u00e9cessit\u00e9 de transporter plusieurs appareils.<\/p>\n<p data-start=\"5086\" data-end=\"5240\"><strong data-start=\"5086\" data-end=\"5146\">4. Ce mod\u00e8le convient-il \u00e0 la vente en gros de vape en France ?<\/strong><br data-start=\"5146\" data-end=\"5149\" \/>Oui, il est fortement recommand\u00e9 pour les r\u00e9seaux de vente en gros en raison de la demande et de la stabilit\u00e9 de l'approvisionnement.<\/p>\n<p data-start=\"5242\" data-end=\"5375\"><strong data-start=\"5242\" data-end=\"5287\">5. Le Bang Legend 150K utilise-t-il une bobine en mesh ?<\/strong><br data-start=\"5287\" data-end=\"5290\" \/>Il dispose d'une bobine en mesh 1.0*3, offrant un chauffage uniforme et une saveur forte et constante.<\/p>\n<\/div>\n<\/div>\n<\/div>\n<\/div>","protected":false},"excerpt":{"rendered":"<article class=\"text-token-text-primary w-full focus:outline-none [--shadow-height:45px] has-data-writing-block:pointer-events-none has-data-writing-block:-mt-(--shadow-height) has-data-writing-block:pt-(--shadow-height) [&amp;:has([data-writing-block])&gt;*]:pointer-events-auto [content-visibility:auto] supports-[content-visibility:auto]:[contain-intrinsic-size:auto_100lvh] scroll-mt-[calc(var(--header-height)+min(200px,max(70px,20svh)))]\" dir=\"auto\" tabindex=\"-1\" data-turn-id=\"86ca9d92-7a10-4e6b-bda0-15f9df36adca\" data-testid=\"conversation-turn-120\" data-scroll-anchor=\"true\" data-turn=\"assistant\">\n<div class=\"text-base my-auto mx-auto pb-10 [--thread-content-margin:--spacing(4)] thread-sm:[--thread-content-margin:--spacing(6)] thread-lg:[--thread-content-margin:--spacing(16)] px-(--thread-content-margin)\">\n<div class=\"[--thread-content-max-width:40rem] thread-lg:[--thread-content-max-width:48rem] mx-auto max-w-(--thread-content-max-width) flex-1 group\/turn-messages focus-visible:outline-hidden relative flex w-full min-w-0 flex-col agent-turn\" tabindex=\"-1\">\n<div class=\"flex max-w-full flex-col grow\">\n<div class=\"min-h-8 text-message relative flex w-full flex-col items-end gap-2 text-start break-words whitespace-normal [.text-message+&amp;]:mt-1\" dir=\"auto\" data-message-author-role=\"assistant\" data-message-id=\"43b070d6-bf28-4fbe-8049-1032a61ea3ac\" data-message-model-slug=\"gpt-5\">\n<div class=\"flex w-full flex-col gap-1 empty:hidden first:pt-[1px]\">\n<div class=\"markdown prose dark:prose-invert w-full break-words light markdown-new-styling\">\n<article class=\"text-token-text-primary w-full focus:outline-none [--shadow-height:45px] has-data-writing-block:pointer-events-none has-data-writing-block:-mt-(--shadow-height) has-data-writing-block:pt-(--shadow-height) [&amp;:has([data-writing-block])&gt;*]:pointer-events-auto [content-visibility:auto] supports-[content-visibility:auto]:[contain-intrinsic-size:auto_100lvh] scroll-mt-[calc(var(--header-height)+min(200px,max(70px,20svh)))]\" dir=\"auto\" tabindex=\"-1\" data-turn-id=\"4d6f00b8-d41a-438b-8912-05a895842882\" data-testid=\"conversation-turn-130\" data-scroll-anchor=\"true\" data-turn=\"assistant\">\n<div class=\"text-base my-auto mx-auto pb-10 [--thread-content-margin:--spacing(4)] thread-sm:[--thread-content-margin:--spacing(6)] thread-lg:[--thread-content-margin:--spacing(16)] px-(--thread-content-margin)\">\n<div class=\"[--thread-content-max-width:40rem] thread-lg:[--thread-content-max-width:48rem] mx-auto max-w-(--thread-content-max-width) flex-1 group\/turn-messages focus-visible:outline-hidden relative flex w-full min-w-0 flex-col agent-turn\" tabindex=\"-1\">\n<div class=\"flex max-w-full flex-col grow\">\n<div class=\"min-h-8 text-message relative flex w-full flex-col items-end gap-2 text-start break-words whitespace-normal [.text-message+&amp;]:mt-1\" dir=\"auto\" data-message-author-role=\"assistant\" data-message-id=\"f3c520bf-c043-4392-87ea-b3bf1b3ae6d3\" data-message-model-slug=\"gpt-5-1\">\n<div class=\"flex w-full flex-col gap-1 empty:hidden first:pt-[1px]\">\n<div class=\"markdown prose dark:prose-invert w-full break-words light markdown-new-styling\">\n<p>Bang Legend 150000 Bouff\u00e9es 6 en 1 \u2014 La Cigarette \u00c9lectronique Jetable la Plus Vendue en France<\/p>\n<p>Bang Legend 150K 6 en 1 Saveur Vape pour Grossistes en UE \u2014 Puissante, Longue Dur\u00e9e, Pr\u00eate pour les Commandes en Gros<\/p>\n<p>Bang Legend 150000 Bouff\u00e9es Vape Jetable \u2014 Rotation Premium de 6 Saveurs pour le March\u00e9 de la Vape en Europe<\/p>\n<\/div>\n<\/div>\n<\/div>\n<\/div>\n<\/div>\n<\/div>\n<\/article>\n<div class=\"pointer-events-none h-px w-px\" aria-hidden=\"true\" data-edge=\"true\"><\/div>\n<\/div>\n<\/div>\n<\/div>\n<\/div>\n<\/div>\n<\/div>\n<\/article>\n<p><img fetchpriority=\"high\" decoding=\"async\" class=\"size-full wp-image-2932\" src=\"https:\/\/vapestornado.com\/wp-content\/uploads\/2024\/12\/Vape-Wholesale.jpg\" alt=\"Vente en Gros de Vapes\" width=\"229\" height=\"300\" \/><\/p>\n<h3><a href=\"https:\/\/wa.me\/8617776015835\"><span style=\"color: #ff0000;\"><strong>WhatsApp : +86 17776015835<\/strong><\/span><\/a><\/h3>\n<p>&nbsp;<\/p>","protected":false},"featured_media":4560,"comment_status":"open","ping_status":"closed","template":"","meta":{"_acf_changed":false,"_uag_custom_page_level_css":"","_lmt_disableupdate":"no","_lmt_disable":"","_monsterinsights_skip_tracking":false,"_monsterinsights_sitenote_active":false,"_monsterinsights_sitenote_note":"","_monsterinsights_sitenote_category":0,"site-sidebar-layout":"default","site-content-layout":"","ast-site-content-layout":"default","site-content-style":"default","site-sidebar-style":"default","ast-global-header-display":"","ast-banner-title-visibility":"","ast-main-header-display":"","ast-hfb-above-header-display":"","ast-hfb-below-header-display":"","ast-hfb-mobile-header-display":"","site-post-title":"","ast-breadcrumbs-content":"","ast-featured-img":"","footer-sml-layout":"","ast-disable-related-posts":"","theme-transparent-header-meta":"default","adv-header-id-meta":"","stick-header-meta":"","header-above-stick-meta":"","header-main-stick-meta":"","header-below-stick-meta":"","astra-migrate-meta-layouts":"set","ast-page-background-enabled":"default","ast-page-background-meta":{"desktop":{"background-color":"","background-image":"","background-repeat":"repeat","background-position":"center center","background-size":"auto","background-attachment":"scroll","background-type":"","background-media":"","overlay-type":"","overlay-color":"","overlay-opacity":"","overlay-gradient":""},"tablet":{"background-color":"","background-image":"","background-repeat":"repeat","background-position":"center center","background-size":"auto","background-attachment":"scroll","background-type":"","background-media":"","overlay-type":"","overlay-color":"","overlay-opacity":"","overlay-gradient":""},"mobile":{"background-color":"","background-image":"","background-repeat":"repeat","background-position":"center center","background-size":"auto","background-attachment":"scroll","background-type":"","background-media":"","overlay-type":"","overlay-color":"","overlay-opacity":"","overlay-gradient":""}},"ast-content-background-meta":{"desktop":{"background-color":"var(--ast-global-color-5)","background-image":"","background-repeat":"repeat","background-position":"center center","background-size":"auto","background-attachment":"scroll","background-type":"","background-media":"","overlay-type":"","overlay-color":"","overlay-opacity":"","overlay-gradient":""},"tablet":{"background-color":"var(--ast-global-color-5)","background-image":"","background-repeat":"repeat","background-position":"center center","background-size":"auto","background-attachment":"scroll","background-type":"","background-media":"","overlay-type":"","overlay-color":"","overlay-opacity":"","overlay-gradient":""},"mobile":{"background-color":"var(--ast-global-color-5)","background-image":"","background-repeat":"repeat","background-position":"center center","background-size":"auto","background-attachment":"scroll","background-type":"","background-media":"","overlay-type":"","overlay-color":"","overlay-opacity":"","overlay-gradient":""}},"_joinchat":{"telephone":"17776015835"}},"product_brand":[],"product_cat":[394,62,149,150,156,357,146],"product_tag":[440,105,441,436,435,439,301],"class_list":{"0":"post-4566","1":"product","2":"type-product","3":"status-publish","4":"has-post-thumbnail","6":"product_cat-150000-puff","7":"product_cat-bang-vape","8":"product_cat-buy-disposable-vapes-in-austria","9":"product_cat-buy-disposable-vapes-in-belgium","10":"product_cat-buy-disposable-vapes-in-poland","11":"product_cat-flavor-adjustable-vape","12":"product_cat-rechargeable-disposable-vapes","13":"product_tag-bang-legend-150000","14":"product_tag-digital-disposable-vape","15":"product_tag-puff-150k","16":"product_tag-shop-vape-online","17":"product_tag-vape-eu-wholesale","18":"product_tag-vape-germany-wholesale","19":"product_tag-vapor-wholesale","20":"desktop-align-left","21":"tablet-align-left","22":"mobile-align-left","24":"first","25":"instock","26":"sale","27":"shipping-taxable","28":"purchasable","29":"product-type-simple"},"acf":[],"uagb_featured_image_src":{"full":["https:\/\/vapestornado.com\/wp-content\/uploads\/2025\/11\/Bang-Legend-150K-Puff-Disposable-Vape.webp",800,800,false],"thumbnail":["https:\/\/vapestornado.com\/wp-content\/uploads\/2025\/11\/Bang-Legend-150K-Puff-Disposable-Vape-150x150.webp",150,150,true],"medium":["https:\/\/vapestornado.com\/wp-content\/uploads\/2025\/11\/Bang-Legend-150K-Puff-Disposable-Vape-300x300.webp",300,300,true],"medium_large":["https:\/\/vapestornado.com\/wp-content\/uploads\/2025\/11\/Bang-Legend-150K-Puff-Disposable-Vape-768x768.webp",768,768,true],"large":["https:\/\/vapestornado.com\/wp-content\/uploads\/2025\/11\/Bang-Legend-150K-Puff-Disposable-Vape.webp",800,800,false],"1536x1536":["https:\/\/vapestornado.com\/wp-content\/uploads\/2025\/11\/Bang-Legend-150K-Puff-Disposable-Vape.webp",800,800,false],"2048x2048":["https:\/\/vapestornado.com\/wp-content\/uploads\/2025\/11\/Bang-Legend-150K-Puff-Disposable-Vape.webp",800,800,false],"trp-custom-language-flag":["https:\/\/vapestornado.com\/wp-content\/uploads\/2025\/11\/Bang-Legend-150K-Puff-Disposable-Vape-12x12.webp",12,12,true],"woocommerce_thumbnail":["https:\/\/vapestornado.com\/wp-content\/uploads\/2025\/11\/Bang-Legend-150K-Puff-Disposable-Vape-300x300.webp",300,300,true],"woocommerce_single":["https:\/\/vapestornado.com\/wp-content\/uploads\/2025\/11\/Bang-Legend-150K-Puff-Disposable-Vape-600x600.webp",600,600,true],"woocommerce_gallery_thumbnail":["https:\/\/vapestornado.com\/wp-content\/uploads\/2025\/11\/Bang-Legend-150K-Puff-Disposable-Vape-100x100.webp",100,100,true]},"uagb_author_info":{"display_name":"ESAMY","author_link":"https:\/\/vapestornado.com\/fr\/author\/"},"uagb_comment_info":0,"uagb_excerpt":"Bang Legend 150000 Puffs 6 in 1 \u2014 Italy\u2019s Best-Selling Newest Disposable Vape Bang Legend 150K 6 in 1 Flavor Vape for EU Wholesalers \u2014 Powerful, Long-Lasting, Ready for Bulk Orders Bang Legend 150000 Puffs Disposable Vape \u2014 Premium 6-Flavor Rotation for Europe\u2019s Vape Market WhatsApp: +86 17776015835 &nbsp;","_links":{"self":[{"href":"https:\/\/vapestornado.com\/fr\/wp-json\/wp\/v2\/product\/4566","targetHints":{"allow":["GET"]}}],"collection":[{"href":"https:\/\/vapestornado.com\/fr\/wp-json\/wp\/v2\/product"}],"about":[{"href":"https:\/\/vapestornado.com\/fr\/wp-json\/wp\/v2\/types\/product"}],"replies":[{"embeddable":true,"href":"https:\/\/vapestornado.com\/fr\/wp-json\/wp\/v2\/comments?post=4566"}],"wp:featuredmedia":[{"embeddable":true,"href":"https:\/\/vapestornado.com\/fr\/wp-json\/wp\/v2\/media\/4560"}],"wp:attachment":[{"href":"https:\/\/vapestornado.com\/fr\/wp-json\/wp\/v2\/media?parent=4566"}],"wp:term":[{"taxonomy":"product_brand","embeddable":true,"href":"https:\/\/vapestornado.com\/fr\/wp-json\/wp\/v2\/product_brand?post=4566"},{"taxonomy":"product_cat","embeddable":true,"href":"https:\/\/vapestornado.com\/fr\/wp-json\/wp\/v2\/product_cat?post=4566"},{"taxonomy":"product_tag","embeddable":true,"href":"https:\/\/vapestornado.com\/fr\/wp-json\/wp\/v2\/product_tag?post=4566"}],"curies":[{"name":"wp","href":"https:\/\/api.w.org\/{rel}","templated":true}]}}