{"id":4544,"date":"2025-11-14T09:07:41","date_gmt":"2025-11-14T09:07:41","guid":{"rendered":"https:\/\/vapestornado.com\/?post_type=product&#038;p=4544"},"modified":"2025-11-17T07:46:36","modified_gmt":"2025-11-17T07:46:36","slug":"uor-120000-puff-120k-4-flavors-rechargeable-disposable-vape-shop-online","status":"publish","type":"product","link":"https:\/\/vapestornado.com\/fr\/product\/uor-120000-puff-120k-4-flavors-rechargeable-disposable-vape-shop-online\/","title":{"rendered":"UOR 120000 Puff 120K 4 Saveurs Rechargeable Vape Jetable Boutique en Ligne"},"content":{"rendered":"<h2 data-pm-slice=\"1 1 []\">UOR 120000 Puff \u2013 Vape Jetable \u00e0 Commutation 4 Saveurs pour Acheteurs en Europe<\/h2>\n<p data-start=\"78\" data-end=\"577\">L' <strong data-start=\"82\" data-end=\"101\">UOR 120000 Bouff\u00e9es<\/strong> con\u00e7ue pour les grossistes en Europe et les jeunes vapoteurs qui recherchent une endurance maximale, une forte livraison de saveur et une op\u00e9ration simple. Ce <strong data-start=\"232\" data-end=\"249\">UOR 120k Puff<\/strong> appareil dispose d'un <strong data-start=\"268\" data-end=\"295\">syst\u00e8me de commutation 4-en-1<\/strong>, permettant aux utilisateurs de faire tourner entre quatre r\u00e9servoirs de saveurs premium instantan\u00e9ment\u2014pas de rechargement, pas de d\u00e9sordre, simplement des transitions propres \u00e0 chaque clic. Con\u00e7ue pour <strong data-start=\"443\" data-end=\"464\">Vape Vente en Gros en Europe<\/strong>, l'appareil combine une longue dur\u00e9e de vie et des performances stables qui conviennent \u00e0 la fois aux \u00e9tag\u00e8res de vente au d\u00e9tail et aux boutiques de vape en ligne.<\/p>\n<p data-start=\"579\" data-end=\"998\">Avec <strong data-start=\"584\" data-end=\"612\">Capacit\u00e9 de e-liquide 4\u00d716ml<\/strong>, chaque cartouche contient suffisamment pour une utilisation prolong\u00e9e, soutenue par un <strong data-start=\"669\" data-end=\"707\">Batterie rechargeable Type-C de 650 mAh<\/strong>. Le <strong data-start=\"713\" data-end=\"731\">Bobine Mesh 1.0\u03a9<\/strong> assure une densit\u00e9 de vapeur constante et une s\u00e9paration claire des saveurs pour chacun des quatre m\u00e9langes int\u00e9gr\u00e9s. En tant que <strong data-start=\"836\" data-end=\"863\">Vape Num\u00e9rique Jetable<\/strong>, il offre une aspiration fluide avec une efficacit\u00e9 moderne, ce qui en fait un choix populaire parmi les consommateurs europ\u00e9ens recherchant des appareils multi-saveurs \u00e0 haute capacit\u00e9 de puff.<\/p>\n<p data-start=\"1000\" data-end=\"1408\">Cette s\u00e9lection de saveurs soigneusement choisie par le mod\u00e8le, en particulier des combinaisons comme <em data-start=\"1065\" data-end=\"1088\">Fraise Past\u00e8que<\/em>, <em data-start=\"1090\" data-end=\"1116\">Kiwi Fruit de la Passion Goyave<\/em>, <em data-start=\"1118\" data-end=\"1129\">Mangue Glac\u00e9e<\/em>, et <em data-start=\"1135\" data-end=\"1158\">Past\u00e8que Sour P\u00eache<\/em>, cr\u00e9e une aventure \u00ab Froid Tropical \u00bb dynamique allant de la douceur fruit\u00e9e vive \u00e0 des finitions froides et rafra\u00eechissantes. Pour les distributeurs en France, le <strong data-start=\"1288\" data-end=\"1307\">UOR 120000 Bouff\u00e9es<\/strong> offre des marges \u00e9lev\u00e9es, une livraison fiable et une demande comp\u00e9titive sur les march\u00e9s d'\u00e9t\u00e9 et toute l'ann\u00e9e.<\/p>\n<p data-start=\"666\" data-end=\"1235\"><strong style=\"font-size: 16px;\"><span style=\"color: #ff0000;\">Ajoutez le WhatsApp d'Amy pour obtenir une r\u00e9ponse rapide et un prix r\u00e9duit !<\/span><\/strong><\/p>\n<p><img fetchpriority=\"high\" decoding=\"async\" class=\"size-full wp-image-2932\" src=\"https:\/\/vapestornado.com\/wp-content\/uploads\/2024\/12\/Vape-Wholesale.jpg\" alt=\"Vente en Gros de Vapes\" width=\"229\" height=\"300\" \/><\/p>\n<h3><a href=\"https:\/\/wa.me\/8617776015835\" target=\"_blank\" rel=\"noopener\"><span style=\"color: #ff0000;\"><strong>WhatsApp : +86 17776015835<\/strong><\/span><\/a><\/h3>\n<p>&nbsp;<\/p>\n<h2><strong>Qu'est-ce qui distingue le stylo vape jetable UOR 120000 Puff\u00a0?<\/strong><\/h2>\n<ul data-start=\"1447\" data-end=\"1657\">\n<li data-start=\"1447\" data-end=\"1482\">\n<p data-start=\"1449\" data-end=\"1482\"><strong data-start=\"1449\" data-end=\"1467\">Capacit\u00e9 de bouff\u00e9es :<\/strong> 120000 bouff\u00e9es<\/p>\n<\/li>\n<li data-start=\"1483\" data-end=\"1512\">\n<p data-start=\"1485\" data-end=\"1512\"><strong data-start=\"1485\" data-end=\"1497\">E-Juice :<\/strong> R\u00e9servoirs 4\u00d716ml<\/p>\n<\/li>\n<li data-start=\"1513\" data-end=\"1556\">\n<p data-start=\"1515\" data-end=\"1556\"><strong data-start=\"1515\" data-end=\"1533\">Commutateur de saveur :<\/strong> 4 saveurs r\u00e9glables<\/p>\n<\/li>\n<li data-start=\"1557\" data-end=\"1601\">\n<p data-start=\"1559\" data-end=\"1601\"><strong data-start=\"1559\" data-end=\"1571\">, chacune con\u00e7ue pour une satisfaction ultime.<\/strong> 650mAh, rechargeable en Type-C<\/p>\n<\/li>\n<li data-start=\"1602\" data-end=\"1625\">\n<p data-start=\"1604\" data-end=\"1625\"><strong data-start=\"1604\" data-end=\"1613\">R\u00e9sistance :<\/strong> Mesh 1.0\u03a9<\/p>\n<\/li>\n<li data-start=\"1626\" data-end=\"1657\">\n<p data-start=\"1628\" data-end=\"1657\"><strong data-start=\"1628\" data-end=\"1639\">Poids :<\/strong> 145g par appareil<\/p>\n<\/li>\n<\/ul>\n<h2 class=\"product-title\"><strong>Liste des saveurs des vapes jetables UOR 120k Puff<\/strong><\/h2>\n<h3 data-start=\"1664\" data-end=\"1692\"><\/h3>\n<ol data-start=\"1693\" data-end=\"2434\">\n<li data-start=\"1693\" data-end=\"1761\">\n<p data-start=\"1696\" data-end=\"1761\">Past\u00e8que Glac\u00e9e \/ M\u00fbre Menthe \/ Pomme Fuji Glac\u00e9e \/ Lime Romance<\/p>\n<\/li>\n<li data-start=\"1762\" data-end=\"1837\">\n<p data-start=\"1765\" data-end=\"1837\">Past\u00e8que Glac\u00e9e \/ Cerise Myrtille \/ \u00c9t\u00e9 \/ Mangue Ananas Acidul\u00e9<\/p>\n<\/li>\n<li data-start=\"1838\" data-end=\"1904\">\n<p data-start=\"1841\" data-end=\"1904\">Myrtille Glac\u00e9e \/ P\u00eache Glac\u00e9e \/ Bonbon Arc-en-ciel \/ Citron Acidul\u00e9 Orange<\/p>\n<\/li>\n<li data-start=\"1905\" data-end=\"1977\">\n<p data-start=\"1908\" data-end=\"1977\">Myrtille Glac\u00e9e \/ Mangue P\u00eache Past\u00e8que \/ Baiser Passion \/ Melon Pomme<\/p>\n<\/li>\n<li data-start=\"1978\" data-end=\"2058\">\n<p data-start=\"1981\" data-end=\"2058\">Myrtille Framboise \/ Baies M\u00e9lang\u00e9es \/ Cerise Californienne \/ Fruit de la Passion Mangue<\/p>\n<\/li>\n<li data-start=\"2059\" data-end=\"2126\">\n<p data-start=\"2062\" data-end=\"2126\">Myrtille Framboise \/ Raisin Glac\u00e9 \/ Baies Glac\u00e9es \/ Aloe Mangue Melon<\/p>\n<\/li>\n<li data-start=\"2127\" data-end=\"2203\">\n<p data-start=\"2130\" data-end=\"2203\">Boisson \u00c9nergisante \/ Myrtille Past\u00e8que \/ Pomme Acidul\u00e9e Framboise \/ Ours en Gomme<\/p>\n<\/li>\n<li data-start=\"2204\" data-end=\"2271\">\n<p data-start=\"2207\" data-end=\"2271\">Fraise Mangue \/ Bubble Gum Past\u00e8que \/ Mojito Rouge \/ LOVE66<\/p>\n<\/li>\n<li data-start=\"2272\" data-end=\"2343\">\n<p data-start=\"2275\" data-end=\"2343\">Fraise Past\u00e8que \/ Glace Noire \/ Melon Triple \/ Canneberge Raisin<\/p>\n<\/li>\n<li data-start=\"2344\" data-end=\"2434\">\n<p data-start=\"2348\" data-end=\"2434\">Fraise Past\u00e8que \/ Kiwi Fruit de Passion Goyave \/ Mangue Glace \/ P\u00eache Acide Past\u00e8que<\/p>\n<\/li>\n<\/ol>\n<figure id=\"attachment_4548\" aria-describedby=\"caption-attachment-4548\" style=\"width: 300px\" class=\"wp-caption alignnone\"><img decoding=\"async\" class=\"size-medium wp-image-4548\" src=\"https:\/\/vapestornado.com\/wp-content\/uploads\/2025\/11\/UOR-4-in-1-Flavors-120K-Puffs-4-Distinct-Flavors-Smart-Screen-Vape-300x300.webp\" alt=\"Saveurs UOR 4 en 1 120K Bouff\u00e9es 4 Saveurs Distinctes Vapeur \u00c9cran Intelligent\" width=\"300\" height=\"300\" srcset=\"https:\/\/vapestornado.com\/wp-content\/uploads\/2025\/11\/UOR-4-in-1-Flavors-120K-Puffs-4-Distinct-Flavors-Smart-Screen-Vape-300x300.webp 300w, https:\/\/vapestornado.com\/wp-content\/uploads\/2025\/11\/UOR-4-in-1-Flavors-120K-Puffs-4-Distinct-Flavors-Smart-Screen-Vape-150x150.webp 150w, https:\/\/vapestornado.com\/wp-content\/uploads\/2025\/11\/UOR-4-in-1-Flavors-120K-Puffs-4-Distinct-Flavors-Smart-Screen-Vape-768x768.webp 768w, https:\/\/vapestornado.com\/wp-content\/uploads\/2025\/11\/UOR-4-in-1-Flavors-120K-Puffs-4-Distinct-Flavors-Smart-Screen-Vape-12x12.webp 12w, https:\/\/vapestornado.com\/wp-content\/uploads\/2025\/11\/UOR-4-in-1-Flavors-120K-Puffs-4-Distinct-Flavors-Smart-Screen-Vape-600x600.webp 600w, https:\/\/vapestornado.com\/wp-content\/uploads\/2025\/11\/UOR-4-in-1-Flavors-120K-Puffs-4-Distinct-Flavors-Smart-Screen-Vape-100x100.webp 100w, https:\/\/vapestornado.com\/wp-content\/uploads\/2025\/11\/UOR-4-in-1-Flavors-120K-Puffs-4-Distinct-Flavors-Smart-Screen-Vape.webp 800w\" sizes=\"(max-width: 300px) 100vw, 300px\" \/><figcaption id=\"caption-attachment-4548\" class=\"wp-caption-text\">Saveurs UOR 4 en 1 120K Bouff\u00e9es 4 Saveurs Distinctes Vapeur \u00c9cran Intelligent<\/figcaption><\/figure>\n<h2>Pourquoi choisir Vapestornado pour l'achat en gros de UOR 120000 Bouff\u00e9es ?<\/h2>\n<div class=\"flex-shrink-0 flex flex-col relative items-end\">\n<div class=\"pt-0\">\n<div class=\"gizmo-bot-avatar flex h-8 w-8 items-center justify-center overflow-hidden rounded-full\">\n<div class=\"relative p-1 rounded-sm flex items-center justify-center bg-token-main-surface-primary text-token-text-primary h-8 w-8\">\n<p>At\u00a0<strong>Vapes Tornado<\/strong>, nous sommes fiers de fournir\u00a0<strong>des produits de vapotage de qualit\u00e9 sup\u00e9rieure \u00e0 des prix imbattables<\/strong>\u00a0Voici pourquoi vous devriez acheter chez nous :<\/p>\n<p data-start=\"235\" data-end=\"360\"><strong data-start=\"235\" data-end=\"261\">Meilleures offres en gros<\/strong> \u2013 Profitez <strong data-start=\"270\" data-end=\"297\">de prix de gros \u00e0 forte marge<\/strong> adapt\u00e9s aux revendeurs, distributeurs de vape et boutiques de d\u00e9tail.<\/p>\n<p data-start=\"362\" data-end=\"513\"><strong data-start=\"362\" data-end=\"400\">\u2714 Livraison mondiale rapide et s\u00e9curis\u00e9e<\/strong> \u2013 Nous garantissons <strong data-start=\"413\" data-end=\"443\">une livraison rapide et tra\u00e7able<\/strong> \u00e0 travers l'Europe et au-del\u00e0, pour que votre stock arrive en toute s\u00e9curit\u00e9 et \u00e0 temps.<\/p>\n<p data-start=\"515\" data-end=\"646\"><strong data-start=\"515\" data-end=\"542\">\u2714 Produits authentiques 100%<\/strong> \u2013 Chaque <strong data-start=\"551\" data-end=\"578\">vape WASPE Triple 60000<\/strong> que nous vendons est <strong data-start=\"590\" data-end=\"625\">authentique et certifi\u00e9 en usine<\/strong>, jamais des imitations.<\/p>\n<p data-start=\"648\" data-end=\"799\"><strong data-start=\"648\" data-end=\"676\">\u2714 \u00c9quipe d'assistance d\u00e9di\u00e9e<\/strong> \u2013 Besoin d'aide ? Nos <strong data-start=\"694\" data-end=\"733\">sp\u00e9cialistes de la vape sont disponibles 24\/7<\/strong>, pr\u00eats \u00e0 r\u00e9pondre \u00e0 vos questions et \u00e0 vous aider avec vos commandes \u00e0 tout moment.<\/p>\n<p>&nbsp;<\/p>\n<p data-start=\"559\" data-end=\"933\" data-is-last-node=\"\" data-is-only-node=\"\">Nous avons \u00e9galement d'autres vapoteuses jetables populaires avec \u00e9cran comme <a href=\"https:\/\/vapestornado.com\/fr\/product\/uzy-150k-puffs-6-in-1-flavor-switch-disposable-vape-pen-wholesale\/\">UZY 150K Puff vapoteur \u00e0 changement de saveur<\/a>, <a href=\"https:\/\/vapestornado.com\/fr\/product\/vozol-rave-40k-40000-puffs-disposable-vape-smart-screen-5-nicotine\/\">VOZOL RAVE 40K Vape Jetable<\/a>, <a href=\"https:\/\/vapestornado.com\/fr\/product\/waspe-150k-150000-puff-6-in-1-disposable-vape-pen-cartridge-best-wholesale-price-in-poland\/\">WASPE 150K Puff 6 en 1<\/a>, et plus encore.<\/p>\n<\/div>\n<div class=\"relative p-1 rounded-sm flex items-center justify-center bg-token-main-surface-primary text-token-text-primary h-8 w-8\">\n<h2>FAQ Sur UOR 120000 Bouff\u00e9es<\/h2>\n<p data-start=\"2474\" data-end=\"2646\"><strong data-start=\"2474\" data-end=\"2523\">1. Comment fonctionne le syst\u00e8me de changement de saveur ?<\/strong><br data-start=\"2523\" data-end=\"2526\" \/>L' <strong data-start=\"2530\" data-end=\"2559\">Vape jetable \u00e0 changement<\/strong> le design utilise quatre r\u00e9servoirs s\u00e9par\u00e9s de 16ml. Tournez le commutateur pour changer de saveur instantan\u00e9ment.<\/p>\n<p data-start=\"2648\" data-end=\"2797\"><strong data-start=\"2648\" data-end=\"2689\">2. La UOR 120k Bouff\u00e9es est-elle rechargeable ?<\/strong><br data-start=\"2689\" data-end=\"2692\" \/>Oui, il comprend un <strong data-start=\"2711\" data-end=\"2736\">Batterie Type-C 650mAh<\/strong>, offrant une puissance stable jusqu'\u00e0 ce que toutes les saveurs soient termin\u00e9es.<\/p>\n<p data-start=\"2799\" data-end=\"2917\"><strong data-start=\"2799\" data-end=\"2836\">3. Quelle bobine utilise l'appareil ?<\/strong><br data-start=\"2836\" data-end=\"2839\" \/>Il utilise une <strong data-start=\"2849\" data-end=\"2867\">Bobine Mesh 1.0\u03a9<\/strong>, optimis\u00e9e pour une vapeur douce et un go\u00fbt pr\u00e9cis.<\/p>\n<p data-start=\"2919\" data-end=\"3102\"><strong data-start=\"2919\" data-end=\"2967\">4. Cela convient-il pour les commandes en gros en France ?<\/strong><br data-start=\"2967\" data-end=\"2970\" \/>Absolument \u2014 le <strong data-start=\"2987\" data-end=\"3006\">UOR 120000 Bouff\u00e9es<\/strong> est un excellent performer en <strong data-start=\"3032\" data-end=\"3053\">Vape Vente en Gros en Europe<\/strong>, avec un nombre \u00e9lev\u00e9 de bouff\u00e9es et une attraction multi-saveurs.<\/p>\n<p data-start=\"3104\" data-end=\"3259\"><strong data-start=\"3104\" data-end=\"3145\">5. Cet appareil est-il adapt\u00e9 aux nouveaux utilisateurs ?<\/strong><br data-start=\"3145\" data-end=\"3148\" \/>Oui. C'est un <strong data-start=\"3161\" data-end=\"3188\">Vape Num\u00e9rique Jetable<\/strong> avec activation de retrait et commutation simple, ne n\u00e9cessitant aucun entretien.<\/p>\n<\/div>\n<\/div>\n<\/div>\n<\/div>","protected":false},"excerpt":{"rendered":"<article class=\"text-token-text-primary w-full focus:outline-none [--shadow-height:45px] has-data-writing-block:pointer-events-none has-data-writing-block:-mt-(--shadow-height) has-data-writing-block:pt-(--shadow-height) [&amp;:has([data-writing-block])&gt;*]:pointer-events-auto [content-visibility:auto] supports-[content-visibility:auto]:[contain-intrinsic-size:auto_100lvh] scroll-mt-[calc(var(--header-height)+min(200px,max(70px,20svh)))]\" dir=\"auto\" tabindex=\"-1\" data-turn-id=\"86ca9d92-7a10-4e6b-bda0-15f9df36adca\" data-testid=\"conversation-turn-120\" data-scroll-anchor=\"true\" data-turn=\"assistant\">\n<div class=\"text-base my-auto mx-auto pb-10 [--thread-content-margin:--spacing(4)] thread-sm:[--thread-content-margin:--spacing(6)] thread-lg:[--thread-content-margin:--spacing(16)] px-(--thread-content-margin)\">\n<div class=\"[--thread-content-max-width:40rem] thread-lg:[--thread-content-max-width:48rem] mx-auto max-w-(--thread-content-max-width) flex-1 group\/turn-messages focus-visible:outline-hidden relative flex w-full min-w-0 flex-col agent-turn\" tabindex=\"-1\">\n<div class=\"flex max-w-full flex-col grow\">\n<div class=\"min-h-8 text-message relative flex w-full flex-col items-end gap-2 text-start break-words whitespace-normal [.text-message+&amp;]:mt-1\" dir=\"auto\" data-message-author-role=\"assistant\" data-message-id=\"43b070d6-bf28-4fbe-8049-1032a61ea3ac\" data-message-model-slug=\"gpt-5\">\n<div class=\"flex w-full flex-col gap-1 empty:hidden first:pt-[1px]\">\n<div class=\"markdown prose dark:prose-invert w-full break-words light markdown-new-styling\">\n<article class=\"text-token-text-primary w-full focus:outline-none [--shadow-height:45px] has-data-writing-block:pointer-events-none has-data-writing-block:-mt-(--shadow-height) has-data-writing-block:pt-(--shadow-height) [&amp;:has([data-writing-block])&gt;*]:pointer-events-auto [content-visibility:auto] supports-[content-visibility:auto]:[contain-intrinsic-size:auto_100lvh] scroll-mt-[calc(var(--header-height)+min(200px,max(70px,20svh)))]\" dir=\"auto\" tabindex=\"-1\" data-turn-id=\"4d6f00b8-d41a-438b-8912-05a895842882\" data-testid=\"conversation-turn-130\" data-scroll-anchor=\"true\" data-turn=\"assistant\">\n<div class=\"text-base my-auto mx-auto pb-10 [--thread-content-margin:--spacing(4)] thread-sm:[--thread-content-margin:--spacing(6)] thread-lg:[--thread-content-margin:--spacing(16)] px-(--thread-content-margin)\">\n<div class=\"[--thread-content-max-width:40rem] thread-lg:[--thread-content-max-width:48rem] mx-auto max-w-(--thread-content-max-width) flex-1 group\/turn-messages focus-visible:outline-hidden relative flex w-full min-w-0 flex-col agent-turn\" tabindex=\"-1\">\n<div class=\"flex max-w-full flex-col grow\">\n<div class=\"min-h-8 text-message relative flex w-full flex-col items-end gap-2 text-start break-words whitespace-normal [.text-message+&amp;]:mt-1\" dir=\"auto\" data-message-author-role=\"assistant\" data-message-id=\"f3c520bf-c043-4392-87ea-b3bf1b3ae6d3\" data-message-model-slug=\"gpt-5-1\">\n<div class=\"flex w-full flex-col gap-1 empty:hidden first:pt-[1px]\">\n<div class=\"markdown prose dark:prose-invert w-full break-words light markdown-new-styling\">\n<p data-start=\"3562\" data-end=\"3657\"><strong data-start=\"3562\" data-end=\"3655\">UOR 120K Puff Vape \u00e0 Commutateur 4 Saveurs \u2013 120000 Puff Rechargeable Vape Jetable pour Vente en Gros en Europe<\/strong><\/p>\n<p data-start=\"3661\" data-end=\"3753\"><strong data-start=\"3661\" data-end=\"3751\">Acheter UOR 120000 Puff en Ligne \u2013 Vape Jetable Num\u00e9rique Multi-Saveurs avec Chargeur Type-C<\/strong><\/p>\n<p data-start=\"3757\" data-end=\"3844\" data-is-last-node=\"\"><strong data-start=\"3757\" data-end=\"3844\" data-is-last-node=\"\">UOR 120K Vape 4-en-1 \u2013 Vape Jetable Longue Dur\u00e9e 120000 Puff pour Vente au D\u00e9tail et en Gros en Europe<\/strong><\/p>\n<\/div>\n<\/div>\n<\/div>\n<\/div>\n<div class=\"z-0 flex min-h-[46px] justify-start\"><\/div>\n<div class=\"mt-3 w-full empty:hidden\">\n<div class=\"text-center\"><\/div>\n<\/div>\n<\/div>\n<\/div>\n<\/article>\n<div class=\"pointer-events-none h-px w-px\" aria-hidden=\"true\" data-edge=\"true\"><\/div>\n<\/div>\n<\/div>\n<\/div>\n<\/div>\n<\/div>\n<\/div>\n<\/article>\n<p><img fetchpriority=\"high\" decoding=\"async\" class=\"size-full wp-image-2932\" src=\"https:\/\/vapestornado.com\/wp-content\/uploads\/2024\/12\/Vape-Wholesale.jpg\" alt=\"Vente en Gros de Vapes\" width=\"229\" height=\"300\" \/><\/p>\n<h3><a href=\"https:\/\/wa.me\/8617776015835\"><span style=\"color: #ff0000;\"><strong>WhatsApp : +86 17776015835<\/strong><\/span><\/a><\/h3>\n<p>&nbsp;<\/p>","protected":false},"featured_media":4547,"comment_status":"open","ping_status":"closed","template":"","meta":{"_acf_changed":false,"_uag_custom_page_level_css":"","_lmt_disableupdate":"no","_lmt_disable":"","_monsterinsights_skip_tracking":false,"_monsterinsights_sitenote_active":false,"_monsterinsights_sitenote_note":"","_monsterinsights_sitenote_category":0,"site-sidebar-layout":"default","site-content-layout":"","ast-site-content-layout":"default","site-content-style":"default","site-sidebar-style":"default","ast-global-header-display":"","ast-banner-title-visibility":"","ast-main-header-display":"","ast-hfb-above-header-display":"","ast-hfb-below-header-display":"","ast-hfb-mobile-header-display":"","site-post-title":"","ast-breadcrumbs-content":"","ast-featured-img":"","footer-sml-layout":"","ast-disable-related-posts":"","theme-transparent-header-meta":"default","adv-header-id-meta":"","stick-header-meta":"","header-above-stick-meta":"","header-main-stick-meta":"","header-below-stick-meta":"","astra-migrate-meta-layouts":"set","ast-page-background-enabled":"default","ast-page-background-meta":{"desktop":{"background-color":"","background-image":"","background-repeat":"repeat","background-position":"center center","background-size":"auto","background-attachment":"scroll","background-type":"","background-media":"","overlay-type":"","overlay-color":"","overlay-opacity":"","overlay-gradient":""},"tablet":{"background-color":"","background-image":"","background-repeat":"repeat","background-position":"center center","background-size":"auto","background-attachment":"scroll","background-type":"","background-media":"","overlay-type":"","overlay-color":"","overlay-opacity":"","overlay-gradient":""},"mobile":{"background-color":"","background-image":"","background-repeat":"repeat","background-position":"center center","background-size":"auto","background-attachment":"scroll","background-type":"","background-media":"","overlay-type":"","overlay-color":"","overlay-opacity":"","overlay-gradient":""}},"ast-content-background-meta":{"desktop":{"background-color":"var(--ast-global-color-5)","background-image":"","background-repeat":"repeat","background-position":"center center","background-size":"auto","background-attachment":"scroll","background-type":"","background-media":"","overlay-type":"","overlay-color":"","overlay-opacity":"","overlay-gradient":""},"tablet":{"background-color":"var(--ast-global-color-5)","background-image":"","background-repeat":"repeat","background-position":"center center","background-size":"auto","background-attachment":"scroll","background-type":"","background-media":"","overlay-type":"","overlay-color":"","overlay-opacity":"","overlay-gradient":""},"mobile":{"background-color":"var(--ast-global-color-5)","background-image":"","background-repeat":"repeat","background-position":"center center","background-size":"auto","background-attachment":"scroll","background-type":"","background-media":"","overlay-type":"","overlay-color":"","overlay-opacity":"","overlay-gradient":""}},"_joinchat":{"telephone":"17776015835"}},"product_brand":[],"product_cat":[347,149,150,156,143,357,146],"product_tag":[105,427,94,436,434,433,435,301],"class_list":{"0":"post-4544","1":"product","2":"type-product","3":"status-publish","4":"has-post-thumbnail","6":"product_cat-120000-puff","7":"product_cat-buy-disposable-vapes-in-austria","8":"product_cat-buy-disposable-vapes-in-belgium","9":"product_cat-buy-disposable-vapes-in-poland","10":"product_cat-dual-mesh-disposable-vapes","11":"product_cat-flavor-adjustable-vape","12":"product_cat-rechargeable-disposable-vapes","13":"product_tag-digital-disposable-vape","14":"product_tag-multi-flaovr-vape","15":"product_tag-rechargeable-disposable-vape","16":"product_tag-shop-vape-online","17":"product_tag-uor-120000-puffs","18":"product_tag-uor-120k-puff","19":"product_tag-vape-eu-wholesale","20":"product_tag-vapor-wholesale","21":"desktop-align-left","22":"tablet-align-left","23":"mobile-align-left","25":"first","26":"instock","27":"sale","28":"shipping-taxable","29":"purchasable","30":"product-type-simple"},"acf":[],"uagb_featured_image_src":{"full":["https:\/\/vapestornado.com\/wp-content\/uploads\/2025\/11\/The-UOR-120K-is-very-popular-in-the-European-Disposable-Vape-Wholesale.webp",800,800,false],"thumbnail":["https:\/\/vapestornado.com\/wp-content\/uploads\/2025\/11\/The-UOR-120K-is-very-popular-in-the-European-Disposable-Vape-Wholesale-150x150.webp",150,150,true],"medium":["https:\/\/vapestornado.com\/wp-content\/uploads\/2025\/11\/The-UOR-120K-is-very-popular-in-the-European-Disposable-Vape-Wholesale-300x300.webp",300,300,true],"medium_large":["https:\/\/vapestornado.com\/wp-content\/uploads\/2025\/11\/The-UOR-120K-is-very-popular-in-the-European-Disposable-Vape-Wholesale-768x768.webp",768,768,true],"large":["https:\/\/vapestornado.com\/wp-content\/uploads\/2025\/11\/The-UOR-120K-is-very-popular-in-the-European-Disposable-Vape-Wholesale.webp",800,800,false],"1536x1536":["https:\/\/vapestornado.com\/wp-content\/uploads\/2025\/11\/The-UOR-120K-is-very-popular-in-the-European-Disposable-Vape-Wholesale.webp",800,800,false],"2048x2048":["https:\/\/vapestornado.com\/wp-content\/uploads\/2025\/11\/The-UOR-120K-is-very-popular-in-the-European-Disposable-Vape-Wholesale.webp",800,800,false],"trp-custom-language-flag":["https:\/\/vapestornado.com\/wp-content\/uploads\/2025\/11\/The-UOR-120K-is-very-popular-in-the-European-Disposable-Vape-Wholesale-12x12.webp",12,12,true],"woocommerce_thumbnail":["https:\/\/vapestornado.com\/wp-content\/uploads\/2025\/11\/The-UOR-120K-is-very-popular-in-the-European-Disposable-Vape-Wholesale-300x300.webp",300,300,true],"woocommerce_single":["https:\/\/vapestornado.com\/wp-content\/uploads\/2025\/11\/The-UOR-120K-is-very-popular-in-the-European-Disposable-Vape-Wholesale-600x600.webp",600,600,true],"woocommerce_gallery_thumbnail":["https:\/\/vapestornado.com\/wp-content\/uploads\/2025\/11\/The-UOR-120K-is-very-popular-in-the-European-Disposable-Vape-Wholesale-100x100.webp",100,100,true]},"uagb_author_info":{"display_name":"ESAMY","author_link":"https:\/\/vapestornado.com\/fr\/author\/"},"uagb_comment_info":1,"uagb_excerpt":"UOR 120K Puff 4-Flavor Switch Vape \u2013 120000 Puff Rechargeable Disposable for EU Wholesale Buy UOR 120000 Puff Online \u2013 Multi-Flavor Digital Disposable Vape with Type-C Charging UOR 120K 4-in-1 Vape \u2013 120000 Puff Long-Life Disposable for EU Retail &amp; Bulk Orders WhatsApp: +86 17776015835 &nbsp;","_links":{"self":[{"href":"https:\/\/vapestornado.com\/fr\/wp-json\/wp\/v2\/product\/4544","targetHints":{"allow":["GET"]}}],"collection":[{"href":"https:\/\/vapestornado.com\/fr\/wp-json\/wp\/v2\/product"}],"about":[{"href":"https:\/\/vapestornado.com\/fr\/wp-json\/wp\/v2\/types\/product"}],"replies":[{"embeddable":true,"href":"https:\/\/vapestornado.com\/fr\/wp-json\/wp\/v2\/comments?post=4544"}],"wp:featuredmedia":[{"embeddable":true,"href":"https:\/\/vapestornado.com\/fr\/wp-json\/wp\/v2\/media\/4547"}],"wp:attachment":[{"href":"https:\/\/vapestornado.com\/fr\/wp-json\/wp\/v2\/media?parent=4544"}],"wp:term":[{"taxonomy":"product_brand","embeddable":true,"href":"https:\/\/vapestornado.com\/fr\/wp-json\/wp\/v2\/product_brand?post=4544"},{"taxonomy":"product_cat","embeddable":true,"href":"https:\/\/vapestornado.com\/fr\/wp-json\/wp\/v2\/product_cat?post=4544"},{"taxonomy":"product_tag","embeddable":true,"href":"https:\/\/vapestornado.com\/fr\/wp-json\/wp\/v2\/product_tag?post=4544"}],"curies":[{"name":"wp","href":"https:\/\/api.w.org\/{rel}","templated":true}]}}