{"id":4543,"date":"2025-11-14T09:06:06","date_gmt":"2025-11-14T09:06:06","guid":{"rendered":"https:\/\/vapestornado.com\/?post_type=product&#038;p=4543"},"modified":"2025-11-14T09:29:50","modified_gmt":"2025-11-14T09:29:50","slug":"ainovo-aim-aipod-30000-30k-puff-replaceable-tank-disposable-vape-kit","status":"publish","type":"product","link":"https:\/\/vapestornado.com\/fr\/product\/ainovo-aim-aipod-30000-30k-puff-replaceable-tank-disposable-vape-kit\/","title":{"rendered":"AINOVO AIM AIPOD 30000 Bouff\u00e9es 30K Kit Vape Jetable R\u00e9servoir Rempla\u00e7able"},"content":{"rendered":"<h2 data-pm-slice=\"1 1 []\">AINOVO AIM AIPOD 30000 Puff \u2013 R\u00e9servoir Rempla\u00e7able Puissance pour les Vapotages S\u00e9rieux en Europe<\/h2>\n<p data-start=\"86\" data-end=\"660\">L' <strong data-start=\"90\" data-end=\"116\">AINOVO AIM AIPOD 30000<\/strong> est con\u00e7u pour les grossistes et consommateurs europ\u00e9ens qui recherchent une long\u00e9vit\u00e9 maximale avec une technologie de vapotage moderne. Con\u00e7u comme un <strong data-start=\"242\" data-end=\"282\">Kit de Vape Jetable avec R\u00e9servoir Rempla\u00e7able<\/strong>, il offre jusqu'\u00e0 <strong data-start=\"302\" data-end=\"332\">30000 bouff\u00e9es en Mode Normal<\/strong> et de <strong data-start=\"337\" data-end=\"366\">20000 bouff\u00e9es en Mode Boost<\/strong>, permettant aux utilisateurs de passer entre une efficacit\u00e9 douce et des nuages forts et denses. Avec un <strong data-start=\"462\" data-end=\"485\">Double bobine maill\u00e9e de 1,0 \u03a9<\/strong>, chaque bouff\u00e9e est riche, stable et fid\u00e8le en saveur \u2014 un avantage cl\u00e9 pour les d\u00e9taillants cherchant des <strong data-start=\"588\" data-end=\"631\">vapes jetables en gros et en achat en gros<\/strong> qui offrent des performances constantes.<\/p>\n<p data-start=\"662\" data-end=\"1302\">Ce dispositif compact poss\u00e8de un <strong data-start=\"692\" data-end=\"717\">r\u00e9servoir rempla\u00e7able de 15 ml<\/strong>, faisant avancer la cat\u00e9gorie avec une utilisation plus longue et un co\u00fbt de fonctionnement r\u00e9duit. Le <strong data-start=\"798\" data-end=\"818\">AINOVO AIPOD 30K<\/strong> comprend \u00e9galement un flux d'air r\u00e9glable pour une r\u00e9sistance \u00e0 l'inhalation personnalis\u00e9e, ainsi qu'un <strong data-start=\"893\" data-end=\"917\">\u00e9cran intelligent<\/strong> affichage du niveau de la batterie et du e-liquide. Avec un <strong data-start=\"960\" data-end=\"990\">puissance de charge rapide de 850mAh<\/strong> et des options de nicotine allant de <strong data-start=\"1016\" data-end=\"1028\">0% \u00e0 5%<\/strong>, il r\u00e9pond aux besoins des march\u00e9s diversifi\u00e9s de l'UE. En tant que <strong data-start=\"1076\" data-end=\"1110\">Fournisseur de cigarettes \u00e9lectroniques jetables en Chine<\/strong> mod\u00e8le con\u00e7u pour la revente en gros, le <strong data-start=\"1151\" data-end=\"1178\">AINOVO AIPOD 30000 bouff\u00e9es<\/strong> est optimis\u00e9 pour la commodit\u00e9, la durabilit\u00e9 et la marge b\u00e9n\u00e9ficiaire \u2014 id\u00e9al pour les cha\u00eenes de vente au d\u00e9tail, kiosques et boutiques en ligne de vape en France.<\/p>\n<p data-start=\"1304\" data-end=\"1649\">Les acheteurs europ\u00e9ens appr\u00e9cient la taille compacte, la recharge rapide, la saveur pr\u00e9cise et la faible maintenance. L'AIM AIPOD offre exactement cela tout en proposant 10 profils de saveurs forts qui s\u00e9duisent le vapoteur europ\u00e9en. Pour les distributeurs recherchant un approvisionnement stable en stock et des performances \u00e0 forte demande, c'est l'une des options les plus fiables de 30 000 bouff\u00e9es dans la cat\u00e9gorie.<\/p>\n<p data-start=\"666\" data-end=\"1235\"><strong style=\"font-size: 16px;\"><span style=\"color: #ff0000;\">Ajoutez le WhatsApp d'Amy pour obtenir une r\u00e9ponse rapide et un prix r\u00e9duit !<\/span><\/strong><\/p>\n<p><img fetchpriority=\"high\" decoding=\"async\" class=\"size-full wp-image-2932\" src=\"https:\/\/vapestornado.com\/wp-content\/uploads\/2024\/12\/Vape-Wholesale.jpg\" alt=\"Vente en Gros de Vapes\" width=\"229\" height=\"300\" \/><\/p>\n<h3><a href=\"https:\/\/wa.me\/8617776015835\" target=\"_blank\" rel=\"noopener\"><span style=\"color: #ff0000;\"><strong>WhatsApp : +86 17776015835<\/strong><\/span><\/a><\/h3>\n<p>&nbsp;<\/p>\n<h2><strong>Caract\u00e9ristiques principales du produit AINOVO AIM AIPOD 30000<\/strong><\/h2>\n<ul data-start=\"1707\" data-end=\"2033\">\n<li data-start=\"1707\" data-end=\"1739\">\n<p data-start=\"1709\" data-end=\"1739\"><strong data-start=\"1709\" data-end=\"1725\">Mode Normal :<\/strong> 30000 bouff\u00e9es<\/p>\n<\/li>\n<li data-start=\"1740\" data-end=\"1771\">\n<p data-start=\"1742\" data-end=\"1771\"><strong data-start=\"1742\" data-end=\"1757\">Mode Boost :<\/strong> 20000 bouff\u00e9es<\/p>\n<\/li>\n<li data-start=\"1772\" data-end=\"1816\">\n<p data-start=\"1774\" data-end=\"1816\"><strong data-start=\"1774\" data-end=\"1792\">Capacit\u00e9 du R\u00e9servoir :<\/strong> r\u00e9servoir rempla\u00e7able de 15 ml<\/p>\n<\/li>\n<li data-start=\"1817\" data-end=\"1845\">\n<p data-start=\"1819\" data-end=\"1845\"><strong data-start=\"1819\" data-end=\"1828\">R\u00e9sistance :<\/strong> Dual mesh 1.0\u03a9<\/p>\n<\/li>\n<li data-start=\"1846\" data-end=\"1882\">\n<p data-start=\"1848\" data-end=\"1882\"><strong data-start=\"1848\" data-end=\"1860\">, chacune con\u00e7ue pour une satisfaction ultime.<\/strong> Rechargeable 850mAh<\/p>\n<\/li>\n<li data-start=\"1883\" data-end=\"1923\">\n<p data-start=\"1885\" data-end=\"1923\"><strong data-start=\"1885\" data-end=\"1906\">Options de nicotine :<\/strong> 0%, 2%, 3%, 5%<\/p>\n<\/li>\n<li data-start=\"1924\" data-end=\"1972\">\n<p data-start=\"1926\" data-end=\"1972\"><strong data-start=\"1926\" data-end=\"1943\">\u00c9cran intelligent :<\/strong> Indicateurs de batterie et de liquide<\/p>\n<\/li>\n<li data-start=\"1973\" data-end=\"1999\">\n<p data-start=\"1975\" data-end=\"1999\"><strong data-start=\"1975\" data-end=\"1997\">D\u00e9bit d'air r\u00e9glable<\/strong><\/p>\n<\/li>\n<li data-start=\"2000\" data-end=\"2033\">\n<p data-start=\"2002\" data-end=\"2033\"><strong data-start=\"2002\" data-end=\"2011\">Taille :<\/strong> 52,2 \u00d7 27,8 \u00d7 96 mm<\/p>\n<\/li>\n<\/ul>\n<figure id=\"attachment_4542\" aria-describedby=\"caption-attachment-4542\" style=\"width: 300px\" class=\"wp-caption alignnone\"><img decoding=\"async\" class=\"size-medium wp-image-4542\" src=\"https:\/\/vapestornado.com\/wp-content\/uploads\/2025\/11\/Aivono-Aipod-30k-30000-Puffs-Disposable-Vapes-Bulk-Buy-300x300.webp\" alt=\"Aivono Aipod 30k 30000 Bouff\u00e9es Cigarettes Jetables Achat en gros\" width=\"300\" height=\"300\" srcset=\"https:\/\/vapestornado.com\/wp-content\/uploads\/2025\/11\/Aivono-Aipod-30k-30000-Puffs-Disposable-Vapes-Bulk-Buy-300x300.webp 300w, https:\/\/vapestornado.com\/wp-content\/uploads\/2025\/11\/Aivono-Aipod-30k-30000-Puffs-Disposable-Vapes-Bulk-Buy-150x150.webp 150w, https:\/\/vapestornado.com\/wp-content\/uploads\/2025\/11\/Aivono-Aipod-30k-30000-Puffs-Disposable-Vapes-Bulk-Buy-768x768.webp 768w, https:\/\/vapestornado.com\/wp-content\/uploads\/2025\/11\/Aivono-Aipod-30k-30000-Puffs-Disposable-Vapes-Bulk-Buy-12x12.webp 12w, https:\/\/vapestornado.com\/wp-content\/uploads\/2025\/11\/Aivono-Aipod-30k-30000-Puffs-Disposable-Vapes-Bulk-Buy-600x600.webp 600w, https:\/\/vapestornado.com\/wp-content\/uploads\/2025\/11\/Aivono-Aipod-30k-30000-Puffs-Disposable-Vapes-Bulk-Buy-100x100.webp 100w, https:\/\/vapestornado.com\/wp-content\/uploads\/2025\/11\/Aivono-Aipod-30k-30000-Puffs-Disposable-Vapes-Bulk-Buy.webp 800w\" sizes=\"(max-width: 300px) 100vw, 300px\" \/><figcaption id=\"caption-attachment-4542\" class=\"wp-caption-text\">Aivono Aipod 30k 30000 Bouff\u00e9es Cigarettes Jetables Achat en gros<\/figcaption><\/figure>\n<h2 class=\"product-title\"><strong>Liste des saveurs de cigarettes jetables AINOVO AIM AIPOD 30000<\/strong><\/h2>\n<h3 data-start=\"2040\" data-end=\"2076\"><\/h3>\n<ol data-start=\"2077\" data-end=\"2293\">\n<li data-start=\"2077\" data-end=\"2096\">\n<p data-start=\"2080\" data-end=\"2096\">Glace Past\u00e8que<\/p>\n<\/li>\n<li data-start=\"2097\" data-end=\"2112\">\n<p data-start=\"2100\" data-end=\"2112\">Menthe Miami<\/p>\n<\/li>\n<li data-start=\"2113\" data-end=\"2129\">\n<p data-start=\"2116\" data-end=\"2129\">Gla\u00e7on de raisin<\/p>\n<\/li>\n<li data-start=\"2130\" data-end=\"2155\">\n<p data-start=\"2133\" data-end=\"2155\">Mangue Acide Ananas<\/p>\n<\/li>\n<li data-start=\"2156\" data-end=\"2182\">\n<p data-start=\"2159\" data-end=\"2182\">Framboise P\u00eache Citron<\/p>\n<\/li>\n<li data-start=\"2183\" data-end=\"2197\">\n<p data-start=\"2186\" data-end=\"2197\">Confiture de p\u00eache<\/p>\n<\/li>\n<li data-start=\"2198\" data-end=\"2227\">\n<p data-start=\"2201\" data-end=\"2227\">Cerise glac\u00e9e Past\u00e8que<\/p>\n<\/li>\n<li data-start=\"2228\" data-end=\"2245\">\n<p data-start=\"2231\" data-end=\"2245\">Double Pomme<\/p>\n<\/li>\n<li data-start=\"2246\" data-end=\"2265\">\n<p data-start=\"2249\" data-end=\"2265\">M\u00fbre Myrtille<\/p>\n<\/li>\n<li data-start=\"2266\" data-end=\"2293\">\n<p data-start=\"2270\" data-end=\"2293\">Fraise Past\u00e8que<\/p>\n<\/li>\n<\/ol>\n<p>&nbsp;<\/p>\n<h2>Pourquoi choisir Vapestornado pour l'achat en gros de AINOVO AIM AIPOD 30000 bouff\u00e9es ?<\/h2>\n<div class=\"flex-shrink-0 flex flex-col relative items-end\">\n<div class=\"pt-0\">\n<div class=\"gizmo-bot-avatar flex h-8 w-8 items-center justify-center overflow-hidden rounded-full\">\n<div class=\"relative p-1 rounded-sm flex items-center justify-center bg-token-main-surface-primary text-token-text-primary h-8 w-8\">\n<p>At\u00a0<strong>Vapes Tornado<\/strong>, nous sommes fiers de fournir\u00a0<strong>des produits de vapotage de qualit\u00e9 sup\u00e9rieure \u00e0 des prix imbattables<\/strong>\u00a0Voici pourquoi vous devriez acheter chez nous :<\/p>\n<p data-start=\"235\" data-end=\"360\"><strong data-start=\"235\" data-end=\"261\">Meilleures offres en gros<\/strong> \u2013 Profitez <strong data-start=\"270\" data-end=\"297\">de prix de gros \u00e0 forte marge<\/strong> adapt\u00e9s aux revendeurs, distributeurs de vape et boutiques de d\u00e9tail.<\/p>\n<p data-start=\"362\" data-end=\"513\"><strong data-start=\"362\" data-end=\"400\">\u2714 Livraison mondiale rapide et s\u00e9curis\u00e9e<\/strong> \u2013 Nous garantissons <strong data-start=\"413\" data-end=\"443\">une livraison rapide et tra\u00e7able<\/strong> \u00e0 travers l'Europe et au-del\u00e0, pour que votre stock arrive en toute s\u00e9curit\u00e9 et \u00e0 temps.<\/p>\n<p data-start=\"515\" data-end=\"646\"><strong data-start=\"515\" data-end=\"542\">\u2714 Produits authentiques 100%<\/strong> \u2013 Chaque <strong data-start=\"551\" data-end=\"578\">vape WASPE Triple 60000<\/strong> que nous vendons est <strong data-start=\"590\" data-end=\"625\">authentique et certifi\u00e9 en usine<\/strong>, jamais des imitations.<\/p>\n<p data-start=\"648\" data-end=\"799\"><strong data-start=\"648\" data-end=\"676\">\u2714 \u00c9quipe d'assistance d\u00e9di\u00e9e<\/strong> \u2013 Besoin d'aide ? Nos <strong data-start=\"694\" data-end=\"733\">sp\u00e9cialistes de la vape sont disponibles 24\/7<\/strong>, pr\u00eats \u00e0 r\u00e9pondre \u00e0 vos questions et \u00e0 vous aider avec vos commandes \u00e0 tout moment.<\/p>\n<p>&nbsp;<\/p>\n<p data-start=\"559\" data-end=\"933\" data-is-last-node=\"\" data-is-only-node=\"\">Nous avons \u00e9galement d'autres vapoteuses jetables populaires avec \u00e9cran comme <a href=\"https:\/\/vapestornado.com\/fr\/product\/uzy-150k-puffs-6-in-1-flavor-switch-disposable-vape-pen-wholesale\/\">UZY 150K Puff vapoteur \u00e0 changement de saveur<\/a>, <a href=\"https:\/\/vapestornado.com\/fr\/product\/vozol-rave-40k-40000-puffs-disposable-vape-smart-screen-5-nicotine\/\">VOZOL RAVE 40K Vape Jetable<\/a>, <a href=\"https:\/\/vapestornado.com\/fr\/product\/waspe-150k-150000-puff-6-in-1-disposable-vape-pen-cartridge-best-wholesale-price-in-poland\/\">WASPE 150K Puff 6 en 1<\/a>, et plus encore.<\/p>\n<\/div>\n<div class=\"relative p-1 rounded-sm flex items-center justify-center bg-token-main-surface-primary text-token-text-primary h-8 w-8\">\n<h2>FAQ sur AINOVO AIM AIPOD 30000 30k Bouff\u00e9es<\/h2>\n<p data-start=\"2345\" data-end=\"2507\"><strong data-start=\"2345\" data-end=\"2397\">1. Combien de temps dure le AINOVO AIPOD 30K Bouff\u00e9es ?<\/strong><br data-start=\"2397\" data-end=\"2400\" \/>Le mode Normal offre jusqu'\u00e0 <strong data-start=\"2425\" data-end=\"2440\">30000 bouff\u00e9es<\/strong>, tandis que le mode Boost fournit <strong data-start=\"2468\" data-end=\"2483\">20000 bouff\u00e9es<\/strong> avec une sortie plus forte.<\/p>\n<p data-start=\"2509\" data-end=\"2669\"><strong data-start=\"2509\" data-end=\"2566\">2. Le AINOVO AIM AIPOD est-il un syst\u00e8me de r\u00e9servoir rempla\u00e7able ?<\/strong><br data-start=\"2566\" data-end=\"2569\" \/>Oui, il utilise un <strong data-start=\"2584\" data-end=\"2609\">r\u00e9servoir rempla\u00e7able de 15 ml<\/strong>, ce qui le rend id\u00e9al pour les utilisateurs souhaitant une dur\u00e9e de vie prolong\u00e9e de l'appareil.<\/p>\n<p data-start=\"2671\" data-end=\"2783\"><strong data-start=\"2671\" data-end=\"2703\">3. Puis-je ajuster le flux d'air ?<\/strong><br data-start=\"2703\" data-end=\"2706\" \/>Oui, il dispose de <strong data-start=\"2723\" data-end=\"2745\">r\u00e9glage du flux d'air<\/strong> pour des pr\u00e9f\u00e9rences de tirage serr\u00e9 ou ouvert.<\/p>\n<p data-start=\"2785\" data-end=\"2924\"><strong data-start=\"2785\" data-end=\"2828\">4. Quelles options de nicotine sont disponibles ?<\/strong><br data-start=\"2828\" data-end=\"2831\" \/>Il supporte <strong data-start=\"2843\" data-end=\"2864\">0% \/ 2% \/ 3% \/ 5%<\/strong>, ce qui le rend adapt\u00e9 aux utilisateurs sans nicotine et \u00e0 haute concentration.<\/p>\n<p data-start=\"2926\" data-end=\"3121\"><strong data-start=\"2926\" data-end=\"2974\">5. Est-il adapt\u00e9 pour les commandes en gros et en volume ?<\/strong><br data-start=\"2974\" data-end=\"2977\" \/>Absolument \u2014 il est con\u00e7u pour les distributeurs ayant besoin d'une fourniture stable d'un <strong data-start=\"3050\" data-end=\"3084\">Fournisseur de cigarettes \u00e9lectroniques jetables en Chine<\/strong>, avec une forte demande dans toute l'Europe.<\/p>\n<\/div>\n<\/div>\n<\/div>\n<\/div>","protected":false},"excerpt":{"rendered":"<article class=\"text-token-text-primary w-full focus:outline-none [--shadow-height:45px] has-data-writing-block:pointer-events-none has-data-writing-block:-mt-(--shadow-height) has-data-writing-block:pt-(--shadow-height) [&amp;:has([data-writing-block])&gt;*]:pointer-events-auto [content-visibility:auto] supports-[content-visibility:auto]:[contain-intrinsic-size:auto_100lvh] scroll-mt-[calc(var(--header-height)+min(200px,max(70px,20svh)))]\" dir=\"auto\" tabindex=\"-1\" data-turn-id=\"86ca9d92-7a10-4e6b-bda0-15f9df36adca\" data-testid=\"conversation-turn-120\" data-scroll-anchor=\"true\" data-turn=\"assistant\">\n<div class=\"text-base my-auto mx-auto pb-10 [--thread-content-margin:--spacing(4)] thread-sm:[--thread-content-margin:--spacing(6)] thread-lg:[--thread-content-margin:--spacing(16)] px-(--thread-content-margin)\">\n<div class=\"[--thread-content-max-width:40rem] thread-lg:[--thread-content-max-width:48rem] mx-auto max-w-(--thread-content-max-width) flex-1 group\/turn-messages focus-visible:outline-hidden relative flex w-full min-w-0 flex-col agent-turn\" tabindex=\"-1\">\n<div class=\"flex max-w-full flex-col grow\">\n<div class=\"min-h-8 text-message relative flex w-full flex-col items-end gap-2 text-start break-words whitespace-normal [.text-message+&amp;]:mt-1\" dir=\"auto\" data-message-author-role=\"assistant\" data-message-id=\"43b070d6-bf28-4fbe-8049-1032a61ea3ac\" data-message-model-slug=\"gpt-5\">\n<div class=\"flex w-full flex-col gap-1 empty:hidden first:pt-[1px]\">\n<div class=\"markdown prose dark:prose-invert w-full break-words light markdown-new-styling\">\n<p data-start=\"3431\" data-end=\"3519\"><strong data-start=\"3431\" data-end=\"3517\">AINOVO AIPOD 30K Vape \u00e0 r\u00e9servoir rempla\u00e7able \u2013 Cigarette \u00e9lectronique jetable intelligente 30000 bouff\u00e9es pour la vente en gros<\/strong><\/p>\n<p data-start=\"3523\" data-end=\"3604\"><strong data-start=\"3523\" data-end=\"3602\">Achetez AINOVO AIM AIPOD 30000 Bouff\u00e9es \u2013 Kit de vapoteuse 30K \u00e0 double mesh pour commandes en gros en Europe<\/strong><\/p>\n<p data-start=\"3608\" data-end=\"3688\" data-is-last-node=\"\"><strong data-start=\"3608\" data-end=\"3688\" data-is-last-node=\"\">AINOVO AIPOD 30000 Bouff\u00e9es Jetable \u2013 Vape \u00e0 r\u00e9servoir rempla\u00e7able 30K Vente chaude<\/strong><\/p>\n<\/div>\n<\/div>\n<\/div>\n<\/div>\n<\/div>\n<\/div>\n<\/article>\n<p><img fetchpriority=\"high\" decoding=\"async\" class=\"size-full wp-image-2932\" src=\"https:\/\/vapestornado.com\/wp-content\/uploads\/2024\/12\/Vape-Wholesale.jpg\" alt=\"Vente en Gros de Vapes\" width=\"229\" height=\"300\" \/><\/p>\n<h3><a href=\"https:\/\/wa.me\/8617776015835\"><span style=\"color: #ff0000;\"><strong>WhatsApp : +86 17776015835<\/strong><\/span><\/a><\/h3>\n<p>&nbsp;<\/p>","protected":false},"featured_media":4538,"comment_status":"open","ping_status":"closed","template":"","meta":{"_acf_changed":false,"_uag_custom_page_level_css":"","_lmt_disableupdate":"no","_lmt_disable":"","_monsterinsights_skip_tracking":false,"_monsterinsights_sitenote_active":false,"_monsterinsights_sitenote_note":"","_monsterinsights_sitenote_category":0,"site-sidebar-layout":"default","site-content-layout":"","ast-site-content-layout":"default","site-content-style":"default","site-sidebar-style":"default","ast-global-header-display":"","ast-banner-title-visibility":"","ast-main-header-display":"","ast-hfb-above-header-display":"","ast-hfb-below-header-display":"","ast-hfb-mobile-header-display":"","site-post-title":"","ast-breadcrumbs-content":"","ast-featured-img":"","footer-sml-layout":"","ast-disable-related-posts":"","theme-transparent-header-meta":"default","adv-header-id-meta":"","stick-header-meta":"","header-above-stick-meta":"","header-main-stick-meta":"","header-below-stick-meta":"","astra-migrate-meta-layouts":"set","ast-page-background-enabled":"default","ast-page-background-meta":{"desktop":{"background-color":"","background-image":"","background-repeat":"repeat","background-position":"center center","background-size":"auto","background-attachment":"scroll","background-type":"","background-media":"","overlay-type":"","overlay-color":"","overlay-opacity":"","overlay-gradient":""},"tablet":{"background-color":"","background-image":"","background-repeat":"repeat","background-position":"center center","background-size":"auto","background-attachment":"scroll","background-type":"","background-media":"","overlay-type":"","overlay-color":"","overlay-opacity":"","overlay-gradient":""},"mobile":{"background-color":"","background-image":"","background-repeat":"repeat","background-position":"center center","background-size":"auto","background-attachment":"scroll","background-type":"","background-media":"","overlay-type":"","overlay-color":"","overlay-opacity":"","overlay-gradient":""}},"ast-content-background-meta":{"desktop":{"background-color":"var(--ast-global-color-5)","background-image":"","background-repeat":"repeat","background-position":"center center","background-size":"auto","background-attachment":"scroll","background-type":"","background-media":"","overlay-type":"","overlay-color":"","overlay-opacity":"","overlay-gradient":""},"tablet":{"background-color":"var(--ast-global-color-5)","background-image":"","background-repeat":"repeat","background-position":"center center","background-size":"auto","background-attachment":"scroll","background-type":"","background-media":"","overlay-type":"","overlay-color":"","overlay-opacity":"","overlay-gradient":""},"mobile":{"background-color":"var(--ast-global-color-5)","background-image":"","background-repeat":"repeat","background-position":"center center","background-size":"auto","background-attachment":"scroll","background-type":"","background-media":"","overlay-type":"","overlay-color":"","overlay-opacity":"","overlay-gradient":""}},"_joinchat":{"telephone":"17776015835"}},"product_brand":[],"product_cat":[67,176,152,154,156,158,142,357,144],"product_tag":[432,105,430,94,431,301],"class_list":{"0":"post-4543","1":"product","2":"type-product","3":"status-publish","4":"has-post-thumbnail","6":"product_cat-30000-puff","7":"product_cat-aivono-vape","8":"product_cat-buy-disposable-vapes-in-cermany","9":"product_cat-buy-disposable-vapes-in-netherlands","10":"product_cat-buy-disposable-vapes-in-poland","11":"product_cat-buy-disposable-vapes-in-spain","12":"product_cat-digital-box-disposable-vapes","13":"product_cat-flavor-adjustable-vape","14":"product_cat-low-nicotine-disposable-vapes","15":"product_tag-china-disposable-vape-supplier","16":"product_tag-digital-disposable-vape","17":"product_tag-disposables-vaper","18":"product_tag-rechargeable-disposable-vape","19":"product_tag-replaceable-tank-disposable-vape-kit","20":"product_tag-vapor-wholesale","21":"desktop-align-left","22":"tablet-align-left","23":"mobile-align-left","25":"first","26":"instock","27":"sale","28":"shipping-taxable","29":"purchasable","30":"product-type-simple"},"acf":[],"uagb_featured_image_src":{"full":["https:\/\/vapestornado.com\/wp-content\/uploads\/2025\/11\/Aivono-30k-30000-Puffs-Disposable-Vape.webp",800,800,false],"thumbnail":["https:\/\/vapestornado.com\/wp-content\/uploads\/2025\/11\/Aivono-30k-30000-Puffs-Disposable-Vape-150x150.webp",150,150,true],"medium":["https:\/\/vapestornado.com\/wp-content\/uploads\/2025\/11\/Aivono-30k-30000-Puffs-Disposable-Vape-300x300.webp",300,300,true],"medium_large":["https:\/\/vapestornado.com\/wp-content\/uploads\/2025\/11\/Aivono-30k-30000-Puffs-Disposable-Vape-768x768.webp",768,768,true],"large":["https:\/\/vapestornado.com\/wp-content\/uploads\/2025\/11\/Aivono-30k-30000-Puffs-Disposable-Vape.webp",800,800,false],"1536x1536":["https:\/\/vapestornado.com\/wp-content\/uploads\/2025\/11\/Aivono-30k-30000-Puffs-Disposable-Vape.webp",800,800,false],"2048x2048":["https:\/\/vapestornado.com\/wp-content\/uploads\/2025\/11\/Aivono-30k-30000-Puffs-Disposable-Vape.webp",800,800,false],"trp-custom-language-flag":["https:\/\/vapestornado.com\/wp-content\/uploads\/2025\/11\/Aivono-30k-30000-Puffs-Disposable-Vape-12x12.webp",12,12,true],"woocommerce_thumbnail":["https:\/\/vapestornado.com\/wp-content\/uploads\/2025\/11\/Aivono-30k-30000-Puffs-Disposable-Vape-300x300.webp",300,300,true],"woocommerce_single":["https:\/\/vapestornado.com\/wp-content\/uploads\/2025\/11\/Aivono-30k-30000-Puffs-Disposable-Vape-600x600.webp",600,600,true],"woocommerce_gallery_thumbnail":["https:\/\/vapestornado.com\/wp-content\/uploads\/2025\/11\/Aivono-30k-30000-Puffs-Disposable-Vape-100x100.webp",100,100,true]},"uagb_author_info":{"display_name":"ESAMY","author_link":"https:\/\/vapestornado.com\/fr\/author\/"},"uagb_comment_info":0,"uagb_excerpt":"AINOVO AIPOD 30K Replaceable Tank Vape \u2013 30000 Puff Smart Disposable for Wholesale Buy AINOVO AIM AIPOD 30000 Puff \u2013 Dual Mesh 30K Vape Kit for EU Bulk Orders AINOVO AIPOD 30000 Puff Disposable \u2013 30K Replaceable Tank Vape Hot Sale WhatsApp: +86 17776015835 &nbsp;","_links":{"self":[{"href":"https:\/\/vapestornado.com\/fr\/wp-json\/wp\/v2\/product\/4543","targetHints":{"allow":["GET"]}}],"collection":[{"href":"https:\/\/vapestornado.com\/fr\/wp-json\/wp\/v2\/product"}],"about":[{"href":"https:\/\/vapestornado.com\/fr\/wp-json\/wp\/v2\/types\/product"}],"replies":[{"embeddable":true,"href":"https:\/\/vapestornado.com\/fr\/wp-json\/wp\/v2\/comments?post=4543"}],"wp:featuredmedia":[{"embeddable":true,"href":"https:\/\/vapestornado.com\/fr\/wp-json\/wp\/v2\/media\/4538"}],"wp:attachment":[{"href":"https:\/\/vapestornado.com\/fr\/wp-json\/wp\/v2\/media?parent=4543"}],"wp:term":[{"taxonomy":"product_brand","embeddable":true,"href":"https:\/\/vapestornado.com\/fr\/wp-json\/wp\/v2\/product_brand?post=4543"},{"taxonomy":"product_cat","embeddable":true,"href":"https:\/\/vapestornado.com\/fr\/wp-json\/wp\/v2\/product_cat?post=4543"},{"taxonomy":"product_tag","embeddable":true,"href":"https:\/\/vapestornado.com\/fr\/wp-json\/wp\/v2\/product_tag?post=4543"}],"curies":[{"name":"wp","href":"https:\/\/api.w.org\/{rel}","templated":true}]}}