{"id":4507,"date":"2025-11-01T09:04:49","date_gmt":"2025-11-01T09:04:49","guid":{"rendered":"https:\/\/vapestornado.com\/?post_type=product&#038;p=4507"},"modified":"2025-11-06T08:20:36","modified_gmt":"2025-11-06T08:20:36","slug":"aivono-avn-150k-puff-150000-8-in-1-0-nicotine-free-disposable-vape-pen-kit-wholesale","status":"publish","type":"product","link":"https:\/\/vapestornado.com\/fr\/product\/aivono-avn-150k-puff-150000-8-in-1-0-nicotine-free-disposable-vape-pen-kit-wholesale\/","title":{"rendered":"AIVONO AVN 150K Puff 150000 8 en 1 Cigarette \u00e9lectronique jetable sans nicotine en gros"},"content":{"rendered":"<h1 data-pm-slice=\"1 1 []\">Kit de cigarette \u00e9lectronique jetable sans nicotine AIVONO AVN 150K Puff en gros \u2013 Puissance ultime 8-en-1<\/h1>\n<p data-start=\"110\" data-end=\"659\">L' <strong data-start=\"114\" data-end=\"162\">Kit de cigarette \u00e9lectronique jetable AIVONO AVN 150K Puff<\/strong> est une nouvelle \u00e9toile sur le march\u00e9 des cigarettes \u00e9lectroniques jetables, qui combine performance, saveur et libert\u00e9 \u2014 le tout dans un seul appareil. Avec <strong data-start=\"250\" data-end=\"273\">jusqu\u2019\u00e0 150 000 bouff\u00e9es<\/strong>, cette cigarette \u00e9lectronique jetable de nouvelle g\u00e9n\u00e9ration <strong data-start=\"296\" data-end=\"329\">sans nicotine<\/strong> red\u00e9finit le plaisir longue dur\u00e9e. Aliment\u00e9e par un <strong data-start=\"378\" data-end=\"409\">Batterie rechargeable de 850 mAh<\/strong> et une <strong data-start=\"416\" data-end=\"445\">syst\u00e8me de coil en mesh 4 \u00d7 1,2\u03a9<\/strong>, elle d\u00e9livre une vapeur pure et douce avec une sortie stable. Son <strong data-start=\"502\" data-end=\"522\">\u00c9cran intelligent \u00e0 LED<\/strong> donne des mises \u00e0 jour en temps r\u00e9el sur la puissance et le mode de saveur, tandis que le <strong data-start=\"583\" data-end=\"605\">charge rapide Type-C<\/strong> vous garantit de ne jamais attendre longtemps entre les sessions.<\/p>\n<p data-start=\"661\" data-end=\"1153\">Parfait pour la distribution en gros, le <strong data-start=\"701\" data-end=\"720\">AIVONO AVN 150K<\/strong> offre <strong data-start=\"728\" data-end=\"746\">8 modes de saveur<\/strong> \u2014 quatre saveurs simples et quatre m\u00e9langes fusion \u2014 tous emball\u00e9s \u00e0 l'int\u00e9rieur <strong data-start=\"811\" data-end=\"839\">58 ml de e-liquide de qualit\u00e9 sup\u00e9rieure<\/strong>. Cela signifie que chaque bouff\u00e9e reste riche et coh\u00e9rente, ce qui le rend id\u00e9al pour les vapoteurs \u00e0 la recherche d'un <strong data-start=\"977\" data-end=\"1017\">vape jetable propre et sans nicotine<\/strong> option. Con\u00e7u pour les acheteurs en gros, c\u2019est un <strong data-start=\"1059\" data-end=\"1082\">produit \u00e0 haute marge<\/strong> avec une demande \u00e9prouv\u00e9e en <strong data-start=\"1105\" data-end=\"1150\">France, Espagne, Allemagne, Pologne, Italie, et la plupart des pays de l'UE.<\/strong><\/p>\n<p data-start=\"666\" data-end=\"1235\"><strong style=\"font-size: 16px;\"><span style=\"color: #ff0000;\">Ajoutez le WhatsApp d'Amy pour obtenir une r\u00e9ponse rapide et un prix r\u00e9duit !<\/span><\/strong><\/p>\n<p><img fetchpriority=\"high\" decoding=\"async\" class=\"size-full wp-image-2932\" src=\"https:\/\/vapestornado.com\/wp-content\/uploads\/2024\/12\/Vape-Wholesale.jpg\" alt=\"Vente en Gros de Vapes\" width=\"229\" height=\"300\" \/><\/p>\n<h3><a href=\"https:\/\/wa.me\/8617776015835\" target=\"_blank\" rel=\"noopener\"><span style=\"color: #ff0000;\"><strong>WhatsApp : +86 17776015835<\/strong><\/span><\/a><\/h3>\n<p>&nbsp;<\/p>\n<h2><strong>AIVONO AVN 150K Puffs Caract\u00e9ristiques principales du produit<\/strong><\/h2>\n<ul>\n<li data-start=\"1177\" data-end=\"1213\">\n<p data-start=\"1179\" data-end=\"1213\">Capacit\u00e9 de bouff\u00e9es : <strong data-start=\"1194\" data-end=\"1211\">150 000 bouff\u00e9es<\/strong><\/p>\n<\/li>\n<li data-start=\"1214\" data-end=\"1243\">\n<p data-start=\"1216\" data-end=\"1243\">Volume de e-liquide : <strong data-start=\"1233\" data-end=\"1241\">58 ml<\/strong><\/p>\n<\/li>\n<li data-start=\"1244\" data-end=\"1295\">\n<p data-start=\"1246\" data-end=\"1295\">Nicotine : <strong data-start=\"1255\" data-end=\"1293\">0% 2% 5% (Vape jetable sans nicotine)<\/strong><\/p>\n<\/li>\n<li data-start=\"1296\" data-end=\"1339\">\n<p data-start=\"1298\" data-end=\"1339\">, chacune con\u00e7ue pour une satisfaction ultime. <strong data-start=\"1307\" data-end=\"1337\">Rechargeable 850mAh Type-C<\/strong><\/p>\n<\/li>\n<li data-start=\"1340\" data-end=\"1387\">\n<p data-start=\"1342\" data-end=\"1387\">R\u00e9sistance : <strong data-start=\"1348\" data-end=\"1385\">4 \u00d7 1,2\u03a9 R\u00e9sistance en mesh pour une vapeur riche<\/strong><\/p>\n<\/li>\n<li data-start=\"1388\" data-end=\"1446\">\n<p data-start=\"1390\" data-end=\"1446\">Affichage : <strong data-start=\"1399\" data-end=\"1444\">\u00c9cran LED intelligent pour les modes de puissance et de saveur<\/strong><\/p>\n<\/li>\n<li data-start=\"1447\" data-end=\"1493\">\n<p data-start=\"1449\" data-end=\"1493\">Conception : <strong data-start=\"1457\" data-end=\"1491\">Syst\u00e8me de cartouche de saveur 8-en-1<\/strong><\/p>\n<\/li>\n<li data-start=\"1494\" data-end=\"1552\">\n<p data-start=\"1496\" data-end=\"1552\">Id\u00e9al pour : <strong data-start=\"1507\" data-end=\"1550\">Acheteurs en gros &amp; Distributeurs de vapoteurs UE<\/strong><\/p>\n<\/li>\n<\/ul>\n<h2 class=\"product-title\"><strong>Liste des saveurs de pods jetables AIVONO AVN 150K Puff<\/strong><\/h2>\n<article class=\"w-full text-token-text-primary focus-visible:outline-2 focus-visible:outline-offset-[-4px]\" dir=\"auto\" data-testid=\"conversation-turn-32\" data-scroll-anchor=\"false\">\n<div class=\"m-auto text-base py-[18px] px-6\">\n<div class=\"mx-auto flex flex-1 text-base gap-4 md:gap-5 lg:gap-6 md:max-w-3xl lg:max-w-[40rem] xl:max-w-[48rem]\">\n<div class=\"group\/conversation-turn relative flex w-full min-w-0 flex-col @xs\/thread:px-0 @sm\/thread:px-1.5 @md\/thread:px-4\">\n<div class=\"flex-col gap-1 md:gap-3\">\n<div class=\"flex max-w-full flex-col flex-grow\">\n<div class=\"min-h-8 text-message flex w-full flex-col items-end gap-2 whitespace-normal break-words text-start [.text-message+&amp;]:mt-5\" dir=\"auto\" data-message-author-role=\"user\" data-message-id=\"ffac41ca-1db4-431b-873a-32c4052956f1\">\n<div class=\"flex w-full flex-col gap-1 empty:hidden items-end rtl:items-start\">\n<div class=\"relative max-w-[var(--user-chat-width,70%)] rounded-3xl bg-token-message-surface px-5 py-2.5\">\n<div class=\"absolute bottom-0 right-full top-0 -mr-3.5 hidden pr-5 pt-2 [.group\/conversation-turn:hover_&amp;]:flex\">\n<div class=\"flex\">\n<article class=\"w-full text-token-text-primary focus-visible:outline-2 focus-visible:outline-offset-[-4px]\" dir=\"auto\" data-testid=\"conversation-turn-39\" data-scroll-anchor=\"true\">\n<div class=\"m-auto text-base py-[18px] px-6\">\n<div class=\"mx-auto flex flex-1 text-base gap-4 md:gap-5 lg:gap-6 md:max-w-3xl lg:max-w-[40rem] xl:max-w-[48rem]\">\n<div class=\"group\/conversation-turn relative flex w-full min-w-0 flex-col agent-turn @xs\/thread:px-0 @sm\/thread:px-1.5 @md\/thread:px-4\">\n<div class=\"flex-col gap-1 md:gap-3\">\n<div class=\"flex max-w-full flex-col flex-grow\">\n<div class=\"min-h-8 text-message flex w-full flex-col items-end gap-2 whitespace-normal break-words text-start [.text-message+&amp;]:mt-5\" dir=\"auto\" data-message-author-role=\"assistant\" data-message-id=\"55a23854-ec57-48dd-bd4f-6118f43d6241\" data-message-model-slug=\"gpt-4o\">\n<div class=\"flex w-full flex-col gap-1 empty:hidden first:pt-[3px]\">\n<div class=\"markdown prose w-full break-words dark:prose-invert light\">\n<ol data-start=\"1596\" data-end=\"2226\">\n<li data-start=\"1596\" data-end=\"1664\">\n<p data-start=\"1599\" data-end=\"1664\">Fraise Glac\u00e9e + Past\u00e8que Glac\u00e9e + P\u00eache Glac\u00e9e + Fruit de la Passion Glac\u00e9<\/p>\n<\/li>\n<li data-start=\"1665\" data-end=\"1730\">\n<p data-start=\"1668\" data-end=\"1730\">Fraise Glac\u00e9e + Myrtille Glac\u00e9e + Raisin Glac\u00e9 + Pomme Verte Glac\u00e9e<\/p>\n<\/li>\n<li data-start=\"1731\" data-end=\"1782\">\n<p data-start=\"1734\" data-end=\"1782\">Fraise Glac\u00e9e + Mangue + Ananas + Glace<\/p>\n<\/li>\n<li data-start=\"1783\" data-end=\"1853\">\n<p data-start=\"1786\" data-end=\"1853\">Myrtille Glac\u00e9e + Framboise Citron Glac\u00e9e + Chewing-gum Past\u00e8que + Menthe<\/p>\n<\/li>\n<li data-start=\"1854\" data-end=\"1897\">\n<p data-start=\"1857\" data-end=\"1897\">Past\u00e8que + Framboise + Cerise + Cola<\/p>\n<\/li>\n<li data-start=\"1898\" data-end=\"1959\">\n<p data-start=\"1901\" data-end=\"1959\">Raisin Glac\u00e9 + Mangue P\u00eache + Past\u00e8que Glac\u00e9e + Myrtille Glac\u00e9e<\/p>\n<\/li>\n<li data-start=\"1960\" data-end=\"2021\">\n<p data-start=\"1963\" data-end=\"2021\">Kiwi Fraise + Noix de Coco Myrtille + Prune M\u00e9lang\u00e9e + Mangue<\/p>\n<\/li>\n<li data-start=\"2022\" data-end=\"2083\">\n<p data-start=\"2025\" data-end=\"2083\">Banane Glac\u00e9e + Fraise Glac\u00e9e + Past\u00e8que Glac\u00e9e + Citron Glac\u00e9<\/p>\n<\/li>\n<li data-start=\"2084\" data-end=\"2159\">\n<p data-start=\"2087\" data-end=\"2159\">Fraise Glac\u00e9e + Ananas Noix de Coco Glac\u00e9e + Mangue Glac\u00e9e + Fruit de la Passion Glac\u00e9<\/p>\n<\/li>\n<li data-start=\"2160\" data-end=\"2226\">\n<p data-start=\"2164\" data-end=\"2226\">Ananas Noix de Coco + Citron Glac\u00e9 + Myrtille Glac\u00e9e + Boisson \u00c9nergisante<\/p>\n<\/li>\n<\/ol>\n<p>L' <strong data-start=\"2232\" data-end=\"2245\">Bouff\u00e9e 150K<\/strong> Red\u00e9finit la performance jetable \u2014 sans recharges, sans nicotine, sans compromis. Id\u00e9al pour <strong data-start=\"2331\" data-end=\"2344\">vente en gros<\/strong> et de <strong data-start=\"2349\" data-end=\"2367\">revendeurs de vapoteurs<\/strong> \u00e0 travers la France cherchant un <strong data-start=\"2392\" data-end=\"2421\">kit de vapotage jetable pas cher<\/strong> qui combine style, saveur et durabilit\u00e9.<\/p>\n<figure id=\"attachment_4518\" aria-describedby=\"caption-attachment-4518\" style=\"width: 800px\" class=\"wp-caption alignnone\"><img decoding=\"async\" class=\"wp-image-4518 size-full\" src=\"https:\/\/vapestornado.com\/wp-content\/uploads\/2025\/11\/AIVONO-AVN-150k-150000-Puffs-Disposable-Vape-Pod-Rechargeable.webp\" alt=\"Vape Jetable Rechargeable AIVONO AVN 150k 150000 Puff\" width=\"800\" height=\"800\" srcset=\"https:\/\/vapestornado.com\/wp-content\/uploads\/2025\/11\/AIVONO-AVN-150k-150000-Puffs-Disposable-Vape-Pod-Rechargeable.webp 800w, https:\/\/vapestornado.com\/wp-content\/uploads\/2025\/11\/AIVONO-AVN-150k-150000-Puffs-Disposable-Vape-Pod-Rechargeable-300x300.webp 300w, https:\/\/vapestornado.com\/wp-content\/uploads\/2025\/11\/AIVONO-AVN-150k-150000-Puffs-Disposable-Vape-Pod-Rechargeable-150x150.webp 150w, https:\/\/vapestornado.com\/wp-content\/uploads\/2025\/11\/AIVONO-AVN-150k-150000-Puffs-Disposable-Vape-Pod-Rechargeable-768x768.webp 768w, https:\/\/vapestornado.com\/wp-content\/uploads\/2025\/11\/AIVONO-AVN-150k-150000-Puffs-Disposable-Vape-Pod-Rechargeable-12x12.webp 12w, https:\/\/vapestornado.com\/wp-content\/uploads\/2025\/11\/AIVONO-AVN-150k-150000-Puffs-Disposable-Vape-Pod-Rechargeable-600x600.webp 600w, https:\/\/vapestornado.com\/wp-content\/uploads\/2025\/11\/AIVONO-AVN-150k-150000-Puffs-Disposable-Vape-Pod-Rechargeable-100x100.webp 100w\" sizes=\"(max-width: 800px) 100vw, 800px\" \/><figcaption id=\"caption-attachment-4518\" class=\"wp-caption-text\">Vape Jetable Rechargeable AIVONO AVN 150k 150000 Puff<\/figcaption><\/figure>\n<\/div>\n<\/div>\n<\/div>\n<\/div>\n<\/div>\n<\/div>\n<\/div>\n<\/div>\n<\/article>\n<\/div>\n<\/div>\n<\/div>\n<\/div>\n<\/div>\n<\/div>\n<\/div>\n<\/div>\n<\/div>\n<\/div>\n<\/article>\n<h2>Pourquoi choisir Vapestornado pour l'achat en gros d'AIVONO AVN 150K Puff ?<\/h2>\n<div class=\"flex-shrink-0 flex flex-col relative items-end\">\n<div class=\"pt-0\">\n<div class=\"gizmo-bot-avatar flex h-8 w-8 items-center justify-center overflow-hidden rounded-full\">\n<div class=\"relative p-1 rounded-sm flex items-center justify-center bg-token-main-surface-primary text-token-text-primary h-8 w-8\">\n<p>At\u00a0<strong>VapeTornado<\/strong>, nous sommes fiers de fournir\u00a0<strong>des produits de vapotage de qualit\u00e9 sup\u00e9rieure \u00e0 des prix imbattables<\/strong>\u2014et le Waspe Aiviou 3 en 1 60000 bouff\u00e9es ne fait pas exception ! Voici pourquoi vous devriez acheter chez nous :<\/p>\n<p><strong>Meilleurs prix de gros<\/strong>\u00a0\u2013 Nous offrons\u00a0<strong>prix de gros comp\u00e9titif<\/strong><span style=\"font-size: 16px;\">, ce qui fait de nous le premier choix pour les revendeurs et les boutiques de vape.<\/span><\/p>\n<p><strong>Rapide<\/strong>\u00a0\u2013 Faites livrer votre commande\u00a0<strong>rapidement et en toute s\u00e9curit\u00e9<\/strong>, avec des options d'exp\u00e9dition dans le monde entier.<br \/>\n<strong>Produits authentiques 100%<\/strong>\u00a0\u2013 Pas de contrefa\u00e7ons, seulement\u00a0<strong>des produits jetables WASPE Triple authentiques<\/strong>\u00a0avec une qualit\u00e9 v\u00e9rifi\u00e9e.<br \/>\n<strong>Excellent support client<\/strong>\u00a0\u2013 Vous avez des questions ? Nos\u00a0<strong>experts en vape<\/strong> sont pr\u00eats \u00e0 vous aider 24h\/24 et 7j\/7.<\/p>\n<p><strong>N'attendez pas\u2014commandez d\u00e8s aujourd'hui votre Waspe Aiviou 3 en 1 60000 bouff\u00e9es chez VapeTornado et d\u00e9couvrez la satisfaction ultime en mati\u00e8re de vapotage !<\/strong><\/p>\n<p data-start=\"559\" data-end=\"933\" data-is-last-node=\"\" data-is-only-node=\"\">Nous avons \u00e9galement d'autres vapes populaires avec \u00e9cran comme <a href=\"https:\/\/vapestornado.com\/fr\/product\/mesii-couple-50k-disposable-shisha-hookah-50000-puffs-vape-with-digital-display\/\">Couple Mesii 50000<\/a>, <a href=\"https:\/\/vapestornado.com\/fr\/product\/vopk-cool-9000-puffs-disposable-vapes-bar-puff-9k\/\">Vape jetable VOPK 9000 Bouff\u00e9es<\/a>, <a href=\"https:\/\/vapestornado.com\/fr\/product\/bang-beach-22000-20k-puff-disposable-vape-pen-with-screen-reddit-hot\/\">Bang Plage 22000<\/a>, et plus encore.<\/p>\n<\/div>\n<div class=\"relative p-1 rounded-sm flex items-center justify-center bg-token-main-surface-primary text-token-text-primary h-8 w-8\">\n<h2>FAQ sur AIM 150K Puff<\/h2>\n<p data-start=\"2521\" data-end=\"2673\"><strong data-start=\"2521\" data-end=\"2572\">1. Combien de temps dure l'AIVONO AVN 150K Puff ?<\/strong><br data-start=\"2572\" data-end=\"2575\" \/>Chaque kit offre jusqu'\u00e0 <strong data-start=\"2599\" data-end=\"2616\">150 000 bouff\u00e9es<\/strong>, soutenu par une batterie rechargeable pour une utilisation prolong\u00e9e.<\/p>\n<p data-start=\"2675\" data-end=\"2823\"><strong data-start=\"2675\" data-end=\"2719\">2. L'AIVONO AVN 150K est-il sans nicotine ?<\/strong><br data-start=\"2719\" data-end=\"2722\" \/>Oui, c\u2019est un <strong data-start=\"2734\" data-end=\"2767\">vape jetable sans nicotine<\/strong>, parfait pour ceux qui veulent la saveur sans d\u00e9pendance.<\/p>\n<p data-start=\"2825\" data-end=\"2945\"><strong data-start=\"2825\" data-end=\"2867\">3. Puis-je recharger l'AIVONO AVN 150K ?<\/strong><br data-start=\"2867\" data-end=\"2870\" \/>Absolument. Il dispose d'une <strong data-start=\"2896\" data-end=\"2911\">Type-C<\/strong> pour une recharge rapide et fiable.<\/p>\n<p data-start=\"2947\" data-end=\"3176\"><strong data-start=\"2947\" data-end=\"3011\">4. Qu'est-ce qui rend l'AIVONO AVN 150K id\u00e9al pour les acheteurs en gros ?<\/strong><br data-start=\"3011\" data-end=\"3014\" \/>Son <strong data-start=\"3018\" data-end=\"3042\">Syst\u00e8me de saveurs 8-en-1<\/strong>, <strong data-start=\"3044\" data-end=\"3063\">150 000 bouff\u00e9es<\/strong>, et <strong data-start=\"3069\" data-end=\"3089\">prix abordable<\/strong> en font un produit id\u00e9al pour <strong data-start=\"3108\" data-end=\"3127\">les distributeurs en France<\/strong> \u00e0 la recherche de produits \u00e0 forte demande et \u00e0 faible maintenance.<\/p>\n<p data-start=\"3178\" data-end=\"3404\"><strong data-start=\"3178\" data-end=\"3238\">5. Comment se compare-t-il aux vapoteuses classiques de 20K ou 40K bouff\u00e9es ?<\/strong><br data-start=\"3238\" data-end=\"3241\" \/>L'AIVONO AVN 150K offre <strong data-start=\"3268\" data-end=\"3291\">le triple de capacit\u00e9<\/strong>, <strong data-start=\"3293\" data-end=\"3320\">plusieurs options de saveurs<\/strong>, et <strong data-start=\"3326\" data-end=\"3342\">z\u00e9ro nicotine<\/strong>, ce qui le rend plus propre et plus \u00e9conomique \u00e0 long terme.<\/p>\n<\/div>\n<\/div>\n<\/div>\n<\/div>","protected":false},"excerpt":{"rendered":"<article class=\"text-token-text-primary w-full focus:outline-none [--shadow-height:45px] has-data-writing-block:pointer-events-none has-data-writing-block:-mt-(--shadow-height) has-data-writing-block:pt-(--shadow-height) [&amp;:has([data-writing-block])&gt;*]:pointer-events-auto [content-visibility:auto] supports-[content-visibility:auto]:[contain-intrinsic-size:auto_100lvh] scroll-mt-[calc(var(--header-height)+min(200px,max(70px,20svh)))]\" dir=\"auto\" tabindex=\"-1\" data-turn-id=\"86ca9d92-7a10-4e6b-bda0-15f9df36adca\" data-testid=\"conversation-turn-120\" data-scroll-anchor=\"true\" data-turn=\"assistant\">\n<div class=\"text-base my-auto mx-auto pb-10 [--thread-content-margin:--spacing(4)] thread-sm:[--thread-content-margin:--spacing(6)] thread-lg:[--thread-content-margin:--spacing(16)] px-(--thread-content-margin)\">\n<div class=\"[--thread-content-max-width:40rem] thread-lg:[--thread-content-max-width:48rem] mx-auto max-w-(--thread-content-max-width) flex-1 group\/turn-messages focus-visible:outline-hidden relative flex w-full min-w-0 flex-col agent-turn\" tabindex=\"-1\">\n<div class=\"flex max-w-full flex-col grow\">\n<div class=\"min-h-8 text-message relative flex w-full flex-col items-end gap-2 text-start break-words whitespace-normal [.text-message+&amp;]:mt-1\" dir=\"auto\" data-message-author-role=\"assistant\" data-message-id=\"43b070d6-bf28-4fbe-8049-1032a61ea3ac\" data-message-model-slug=\"gpt-5\">\n<div class=\"flex w-full flex-col gap-1 empty:hidden first:pt-[1px]\">\n<div class=\"markdown prose dark:prose-invert w-full break-words light markdown-new-styling\">\n<p data-start=\"3706\" data-end=\"3787\"><strong data-start=\"3706\" data-end=\"3785\">Kit de cigarette \u00e9lectronique sans nicotine AIVONO AVN 150K Puff \u2013 Puissance 8-en-1 pour le march\u00e9 europ\u00e9en en gros<\/strong><\/p>\n<p data-start=\"3791\" data-end=\"3865\"><strong data-start=\"3791\" data-end=\"3863\">Puff 150K par AIVONO \u2013 Cigarette \u00e9lectronique jetable sans nicotine longue dur\u00e9e<\/strong><\/p>\n<p data-start=\"3869\" data-end=\"3952\" data-is-last-node=\"\"><strong data-start=\"3869\" data-end=\"3952\" data-is-last-node=\"\">AIVONO AVN 150K Vape en gros : cigarette \u00e9lectronique jetable sans nicotine 8-en-1 pour le march\u00e9 europ\u00e9en<\/strong><\/p>\n<\/div>\n<\/div>\n<\/div>\n<\/div>\n<\/div>\n<\/div>\n<\/article>\n<p><img fetchpriority=\"high\" decoding=\"async\" class=\"size-full wp-image-2932\" src=\"https:\/\/vapestornado.com\/wp-content\/uploads\/2024\/12\/Vape-Wholesale.jpg\" alt=\"Vente en Gros de Vapes\" width=\"229\" height=\"300\" \/><\/p>\n<h3><a href=\"https:\/\/wa.me\/8617776015835\"><span style=\"color: #ff0000;\"><strong>WhatsApp : +86 17776015835<\/strong><\/span><\/a><\/h3>\n<p>&nbsp;<\/p>","protected":false},"featured_media":4514,"comment_status":"open","ping_status":"closed","template":"","meta":{"_acf_changed":false,"_uag_custom_page_level_css":"","_lmt_disableupdate":"no","_lmt_disable":"","_monsterinsights_skip_tracking":false,"_monsterinsights_sitenote_active":false,"_monsterinsights_sitenote_note":"","_monsterinsights_sitenote_category":0,"site-sidebar-layout":"default","site-content-layout":"","ast-site-content-layout":"default","site-content-style":"default","site-sidebar-style":"default","ast-global-header-display":"","ast-banner-title-visibility":"","ast-main-header-display":"","ast-hfb-above-header-display":"","ast-hfb-below-header-display":"","ast-hfb-mobile-header-display":"","site-post-title":"","ast-breadcrumbs-content":"","ast-featured-img":"","footer-sml-layout":"","ast-disable-related-posts":"","theme-transparent-header-meta":"default","adv-header-id-meta":"","stick-header-meta":"","header-above-stick-meta":"","header-main-stick-meta":"","header-below-stick-meta":"","astra-migrate-meta-layouts":"set","ast-page-background-enabled":"default","ast-page-background-meta":{"desktop":{"background-color":"","background-image":"","background-repeat":"repeat","background-position":"center center","background-size":"auto","background-attachment":"scroll","background-type":"","background-media":"","overlay-type":"","overlay-color":"","overlay-opacity":"","overlay-gradient":""},"tablet":{"background-color":"","background-image":"","background-repeat":"repeat","background-position":"center center","background-size":"auto","background-attachment":"scroll","background-type":"","background-media":"","overlay-type":"","overlay-color":"","overlay-opacity":"","overlay-gradient":""},"mobile":{"background-color":"","background-image":"","background-repeat":"repeat","background-position":"center center","background-size":"auto","background-attachment":"scroll","background-type":"","background-media":"","overlay-type":"","overlay-color":"","overlay-opacity":"","overlay-gradient":""}},"ast-content-background-meta":{"desktop":{"background-color":"var(--ast-global-color-5)","background-image":"","background-repeat":"repeat","background-position":"center center","background-size":"auto","background-attachment":"scroll","background-type":"","background-media":"","overlay-type":"","overlay-color":"","overlay-opacity":"","overlay-gradient":""},"tablet":{"background-color":"var(--ast-global-color-5)","background-image":"","background-repeat":"repeat","background-position":"center center","background-size":"auto","background-attachment":"scroll","background-type":"","background-media":"","overlay-type":"","overlay-color":"","overlay-opacity":"","overlay-gradient":""},"mobile":{"background-color":"var(--ast-global-color-5)","background-image":"","background-repeat":"repeat","background-position":"center center","background-size":"auto","background-attachment":"scroll","background-type":"","background-media":"","overlay-type":"","overlay-color":"","overlay-opacity":"","overlay-gradient":""}},"_joinchat":{"telephone":"17776015835"}},"product_brand":[],"product_cat":[176,152,153,156,142,357,144],"product_tag":[245,423,422,105,424,94,301],"class_list":{"0":"post-4507","1":"product","2":"type-product","3":"status-publish","4":"has-post-thumbnail","6":"product_cat-aivono-vape","7":"product_cat-buy-disposable-vapes-in-cermany","8":"product_cat-buy-disposable-vapes-in-italy","9":"product_cat-buy-disposable-vapes-in-poland","10":"product_cat-digital-box-disposable-vapes","11":"product_cat-flavor-adjustable-vape","12":"product_cat-low-nicotine-disposable-vapes","13":"product_tag-0-nicotine-disposable-vape","14":"product_tag-aivono-150000-puffs","15":"product_tag-aivono-avn-150k","16":"product_tag-digital-disposable-vape","17":"product_tag-nicotine-free-disposable-vape","18":"product_tag-rechargeable-disposable-vape","19":"product_tag-vapor-wholesale","20":"desktop-align-left","21":"tablet-align-left","22":"mobile-align-left","24":"first","25":"instock","26":"sale","27":"shipping-taxable","28":"purchasable","29":"product-type-simple"},"acf":[],"uagb_featured_image_src":{"full":["https:\/\/vapestornado.com\/wp-content\/uploads\/2025\/11\/AIM-AVN-150k-150000-Puffs-Disposable-Vape-Wholesale.webp",800,800,false],"thumbnail":["https:\/\/vapestornado.com\/wp-content\/uploads\/2025\/11\/AIM-AVN-150k-150000-Puffs-Disposable-Vape-Wholesale-150x150.webp",150,150,true],"medium":["https:\/\/vapestornado.com\/wp-content\/uploads\/2025\/11\/AIM-AVN-150k-150000-Puffs-Disposable-Vape-Wholesale-300x300.webp",300,300,true],"medium_large":["https:\/\/vapestornado.com\/wp-content\/uploads\/2025\/11\/AIM-AVN-150k-150000-Puffs-Disposable-Vape-Wholesale-768x768.webp",768,768,true],"large":["https:\/\/vapestornado.com\/wp-content\/uploads\/2025\/11\/AIM-AVN-150k-150000-Puffs-Disposable-Vape-Wholesale.webp",800,800,false],"1536x1536":["https:\/\/vapestornado.com\/wp-content\/uploads\/2025\/11\/AIM-AVN-150k-150000-Puffs-Disposable-Vape-Wholesale.webp",800,800,false],"2048x2048":["https:\/\/vapestornado.com\/wp-content\/uploads\/2025\/11\/AIM-AVN-150k-150000-Puffs-Disposable-Vape-Wholesale.webp",800,800,false],"trp-custom-language-flag":["https:\/\/vapestornado.com\/wp-content\/uploads\/2025\/11\/AIM-AVN-150k-150000-Puffs-Disposable-Vape-Wholesale-12x12.webp",12,12,true],"woocommerce_thumbnail":["https:\/\/vapestornado.com\/wp-content\/uploads\/2025\/11\/AIM-AVN-150k-150000-Puffs-Disposable-Vape-Wholesale-300x300.webp",300,300,true],"woocommerce_single":["https:\/\/vapestornado.com\/wp-content\/uploads\/2025\/11\/AIM-AVN-150k-150000-Puffs-Disposable-Vape-Wholesale-600x600.webp",600,600,true],"woocommerce_gallery_thumbnail":["https:\/\/vapestornado.com\/wp-content\/uploads\/2025\/11\/AIM-AVN-150k-150000-Puffs-Disposable-Vape-Wholesale-100x100.webp",100,100,true]},"uagb_author_info":{"display_name":"ESAMY","author_link":"https:\/\/vapestornado.com\/fr\/author\/"},"uagb_comment_info":1,"uagb_excerpt":"AIVONO AVN 150K Puff Nicotine Free Vape Kit \u2013 8-in-1 Power for EU Wholesale Puff 150K by AIVONO \u2013 Long-Lasting Nicotine Free Disposable Vape Pen AIVONO AVN 150K Vape Wholesale: 8-in-1 0 Nicotine Disposable Vape for EU Market WhatsApp: +86 17776015835 &nbsp;","_links":{"self":[{"href":"https:\/\/vapestornado.com\/fr\/wp-json\/wp\/v2\/product\/4507","targetHints":{"allow":["GET"]}}],"collection":[{"href":"https:\/\/vapestornado.com\/fr\/wp-json\/wp\/v2\/product"}],"about":[{"href":"https:\/\/vapestornado.com\/fr\/wp-json\/wp\/v2\/types\/product"}],"replies":[{"embeddable":true,"href":"https:\/\/vapestornado.com\/fr\/wp-json\/wp\/v2\/comments?post=4507"}],"wp:featuredmedia":[{"embeddable":true,"href":"https:\/\/vapestornado.com\/fr\/wp-json\/wp\/v2\/media\/4514"}],"wp:attachment":[{"href":"https:\/\/vapestornado.com\/fr\/wp-json\/wp\/v2\/media?parent=4507"}],"wp:term":[{"taxonomy":"product_brand","embeddable":true,"href":"https:\/\/vapestornado.com\/fr\/wp-json\/wp\/v2\/product_brand?post=4507"},{"taxonomy":"product_cat","embeddable":true,"href":"https:\/\/vapestornado.com\/fr\/wp-json\/wp\/v2\/product_cat?post=4507"},{"taxonomy":"product_tag","embeddable":true,"href":"https:\/\/vapestornado.com\/fr\/wp-json\/wp\/v2\/product_tag?post=4507"}],"curies":[{"name":"wp","href":"https:\/\/api.w.org\/{rel}","templated":true}]}}