{"id":4493,"date":"2025-10-31T07:01:50","date_gmt":"2025-10-31T07:01:50","guid":{"rendered":"https:\/\/vapestornado.com\/?post_type=product&#038;p=4493"},"modified":"2025-10-31T07:43:27","modified_gmt":"2025-10-31T07:43:27","slug":"jnr-ragegorilla-55000-puffs-55k-vape-disposables-42ml-2-nicotine-wholesale-price","status":"publish","type":"product","link":"https:\/\/vapestornado.com\/fr\/product\/jnr-ragegorilla-55000-puffs-55k-vape-disposables-42ml-2-nicotine-wholesale-price\/","title":{"rendered":"JNR RageGorilla 55000 Bouff\u00e9es 55k Vapes Jetables 42ml 2% Nicotine Prix de gros"},"content":{"rendered":"<h2 data-pm-slice=\"1 1 []\">JNR 55000 Bouff\u00e9es RageGorilla Vape Jetable \u2013 Grand R\u00e9servoir de 42 ml, Meilleur Vendeur en France<\/h2>\n<p data-start=\"454\" data-end=\"886\">L' <strong data-start=\"458\" data-end=\"505\">JNR RageGorilla 55000 Bouff\u00e9es Vape Jetable<\/strong> est con\u00e7u pour les vapoteurs s\u00e9rieux qui veulent performance, puissance et go\u00fbt premium. Con\u00e7u avec une <strong data-start=\"598\" data-end=\"624\">capacit\u00e9 de e-liquide de 42 ml<\/strong>, <strong data-start=\"626\" data-end=\"640\">nicotine 2%<\/strong>, et une <strong data-start=\"648\" data-end=\"666\">double bobine en maille<\/strong>, il offre une sensation dense et savoureuse \u00e0 chaque utilisation. Avec <strong data-start=\"720\" data-end=\"758\">batterie rechargeable Type-C de 950mAh<\/strong> et une <strong data-start=\"765\" data-end=\"785\">\u00e9cran LED intelligent<\/strong>, les utilisateurs peuvent facilement suivre les niveaux de batterie et de e-liquide\u2014parfait pour une utilisation longue dur\u00e9e sans devinettes.<\/p>\n<p data-start=\"888\" data-end=\"1283\">\u00c9tant l'une des <strong data-start=\"902\" data-end=\"947\">les vapoteuses jetables \u00e0 faible nicotine les plus populaires<\/strong> sur le march\u00e9 de l'UE, le <strong data-start=\"970\" data-end=\"981\">JNR 55K<\/strong> combine innovation et qualit\u00e9, attirant particuli\u00e8rement les jeunes utilisateurs europ\u00e9ens qui exigent \u00e0 la fois fonctionnalit\u00e9 et style. Le corps durable et le flux d'air fluide en font un excellent choix pour les d\u00e9taillants et grossistes \u00e0 la recherche de <strong data-start=\"1202\" data-end=\"1243\">alternatives Crystal Vape les plus vendues<\/strong> \u00e0 un <strong data-start=\"1249\" data-end=\"1280\">prix de gros comp\u00e9titif<\/strong>.<\/p>\n<p data-start=\"1285\" data-end=\"1643\">Disponible en <strong data-start=\"1298\" data-end=\"1317\">20 saveurs riches<\/strong>, des m\u00e9langes fruit\u00e9s comme <strong data-start=\"1343\" data-end=\"1365\">(1) Fraise Glac\u00e9e<\/strong>, <strong data-start=\"1367\" data-end=\"1386\">(2) Cola Cerise<\/strong>, \u00e0 <strong data-start=\"1391\" data-end=\"1412\">(20) Cerise Baie<\/strong>, chaque bouff\u00e9e du <strong data-start=\"1432\" data-end=\"1455\">JNR RageGorilla 55K<\/strong> est con\u00e7ue pour la satisfaction et un go\u00fbt doux. C\u2019est un <strong data-start=\"1509\" data-end=\"1531\">vape haute capacit\u00e9<\/strong> qui r\u00e9pond aux exigences modernes\u2014fiable, rechargeable, et pr\u00eat \u00e0 offrir des performances sur des milliers de bouff\u00e9es.<\/p>\n<p data-start=\"1645\" data-end=\"1888\">Les acheteurs en gros \u00e0 travers l'Europe peuvent faire confiance \u00e0 la coh\u00e9rence et \u00e0 la valeur de ce mod\u00e8le. Pour les d\u00e9taillants de l'UE, le <strong data-start=\"1744\" data-end=\"1775\">JNR RageGorilla 55000 Bouff\u00e9es<\/strong> se distingue comme un <strong data-start=\"1792\" data-end=\"1826\">vape longue dur\u00e9e \u00e0 faible nicotine<\/strong> id\u00e9al pour les clients quotidiens et les vapoteurs \u00e0 la mode.<\/p>\n<p><strong><span style=\"color: #ff0000;\">Ajoutez le WhatsApp d'Amy pour obtenir une bonne r\u00e9ponse et un coupon de vape !<\/span><\/strong><\/p>\n<p><img fetchpriority=\"high\" decoding=\"async\" class=\"size-full wp-image-2932\" src=\"https:\/\/vapestornado.com\/wp-content\/uploads\/2024\/12\/Vape-Wholesale.jpg\" alt=\"Vente en Gros de Vapes\" width=\"229\" height=\"300\" \/><\/p>\n<h3><a href=\"https:\/\/wa.me\/8617776015835\" target=\"_blank\" rel=\"noopener\"><span style=\"color: #ff0000;\"><strong>WhatsApp : +86 17776015835<\/strong><\/span><\/a><\/h3>\n<p>&nbsp;<\/p>\n<h2><strong>Caract\u00e9ristiques du produit JNR RageGorilla 55000 Bouff\u00e9es<\/strong><\/h2>\n<ul>\n<li data-start=\"1944\" data-end=\"1964\">\n<p data-start=\"1946\" data-end=\"1964\"><strong data-start=\"1946\" data-end=\"1956\">Bouff\u00e9es :<\/strong> 55000<\/p>\n<\/li>\n<li data-start=\"1965\" data-end=\"1993\">\n<p data-start=\"1967\" data-end=\"1993\"><strong data-start=\"1967\" data-end=\"1988\">Force de Nicotine :<\/strong> 2%<\/p>\n<\/li>\n<li data-start=\"1994\" data-end=\"2025\">\n<p data-start=\"1996\" data-end=\"2025\"><strong data-start=\"1996\" data-end=\"2018\">Capacit\u00e9 d'e-liquide :<\/strong> 42ml<\/p>\n<\/li>\n<li data-start=\"2026\" data-end=\"2069\">\n<p data-start=\"2028\" data-end=\"2069\"><strong data-start=\"2028\" data-end=\"2040\">, chacune con\u00e7ue pour une satisfaction ultime.<\/strong> 950mAh Rechargeable Type-C<\/p>\n<\/li>\n<li data-start=\"2070\" data-end=\"2124\">\n<p data-start=\"2072\" data-end=\"2124\"><strong data-start=\"2072\" data-end=\"2084\">Affichage :<\/strong> \u00c9cran LED intelligent (Batterie + E-liquide)<\/p>\n<\/li>\n<li data-start=\"2125\" data-end=\"2168\">\n<p data-start=\"2127\" data-end=\"2168\"><strong data-start=\"2127\" data-end=\"2136\">R\u00e9sistance :<\/strong> Double coil en mesh pour une vapeur riche<\/p>\n<\/li>\n<li data-start=\"2169\" data-end=\"2203\">\n<p data-start=\"2171\" data-end=\"2203\"><strong data-start=\"2171\" data-end=\"2183\">, assurant une long\u00e9vit\u00e9 in\u00e9gal\u00e9e.<\/strong> 20 options uniques<\/p>\n<p><figure id=\"attachment_4489\" aria-describedby=\"caption-attachment-4489\" style=\"width: 800px\" class=\"wp-caption alignnone\"><img decoding=\"async\" class=\"wp-image-4489 size-full\" src=\"https:\/\/vapestornado.com\/wp-content\/uploads\/2025\/10\/JNR-RageGorilla-55000Puffs-42ml-E-liquid.webp\" alt=\"JNR RageGorilla 55000 Puff 42ml E-liquide\" width=\"800\" height=\"449\" srcset=\"https:\/\/vapestornado.com\/wp-content\/uploads\/2025\/10\/JNR-RageGorilla-55000Puffs-42ml-E-liquid.webp 800w, https:\/\/vapestornado.com\/wp-content\/uploads\/2025\/10\/JNR-RageGorilla-55000Puffs-42ml-E-liquid-300x168.webp 300w, https:\/\/vapestornado.com\/wp-content\/uploads\/2025\/10\/JNR-RageGorilla-55000Puffs-42ml-E-liquid-768x431.webp 768w, https:\/\/vapestornado.com\/wp-content\/uploads\/2025\/10\/JNR-RageGorilla-55000Puffs-42ml-E-liquid-18x10.webp 18w, https:\/\/vapestornado.com\/wp-content\/uploads\/2025\/10\/JNR-RageGorilla-55000Puffs-42ml-E-liquid-600x337.webp 600w\" sizes=\"(max-width: 800px) 100vw, 800px\" \/><figcaption id=\"caption-attachment-4489\" class=\"wp-caption-text\">JNR RageGorilla 55000 Puff 42ml E-liquide<\/figcaption><\/figure><\/li>\n<\/ul>\n<div class=\"mceTemp\"><\/div>\n<h2 class=\"product-title\"><strong>Liste des saveurs de vapoteuse jetable JNR RageGorilla 55000 Puff<\/strong><\/h2>\n<p>1. Fraise Glac\u00e9e<br \/>\n2. Cola Cerise<br \/>\n3.Past\u00e8que Glac\u00e9e<br \/>\n4. Razz Blue Cerise<br \/>\n5. Fraise Kiwi<br \/>\n6. Myrtille Framboise Cerise<br \/>\n7. Fraise Past\u00e8que Glac\u00e9e<br \/>\n8. Kiwi Past\u00e8que Glac\u00e9e<br \/>\n9. Baies M\u00e9lang\u00e9es<br \/>\n10. P\u00eaches Juteuses<br \/>\n11. Glace \u00e0 la myrtille<br \/>\n12. Myrtille Framboise Acide<br \/>\n13.P\u00eache Blanche Razz<br \/>\n14.Mangue Fruit de la Passion<br \/>\n15.P\u00eache Mangue Past\u00e8que<br \/>\n16.Past\u00e8que Bubblegum<br \/>\n17. Fraise Banane<br \/>\n18.Pomme Double<br \/>\n19.Kiwi Passion Goyave<br \/>\n20.Cerise Baie<\/p>\n<figure id=\"attachment_4491\" aria-describedby=\"caption-attachment-4491\" style=\"width: 800px\" class=\"wp-caption alignnone\"><img decoding=\"async\" class=\"wp-image-4491 size-full\" src=\"https:\/\/vapestornado.com\/wp-content\/uploads\/2025\/10\/Puff-JNR-RageGorilla-55K-55000-Puffs.webp\" alt=\"Puff JNR RageGorilla 55K 55000 Bouff\u00e9es\" width=\"800\" height=\"450\" srcset=\"https:\/\/vapestornado.com\/wp-content\/uploads\/2025\/10\/Puff-JNR-RageGorilla-55K-55000-Puffs.webp 800w, https:\/\/vapestornado.com\/wp-content\/uploads\/2025\/10\/Puff-JNR-RageGorilla-55K-55000-Puffs-300x169.webp 300w, https:\/\/vapestornado.com\/wp-content\/uploads\/2025\/10\/Puff-JNR-RageGorilla-55K-55000-Puffs-768x432.webp 768w, https:\/\/vapestornado.com\/wp-content\/uploads\/2025\/10\/Puff-JNR-RageGorilla-55K-55000-Puffs-18x10.webp 18w, https:\/\/vapestornado.com\/wp-content\/uploads\/2025\/10\/Puff-JNR-RageGorilla-55K-55000-Puffs-600x338.webp 600w\" sizes=\"(max-width: 800px) 100vw, 800px\" \/><figcaption id=\"caption-attachment-4491\" class=\"wp-caption-text\">Puff JNR RageGorilla 55K 55000 Bouff\u00e9es<\/figcaption><\/figure>\n<div class=\"flex-shrink-0 flex flex-col relative items-end\">\n<div class=\"pt-0\">\n<div class=\"gizmo-bot-avatar flex h-8 w-8 items-center justify-center overflow-hidden rounded-full\">\n<div class=\"relative p-1 rounded-sm flex items-center justify-center bg-token-main-surface-primary text-token-text-primary h-8 w-8\">\n<h2 data-start=\"1200\" data-end=\"1487\">Vapes Tornado \u2013 Votre boutique en ligne de gros pour les meilleures marques de vapoteuses<\/h2>\n<p data-start=\"1200\" data-end=\"1487\">Vapes Tornado Boutique de fum\u00e9e en ligne est votre destination fiable pour <strong data-start=\"66\" data-end=\"94\">vapes jetables de qualit\u00e9 sup\u00e9rieure<\/strong> et de <strong data-start=\"99\" data-end=\"125\">cigarettes \u00e9lectroniques en gros<\/strong> \u00e0 travers l'Europe. Nous stockons des marques de vapotage populaires telles que <a href=\"https:\/\/vapestornado.com\/fr\/product\/elf-bar-raya-d3-25000-puffs-best-disposable-vape-wholesale-in-uk\/\">Vape Elf Bar<\/a>, <strong data-start=\"175\" data-end=\"228\"><a href=\"https:\/\/vapestornado.com\/fr\/product\/fumot-randm-tornado-15000-puffs-rechargeable-disposable-vape-wholesale\/\">Fumot Vape<\/a>, <a href=\"https:\/\/vapestornado.com\/fr\/product\/waspe-150k-150000-puff-6-in-1-disposable-vape-pen-cartridge-best-wholesale-price-in-poland\/\">Vape Waspe<\/a>, Vape Vozol Bar, <a href=\"https:\/\/vapestornado.com\/fr\/product-category\/bang-vape\/\">Bang Vape<\/a><\/strong>, et bien d'autres\u2014offrant une qualit\u00e9 exceptionnelle, une diversit\u00e9 d'options de saveurs et des designs innovants. Que vous soyez un utilisateur personnel ou un acheteur en gros, <strong data-start=\"372\" data-end=\"389\">Vapes Tornado<\/strong> fournit des appareils haute performance, des styles \u00e9l\u00e9gants et des prix de gros imbattables pour r\u00e9pondre \u00e0 vos besoins en vapotage.<\/p>\n<h2 data-start=\"2064\" data-end=\"2115\">FAQ sur la bo\u00eete de vapotage JNR RageGorilla 55000 Bouff\u00e9es<\/h2>\n<p data-start=\"2223\" data-end=\"2360\"><strong data-start=\"2223\" data-end=\"2273\">1. Combien de temps dure le JNR RageGorilla 55K?<\/strong><br data-start=\"2273\" data-end=\"2276\" \/>Il offre jusqu'\u00e0 <strong data-start=\"2294\" data-end=\"2309\">55000 bouff\u00e9es<\/strong>, en fonction de vos habitudes d'utilisation et de la longueur des bouff\u00e9es.<\/p>\n<p data-start=\"2362\" data-end=\"2489\"><strong data-start=\"2362\" data-end=\"2405\">2. Le JNR 55000 Bouff\u00e9es est-il rechargeable?<\/strong><br data-start=\"2405\" data-end=\"2408\" \/>Oui, il dispose d'une <strong data-start=\"2427\" data-end=\"2451\">port de chargement Type-C<\/strong> pour une recharge rapide et efficace.<\/p>\n<p data-start=\"2491\" data-end=\"2700\"><strong data-start=\"2491\" data-end=\"2571\">3. Qu'est-ce qui distingue le JNR RageGorilla 55K des autres vapoteuses jetables?<\/strong><br data-start=\"2571\" data-end=\"2574\" \/>Son <strong data-start=\"2578\" data-end=\"2596\">double bobine en maille<\/strong>, <strong data-start=\"2598\" data-end=\"2619\">\u00e9cran LED intelligent<\/strong>, et <strong data-start=\"2625\" data-end=\"2648\">grande capacit\u00e9 de 42ml<\/strong> le rendant remarquable tant par la saveur que par la durabilit\u00e9.<\/p>\n<p data-start=\"2702\" data-end=\"2828\"><strong data-start=\"2702\" data-end=\"2736\">4. Est-ce une vapoteuse \u00e0 faible nicotine?<\/strong><br data-start=\"2736\" data-end=\"2739\" \/>Oui, le <strong data-start=\"2748\" data-end=\"2768\">niveau de nicotine 2%<\/strong> offre une exp\u00e9rience plus douce adapt\u00e9e aux pr\u00e9f\u00e9rences de l'UE.<\/p>\n<p data-start=\"2830\" data-end=\"3015\"><strong data-start=\"2830\" data-end=\"2891\">5. Quelles sont les saveurs JNR RageGorilla 55K les plus populaires?<\/strong><br data-start=\"2891\" data-end=\"2894\" \/>Les saveurs les plus vendues incluent <strong data-start=\"2922\" data-end=\"2941\">Fraise Kiwi<\/strong>, <strong data-start=\"2943\" data-end=\"2958\">Coca-cola cerise<\/strong>, <strong data-start=\"2960\" data-end=\"2980\">Cerise Framboise Bleue<\/strong>, et <strong data-start=\"2986\" data-end=\"3012\">Past\u00e8que P\u00eache Mangue<\/strong>.<\/p>\n<\/div>\n<\/div>\n<\/div>\n<\/div>","protected":false},"excerpt":{"rendered":"<p>Con\u00e7u pour le march\u00e9 de l'UE, le <strong data-start=\"613\" data-end=\"629\">JNR 55K Vape<\/strong> est id\u00e9al pour les grossistes et les d\u00e9taillants recherchant <strong data-start=\"677\" data-end=\"717\">des vapoteuses jetables populaires \u00e0 faible nicotine<\/strong> avec un corps \u00e9l\u00e9gant et durable et une livraison de saveur constante. Parfait pour les vapoteurs \u00e0 la recherche d'un go\u00fbt premium et de performances modernes \u00e0 un <strong data-start=\"858\" data-end=\"889\">prix de gros comp\u00e9titif<\/strong>.<\/p>\n<p><strong>Ajoutez le WhatsApp d'Amy pour obtenir une r\u00e9ponse rapide et un prix r\u00e9duit !<\/strong><\/p>\n<p><img fetchpriority=\"high\" decoding=\"async\" class=\"size-full wp-image-2932\" src=\"https:\/\/vapestornado.com\/wp-content\/uploads\/2024\/12\/Vape-Wholesale.jpg\" alt=\"Vente en Gros de Vapes\" width=\"229\" height=\"300\" \/><\/p>\n<h3><a href=\"https:\/\/wa.me\/8617776015835\"><span style=\"color: #ff0000;\"><strong>WhatsApp : +86 17776015835<\/strong><\/span><\/a><\/h3>","protected":false},"featured_media":4484,"comment_status":"open","ping_status":"closed","template":"","meta":{"_acf_changed":false,"_uag_custom_page_level_css":"","_lmt_disableupdate":"no","_lmt_disable":"","_monsterinsights_skip_tracking":false,"_monsterinsights_sitenote_active":false,"_monsterinsights_sitenote_note":"","_monsterinsights_sitenote_category":0,"site-sidebar-layout":"default","site-content-layout":"","ast-site-content-layout":"default","site-content-style":"default","site-sidebar-style":"default","ast-global-header-display":"","ast-banner-title-visibility":"","ast-main-header-display":"","ast-hfb-above-header-display":"","ast-hfb-below-header-display":"","ast-hfb-mobile-header-display":"","site-post-title":"","ast-breadcrumbs-content":"","ast-featured-img":"","footer-sml-layout":"","ast-disable-related-posts":"","theme-transparent-header-meta":"default","adv-header-id-meta":"","stick-header-meta":"","header-above-stick-meta":"","header-main-stick-meta":"","header-below-stick-meta":"","astra-migrate-meta-layouts":"set","ast-page-background-enabled":"default","ast-page-background-meta":{"desktop":{"background-color":"","background-image":"","background-repeat":"repeat","background-position":"center center","background-size":"auto","background-attachment":"scroll","background-type":"","background-media":"","overlay-type":"","overlay-color":"","overlay-opacity":"","overlay-gradient":""},"tablet":{"background-color":"","background-image":"","background-repeat":"repeat","background-position":"center center","background-size":"auto","background-attachment":"scroll","background-type":"","background-media":"","overlay-type":"","overlay-color":"","overlay-opacity":"","overlay-gradient":""},"mobile":{"background-color":"","background-image":"","background-repeat":"repeat","background-position":"center center","background-size":"auto","background-attachment":"scroll","background-type":"","background-media":"","overlay-type":"","overlay-color":"","overlay-opacity":"","overlay-gradient":""}},"ast-content-background-meta":{"desktop":{"background-color":"var(--ast-global-color-5)","background-image":"","background-repeat":"repeat","background-position":"center center","background-size":"auto","background-attachment":"scroll","background-type":"","background-media":"","overlay-type":"","overlay-color":"","overlay-opacity":"","overlay-gradient":""},"tablet":{"background-color":"var(--ast-global-color-5)","background-image":"","background-repeat":"repeat","background-position":"center center","background-size":"auto","background-attachment":"scroll","background-type":"","background-media":"","overlay-type":"","overlay-color":"","overlay-opacity":"","overlay-gradient":""},"mobile":{"background-color":"var(--ast-global-color-5)","background-image":"","background-repeat":"repeat","background-position":"center center","background-size":"auto","background-attachment":"scroll","background-type":"","background-media":"","overlay-type":"","overlay-color":"","overlay-opacity":"","overlay-gradient":""}},"_joinchat":[]},"product_brand":[],"product_cat":[149,150,151,154,141,142,76,144],"product_tag":[120,403,406,413,135,246,390,397],"class_list":{"0":"post-4493","1":"product","2":"type-product","3":"status-publish","4":"has-post-thumbnail","6":"product_cat-buy-disposable-vapes-in-austria","7":"product_cat-buy-disposable-vapes-in-belgium","8":"product_cat-buy-disposable-vapes-in-france","9":"product_cat-buy-disposable-vapes-in-netherlands","10":"product_cat-crystal-disposable-vapes","11":"product_cat-digital-box-disposable-vapes","12":"product_cat-jnr-vape","13":"product_cat-low-nicotine-disposable-vapes","14":"product_tag-crystal-vape","15":"product_tag-disposable-vape-box","16":"product_tag-disposable-vape-fast-shipping","17":"product_tag-jnr-ragegorilla-55000-puffs","18":"product_tag-jnr-vape","19":"product_tag-low-nicotine-disposable-vape","20":"product_tag-online-vape-shop","21":"product_tag-vapor","22":"desktop-align-left","23":"tablet-align-left","24":"mobile-align-left","26":"first","27":"instock","28":"sale","29":"shipping-taxable","30":"purchasable","31":"product-type-simple"},"acf":[],"uagb_featured_image_src":{"full":["https:\/\/vapestornado.com\/wp-content\/uploads\/2025\/10\/JNR-Rage-Gorilla-55000-Puffs-55k-Vape-42ml-Smart-Screen.webp",800,800,false],"thumbnail":["https:\/\/vapestornado.com\/wp-content\/uploads\/2025\/10\/JNR-Rage-Gorilla-55000-Puffs-55k-Vape-42ml-Smart-Screen-150x150.webp",150,150,true],"medium":["https:\/\/vapestornado.com\/wp-content\/uploads\/2025\/10\/JNR-Rage-Gorilla-55000-Puffs-55k-Vape-42ml-Smart-Screen-300x300.webp",300,300,true],"medium_large":["https:\/\/vapestornado.com\/wp-content\/uploads\/2025\/10\/JNR-Rage-Gorilla-55000-Puffs-55k-Vape-42ml-Smart-Screen-768x768.webp",768,768,true],"large":["https:\/\/vapestornado.com\/wp-content\/uploads\/2025\/10\/JNR-Rage-Gorilla-55000-Puffs-55k-Vape-42ml-Smart-Screen.webp",800,800,false],"1536x1536":["https:\/\/vapestornado.com\/wp-content\/uploads\/2025\/10\/JNR-Rage-Gorilla-55000-Puffs-55k-Vape-42ml-Smart-Screen.webp",800,800,false],"2048x2048":["https:\/\/vapestornado.com\/wp-content\/uploads\/2025\/10\/JNR-Rage-Gorilla-55000-Puffs-55k-Vape-42ml-Smart-Screen.webp",800,800,false],"trp-custom-language-flag":["https:\/\/vapestornado.com\/wp-content\/uploads\/2025\/10\/JNR-Rage-Gorilla-55000-Puffs-55k-Vape-42ml-Smart-Screen-12x12.webp",12,12,true],"woocommerce_thumbnail":["https:\/\/vapestornado.com\/wp-content\/uploads\/2025\/10\/JNR-Rage-Gorilla-55000-Puffs-55k-Vape-42ml-Smart-Screen-300x300.webp",300,300,true],"woocommerce_single":["https:\/\/vapestornado.com\/wp-content\/uploads\/2025\/10\/JNR-Rage-Gorilla-55000-Puffs-55k-Vape-42ml-Smart-Screen-600x600.webp",600,600,true],"woocommerce_gallery_thumbnail":["https:\/\/vapestornado.com\/wp-content\/uploads\/2025\/10\/JNR-Rage-Gorilla-55000-Puffs-55k-Vape-42ml-Smart-Screen-100x100.webp",100,100,true]},"uagb_author_info":{"display_name":"ESAMY","author_link":"https:\/\/vapestornado.com\/fr\/author\/"},"uagb_comment_info":2,"uagb_excerpt":"Designed for the EU market, the JNR 55K Vape is ideal for wholesalers and retailers seeking popular low nicotine disposable vapes with a stylish, durable body and consistent flavor delivery. Perfect for vapers looking for premium taste and modern performance at a competitive wholesale price. Add Amy's whatsapp to get right reply and discount price!\u2026","_links":{"self":[{"href":"https:\/\/vapestornado.com\/fr\/wp-json\/wp\/v2\/product\/4493","targetHints":{"allow":["GET"]}}],"collection":[{"href":"https:\/\/vapestornado.com\/fr\/wp-json\/wp\/v2\/product"}],"about":[{"href":"https:\/\/vapestornado.com\/fr\/wp-json\/wp\/v2\/types\/product"}],"replies":[{"embeddable":true,"href":"https:\/\/vapestornado.com\/fr\/wp-json\/wp\/v2\/comments?post=4493"}],"wp:featuredmedia":[{"embeddable":true,"href":"https:\/\/vapestornado.com\/fr\/wp-json\/wp\/v2\/media\/4484"}],"wp:attachment":[{"href":"https:\/\/vapestornado.com\/fr\/wp-json\/wp\/v2\/media?parent=4493"}],"wp:term":[{"taxonomy":"product_brand","embeddable":true,"href":"https:\/\/vapestornado.com\/fr\/wp-json\/wp\/v2\/product_brand?post=4493"},{"taxonomy":"product_cat","embeddable":true,"href":"https:\/\/vapestornado.com\/fr\/wp-json\/wp\/v2\/product_cat?post=4493"},{"taxonomy":"product_tag","embeddable":true,"href":"https:\/\/vapestornado.com\/fr\/wp-json\/wp\/v2\/product_tag?post=4493"}],"curies":[{"name":"wp","href":"https:\/\/api.w.org\/{rel}","templated":true}]}}