{"id":4483,"date":"2025-10-30T06:42:12","date_gmt":"2025-10-30T06:42:12","guid":{"rendered":"https:\/\/vapestornado.com\/?post_type=product&#038;p=4483"},"modified":"2025-12-12T08:55:22","modified_gmt":"2025-12-12T08:55:22","slug":"jnr-falcon-pro-28k-28000-disposable-vape-puff-bar-rechargeable","status":"publish","type":"product","link":"https:\/\/vapestornado.com\/fr\/product\/jnr-falcon-pro-28k-28000-disposable-vape-puff-bar-rechargeable\/","title":{"rendered":"JNR Falcon Pro 28k 28000 Vape Jetable Puff Bar Rechargeable"},"content":{"rendered":"<h2 data-pm-slice=\"1 1 []\">JNR Falcon Pro 28K Puff Bar rechargeable \u2013 Vape jetable 28000 bouff\u00e9es en gros<\/h2>\n<p data-start=\"73\" data-end=\"688\">L' <strong data-start=\"97\" data-end=\"119\">JNR Falcon Pro 28K<\/strong> est un jetable rechargeable con\u00e7u pour les vapoteurs qui attendent plus qu'une simple commodit\u00e9 \u00e0 court terme. Avec <strong data-start=\"216\" data-end=\"238\">jusqu'\u00e0 28 000 bouff\u00e9es<\/strong>, un <strong data-start=\"242\" data-end=\"268\">Capacit\u00e9 de 30 ml d'e-liquide<\/strong>, et une <strong data-start=\"276\" data-end=\"294\">double bobine en maille<\/strong>, il est con\u00e7u pour offrir une saveur et une vapeur stables sur une utilisation prolong\u00e9e. Ajoutez un <strong data-start=\"372\" data-end=\"410\">batterie rechargeable Type-C de 950mAh<\/strong> et une <strong data-start=\"418\" data-end=\"446\">\u00e9cran intelligent<\/strong>, et vous obtenez un appareil qui se rapproche davantage d'un <strong data-start=\"500\" data-end=\"520\">mod de cigarette \u00e9lectronique<\/strong> compact \u2014 sans configuration ni maintenance.<\/p>\n<h3 data-start=\"791\" data-end=\"864\">Pourquoi le JNR Falcon Pro 28k offre-t-il une meilleure valeur que les vapoteuses jetables classiques ?<\/h3>\n<ul data-start=\"866\" data-end=\"2179\">\n<li data-start=\"866\" data-end=\"1161\">\n<p data-start=\"868\" data-end=\"1161\"><strong data-start=\"868\" data-end=\"906\">Endurance adapt\u00e9e aux routines r\u00e9elles.<\/strong> L' <strong data-start=\"911\" data-end=\"949\">Vape jetable JNR Falcon Pro 28K<\/strong> associe une haute <strong data-start=\"963\" data-end=\"982\">capacit\u00e9 de 28K bouff\u00e9es<\/strong> avec un <strong data-start=\"990\" data-end=\"1003\">r\u00e9servoir de 30ml<\/strong>, ce qui le rend adapt\u00e9 aux utilisateurs r\u00e9guliers en <strong data-start=\"1045\" data-end=\"1090\">France, France, Italie, Espagne et Pologne<\/strong> qui souhaitent moins de remplacements et une utilisation quotidienne pr\u00e9visible avec un seul appareil.<\/p>\n<\/li>\n<li data-start=\"1163\" data-end=\"1428\">\n<p data-start=\"1165\" data-end=\"1428\"><strong data-start=\"1165\" data-end=\"1202\">Double coil en mesh pour une sortie stable.<\/strong> \u00c0 l\u2019int\u00e9rieur du <strong data-start=\"1214\" data-end=\"1243\">Vapeur rechargeable JNR 28K<\/strong> conception, le <strong data-start=\"1256\" data-end=\"1274\">double bobine en maille<\/strong> r\u00e9partit la chaleur uniform\u00e9ment \u00e0 travers la m\u00e8che. Cela aide la vapeur \u00e0 rester douce et la saveur \u00e0 rester pleine plus profond\u00e9ment dans le r\u00e9servoir, au lieu de s'amincir apr\u00e8s une utilisation intensive.<\/p>\n<\/li>\n<li data-start=\"1430\" data-end=\"1649\">\n<p data-start=\"1432\" data-end=\"1649\"><strong data-start=\"1432\" data-end=\"1480\">Puissance rechargeable qui prot\u00e8ge le liquide.<\/strong> A <strong data-start=\"1483\" data-end=\"1521\">batterie rechargeable Type-C de 950mAh<\/strong> signifie que vous pouvez recharger la puissance lorsque cela est n\u00e9cessaire et continuer \u00e0 vapoter jusqu'\u00e0 ce que le liquide soit termin\u00e9 \u2014 pas de mise au rebut pr\u00e9matur\u00e9e, pas de gaspillage de e-liquide.<\/p>\n<\/li>\n<li data-start=\"1651\" data-end=\"1884\">\n<p data-start=\"1653\" data-end=\"1884\"><strong data-start=\"1653\" data-end=\"1689\">L'\u00e9cran intelligent vous tient inform\u00e9.<\/strong> L' <strong data-start=\"1694\" data-end=\"1747\">affichage LED intelligent sur le JNR Falcon Pro 28K<\/strong> affiche en temps r\u00e9el les niveaux de batterie et de e-liquide, pour que vous sachiez si l'appareil peut couvrir une longue journ\u00e9e de travail ou une soir\u00e9e sans deviner.<\/p>\n<\/li>\n<li data-start=\"1886\" data-end=\"2179\">\n<p data-start=\"1888\" data-end=\"2179\"><strong data-start=\"1888\" data-end=\"1939\">Excell rapport qualit\u00e9-prix pour les canaux de vente au d\u00e9tail et en gros.<\/strong> Avec des fonctionnalit\u00e9s g\u00e9n\u00e9ralement pr\u00e9sentes sur des appareils plus complexes, le <strong data-start=\"1996\" data-end=\"2018\">JNR Falcon Pro 28000<\/strong>\u00a0se comporte bien dans n'importe quel <strong data-start=\"2040\" data-end=\"2053\">magasin de vapotage<\/strong> et convient aux acheteurs comparant les disposables haut de gamme \u00e0 <strong data-start=\"2108\" data-end=\"2138\">Cigarettes bon march\u00e9 en gros<\/strong> des alternatives pour une meilleure valeur \u00e0 long terme.<\/p>\n<\/li>\n<\/ul>\n<p><strong><span style=\"color: #ff0000;\">Ajoutez le WhatsApp d'Amy pour obtenir une bonne r\u00e9ponse et un coupon de vape !<\/span><\/strong><\/p>\n<p><img fetchpriority=\"high\" decoding=\"async\" class=\"size-full wp-image-2932\" src=\"https:\/\/vapestornado.com\/wp-content\/uploads\/2024\/12\/Vape-Wholesale.jpg\" alt=\"Vente en Gros de Vapes\" width=\"229\" height=\"300\" \/><\/p>\n<h3><a href=\"https:\/\/wa.me\/8617776015835\" target=\"_blank\" rel=\"noopener\"><span style=\"color: #ff0000;\"><strong>WhatsApp : +86 17776015835<\/strong><\/span><\/a><\/h3>\n<p>&nbsp;<\/p>\n<h2><strong>Caract\u00e9ristiques du produit JNR Falcon Pro 28k<\/strong><\/h2>\n<table>\n<thead>\n<tr>\n<th>Fonctionnalit\u00e9<\/th>\n<th>sp\u00e9cifications<\/th>\n<th>d\u00e9tails<\/th>\n<\/tr>\n<\/thead>\n<tbody>\n<tr>\n<td>Nom du produit<\/td>\n<td>JNR Falcon Pro 28K<\/td>\n<td>Vape jetable rechargeable \u00e0 haute capacit\u00e9<\/td>\n<\/tr>\n<tr>\n<td>Capacit\u00e9 de bouff\u00e9es<\/td>\n<td>Jusqu'\u00e0 28 000 bouff\u00e9es<\/td>\n<td>Con\u00e7u pour une utilisation prolong\u00e9e sur plusieurs semaines<\/td>\n<\/tr>\n<tr>\n<td>Volume de e-liquide<\/td>\n<td>30ml pr\u00e9-rempli<\/td>\n<td>Grand r\u00e9servoir supportant de longues sessions<\/td>\n<\/tr>\n<tr>\n<td>Technologie de la bobine<\/td>\n<td>Double r\u00e9sistance mesh<\/td>\n<td>Chauffage uniforme pour une vapeur douce et une saveur riche<\/td>\n<\/tr>\n<tr>\n<td>Batterie<\/td>\n<td>950mAh rechargeable<\/td>\n<td>Prend en charge la recharge r\u00e9p\u00e9t\u00e9e tout au long de la dur\u00e9e de vie de l'appareil<\/td>\n<\/tr>\n<tr>\n<td>Chargement<\/td>\n<td>charge rapide Type-C<\/td>\n<td>Recharge rapide et moderne avec des c\u00e2bles conformes aux normes UE<\/td>\n<\/tr>\n<tr>\n<td>Affichage<\/td>\n<td>\u00c9cran intelligent<\/td>\n<td>Statut de la batterie et du e-liquide en temps r\u00e9el<\/td>\n<\/tr>\n<tr>\n<td>Design<\/td>\n<td>Corps de style cristal avec logo Falcon<\/td>\n<td>Aspect moderne avec sensation solide en main<\/td>\n<\/tr>\n<tr>\n<td>Options de saveurs<\/td>\n<td>Jusqu'\u00e0 20 saveurs<\/td>\n<td>Profils fruit, glace et m\u00e9lang\u00e9s disponibles<\/td>\n<\/tr>\n<tr>\n<td>Positionnement<\/td>\n<td>D\u00e9tail et gros<\/td>\n<td>Convient pour les boutiques de vape et la distribution en gros<\/td>\n<\/tr>\n<\/tbody>\n<\/table>\n<figure id=\"attachment_4478\" aria-describedby=\"caption-attachment-4478\" style=\"width: 800px\" class=\"wp-caption alignnone\"><img decoding=\"async\" class=\"wp-image-4478 size-full\" src=\"https:\/\/vapestornado.com\/wp-content\/uploads\/2025\/10\/JNR-Falcon-Pro-28000-2-Nicotine-Disposable-Vapes.webp\" alt=\"JNR Falcon Pro 28000 2% Vapes jetables \u00e0 la nicotine\" width=\"800\" height=\"800\" srcset=\"https:\/\/vapestornado.com\/wp-content\/uploads\/2025\/10\/JNR-Falcon-Pro-28000-2-Nicotine-Disposable-Vapes.webp 800w, https:\/\/vapestornado.com\/wp-content\/uploads\/2025\/10\/JNR-Falcon-Pro-28000-2-Nicotine-Disposable-Vapes-300x300.webp 300w, https:\/\/vapestornado.com\/wp-content\/uploads\/2025\/10\/JNR-Falcon-Pro-28000-2-Nicotine-Disposable-Vapes-150x150.webp 150w, https:\/\/vapestornado.com\/wp-content\/uploads\/2025\/10\/JNR-Falcon-Pro-28000-2-Nicotine-Disposable-Vapes-768x768.webp 768w, https:\/\/vapestornado.com\/wp-content\/uploads\/2025\/10\/JNR-Falcon-Pro-28000-2-Nicotine-Disposable-Vapes-12x12.webp 12w, https:\/\/vapestornado.com\/wp-content\/uploads\/2025\/10\/JNR-Falcon-Pro-28000-2-Nicotine-Disposable-Vapes-600x600.webp 600w, https:\/\/vapestornado.com\/wp-content\/uploads\/2025\/10\/JNR-Falcon-Pro-28000-2-Nicotine-Disposable-Vapes-100x100.webp 100w\" sizes=\"(max-width: 800px) 100vw, 800px\" \/><figcaption id=\"caption-attachment-4478\" class=\"wp-caption-text\">JNR Falcon Pro 28000 2% Vapes jetables \u00e0 la nicotine<\/figcaption><\/figure>\n<h2 class=\"product-title\"><strong>Liste des saveurs de vape jetable JNR Falcon Pro 28k<\/strong><\/h2>\n<p>1 Fraise Glac\u00e9e<br \/>\n2 Cerise Cola<br \/>\n3 Past\u00e8que Glac\u00e9e<br \/>\n4 Razz Bleu Cerise<br \/>\n5 Fraise Kiwi<br \/>\n6 Myrtille Framboise Cerise<br \/>\n7 Fraise Past\u00e8que Glac\u00e9e<br \/>\n8 Kiwi Past\u00e8que Glac\u00e9e<br \/>\n9 Baies M\u00e9lang\u00e9es<br \/>\n10 P\u00eaches Juteuses<br \/>\n11 Glace Myrtille<br \/>\n12 Framboise Acide Myrtille<br \/>\n13 Razz P\u00eache Blanche<br \/>\n14 Mangue Fruit de la Passion<br \/>\n15 P\u00eache Mangue Past\u00e8que<br \/>\n16 Chewing-gum Past\u00e8que<br \/>\n17 Fraise Banane<br \/>\n18 Double Pomme<br \/>\n19 Kiwi Fruit de la Passion Goyave<br \/>\n20 Cerise Baie<\/p>\n<div class=\"flex-shrink-0 flex flex-col relative items-end\">\n<div class=\"pt-0\">\n<div class=\"gizmo-bot-avatar flex h-8 w-8 items-center justify-center overflow-hidden rounded-full\">\n<div class=\"relative p-1 rounded-sm flex items-center justify-center bg-token-main-surface-primary text-token-text-primary h-8 w-8\">\n<h2 data-start=\"1200\" data-end=\"1487\">Vapes Tornado \u2013 Votre boutique en ligne de gros pour les meilleures marques de vapoteuses<\/h2>\n<p data-start=\"1200\" data-end=\"1487\">Vapes Tornado Boutique de fum\u00e9e en ligne est votre destination fiable pour <strong data-start=\"66\" data-end=\"94\">vapes jetables de qualit\u00e9 sup\u00e9rieure<\/strong> et de <strong data-start=\"99\" data-end=\"125\">cigarettes \u00e9lectroniques en gros<\/strong> \u00e0 travers l'Europe. Nous stockons des marques de vapotage populaires telles que <a href=\"https:\/\/vapestornado.com\/fr\/product\/elf-bar-raya-d3-25000-puffs-best-disposable-vape-wholesale-in-uk\/\">Vape Elf Bar<\/a>, <strong data-start=\"175\" data-end=\"228\"><a href=\"https:\/\/vapestornado.com\/fr\/product\/fumot-randm-tornado-15000-puffs-rechargeable-disposable-vape-wholesale\/\">Fumot Vape<\/a>, <a href=\"https:\/\/vapestornado.com\/fr\/product\/waspe-150k-150000-puff-6-in-1-disposable-vape-pen-cartridge-best-wholesale-price-in-poland\/\">Vape Waspe<\/a>, Vape Vozol Bar, <a href=\"https:\/\/vapestornado.com\/fr\/product-category\/bang-vape\/\">Bang Vape<\/a><\/strong>, et bien d'autres\u2014offrant une qualit\u00e9 exceptionnelle, une diversit\u00e9 d'options de saveurs et des designs innovants. Que vous soyez un utilisateur personnel ou un acheteur en gros, <strong data-start=\"372\" data-end=\"389\">Vapes Tornado<\/strong> fournit des appareils haute performance, des styles \u00e9l\u00e9gants et des prix de gros imbattables pour r\u00e9pondre \u00e0 vos besoins en vapotage.<\/p>\n<h2 data-start=\"2064\" data-end=\"2115\"><\/h2>\n<h2 data-start=\"2064\" data-end=\"2115\">FAQ sur la Vape Box JNR Falcon Pro 28k<\/h2>\n<h3 data-start=\"3123\" data-end=\"3203\">1. Combien de temps dure la cigarette jetable JNR Falcon Pro 28K en utilisation quotidienne?<\/h3>\n<p data-start=\"3204\" data-end=\"3362\">Avec <strong data-start=\"3209\" data-end=\"3225\">28 000 bouff\u00e9es<\/strong> et une <strong data-start=\"3232\" data-end=\"3245\">r\u00e9servoir de 30ml<\/strong>, de nombreux utilisateurs r\u00e9guliers trouvent le <strong data-start=\"3275\" data-end=\"3297\">JNR Falcon Pro 28K<\/strong> dure <strong data-start=\"3304\" data-end=\"3321\">plusieurs semaines<\/strong>, en fonction de la longueur et de la fr\u00e9quence de l'inhalation.<\/p>\n<h3 data-start=\"3369\" data-end=\"3461\">2. Quel avantage offre la double bobine en mesh dans la cigarette jetable rechargeable JNR 28K?<\/h3>\n<p data-start=\"3462\" data-end=\"3614\">L' <strong data-start=\"3466\" data-end=\"3484\">double bobine en maille<\/strong> chauffe plus uniform\u00e9ment que les bobines en fil simple, aidant la vapeur \u00e0 rester dense et la saveur constante tout au long de la dur\u00e9e de vie de l'appareil.<\/p>\n<h3 data-start=\"3621\" data-end=\"3722\">3. Le JNR Falcon Pro 28K est-il plus proche des mods de cigarette \u00e9lectronique ou des cigarettes jetables standard en termes de performance?<\/h3>\n<p data-start=\"3723\" data-end=\"3861\">En termes de stabilit\u00e9 et de contr\u00f4le de la sortie, il se rapproche davantage des appareils compacts <strong data-start=\"3792\" data-end=\"3812\">mod de cigarette \u00e9lectronique<\/strong>, mais sans bobines \u00e0 changer ni r\u00e9servoirs \u00e0 remplir.<\/p>\n<h3 data-start=\"3868\" data-end=\"3943\">4. Quelle utilit\u00e9 pr\u00e9sente l'\u00e9cran intelligent du JNR Falcon Pro 28K Puff Bar?<\/h3>\n<p data-start=\"3944\" data-end=\"4092\">L' <strong data-start=\"3948\" data-end=\"3964\">\u00e0 \u00e9cran intelligent<\/strong> affiche clairement les niveaux de batterie et de liquide, permettant une meilleure planification de la charge et r\u00e9duisant les coupures inattendues durant la journ\u00e9e.<\/p>\n<h3 data-start=\"4099\" data-end=\"4232\">5. Le JNR Falcon Pro 28K est-il une bonne option pour les boutiques de vape ou les acheteurs en gros comparant aux alternatives de cigarettes bon march\u00e9 en gros?<\/h3>\n<p data-start=\"4233\" data-end=\"4467\">Oui. Pour <strong data-start=\"4242\" data-end=\"4255\">magasin de vapotage<\/strong> les propri\u00e9taires et les acheteurs en gros, le <strong data-start=\"4284\" data-end=\"4306\">JNR Falcon Pro 28K<\/strong> offre un nombre \u00e9lev\u00e9 de bouff\u00e9es, un design rechargeable et des fonctionnalit\u00e9s premium qui s\u00e9duisent les utilisateurs recherchant une valeur \u00e0 long terme au-del\u00e0 de <strong data-start=\"4427\" data-end=\"4457\">Cigarettes bon march\u00e9 en gros<\/strong> produits.<\/p>\n<\/div>\n<\/div>\n<\/div>\n<\/div>","protected":false},"excerpt":{"rendered":"<ul>\n<li data-start=\"2055\" data-end=\"2134\">\n<p data-start=\"2058\" data-end=\"2134\">Acheter JNR 28K Puff Bar en ligne \u2013 Vape jetable rechargeable longue dur\u00e9e EU<\/p>\n<\/li>\n<li data-start=\"2055\" data-end=\"2134\">\n<p data-start=\"2058\" data-end=\"2134\">JNR Falcon 28000 Puffs Vape \u2013 Puff Bar \u00e0 double coil en mesh en gros<\/p>\n<\/li>\n<\/ul>\n<p><strong>Ajoutez le WhatsApp d'Amy pour obtenir une r\u00e9ponse rapide et un prix r\u00e9duit !<\/strong><\/p>\n<p><img fetchpriority=\"high\" decoding=\"async\" class=\"size-full wp-image-2932\" src=\"https:\/\/vapestornado.com\/wp-content\/uploads\/2024\/12\/Vape-Wholesale.jpg\" alt=\"Vente en Gros de Vapes\" width=\"229\" height=\"300\" \/><\/p>\n<h3><a href=\"https:\/\/wa.me\/8617776015835\"><span style=\"color: #ff0000;\"><strong>WhatsApp : +86 17776015835<\/strong><\/span><\/a><\/h3>","protected":false},"featured_media":4477,"comment_status":"open","ping_status":"closed","template":"","meta":{"_acf_changed":false,"_uag_custom_page_level_css":"","_lmt_disableupdate":"no","_lmt_disable":"","_monsterinsights_skip_tracking":false,"_monsterinsights_sitenote_active":false,"_monsterinsights_sitenote_note":"","_monsterinsights_sitenote_category":0,"site-sidebar-layout":"default","site-content-layout":"","ast-site-content-layout":"default","site-content-style":"default","site-sidebar-style":"default","ast-global-header-display":"","ast-banner-title-visibility":"","ast-main-header-display":"","ast-hfb-above-header-display":"","ast-hfb-below-header-display":"","ast-hfb-mobile-header-display":"","site-post-title":"","ast-breadcrumbs-content":"","ast-featured-img":"","footer-sml-layout":"","ast-disable-related-posts":"","theme-transparent-header-meta":"default","adv-header-id-meta":"","stick-header-meta":"","header-above-stick-meta":"","header-main-stick-meta":"","header-below-stick-meta":"","astra-migrate-meta-layouts":"set","ast-page-background-enabled":"default","ast-page-background-meta":{"desktop":{"background-color":"","background-image":"","background-repeat":"repeat","background-position":"center center","background-size":"auto","background-attachment":"scroll","background-type":"","background-media":"","overlay-type":"","overlay-color":"","overlay-opacity":"","overlay-gradient":""},"tablet":{"background-color":"","background-image":"","background-repeat":"repeat","background-position":"center center","background-size":"auto","background-attachment":"scroll","background-type":"","background-media":"","overlay-type":"","overlay-color":"","overlay-opacity":"","overlay-gradient":""},"mobile":{"background-color":"","background-image":"","background-repeat":"repeat","background-position":"center center","background-size":"auto","background-attachment":"scroll","background-type":"","background-media":"","overlay-type":"","overlay-color":"","overlay-opacity":"","overlay-gradient":""}},"ast-content-background-meta":{"desktop":{"background-color":"var(--ast-global-color-5)","background-image":"","background-repeat":"repeat","background-position":"center center","background-size":"auto","background-attachment":"scroll","background-type":"","background-media":"","overlay-type":"","overlay-color":"","overlay-opacity":"","overlay-gradient":""},"tablet":{"background-color":"var(--ast-global-color-5)","background-image":"","background-repeat":"repeat","background-position":"center center","background-size":"auto","background-attachment":"scroll","background-type":"","background-media":"","overlay-type":"","overlay-color":"","overlay-opacity":"","overlay-gradient":""},"mobile":{"background-color":"var(--ast-global-color-5)","background-image":"","background-repeat":"repeat","background-position":"center center","background-size":"auto","background-attachment":"scroll","background-type":"","background-media":"","overlay-type":"","overlay-color":"","overlay-opacity":"","overlay-gradient":""}},"_joinchat":[]},"product_brand":[],"product_cat":[235,149,150,151,154,141,142,76,144],"product_tag":[403,406,411,412,410,390,397],"class_list":{"0":"post-4483","1":"product","2":"type-product","3":"status-publish","4":"has-post-thumbnail","6":"product_cat-28000-puff","7":"product_cat-buy-disposable-vapes-in-austria","8":"product_cat-buy-disposable-vapes-in-belgium","9":"product_cat-buy-disposable-vapes-in-france","10":"product_cat-buy-disposable-vapes-in-netherlands","11":"product_cat-crystal-disposable-vapes","12":"product_cat-digital-box-disposable-vapes","13":"product_cat-jnr-vape","14":"product_cat-low-nicotine-disposable-vapes","15":"product_tag-disposable-vape-box","16":"product_tag-disposable-vape-fast-shipping","17":"product_tag-jnr-28k","18":"product_tag-jnr-falcon-pro-280000","19":"product_tag-jnr-falcon-pro-28k","20":"product_tag-online-vape-shop","21":"product_tag-vapor","22":"desktop-align-left","23":"tablet-align-left","24":"mobile-align-left","26":"first","27":"instock","28":"sale","29":"shipping-taxable","30":"purchasable","31":"product-type-simple"},"acf":[],"uagb_featured_image_src":{"full":["https:\/\/vapestornado.com\/wp-content\/uploads\/2025\/10\/JNR-Falcon-Pro-28K-Puff-Dispsoable-Vape-Wholesale-Price.webp",800,800,false],"thumbnail":["https:\/\/vapestornado.com\/wp-content\/uploads\/2025\/10\/JNR-Falcon-Pro-28K-Puff-Dispsoable-Vape-Wholesale-Price-150x150.webp",150,150,true],"medium":["https:\/\/vapestornado.com\/wp-content\/uploads\/2025\/10\/JNR-Falcon-Pro-28K-Puff-Dispsoable-Vape-Wholesale-Price-300x300.webp",300,300,true],"medium_large":["https:\/\/vapestornado.com\/wp-content\/uploads\/2025\/10\/JNR-Falcon-Pro-28K-Puff-Dispsoable-Vape-Wholesale-Price-768x768.webp",768,768,true],"large":["https:\/\/vapestornado.com\/wp-content\/uploads\/2025\/10\/JNR-Falcon-Pro-28K-Puff-Dispsoable-Vape-Wholesale-Price.webp",800,800,false],"1536x1536":["https:\/\/vapestornado.com\/wp-content\/uploads\/2025\/10\/JNR-Falcon-Pro-28K-Puff-Dispsoable-Vape-Wholesale-Price.webp",800,800,false],"2048x2048":["https:\/\/vapestornado.com\/wp-content\/uploads\/2025\/10\/JNR-Falcon-Pro-28K-Puff-Dispsoable-Vape-Wholesale-Price.webp",800,800,false],"trp-custom-language-flag":["https:\/\/vapestornado.com\/wp-content\/uploads\/2025\/10\/JNR-Falcon-Pro-28K-Puff-Dispsoable-Vape-Wholesale-Price-12x12.webp",12,12,true],"woocommerce_thumbnail":["https:\/\/vapestornado.com\/wp-content\/uploads\/2025\/10\/JNR-Falcon-Pro-28K-Puff-Dispsoable-Vape-Wholesale-Price-300x300.webp",300,300,true],"woocommerce_single":["https:\/\/vapestornado.com\/wp-content\/uploads\/2025\/10\/JNR-Falcon-Pro-28K-Puff-Dispsoable-Vape-Wholesale-Price-600x600.webp",600,600,true],"woocommerce_gallery_thumbnail":["https:\/\/vapestornado.com\/wp-content\/uploads\/2025\/10\/JNR-Falcon-Pro-28K-Puff-Dispsoable-Vape-Wholesale-Price-100x100.webp",100,100,true]},"uagb_author_info":{"display_name":"ESAMY","author_link":"https:\/\/vapestornado.com\/fr\/author\/"},"uagb_comment_info":1,"uagb_excerpt":"Buy JNR 28K Puff Bar Online \u2013 Long-Lasting Rechargeable Disposable Vape EU JNR Falcon 28000 Puffs Vape \u2013 Dual Mesh Coil Puff Bar at Wholesale Price Add Amy's whatsapp to get right reply and discount price! WhatsApp: +86 17776015835","_links":{"self":[{"href":"https:\/\/vapestornado.com\/fr\/wp-json\/wp\/v2\/product\/4483","targetHints":{"allow":["GET"]}}],"collection":[{"href":"https:\/\/vapestornado.com\/fr\/wp-json\/wp\/v2\/product"}],"about":[{"href":"https:\/\/vapestornado.com\/fr\/wp-json\/wp\/v2\/types\/product"}],"replies":[{"embeddable":true,"href":"https:\/\/vapestornado.com\/fr\/wp-json\/wp\/v2\/comments?post=4483"}],"wp:featuredmedia":[{"embeddable":true,"href":"https:\/\/vapestornado.com\/fr\/wp-json\/wp\/v2\/media\/4477"}],"wp:attachment":[{"href":"https:\/\/vapestornado.com\/fr\/wp-json\/wp\/v2\/media?parent=4483"}],"wp:term":[{"taxonomy":"product_brand","embeddable":true,"href":"https:\/\/vapestornado.com\/fr\/wp-json\/wp\/v2\/product_brand?post=4483"},{"taxonomy":"product_cat","embeddable":true,"href":"https:\/\/vapestornado.com\/fr\/wp-json\/wp\/v2\/product_cat?post=4483"},{"taxonomy":"product_tag","embeddable":true,"href":"https:\/\/vapestornado.com\/fr\/wp-json\/wp\/v2\/product_tag?post=4483"}],"curies":[{"name":"wp","href":"https:\/\/api.w.org\/{rel}","templated":true}]}}