{"id":4462,"date":"2025-10-28T06:37:23","date_gmt":"2025-10-28T06:37:23","guid":{"rendered":"https:\/\/vapestornado.com\/?post_type=product&#038;p=4462"},"modified":"2025-10-28T07:04:10","modified_gmt":"2025-10-28T07:04:10","slug":"stagbar-nexus-60k-puffs-buy-disposable-vapes-online-wholesale-price","status":"publish","type":"product","link":"https:\/\/vapestornado.com\/fr\/product\/stagbar-nexus-60k-puffs-buy-disposable-vapes-online-wholesale-price\/","title":{"rendered":"STAGBAR NEXUS 60K Bouff\u00e9es Achetez des cigarettes \u00e9lectroniques jetables en ligne au prix de gros"},"content":{"rendered":"<h2 data-pm-slice=\"1 1 []\">STAGBAR NEXUS 60K Bouff\u00e9es Achetez des cigarettes \u00e9lectroniques jetables en ligne au prix de gros<\/h2>\n<p data-start=\"329\" data-end=\"654\"><strong data-start=\"329\" data-end=\"350\">STAGBAR NEXUS 60K<\/strong> est une nouvelle star <strong data-start=\"369\" data-end=\"389\">Vapeur jetable<\/strong> con\u00e7u pour les vapoteurs qui exigent des performances durables et un design moderne. Avec une grande <strong data-start=\"469\" data-end=\"493\">capacit\u00e9 de 60000 bouff\u00e9es<\/strong>, cet appareil red\u00e9finit la valeur sur le <strong data-start=\"530\" data-end=\"559\">march\u00e9 de la vape jetable en gros<\/strong> march\u00e9, offrant une utilisation \u00e0 long terme, des performances stables et une qualit\u00e9 de saveur premium \u00e0 chaque bouff\u00e9e.<\/p>\n<p data-start=\"656\" data-end=\"1059\">Con\u00e7u pour le confort et la commodit\u00e9, le <strong data-start=\"698\" data-end=\"721\">STAGBAR NEXUS 60000<\/strong> dispose d'un <strong data-start=\"733\" data-end=\"751\">double bobine en maille<\/strong> qui assure un go\u00fbt riche et une vapeur \u00e9paisse, tandis que le <strong data-start=\"803\" data-end=\"832\">syst\u00e8me de flux d'air r\u00e9glable<\/strong> vous permet de personnaliser chaque bouff\u00e9e, d'un MTL serr\u00e9 \u00e0 un DTL ouvert. Un <strong data-start=\"892\" data-end=\"913\">\u00e9cran LED intelligent<\/strong> vous tient inform\u00e9 des niveaux d'e-liquide et de batterie, et le <strong data-start=\"973\" data-end=\"1011\">Batterie rechargeable 850mAh Type-C<\/strong> fournit une puissance constante avec une charge rapide.<\/p>\n<p data-start=\"1061\" data-end=\"1301\">Les vapes Stagbar conqui\u00e8rent maintenant le march\u00e9 de l'UE, en particulier le march\u00e9 espagnol, et deviennent les mod\u00e8les les plus vendus et les marques les plus populaires aupr\u00e8s des vapoteurs. Pour les vapoteurs et les distributeurs qui cherchent \u00e0 <strong data-start=\"1100\" data-end=\"1131\">acheter des vapes jetables en ligne<\/strong> avec une qualit\u00e9 fiable, un style \u00e9l\u00e9gant et <strong data-start=\"1172\" data-end=\"1189\">une exp\u00e9dition rapide<\/strong> partout en Europe, <strong data-start=\"1205\" data-end=\"1226\">STAGBAR NEXUS 60K<\/strong> est la solution tout-en-un parfaite pour les acheteurs en d\u00e9tail et en gros.<\/p>\n<p data-start=\"1061\" data-end=\"1301\">Maintenant, les pods de cigarette \u00e9lectronique jetables STAGBAR NEXUS 60K Puff sont disponibles en entrep\u00f4t en UE, ce qui ne prend que 3-7 jours ouvrables pour une livraison rapide !<\/p>\n<p><strong><span style=\"color: #ff0000;\">Ajoutez le WhatsApp d'Amy pour obtenir une bonne r\u00e9ponse et un coupon de vape !<\/span><\/strong><\/p>\n<p><img fetchpriority=\"high\" decoding=\"async\" class=\"size-full wp-image-2932\" src=\"https:\/\/vapestornado.com\/wp-content\/uploads\/2024\/12\/Vape-Wholesale.jpg\" alt=\"Vente en Gros de Vapes\" width=\"229\" height=\"300\" \/><\/p>\n<h3><a href=\"https:\/\/wa.me\/8617776015835\" target=\"_blank\" rel=\"noopener\"><span style=\"color: #ff0000;\"><strong>WhatsApp : +86 17776015835<\/strong><\/span><\/a><\/h3>\n<p>&nbsp;<\/p>\n<h2><strong>Caract\u00e9ristiques du produit STAGBAR NEXUS 60K Puff<\/strong><\/h2>\n<ul>\n<li data-start=\"1329\" data-end=\"1383\">\n<p data-start=\"1331\" data-end=\"1383\"><strong data-start=\"1331\" data-end=\"1353\">Jusqu'\u00e0 60 000 bouff\u00e9es<\/strong> pour une utilisation ultra-longue dur\u00e9e.<\/p>\n<\/li>\n<li data-start=\"1384\" data-end=\"1452\">\n<p data-start=\"1386\" data-end=\"1452\"><strong data-start=\"1386\" data-end=\"1411\">Double coil en mesh (0,9\u03a9)<\/strong> pour une saveur am\u00e9lior\u00e9e et une densit\u00e9 de vapeur accrue.<\/p>\n<\/li>\n<li data-start=\"1453\" data-end=\"1514\">\n<p data-start=\"1455\" data-end=\"1514\"><strong data-start=\"1455\" data-end=\"1481\">Capacit\u00e9 de e-liquide de 50 mL<\/strong> pr\u00e9-rempli avec des m\u00e9langes de qualit\u00e9 sup\u00e9rieure.<\/p>\n<\/li>\n<li data-start=\"1515\" data-end=\"1577\">\n<p data-start=\"1517\" data-end=\"1577\"><strong data-start=\"1517\" data-end=\"1548\">Batterie Rechargeable de 850mAh<\/strong> avec charge rapide Type-C.<\/p>\n<\/li>\n<li data-start=\"1578\" data-end=\"1643\">\n<p data-start=\"1580\" data-end=\"1643\"><strong data-start=\"1580\" data-end=\"1610\">Contr\u00f4le de flux d'air r\u00e9glable<\/strong> pour un style de vapotage personnalis\u00e9.<\/p>\n<\/li>\n<li data-start=\"1644\" data-end=\"1716\">\n<p data-start=\"1646\" data-end=\"1716\"><strong data-start=\"1646\" data-end=\"1668\">\u00c9cran d'affichage LED<\/strong> affiche en temps r\u00e9el les niveaux de puissance et de e-liquide.<\/p>\n<\/li>\n<li data-start=\"1717\" data-end=\"1777\">\n<p data-start=\"1719\" data-end=\"1777\"><strong data-start=\"1719\" data-end=\"1742\">Options de nicotine 2% &amp; 5%<\/strong> pour des pr\u00e9f\u00e9rences de march\u00e9 flexibles.<\/p>\n<\/li>\n<\/ul>\n<figure id=\"attachment_4456\" aria-describedby=\"caption-attachment-4456\" style=\"width: 800px\" class=\"wp-caption alignnone\"><img decoding=\"async\" class=\"wp-image-4456 size-full\" src=\"https:\/\/vapestornado.com\/wp-content\/uploads\/2025\/10\/Stagbar-Nexus-60000-60K-Puffs-Disposable-Vape-Box.webp\" alt=\"Bo\u00eete de vape jetable Stagbar Nexus 60000 60K Puff\" width=\"800\" height=\"800\" srcset=\"https:\/\/vapestornado.com\/wp-content\/uploads\/2025\/10\/Stagbar-Nexus-60000-60K-Puffs-Disposable-Vape-Box.webp 800w, https:\/\/vapestornado.com\/wp-content\/uploads\/2025\/10\/Stagbar-Nexus-60000-60K-Puffs-Disposable-Vape-Box-300x300.webp 300w, https:\/\/vapestornado.com\/wp-content\/uploads\/2025\/10\/Stagbar-Nexus-60000-60K-Puffs-Disposable-Vape-Box-150x150.webp 150w, https:\/\/vapestornado.com\/wp-content\/uploads\/2025\/10\/Stagbar-Nexus-60000-60K-Puffs-Disposable-Vape-Box-768x768.webp 768w, https:\/\/vapestornado.com\/wp-content\/uploads\/2025\/10\/Stagbar-Nexus-60000-60K-Puffs-Disposable-Vape-Box-12x12.webp 12w, https:\/\/vapestornado.com\/wp-content\/uploads\/2025\/10\/Stagbar-Nexus-60000-60K-Puffs-Disposable-Vape-Box-600x600.webp 600w, https:\/\/vapestornado.com\/wp-content\/uploads\/2025\/10\/Stagbar-Nexus-60000-60K-Puffs-Disposable-Vape-Box-100x100.webp 100w\" sizes=\"(max-width: 800px) 100vw, 800px\" \/><figcaption id=\"caption-attachment-4456\" class=\"wp-caption-text\">Bo\u00eete de vape jetable Stagbar Nexus 60000 60K Puff<\/figcaption><\/figure>\n<h2 class=\"product-title\"><strong>Liste des saveurs de vape STAGBAR NEXUS 60K Puff<\/strong><\/h2>\n<ol data-start=\"1828\" data-end=\"2025\">\n<li data-start=\"1828\" data-end=\"1847\">\n<p data-start=\"1831\" data-end=\"1847\">Glace Past\u00e8que<\/p>\n<\/li>\n<li data-start=\"1848\" data-end=\"1876\">\n<p data-start=\"1851\" data-end=\"1876\">Myrtille Framboise Glac\u00e9e<\/p>\n<\/li>\n<li data-start=\"1877\" data-end=\"1895\">\n<p data-start=\"1880\" data-end=\"1895\">Baies M\u00e9lang\u00e9es<\/p>\n<\/li>\n<li data-start=\"1896\" data-end=\"1917\">\n<p data-start=\"1899\" data-end=\"1917\">Raisin et fraise<\/p>\n<\/li>\n<li data-start=\"1918\" data-end=\"1938\">\n<p data-start=\"1921\" data-end=\"1938\">Fraise Kiwi<\/p>\n<\/li>\n<li data-start=\"1939\" data-end=\"1951\">\n<p data-start=\"1942\" data-end=\"1951\">Amour 66<\/p>\n<\/li>\n<li data-start=\"1952\" data-end=\"1977\">\n<p data-start=\"1955\" data-end=\"1977\">Framboise Past\u00e8que<\/p>\n<\/li>\n<li data-start=\"1978\" data-end=\"1993\">\n<p data-start=\"1981\" data-end=\"1993\">Citron Vert<\/p>\n<\/li>\n<li data-start=\"1994\" data-end=\"2010\">\n<p data-start=\"1997\" data-end=\"2010\">P\u00eache Mangue<\/p>\n<\/li>\n<li data-start=\"2011\" data-end=\"2025\">\n<p data-start=\"2015\" data-end=\"2025\">Red Bull<\/p>\n<\/li>\n<\/ol>\n<div class=\"flex-shrink-0 flex flex-col relative items-end\">\n<div class=\"pt-0\">\n<div class=\"gizmo-bot-avatar flex h-8 w-8 items-center justify-center overflow-hidden rounded-full\">\n<div class=\"relative p-1 rounded-sm flex items-center justify-center bg-token-main-surface-primary text-token-text-primary h-8 w-8\">\n<h2 data-start=\"1200\" data-end=\"1487\">Vapes Tornado \u2013 Votre boutique en ligne de gros pour les meilleures marques de vapoteuses<\/h2>\n<p data-start=\"1200\" data-end=\"1487\">Vapes Tornado Boutique de fum\u00e9e en ligne est votre destination fiable pour <strong data-start=\"66\" data-end=\"94\">vapes jetables de qualit\u00e9 sup\u00e9rieure<\/strong> et de <strong data-start=\"99\" data-end=\"125\">cigarettes \u00e9lectroniques en gros<\/strong> \u00e0 travers l'Europe. Nous stockons des marques de vapotage populaires telles que <a href=\"https:\/\/vapestornado.com\/fr\/product\/elf-bar-raya-d3-25000-puffs-best-disposable-vape-wholesale-in-uk\/\">Vape Elf Bar<\/a>, <strong data-start=\"175\" data-end=\"228\"><a href=\"https:\/\/vapestornado.com\/fr\/product\/fumot-randm-tornado-15000-puffs-rechargeable-disposable-vape-wholesale\/\">Fumot Vape<\/a>, <a href=\"https:\/\/vapestornado.com\/fr\/product\/waspe-150k-150000-puff-6-in-1-disposable-vape-pen-cartridge-best-wholesale-price-in-poland\/\">Vape Waspe<\/a>, Vape Vozol Bar, <a href=\"https:\/\/vapestornado.com\/fr\/product-category\/bang-vape\/\">Bang Vape<\/a><\/strong>, et bien d'autres\u2014offrant une qualit\u00e9 exceptionnelle, une diversit\u00e9 d'options de saveurs et des designs innovants. Que vous soyez un utilisateur personnel ou un acheteur en gros, <strong data-start=\"372\" data-end=\"389\">Vapes Tornado<\/strong> fournit des appareils haute performance, des styles \u00e9l\u00e9gants et des prix de gros imbattables pour r\u00e9pondre \u00e0 vos besoins en vapotage.<\/p>\n<h2 data-start=\"2064\" data-end=\"2115\">Questions fr\u00e9quentes sur la cigarette \u00e9lectronique rechargeable STAGBAR NEXUS 60K bouff\u00e9es<\/h2>\n<p data-start=\"2043\" data-end=\"2212\"><strong data-start=\"2043\" data-end=\"2094\">Q1 : Combien de temps dure la STAGBAR NEXUS 60000 bouff\u00e9es ?<\/strong><br data-start=\"2094\" data-end=\"2097\" \/>A1 : Il offre jusqu'\u00e0 <strong data-start=\"2119\" data-end=\"2135\">60 000 bouff\u00e9es<\/strong>, con\u00e7u pour une utilisation \u00e0 long terme\u2014bien plus longue que les cigarettes \u00e9lectroniques jetables traditionnelles.<\/p>\n<p data-start=\"2214\" data-end=\"2395\"><strong data-start=\"2214\" data-end=\"2275\">Q2 : Puis-je recharger la cigarette \u00e9lectronique jetable STAGBAR NEXUS 60K ?<\/strong><br data-start=\"2275\" data-end=\"2278\" \/>A2 : Oui. Elle est livr\u00e9e avec un <strong data-start=\"2304\" data-end=\"2342\">Batterie rechargeable 850mAh Type-C<\/strong>, garantissant une vapote continue sans interruption.<\/p>\n<p data-start=\"2397\" data-end=\"2579\"><strong data-start=\"2397\" data-end=\"2456\">Q3 : La STAGBAR 60K dispose-t-elle d\u2019un flux d\u2019air r\u00e9glable ?<\/strong><br data-start=\"2456\" data-end=\"2459\" \/>A3 : Absolument. Vous pouvez ajuster le flux d\u2019air pour obtenir votre style d\u2019inhalation pr\u00e9f\u00e9r\u00e9\u2014des tirages MTL doux \u00e0 des nuages plus importants.<\/p>\n<p data-start=\"2581\" data-end=\"2765\"><strong data-start=\"2581\" data-end=\"2644\">Q4 : Comment savoir quand la e-liquide de la cigarette \u00e9lectronique est presque vide ?<\/strong><br data-start=\"2644\" data-end=\"2647\" \/>A4 : La <strong data-start=\"2655\" data-end=\"2670\">\u00c9cran LED<\/strong> indique clairement \u00e0 la fois <strong data-start=\"2694\" data-end=\"2725\">niveaux de batterie et d'e-liquide<\/strong>, afin que vous ne soyez jamais pris au d\u00e9pourvu.<\/p>\n<p data-start=\"2767\" data-end=\"2979\"><strong data-start=\"2767\" data-end=\"2848\">Q5 : O\u00f9 puis-je acheter en gros des cigarettes \u00e9lectroniques jetables STAGBAR NEXUS 60000 en Europe ?<\/strong><br data-start=\"2848\" data-end=\"2851\" \/>A5 : Vous pouvez <strong data-start=\"2863\" data-end=\"2894\">acheter des vapes jetables en ligne<\/strong> chez des distributeurs fiables bas\u00e9s en Europe proposant <strong data-start=\"2937\" data-end=\"2976\">une livraison rapide et des prix de gros<\/strong>.<\/p>\n<\/div>\n<\/div>\n<\/div>\n<\/div>","protected":false},"excerpt":{"rendered":"<p>Vente en gros de vapes jetables STAGBAR NEXUS 60K \u2013 Achetez en ligne avec une livraison rapide dans l'UE<\/p>\n<p>Vape STAGBAR NEXUS 60000 Bouff\u00e9es \u2013 Vaporisateur jetable rechargeable pour l'Europe<\/p>\n<p>Achetez en ligne la vape jetable STAGBAR NEXUS 60K Bouff\u00e9es \u2013 Prix de gros et livraison rapide<\/p>\n<p><strong>Ajoutez le WhatsApp d'Amy pour obtenir une r\u00e9ponse rapide et un prix r\u00e9duit !<\/strong><\/p>\n<p><img fetchpriority=\"high\" decoding=\"async\" class=\"size-full wp-image-2932\" src=\"https:\/\/vapestornado.com\/wp-content\/uploads\/2024\/12\/Vape-Wholesale.jpg\" alt=\"Vente en Gros de Vapes\" width=\"229\" height=\"300\" \/><\/p>\n<h3><a href=\"https:\/\/wa.me\/8617776015835\"><span style=\"color: #ff0000;\"><strong>WhatsApp : +86 17776015835<\/strong><\/span><\/a><\/h3>","protected":false},"featured_media":4460,"comment_status":"open","ping_status":"closed","template":"","meta":{"_acf_changed":false,"_uag_custom_page_level_css":"","_lmt_disableupdate":"no","_lmt_disable":"","_monsterinsights_skip_tracking":false,"_monsterinsights_sitenote_active":false,"_monsterinsights_sitenote_note":"","_monsterinsights_sitenote_category":0,"site-sidebar-layout":"default","site-content-layout":"","ast-site-content-layout":"default","site-content-style":"default","site-sidebar-style":"default","ast-global-header-display":"","ast-banner-title-visibility":"","ast-main-header-display":"","ast-hfb-above-header-display":"","ast-hfb-below-header-display":"","ast-hfb-mobile-header-display":"","site-post-title":"","ast-breadcrumbs-content":"","ast-featured-img":"","footer-sml-layout":"","ast-disable-related-posts":"","theme-transparent-header-meta":"default","adv-header-id-meta":"","stick-header-meta":"","header-above-stick-meta":"","header-main-stick-meta":"","header-below-stick-meta":"","astra-migrate-meta-layouts":"set","ast-page-background-enabled":"default","ast-page-background-meta":{"desktop":{"background-color":"","background-image":"","background-repeat":"repeat","background-position":"center center","background-size":"auto","background-attachment":"scroll","background-type":"","background-media":"","overlay-type":"","overlay-color":"","overlay-opacity":"","overlay-gradient":""},"tablet":{"background-color":"","background-image":"","background-repeat":"repeat","background-position":"center center","background-size":"auto","background-attachment":"scroll","background-type":"","background-media":"","overlay-type":"","overlay-color":"","overlay-opacity":"","overlay-gradient":""},"mobile":{"background-color":"","background-image":"","background-repeat":"repeat","background-position":"center center","background-size":"auto","background-attachment":"scroll","background-type":"","background-media":"","overlay-type":"","overlay-color":"","overlay-opacity":"","overlay-gradient":""}},"ast-content-background-meta":{"desktop":{"background-color":"var(--ast-global-color-5)","background-image":"","background-repeat":"repeat","background-position":"center center","background-size":"auto","background-attachment":"scroll","background-type":"","background-media":"","overlay-type":"","overlay-color":"","overlay-opacity":"","overlay-gradient":""},"tablet":{"background-color":"var(--ast-global-color-5)","background-image":"","background-repeat":"repeat","background-position":"center center","background-size":"auto","background-attachment":"scroll","background-type":"","background-media":"","overlay-type":"","overlay-color":"","overlay-opacity":"","overlay-gradient":""},"mobile":{"background-color":"var(--ast-global-color-5)","background-image":"","background-repeat":"repeat","background-position":"center center","background-size":"auto","background-attachment":"scroll","background-type":"","background-media":"","overlay-type":"","overlay-color":"","overlay-opacity":"","overlay-gradient":""}},"_joinchat":[]},"product_brand":[],"product_cat":[343,152,156,158,143,357,146],"product_tag":[403,406,390,405,397,404],"class_list":{"0":"post-4462","1":"product","2":"type-product","3":"status-publish","4":"has-post-thumbnail","6":"product_cat-60000-puff","7":"product_cat-buy-disposable-vapes-in-cermany","8":"product_cat-buy-disposable-vapes-in-poland","9":"product_cat-buy-disposable-vapes-in-spain","10":"product_cat-dual-mesh-disposable-vapes","11":"product_cat-flavor-adjustable-vape","12":"product_cat-rechargeable-disposable-vapes","13":"product_tag-disposable-vape-box","14":"product_tag-disposable-vape-fast-shipping","15":"product_tag-online-vape-shop","16":"product_tag-stagbar-nexus-60k","17":"product_tag-vapor","18":"product_tag-wholesale-online-vape-store","19":"desktop-align-left","20":"tablet-align-left","21":"mobile-align-left","23":"first","24":"instock","25":"sale","26":"shipping-taxable","27":"purchasable","28":"product-type-simple"},"acf":[],"uagb_featured_image_src":{"full":["https:\/\/vapestornado.com\/wp-content\/uploads\/2025\/10\/Stagbar-Nexus-60000-60K-Puffs-Disposable-Vape-1.webp",800,800,false],"thumbnail":["https:\/\/vapestornado.com\/wp-content\/uploads\/2025\/10\/Stagbar-Nexus-60000-60K-Puffs-Disposable-Vape-1-150x150.webp",150,150,true],"medium":["https:\/\/vapestornado.com\/wp-content\/uploads\/2025\/10\/Stagbar-Nexus-60000-60K-Puffs-Disposable-Vape-1-300x300.webp",300,300,true],"medium_large":["https:\/\/vapestornado.com\/wp-content\/uploads\/2025\/10\/Stagbar-Nexus-60000-60K-Puffs-Disposable-Vape-1-768x768.webp",768,768,true],"large":["https:\/\/vapestornado.com\/wp-content\/uploads\/2025\/10\/Stagbar-Nexus-60000-60K-Puffs-Disposable-Vape-1.webp",800,800,false],"1536x1536":["https:\/\/vapestornado.com\/wp-content\/uploads\/2025\/10\/Stagbar-Nexus-60000-60K-Puffs-Disposable-Vape-1.webp",800,800,false],"2048x2048":["https:\/\/vapestornado.com\/wp-content\/uploads\/2025\/10\/Stagbar-Nexus-60000-60K-Puffs-Disposable-Vape-1.webp",800,800,false],"trp-custom-language-flag":["https:\/\/vapestornado.com\/wp-content\/uploads\/2025\/10\/Stagbar-Nexus-60000-60K-Puffs-Disposable-Vape-1-12x12.webp",12,12,true],"woocommerce_thumbnail":["https:\/\/vapestornado.com\/wp-content\/uploads\/2025\/10\/Stagbar-Nexus-60000-60K-Puffs-Disposable-Vape-1-300x300.webp",300,300,true],"woocommerce_single":["https:\/\/vapestornado.com\/wp-content\/uploads\/2025\/10\/Stagbar-Nexus-60000-60K-Puffs-Disposable-Vape-1-600x600.webp",600,600,true],"woocommerce_gallery_thumbnail":["https:\/\/vapestornado.com\/wp-content\/uploads\/2025\/10\/Stagbar-Nexus-60000-60K-Puffs-Disposable-Vape-1-100x100.webp",100,100,true]},"uagb_author_info":{"display_name":"ESAMY","author_link":"https:\/\/vapestornado.com\/fr\/author\/"},"uagb_comment_info":1,"uagb_excerpt":"STAGBAR NEXUS 60K Disposable Vape Wholesale \u2013 Buy Online with Fast EU Shipping STAGBAR NEXUS 60000 Puffs Vape \u2013 Rechargeable Disposable Vapor for Europe Buy STAGBAR NEXUS 60K Puffs Disposable Vape Online \u2013 Wholesale Price &amp; Fast Delivery Add Amy's whatsapp to get right reply and discount price! WhatsApp: +86 17776015835","_links":{"self":[{"href":"https:\/\/vapestornado.com\/fr\/wp-json\/wp\/v2\/product\/4462","targetHints":{"allow":["GET"]}}],"collection":[{"href":"https:\/\/vapestornado.com\/fr\/wp-json\/wp\/v2\/product"}],"about":[{"href":"https:\/\/vapestornado.com\/fr\/wp-json\/wp\/v2\/types\/product"}],"replies":[{"embeddable":true,"href":"https:\/\/vapestornado.com\/fr\/wp-json\/wp\/v2\/comments?post=4462"}],"wp:featuredmedia":[{"embeddable":true,"href":"https:\/\/vapestornado.com\/fr\/wp-json\/wp\/v2\/media\/4460"}],"wp:attachment":[{"href":"https:\/\/vapestornado.com\/fr\/wp-json\/wp\/v2\/media?parent=4462"}],"wp:term":[{"taxonomy":"product_brand","embeddable":true,"href":"https:\/\/vapestornado.com\/fr\/wp-json\/wp\/v2\/product_brand?post=4462"},{"taxonomy":"product_cat","embeddable":true,"href":"https:\/\/vapestornado.com\/fr\/wp-json\/wp\/v2\/product_cat?post=4462"},{"taxonomy":"product_tag","embeddable":true,"href":"https:\/\/vapestornado.com\/fr\/wp-json\/wp\/v2\/product_tag?post=4462"}],"curies":[{"name":"wp","href":"https:\/\/api.w.org\/{rel}","templated":true}]}}