{"id":4438,"date":"2025-10-20T04:17:46","date_gmt":"2025-10-20T04:17:46","guid":{"rendered":"https:\/\/vapestornado.com\/?post_type=product&#038;p=4438"},"modified":"2025-12-12T09:51:23","modified_gmt":"2025-12-12T09:51:23","slug":"bang-legend-120000-120k-puff-5-in-1-flavor-switch-disposable-vape","status":"publish","type":"product","link":"https:\/\/vapestornado.com\/fr\/product\/bang-legend-120000-120k-puff-5-in-1-flavor-switch-disposable-vape\/","title":{"rendered":"Bang Legend 120000 120K Bouff\u00e9es Vape Jetable 5 en 1 Changeur de Saveur"},"content":{"rendered":"<h2 data-pm-slice=\"1 1 []\">Bang Legend 120000 Cigarette \u00c9lectronique Jetable \u2014 Bang Legend 120k Switch Saveur 5-en-1 &amp; 120 000 Bouff\u00e9es<\/h2>\n<p data-start=\"1107\" data-end=\"1364\"><strong data-start=\"103\" data-end=\"125\">Bang Legend 120000<\/strong> est un appareil de grande capacit\u00e9 <strong data-start=\"145\" data-end=\"160\">cigarette \u00e9lectronique<\/strong> con\u00e7u pour les utilisateurs qui veulent un seul appareil pour couvrir tout le mois (et plus), sans \u00eatre bloqu\u00e9 sur une seule saveur. Il offre jusqu'\u00e0 <strong data-start=\"301\" data-end=\"318\">120 000 bouff\u00e9es<\/strong> et ajoute un <strong data-start=\"330\" data-end=\"355\">switch saveur 5-en-1<\/strong> pour que vous puissiez alterner entre cinq m\u00e9langes instantan\u00e9ment. Un <strong data-start=\"407\" data-end=\"427\">moteur \u00e0 coil en mesh<\/strong> garde la vapeur dense et la saveur puissante, tandis que <strong data-start=\"473\" data-end=\"495\">flux d\u2019air r\u00e9glable<\/strong> vous permet de passer d'une aspiration plus serr\u00e9e de type MTL \u00e0 une inhalation plus pleine et a\u00e9r\u00e9e. Le <strong data-start=\"568\" data-end=\"599\">Batterie rechargeable de type C<\/strong> et de <strong data-start=\"604\" data-end=\"625\">LED intelligent<\/strong> reste pratique : charge rapide, suivi de la batterie et du liquide, et continuez.<\/p>\n<h3 data-start=\"1136\" data-end=\"1187\">Points forts de la performance (riche en SEO, ax\u00e9 sur l'utilisateur)<\/h3>\n<ul data-start=\"1189\" data-end=\"2704\">\n<li data-start=\"1189\" data-end=\"1518\">\n<p data-start=\"1191\" data-end=\"1518\"><strong data-start=\"1191\" data-end=\"1235\">Endurance de 120K con\u00e7ue pour les routines intensives.<\/strong> L' <strong data-start=\"1240\" data-end=\"1285\">Cigarette \u00e9lectronique jetable Bang Legend 120000<\/strong> vise les utilisateurs qui consomment trop rapidement les jetables standards. En <strong data-start=\"1358\" data-end=\"1403\">Allemagne, Espagne, Pologne, France et Italie<\/strong>, les appareils de cette cat\u00e9gorie gagnent car ils r\u00e9duisent les achats r\u00e9p\u00e9t\u00e9s et simplifient le port quotidien \u2014 une unit\u00e9, une longue autonomie.<\/p>\n<\/li>\n<li data-start=\"1520\" data-end=\"1834\">\n<p data-start=\"1522\" data-end=\"1834\"><strong data-start=\"1522\" data-end=\"1566\">5 saveurs \u00e9vitent la \u00ab fatigue du m\u00eame go\u00fbt \u00bb.<\/strong> L' <strong data-start=\"1571\" data-end=\"1613\">Switch saveur 5-en-1 Bang Legend 120k<\/strong> r\u00e9sout la principale faiblesse des appareils \u00e0 tr\u00e8s grand nombre de bouff\u00e9es : l'ennui. La rotation des saveurs en quelques secondes maintient le plaisir de l'appareil sur la dur\u00e9e, ce qui am\u00e9liore les taux de compl\u00e9tion dans la vie r\u00e9elle par rapport aux barres \u00e0 haute bouff\u00e9e \u00e0 saveur unique.<\/p>\n<\/li>\n<li data-start=\"1836\" data-end=\"2060\">\n<p data-start=\"1838\" data-end=\"2060\"><strong data-start=\"1838\" data-end=\"1887\">La performance du coil en mesh reste dense et lisse.<\/strong> L' <strong data-start=\"1892\" data-end=\"1912\">moteur \u00e0 coil en mesh<\/strong> r\u00e9partit la chaleur uniform\u00e9ment, soutenant une vapeur \u00e9paisse et une forte livraison de saveur sans les tirages rugueux et secs qui peuvent appara\u00eetre tard dans la dur\u00e9e de vie de l'appareil.<\/p>\n<\/li>\n<li data-start=\"2062\" data-end=\"2358\">\n<p data-start=\"2064\" data-end=\"2358\"><strong data-start=\"2064\" data-end=\"2111\">Contr\u00f4le de flux d'air r\u00e9glable pour des tirages MTL ou plus pleins.<\/strong> Le contr\u00f4le du flux d'air vous permet de resserrer l'aspiration pour une sensation de cigarette ou de l'ouvrir pour une inhalation plus ouverte. Cette flexibilit\u00e9 aide les ex-fumeurs et les vapoteurs exp\u00e9riment\u00e9s \u00e0 utiliser le m\u00eame appareil dans diff\u00e9rentes situations \u2014 pauses au travail, voyages ou vie nocturne.<\/p>\n<\/li>\n<li data-start=\"2360\" data-end=\"2704\">\n<p data-start=\"2362\" data-end=\"2704\"><strong data-start=\"2362\" data-end=\"2414\">Valeur pr\u00eate \u00e0 l\\'emploi en gros \u00e0 un prix abordable par bouff\u00e9e.<\/strong> Pour tout <strong data-start=\"2423\" data-end=\"2447\">Grossiste en cigarettes<\/strong> ou acheteur au d\u00e9tail comparant des options \u00e0 haute capacit\u00e9, le <strong data-start=\"2501\" data-end=\"2523\">Bang Legend 120000<\/strong> est facile \u00e0 positionner : nombre massif de bouff\u00e9es, changement multi-parfums, affichage intelligent et rechargeabilit\u00e9\u2014des caract\u00e9ristiques qui justifient une demande r\u00e9p\u00e9t\u00e9e tout en maintenant un co\u00fbt par bouff\u00e9e attractif.<\/p>\n<\/li>\n<\/ul>\n<p><strong><span style=\"color: #ff0000;\">Ajoutez le WhatsApp d'Amy pour obtenir une bonne r\u00e9ponse et un coupon de vape !<\/span><\/strong><\/p>\n<p><img fetchpriority=\"high\" decoding=\"async\" class=\"size-full wp-image-2932\" src=\"https:\/\/vapestornado.com\/wp-content\/uploads\/2024\/12\/Vape-Wholesale.jpg\" alt=\"Vente en Gros de Vapes\" width=\"229\" height=\"300\" \/><\/p>\n<h3><a href=\"https:\/\/wa.me\/8617776015835\" target=\"_blank\" rel=\"noopener\"><span style=\"color: #ff0000;\"><strong>WhatsApp : +86 17776015835<\/strong><\/span><\/a><\/h3>\n<p>&nbsp;<\/p>\n<h2><strong>Bang Legend 120000 Bouff\u00e9es 5-en-1 Caract\u00e9ristiques principales du produit<\/strong><\/h2>\n<table>\n<thead>\n<tr>\n<th>Fonctionnalit\u00e9<\/th>\n<th>sp\u00e9cifications<\/th>\n<th>d\u00e9tails<\/th>\n<\/tr>\n<\/thead>\n<tbody>\n<tr>\n<td>Nom du produit<\/td>\n<td>Bang Legend 120000 \/ Bang Legend 120k<\/td>\n<td>Cigarette \u00e9lectronique jetable \u00e0 commutateur de saveurs 5-en-1<\/td>\n<\/tr>\n<tr>\n<td>Capacit\u00e9 de bouff\u00e9es<\/td>\n<td>Jusqu\\'\u00e0 120 000 bouff\u00e9es<\/td>\n<td>Dur\u00e9e de vie ultra-longue pour les utilisateurs intensifs ou fr\u00e9quents<\/td>\n<\/tr>\n<tr>\n<td>Syst\u00e8me de saveur<\/td>\n<td>switch saveur 5-en-1<\/td>\n<td>Cinq saveurs pr\u00e9charg\u00e9es dans un seul appareil, changement instantan\u00e9<\/td>\n<\/tr>\n<tr>\n<td>Type de Bobine<\/td>\n<td>Moteur \u00e0 coil en mesh<\/td>\n<td>Chauffage uniforme pour vapeur dense et saveur forte<\/td>\n<\/tr>\n<tr>\n<td>Chargement<\/td>\n<td>Rechargeable Type-C<\/td>\n<td>Recharges rapides pour maintenir l\\'utilisation de l\\'appareil tout au long de sa vie<\/td>\n<\/tr>\n<tr>\n<td>Flux d'air<\/td>\n<td>Flux d'air r\u00e9glable<\/td>\n<td>R\u00e9glez la aspiration du tirage, du plus serr\u00e9 MTL au plus ouvert pour inhaler<\/td>\n<\/tr>\n<tr>\n<td>Affichage<\/td>\n<td>\u00c9cran intelligent \u00e0 LED<\/td>\n<td>Suivi clair des niveaux de batterie et de e-liquide<\/td>\n<\/tr>\n<tr>\n<td>Positionnement<\/td>\n<td>D\u00e9tail + gros<\/td>\n<td>Con\u00e7u pour la cat\u00e9gorie de vape \u00e0 rotation \u00e9lev\u00e9e et les commandes en gros<\/td>\n<\/tr>\n<\/tbody>\n<\/table>\n<figure id=\"attachment_4437\" aria-describedby=\"caption-attachment-4437\" style=\"width: 300px\" class=\"wp-caption alignnone\"><img decoding=\"async\" class=\"size-medium wp-image-4437\" src=\"https:\/\/vapestornado.com\/wp-content\/uploads\/2025\/10\/Newest-Bang-Legend-120K-Puff-5-In-1-Flavor-Switch-Vape-Cheap-Price-300x300.webp\" alt=\"Le tout dernier Bang Legend 120K bouff\u00e9es, 5-en-1, switch de saveurs, prix abordable\" width=\"300\" height=\"300\" srcset=\"https:\/\/vapestornado.com\/wp-content\/uploads\/2025\/10\/Newest-Bang-Legend-120K-Puff-5-In-1-Flavor-Switch-Vape-Cheap-Price-300x300.webp 300w, https:\/\/vapestornado.com\/wp-content\/uploads\/2025\/10\/Newest-Bang-Legend-120K-Puff-5-In-1-Flavor-Switch-Vape-Cheap-Price-150x150.webp 150w, https:\/\/vapestornado.com\/wp-content\/uploads\/2025\/10\/Newest-Bang-Legend-120K-Puff-5-In-1-Flavor-Switch-Vape-Cheap-Price-768x768.webp 768w, https:\/\/vapestornado.com\/wp-content\/uploads\/2025\/10\/Newest-Bang-Legend-120K-Puff-5-In-1-Flavor-Switch-Vape-Cheap-Price-12x12.webp 12w, https:\/\/vapestornado.com\/wp-content\/uploads\/2025\/10\/Newest-Bang-Legend-120K-Puff-5-In-1-Flavor-Switch-Vape-Cheap-Price-600x600.webp 600w, https:\/\/vapestornado.com\/wp-content\/uploads\/2025\/10\/Newest-Bang-Legend-120K-Puff-5-In-1-Flavor-Switch-Vape-Cheap-Price-100x100.webp 100w, https:\/\/vapestornado.com\/wp-content\/uploads\/2025\/10\/Newest-Bang-Legend-120K-Puff-5-In-1-Flavor-Switch-Vape-Cheap-Price.webp 800w\" sizes=\"(max-width: 300px) 100vw, 300px\" \/><figcaption id=\"caption-attachment-4437\" class=\"wp-caption-text\">Le tout dernier Bang Legend 120K bouff\u00e9es, 5-en-1, switch de saveurs, prix abordable<\/figcaption><\/figure>\n<figure id=\"attachment_4435\" aria-describedby=\"caption-attachment-4435\" style=\"width: 300px\" class=\"wp-caption alignnone\"><img decoding=\"async\" class=\"size-medium wp-image-4435\" src=\"https:\/\/vapestornado.com\/wp-content\/uploads\/2025\/10\/Bang-Legend-120000-Puff-120k-Disposable-Pod-300x300.webp\" alt=\"Bang Legend 120000 bouff\u00e9es, pod jetable 120k\" width=\"300\" height=\"300\" srcset=\"https:\/\/vapestornado.com\/wp-content\/uploads\/2025\/10\/Bang-Legend-120000-Puff-120k-Disposable-Pod-300x300.webp 300w, https:\/\/vapestornado.com\/wp-content\/uploads\/2025\/10\/Bang-Legend-120000-Puff-120k-Disposable-Pod-150x150.webp 150w, https:\/\/vapestornado.com\/wp-content\/uploads\/2025\/10\/Bang-Legend-120000-Puff-120k-Disposable-Pod-768x768.webp 768w, https:\/\/vapestornado.com\/wp-content\/uploads\/2025\/10\/Bang-Legend-120000-Puff-120k-Disposable-Pod-12x12.webp 12w, https:\/\/vapestornado.com\/wp-content\/uploads\/2025\/10\/Bang-Legend-120000-Puff-120k-Disposable-Pod-600x600.webp 600w, https:\/\/vapestornado.com\/wp-content\/uploads\/2025\/10\/Bang-Legend-120000-Puff-120k-Disposable-Pod-100x100.webp 100w, https:\/\/vapestornado.com\/wp-content\/uploads\/2025\/10\/Bang-Legend-120000-Puff-120k-Disposable-Pod.webp 800w\" sizes=\"(max-width: 300px) 100vw, 300px\" \/><figcaption id=\"caption-attachment-4435\" class=\"wp-caption-text\">Bang Legend 120000 bouff\u00e9es, pod jetable 120k<\/figcaption><\/figure>\n<h2 class=\"product-title\"><strong>Bang Legend 120000 bouff\u00e9es, liste de 5 saveurs en 1<\/strong><\/h2>\n<p>1. Boisson \u00e9nergisante \/ Myrtille Cerise \/ Pomme Raisin \/ Past\u00e8que Fruit du Dragon \/ Mamba<\/p>\n<p>2. Boisson \u00e9nergisante \/ P\u00eache Glac\u00e9e \/ Mangue Glac\u00e9e \/ Baie de Goji \/ Cassis<\/p>\n<p>3. Myrtille Framboise \/ P\u00eache Mangue Past\u00e8que \/ Coca Cerise \/ Raisin M\u00fbre Glac\u00e9e \/ Mangue P\u00eache Abricot.<\/p>\n<p>4. Myrtille Framboise \/ Dragon Noir Glac\u00e9 \/ Bonbon Arc-en-ciel \/ Fuji Glac\u00e9 \/ Past\u00e8que P\u00eache Acide<\/p>\n<p>5.Fruit du Pass\u00e9 Blueberry Ice\/Kiwi Passion Fruit Guava\/Triple Melon\/Peach Pineapple \/Baiser Passionn\u00e9<\/p>\n<p>6.Fruit du Pass\u00e9 Blueberry Ice\/Watermelon Bubble Gum\/Sour Apple Raspberry \/Lotus Fruit Mango Melon\/Passion Fruit Kiwi Lime<\/p>\n<p>7.Fruit du Pass\u00e9 Watermelon Ice\/Mixed Berries\/Pomme Poire\/Blueberry Menthe\/\u00c9t\u00e9<\/p>\n<p>8.Fruit du Pass\u00e9 Watermelon Ice\/Fraise Mangue\/Cerise Californie\/Blueberry Peach Ice\/Berry Cool<\/p>\n<p>9.Fruit du Pass\u00e9 Fraise Watermelon\/ Raisin Ice\/Red Mojito\/Banane Ice\/Citron Lime<\/p>\n<p>10.Fruit du Pass\u00e9 Fraise Watermelon\/Cantaloupe Pomme\/Cola Ice\/Mango Peach\/Amour 66<\/p>\n<p>11.Fruit du Pass\u00e9 Kiwi Fraise \/Banane Fraise\/Lychee Ice\/Fruit de la Watermelon\/Bassine Fruit Mango<\/p>\n<p>12.Fruit du Pass\u00e9 Kiwi Fraise\/Blueberry Watermelon\/Bear Fudge\/Blueberry Bubble Gum\/Mango Pineapple Acid<\/p>\n<p>&nbsp;<\/p>\n<div class=\"flex-shrink-0 flex flex-col relative items-end\">\n<div class=\"pt-0\">\n<div class=\"gizmo-bot-avatar flex h-8 w-8 items-center justify-center overflow-hidden rounded-full\">\n<div class=\"relative p-1 rounded-sm flex items-center justify-center bg-token-main-surface-primary text-token-text-primary h-8 w-8\">\n<h2 data-start=\"1200\" data-end=\"1487\">Vapes Tornado \u2013 Votre boutique en ligne de gros pour les meilleures marques de vapoteuses<\/h2>\n<p data-start=\"1200\" data-end=\"1487\"><strong data-start=\"141\" data-end=\"177\">Magasin de vapotage en ligne Vapes Tornado<\/strong> est votre source de confiance pour <strong data-start=\"205\" data-end=\"270\">vapes jetables premium et cigarettes \u00e9lectroniques en gros en Europe<\/strong>. Nous proposons des marques les plus vendues comme <strong data-start=\"307\" data-end=\"362\"><a href=\"https:\/\/vapestornado.com\/fr\/product\/randm-12000-puffs-fumot-digital-disposable-vape-wholesale-price\/\">Fumot VAPE<\/a>, <a href=\"https:\/\/vapestornado.com\/fr\/product\/waspe-150k-150000-puff-6-in-1-disposable-vape-pen-cartridge-best-wholesale-price-in-poland\/\">WASPE VAPE<\/a>, <\/strong><strong data-start=\"307\" data-end=\"362\"><a href=\"https:\/\/vapestornado.com\/fr\/product\/vozol-gear-shisha-25k-25000-puffs-best-dtl-disposable-vape-hookah-cheap-price\/\">VOZOL BAR VAPE<\/a>, \u00a0 Bang Vape<\/strong>, et plus encore, garantissant qualit\u00e9 et vari\u00e9t\u00e9 pour chaque client. Que vous soyez un vapoteur individuel ou un acheteur en gros, nous livrons <strong data-start=\"481\" data-end=\"550\">des appareils haute performance, des designs \u00e9l\u00e9gants et des prix comp\u00e9titifs<\/strong> pour r\u00e9pondre \u00e0 vos besoins.<\/p>\n<h2 data-start=\"2064\" data-end=\"2115\">FAQ sur Bang Legend 120000 Puff Switch Vape<\/h2>\n<ol data-start=\"3569\" data-end=\"4841\">\n<li data-start=\"3569\" data-end=\"3838\">\n<p data-start=\"3572\" data-end=\"3838\"><strong data-start=\"3572\" data-end=\"3675\">Comment le vape jetable Bang Legend 120000 \u00e0 commutateur de saveurs 5-en-1 reste-t-il agr\u00e9able sur une longue dur\u00e9e d\\'utilisation ?<\/strong><br data-start=\"3675\" data-end=\"3678\" \/>Cinq saveurs int\u00e9gr\u00e9es \u00e9vitent la monotonie. Le changement de m\u00e9langes maintient le go\u00fbt frais, ce qui est crucial sur un appareil con\u00e7u pour durer bien plus longtemps que les disposables classiques.<\/p>\n<\/li>\n<li data-start=\"3840\" data-end=\"4081\">\n<p data-start=\"3843\" data-end=\"4081\"><strong data-start=\"3843\" data-end=\"3943\">Le moteur \u00e0 coil en mesh du Bang Legend 120k aide-t-il \u00e0 maintenir la densit\u00e9 de vapeur sur un grand nombre de bouff\u00e9es ?<\/strong><br data-start=\"3943\" data-end=\"3946\" \/>Oui. Les coils en mesh r\u00e9partissent la chaleur plus uniform\u00e9ment que les coils en fil de base, favorisant une vapeur lisse et une saveur constante m\u00eame lors d\\'une utilisation prolong\u00e9e.<\/p>\n<\/li>\n<li data-start=\"4083\" data-end=\"4341\">\n<p data-start=\"4086\" data-end=\"4341\"><strong data-start=\"4086\" data-end=\"4190\">Quel est l'avantage pratique de l'ajustement du flux d'air sur la cigarette \u00e9lectronique jetable Bang Legend 120000 ?<\/strong><br data-start=\"4190\" data-end=\"4193\" \/>Cela vous permet de resserrer l'aspiration pour une inhalation de style cigarette ou de l'ouvrir pour une inhalation plus compl\u00e8te, afin que l'appareil s'adapte \u00e0 diff\u00e9rentes routines sans \u00e9quipement suppl\u00e9mentaire.<\/p>\n<\/li>\n<li data-start=\"4343\" data-end=\"4562\">\n<p data-start=\"4346\" data-end=\"4562\"><strong data-start=\"4346\" data-end=\"4433\">La recharge via Type-C est-elle n\u00e9cessaire sur un appareil de 120 000 bouff\u00e9es comme le Bang Legend 120k ?<\/strong><br data-start=\"4433\" data-end=\"4436\" \/>Absolument. La recharge \u00e9vite une \u00e9limination pr\u00e9matur\u00e9e en raison d'une batterie faible, aidant l'appareil \u00e0 atteindre sa dur\u00e9e de vie compl\u00e8te pr\u00e9vue.<\/p>\n<\/li>\n<li data-start=\"4564\" data-end=\"4841\">\n<p data-start=\"4567\" data-end=\"4841\"><strong data-start=\"4567\" data-end=\"4674\">Pourquoi les acheteurs en gros de cigarettes \u00e9lectroniques \u00e9valuent-ils le Bang Legend 120000 comme une option de prix faible et solide par bouff\u00e9e ?<\/strong><br data-start=\"4674\" data-end=\"4677\" \/>Parce que le nombre tr\u00e8s \u00e9lev\u00e9 de bouff\u00e9es, le changement de saveurs multiple et le design rechargeable rendent le co\u00fbt par bouff\u00e9e comp\u00e9titif, tandis que l'ensemble des fonctionnalit\u00e9s maintient une forte demande des consommateurs.<\/p>\n<\/li>\n<\/ol>\n<\/div>\n<\/div>\n<\/div>\n<\/div>","protected":false},"excerpt":{"rendered":"<div class=\"flex flex-col text-sm @w-xl\/main:pt-header-height pb-25\">\n<article class=\"text-token-text-primary w-full focus:outline-none [--shadow-height:45px] has-data-writing-block:pointer-events-none has-data-writing-block:-mt-(--shadow-height) has-data-writing-block:pt-(--shadow-height) [&amp;:has([data-writing-block])&gt;*]:pointer-events-auto scroll-mt-[calc(var(--header-height)+min(200px,max(70px,20svh)))]\" dir=\"auto\" tabindex=\"-1\" data-turn-id=\"1216eed0-d089-4251-926f-eb67c4e27f78\" data-testid=\"conversation-turn-54\" data-scroll-anchor=\"true\" data-turn=\"assistant\">\n<div class=\"text-base my-auto mx-auto pb-10 [--thread-content-margin:--spacing(4)] @w-sm\/main:[--thread-content-margin:--spacing(6)] @w-lg\/main:[--thread-content-margin:--spacing(16)] px-(--thread-content-margin)\">\n<div class=\"[--thread-content-max-width:40rem] @w-lg\/main:[--thread-content-max-width:48rem] mx-auto max-w-(--thread-content-max-width) flex-1 group\/turn-messages focus-visible:outline-hidden relative flex w-full min-w-0 flex-col agent-turn\" tabindex=\"-1\">\n<div class=\"flex max-w-full flex-col grow\">\n<div class=\"min-h-8 text-message relative flex w-full flex-col items-end gap-2 text-start break-words whitespace-normal [.text-message+&amp;]:mt-1\" dir=\"auto\" data-message-author-role=\"assistant\" data-message-id=\"d248b401-75f3-45e9-8935-fcbc0a13d11e\" data-message-model-slug=\"gpt-5-2-thinking\">\n<div class=\"flex w-full flex-col gap-1 empty:hidden first:pt-[1px]\">\n<div class=\"markdown prose dark:prose-invert w-full break-words light markdown-new-styling\">\n<p data-start=\"4871\" data-end=\"5142\" data-is-last-node=\"\" data-is-only-node=\"\">Bang Legend 120000 (Bang Legend 120k) cigarette \u00e9lectronique jetable avec 120 000 bouff\u00e9es, commutateur de saveur 5-en-1, moteur \u00e0 coil en mesh, flux d'air r\u00e9glable, recharge Type-C et \u00e9cran intelligent LED. Prix de gros abordable par bouff\u00e9e, id\u00e9al pour les grossistes en cigarettes et les boutiques de vape en France.<\/p>\n<\/div>\n<\/div>\n<\/div>\n<\/div>\n<\/div>\n<\/div>\n<\/article>\n<\/div>\n<p><strong>Ajoutez le WhatsApp d'Amy pour obtenir une r\u00e9ponse rapide et un prix r\u00e9duit !<\/strong><\/p>\n<p><img fetchpriority=\"high\" decoding=\"async\" class=\"size-full wp-image-2932\" src=\"https:\/\/vapestornado.com\/wp-content\/uploads\/2024\/12\/Vape-Wholesale.jpg\" alt=\"Vente en Gros de Vapes\" width=\"229\" height=\"300\" \/><\/p>\n<h3><a href=\"https:\/\/wa.me\/8617776015835\"><span style=\"color: #ff0000;\"><strong>WhatsApp : +86 17776015835<\/strong><\/span><\/a><\/h3>","protected":false},"featured_media":4432,"comment_status":"open","ping_status":"closed","template":"","meta":{"_acf_changed":false,"_uag_custom_page_level_css":"","_lmt_disableupdate":"no","_lmt_disable":"","_monsterinsights_skip_tracking":false,"_monsterinsights_sitenote_active":false,"_monsterinsights_sitenote_note":"","_monsterinsights_sitenote_category":0,"site-sidebar-layout":"default","site-content-layout":"","ast-site-content-layout":"default","site-content-style":"default","site-sidebar-style":"default","ast-global-header-display":"","ast-banner-title-visibility":"","ast-main-header-display":"","ast-hfb-above-header-display":"","ast-hfb-below-header-display":"","ast-hfb-mobile-header-display":"","site-post-title":"","ast-breadcrumbs-content":"","ast-featured-img":"","footer-sml-layout":"","ast-disable-related-posts":"","theme-transparent-header-meta":"default","adv-header-id-meta":"","stick-header-meta":"","header-above-stick-meta":"","header-main-stick-meta":"","header-below-stick-meta":"","astra-migrate-meta-layouts":"set","ast-page-background-enabled":"default","ast-page-background-meta":{"desktop":{"background-color":"","background-image":"","background-repeat":"repeat","background-position":"center center","background-size":"auto","background-attachment":"scroll","background-type":"","background-media":"","overlay-type":"","overlay-color":"","overlay-opacity":"","overlay-gradient":""},"tablet":{"background-color":"","background-image":"","background-repeat":"repeat","background-position":"center center","background-size":"auto","background-attachment":"scroll","background-type":"","background-media":"","overlay-type":"","overlay-color":"","overlay-opacity":"","overlay-gradient":""},"mobile":{"background-color":"","background-image":"","background-repeat":"repeat","background-position":"center center","background-size":"auto","background-attachment":"scroll","background-type":"","background-media":"","overlay-type":"","overlay-color":"","overlay-opacity":"","overlay-gradient":""}},"ast-content-background-meta":{"desktop":{"background-color":"var(--ast-global-color-5)","background-image":"","background-repeat":"repeat","background-position":"center center","background-size":"auto","background-attachment":"scroll","background-type":"","background-media":"","overlay-type":"","overlay-color":"","overlay-opacity":"","overlay-gradient":""},"tablet":{"background-color":"var(--ast-global-color-5)","background-image":"","background-repeat":"repeat","background-position":"center center","background-size":"auto","background-attachment":"scroll","background-type":"","background-media":"","overlay-type":"","overlay-color":"","overlay-opacity":"","overlay-gradient":""},"mobile":{"background-color":"var(--ast-global-color-5)","background-image":"","background-repeat":"repeat","background-position":"center center","background-size":"auto","background-attachment":"scroll","background-type":"","background-media":"","overlay-type":"","overlay-color":"","overlay-opacity":"","overlay-gradient":""}},"_joinchat":[]},"product_brand":[],"product_cat":[347,62,152,156,142,357,146],"product_tag":[398,399,396,368,390,393,386,397],"class_list":{"0":"post-4438","1":"product","2":"type-product","3":"status-publish","4":"has-post-thumbnail","6":"product_cat-120000-puff","7":"product_cat-bang-vape","8":"product_cat-buy-disposable-vapes-in-cermany","9":"product_cat-buy-disposable-vapes-in-poland","10":"product_cat-digital-box-disposable-vapes","11":"product_cat-flavor-adjustable-vape","12":"product_cat-rechargeable-disposable-vapes","13":"product_tag-bang-legend-120000","14":"product_tag-bang-legend-120k","15":"product_tag-disposable-cigarette","16":"product_tag-disposable-vapor","17":"product_tag-online-vape-shop","18":"product_tag-vape-cartridge","19":"product_tag-vape-pen","20":"product_tag-vapor","21":"desktop-align-left","22":"tablet-align-left","23":"mobile-align-left","25":"first","26":"instock","27":"sale","28":"shipping-taxable","29":"purchasable","30":"product-type-simple"},"acf":[],"uagb_featured_image_src":{"full":["https:\/\/vapestornado.com\/wp-content\/uploads\/2025\/10\/BANG-LEGEND-120K-Puffs-Screen-Disposable-Vape.webp",800,800,false],"thumbnail":["https:\/\/vapestornado.com\/wp-content\/uploads\/2025\/10\/BANG-LEGEND-120K-Puffs-Screen-Disposable-Vape-150x150.webp",150,150,true],"medium":["https:\/\/vapestornado.com\/wp-content\/uploads\/2025\/10\/BANG-LEGEND-120K-Puffs-Screen-Disposable-Vape-300x300.webp",300,300,true],"medium_large":["https:\/\/vapestornado.com\/wp-content\/uploads\/2025\/10\/BANG-LEGEND-120K-Puffs-Screen-Disposable-Vape-768x768.webp",768,768,true],"large":["https:\/\/vapestornado.com\/wp-content\/uploads\/2025\/10\/BANG-LEGEND-120K-Puffs-Screen-Disposable-Vape.webp",800,800,false],"1536x1536":["https:\/\/vapestornado.com\/wp-content\/uploads\/2025\/10\/BANG-LEGEND-120K-Puffs-Screen-Disposable-Vape.webp",800,800,false],"2048x2048":["https:\/\/vapestornado.com\/wp-content\/uploads\/2025\/10\/BANG-LEGEND-120K-Puffs-Screen-Disposable-Vape.webp",800,800,false],"trp-custom-language-flag":["https:\/\/vapestornado.com\/wp-content\/uploads\/2025\/10\/BANG-LEGEND-120K-Puffs-Screen-Disposable-Vape-12x12.webp",12,12,true],"woocommerce_thumbnail":["https:\/\/vapestornado.com\/wp-content\/uploads\/2025\/10\/BANG-LEGEND-120K-Puffs-Screen-Disposable-Vape-300x300.webp",300,300,true],"woocommerce_single":["https:\/\/vapestornado.com\/wp-content\/uploads\/2025\/10\/BANG-LEGEND-120K-Puffs-Screen-Disposable-Vape-600x600.webp",600,600,true],"woocommerce_gallery_thumbnail":["https:\/\/vapestornado.com\/wp-content\/uploads\/2025\/10\/BANG-LEGEND-120K-Puffs-Screen-Disposable-Vape-100x100.webp",100,100,true]},"uagb_author_info":{"display_name":"ESAMY","author_link":"https:\/\/vapestornado.com\/fr\/author\/"},"uagb_comment_info":0,"uagb_excerpt":"Bang Legend 120000 (Bang Legend 120k) disposable E-cigarette with 120,000 puffs, 5-in-1 flavour switch, mesh coil engine, adjustable airflow, Type-C recharge and LED smart display. Wholesale-friendly cheap price per puff option for Cigarette wholesaler and EU vape shops. Add Amy's whatsapp to get right reply and discount price! WhatsApp: +86 17776015835","_links":{"self":[{"href":"https:\/\/vapestornado.com\/fr\/wp-json\/wp\/v2\/product\/4438","targetHints":{"allow":["GET"]}}],"collection":[{"href":"https:\/\/vapestornado.com\/fr\/wp-json\/wp\/v2\/product"}],"about":[{"href":"https:\/\/vapestornado.com\/fr\/wp-json\/wp\/v2\/types\/product"}],"replies":[{"embeddable":true,"href":"https:\/\/vapestornado.com\/fr\/wp-json\/wp\/v2\/comments?post=4438"}],"wp:featuredmedia":[{"embeddable":true,"href":"https:\/\/vapestornado.com\/fr\/wp-json\/wp\/v2\/media\/4432"}],"wp:attachment":[{"href":"https:\/\/vapestornado.com\/fr\/wp-json\/wp\/v2\/media?parent=4438"}],"wp:term":[{"taxonomy":"product_brand","embeddable":true,"href":"https:\/\/vapestornado.com\/fr\/wp-json\/wp\/v2\/product_brand?post=4438"},{"taxonomy":"product_cat","embeddable":true,"href":"https:\/\/vapestornado.com\/fr\/wp-json\/wp\/v2\/product_cat?post=4438"},{"taxonomy":"product_tag","embeddable":true,"href":"https:\/\/vapestornado.com\/fr\/wp-json\/wp\/v2\/product_tag?post=4438"}],"curies":[{"name":"wp","href":"https:\/\/api.w.org\/{rel}","templated":true}]}}