{"id":4430,"date":"2025-10-15T09:50:23","date_gmt":"2025-10-15T09:50:23","guid":{"rendered":"https:\/\/vapestornado.com\/?post_type=product&#038;p=4430"},"modified":"2025-10-31T09:51:16","modified_gmt":"2025-10-31T09:51:16","slug":"fihp-120k-6-in1-multi-flavors-120000-puff-disposable-vape-pen-cheap-price","status":"publish","type":"product","link":"https:\/\/vapestornado.com\/fr\/product\/fihp-120k-6-in1-multi-flavors-120000-puff-disposable-vape-pen-cheap-price\/","title":{"rendered":"FIHP 120K 6 en 1 Multi Saveurs Stylo Vape Jetable 120000 Bouff\u00e9es Prix Pas Cher"},"content":{"rendered":"<h2 data-pm-slice=\"1 1 []\">FIHP 120K 6-en-1 Vape Jetable \u00e0 Multi Saveurs 120000 Bouff\u00e9es \u2014 Meilleurs Vapes Pas Cher en Europe<\/h2>\n<p data-start=\"104\" data-end=\"592\">L' <strong data-start=\"108\" data-end=\"146\">FIHP 120K Vape Jetable \u00e0 Bouff\u00e9es<\/strong> est con\u00e7u pour ceux qui recherchent une puissance massive, un go\u00fbt riche et une v\u00e9ritable vari\u00e9t\u00e9 dans un design \u00e9l\u00e9gant. Offrant une incroyable <strong data-start=\"272\" data-end=\"288\">120000 bouff\u00e9es<\/strong>, ce <strong data-start=\"295\" data-end=\"315\">FIHP 120000 Bouff\u00e9es<\/strong> l'appareil est pr\u00e9-rempli avec <strong data-start=\"344\" data-end=\"372\">64mL de e-liquide premium<\/strong> et une <strong data-start=\"379\" data-end=\"416\">syst\u00e8me de commutation multi-saveurs 6-en-1<\/strong>, offrant aux utilisateurs six options de saveurs vibrantes en un seul vapoteur. C\u2019est le choix id\u00e9al pour les grossistes europ\u00e9ens et les jeunes vapoteurs cherchant <strong data-start=\"543\" data-end=\"558\">vapes bon march\u00e9<\/strong> qui ne font jamais de compromis sur la qualit\u00e9.<\/p>\n<p data-start=\"594\" data-end=\"1161\">Aliment\u00e9 par une <strong data-start=\"607\" data-end=\"638\">batterie rechargeable de 650 mAh<\/strong> et \u00e9quip\u00e9 de <strong data-start=\"657\" data-end=\"681\">Charge rapide Type-C<\/strong>, le <strong data-start=\"687\" data-end=\"714\">FIHP 120k Vape jetable \u00e0 bouff\u00e9es<\/strong> assure une vape ininterrompue toute la journ\u00e9e. Le <strong data-start=\"757\" data-end=\"775\">double bobine en maille<\/strong> d\u00e9livre une vapeur dense et une saveur forte du premier inhalation au dernier, tandis que le <strong data-start=\"860\" data-end=\"881\">\u00e9cran LED intelligent<\/strong> affiche en temps r\u00e9el les niveaux de batterie et de e-liquide. Avec <strong data-start=\"932\" data-end=\"970\">2% et 5% options de force de nicotine<\/strong>, cet appareil \u00e9quilibre parfaitement performance, satisfaction et prix abordable \u2014 en faisant l\u2019un des <strong data-start=\"1071\" data-end=\"1084\">meilleurs vapes<\/strong> options pour les utilisateurs occasionnels ainsi que pour les d\u00e9taillants cherchant \u00e0 augmenter leurs marges b\u00e9n\u00e9ficiaires.<\/p>\n<p data-start=\"1163\" data-end=\"1524\">Styl\u00e9, durable, et rempli de fonctionnalit\u00e9s, le <strong data-start=\"1211\" data-end=\"1251\">FIHP 120K Vape Jetable 6-en-1<\/strong> red\u00e9finit ce qu'une cigarette \u00e9lectronique jetable \u00e0 haute capacit\u00e9 signifie. Que ce soit pour le plaisir personnel ou l'approvisionnement en gros, cette vape offre puissance, saveur et valeur que la communaut\u00e9 de vapoteurs en France exige. Disponible d\u00e8s maintenant au meilleur prix de gros via Vapestornado<strong data-start=\"1493\" data-end=\"1523\">\u00a0boutique de vape en ligne<\/strong>.<\/p>\n<p><strong><span style=\"color: #ff0000;\">Ajoutez le WhatsApp d'Amy pour obtenir une bonne r\u00e9ponse et un coupon de vape !<\/span><\/strong><\/p>\n<p><img fetchpriority=\"high\" decoding=\"async\" class=\"size-full wp-image-2932\" src=\"https:\/\/vapestornado.com\/wp-content\/uploads\/2024\/12\/Vape-Wholesale.jpg\" alt=\"Vente en Gros de Vapes\" width=\"229\" height=\"300\" \/><\/p>\n<h3><a href=\"https:\/\/wa.me\/8617776015835\" target=\"_blank\" rel=\"noopener\"><span style=\"color: #ff0000;\"><strong>WhatsApp : +86 17776015835<\/strong><\/span><\/a><\/h3>\n<p>&nbsp;<\/p>\n<h2><strong>Caract\u00e9ristiques du produit FIHP 120K Puff 6 en 1<\/strong><\/h2>\n<ul>\n<li data-start=\"1555\" data-end=\"1630\">\n<p data-start=\"1557\" data-end=\"1630\"><strong data-start=\"1557\" data-end=\"1574\">120000 Bouff\u00e9es :<\/strong> Performance longue dur\u00e9e pour une satisfaction constante.<\/p>\n<\/li>\n<li data-start=\"1631\" data-end=\"1728\">\n<p data-start=\"1633\" data-end=\"1728\"><strong data-start=\"1633\" data-end=\"1658\">Syst\u00e8me de saveurs 6-en-1 :<\/strong> Changez instantan\u00e9ment entre six saveurs pr\u00e9-remplies pour une vari\u00e9t\u00e9 sans fin.<\/p>\n<\/li>\n<li data-start=\"1729\" data-end=\"1799\">\n<p data-start=\"1731\" data-end=\"1799\"><strong data-start=\"1731\" data-end=\"1758\">Capacit\u00e9 de e-liquide de 64 mL :<\/strong> R\u00e9servoir extra-large garantissant plusieurs semaines d'utilisation.<\/p>\n<\/li>\n<li data-start=\"1800\" data-end=\"1885\">\n<p data-start=\"1802\" data-end=\"1885\"><strong data-start=\"1802\" data-end=\"1834\">Batterie rechargeable de 650 mAh :<\/strong> Compact et efficace avec charge rapide Type-C.<\/p>\n<\/li>\n<li data-start=\"1886\" data-end=\"1974\">\n<p data-start=\"1888\" data-end=\"1974\"><strong data-start=\"1888\" data-end=\"1914\">Design de double coil en mesh :<\/strong> Densit\u00e9 de vapeur am\u00e9lior\u00e9e et livraison de saveur fid\u00e8le au go\u00fbt.<\/p>\n<\/li>\n<li data-start=\"1975\" data-end=\"2050\">\n<p data-start=\"1977\" data-end=\"2050\"><strong data-start=\"1977\" data-end=\"1999\">Affichage LED intelligent :<\/strong> Surveillance en temps r\u00e9el de la puissance et des niveaux de liquide.<\/p>\n<\/li>\n<li data-start=\"2051\" data-end=\"2125\">\n<p data-start=\"2053\" data-end=\"2125\"><strong data-start=\"2053\" data-end=\"2073\">Options de nicotine :<\/strong> Disponibles en 2% et 5% pour des besoins de vapotage flexibles.<\/p>\n<\/li>\n<\/ul>\n<figure id=\"attachment_4429\" aria-describedby=\"caption-attachment-4429\" style=\"width: 300px\" class=\"wp-caption alignnone\"><img decoding=\"async\" class=\"size-medium wp-image-4429\" src=\"https:\/\/vapestornado.com\/wp-content\/uploads\/2025\/10\/Newest-FIHP-120000-120k-Puffs-Dispsable-Vape-Kit-300x300.webp\" alt=\"Dernier kit de cigarette \u00e9lectronique jetable FIHP 120000 120k Bouff\u00e9es\" width=\"300\" height=\"300\" srcset=\"https:\/\/vapestornado.com\/wp-content\/uploads\/2025\/10\/Newest-FIHP-120000-120k-Puffs-Dispsable-Vape-Kit-300x300.webp 300w, https:\/\/vapestornado.com\/wp-content\/uploads\/2025\/10\/Newest-FIHP-120000-120k-Puffs-Dispsable-Vape-Kit-150x150.webp 150w, https:\/\/vapestornado.com\/wp-content\/uploads\/2025\/10\/Newest-FIHP-120000-120k-Puffs-Dispsable-Vape-Kit-768x768.webp 768w, https:\/\/vapestornado.com\/wp-content\/uploads\/2025\/10\/Newest-FIHP-120000-120k-Puffs-Dispsable-Vape-Kit-12x12.webp 12w, https:\/\/vapestornado.com\/wp-content\/uploads\/2025\/10\/Newest-FIHP-120000-120k-Puffs-Dispsable-Vape-Kit-600x600.webp 600w, https:\/\/vapestornado.com\/wp-content\/uploads\/2025\/10\/Newest-FIHP-120000-120k-Puffs-Dispsable-Vape-Kit-100x100.webp 100w, https:\/\/vapestornado.com\/wp-content\/uploads\/2025\/10\/Newest-FIHP-120000-120k-Puffs-Dispsable-Vape-Kit.webp 800w\" sizes=\"(max-width: 300px) 100vw, 300px\" \/><figcaption id=\"caption-attachment-4429\" class=\"wp-caption-text\">Dernier kit de cigarette \u00e9lectronique jetable FIHP 120000 120k Bouff\u00e9es<\/figcaption><\/figure>\n<h2 class=\"product-title\"><strong>Liste des saveurs 6-en-1 FIHP 120K 120000 Bouff\u00e9es<\/strong><\/h2>\n<p data-start=\"2550\" data-end=\"2736\">1. Past\u00e8que Glace &amp; Red Bull &amp; Fraise Kiwi &amp; Myrtille Glace &amp; Citron Lime &amp; Fraise Past\u00e8que<br \/>\n2. Fraise Banane &amp; Double Pomme &amp; Framboise Past\u00e8que &amp; Mangue Acidul\u00e9e Ananas &amp; Fruit Tropical &amp; Citron P\u00eache<br \/>\n3. Ananas Noix de Coco &amp; Razz Bleu &amp; Baies M\u00e9lang\u00e9es &amp; Mangue P\u00eache &amp; Myrtille Framboise &amp; Coca Vanille Fraise<br \/>\n4. P\u00eache Baie &amp; Triple Melon &amp; Raisin Glace &amp; Dragon Noir Glace &amp; Cerise P\u00e9tillante Glace &amp; Ours Gummy<br \/>\n5. Bonbon Arc-en-ciel &amp; Cola Cerise Glace &amp; Amour 666 &amp; Mangue Glace &amp; Barbe \u00e0 Papa Myrtille &amp; P\u00eache Glace<br \/>\n6. Aloe Litchi Glace &amp; Citron Rose &amp; Glace Glacier &amp; Menthe Piquante &amp; Cassis Glace &amp; Past\u00e8que Citron<\/p>\n<div class=\"flex-shrink-0 flex flex-col relative items-end\">\n<div class=\"pt-0\">\n<div class=\"gizmo-bot-avatar flex h-8 w-8 items-center justify-center overflow-hidden rounded-full\">\n<div class=\"relative p-1 rounded-sm flex items-center justify-center bg-token-main-surface-primary text-token-text-primary h-8 w-8\">\n<h2 data-start=\"1200\" data-end=\"1487\">Vapes Tornado \u2013 Votre boutique en ligne de gros pour les meilleures marques de vapoteuses<\/h2>\n<p data-start=\"1200\" data-end=\"1487\"><strong data-start=\"141\" data-end=\"177\">Magasin de vapotage en ligne Vapes Tornado<\/strong> est votre source de confiance pour <strong data-start=\"205\" data-end=\"270\">vapes jetables premium et cigarettes \u00e9lectroniques en gros en Europe<\/strong>. Nous proposons des marques les plus vendues comme <strong data-start=\"307\" data-end=\"362\"><a href=\"https:\/\/vapestornado.com\/fr\/product\/randm-12000-puffs-fumot-digital-disposable-vape-wholesale-price\/\">Fumot VAPE<\/a>, <a href=\"https:\/\/vapestornado.com\/fr\/product\/waspe-150k-150000-puff-6-in-1-disposable-vape-pen-cartridge-best-wholesale-price-in-poland\/\">WASPE VAPE<\/a>, <\/strong><strong data-start=\"307\" data-end=\"362\"><a href=\"https:\/\/vapestornado.com\/fr\/product\/vozol-gear-shisha-25k-25000-puffs-best-dtl-disposable-vape-hookah-cheap-price\/\">VOZOL BAR VAPE<\/a>, \u00a0 Bang Vape<\/strong>, et plus encore, garantissant qualit\u00e9 et vari\u00e9t\u00e9 pour chaque client. Que vous soyez un vapoteur individuel ou un acheteur en gros, nous livrons <strong data-start=\"481\" data-end=\"550\">des appareils haute performance, des designs \u00e9l\u00e9gants et des prix comp\u00e9titifs<\/strong> pour r\u00e9pondre \u00e0 vos besoins.<\/p>\n<h2 data-start=\"2064\" data-end=\"2115\">FAQ sur la cigarette \u00e9lectronique jetable FIHP 120K Puff<\/h2>\n<p data-start=\"2159\" data-end=\"2318\"><strong data-start=\"2159\" data-end=\"2233\">1. Combien de saveurs la cigarette \u00e9lectronique jetable FIHP 120K Puff propose-t-elle?<\/strong><br data-start=\"2233\" data-end=\"2236\" \/>Elle dispose d'un syst\u00e8me 6-en-1, permettant aux utilisateurs de profiter de six saveurs uniques dans un seul appareil.<\/p>\n<p data-start=\"2320\" data-end=\"2445\"><strong data-start=\"2320\" data-end=\"2369\">2. La cigarette FIHP 120000 Puff est-elle rechargeable?<\/strong><br data-start=\"2369\" data-end=\"2372\" \/>Oui, il comprend une batterie rechargeable de 650mAh avec une charge rapide Type-C.<\/p>\n<p data-start=\"2447\" data-end=\"2577\"><strong data-start=\"2447\" data-end=\"2511\">3. Quels niveaux de nicotine sont disponibles pour le FIHP 120k Puff ?<\/strong><br data-start=\"2511\" data-end=\"2514\" \/>Vous pouvez choisir entre 2% et 5%, selon votre pr\u00e9f\u00e9rence.<\/p>\n<p data-start=\"2579\" data-end=\"2743\"><strong data-start=\"2579\" data-end=\"2646\">4. Pourquoi le FIHP 120K est-il consid\u00e9r\u00e9 comme l'une des meilleures cigarettes \u00e9lectroniques bon march\u00e9 ?<\/strong><br data-start=\"2646\" data-end=\"2649\" \/>Il offre six saveurs, 120000 bouff\u00e9es et une qualit\u00e9 de double coil en mesh \u00e0 un prix tr\u00e8s comp\u00e9titif.<\/p>\n<p data-start=\"2745\" data-end=\"2917\"><strong data-start=\"2745\" data-end=\"2813\">5. O\u00f9 puis-je acheter en gros le vapoteuse jetable FIHP 120000 Puff ?<\/strong><br data-start=\"2813\" data-end=\"2816\" \/>Les meilleures offres en gros sont disponibles sur <strong data-start=\"2858\" data-end=\"2888\">Boutique en ligne de vapoteuses Tornado<\/strong>, fiable pour les distributeurs en France.<\/p>\n<\/div>\n<\/div>\n<\/div>\n<\/div>","protected":false},"excerpt":{"rendered":"<p data-start=\"3204\" data-end=\"3282\">FIHP 120K 6-en-1 120000 Bouff\u00e9es Vape Jetable | Vapes Pas Cher en Gros<\/p>\n<p data-start=\"3286\" data-end=\"3358\">Acheter FIHP 120000 Bouff\u00e9es Vape Jetable | Meilleurs Vapes Jetables 6-en-1 en Europe<\/p>\n<p data-start=\"3362\" data-end=\"3446\">FIHP 120K Vape Jetable \u00e0 Bouff\u00e9es \u2013 Grande Capacit\u00e9, Multi Saveurs, Meilleur Prix en Gros<\/p>\n<p><strong>Ajoutez le WhatsApp d'Amy pour obtenir une r\u00e9ponse rapide et un prix r\u00e9duit !<\/strong><\/p>\n<p><img fetchpriority=\"high\" decoding=\"async\" class=\"size-full wp-image-2932\" src=\"https:\/\/vapestornado.com\/wp-content\/uploads\/2024\/12\/Vape-Wholesale.jpg\" alt=\"Vente en Gros de Vapes\" width=\"229\" height=\"300\" \/><\/p>\n<h3><a href=\"https:\/\/wa.me\/8617776015835\"><span style=\"color: #ff0000;\"><strong>WhatsApp : +86 17776015835<\/strong><\/span><\/a><\/h3>","protected":false},"featured_media":4428,"comment_status":"open","ping_status":"closed","template":"","meta":{"_acf_changed":false,"_uag_custom_page_level_css":"","_lmt_disableupdate":"no","_lmt_disable":"","_monsterinsights_skip_tracking":false,"_monsterinsights_sitenote_active":false,"_monsterinsights_sitenote_note":"","_monsterinsights_sitenote_category":0,"site-sidebar-layout":"default","site-content-layout":"","ast-site-content-layout":"default","site-content-style":"default","site-sidebar-style":"default","ast-global-header-display":"","ast-banner-title-visibility":"","ast-main-header-display":"","ast-hfb-above-header-display":"","ast-hfb-below-header-display":"","ast-hfb-mobile-header-display":"","site-post-title":"","ast-breadcrumbs-content":"","ast-featured-img":"","footer-sml-layout":"","ast-disable-related-posts":"","theme-transparent-header-meta":"default","adv-header-id-meta":"","stick-header-meta":"","header-above-stick-meta":"","header-main-stick-meta":"","header-below-stick-meta":"","astra-migrate-meta-layouts":"set","ast-page-background-enabled":"default","ast-page-background-meta":{"desktop":{"background-color":"","background-image":"","background-repeat":"repeat","background-position":"center center","background-size":"auto","background-attachment":"scroll","background-type":"","background-media":"","overlay-type":"","overlay-color":"","overlay-opacity":"","overlay-gradient":""},"tablet":{"background-color":"","background-image":"","background-repeat":"repeat","background-position":"center center","background-size":"auto","background-attachment":"scroll","background-type":"","background-media":"","overlay-type":"","overlay-color":"","overlay-opacity":"","overlay-gradient":""},"mobile":{"background-color":"","background-image":"","background-repeat":"repeat","background-position":"center center","background-size":"auto","background-attachment":"scroll","background-type":"","background-media":"","overlay-type":"","overlay-color":"","overlay-opacity":"","overlay-gradient":""}},"ast-content-background-meta":{"desktop":{"background-color":"var(--ast-global-color-5)","background-image":"","background-repeat":"repeat","background-position":"center center","background-size":"auto","background-attachment":"scroll","background-type":"","background-media":"","overlay-type":"","overlay-color":"","overlay-opacity":"","overlay-gradient":""},"tablet":{"background-color":"var(--ast-global-color-5)","background-image":"","background-repeat":"repeat","background-position":"center center","background-size":"auto","background-attachment":"scroll","background-type":"","background-media":"","overlay-type":"","overlay-color":"","overlay-opacity":"","overlay-gradient":""},"mobile":{"background-color":"var(--ast-global-color-5)","background-image":"","background-repeat":"repeat","background-position":"center center","background-size":"auto","background-attachment":"scroll","background-type":"","background-media":"","overlay-type":"","overlay-color":"","overlay-opacity":"","overlay-gradient":""}},"_joinchat":[]},"product_brand":[],"product_cat":[347,154,142,144,146,60],"product_tag":[387,287,368,388,395,390,393,386],"class_list":{"0":"post-4430","1":"product","2":"type-product","3":"status-publish","4":"has-post-thumbnail","6":"product_cat-120000-puff","7":"product_cat-buy-disposable-vapes-in-netherlands","8":"product_cat-digital-box-disposable-vapes","9":"product_cat-low-nicotine-disposable-vapes","10":"product_cat-rechargeable-disposable-vapes","11":"product_cat-waspe-fihp-vape","12":"product_tag-cigarette-vapor","13":"product_tag-disposable-vape-pen","14":"product_tag-disposable-vapor","15":"product_tag-e-vape","16":"product_tag-fihp-120k","17":"product_tag-online-vape-shop","18":"product_tag-vape-cartridge","19":"product_tag-vape-pen","20":"desktop-align-left","21":"tablet-align-left","22":"mobile-align-left","24":"first","25":"instock","26":"sale","27":"shipping-taxable","28":"purchasable","29":"product-type-simple"},"acf":[],"uagb_featured_image_src":{"full":["https:\/\/vapestornado.com\/wp-content\/uploads\/2025\/10\/FIHP-Multi-120000-puffs-Original-Disposable-Vape.webp",800,800,false],"thumbnail":["https:\/\/vapestornado.com\/wp-content\/uploads\/2025\/10\/FIHP-Multi-120000-puffs-Original-Disposable-Vape-150x150.webp",150,150,true],"medium":["https:\/\/vapestornado.com\/wp-content\/uploads\/2025\/10\/FIHP-Multi-120000-puffs-Original-Disposable-Vape-300x300.webp",300,300,true],"medium_large":["https:\/\/vapestornado.com\/wp-content\/uploads\/2025\/10\/FIHP-Multi-120000-puffs-Original-Disposable-Vape-768x768.webp",768,768,true],"large":["https:\/\/vapestornado.com\/wp-content\/uploads\/2025\/10\/FIHP-Multi-120000-puffs-Original-Disposable-Vape.webp",800,800,false],"1536x1536":["https:\/\/vapestornado.com\/wp-content\/uploads\/2025\/10\/FIHP-Multi-120000-puffs-Original-Disposable-Vape.webp",800,800,false],"2048x2048":["https:\/\/vapestornado.com\/wp-content\/uploads\/2025\/10\/FIHP-Multi-120000-puffs-Original-Disposable-Vape.webp",800,800,false],"trp-custom-language-flag":["https:\/\/vapestornado.com\/wp-content\/uploads\/2025\/10\/FIHP-Multi-120000-puffs-Original-Disposable-Vape-12x12.webp",12,12,true],"woocommerce_thumbnail":["https:\/\/vapestornado.com\/wp-content\/uploads\/2025\/10\/FIHP-Multi-120000-puffs-Original-Disposable-Vape-300x300.webp",300,300,true],"woocommerce_single":["https:\/\/vapestornado.com\/wp-content\/uploads\/2025\/10\/FIHP-Multi-120000-puffs-Original-Disposable-Vape-600x600.webp",600,600,true],"woocommerce_gallery_thumbnail":["https:\/\/vapestornado.com\/wp-content\/uploads\/2025\/10\/FIHP-Multi-120000-puffs-Original-Disposable-Vape-100x100.webp",100,100,true]},"uagb_author_info":{"display_name":"ESAMY","author_link":"https:\/\/vapestornado.com\/fr\/author\/"},"uagb_comment_info":1,"uagb_excerpt":"FIHP 120K 6-in-1 120000 Puff Disposable Vape Pen | Cheap Vapes for Wholesale Buy FIHP 120000 Puff Vape Pen | Best 6-in-1 Disposable Vapes in Europe FIHP 120K Puff Disposable Vape \u2013 Big Capacity, Multi Flavors, Best Wholesale Price Add Amy's whatsapp to get right reply and discount price! WhatsApp: +86 17776015835","_links":{"self":[{"href":"https:\/\/vapestornado.com\/fr\/wp-json\/wp\/v2\/product\/4430","targetHints":{"allow":["GET"]}}],"collection":[{"href":"https:\/\/vapestornado.com\/fr\/wp-json\/wp\/v2\/product"}],"about":[{"href":"https:\/\/vapestornado.com\/fr\/wp-json\/wp\/v2\/types\/product"}],"replies":[{"embeddable":true,"href":"https:\/\/vapestornado.com\/fr\/wp-json\/wp\/v2\/comments?post=4430"}],"wp:featuredmedia":[{"embeddable":true,"href":"https:\/\/vapestornado.com\/fr\/wp-json\/wp\/v2\/media\/4428"}],"wp:attachment":[{"href":"https:\/\/vapestornado.com\/fr\/wp-json\/wp\/v2\/media?parent=4430"}],"wp:term":[{"taxonomy":"product_brand","embeddable":true,"href":"https:\/\/vapestornado.com\/fr\/wp-json\/wp\/v2\/product_brand?post=4430"},{"taxonomy":"product_cat","embeddable":true,"href":"https:\/\/vapestornado.com\/fr\/wp-json\/wp\/v2\/product_cat?post=4430"},{"taxonomy":"product_tag","embeddable":true,"href":"https:\/\/vapestornado.com\/fr\/wp-json\/wp\/v2\/product_tag?post=4430"}],"curies":[{"name":"wp","href":"https:\/\/api.w.org\/{rel}","templated":true}]}}