{"id":4411,"date":"2025-10-05T07:54:46","date_gmt":"2025-10-05T07:54:46","guid":{"rendered":"https:\/\/vapestornado.com\/?post_type=product&#038;p=4411"},"modified":"2025-09-30T09:13:19","modified_gmt":"2025-09-30T09:13:19","slug":"aivono-flame-30000-puffs-disposable-e-vapor-wholesale-at-low-price","status":"publish","type":"product","link":"https:\/\/vapestornado.com\/fr\/product\/aivono-flame-30000-puffs-disposable-e-vapor-wholesale-at-low-price\/","title":{"rendered":"AIVONO FLAME 30000 Bouff\u00e9es Jetables E Vape en Gros \u00e0 Bas Prix"},"content":{"rendered":"<h2 data-pm-slice=\"1 1 []\">AIVONO FLAME 30000 Vape Jetable \u2013 Stylo E Vapor en Gros<\/h2>\n<p data-start=\"232\" data-end=\"653\">L' <strong data-start=\"236\" data-end=\"278\">Stylo Vape Jetable AIVONO FLAME 30000<\/strong> est con\u00e7u pour le march\u00e9 de gros europ\u00e9en, offrant jusqu'\u00e0 <strong data-start=\"340\" data-end=\"356\">30 000 bouff\u00e9es<\/strong> d'un(e) <strong data-start=\"364\" data-end=\"386\">r\u00e9servoir de e-liquide de 25 mL<\/strong>. Con\u00e7u comme une option premium, <strong data-start=\"410\" data-end=\"420\">la cigarette \u00e9lectronique<\/strong> il offre aux utilisateurs la pleine satisfaction d'une <strong data-start=\"471\" data-end=\"490\">vape de cigarette<\/strong> alternative avec une saveur riche et une inhalation douce. Les d\u00e9taillants b\u00e9n\u00e9ficient de son design durable, qui r\u00e9duit la fr\u00e9quence de remplacement et augmente le potentiel de vente.<\/p>\n<p data-start=\"655\" data-end=\"1065\">Aliment\u00e9 par une <strong data-start=\"668\" data-end=\"720\">Batterie rechargeable 650mAh avec charge Type-C<\/strong>, le <strong data-start=\"726\" data-end=\"746\">AIVONO FLAME 30k<\/strong> est con\u00e7u pour une performance constante. La <strong data-start=\"787\" data-end=\"810\">r\u00e9sistance double mesh 1,2\u03a9<\/strong> produit des nuages denses et une clart\u00e9 de saveur pure, tandis que le <strong data-start=\"868\" data-end=\"898\">flux d'air r\u00e9glable \u00e0 2 vitesses<\/strong> permet aux utilisateurs de choisir entre une inhalation MTL plus serr\u00e9e ou une sensation RDL plus l\u00e2che. Son <strong data-start=\"972\" data-end=\"992\">affichage LED double<\/strong> garde les utilisateurs en contr\u00f4le, affichant en temps r\u00e9el le niveau de batterie et de e-liquide.<\/p>\n<p data-start=\"1067\" data-end=\"1483\">Disponible \u00e0 prix de gros via des <strong data-start=\"1114\" data-end=\"1134\">boutique de vape en ligne<\/strong> partenaires de confiance, le <strong data-start=\"1149\" data-end=\"1171\">AIVONO FLAME 30000<\/strong> est propos\u00e9 dans des saveurs phares comme Mangue Glac\u00e9e, Raisin Glac\u00e9, Myrtille Glac\u00e9e, Myrtille Framboise Grenade, et Fraise Past\u00e8que. Avec <strong data-start=\"1300\" data-end=\"1325\">protection enfant<\/strong> et construction durable, ce jetable<strong data-start=\"1368\" data-end=\"1393\">\u00a0stylo de vapotage<\/strong> est le choix intelligent pour les distributeurs et utilisateurs finaux en France.<\/p>\n<p><strong><span style=\"color: #ff0000;\">Ajoutez le WhatsApp d'Amy pour obtenir une bonne r\u00e9ponse et un coupon de vape !<\/span><\/strong><\/p>\n<p><img fetchpriority=\"high\" decoding=\"async\" class=\"size-full wp-image-2932\" src=\"https:\/\/vapestornado.com\/wp-content\/uploads\/2024\/12\/Vape-Wholesale.jpg\" alt=\"Vente en Gros de Vapes\" width=\"229\" height=\"300\" \/><\/p>\n<h3><a href=\"https:\/\/wa.me\/8617776015835\" target=\"_blank\" rel=\"noopener\"><span style=\"color: #ff0000;\"><strong>WhatsApp : +86 17776015835<\/strong><\/span><\/a><\/h3>\n<p>&nbsp;<\/p>\n<h2><strong>Caract\u00e9ristiques du produit AIVONO AIM FLAME 30000 Puff<\/strong><\/h2>\n<ul>\n<li data-start=\"1288\" data-end=\"1365\">\n<p data-start=\"1290\" data-end=\"1365\"><strong data-start=\"1290\" data-end=\"1312\">Jusqu'\u00e0 30 000 bouff\u00e9es<\/strong> \u2013 Con\u00e7u pour une utilisation prolong\u00e9e et une efficacit\u00e9 en gros.<\/p>\n<\/li>\n<li data-start=\"1366\" data-end=\"1439\">\n<p data-start=\"1368\" data-end=\"1439\"><strong data-start=\"1368\" data-end=\"1390\">r\u00e9servoir de e-liquide de 25 mL<\/strong> \u2013 Sessions de vapotage plus longues sans remplacement.<\/p>\n<\/li>\n<li data-start=\"1440\" data-end=\"1518\">\n<p data-start=\"1442\" data-end=\"1518\"><strong data-start=\"1442\" data-end=\"1473\">batterie rechargeable de 650 mAh<\/strong> \u2013 Rapide <strong data-start=\"1481\" data-end=\"1500\">le chargement de type C<\/strong> le maintient pr\u00eat.<\/p>\n<\/li>\n<li data-start=\"1519\" data-end=\"1596\">\n<p data-start=\"1521\" data-end=\"1596\"><strong data-start=\"1521\" data-end=\"1546\">Bobine double mesh (1,2\u03a9)<\/strong> \u2013 Saveur plus riche et vapeur plus homog\u00e8ne.<\/p>\n<\/li>\n<li data-start=\"1597\" data-end=\"1672\">\n<p data-start=\"1599\" data-end=\"1672\"><strong data-start=\"1599\" data-end=\"1629\">Flux d'air r\u00e9glable \u00e0 2 vitesses<\/strong> \u2013 Passez de <strong data-start=\"1647\" data-end=\"1669\">vapoter MTL \u00e0 DTL<\/strong>.<\/p>\n<\/li>\n<li data-start=\"1673\" data-end=\"1736\">\n<p data-start=\"1675\" data-end=\"1736\"><strong data-start=\"1675\" data-end=\"1696\">S\u00e9curit\u00e9 avec verrouillage enfant<\/strong> \u2013 Protection suppl\u00e9mentaire pour plus de tranquillit\u00e9 d'esprit.<\/p>\n<\/li>\n<li data-start=\"1737\" data-end=\"1804\">\n<p data-start=\"1739\" data-end=\"1804\"><strong data-start=\"1739\" data-end=\"1759\">affichage LED double<\/strong> \u2013 Suivi en temps r\u00e9el du e-liquide et de la batterie.<\/p>\n<\/li>\n<\/ul>\n<p>&nbsp;<\/p>\n<figure id=\"attachment_4409\" aria-describedby=\"caption-attachment-4409\" style=\"width: 300px\" class=\"wp-caption alignnone\"><img decoding=\"async\" class=\"size-medium wp-image-4409\" src=\"https:\/\/vapestornado.com\/wp-content\/uploads\/2025\/09\/Aivono-Flame-30k-30000-Puffs-Disposable-Vape-Box-300x300.webp\" alt=\"Bo\u00eete de vape jetable Aivono Flame 30k 30000 bouff\u00e9es\" width=\"300\" height=\"300\" srcset=\"https:\/\/vapestornado.com\/wp-content\/uploads\/2025\/09\/Aivono-Flame-30k-30000-Puffs-Disposable-Vape-Box-300x300.webp 300w, https:\/\/vapestornado.com\/wp-content\/uploads\/2025\/09\/Aivono-Flame-30k-30000-Puffs-Disposable-Vape-Box-150x150.webp 150w, https:\/\/vapestornado.com\/wp-content\/uploads\/2025\/09\/Aivono-Flame-30k-30000-Puffs-Disposable-Vape-Box-768x768.webp 768w, https:\/\/vapestornado.com\/wp-content\/uploads\/2025\/09\/Aivono-Flame-30k-30000-Puffs-Disposable-Vape-Box-12x12.webp 12w, https:\/\/vapestornado.com\/wp-content\/uploads\/2025\/09\/Aivono-Flame-30k-30000-Puffs-Disposable-Vape-Box-600x600.webp 600w, https:\/\/vapestornado.com\/wp-content\/uploads\/2025\/09\/Aivono-Flame-30k-30000-Puffs-Disposable-Vape-Box-100x100.webp 100w, https:\/\/vapestornado.com\/wp-content\/uploads\/2025\/09\/Aivono-Flame-30k-30000-Puffs-Disposable-Vape-Box.webp 800w\" sizes=\"(max-width: 300px) 100vw, 300px\" \/><figcaption id=\"caption-attachment-4409\" class=\"wp-caption-text\">Bo\u00eete de vape jetable Aivono Flame 30k 30000 bouff\u00e9es<\/figcaption><\/figure>\n<p>&nbsp;<\/p>\n<h2 class=\"product-title\"><strong>Liste des saveurs AIVONOFLAME 30000 Puff<\/strong><\/h2>\n<p data-start=\"2550\" data-end=\"2736\">1. Mangue Glac\u00e9e<br \/>\n2. Raisin Glac\u00e9<br \/>\n3.Myrtille glac\u00e9e<br \/>\n4.Myrtille Framboise Grenade<br \/>\n5. Fraise past\u00e8que<\/p>\n<div class=\"flex-shrink-0 flex flex-col relative items-end\">\n<div class=\"pt-0\">\n<div class=\"gizmo-bot-avatar flex h-8 w-8 items-center justify-center overflow-hidden rounded-full\">\n<div class=\"relative p-1 rounded-sm flex items-center justify-center bg-token-main-surface-primary text-token-text-primary h-8 w-8\">\n<h2 data-start=\"1200\" data-end=\"1487\">Vapes Tornado \u2013 Votre boutique en ligne de gros pour les meilleures marques de vapoteuses<\/h2>\n<p data-start=\"1200\" data-end=\"1487\"><strong data-start=\"141\" data-end=\"177\">Magasin de vapotage en ligne Vapes Tornado<\/strong> est votre source de confiance pour <strong data-start=\"205\" data-end=\"270\">vapes jetables premium et cigarettes \u00e9lectroniques en gros en Europe<\/strong>. Nous proposons des marques les plus vendues comme <strong data-start=\"307\" data-end=\"362\"><a href=\"https:\/\/vapestornado.com\/fr\/product\/randm-12000-puffs-fumot-digital-disposable-vape-wholesale-price\/\">Fumot VAPE<\/a>, <a href=\"https:\/\/vapestornado.com\/fr\/product\/original-wga-ultra-35k-35000-puff-rechargeable-crystal-disposable-nicotine-vape-best-discount-price\/\">WGA VAPE<\/a>, <\/strong><strong data-start=\"307\" data-end=\"362\"><a href=\"https:\/\/vapestornado.com\/fr\/product\/vozol-gear-shisha-25k-25000-puffs-best-dtl-disposable-vape-hookah-cheap-price\/\">VOZOL BAR VAPE<\/a>, \u00a0 Bang Vape<\/strong>, et plus encore, garantissant qualit\u00e9 et vari\u00e9t\u00e9 pour chaque client. Que vous soyez un vapoteur individuel ou un acheteur en gros, nous livrons <strong data-start=\"481\" data-end=\"550\">des appareils haute performance, des designs \u00e9l\u00e9gants et des prix comp\u00e9titifs<\/strong> pour r\u00e9pondre \u00e0 vos besoins.<\/p>\n<h2 data-start=\"2064\" data-end=\"2115\">FAQ sur la cigarette jetable AIVONO 30000 Puff<\/h2>\n<p data-start=\"1856\" data-end=\"2020\"><strong data-start=\"1856\" data-end=\"1903\">1. Combien de temps dure la AIVONO FLAME 30K ?<\/strong><br data-start=\"1903\" data-end=\"1906\" \/>Chaque appareil offre jusqu'\u00e0 <strong data-start=\"1933\" data-end=\"1949\">30 000 bouff\u00e9es<\/strong>, ce qui en fait l'une des cigarettes jetables les plus durables de sa cat\u00e9gorie.<\/p>\n<p data-start=\"2022\" data-end=\"2154\"><strong data-start=\"2022\" data-end=\"2057\">2. La batterie est-elle rechargeable ?<\/strong><br data-start=\"2057\" data-end=\"2060\" \/>Oui. Il est livr\u00e9 avec un <strong data-start=\"2081\" data-end=\"2112\">batterie rechargeable de 650 mAh<\/strong> et de <strong data-start=\"2117\" data-end=\"2132\">Type-C<\/strong> pour une charge rapide.<\/p>\n<p data-start=\"2156\" data-end=\"2307\"><strong data-start=\"2156\" data-end=\"2198\">3. Supporte-t-elle un flux d'air r\u00e9glable ?<\/strong><br data-start=\"2198\" data-end=\"2201\" \/>Oui. Le <strong data-start=\"2210\" data-end=\"2234\">contr\u00f4le d'air \u00e0 double flux<\/strong> permet aux utilisateurs de passer entre <strong data-start=\"2261\" data-end=\"2280\">des tirages MTL serr\u00e9s<\/strong> et de <strong data-start=\"2285\" data-end=\"2304\">des hits DTL plus l\u00e2ches<\/strong>.<\/p>\n<p data-start=\"2309\" data-end=\"2532\"><strong data-start=\"2309\" data-end=\"2358\">4. Qu'est-ce qui le rend meilleur pour les acheteurs en gros ?<\/strong><br data-start=\"2358\" data-end=\"2361\" \/>L' <strong data-start=\"2365\" data-end=\"2426\">grande capacit\u00e9 de bouff\u00e9e, conception rechargeable et affichage LED<\/strong> augmenter la satisfaction des clients et les ventes r\u00e9p\u00e9t\u00e9es, ce qui le rend id\u00e9al pour <strong data-start=\"2496\" data-end=\"2529\">les distributeurs de boutiques de vapotage en ligne<\/strong>.<\/p>\n<p data-start=\"2534\" data-end=\"2693\"><strong data-start=\"2534\" data-end=\"2568\">5. Quelles saveurs sont disponibles ?<\/strong><br data-start=\"2568\" data-end=\"2571\" \/>Les saveurs principales incluent <strong data-start=\"2591\" data-end=\"2690\">Mangue Glac\u00e9e, Raisin Glac\u00e9, Myrtille Glac\u00e9e, Myrtille Framboise Grenade, et Fraise Past\u00e8que<\/strong>.<\/p>\n<\/div>\n<\/div>\n<\/div>\n<\/div>","protected":false},"excerpt":{"rendered":"<p data-start=\"2637\" data-end=\"2714\">AIVONO FLAME 30000 Cigarette \u00c9lectronique Jetable \u2013 30K Bouff\u00e9es Vapeur \u00c9n gros Europe<br \/>\nAcheter AIVONO FLAME 30K Bouff\u00e9es \u00c9cran LED Stylo E Shisha \u2013 Boutique Vape en ligne UE<br \/>\nAIVONO FLAME 30000 Bouff\u00e9es Cigarette \u00c9lectronique Vapeur \u2013 Meilleur Vape Jetable en Gros<\/p>\n<p><strong>Ajoutez le WhatsApp d'Amy pour obtenir une r\u00e9ponse rapide et un prix r\u00e9duit !<\/strong><\/p>\n<p><img fetchpriority=\"high\" decoding=\"async\" class=\"size-full wp-image-2932\" src=\"https:\/\/vapestornado.com\/wp-content\/uploads\/2024\/12\/Vape-Wholesale.jpg\" alt=\"Vente en Gros de Vapes\" width=\"229\" height=\"300\" \/><\/p>\n<h3><a href=\"https:\/\/wa.me\/8617776015835\"><span style=\"color: #ff0000;\"><strong>WhatsApp : +86 17776015835<\/strong><\/span><\/a><\/h3>","protected":false},"featured_media":4405,"comment_status":"open","ping_status":"closed","template":"","meta":{"_acf_changed":false,"_uag_custom_page_level_css":"","_lmt_disableupdate":"no","_lmt_disable":"","_monsterinsights_skip_tracking":false,"_monsterinsights_sitenote_active":false,"_monsterinsights_sitenote_note":"","_monsterinsights_sitenote_category":0,"site-sidebar-layout":"default","site-content-layout":"","ast-site-content-layout":"default","site-content-style":"default","site-sidebar-style":"default","ast-global-header-display":"","ast-banner-title-visibility":"","ast-main-header-display":"","ast-hfb-above-header-display":"","ast-hfb-below-header-display":"","ast-hfb-mobile-header-display":"","site-post-title":"","ast-breadcrumbs-content":"","ast-featured-img":"","footer-sml-layout":"","ast-disable-related-posts":"","theme-transparent-header-meta":"default","adv-header-id-meta":"","stick-header-meta":"","header-above-stick-meta":"","header-main-stick-meta":"","header-below-stick-meta":"","astra-migrate-meta-layouts":"set","ast-page-background-enabled":"default","ast-page-background-meta":{"desktop":{"background-color":"","background-image":"","background-repeat":"repeat","background-position":"center center","background-size":"auto","background-attachment":"scroll","background-type":"","background-media":"","overlay-type":"","overlay-color":"","overlay-opacity":"","overlay-gradient":""},"tablet":{"background-color":"","background-image":"","background-repeat":"repeat","background-position":"center center","background-size":"auto","background-attachment":"scroll","background-type":"","background-media":"","overlay-type":"","overlay-color":"","overlay-opacity":"","overlay-gradient":""},"mobile":{"background-color":"","background-image":"","background-repeat":"repeat","background-position":"center center","background-size":"auto","background-attachment":"scroll","background-type":"","background-media":"","overlay-type":"","overlay-color":"","overlay-opacity":"","overlay-gradient":""}},"ast-content-background-meta":{"desktop":{"background-color":"var(--ast-global-color-5)","background-image":"","background-repeat":"repeat","background-position":"center center","background-size":"auto","background-attachment":"scroll","background-type":"","background-media":"","overlay-type":"","overlay-color":"","overlay-opacity":"","overlay-gradient":""},"tablet":{"background-color":"var(--ast-global-color-5)","background-image":"","background-repeat":"repeat","background-position":"center center","background-size":"auto","background-attachment":"scroll","background-type":"","background-media":"","overlay-type":"","overlay-color":"","overlay-opacity":"","overlay-gradient":""},"mobile":{"background-color":"var(--ast-global-color-5)","background-image":"","background-repeat":"repeat","background-position":"center center","background-size":"auto","background-attachment":"scroll","background-type":"","background-media":"","overlay-type":"","overlay-color":"","overlay-opacity":"","overlay-gradient":""}},"_joinchat":[]},"product_brand":[],"product_cat":[67,176,150,151,142,146],"product_tag":[389,387,388,390,386],"class_list":{"0":"post-4411","1":"product","2":"type-product","3":"status-publish","4":"has-post-thumbnail","6":"product_cat-30000-puff","7":"product_cat-aivono-vape","8":"product_cat-buy-disposable-vapes-in-belgium","9":"product_cat-buy-disposable-vapes-in-france","10":"product_cat-digital-box-disposable-vapes","11":"product_cat-rechargeable-disposable-vapes","12":"product_tag-aivono-flame-30000","13":"product_tag-cigarette-vapor","14":"product_tag-e-vape","15":"product_tag-online-vape-shop","16":"product_tag-vape-pen","17":"desktop-align-left","18":"tablet-align-left","19":"mobile-align-left","21":"first","22":"instock","23":"sale","24":"shipping-taxable","25":"purchasable","26":"product-type-simple"},"acf":[],"uagb_featured_image_src":{"full":["https:\/\/vapestornado.com\/wp-content\/uploads\/2025\/09\/Aivono-30k-30000-Puffs-Disposable-Vape-Vaper.webp",800,800,false],"thumbnail":["https:\/\/vapestornado.com\/wp-content\/uploads\/2025\/09\/Aivono-30k-30000-Puffs-Disposable-Vape-Vaper-150x150.webp",150,150,true],"medium":["https:\/\/vapestornado.com\/wp-content\/uploads\/2025\/09\/Aivono-30k-30000-Puffs-Disposable-Vape-Vaper-300x300.webp",300,300,true],"medium_large":["https:\/\/vapestornado.com\/wp-content\/uploads\/2025\/09\/Aivono-30k-30000-Puffs-Disposable-Vape-Vaper-768x768.webp",768,768,true],"large":["https:\/\/vapestornado.com\/wp-content\/uploads\/2025\/09\/Aivono-30k-30000-Puffs-Disposable-Vape-Vaper.webp",800,800,false],"1536x1536":["https:\/\/vapestornado.com\/wp-content\/uploads\/2025\/09\/Aivono-30k-30000-Puffs-Disposable-Vape-Vaper.webp",800,800,false],"2048x2048":["https:\/\/vapestornado.com\/wp-content\/uploads\/2025\/09\/Aivono-30k-30000-Puffs-Disposable-Vape-Vaper.webp",800,800,false],"trp-custom-language-flag":["https:\/\/vapestornado.com\/wp-content\/uploads\/2025\/09\/Aivono-30k-30000-Puffs-Disposable-Vape-Vaper-12x12.webp",12,12,true],"woocommerce_thumbnail":["https:\/\/vapestornado.com\/wp-content\/uploads\/2025\/09\/Aivono-30k-30000-Puffs-Disposable-Vape-Vaper-300x300.webp",300,300,true],"woocommerce_single":["https:\/\/vapestornado.com\/wp-content\/uploads\/2025\/09\/Aivono-30k-30000-Puffs-Disposable-Vape-Vaper-600x600.webp",600,600,true],"woocommerce_gallery_thumbnail":["https:\/\/vapestornado.com\/wp-content\/uploads\/2025\/09\/Aivono-30k-30000-Puffs-Disposable-Vape-Vaper-100x100.webp",100,100,true]},"uagb_author_info":{"display_name":"ESAMY","author_link":"https:\/\/vapestornado.com\/fr\/author\/"},"uagb_comment_info":0,"uagb_excerpt":"AIVONO FLAME 30000 Disposable Vape Pen \u2013 30K Puff E Vapor Wholesale Europe Buy AIVONO FLAME 30K Puff LED Display E Shisha Pen \u2013 Online Vape Shop EU AIVONO FLAME 30000 Puffs Electronic Cigarette Vapor \u2013 Best Wholesale Disposable Vape Add Amy's whatsapp to get right reply and discount price! WhatsApp: +86 17776015835","_links":{"self":[{"href":"https:\/\/vapestornado.com\/fr\/wp-json\/wp\/v2\/product\/4411","targetHints":{"allow":["GET"]}}],"collection":[{"href":"https:\/\/vapestornado.com\/fr\/wp-json\/wp\/v2\/product"}],"about":[{"href":"https:\/\/vapestornado.com\/fr\/wp-json\/wp\/v2\/types\/product"}],"replies":[{"embeddable":true,"href":"https:\/\/vapestornado.com\/fr\/wp-json\/wp\/v2\/comments?post=4411"}],"wp:featuredmedia":[{"embeddable":true,"href":"https:\/\/vapestornado.com\/fr\/wp-json\/wp\/v2\/media\/4405"}],"wp:attachment":[{"href":"https:\/\/vapestornado.com\/fr\/wp-json\/wp\/v2\/media?parent=4411"}],"wp:term":[{"taxonomy":"product_brand","embeddable":true,"href":"https:\/\/vapestornado.com\/fr\/wp-json\/wp\/v2\/product_brand?post=4411"},{"taxonomy":"product_cat","embeddable":true,"href":"https:\/\/vapestornado.com\/fr\/wp-json\/wp\/v2\/product_cat?post=4411"},{"taxonomy":"product_tag","embeddable":true,"href":"https:\/\/vapestornado.com\/fr\/wp-json\/wp\/v2\/product_tag?post=4411"}],"curies":[{"name":"wp","href":"https:\/\/api.w.org\/{rel}","templated":true}]}}