{"id":4379,"date":"2025-09-25T02:51:29","date_gmt":"2025-09-25T02:51:29","guid":{"rendered":"https:\/\/vapestornado.com\/?post_type=product&#038;p=4379"},"modified":"2025-09-25T03:40:09","modified_gmt":"2025-09-25T03:40:09","slug":"vopk-80000-puff-80k-4-in-1-four-flavors-disposable-vapes-online-wholesale","status":"publish","type":"product","link":"https:\/\/vapestornado.com\/fr\/product\/vopk-80000-puff-80k-4-in-1-four-flavors-disposable-vapes-online-wholesale\/","title":{"rendered":"VOPK 80000 Puff 80k 4 en 1 Quatre Saveurs Cigarettes \u00c9lectroniques Jetables en Gros en ligne"},"content":{"rendered":"<h2 data-pm-slice=\"1 1 []\">VOPK 80000 Puff 80k 4 en 1 Quatre Saveurs Cigarettes \u00c9lectroniques Jetables en Gros en ligne<\/h2>\n<p data-start=\"175\" data-end=\"532\">L' <strong data-start=\"179\" data-end=\"214\">VOPK Vape Jetable 80000 Puff<\/strong> est con\u00e7u pour les vapoteurs qui veulent <strong data-start=\"244\" data-end=\"293\">puissance, vari\u00e9t\u00e9 et commodit\u00e9 en un seul appareil<\/strong>. Avec <strong data-start=\"300\" data-end=\"328\">technologie de saveur 4-en-1<\/strong>, les utilisateurs peuvent passer instantan\u00e9ment entre quatre saveurs premium sans transporter plusieurs pods. Offrant jusqu'\u00e0 <strong data-start=\"433\" data-end=\"457\">80k bouff\u00e9es par appareil<\/strong>, ce mod\u00e8le est une <strong data-start=\"475\" data-end=\"515\">option de premier choix en gros de vapes en ligne<\/strong> dans toute l'Europe.<\/p>\n<p data-start=\"534\" data-end=\"1007\">\u00c9quip\u00e9 d'une <strong data-start=\"550\" data-end=\"568\">r\u00e9sistance en mesh 0,9\u03a9<\/strong>, <strong data-start=\"570\" data-end=\"608\">Batterie rechargeable Type-C de 650 mAh<\/strong>, et une <strong data-start=\"616\" data-end=\"642\">\u00e9cran d'affichage num\u00e9rique<\/strong>, le <strong data-start=\"648\" data-end=\"660\">VOPK 80k<\/strong> assure un go\u00fbt riche, une vapeur dense et un contr\u00f4le total sur le niveau d'huile et de batterie. Avec des options de nicotine \u00e0 <strong data-start=\"764\" data-end=\"782\">0%, 2% et 5%<\/strong>, il r\u00e9pond aussi bien aux utilisateurs occasionnels qu'aux vapoteurs exp\u00e9riment\u00e9s. Compact mais puissant, c\u2019est le <strong data-start=\"878\" data-end=\"905\">kit de mod vape jetable parfait<\/strong> pour les <b>utilisateurs<\/b>, offrant un design moderne et une performance fiable.<\/p>\n<p><strong><span style=\"color: #ff0000;\">Ajoutez le WhatsApp d'Amy pour obtenir une bonne r\u00e9ponse et un coupon de vape !<\/span><\/strong><\/p>\n<p><img fetchpriority=\"high\" decoding=\"async\" class=\"size-full wp-image-2932\" src=\"https:\/\/vapestornado.com\/wp-content\/uploads\/2024\/12\/Vape-Wholesale.jpg\" alt=\"Vente en Gros de Vapes\" width=\"229\" height=\"300\" \/><\/p>\n<h3><a href=\"https:\/\/wa.me\/8617776015835\" target=\"_blank\" rel=\"noopener\"><span style=\"color: #ff0000;\"><strong>WhatsApp : +86 17776015835<\/strong><\/span><\/a><\/h3>\n<p>&nbsp;<\/p>\n<h2><strong>Caract\u00e9ristiques du produit VOPK 80000 Puff<\/strong><\/h2>\n<h2 data-start=\"201\" data-end=\"249\"><\/h2>\n<ul data-start=\"251\" data-end=\"944\">\n<li data-start=\"251\" data-end=\"343\">\n<p data-start=\"253\" data-end=\"343\"><strong data-start=\"253\" data-end=\"277\">Massif 80 000 Bouff\u00e9es<\/strong> \u2013 con\u00e7u pour une utilisation \u00e0 long terme, id\u00e9al pour la demande en gros et en volume.<\/p>\n<\/li>\n<li data-start=\"344\" data-end=\"438\">\n<p data-start=\"346\" data-end=\"438\"><strong data-start=\"346\" data-end=\"370\">Syst\u00e8me de saveurs 4-en-1<\/strong> \u2013 profitez de quatre saveurs dans un seul appareil, sans besoin de changer de pod.<\/p>\n<\/li>\n<li data-start=\"439\" data-end=\"518\">\n<p data-start=\"441\" data-end=\"518\"><strong data-start=\"441\" data-end=\"459\">R\u00e9sistance Mesh 0,9\u03a9<\/strong> \u2013 offre une densit\u00e9 de vapeur constante et une saveur am\u00e9lior\u00e9e.<\/p>\n<\/li>\n<li data-start=\"519\" data-end=\"606\">\n<p data-start=\"521\" data-end=\"606\"><strong data-start=\"521\" data-end=\"552\">Batterie rechargeable de 650 mAh<\/strong> \u2013 la charge rapide Type-C vous permet de rester aliment\u00e9 en d\u00e9placement.<\/p>\n<\/li>\n<li data-start=\"607\" data-end=\"693\">\n<p data-start=\"609\" data-end=\"693\"><strong data-start=\"609\" data-end=\"634\">Affichage num\u00e9rique intelligent<\/strong> \u2013 surveillez la dur\u00e9e de vie de la batterie et le niveau de e-liquide en temps r\u00e9el.<\/p>\n<\/li>\n<li data-start=\"694\" data-end=\"776\">\n<p data-start=\"696\" data-end=\"776\"><strong data-start=\"696\" data-end=\"727\">Options de nicotine : 0%, 2%, 5%<\/strong> \u2013 flexibilit\u00e9 pour r\u00e9pondre \u00e0 diff\u00e9rents besoins de vapotage.<\/p>\n<\/li>\n<li data-start=\"777\" data-end=\"862\">\n<p data-start=\"779\" data-end=\"862\"><strong data-start=\"779\" data-end=\"807\">Portable et convivial<\/strong> \u2013 embout buccal ergonomique large et design l\u00e9ger.<\/p>\n<\/li>\n<li data-start=\"863\" data-end=\"944\">\n<p data-start=\"865\" data-end=\"944\"><strong data-start=\"865\" data-end=\"885\">10 combinaisons de saveurs<\/strong> \u2013 une grande vari\u00e9t\u00e9 pour satisfaire diff\u00e9rentes pr\u00e9f\u00e9rences gustatives.<\/p>\n<\/li>\n<\/ul>\n<figure id=\"attachment_4374\" aria-describedby=\"caption-attachment-4374\" style=\"width: 300px\" class=\"wp-caption alignnone\"><img decoding=\"async\" class=\"size-medium wp-image-4374\" src=\"https:\/\/vapestornado.com\/wp-content\/uploads\/2025\/09\/VOPK-80000-Puffs-Nicotine-Free-Disposable-Vape-300x300.webp\" alt=\"Vape jetable VOPK 80000 bouff\u00e9es sans nicotine\" width=\"300\" height=\"300\" srcset=\"https:\/\/vapestornado.com\/wp-content\/uploads\/2025\/09\/VOPK-80000-Puffs-Nicotine-Free-Disposable-Vape-300x300.webp 300w, https:\/\/vapestornado.com\/wp-content\/uploads\/2025\/09\/VOPK-80000-Puffs-Nicotine-Free-Disposable-Vape-150x150.webp 150w, https:\/\/vapestornado.com\/wp-content\/uploads\/2025\/09\/VOPK-80000-Puffs-Nicotine-Free-Disposable-Vape-768x768.webp 768w, https:\/\/vapestornado.com\/wp-content\/uploads\/2025\/09\/VOPK-80000-Puffs-Nicotine-Free-Disposable-Vape-12x12.webp 12w, https:\/\/vapestornado.com\/wp-content\/uploads\/2025\/09\/VOPK-80000-Puffs-Nicotine-Free-Disposable-Vape-600x600.webp 600w, https:\/\/vapestornado.com\/wp-content\/uploads\/2025\/09\/VOPK-80000-Puffs-Nicotine-Free-Disposable-Vape-100x100.webp 100w, https:\/\/vapestornado.com\/wp-content\/uploads\/2025\/09\/VOPK-80000-Puffs-Nicotine-Free-Disposable-Vape.webp 800w\" sizes=\"(max-width: 300px) 100vw, 300px\" \/><figcaption id=\"caption-attachment-4374\" class=\"wp-caption-text\">Vape jetable VOPK 80000 bouff\u00e9es sans nicotine<\/figcaption><\/figure>\n<h2 class=\"product-title\"><strong>Liste des 80k 4 en 1 saveurs VOPK 80000 bouff\u00e9es<\/strong><\/h2>\n<p data-start=\"2550\" data-end=\"2736\">1. past\u00e8que glace\/Triple melon glace\/Framboise bleue glace\/Cr\u00e8me glac\u00e9e \u00e0 la fraise<br \/>\n2. myrtille framboise\/ Fuji glace\/ Baies m\u00e9lang\u00e9es\/ Bonbon myrtille noix de coco<br \/>\n3. fraise past\u00e8que\/ canneberge raisin\/ mangue glace\/ bonbon fraise framboise<br \/>\n4. Red bull glace\/ fruit de la passion kiwi citron vert\/ pomme acide framboise fraise\/ chewing-gum past\u00e8que<br \/>\n5. myrtille glace\/ p\u00eache mangue past\u00e8que\/ melon pomme\/ cerise gazeuse glace<br \/>\n6. fraise mangue\/ fraise kiwi\/ past\u00e8que fruit du dragon\/ ourson en gomme<br \/>\n7. Love 66\/ Framboise past\u00e8que\/ Fraise Cerise Framboise\/ Bonbon glace \u00e0 la cerise<br \/>\n8. Fraise banane\/ Ananas noix de coco glace\/ Mangue p\u00eache abricot\/ Aloe mangue melon<br \/>\n9. Bonbon Arc-en-ciel\/ P\u00eache glace\/ Citron orange acide\/ Canneberge citron<br \/>\n10. Kiwi fruit de la passion\/ Fraise cerise\/ Raisin glace\/ Bonbon fraise<\/p>\n<div class=\"flex-shrink-0 flex flex-col relative items-end\">\n<div class=\"pt-0\">\n<div class=\"gizmo-bot-avatar flex h-8 w-8 items-center justify-center overflow-hidden rounded-full\">\n<div class=\"relative p-1 rounded-sm flex items-center justify-center bg-token-main-surface-primary text-token-text-primary h-8 w-8\">\n<h2 data-start=\"1200\" data-end=\"1487\">Vapes Tornado \u2013 Votre boutique en ligne de gros pour les meilleures marques de vapotage<\/h2>\n<p data-start=\"1200\" data-end=\"1487\"><strong data-start=\"141\" data-end=\"177\">Magasin de vapotage en ligne Vapes Tornado<\/strong> est votre source de confiance pour <strong data-start=\"205\" data-end=\"270\">vapes jetables premium et cigarettes \u00e9lectroniques en gros en Europe<\/strong>. Nous proposons des marques les plus vendues comme <strong data-start=\"307\" data-end=\"362\"><a href=\"https:\/\/vapestornado.com\/fr\/product\/elf-bar-raya-d3-25000-puffs-best-disposable-vape-wholesale-in-uk\/\">VAPE ELF BAR<\/a>, <a href=\"https:\/\/vapestornado.com\/fr\/product\/randm-tornado-15000-disposable-vape-wholesale-price\/\">Fumot VAPE<\/a>, <a href=\"https:\/\/vapestornado.com\/fr\/product\/original-vozol-star-40000-puff-40k-best-disposable-vape-2025-wholesale-cheap-price\/\">VOZOL VAPOTAGE<\/a>, Bang Vape<\/strong>, et plus encore, garantissant qualit\u00e9 et vari\u00e9t\u00e9 pour chaque client. Que vous soyez un vapoteur individuel ou un acheteur en gros, nous livrons <strong data-start=\"481\" data-end=\"550\">des appareils haute performance, des designs \u00e9l\u00e9gants et des prix comp\u00e9titifs<\/strong> pour r\u00e9pondre \u00e0 vos besoins.<\/p>\n<h2 data-start=\"2064\" data-end=\"2115\">FAQ sur VOPK 80000 Puff Vape Jetable 80k 4 en 1<\/h2>\n<p data-start=\"1035\" data-end=\"1198\"><strong data-start=\"1035\" data-end=\"1107\">Q1 : Combien de bouff\u00e9es la vape jetable VOPK 80000 Puff fournit-elle ?<\/strong><br data-start=\"1107\" data-end=\"1110\" \/>R1 : Chaque appareil offre jusqu'\u00e0 <strong data-start=\"1141\" data-end=\"1157\">80 000 bouff\u00e9es<\/strong>, ce qui le rend id\u00e9al pour une utilisation longue dur\u00e9e.<\/p>\n<p data-start=\"1200\" data-end=\"1379\"><strong data-start=\"1200\" data-end=\"1281\">Q2 : Qu'est-ce qui rend le VOPK 80k unique par rapport aux autres vapes jetables en ligne ?<\/strong><br data-start=\"1281\" data-end=\"1284\" \/>A2 : Il dispose d'un <strong data-start=\"1302\" data-end=\"1326\">syst\u00e8me de saveur 4-en-1<\/strong>, vous permettant de profiter de quatre saveurs dans un seul appareil.<\/p>\n<p data-start=\"1381\" data-end=\"1530\"><strong data-start=\"1381\" data-end=\"1433\">Q3 : Le VOPK 80000 Puff prend-il en charge la recharge ?<\/strong><br data-start=\"1433\" data-end=\"1436\" \/>A3 : Oui, il est livr\u00e9 avec un <strong data-start=\"1461\" data-end=\"1499\">Batterie rechargeable Type-C de 650 mAh<\/strong> pour une charge rapide efficace.<\/p>\n<p data-start=\"1532\" data-end=\"1693\"><strong data-start=\"1532\" data-end=\"1610\">Q4 : Quelles concentrations de nicotine sont disponibles pour le VOPK 80k Vape jetable ?<\/strong><br data-start=\"1610\" data-end=\"1613\" \/>A4 : Les options incluent <strong data-start=\"1633\" data-end=\"1651\">0%, 2% et 5%<\/strong>, r\u00e9pondant aux besoins des diff\u00e9rents vapoteurs.<\/p>\n<p data-start=\"1695\" data-end=\"1910\"><strong data-start=\"1695\" data-end=\"1762\">Q5 : Pourquoi le VOPK 80k est-il populaire sur les march\u00e9s de gros en France ?<\/strong><br data-start=\"1762\" data-end=\"1765\" \/>A5 : Sa <strong data-start=\"1773\" data-end=\"1840\">grande capacit\u00e9 de bouff\u00e9es, son \u00e9cran d'affichage et ses multiples choix de saveurs<\/strong> le rendent tr\u00e8s attractif pour les acheteurs en gros et les jeunes consommateurs.<\/p>\n<\/div>\n<\/div>\n<\/div>\n<\/div>","protected":false},"excerpt":{"rendered":"<p data-start=\"2159\" data-end=\"2246\"><strong data-start=\"2159\" data-end=\"2244\">VOPK 80000 Puff Vapes Jetables \u2013 Saveur 4-en-1, 80k Bouff\u00e9es, Meilleur Prix de Gros<\/strong><\/p>\n<p data-start=\"2250\" data-end=\"2331\"><strong data-start=\"2250\" data-end=\"2329\">Kits de Mod Vape Jetable VOPK 80k en Gros \u2013 \u00c9cran d'Affichage &amp; Rechargeable<\/strong><\/p>\n<p data-start=\"2335\" data-end=\"2416\"><strong data-start=\"2335\" data-end=\"2414\">Kit Vape Jetable VOPK 80000 Puff 4-en-1 \u2013 Vapes Premium en Ligne pour le March\u00e9 de l'UE<\/strong><\/p>\n<p><strong>Ajoutez le WhatsApp d'Amy pour obtenir une r\u00e9ponse rapide et un prix r\u00e9duit !<\/strong><\/p>\n<p><img fetchpriority=\"high\" decoding=\"async\" class=\"size-full wp-image-2932\" src=\"https:\/\/vapestornado.com\/wp-content\/uploads\/2024\/12\/Vape-Wholesale.jpg\" alt=\"Vente en Gros de Vapes\" width=\"229\" height=\"300\" \/><\/p>\n<h3><a href=\"https:\/\/wa.me\/8617776015835\"><span style=\"color: #ff0000;\"><strong>WhatsApp : +86 17776015835<\/strong><\/span><\/a><\/h3>","protected":false},"featured_media":4373,"comment_status":"open","ping_status":"closed","template":"","meta":{"_acf_changed":false,"_uag_custom_page_level_css":"","_lmt_disableupdate":"no","_lmt_disable":"","_monsterinsights_skip_tracking":false,"_monsterinsights_sitenote_active":false,"_monsterinsights_sitenote_note":"","_monsterinsights_sitenote_category":0,"site-sidebar-layout":"default","site-content-layout":"","ast-site-content-layout":"default","site-content-style":"default","site-sidebar-style":"default","ast-global-header-display":"","ast-banner-title-visibility":"","ast-main-header-display":"","ast-hfb-above-header-display":"","ast-hfb-below-header-display":"","ast-hfb-mobile-header-display":"","site-post-title":"","ast-breadcrumbs-content":"","ast-featured-img":"","footer-sml-layout":"","ast-disable-related-posts":"","theme-transparent-header-meta":"default","adv-header-id-meta":"","stick-header-meta":"","header-above-stick-meta":"","header-main-stick-meta":"","header-below-stick-meta":"","astra-migrate-meta-layouts":"set","ast-page-background-enabled":"default","ast-page-background-meta":{"desktop":{"background-color":"","background-image":"","background-repeat":"repeat","background-position":"center center","background-size":"auto","background-attachment":"scroll","background-type":"","background-media":"","overlay-type":"","overlay-color":"","overlay-opacity":"","overlay-gradient":""},"tablet":{"background-color":"","background-image":"","background-repeat":"repeat","background-position":"center center","background-size":"auto","background-attachment":"scroll","background-type":"","background-media":"","overlay-type":"","overlay-color":"","overlay-opacity":"","overlay-gradient":""},"mobile":{"background-color":"","background-image":"","background-repeat":"repeat","background-position":"center center","background-size":"auto","background-attachment":"scroll","background-type":"","background-media":"","overlay-type":"","overlay-color":"","overlay-opacity":"","overlay-gradient":""}},"ast-content-background-meta":{"desktop":{"background-color":"var(--ast-global-color-5)","background-image":"","background-repeat":"repeat","background-position":"center center","background-size":"auto","background-attachment":"scroll","background-type":"","background-media":"","overlay-type":"","overlay-color":"","overlay-opacity":"","overlay-gradient":""},"tablet":{"background-color":"var(--ast-global-color-5)","background-image":"","background-repeat":"repeat","background-position":"center center","background-size":"auto","background-attachment":"scroll","background-type":"","background-media":"","overlay-type":"","overlay-color":"","overlay-opacity":"","overlay-gradient":""},"mobile":{"background-color":"var(--ast-global-color-5)","background-image":"","background-repeat":"repeat","background-position":"center center","background-size":"auto","background-attachment":"scroll","background-type":"","background-media":"","overlay-type":"","overlay-color":"","overlay-opacity":"","overlay-gradient":""}},"_joinchat":[]},"product_brand":[],"product_cat":[344,149,153,156,158,142,143,144,146,290],"product_tag":[378,380,368,381,377,379],"class_list":{"0":"post-4379","1":"product","2":"type-product","3":"status-publish","4":"has-post-thumbnail","6":"product_cat-80000-puff","7":"product_cat-buy-disposable-vapes-in-austria","8":"product_cat-buy-disposable-vapes-in-italy","9":"product_cat-buy-disposable-vapes-in-poland","10":"product_cat-buy-disposable-vapes-in-spain","11":"product_cat-digital-box-disposable-vapes","12":"product_cat-dual-mesh-disposable-vapes","13":"product_cat-low-nicotine-disposable-vapes","14":"product_cat-rechargeable-disposable-vapes","15":"product_cat-vopk-vape","16":"product_tag-4-in-1-vape","17":"product_tag-disposable-vapes-online","18":"product_tag-disposable-vapor","19":"product_tag-vapes-online-wholesale","20":"product_tag-vopk-80000-puff","21":"product_tag-vopk-80k","22":"desktop-align-left","23":"tablet-align-left","24":"mobile-align-left","26":"first","27":"instock","28":"sale","29":"shipping-taxable","30":"purchasable","31":"product-type-simple"},"acf":[],"uagb_featured_image_src":{"full":["https:\/\/vapestornado.com\/wp-content\/uploads\/2025\/09\/VOPK-80k-80000-Puffs-Disposable-Vape-Mod-Kits.webp",800,800,false],"thumbnail":["https:\/\/vapestornado.com\/wp-content\/uploads\/2025\/09\/VOPK-80k-80000-Puffs-Disposable-Vape-Mod-Kits-150x150.webp",150,150,true],"medium":["https:\/\/vapestornado.com\/wp-content\/uploads\/2025\/09\/VOPK-80k-80000-Puffs-Disposable-Vape-Mod-Kits-300x300.webp",300,300,true],"medium_large":["https:\/\/vapestornado.com\/wp-content\/uploads\/2025\/09\/VOPK-80k-80000-Puffs-Disposable-Vape-Mod-Kits-768x768.webp",768,768,true],"large":["https:\/\/vapestornado.com\/wp-content\/uploads\/2025\/09\/VOPK-80k-80000-Puffs-Disposable-Vape-Mod-Kits.webp",800,800,false],"1536x1536":["https:\/\/vapestornado.com\/wp-content\/uploads\/2025\/09\/VOPK-80k-80000-Puffs-Disposable-Vape-Mod-Kits.webp",800,800,false],"2048x2048":["https:\/\/vapestornado.com\/wp-content\/uploads\/2025\/09\/VOPK-80k-80000-Puffs-Disposable-Vape-Mod-Kits.webp",800,800,false],"trp-custom-language-flag":["https:\/\/vapestornado.com\/wp-content\/uploads\/2025\/09\/VOPK-80k-80000-Puffs-Disposable-Vape-Mod-Kits-12x12.webp",12,12,true],"woocommerce_thumbnail":["https:\/\/vapestornado.com\/wp-content\/uploads\/2025\/09\/VOPK-80k-80000-Puffs-Disposable-Vape-Mod-Kits-300x300.webp",300,300,true],"woocommerce_single":["https:\/\/vapestornado.com\/wp-content\/uploads\/2025\/09\/VOPK-80k-80000-Puffs-Disposable-Vape-Mod-Kits-600x600.webp",600,600,true],"woocommerce_gallery_thumbnail":["https:\/\/vapestornado.com\/wp-content\/uploads\/2025\/09\/VOPK-80k-80000-Puffs-Disposable-Vape-Mod-Kits-100x100.webp",100,100,true]},"uagb_author_info":{"display_name":"ESAMY","author_link":"https:\/\/vapestornado.com\/fr\/author\/"},"uagb_comment_info":1,"uagb_excerpt":"VOPK 80000 Puff Disposable Vapes \u2013 4-in-1 Flavor, 80k Puffs, Best Wholesale Price Wholesale VOPK 80k Disposable Vape Mod Kits \u2013 Screen Display &amp; Rechargeable VOPK 80000 Puff 4-in-1 Disposable Vape Kit\u2013 Premium Vapes Online for EU Market Add Amy's whatsapp to get right reply and discount price! WhatsApp: +86 17776015835","_links":{"self":[{"href":"https:\/\/vapestornado.com\/fr\/wp-json\/wp\/v2\/product\/4379","targetHints":{"allow":["GET"]}}],"collection":[{"href":"https:\/\/vapestornado.com\/fr\/wp-json\/wp\/v2\/product"}],"about":[{"href":"https:\/\/vapestornado.com\/fr\/wp-json\/wp\/v2\/types\/product"}],"replies":[{"embeddable":true,"href":"https:\/\/vapestornado.com\/fr\/wp-json\/wp\/v2\/comments?post=4379"}],"wp:featuredmedia":[{"embeddable":true,"href":"https:\/\/vapestornado.com\/fr\/wp-json\/wp\/v2\/media\/4373"}],"wp:attachment":[{"href":"https:\/\/vapestornado.com\/fr\/wp-json\/wp\/v2\/media?parent=4379"}],"wp:term":[{"taxonomy":"product_brand","embeddable":true,"href":"https:\/\/vapestornado.com\/fr\/wp-json\/wp\/v2\/product_brand?post=4379"},{"taxonomy":"product_cat","embeddable":true,"href":"https:\/\/vapestornado.com\/fr\/wp-json\/wp\/v2\/product_cat?post=4379"},{"taxonomy":"product_tag","embeddable":true,"href":"https:\/\/vapestornado.com\/fr\/wp-json\/wp\/v2\/product_tag?post=4379"}],"curies":[{"name":"wp","href":"https:\/\/api.w.org\/{rel}","templated":true}]}}