{"id":4369,"date":"2025-09-20T09:23:19","date_gmt":"2025-09-20T09:23:19","guid":{"rendered":"https:\/\/vapestornado.com\/?post_type=product&#038;p=4369"},"modified":"2025-09-23T08:18:09","modified_gmt":"2025-09-23T08:18:09","slug":"okso-70000-puff-3-in-1-flavor-adjustable-disposable-vape-pod","status":"publish","type":"product","link":"https:\/\/vapestornado.com\/fr\/product\/okso-70000-puff-3-in-1-flavor-adjustable-disposable-vape-pod\/","title":{"rendered":"OKSO 70000 Puff 3 en 1 Saveur R\u00e9glable Vape Jetable Pod"},"content":{"rendered":"<h2 data-pm-slice=\"1 1 []\">OKSO 70000 Puff 3 en 1 Saveur R\u00e9glable Vape Jetable Pod<\/h2>\n<p data-start=\"204\" data-end=\"627\">L' <strong data-start=\"208\" data-end=\"247\">OKSO Vape Jetable 70000 Puff<\/strong> est con\u00e7u pour les vapoteurs qui recherchent des performances maximales et une vari\u00e9t\u00e9 dans un appareil \u00e9l\u00e9gant. Avec un <strong data-start=\"338\" data-end=\"367\">nombre impressionnant de 70 000 bouff\u00e9es<\/strong>, un <strong data-start=\"371\" data-end=\"395\">syst\u00e8me de saveur 3-en-1<\/strong>, et <strong data-start=\"401\" data-end=\"423\">flux d\u2019air r\u00e9glable<\/strong>, il \u00e9tablit une nouvelle norme pour les vapes jetables longue dur\u00e9e. Chaque cartouche contient <strong data-start=\"498\" data-end=\"526\">48 mL de e-liquide (16 mL \u00d7 3)<\/strong>, vous offrant trois choix de saveurs audacieuses dans un seul appareil \u2014 changez librement et profitez d\u2019un go\u00fbt frais \u00e0 tout moment.<\/p>\n<p data-start=\"629\" data-end=\"1100\">L' <strong data-start=\"633\" data-end=\"650\">OKSO 70 000 bouff\u00e9es<\/strong> est \u00e9quip\u00e9 de <strong data-start=\"671\" data-end=\"702\">technologie de triple bobine en maille<\/strong> pour un vapeur doux, dense et un go\u00fbt constant du d\u00e9but \u00e0 la fin. Son <strong data-start=\"774\" data-end=\"812\">Batterie rechargeable Type-C de 650 mAh<\/strong> et de <strong data-start=\"817\" data-end=\"839\">\u00e9cran LED<\/strong> vous permet de suivre les niveaux d'huile et de batterie, garantissant aucune surprise. Con\u00e7u pour les vapoteurs en France, ce cartouche \u00e9quilibre <strong data-start=\"959\" data-end=\"976\">grande capacit\u00e9<\/strong>, <strong data-start=\"978\" data-end=\"1000\">flexibilit\u00e9 de saveur<\/strong>, et <strong data-start=\"1006\" data-end=\"1023\">design moderne<\/strong>, ce qui en fait l'une des <strong data-start=\"1046\" data-end=\"1097\">meilleurs vapes jetables ajustables en saveur de 2025<\/strong>.<\/p>\n<p data-start=\"1102\" data-end=\"1247\">Que ce soit pour <strong data-start=\"1114\" data-end=\"1134\">acheteurs en gros<\/strong> or <strong data-start=\"1138\" data-end=\"1158\">utilisateurs individuels<\/strong>, le <strong data-start=\"1164\" data-end=\"1183\">OKSO 70000 bouff\u00e9es<\/strong> est un choix de premier plan sur le march\u00e9 des vapoteuses jetables.<\/p>\n<p><strong><span style=\"color: #ff0000;\">Ajoutez le WhatsApp d'Amy pour obtenir une bonne r\u00e9ponse et un coupon de vape !<\/span><\/strong><\/p>\n<p><img fetchpriority=\"high\" decoding=\"async\" class=\"size-full wp-image-2932\" src=\"https:\/\/vapestornado.com\/wp-content\/uploads\/2024\/12\/Vape-Wholesale.jpg\" alt=\"Vente en Gros de Vapes\" width=\"229\" height=\"300\" \/><\/p>\n<h3><a href=\"https:\/\/wa.me\/8617776015835\" target=\"_blank\" rel=\"noopener\"><span style=\"color: #ff0000;\"><strong>WhatsApp : +86 17776015835<\/strong><\/span><\/a><\/h3>\n<p>&nbsp;<\/p>\n<h2><strong>Caract\u00e9ristiques du produit OKSO 70000 Puff<\/strong><\/h2>\n<p>Bouff\u00e9es : 70000 bouff\u00e9es<br \/>\nNoyau : Mesh coil *3<br \/>\nE-liquide : 48ml (16ml*3)<br \/>\nNicotine : 0%\/2%\/3%\/5%<br \/>\nBatterie : 650mAh, rechargeable Type C<br \/>\n\u00c9cran LED pour l'huile et la batterie<br \/>\nPoids du produit : 134,5g\/pcs<br \/>\nTaille du produit : 45*44*127mm<\/p>\n<figure id=\"attachment_4365\" aria-describedby=\"caption-attachment-4365\" style=\"width: 300px\" class=\"wp-caption alignnone\"><img decoding=\"async\" class=\"size-medium wp-image-4365\" src=\"https:\/\/vapestornado.com\/wp-content\/uploads\/2025\/09\/OKSO-3in1-70000-Puffs-Disposable-Vape-300x300.webp\" alt=\"Vape jetable 3 en 1 OKSO 70000 Puffs\" width=\"300\" height=\"300\" srcset=\"https:\/\/vapestornado.com\/wp-content\/uploads\/2025\/09\/OKSO-3in1-70000-Puffs-Disposable-Vape-300x300.webp 300w, https:\/\/vapestornado.com\/wp-content\/uploads\/2025\/09\/OKSO-3in1-70000-Puffs-Disposable-Vape-150x150.webp 150w, https:\/\/vapestornado.com\/wp-content\/uploads\/2025\/09\/OKSO-3in1-70000-Puffs-Disposable-Vape-768x768.webp 768w, https:\/\/vapestornado.com\/wp-content\/uploads\/2025\/09\/OKSO-3in1-70000-Puffs-Disposable-Vape-12x12.webp 12w, https:\/\/vapestornado.com\/wp-content\/uploads\/2025\/09\/OKSO-3in1-70000-Puffs-Disposable-Vape-600x600.webp 600w, https:\/\/vapestornado.com\/wp-content\/uploads\/2025\/09\/OKSO-3in1-70000-Puffs-Disposable-Vape-100x100.webp 100w, https:\/\/vapestornado.com\/wp-content\/uploads\/2025\/09\/OKSO-3in1-70000-Puffs-Disposable-Vape.webp 800w\" sizes=\"(max-width: 300px) 100vw, 300px\" \/><figcaption id=\"caption-attachment-4365\" class=\"wp-caption-text\">Vape jetable 3 en 1 OKSO 70000 Puffs<\/figcaption><\/figure>\n<h2 class=\"product-title\"><strong>Liste des saveurs de OKSO 70000 Puff<\/strong><\/h2>\n<p data-start=\"2550\" data-end=\"2736\">1. Myrtille Framboise\\Baies M\u00e9lang\u00e9es\\Pomme P\u00eache<br \/>\n2. Past\u00e8que glac\u00e9e\\Monsieur Bleu\\Raisin Vert Past\u00e8que<br \/>\n3. Fraise glac\u00e9e\\Jus de Jungle\\Melon Dragon<br \/>\n4. Raisin glac\u00e9\\Cassis glac\u00e9\\Confiture de Baies<br \/>\n5. Cerise glac\u00e9e\\Deux Pommes\\Fraise Framboise Cerise glac\u00e9e<br \/>\n6. P\u00eache juteuse\\Cola Cerise\\Bonbon Doux \u00e0 la Cerise<br \/>\n7. Kiwi Fraise\\Gomme \u00e0 la Past\u00e8que\\Mango Glac\u00e9 Triple<br \/>\n8.Kiwi Fruit de la Passion Guava\\Glace Cola\\Fruit de la Passion Mangue glace<br \/>\n9.Ananas glace\\Fraise Past\u00e8que\\Fraise Raisin<br \/>\n10.Menthe Fra\u00eeche\\Citron Lime\\Mojito Past\u00e8que<\/p>\n<div class=\"flex-shrink-0 flex flex-col relative items-end\">\n<div class=\"pt-0\">\n<div class=\"gizmo-bot-avatar flex h-8 w-8 items-center justify-center overflow-hidden rounded-full\">\n<div class=\"relative p-1 rounded-sm flex items-center justify-center bg-token-main-surface-primary text-token-text-primary h-8 w-8\">\n<h2 data-start=\"1200\" data-end=\"1487\">Vapes Tornado \u2013 Votre Boutique de Vente en Gros de Vapes en Ligne pour les Meilleures Marques de Vapes d'Europe<\/h2>\n<p data-start=\"1200\" data-end=\"1487\"><strong data-start=\"213\" data-end=\"248\">Magasin de vapotage en ligne Vapes Tornado<\/strong> Vapes Tornado \u2013 Votre centre de vente en gros pour les meilleures marques de vape d'Europe<strong data-start=\"403\" data-end=\"431\">\u00a0marques de vape populaires<\/strong>, y compris <strong data-start=\"443\" data-end=\"502\"><a href=\"https:\/\/vapestornado.com\/fr\/product-category\/elf-bar-vape\/\">VAPE ELF BAR<\/a>, Vapme VAPE, <a href=\"https:\/\/vapestornado.com\/fr\/product\/vozol-gear-power-20k-20000-puffs-vape-rechargeable-disposable-box-bulk-buy-cheap-price\/\">VOZOL VAPOTAGE<\/a><\/strong><strong data-start=\"443\" data-end=\"502\">, et <a href=\"https:\/\/vapestornado.com\/fr\/product-category\/bang-vape\/\">Bang Vape<\/a><\/strong>. Notre magasin est con\u00e7u pour servir \u00e0 la fois les clients individuels et les acheteurs en gros, en fournissant des produits fiables qui combinent performances \u00e9lev\u00e9es, design \u00e9l\u00e9gant et prix comp\u00e9titifs.<\/p>\n<h2 data-start=\"2064\" data-end=\"2115\">FAQ sur la cigarette \u00e9lectronique jetable OKSO 70000 Puff<\/h2>\n<p data-start=\"1275\" data-end=\"1451\"><strong data-start=\"1275\" data-end=\"1351\">Q1 : Combien de bouff\u00e9es la cigarette \u00e9lectronique jetable OKSO 70000 Puff fournit-elle ?<\/strong><br data-start=\"1351\" data-end=\"1354\" \/>R1 : Jusqu'\u00e0 <strong data-start=\"1364\" data-end=\"1380\">70 000 bouff\u00e9es<\/strong> gr\u00e2ce \u00e0 sa grande capacit\u00e9 de e-liquide de 48 mL et ses coils en mesh efficaces.<\/p>\n<p data-start=\"1453\" data-end=\"1655\"><strong data-start=\"1453\" data-end=\"1528\">Q2 : Qu'est-ce qui distingue la cigarette \u00e9lectronique jetable OKSO 70k Puff des autres vapes jetables ?<\/strong><br data-start=\"1528\" data-end=\"1531\" \/>A2 : Il dispose d'un <strong data-start=\"1549\" data-end=\"1573\">syst\u00e8me de saveur 3-en-1<\/strong> avec un flux d'air r\u00e9glable, vous permettant de profiter de trois saveurs premium en un seul appareil.<\/p>\n<p data-start=\"1657\" data-end=\"1813\"><strong data-start=\"1657\" data-end=\"1701\">Q3 : Le OKSO 70000 Puff rechargeable ?<\/strong><br data-start=\"1701\" data-end=\"1704\" \/>A3 : Oui, il poss\u00e8de un <strong data-start=\"1722\" data-end=\"1760\">Batterie rechargeable Type-C de 650 mAh<\/strong> avec un \u00e9cran LED affichant le niveau d'huile et de batterie.<\/p>\n<p data-start=\"1815\" data-end=\"1979\"><strong data-start=\"1815\" data-end=\"1893\">Q4 : Quelles sont les forces de nicotine disponibles pour la cigarette jetable OKSO 70k ?<\/strong><br data-start=\"1893\" data-end=\"1896\" \/>A4 : Les options incluent <strong data-start=\"1916\" data-end=\"1946\">0%, 2%, 3% et 5% nicotine<\/strong> pour r\u00e9pondre \u00e0 diff\u00e9rentes pr\u00e9f\u00e9rences.<\/p>\n<p data-start=\"1981\" data-end=\"2177\"><strong data-start=\"1981\" data-end=\"2047\">Q5 : Pour qui est con\u00e7u le pod de cigarette jetable OKSO 70k Puff ?<\/strong><br data-start=\"2047\" data-end=\"2050\" \/>A5 : Il est id\u00e9al pour <strong data-start=\"2069\" data-end=\"2119\">les consommateurs masculins \u00e2g\u00e9s de 25 \u00e0 35 ans sur le march\u00e9 fran\u00e7ais<\/strong> qui recherchent une exp\u00e9rience de vapotage longue dur\u00e9e et riche en saveurs.<\/p>\n<\/div>\n<\/div>\n<\/div>\n<\/div>","protected":false},"excerpt":{"rendered":"<p data-start=\"2514\" data-end=\"2583\"><strong data-start=\"2514\" data-end=\"2581\">OKSO 70K Puff Vape Jetable 3-en-1 \u2013 Grosse Bouff\u00e9es, Saveur Plus Intense<\/strong><\/p>\n<p data-start=\"2587\" data-end=\"2663\"><strong data-start=\"2587\" data-end=\"2661\">Vente en gros de OKSO Vape Jetable 70000 Puff \u2013 Triple Saveur, D\u00e9bit d'Air Ajustable<\/strong><\/p>\n<p data-start=\"2667\" data-end=\"2739\"><strong data-start=\"2667\" data-end=\"2737\">OKSO Vape Jetable 70000 Puff \u2013 Meilleur Vape Jetable 70K 2025 March\u00e9 UE<\/strong><\/p>\n<p><strong>Ajoutez le WhatsApp d'Amy pour obtenir une r\u00e9ponse rapide et un prix r\u00e9duit !<\/strong><\/p>\n<p><img fetchpriority=\"high\" decoding=\"async\" class=\"size-full wp-image-2932\" src=\"https:\/\/vapestornado.com\/wp-content\/uploads\/2024\/12\/Vape-Wholesale.jpg\" alt=\"Vente en Gros de Vapes\" width=\"229\" height=\"300\" \/><\/p>\n<h3><a href=\"https:\/\/wa.me\/8617776015835\"><span style=\"color: #ff0000;\"><strong>WhatsApp : +86 17776015835<\/strong><\/span><\/a><\/h3>","protected":false},"featured_media":4364,"comment_status":"open","ping_status":"closed","template":"","meta":{"_acf_changed":false,"_uag_custom_page_level_css":"","_lmt_disableupdate":"no","_lmt_disable":"","_monsterinsights_skip_tracking":false,"_monsterinsights_sitenote_active":false,"_monsterinsights_sitenote_note":"","_monsterinsights_sitenote_category":0,"site-sidebar-layout":"default","site-content-layout":"","ast-site-content-layout":"default","site-content-style":"default","site-sidebar-style":"default","ast-global-header-display":"","ast-banner-title-visibility":"","ast-main-header-display":"","ast-hfb-above-header-display":"","ast-hfb-below-header-display":"","ast-hfb-mobile-header-display":"","site-post-title":"","ast-breadcrumbs-content":"","ast-featured-img":"","footer-sml-layout":"","ast-disable-related-posts":"","theme-transparent-header-meta":"default","adv-header-id-meta":"","stick-header-meta":"","header-above-stick-meta":"","header-main-stick-meta":"","header-below-stick-meta":"","astra-migrate-meta-layouts":"set","ast-page-background-enabled":"default","ast-page-background-meta":{"desktop":{"background-color":"","background-image":"","background-repeat":"repeat","background-position":"center center","background-size":"auto","background-attachment":"scroll","background-type":"","background-media":"","overlay-type":"","overlay-color":"","overlay-opacity":"","overlay-gradient":""},"tablet":{"background-color":"","background-image":"","background-repeat":"repeat","background-position":"center center","background-size":"auto","background-attachment":"scroll","background-type":"","background-media":"","overlay-type":"","overlay-color":"","overlay-opacity":"","overlay-gradient":""},"mobile":{"background-color":"","background-image":"","background-repeat":"repeat","background-position":"center center","background-size":"auto","background-attachment":"scroll","background-type":"","background-media":"","overlay-type":"","overlay-color":"","overlay-opacity":"","overlay-gradient":""}},"ast-content-background-meta":{"desktop":{"background-color":"var(--ast-global-color-5)","background-image":"","background-repeat":"repeat","background-position":"center center","background-size":"auto","background-attachment":"scroll","background-type":"","background-media":"","overlay-type":"","overlay-color":"","overlay-opacity":"","overlay-gradient":""},"tablet":{"background-color":"var(--ast-global-color-5)","background-image":"","background-repeat":"repeat","background-position":"center center","background-size":"auto","background-attachment":"scroll","background-type":"","background-media":"","overlay-type":"","overlay-color":"","overlay-opacity":"","overlay-gradient":""},"mobile":{"background-color":"var(--ast-global-color-5)","background-image":"","background-repeat":"repeat","background-position":"center center","background-size":"auto","background-attachment":"scroll","background-type":"","background-media":"","overlay-type":"","overlay-color":"","overlay-opacity":"","overlay-gradient":""}},"_joinchat":[]},"product_brand":[],"product_cat":[149,153,156,158,142,143,144,146],"product_tag":[368,374,375,376],"class_list":{"0":"post-4369","1":"product","2":"type-product","3":"status-publish","4":"has-post-thumbnail","6":"product_cat-buy-disposable-vapes-in-austria","7":"product_cat-buy-disposable-vapes-in-italy","8":"product_cat-buy-disposable-vapes-in-poland","9":"product_cat-buy-disposable-vapes-in-spain","10":"product_cat-digital-box-disposable-vapes","11":"product_cat-dual-mesh-disposable-vapes","12":"product_cat-low-nicotine-disposable-vapes","13":"product_cat-rechargeable-disposable-vapes","14":"product_tag-disposable-vapor","15":"product_tag-okso-70000-puff","16":"product_tag-okso-70k-puff","17":"product_tag-okso-vape","18":"desktop-align-left","19":"tablet-align-left","20":"mobile-align-left","22":"first","23":"instock","24":"sale","25":"shipping-taxable","26":"purchasable","27":"product-type-simple"},"acf":[],"uagb_featured_image_src":{"full":["https:\/\/vapestornado.com\/wp-content\/uploads\/2025\/09\/OKSO-3-IN-1-70000-PUFF-Disposable-Vape-Wholesale-Price.webp",800,800,false],"thumbnail":["https:\/\/vapestornado.com\/wp-content\/uploads\/2025\/09\/OKSO-3-IN-1-70000-PUFF-Disposable-Vape-Wholesale-Price-150x150.webp",150,150,true],"medium":["https:\/\/vapestornado.com\/wp-content\/uploads\/2025\/09\/OKSO-3-IN-1-70000-PUFF-Disposable-Vape-Wholesale-Price-300x300.webp",300,300,true],"medium_large":["https:\/\/vapestornado.com\/wp-content\/uploads\/2025\/09\/OKSO-3-IN-1-70000-PUFF-Disposable-Vape-Wholesale-Price-768x768.webp",768,768,true],"large":["https:\/\/vapestornado.com\/wp-content\/uploads\/2025\/09\/OKSO-3-IN-1-70000-PUFF-Disposable-Vape-Wholesale-Price.webp",800,800,false],"1536x1536":["https:\/\/vapestornado.com\/wp-content\/uploads\/2025\/09\/OKSO-3-IN-1-70000-PUFF-Disposable-Vape-Wholesale-Price.webp",800,800,false],"2048x2048":["https:\/\/vapestornado.com\/wp-content\/uploads\/2025\/09\/OKSO-3-IN-1-70000-PUFF-Disposable-Vape-Wholesale-Price.webp",800,800,false],"trp-custom-language-flag":["https:\/\/vapestornado.com\/wp-content\/uploads\/2025\/09\/OKSO-3-IN-1-70000-PUFF-Disposable-Vape-Wholesale-Price-12x12.webp",12,12,true],"woocommerce_thumbnail":["https:\/\/vapestornado.com\/wp-content\/uploads\/2025\/09\/OKSO-3-IN-1-70000-PUFF-Disposable-Vape-Wholesale-Price-300x300.webp",300,300,true],"woocommerce_single":["https:\/\/vapestornado.com\/wp-content\/uploads\/2025\/09\/OKSO-3-IN-1-70000-PUFF-Disposable-Vape-Wholesale-Price-600x600.webp",600,600,true],"woocommerce_gallery_thumbnail":["https:\/\/vapestornado.com\/wp-content\/uploads\/2025\/09\/OKSO-3-IN-1-70000-PUFF-Disposable-Vape-Wholesale-Price-100x100.webp",100,100,true]},"uagb_author_info":{"display_name":"ESAMY","author_link":"https:\/\/vapestornado.com\/fr\/author\/"},"uagb_comment_info":1,"uagb_excerpt":"OKSO 70K Puff 3-in-1 Disposable Vape \u2013 Big Puffs, Bigger Flavor Wholesale OKSO 70000 Puff Vape Pod \u2013 Triple Flavor, Adjustable Airflow OKSO 70000 Disposable Vape Pod \u2013 Best 70K Puff Vape 2025 EU Market Add Amy's whatsapp to get right reply and discount price! WhatsApp: +86 17776015835","_links":{"self":[{"href":"https:\/\/vapestornado.com\/fr\/wp-json\/wp\/v2\/product\/4369","targetHints":{"allow":["GET"]}}],"collection":[{"href":"https:\/\/vapestornado.com\/fr\/wp-json\/wp\/v2\/product"}],"about":[{"href":"https:\/\/vapestornado.com\/fr\/wp-json\/wp\/v2\/types\/product"}],"replies":[{"embeddable":true,"href":"https:\/\/vapestornado.com\/fr\/wp-json\/wp\/v2\/comments?post=4369"}],"wp:featuredmedia":[{"embeddable":true,"href":"https:\/\/vapestornado.com\/fr\/wp-json\/wp\/v2\/media\/4364"}],"wp:attachment":[{"href":"https:\/\/vapestornado.com\/fr\/wp-json\/wp\/v2\/media?parent=4369"}],"wp:term":[{"taxonomy":"product_brand","embeddable":true,"href":"https:\/\/vapestornado.com\/fr\/wp-json\/wp\/v2\/product_brand?post=4369"},{"taxonomy":"product_cat","embeddable":true,"href":"https:\/\/vapestornado.com\/fr\/wp-json\/wp\/v2\/product_cat?post=4369"},{"taxonomy":"product_tag","embeddable":true,"href":"https:\/\/vapestornado.com\/fr\/wp-json\/wp\/v2\/product_tag?post=4369"}],"curies":[{"name":"wp","href":"https:\/\/api.w.org\/{rel}","templated":true}]}}