{"id":4355,"date":"2025-09-19T03:35:21","date_gmt":"2025-09-19T03:35:21","guid":{"rendered":"https:\/\/vapestornado.com\/?post_type=product&#038;p=4355"},"modified":"2025-09-19T06:51:26","modified_gmt":"2025-09-19T06:51:26","slug":"uzy-60000-puff-60k-disposable-vapor-3-in-1-triple-flavor-bulk-buy-online","status":"publish","type":"product","link":"https:\/\/vapestornado.com\/fr\/product\/uzy-60000-puff-60k-disposable-vapor-3-in-1-triple-flavor-bulk-buy-online\/","title":{"rendered":"UZY 60000 Bouff\u00e9es 60k Vaporisateur Jetable 3 en 1 Triple Saveur Achat en Gros en Ligne"},"content":{"rendered":"<h2 data-pm-slice=\"1 1 []\">UZY 60000 Puff Vape Jetable 3-en-1 Triple Saveur \u2013 Achat en gros en ligne au meilleur prix<\/h2>\n<p data-start=\"312\" data-end=\"738\">L' <strong data-start=\"316\" data-end=\"351\">UZY 60000 Puff Vape Jetable<\/strong> est con\u00e7u pour les vapoteurs qui veulent vari\u00e9t\u00e9, puissance et fiabilit\u00e9 en un seul appareil. Avec une capacit\u00e9 impressionnante de <strong data-start=\"447\" data-end=\"468\">60k bouff\u00e9es<\/strong> et un syst\u00e8me unique de <strong data-start=\"482\" data-end=\"513\">syst\u00e8me de triple saveur 3-en-1<\/strong>, chaque dispositif \u00e0 cartouche d\u00e9livre <strong data-start=\"536\" data-end=\"556\">54 ml d'e-liquide<\/strong> divis\u00e9 en trois chambres s\u00e9par\u00e9es, gardant chaque saveur fra\u00eeche et distincte. La vape UZY 60000 bouff\u00e9es est le choix parfait pour<strong data-start=\"662\" data-end=\"702\"> les vapoteurs <\/strong>qui exigent performance et style.<\/p>\n<p data-start=\"740\" data-end=\"1112\">\u00c9quip\u00e9 de <strong data-start=\"754\" data-end=\"785\">technologie de triple bobine en maille<\/strong>, le UZY 60k garantit une vapeur douce et un go\u00fbt riche \u00e0 chaque inhalation. Le <strong data-start=\"854\" data-end=\"875\">\u00e9cran LED intelligent<\/strong> vous tient inform\u00e9 du niveau de batterie et de liquide \u00e9lectronique, pour que vous ne manquiez jamais de mani\u00e8re inattendue. Aliment\u00e9 par une batterie rechargeable puissante de <strong data-start=\"984\" data-end=\"1041\">850mAh avec charge rapide Type-C<\/strong>, le temps d'arr\u00eat est minimal, ce qui en fait un appareil fiable pour une utilisation quotidienne.<\/p>\n<p data-start=\"1114\" data-end=\"1403\">Disponible en <strong data-start=\"1127\" data-end=\"1167\">0%, 2%, 3% et 5% concentrations de nicotine<\/strong>, il r\u00e9pond \u00e0 toutes les pr\u00e9f\u00e9rences \u2014 du vapotage l\u00e9ger et d\u00e9contract\u00e9 \u00e0 une inhalation plus forte. La <strong data-start=\"1248\" data-end=\"1282\">design moderne inspir\u00e9 du cristal<\/strong> non seulement se sent haut de gamme en main mais aussi a un aspect \u00e9l\u00e9gant, attirant les jeunes adultes qui valorisent \u00e0 la fois la fonction et l'esth\u00e9tique.<\/p>\n<p data-start=\"1405\" data-end=\"1739\">Pour <strong data-start=\"1409\" data-end=\"1434\">acheteurs en gros en gros<\/strong>, le UZY 60000 Puff se distingue comme un <strong data-start=\"1471\" data-end=\"1518\">best-seller dans la cat\u00e9gorie des vapoteuses jetables<\/strong>, combinant <strong data-start=\"1530\" data-end=\"1612\">performance durable, saveurs authentiques et prix de gros comp\u00e9titifs<\/strong> qui garantissent de fortes marges b\u00e9n\u00e9ficiaires. Si vous souhaitez <strong data-start=\"1664\" data-end=\"1694\">acheter une vapoteuse jetable en ligne<\/strong> pour votre boutique, le UZY 60k est un choix s\u00fbr.<\/p>\n<p><strong><span style=\"color: #ff0000;\">Ajoutez le WhatsApp d'Amy pour obtenir une bonne r\u00e9ponse et un coupon de vape !<\/span><\/strong><\/p>\n<p><img fetchpriority=\"high\" decoding=\"async\" class=\"size-full wp-image-2932\" src=\"https:\/\/vapestornado.com\/wp-content\/uploads\/2024\/12\/Vape-Wholesale.jpg\" alt=\"Vente en Gros de Vapes\" width=\"229\" height=\"300\" \/><\/p>\n<h3><a href=\"https:\/\/wa.me\/8617776015835\" target=\"_blank\" rel=\"noopener\"><span style=\"color: #ff0000;\"><strong>WhatsApp : +86 17776015835<\/strong><\/span><\/a><\/h3>\n<p>&nbsp;<\/p>\n<h2><strong>Caract\u00e9ristiques du produit UZY 60000 Puff<\/strong><\/h2>\n<p>Bouff\u00e9es : 60000 Bouff\u00e9es<br \/>\nTriple saveurs 3 en 1<br \/>\nDouble bobine maill\u00e9e<br \/>\nE-liquide : 54ml (18ml+18ml+18ml)<br \/>\nNicotine : 0%\/2%\/3%\/5%<br \/>\nBatterie : 850mah<br \/>\nRechargeable : Port de charge Type-C<br \/>\nAffichage LED (\u00e9cran intelligent) indiquant le niveau de batterie et d'e-liquide<br \/>\nR\u00e9glage de la puissance : versions Pro et Max<br \/>\nPoids du produit : 120g\/pcs<\/p>\n<figure id=\"attachment_4354\" aria-describedby=\"caption-attachment-4354\" style=\"width: 800px\" class=\"wp-caption alignnone\"><img decoding=\"async\" class=\"wp-image-4354 size-full\" src=\"https:\/\/vapestornado.com\/wp-content\/uploads\/2025\/09\/UZY-Triple-Flavor-60000-60K-Puffs-Disposable-Vape.webp\" alt=\"Vape jetable UZY Triple Saveur 60000 60K Bouff\u00e9es\" width=\"800\" height=\"800\" srcset=\"https:\/\/vapestornado.com\/wp-content\/uploads\/2025\/09\/UZY-Triple-Flavor-60000-60K-Puffs-Disposable-Vape.webp 800w, https:\/\/vapestornado.com\/wp-content\/uploads\/2025\/09\/UZY-Triple-Flavor-60000-60K-Puffs-Disposable-Vape-300x300.webp 300w, https:\/\/vapestornado.com\/wp-content\/uploads\/2025\/09\/UZY-Triple-Flavor-60000-60K-Puffs-Disposable-Vape-150x150.webp 150w, https:\/\/vapestornado.com\/wp-content\/uploads\/2025\/09\/UZY-Triple-Flavor-60000-60K-Puffs-Disposable-Vape-768x768.webp 768w, https:\/\/vapestornado.com\/wp-content\/uploads\/2025\/09\/UZY-Triple-Flavor-60000-60K-Puffs-Disposable-Vape-12x12.webp 12w, https:\/\/vapestornado.com\/wp-content\/uploads\/2025\/09\/UZY-Triple-Flavor-60000-60K-Puffs-Disposable-Vape-600x600.webp 600w, https:\/\/vapestornado.com\/wp-content\/uploads\/2025\/09\/UZY-Triple-Flavor-60000-60K-Puffs-Disposable-Vape-100x100.webp 100w\" sizes=\"(max-width: 800px) 100vw, 800px\" \/><figcaption id=\"caption-attachment-4354\" class=\"wp-caption-text\">Vape jetable UZY Triple Saveur 60000 60K Bouff\u00e9es<\/figcaption><\/figure>\n<h2 class=\"product-title\"><strong> Liste des saveurs de Puff UZY 60000<\/strong><\/h2>\n<p>1. Myrtille Framboise \/ Fraise Kiwi \/ Citron Lime<br \/>\n2. Kiwi Fruit de la Passion Goyave \/ Glace Myrtille \/ P\u00eache Mangue<br \/>\n3. Fraise Past\u00e8que \/ Glace Cola \/ Cola Cerise<br \/>\n4. P\u00eache Glace \/ Fraise Framboise Cerise Glace \/ Deux Pommes Glace<br \/>\n5. Grape ice \/ Love 666 (Fruit de la Passion Melon) \/ Red Bull Fraise<br \/>\n6.Monsieur Bleu \/ Ours Gomme \/ Red Bull Glac\u00e9<br \/>\n7.P\u00eache mangue ananas \/ Blue Razz Glac\u00e9 \/ Framboise Past\u00e8que<br \/>\n8.Past\u00e8que Glac\u00e9e \/ Triple melon Glac\u00e9 \/ Fraise Banane<br \/>\n9.P\u00eache d'\u00e9t\u00e9 Glac\u00e9e \/ Fraise glac\u00e9e \/ Blue Razz Glac\u00e9<br \/>\n10.Cerise Glac\u00e9e \/ Baies m\u00e9lang\u00e9es \/ Dragon Noir Glac\u00e9<\/p>\n<div class=\"flex-shrink-0 flex flex-col relative items-end\">\n<div class=\"pt-0\">\n<div class=\"gizmo-bot-avatar flex h-8 w-8 items-center justify-center overflow-hidden rounded-full\">\n<div class=\"relative p-1 rounded-sm flex items-center justify-center bg-token-main-surface-primary text-token-text-primary h-8 w-8\">\n<h2 data-start=\"1200\" data-end=\"1487\">Vapes Tornado \u2013 Votre Boutique de Vente en Gros de Vapes en Ligne pour les Meilleures Marques de Vapes d'Europe<\/h2>\n<p data-start=\"1200\" data-end=\"1487\"><strong data-start=\"213\" data-end=\"248\">Magasin de vapotage en ligne Vapes Tornado<\/strong> Vapes Tornado \u2013 Votre centre de vente en gros pour les meilleures marques de vape d'Europe<strong data-start=\"403\" data-end=\"431\">\u00a0marques de vape populaires<\/strong>, y compris <strong data-start=\"443\" data-end=\"502\"><a href=\"https:\/\/vapestornado.com\/fr\/product\/waspe-aiviou-3-in-1-60000-puffs-disposable-vape-kit-best-price\/\">WASPE VAPE<\/a>, Vapme VAPE, <a href=\"https:\/\/vapestornado.com\/fr\/product\/vozol-gear-power-20k-20000-puffs-vape-rechargeable-disposable-box-bulk-buy-cheap-price\/\">VOZOL VAPOTAGE<\/a><\/strong><strong data-start=\"443\" data-end=\"502\">, et <a href=\"https:\/\/vapestornado.com\/fr\/product-category\/fumot-vape\/\">Vape FUMOT<\/a><\/strong>. Notre magasin est con\u00e7u pour servir \u00e0 la fois les clients individuels et les acheteurs en gros, en fournissant des produits fiables qui combinent performances \u00e9lev\u00e9es, design \u00e9l\u00e9gant et prix comp\u00e9titifs.<\/p>\n<h2 data-start=\"2064\" data-end=\"2115\">FAQ sur la cigarette \u00e9lectronique jetable UZY 60000 Puff<\/h2>\n<p data-start=\"152\" data-end=\"362\"><strong data-start=\"152\" data-end=\"223\">1. Combien de saveurs offre la cigarette \u00e9lectronique jetable UZY 60000 Puff ?<\/strong><br data-start=\"223\" data-end=\"226\" \/>Chaque appareil comprend un <strong data-start=\"249\" data-end=\"280\">syst\u00e8me de triple saveur 3-en-1<\/strong>, vous offrant trois chambres distinctes de e-liquide avec une capacit\u00e9 totale de <strong data-start=\"342\" data-end=\"359\">54 ml<\/strong>.<\/p>\n<p data-start=\"364\" data-end=\"530\"><strong data-start=\"364\" data-end=\"404\">2. La UZY 60k Puff est-elle rechargeable ?<\/strong><br data-start=\"404\" data-end=\"407\" \/>Oui. Elle est \u00e9quip\u00e9e d'un <strong data-start=\"429\" data-end=\"447\">Batterie de 850 mAh<\/strong> et prend en charge <strong data-start=\"461\" data-end=\"485\">Charge rapide Type-C<\/strong>, garantissant une utilisation prolong\u00e9e et un temps d'arr\u00eat minimal.<\/p>\n<p data-start=\"532\" data-end=\"731\"><strong data-start=\"532\" data-end=\"599\">3. Quelles sont les concentrations de nicotine disponibles pour la UZY 60000 Puff ?<\/strong><br data-start=\"599\" data-end=\"602\" \/>La UZY 60k Puff est disponible en <strong data-start=\"635\" data-end=\"675\">0%, 2%, 3%, et 5% forces de nicotine<\/strong>, ce qui le rend adapt\u00e9 \u00e0 diff\u00e9rentes pr\u00e9f\u00e9rences de vapotage.<\/p>\n<p data-start=\"733\" data-end=\"913\"><strong data-start=\"733\" data-end=\"776\">4. Comment fonctionne l'\u00e9cran intelligent LED?<\/strong><br data-start=\"776\" data-end=\"779\" \/>L'\u00e9cran int\u00e9gr\u00e9 <strong data-start=\"792\" data-end=\"806\">LED int\u00e9gr\u00e9<\/strong> indique <strong data-start=\"813\" data-end=\"855\">pourcentage de batterie et niveaux d'e-liquide<\/strong>, vous savez toujours quand recharger ou changer de saveur.<\/p>\n<p data-start=\"915\" data-end=\"1149\"><strong data-start=\"915\" data-end=\"989\">5. Pourquoi le UZY 60000 Puff est-il populaire pour l'achat en gros en Europe ?<\/strong><br data-start=\"989\" data-end=\"992\" \/>Son <strong data-start=\"996\" data-end=\"1086\">nombre de bouff\u00e9es longues, syst\u00e8me de triple saveur, batterie puissante et prix de gros comp\u00e9titif<\/strong> en faire un choix de vente num\u00e9ro un pour les distributeurs et les d\u00e9taillants.<\/p>\n<\/div>\n<\/div>\n<\/div>\n<\/div>","protected":false},"excerpt":{"rendered":"<p><strong data-start=\"114\" data-end=\"149\">UZY 60000 Puff Vape Jetable<\/strong> offre <strong data-start=\"159\" data-end=\"184\">3-en-1 triple saveurs<\/strong>, jusqu'\u00e0 <strong data-start=\"192\" data-end=\"205\">60k bouff\u00e9es<\/strong>, et une <strong data-start=\"213\" data-end=\"234\">\u00e9cran LED intelligent<\/strong> avec <strong data-start=\"240\" data-end=\"278\" data-is-only-node=\"\">Batterie rechargeable 850mAh Type-C<\/strong>. Id\u00e9al pour <strong data-start=\"290\" data-end=\"325\">les acheteurs en gros en Europe<\/strong> recherchant une performance durable \u00e0 un <strong data-start=\"370\" data-end=\"384\">meilleur prix<\/strong>.<\/p>\n<p><strong>Ajoutez le WhatsApp d'Amy pour obtenir une r\u00e9ponse rapide et un prix r\u00e9duit !<\/strong><\/p>\n<p><img fetchpriority=\"high\" decoding=\"async\" class=\"size-full wp-image-2932\" src=\"https:\/\/vapestornado.com\/wp-content\/uploads\/2024\/12\/Vape-Wholesale.jpg\" alt=\"Vente en Gros de Vapes\" width=\"229\" height=\"300\" \/><\/p>\n<h3><a href=\"https:\/\/wa.me\/8617776015835\"><span style=\"color: #ff0000;\"><strong>WhatsApp : +86 17776015835<\/strong><\/span><\/a><\/h3>","protected":false},"featured_media":4353,"comment_status":"open","ping_status":"closed","template":"","meta":{"_acf_changed":false,"_uag_custom_page_level_css":"","_lmt_disableupdate":"no","_lmt_disable":"","_monsterinsights_skip_tracking":false,"_monsterinsights_sitenote_active":false,"_monsterinsights_sitenote_note":"","_monsterinsights_sitenote_category":0,"site-sidebar-layout":"default","site-content-layout":"","ast-site-content-layout":"default","site-content-style":"default","site-sidebar-style":"default","ast-global-header-display":"","ast-banner-title-visibility":"","ast-main-header-display":"","ast-hfb-above-header-display":"","ast-hfb-below-header-display":"","ast-hfb-mobile-header-display":"","site-post-title":"","ast-breadcrumbs-content":"","ast-featured-img":"","footer-sml-layout":"","ast-disable-related-posts":"","theme-transparent-header-meta":"default","adv-header-id-meta":"","stick-header-meta":"","header-above-stick-meta":"","header-main-stick-meta":"","header-below-stick-meta":"","astra-migrate-meta-layouts":"set","ast-page-background-enabled":"default","ast-page-background-meta":{"desktop":{"background-color":"","background-image":"","background-repeat":"repeat","background-position":"center center","background-size":"auto","background-attachment":"scroll","background-type":"","background-media":"","overlay-type":"","overlay-color":"","overlay-opacity":"","overlay-gradient":""},"tablet":{"background-color":"","background-image":"","background-repeat":"repeat","background-position":"center center","background-size":"auto","background-attachment":"scroll","background-type":"","background-media":"","overlay-type":"","overlay-color":"","overlay-opacity":"","overlay-gradient":""},"mobile":{"background-color":"","background-image":"","background-repeat":"repeat","background-position":"center center","background-size":"auto","background-attachment":"scroll","background-type":"","background-media":"","overlay-type":"","overlay-color":"","overlay-opacity":"","overlay-gradient":""}},"ast-content-background-meta":{"desktop":{"background-color":"var(--ast-global-color-5)","background-image":"","background-repeat":"repeat","background-position":"center center","background-size":"auto","background-attachment":"scroll","background-type":"","background-media":"","overlay-type":"","overlay-color":"","overlay-opacity":"","overlay-gradient":""},"tablet":{"background-color":"var(--ast-global-color-5)","background-image":"","background-repeat":"repeat","background-position":"center center","background-size":"auto","background-attachment":"scroll","background-type":"","background-media":"","overlay-type":"","overlay-color":"","overlay-opacity":"","overlay-gradient":""},"mobile":{"background-color":"var(--ast-global-color-5)","background-image":"","background-repeat":"repeat","background-position":"center center","background-size":"auto","background-attachment":"scroll","background-type":"","background-media":"","overlay-type":"","overlay-color":"","overlay-opacity":"","overlay-gradient":""}},"_joinchat":{"telephone":"17776015835"}},"product_brand":[],"product_cat":[343,152,156,158,142,357,144,146,356],"product_tag":[369,370,368,366,367,364],"class_list":{"0":"post-4355","1":"product","2":"type-product","3":"status-publish","4":"has-post-thumbnail","6":"product_cat-60000-puff","7":"product_cat-buy-disposable-vapes-in-cermany","8":"product_cat-buy-disposable-vapes-in-poland","9":"product_cat-buy-disposable-vapes-in-spain","10":"product_cat-digital-box-disposable-vapes","11":"product_cat-flavor-adjustable-vape","12":"product_cat-low-nicotine-disposable-vapes","13":"product_cat-rechargeable-disposable-vapes","14":"product_cat-uzy-vape","15":"product_tag-buy-disposable-vape-online","16":"product_tag-disposable-vape-bulk-buy","17":"product_tag-disposable-vapor","18":"product_tag-uzy-60000-puff","19":"product_tag-uzy-60k-puff","20":"product_tag-wholesale-cheap-price","21":"desktop-align-left","22":"tablet-align-left","23":"mobile-align-left","25":"first","26":"instock","27":"sale","28":"shipping-taxable","29":"purchasable","30":"product-type-simple"},"acf":[],"uagb_featured_image_src":{"full":["https:\/\/vapestornado.com\/wp-content\/uploads\/2025\/09\/UZY-Triple-Flavor-60000-60K-Puffs-Disposable-Vape-BOx.webp",800,800,false],"thumbnail":["https:\/\/vapestornado.com\/wp-content\/uploads\/2025\/09\/UZY-Triple-Flavor-60000-60K-Puffs-Disposable-Vape-BOx-150x150.webp",150,150,true],"medium":["https:\/\/vapestornado.com\/wp-content\/uploads\/2025\/09\/UZY-Triple-Flavor-60000-60K-Puffs-Disposable-Vape-BOx-300x300.webp",300,300,true],"medium_large":["https:\/\/vapestornado.com\/wp-content\/uploads\/2025\/09\/UZY-Triple-Flavor-60000-60K-Puffs-Disposable-Vape-BOx-768x768.webp",768,768,true],"large":["https:\/\/vapestornado.com\/wp-content\/uploads\/2025\/09\/UZY-Triple-Flavor-60000-60K-Puffs-Disposable-Vape-BOx.webp",800,800,false],"1536x1536":["https:\/\/vapestornado.com\/wp-content\/uploads\/2025\/09\/UZY-Triple-Flavor-60000-60K-Puffs-Disposable-Vape-BOx.webp",800,800,false],"2048x2048":["https:\/\/vapestornado.com\/wp-content\/uploads\/2025\/09\/UZY-Triple-Flavor-60000-60K-Puffs-Disposable-Vape-BOx.webp",800,800,false],"trp-custom-language-flag":["https:\/\/vapestornado.com\/wp-content\/uploads\/2025\/09\/UZY-Triple-Flavor-60000-60K-Puffs-Disposable-Vape-BOx-12x12.webp",12,12,true],"woocommerce_thumbnail":["https:\/\/vapestornado.com\/wp-content\/uploads\/2025\/09\/UZY-Triple-Flavor-60000-60K-Puffs-Disposable-Vape-BOx-300x300.webp",300,300,true],"woocommerce_single":["https:\/\/vapestornado.com\/wp-content\/uploads\/2025\/09\/UZY-Triple-Flavor-60000-60K-Puffs-Disposable-Vape-BOx-600x600.webp",600,600,true],"woocommerce_gallery_thumbnail":["https:\/\/vapestornado.com\/wp-content\/uploads\/2025\/09\/UZY-Triple-Flavor-60000-60K-Puffs-Disposable-Vape-BOx-100x100.webp",100,100,true]},"uagb_author_info":{"display_name":"ESAMY","author_link":"https:\/\/vapestornado.com\/fr\/author\/"},"uagb_comment_info":1,"uagb_excerpt":"UZY 60000 Puff Disposable Vapor delivers 3-in-1 triple flavors, up to 60k puffs, and a smart LED display with 850mAh Type-C rechargeable battery. Ideal for bulk wholesale buyers in Europe looking for long-lasting performance at the best price. Add Amy's whatsapp to get right reply and discount price! WhatsApp: +86 17776015835","_links":{"self":[{"href":"https:\/\/vapestornado.com\/fr\/wp-json\/wp\/v2\/product\/4355","targetHints":{"allow":["GET"]}}],"collection":[{"href":"https:\/\/vapestornado.com\/fr\/wp-json\/wp\/v2\/product"}],"about":[{"href":"https:\/\/vapestornado.com\/fr\/wp-json\/wp\/v2\/types\/product"}],"replies":[{"embeddable":true,"href":"https:\/\/vapestornado.com\/fr\/wp-json\/wp\/v2\/comments?post=4355"}],"wp:featuredmedia":[{"embeddable":true,"href":"https:\/\/vapestornado.com\/fr\/wp-json\/wp\/v2\/media\/4353"}],"wp:attachment":[{"href":"https:\/\/vapestornado.com\/fr\/wp-json\/wp\/v2\/media?parent=4355"}],"wp:term":[{"taxonomy":"product_brand","embeddable":true,"href":"https:\/\/vapestornado.com\/fr\/wp-json\/wp\/v2\/product_brand?post=4355"},{"taxonomy":"product_cat","embeddable":true,"href":"https:\/\/vapestornado.com\/fr\/wp-json\/wp\/v2\/product_cat?post=4355"},{"taxonomy":"product_tag","embeddable":true,"href":"https:\/\/vapestornado.com\/fr\/wp-json\/wp\/v2\/product_tag?post=4355"}],"curies":[{"name":"wp","href":"https:\/\/api.w.org\/{rel}","templated":true}]}}