{"id":4348,"date":"2025-09-17T08:20:08","date_gmt":"2025-09-17T08:20:08","guid":{"rendered":"https:\/\/vapestornado.com\/?post_type=product&#038;p=4348"},"modified":"2025-09-17T08:44:49","modified_gmt":"2025-09-17T08:44:49","slug":"original-vozol-star-40000-puff-40k-best-disposable-vape-2025-wholesale-cheap-price","status":"publish","type":"product","link":"https:\/\/vapestornado.com\/fr\/product\/original-vozol-star-40000-puff-40k-best-disposable-vape-2025-wholesale-cheap-price\/","title":{"rendered":"Vozol Star 40000 Bouff\u00e9es Original 40k Meilleur Vape Jetable 2025 Prix de Gros Pas Cher"},"content":{"rendered":"<h2 data-pm-slice=\"1 1 []\">Vape Jetable Vozol Star 40000 \u2013 Meilleur Prix de Gros 2025<\/h2>\n<p data-start=\"292\" data-end=\"656\">L' <strong data-start=\"296\" data-end=\"349\">Vozol Star 40000 Bouff\u00e9es (Vape Jetable Vozol Star 40K)<\/strong> \u00e9tablit une nouvelle r\u00e9f\u00e9rence en mati\u00e8re d'appareils jetables longue dur\u00e9e. Offrant jusqu'\u00e0 <strong data-start=\"424\" data-end=\"440\">40 000 bouff\u00e9es<\/strong>, il est con\u00e7u pour les utilisateurs qui recherchent puissance, vari\u00e9t\u00e9 et valeur dans un design compact. Aliment\u00e9 par une <strong data-start=\"534\" data-end=\"592\">batterie rechargeable de 1000 mAh avec charge rapide Type-C<\/strong>, le Star 40K est parfait pour des semaines de performances constantes.<\/p>\n<p data-start=\"658\" data-end=\"996\">Con\u00e7u avec <strong data-start=\"674\" data-end=\"693\">des bobines \u00e0 double maille<\/strong> et une <strong data-start=\"700\" data-end=\"739\">syst\u00e8me \u00e0 double mode (Eco<\/strong>, chaque bouff\u00e9e est douce, savoureuse et personnalisable selon votre style, que vous pr\u00e9f\u00e9riez des tirages MTL plus serr\u00e9s ou des bouff\u00e9es DL a\u00e9riennes. Le <strong data-start=\"862\" data-end=\"884\">flux d\u2019air r\u00e9glable<\/strong> ajoute un contr\u00f4le suppl\u00e9mentaire, offrant aux vapoteurs europ\u00e9ens exactement ce qu'ils attendent du <strong data-start=\"964\" data-end=\"993\">meilleur vape jetable 2025<\/strong>.<\/p>\n<p data-start=\"998\" data-end=\"1352\">Le Vozol Star 40K est disponible en <strong data-start=\"1026\" data-end=\"1048\">25 saveurs premium<\/strong>, allant de <strong data-start=\"1055\" data-end=\"1079\">classiques menthol\u00e9s glac\u00e9s<\/strong> to <strong data-start=\"1083\" data-end=\"1099\">m\u00e9langes de fruits<\/strong> comme Fraise Kiwi, Mangue P\u00eache et Blue Razz Ice. Combin\u00e9 \u00e0 une <strong data-start=\"1170\" data-end=\"1190\">construction \u00e9tanche<\/strong> et de <strong data-start=\"1195\" data-end=\"1219\">finition cristalline \u00e9l\u00e9gante<\/strong>, cet appareil n'est pas seulement durable mais aussi \u00e9l\u00e9gant, ce qui le rend tr\u00e8s attrayant pour les acheteurs en gros ciblant les jeunes adultes.<\/p>\n<p data-start=\"1354\" data-end=\"1631\">Pour les distributeurs, le <strong data-start=\"1376\" data-end=\"1396\">Vozol Star 40000<\/strong> bouff\u00e9es offre de fortes marges de revente, une forte demande des consommateurs et la cr\u00e9dibilit\u00e9 d'une marque leader en Europe. Cela en fait un appareil incontournable pour tout d\u00e9taillant de vape \u00e0 la recherche de <strong data-start=\"1569\" data-end=\"1600\">offres de prix de gros bon march\u00e9<\/strong> sans sacrifier la qualit\u00e9.<\/p>\n<p><strong><span style=\"color: #ff0000;\">Ajoutez le WhatsApp d'Amy pour obtenir une bonne r\u00e9ponse et un coupon de vape !<\/span><\/strong><\/p>\n<p><img fetchpriority=\"high\" decoding=\"async\" class=\"size-full wp-image-2932\" src=\"https:\/\/vapestornado.com\/wp-content\/uploads\/2024\/12\/Vape-Wholesale.jpg\" alt=\"Vente en Gros de Vapes\" width=\"229\" height=\"300\" \/><\/p>\n<h3><a href=\"https:\/\/wa.me\/8617776015835\" target=\"_blank\" rel=\"noopener\"><span style=\"color: #ff0000;\"><strong>WhatsApp : +86 17776015835<\/strong><\/span><\/a><\/h3>\n<p>&nbsp;<\/p>\n<h2><strong>Caract\u00e9ristiques du produit Vozol Star 40000 Bouff\u00e9es<\/strong><\/h2>\n<ul data-start=\"1659\" data-end=\"2057\">\n<li data-start=\"1659\" data-end=\"1707\">\n<p data-start=\"1661\" data-end=\"1707\"><strong data-start=\"1661\" data-end=\"1677\">40 000 bouff\u00e9es<\/strong> par appareil pour une utilisation prolong\u00e9e<\/p>\n<\/li>\n<li data-start=\"1708\" data-end=\"1773\">\n<p data-start=\"1710\" data-end=\"1773\"><strong data-start=\"1710\" data-end=\"1730\">Syst\u00e8me \u00e0 double mode<\/strong> (Eco\/Puissance) pour des performances personnalisables<\/p>\n<\/li>\n<li data-start=\"1774\" data-end=\"1831\">\n<p data-start=\"1776\" data-end=\"1831\"><strong data-start=\"1776\" data-end=\"1795\">Doubles bobines maill\u00e9es<\/strong> pour une saveur audacieuse et une densit\u00e9 de vapeur<\/p>\n<\/li>\n<li data-start=\"1832\" data-end=\"1894\">\n<p data-start=\"1834\" data-end=\"1894\"><strong data-start=\"1834\" data-end=\"1866\">batterie rechargeable de 1000 mAh<\/strong> avec chargement rapide de type C<\/p>\n<\/li>\n<li data-start=\"1895\" data-end=\"1953\">\n<p data-start=\"1897\" data-end=\"1953\"><strong data-start=\"1897\" data-end=\"1918\">24 options de saveurs<\/strong> con\u00e7u pour le march\u00e9 europ\u00e9en<\/p>\n<\/li>\n<li data-start=\"1954\" data-end=\"2005\">\n<p data-start=\"1956\" data-end=\"2005\"><strong data-start=\"1956\" data-end=\"1978\">Flux d'air r\u00e9glable<\/strong> pour MTL<\/p>\n<\/li>\n<li data-start=\"2006\" data-end=\"2057\">\n<p data-start=\"2008\" data-end=\"2057\"><strong data-start=\"2008\" data-end=\"2029\">Conception \u00e9tanche<\/strong> avec un corps en cristal \u00e9l\u00e9gant<\/p>\n<\/li>\n<\/ul>\n<h2 class=\"product-title\"><strong>\u00a0Liste des saveurs Vozol Star 40000 Bouff\u00e9es<\/strong><\/h2>\n<p>1. Glace framboise bleue<br \/>\n2. Glace \u00e0 la Myrtille<br \/>\n3. Menthe myrtille<br \/>\n4. Myrtille past\u00e8que<br \/>\n5. Ch\u00e9rimole pamplemousse baies<br \/>\n6. Cola cerise<br \/>\n7. Menthe Fra\u00eeche<br \/>\n8. Glace au raisin<br \/>\n9. Mangue Glac\u00e9e<br \/>\n10. Mangue P\u00eache<br \/>\n11. Chewing-gum Melon<br \/>\n12. Melon Glac\u00e9<br \/>\n13. P\u00eache Glac\u00e9e<br \/>\n14. Pomme Verte Acide Glac\u00e9e<br \/>\n15. Fraise Glac\u00e9e<br \/>\n16. Fraise Kiwi<br \/>\n17. Fraise Past\u00e8que<br \/>\n18. Fraise-Melon-P\u00eache<br \/>\n20. Vzbull<br \/>\n21. Chewing-gum Past\u00e8que<br \/>\n22. Past\u00e8que Raisin M\u00fbre de Boysen<br \/>\n23. Past\u00e8que Glac\u00e9e<br \/>\n24. Past\u00e8que P\u00eache Acide<br \/>\n25. Framboise P\u00eache Blanche<\/p>\n<figure id=\"attachment_4346\" aria-describedby=\"caption-attachment-4346\" style=\"width: 300px\" class=\"wp-caption alignnone\"><img decoding=\"async\" class=\"size-medium wp-image-4346\" src=\"https:\/\/vapestornado.com\/wp-content\/uploads\/2025\/09\/VOZOL-STAR-40K-Puffs-Vozol-Vapes-300x177.webp\" alt=\"VOZOL STAR 40K Bouff\u00e9es Vozol Vapes Saveur en Promotion\" width=\"300\" height=\"177\" srcset=\"https:\/\/vapestornado.com\/wp-content\/uploads\/2025\/09\/VOZOL-STAR-40K-Puffs-Vozol-Vapes-300x177.webp 300w, https:\/\/vapestornado.com\/wp-content\/uploads\/2025\/09\/VOZOL-STAR-40K-Puffs-Vozol-Vapes-768x454.webp 768w, https:\/\/vapestornado.com\/wp-content\/uploads\/2025\/09\/VOZOL-STAR-40K-Puffs-Vozol-Vapes-18x12.webp 18w, https:\/\/vapestornado.com\/wp-content\/uploads\/2025\/09\/VOZOL-STAR-40K-Puffs-Vozol-Vapes-600x355.webp 600w, https:\/\/vapestornado.com\/wp-content\/uploads\/2025\/09\/VOZOL-STAR-40K-Puffs-Vozol-Vapes.webp 800w\" sizes=\"(max-width: 300px) 100vw, 300px\" \/><figcaption id=\"caption-attachment-4346\" class=\"wp-caption-text\">VOZOL STAR 40K Bouff\u00e9es Vozol Vapes Saveur en Promotion<\/figcaption><\/figure>\n<div class=\"flex-shrink-0 flex flex-col relative items-end\">\n<div class=\"pt-0\">\n<div class=\"gizmo-bot-avatar flex h-8 w-8 items-center justify-center overflow-hidden rounded-full\">\n<div class=\"relative p-1 rounded-sm flex items-center justify-center bg-token-main-surface-primary text-token-text-primary h-8 w-8\">\n<h2 data-start=\"1200\" data-end=\"1487\">Vapes Tornado \u2013 Votre Boutique de Vente en Gros de Vapes en Ligne pour les Meilleures Marques de Vapes d'Europe<\/h2>\n<p data-start=\"1200\" data-end=\"1487\"><strong data-start=\"213\" data-end=\"248\">offre une excellente valeur, ce qui en fait un choix fiable pour les d\u00e9taillants ciblant le groupe d'\u00e2ge 25-35 ans.<\/strong> Vapes Tornado \u2013 Votre centre de vente en gros pour les meilleures marques de vape d'Europe <strong data-start=\"403\" data-end=\"431\">marques de vape les plus populaires<\/strong>, y compris <strong data-start=\"443\" data-end=\"502\"><a href=\"https:\/\/vapestornado.com\/fr\/product\/buy-authentic-waspe-100000-puffs-low-nicotine-disposable-vape-pen-at-wholesale-price\/\">WASPE VAPE<\/a>BANGBOX VAPE <a href=\"https:\/\/vapestornado.com\/fr\/product\/vozol-gear-power-20k-20000-puffs-vape-rechargeable-disposable-box-bulk-buy-cheap-price\/\">VOZOL VAPOTAGE<\/a><\/strong><strong data-start=\"443\" data-end=\"502\">, et <a href=\"https:\/\/vapestornado.com\/fr\/product-category\/fumot-vape\/\">Vape FUMOT<\/a><\/strong>. Notre magasin est con\u00e7u pour servir \u00e0 la fois les clients individuels et les acheteurs en gros, en fournissant des produits fiables qui combinent performances \u00e9lev\u00e9es, design \u00e9l\u00e9gant et prix comp\u00e9titifs.<\/p>\n<h2 data-start=\"2064\" data-end=\"2115\">FAQ sur le Vape Jetable Vozol Star 40000 Bouff\u00e9es<\/h2>\n<p data-start=\"2117\" data-end=\"2283\"><strong data-start=\"2117\" data-end=\"2171\">1. Combien de bouff\u00e9es le Vozol Star 40K offre-t-il ?<\/strong><br data-start=\"2171\" data-end=\"2174\" \/>Chaque appareil offre jusqu'\u00e0 <strong data-start=\"2199\" data-end=\"2215\">40 000 bouff\u00e9es<\/strong>, ce qui en fait l'un des vapes jetables les plus durables d'Europe.<\/p>\n<p data-start=\"2285\" data-end=\"2429\"><strong data-start=\"2285\" data-end=\"2327\">2. Le Vozol Star 40K est-il rechargeable ?<\/strong><br data-start=\"2327\" data-end=\"2330\" \/>Oui, il dispose d'une <strong data-start=\"2349\" data-end=\"2402\">Batterie rechargeable de 1000mAh avec chargement de Type-C<\/strong>, assurant une utilisation \u00e0 long terme.<\/p>\n<p data-start=\"2431\" data-end=\"2632\"><strong data-start=\"2431\" data-end=\"2503\">3. Qu'est-ce qui diff\u00e9rencie le Vozol Star 40000 des autres jetables ?<\/strong><br data-start=\"2503\" data-end=\"2506\" \/>Il combine <strong data-start=\"2518\" data-end=\"2537\">des bobines \u00e0 double maille<\/strong>, <strong data-start=\"2539\" data-end=\"2560\">deux modes de vapotage<\/strong>, et <strong data-start=\"2566\" data-end=\"2588\">flux d\u2019air r\u00e9glable<\/strong>, offrant flexibilit\u00e9 et go\u00fbt sup\u00e9rieur.<\/p>\n<p data-start=\"2634\" data-end=\"2841\"><strong data-start=\"2634\" data-end=\"2668\">4. Quelles saveurs sont disponibles ?<\/strong><br data-start=\"2668\" data-end=\"2671\" \/>Il y a <strong data-start=\"2681\" data-end=\"2695\">24 saveurs<\/strong> y compris des m\u00e9langes fruit\u00e9s comme <strong data-start=\"2725\" data-end=\"2740\">Mangue P\u00eache<\/strong>, des choix rafra\u00eechissants comme <strong data-start=\"2766\" data-end=\"2779\">Menthe Fra\u00eeche<\/strong>, et des m\u00e9langes uniques tels que <strong data-start=\"2806\" data-end=\"2838\">Cherimoya Pamplemousse Baies<\/strong>.<\/p>\n<p data-start=\"2843\" data-end=\"3067\"><strong data-start=\"2843\" data-end=\"2905\">5. Pourquoi le Vozol Star 40K est-il populaire aupr\u00e8s des acheteurs en gros ?<\/strong><br data-start=\"2905\" data-end=\"2908\" \/>Il a <strong data-start=\"2915\" data-end=\"2980\">une forte demande, une qualit\u00e9 de fabrication sup\u00e9rieure et un nombre de bouff\u00e9es \u00e9tendu<\/strong>, permettant aux grossistes de profiter de meilleures marges b\u00e9n\u00e9ficiaires \u00e0 un <strong data-start=\"3039\" data-end=\"3064\">prix de gros pas cher<\/strong>.<\/p>\n<\/div>\n<\/div>\n<\/div>\n<\/div>","protected":false},"excerpt":{"rendered":"<p><strong data-start=\"108\" data-end=\"144\">Vape jetable Vozol Star 40000<\/strong> offre jusqu'\u00e0 <strong data-start=\"160\" data-end=\"173\">40 000 bouff\u00e9es<\/strong> avec <strong data-start=\"179\" data-end=\"198\">des bobines \u00e0 double maille<\/strong>, un <strong data-start=\"202\" data-end=\"241\">Batterie rechargeable Type-C de 1000 mAh<\/strong>, et <strong data-start=\"247\" data-end=\"266\" data-is-only-node=\"\">25 saveurs audacieuses<\/strong>. Con\u00e7u avec un syst\u00e8me \u00e0 double mode et un flux d'air r\u00e9glable, c'est le <strong data-start=\"334\" data-end=\"363\">meilleur vape jetable 2025<\/strong> pour un go\u00fbt doux et une performance durable \u00e0 un <strong data-start=\"415\" data-end=\"440\">prix de gros pas cher<\/strong>.<\/p>\n<p><strong>Ajoutez le WhatsApp d'Amy pour obtenir une r\u00e9ponse rapide et un prix r\u00e9duit !<\/strong><\/p>\n<p><img fetchpriority=\"high\" decoding=\"async\" class=\"size-full wp-image-2932\" src=\"https:\/\/vapestornado.com\/wp-content\/uploads\/2024\/12\/Vape-Wholesale.jpg\" alt=\"Vente en Gros de Vapes\" width=\"229\" height=\"300\" \/><\/p>\n<h3><a href=\"https:\/\/wa.me\/8617776015835\"><span style=\"color: #ff0000;\"><strong>WhatsApp : +86 17776015835<\/strong><\/span><\/a><\/h3>","protected":false},"featured_media":4344,"comment_status":"open","ping_status":"closed","template":"","meta":{"_acf_changed":false,"_uag_custom_page_level_css":"","_lmt_disableupdate":"no","_lmt_disable":"","_monsterinsights_skip_tracking":false,"_monsterinsights_sitenote_active":false,"_monsterinsights_sitenote_note":"","_monsterinsights_sitenote_category":0,"site-sidebar-layout":"default","site-content-layout":"","ast-site-content-layout":"default","site-content-style":"default","site-sidebar-style":"default","ast-global-header-display":"","ast-banner-title-visibility":"","ast-main-header-display":"","ast-hfb-above-header-display":"","ast-hfb-below-header-display":"","ast-hfb-mobile-header-display":"","site-post-title":"","ast-breadcrumbs-content":"","ast-featured-img":"","footer-sml-layout":"","ast-disable-related-posts":"","theme-transparent-header-meta":"default","adv-header-id-meta":"","stick-header-meta":"","header-above-stick-meta":"","header-main-stick-meta":"","header-below-stick-meta":"","astra-migrate-meta-layouts":"set","ast-page-background-enabled":"default","ast-page-background-meta":{"desktop":{"background-color":"","background-image":"","background-repeat":"repeat","background-position":"center center","background-size":"auto","background-attachment":"scroll","background-type":"","background-media":"","overlay-type":"","overlay-color":"","overlay-opacity":"","overlay-gradient":""},"tablet":{"background-color":"","background-image":"","background-repeat":"repeat","background-position":"center center","background-size":"auto","background-attachment":"scroll","background-type":"","background-media":"","overlay-type":"","overlay-color":"","overlay-opacity":"","overlay-gradient":""},"mobile":{"background-color":"","background-image":"","background-repeat":"repeat","background-position":"center center","background-size":"auto","background-attachment":"scroll","background-type":"","background-media":"","overlay-type":"","overlay-color":"","overlay-opacity":"","overlay-gradient":""}},"ast-content-background-meta":{"desktop":{"background-color":"var(--ast-global-color-5)","background-image":"","background-repeat":"repeat","background-position":"center center","background-size":"auto","background-attachment":"scroll","background-type":"","background-media":"","overlay-type":"","overlay-color":"","overlay-opacity":"","overlay-gradient":""},"tablet":{"background-color":"var(--ast-global-color-5)","background-image":"","background-repeat":"repeat","background-position":"center center","background-size":"auto","background-attachment":"scroll","background-type":"","background-media":"","overlay-type":"","overlay-color":"","overlay-opacity":"","overlay-gradient":""},"mobile":{"background-color":"var(--ast-global-color-5)","background-image":"","background-repeat":"repeat","background-position":"center center","background-size":"auto","background-attachment":"scroll","background-type":"","background-media":"","overlay-type":"","overlay-color":"","overlay-opacity":"","overlay-gradient":""}},"_joinchat":{"telephone":"17776015835"}},"product_brand":[],"product_cat":[65,152,156,158,142,357,144,146,57],"product_tag":[363,365,361,362,220,364],"class_list":{"0":"post-4348","1":"product","2":"type-product","3":"status-publish","4":"has-post-thumbnail","6":"product_cat-40000-puff","7":"product_cat-buy-disposable-vapes-in-cermany","8":"product_cat-buy-disposable-vapes-in-poland","9":"product_cat-buy-disposable-vapes-in-spain","10":"product_cat-digital-box-disposable-vapes","11":"product_cat-flavor-adjustable-vape","12":"product_cat-low-nicotine-disposable-vapes","13":"product_cat-rechargeable-disposable-vapes","14":"product_cat-vozol-vape","15":"product_tag-best-disposable-vape-2025","16":"product_tag-original-vozol-vape","17":"product_tag-vozol-star-40000","18":"product_tag-vozol-star-40k-disposable-vape","19":"product_tag-vozol-vape","20":"product_tag-wholesale-cheap-price","21":"desktop-align-left","22":"tablet-align-left","23":"mobile-align-left","25":"first","26":"instock","27":"sale","28":"shipping-taxable","29":"purchasable","30":"product-type-simple"},"acf":[],"uagb_featured_image_src":{"full":["https:\/\/vapestornado.com\/wp-content\/uploads\/2025\/09\/VOZOL-STAR-40K-Puffs-Best-Vape-Brands.webp",800,800,false],"thumbnail":["https:\/\/vapestornado.com\/wp-content\/uploads\/2025\/09\/VOZOL-STAR-40K-Puffs-Best-Vape-Brands-150x150.webp",150,150,true],"medium":["https:\/\/vapestornado.com\/wp-content\/uploads\/2025\/09\/VOZOL-STAR-40K-Puffs-Best-Vape-Brands-300x300.webp",300,300,true],"medium_large":["https:\/\/vapestornado.com\/wp-content\/uploads\/2025\/09\/VOZOL-STAR-40K-Puffs-Best-Vape-Brands-768x768.webp",768,768,true],"large":["https:\/\/vapestornado.com\/wp-content\/uploads\/2025\/09\/VOZOL-STAR-40K-Puffs-Best-Vape-Brands.webp",800,800,false],"1536x1536":["https:\/\/vapestornado.com\/wp-content\/uploads\/2025\/09\/VOZOL-STAR-40K-Puffs-Best-Vape-Brands.webp",800,800,false],"2048x2048":["https:\/\/vapestornado.com\/wp-content\/uploads\/2025\/09\/VOZOL-STAR-40K-Puffs-Best-Vape-Brands.webp",800,800,false],"trp-custom-language-flag":["https:\/\/vapestornado.com\/wp-content\/uploads\/2025\/09\/VOZOL-STAR-40K-Puffs-Best-Vape-Brands-12x12.webp",12,12,true],"woocommerce_thumbnail":["https:\/\/vapestornado.com\/wp-content\/uploads\/2025\/09\/VOZOL-STAR-40K-Puffs-Best-Vape-Brands-300x300.webp",300,300,true],"woocommerce_single":["https:\/\/vapestornado.com\/wp-content\/uploads\/2025\/09\/VOZOL-STAR-40K-Puffs-Best-Vape-Brands-600x600.webp",600,600,true],"woocommerce_gallery_thumbnail":["https:\/\/vapestornado.com\/wp-content\/uploads\/2025\/09\/VOZOL-STAR-40K-Puffs-Best-Vape-Brands-100x100.webp",100,100,true]},"uagb_author_info":{"display_name":"ESAMY","author_link":"https:\/\/vapestornado.com\/fr\/author\/"},"uagb_comment_info":1,"uagb_excerpt":"Vozol Star 40000 Disposable Vape delivers up to 40K puffs with dual mesh coils, a 1000mAh Type-C rechargeable battery, and 25 bold flavors. Designed with a dual-mode system and adjustable airflow, it\u2019s the best disposable vape 2025 for smooth taste and long-lasting performance at a wholesale cheap price. Add Amy's whatsapp to get right reply\u2026","_links":{"self":[{"href":"https:\/\/vapestornado.com\/fr\/wp-json\/wp\/v2\/product\/4348","targetHints":{"allow":["GET"]}}],"collection":[{"href":"https:\/\/vapestornado.com\/fr\/wp-json\/wp\/v2\/product"}],"about":[{"href":"https:\/\/vapestornado.com\/fr\/wp-json\/wp\/v2\/types\/product"}],"replies":[{"embeddable":true,"href":"https:\/\/vapestornado.com\/fr\/wp-json\/wp\/v2\/comments?post=4348"}],"wp:featuredmedia":[{"embeddable":true,"href":"https:\/\/vapestornado.com\/fr\/wp-json\/wp\/v2\/media\/4344"}],"wp:attachment":[{"href":"https:\/\/vapestornado.com\/fr\/wp-json\/wp\/v2\/media?parent=4348"}],"wp:term":[{"taxonomy":"product_brand","embeddable":true,"href":"https:\/\/vapestornado.com\/fr\/wp-json\/wp\/v2\/product_brand?post=4348"},{"taxonomy":"product_cat","embeddable":true,"href":"https:\/\/vapestornado.com\/fr\/wp-json\/wp\/v2\/product_cat?post=4348"},{"taxonomy":"product_tag","embeddable":true,"href":"https:\/\/vapestornado.com\/fr\/wp-json\/wp\/v2\/product_tag?post=4348"}],"curies":[{"name":"wp","href":"https:\/\/api.w.org\/{rel}","templated":true}]}}