{"id":4327,"date":"2025-09-03T09:16:53","date_gmt":"2025-09-03T09:16:53","guid":{"rendered":"https:\/\/vapestornado.com\/?post_type=product&#038;p=4327"},"modified":"2025-09-03T09:49:14","modified_gmt":"2025-09-03T09:49:14","slug":"uzy-100000-puff-100k-4-flavors-in-1-disposable-vape-best-wholesale-price-buy-online","status":"publish","type":"product","link":"https:\/\/vapestornado.com\/fr\/product\/uzy-100000-puff-100k-4-flavors-in-1-disposable-vape-best-wholesale-price-buy-online\/","title":{"rendered":"UZY 100000 Puffs 100K 4 saveurs en 1 Vape jetable Meilleur prix de gros Acheter en ligne"},"content":{"rendered":"<h2 data-pm-slice=\"1 1 []\">UZY 100000 Puffs 100K 4 saveurs en 1 Vape jetable Meilleur prix de gros Acheter en ligne<\/h2>\n<p data-start=\"340\" data-end=\"672\">L' <strong data-start=\"344\" data-end=\"379\">Vape jetable UZY 100000 Puffs<\/strong> (aussi connu sous le nom de <strong data-start=\"395\" data-end=\"407\">UZY 100K<\/strong>) est con\u00e7u pour les vapoteurs qui souhaitent <strong data-start=\"438\" data-end=\"493\">une capacit\u00e9 maximale, une saveur de premi\u00e8re qualit\u00e9 et un design moderne<\/strong> dans un seul appareil. Avec un incroyable <strong data-start=\"528\" data-end=\"547\">nombre de 100 000 bouff\u00e9es<\/strong> et une <strong data-start=\"554\" data-end=\"576\">r\u00e9servoir d'e-liquide de 56 ml<\/strong>, il surpasse facilement la plupart des produits jetables, ce qui en fait un choix judicieux pour les grossistes \u00e0 travers l'Europe.<\/p>\n<h3 data-start=\"674\" data-end=\"702\">Technologie Quad-Saveur<\/h3>\n<p data-start=\"703\" data-end=\"953\">Profitez de la <strong data-start=\"709\" data-end=\"743\">4 saveurs distinctes dans 1 appareil<\/strong> sans m\u00e9lange entre les chambres. Avec plus de <strong data-start=\"787\" data-end=\"820\">10 combinaisons de saveurs uniques<\/strong>, des m\u00e9langes fruit\u00e9s comme <em data-start=\"846\" data-end=\"869\">Fraise Past\u00e8que<\/em> aux m\u00e9langes audacieux comme <em data-start=\"889\" data-end=\"912\">Boisson \u00c9nergisante<\/em>, chaque bouff\u00e9e est fra\u00eeche et diff\u00e9rente.<\/p>\n<h3 data-start=\"955\" data-end=\"982\">Con\u00e7u pour la performance<\/h3>\n<p data-start=\"983\" data-end=\"1259\">\u00c9quip\u00e9 de <strong data-start=\"997\" data-end=\"1023\">quadruples bobines mesh (1.0\u03a9)<\/strong>, le pod de vape jetable UZY 100K d\u00e9livre une vapeur douce et un go\u00fbt riche \u00e0 chaque bouff\u00e9e. Le <strong data-start=\"1095\" data-end=\"1133\">Batterie rechargeable Type-C de 650 mAh<\/strong> supporte la grande taille du r\u00e9servoir, tandis que le <strong data-start=\"1174\" data-end=\"1195\">LED intelligent<\/strong> affiche en temps r\u00e9el les niveaux de batterie et d'e-liquide pour un contr\u00f4le total.<\/p>\n<h3 data-start=\"1261\" data-end=\"1292\">Multiples Options de Nicotine<\/h3>\n<p data-start=\"1293\" data-end=\"1503\">Saveurs : <strong data-start=\"1305\" data-end=\"1344\">forces de nicotine de 0 %, 2 %, 3 % ou 5 %<\/strong>, ce kit de stylo de vape jetable offre une exp\u00e9rience sur mesure aux utilisateurs occasionnels comme aux gros fumeurs. Le <strong data-start=\"1416\" data-end=\"1434\">conception en cristal<\/strong> ajoute un look premium tout en gardant l'appareil durable et portable.<\/p>\n<p><strong><span style=\"color: #ff0000;\">Ajoutez le WhatsApp d'Amy pour obtenir une bonne r\u00e9ponse et un coupon de vape !<\/span><\/strong><\/p>\n<p><img fetchpriority=\"high\" decoding=\"async\" class=\"size-full wp-image-2932\" src=\"https:\/\/vapestornado.com\/wp-content\/uploads\/2024\/12\/Vape-Wholesale.jpg\" alt=\"Vente en Gros de Vapes\" width=\"229\" height=\"300\" \/><\/p>\n<h3><a href=\"https:\/\/wa.me\/8617776015835\" target=\"_blank\" rel=\"noopener\"><span style=\"color: #ff0000;\"><strong>WhatsApp : +86 17776015835<\/strong><\/span><\/a><\/h3>\n<p>&nbsp;<\/p>\n<h2><strong>Caract\u00e9ristiques du produit UZY 100000 Bouff\u00e9es<\/strong><\/h2>\n<p>Bouff\u00e9es: 100000 Bouff\u00e9es<br \/>\n4 en 1 Quatre Saveurs<br \/>\nQuatre bobines maill\u00e9es: 1.0 ohm<br \/>\nE-liquide: 56ml<br \/>\nForce de nicotine: 0 %\/2 %\/3 %\/5 %<br \/>\nBatterie: 650mah<br \/>\nRechargeable : Type-C<br \/>\n\u00c9cran LED (\u00c9cran intelligent) pour l'huile et la batterie<br \/>\nCONCEPTION CRISTAL<br \/>\nPoids du produit : 140g\/pi\u00e8ce<br \/>\nQT\u00c9 : 120 pi\u00e8ces\/ctn, 10 pi\u00e8ces\/bo\u00eete<\/p>\n<figure id=\"attachment_4325\" aria-describedby=\"caption-attachment-4325\" style=\"width: 300px\" class=\"wp-caption alignnone\"><img decoding=\"async\" class=\"size-medium wp-image-4325\" src=\"https:\/\/vapestornado.com\/wp-content\/uploads\/2025\/09\/UZY-100K-100000-Puffs-4-in-1-Cheap-Vapes-300x300.webp\" alt=\"Vapes pas ch\u00e8res UZY 100K 100000 Puffs 4 en 1\" width=\"300\" height=\"300\" srcset=\"https:\/\/vapestornado.com\/wp-content\/uploads\/2025\/09\/UZY-100K-100000-Puffs-4-in-1-Cheap-Vapes-300x300.webp 300w, https:\/\/vapestornado.com\/wp-content\/uploads\/2025\/09\/UZY-100K-100000-Puffs-4-in-1-Cheap-Vapes-150x150.webp 150w, https:\/\/vapestornado.com\/wp-content\/uploads\/2025\/09\/UZY-100K-100000-Puffs-4-in-1-Cheap-Vapes-768x768.webp 768w, https:\/\/vapestornado.com\/wp-content\/uploads\/2025\/09\/UZY-100K-100000-Puffs-4-in-1-Cheap-Vapes-12x12.webp 12w, https:\/\/vapestornado.com\/wp-content\/uploads\/2025\/09\/UZY-100K-100000-Puffs-4-in-1-Cheap-Vapes-600x600.webp 600w, https:\/\/vapestornado.com\/wp-content\/uploads\/2025\/09\/UZY-100K-100000-Puffs-4-in-1-Cheap-Vapes-100x100.webp 100w, https:\/\/vapestornado.com\/wp-content\/uploads\/2025\/09\/UZY-100K-100000-Puffs-4-in-1-Cheap-Vapes.webp 800w\" sizes=\"(max-width: 300px) 100vw, 300px\" \/><figcaption id=\"caption-attachment-4325\" class=\"wp-caption-text\">Vapes pas ch\u00e8res UZY 100K 100000 Puffs 4 en 1<\/figcaption><\/figure>\n<h2 class=\"product-title\"><strong>Liste des saveurs UZY 100000 Puff<\/strong><\/h2>\n<p>01.Fraise Past\u00e8que<\/p>\n<p>02.P\u00eache Glac\u00e9e<\/p>\n<p>03.Myrtille Glac\u00e9e<\/p>\n<p>04.Cerise Glac\u00e9e<\/p>\n<p>05.Myrtille Glac\u00e9e<\/p>\n<p>06. P\u00eache Mangue Ananas<\/p>\n<p>07. Baies m\u00e9lang\u00e9es<\/p>\n<p>08. Glace \u00e0 la fraise<\/p>\n<p>09. Glace \u00e0 la past\u00e8que<\/p>\n<p>10. Fraise Mangue<\/p>\n<div class=\"flex-shrink-0 flex flex-col relative items-end\">\n<div class=\"pt-0\">\n<div class=\"gizmo-bot-avatar flex h-8 w-8 items-center justify-center overflow-hidden rounded-full\">\n<div class=\"relative p-1 rounded-sm flex items-center justify-center bg-token-main-surface-primary text-token-text-primary h-8 w-8\">\n<h2 data-start=\"435\" data-end=\"491\"><\/h2>\n<h2 data-start=\"435\" data-end=\"491\"><strong data-start=\"439\" data-end=\"489\">Pourquoi choisir la cigarette \u00e9lectronique jetable UZY 100000 Puffs ?<\/strong><\/h2>\n<\/div>\n<ul>\n<li data-start=\"1546\" data-end=\"1620\">\n<p data-start=\"1548\" data-end=\"1620\"><strong data-start=\"1548\" data-end=\"1580\">Dur\u00e9e de vie in\u00e9gal\u00e9e de 100K puffs<\/strong> \u2013 5x plus longue que les mod\u00e8les jetables standards<\/p>\n<\/li>\n<li data-start=\"1621\" data-end=\"1672\">\n<p data-start=\"1623\" data-end=\"1672\"><strong data-start=\"1623\" data-end=\"1649\">V\u00e9ritable s\u00e9paration des saveurs<\/strong> \u2013 pas de m\u00e9lange ind\u00e9sirable<\/p>\n<\/li>\n<li data-start=\"1673\" data-end=\"1738\">\n<p data-start=\"1675\" data-end=\"1738\"><strong data-start=\"1675\" data-end=\"1697\">Composants de qualit\u00e9 sup\u00e9rieure<\/strong> \u2013 moins de plaintes, plus d'acheteurs fid\u00e8les<\/p>\n<\/li>\n<li data-start=\"1739\" data-end=\"1809\">\n<p data-start=\"1741\" data-end=\"1809\"><strong data-start=\"1741\" data-end=\"1763\">Forte demande du march\u00e9<\/strong> \u2013 marges de revente \u00e9lev\u00e9es sur le territoire Fran\u00e7ais<\/p>\n<\/li>\n<\/ul>\n<\/div>\n<\/div>\n<\/div>\n<div class=\"flex-shrink-0 flex flex-col relative items-end\">\n<div class=\"pt-0\">\n<div class=\"gizmo-bot-avatar flex h-8 w-8 items-center justify-center overflow-hidden rounded-full\">\n<div class=\"relative p-1 rounded-sm flex items-center justify-center bg-token-main-surface-primary text-token-text-primary h-8 w-8\">\n<h2 data-start=\"1200\" data-end=\"1487\">Capacit\u00e9 de 100K bouff\u00e9es, conception rechargeable, plusieurs saveurs et syst\u00e8me de bobine premium<\/h2>\n<p data-start=\"1200\" data-end=\"1487\"><strong data-start=\"213\" data-end=\"248\">offre une excellente valeur, ce qui en fait un choix fiable pour les d\u00e9taillants ciblant le groupe d'\u00e2ge 25-35 ans.<\/strong> Vapes Tornado \u2013 Votre centre de vente en gros pour les meilleures marques de vape d'Europe <strong data-start=\"403\" data-end=\"431\">marques de vape les plus populaires<\/strong>, y compris <strong data-start=\"443\" data-end=\"502\"><a href=\"https:\/\/vapestornado.com\/fr\/product-category\/aivono-vape\/\">AIVONO VAPE<\/a>BANGBOX VAPE <a href=\"https:\/\/vapestornado.com\/fr\/product-category\/elf-bar-vape\/\">Vape ELF BAR<\/a>, et <a href=\"https:\/\/vapestornado.com\/fr\/product-category\/fumot-vape\/\">Vape FUMOT<\/a><\/strong>. Notre magasin est con\u00e7u pour servir \u00e0 la fois les clients individuels et les acheteurs en gros, en fournissant des produits fiables qui combinent performances \u00e9lev\u00e9es, design \u00e9l\u00e9gant et prix comp\u00e9titifs.<\/p>\n<\/div>\n<\/div>\n<\/div>\n<\/div>","protected":false},"excerpt":{"rendered":"<p data-start=\"274\" data-end=\"349\"><strong data-start=\"274\" data-end=\"347\">Vape jetable UZY 100000 Puffs 100K 35000 Puffs Vente en gros en Europe<\/strong><\/p>\n<p data-start=\"353\" data-end=\"426\"><strong data-start=\"353\" data-end=\"424\">Vape jetable UZY 100000 Puffs 100K avec affichage num\u00e9rique<\/strong><\/p>\n<p data-start=\"430\" data-end=\"494\"><strong data-start=\"430\" data-end=\"492\">Acheter Vape UZY 100000 Puffs 100K en ligne - Meilleur prix r\u00e9duit<\/strong><\/p>\n<p><strong>Ajoutez le WhatsApp d'Amy pour obtenir une r\u00e9ponse rapide et un prix r\u00e9duit !<\/strong><\/p>\n<p><img fetchpriority=\"high\" decoding=\"async\" class=\"size-full wp-image-2932\" src=\"https:\/\/vapestornado.com\/wp-content\/uploads\/2024\/12\/Vape-Wholesale.jpg\" alt=\"Vente en Gros de Vapes\" width=\"229\" height=\"300\" \/><\/p>\n<h3><a href=\"https:\/\/wa.me\/8617776015835\"><span style=\"color: #ff0000;\"><strong>WhatsApp : +86 17776015835<\/strong><\/span><\/a><\/h3>\n<p>&nbsp;<\/p>","protected":false},"featured_media":4323,"comment_status":"open","ping_status":"closed","template":"","meta":{"_acf_changed":false,"_uag_custom_page_level_css":"","_lmt_disableupdate":"no","_lmt_disable":"","_monsterinsights_skip_tracking":false,"_monsterinsights_sitenote_active":false,"_monsterinsights_sitenote_note":"","_monsterinsights_sitenote_category":0,"site-sidebar-layout":"default","site-content-layout":"","ast-site-content-layout":"default","site-content-style":"default","site-sidebar-style":"default","ast-global-header-display":"","ast-banner-title-visibility":"","ast-main-header-display":"","ast-hfb-above-header-display":"","ast-hfb-below-header-display":"","ast-hfb-mobile-header-display":"","site-post-title":"","ast-breadcrumbs-content":"","ast-featured-img":"","footer-sml-layout":"","ast-disable-related-posts":"","theme-transparent-header-meta":"default","adv-header-id-meta":"","stick-header-meta":"","header-above-stick-meta":"","header-main-stick-meta":"","header-below-stick-meta":"","astra-migrate-meta-layouts":"set","ast-page-background-enabled":"default","ast-page-background-meta":{"desktop":{"background-color":"","background-image":"","background-repeat":"repeat","background-position":"center center","background-size":"auto","background-attachment":"scroll","background-type":"","background-media":"","overlay-type":"","overlay-color":"","overlay-opacity":"","overlay-gradient":""},"tablet":{"background-color":"","background-image":"","background-repeat":"repeat","background-position":"center center","background-size":"auto","background-attachment":"scroll","background-type":"","background-media":"","overlay-type":"","overlay-color":"","overlay-opacity":"","overlay-gradient":""},"mobile":{"background-color":"","background-image":"","background-repeat":"repeat","background-position":"center center","background-size":"auto","background-attachment":"scroll","background-type":"","background-media":"","overlay-type":"","overlay-color":"","overlay-opacity":"","overlay-gradient":""}},"ast-content-background-meta":{"desktop":{"background-color":"var(--ast-global-color-5)","background-image":"","background-repeat":"repeat","background-position":"center center","background-size":"auto","background-attachment":"scroll","background-type":"","background-media":"","overlay-type":"","overlay-color":"","overlay-opacity":"","overlay-gradient":""},"tablet":{"background-color":"var(--ast-global-color-5)","background-image":"","background-repeat":"repeat","background-position":"center center","background-size":"auto","background-attachment":"scroll","background-type":"","background-media":"","overlay-type":"","overlay-color":"","overlay-opacity":"","overlay-gradient":""},"mobile":{"background-color":"var(--ast-global-color-5)","background-image":"","background-repeat":"repeat","background-position":"center center","background-size":"auto","background-attachment":"scroll","background-type":"","background-media":"","overlay-type":"","overlay-color":"","overlay-opacity":"","overlay-gradient":""}},"_joinchat":{"telephone":"17776015835"}},"product_brand":[],"product_cat":[346,152,153,156,158,142,357,146,356,171,60],"product_tag":[355,354,350,351,352,353],"class_list":{"0":"post-4327","1":"product","2":"type-product","3":"status-publish","4":"has-post-thumbnail","6":"product_cat-100000-puff","7":"product_cat-buy-disposable-vapes-in-cermany","8":"product_cat-buy-disposable-vapes-in-italy","9":"product_cat-buy-disposable-vapes-in-poland","10":"product_cat-buy-disposable-vapes-in-spain","11":"product_cat-digital-box-disposable-vapes","12":"product_cat-flavor-adjustable-vape","13":"product_cat-rechargeable-disposable-vapes","14":"product_cat-uzy-vape","15":"product_cat-vapsolo-disposable-vapes","16":"product_cat-waspe-fihp-vape","17":"product_tag-big-puff-vape","18":"product_tag-flavor-adjustable-vape","19":"product_tag-four-flavor-disposable-vape","20":"product_tag-uzy-100000-puff","21":"product_tag-uzy-100k","22":"product_tag-uzy-100k-4-in-1","23":"desktop-align-left","24":"tablet-align-left","25":"mobile-align-left","27":"first","28":"instock","29":"sale","30":"shipping-taxable","31":"purchasable","32":"product-type-simple"},"acf":[],"uagb_featured_image_src":{"full":["https:\/\/vapestornado.com\/wp-content\/uploads\/2025\/09\/UZY-100K-100000-Puff-Bulk-Buy-Vape-Online.webp",800,800,false],"thumbnail":["https:\/\/vapestornado.com\/wp-content\/uploads\/2025\/09\/UZY-100K-100000-Puff-Bulk-Buy-Vape-Online-150x150.webp",150,150,true],"medium":["https:\/\/vapestornado.com\/wp-content\/uploads\/2025\/09\/UZY-100K-100000-Puff-Bulk-Buy-Vape-Online-300x300.webp",300,300,true],"medium_large":["https:\/\/vapestornado.com\/wp-content\/uploads\/2025\/09\/UZY-100K-100000-Puff-Bulk-Buy-Vape-Online-768x768.webp",768,768,true],"large":["https:\/\/vapestornado.com\/wp-content\/uploads\/2025\/09\/UZY-100K-100000-Puff-Bulk-Buy-Vape-Online.webp",800,800,false],"1536x1536":["https:\/\/vapestornado.com\/wp-content\/uploads\/2025\/09\/UZY-100K-100000-Puff-Bulk-Buy-Vape-Online.webp",800,800,false],"2048x2048":["https:\/\/vapestornado.com\/wp-content\/uploads\/2025\/09\/UZY-100K-100000-Puff-Bulk-Buy-Vape-Online.webp",800,800,false],"trp-custom-language-flag":["https:\/\/vapestornado.com\/wp-content\/uploads\/2025\/09\/UZY-100K-100000-Puff-Bulk-Buy-Vape-Online-12x12.webp",12,12,true],"woocommerce_thumbnail":["https:\/\/vapestornado.com\/wp-content\/uploads\/2025\/09\/UZY-100K-100000-Puff-Bulk-Buy-Vape-Online-300x300.webp",300,300,true],"woocommerce_single":["https:\/\/vapestornado.com\/wp-content\/uploads\/2025\/09\/UZY-100K-100000-Puff-Bulk-Buy-Vape-Online-600x600.webp",600,600,true],"woocommerce_gallery_thumbnail":["https:\/\/vapestornado.com\/wp-content\/uploads\/2025\/09\/UZY-100K-100000-Puff-Bulk-Buy-Vape-Online-100x100.webp",100,100,true]},"uagb_author_info":{"display_name":"ESAMY","author_link":"https:\/\/vapestornado.com\/fr\/author\/"},"uagb_comment_info":1,"uagb_excerpt":"UZY 100000 Puff 100K Disposable Vape 35000 Puffs Wholesale in Europe UZY 100000 Puff 100K Disposable Vape with Digital Display &amp; Rechargeable Battery Buy UZY 100000 Puff 100K Puff Vape Online \u2013 Best Discount Price Add Amy's whatsapp to get right reply and discount price! WhatsApp: +86 17776015835 &nbsp;","_links":{"self":[{"href":"https:\/\/vapestornado.com\/fr\/wp-json\/wp\/v2\/product\/4327","targetHints":{"allow":["GET"]}}],"collection":[{"href":"https:\/\/vapestornado.com\/fr\/wp-json\/wp\/v2\/product"}],"about":[{"href":"https:\/\/vapestornado.com\/fr\/wp-json\/wp\/v2\/types\/product"}],"replies":[{"embeddable":true,"href":"https:\/\/vapestornado.com\/fr\/wp-json\/wp\/v2\/comments?post=4327"}],"wp:featuredmedia":[{"embeddable":true,"href":"https:\/\/vapestornado.com\/fr\/wp-json\/wp\/v2\/media\/4323"}],"wp:attachment":[{"href":"https:\/\/vapestornado.com\/fr\/wp-json\/wp\/v2\/media?parent=4327"}],"wp:term":[{"taxonomy":"product_brand","embeddable":true,"href":"https:\/\/vapestornado.com\/fr\/wp-json\/wp\/v2\/product_brand?post=4327"},{"taxonomy":"product_cat","embeddable":true,"href":"https:\/\/vapestornado.com\/fr\/wp-json\/wp\/v2\/product_cat?post=4327"},{"taxonomy":"product_tag","embeddable":true,"href":"https:\/\/vapestornado.com\/fr\/wp-json\/wp\/v2\/product_tag?post=4327"}],"curies":[{"name":"wp","href":"https:\/\/api.w.org\/{rel}","templated":true}]}}