{"id":4319,"date":"2025-08-29T08:39:13","date_gmt":"2025-08-29T08:39:13","guid":{"rendered":"https:\/\/vapestornado.com\/?post_type=product&#038;p=4319"},"modified":"2025-08-29T09:18:04","modified_gmt":"2025-08-29T09:18:04","slug":"buy-authentic-waspe-100000-puffs-low-nicotine-disposable-vape-pen-at-wholesale-price","status":"publish","type":"product","link":"https:\/\/vapestornado.com\/fr\/product\/buy-authentic-waspe-100000-puffs-low-nicotine-disposable-vape-pen-at-wholesale-price\/","title":{"rendered":"Achetez un stylo vape jetable authentique WASPE 100000 bouff\u00e9es \u00e0 faible teneur en nicotine au prix de gros"},"content":{"rendered":"<h2 data-pm-slice=\"1 1 []\">Achetez un stylo vape jetable authentique WASPE 100000 bouff\u00e9es \u00e0 faible teneur en nicotine au prix de gros<\/h2>\n<p data-start=\"375\" data-end=\"654\">L' <strong data-start=\"379\" data-end=\"421\">WASPE 100000 Bouff\u00e9es Vape Pen Jetable<\/strong> est con\u00e7u pour ceux qui exigent de grandes performances dans un design compact. Avec un incroyable <strong data-start=\"508\" data-end=\"530\">Capacit\u00e9 de 100K bouff\u00e9es<\/strong> et une <strong data-start=\"537\" data-end=\"559\">R\u00e9servoir d'e-liquide de 56mL<\/strong>, il offre une valeur in\u00e9gal\u00e9e pour un usage personnel et la distribution en gros \u00e0 travers l'Europe.<\/p>\n<p data-start=\"656\" data-end=\"909\">Con\u00e7u avec <strong data-start=\"672\" data-end=\"698\">quadruples bobines mesh (1.0\u03a9)<\/strong>, chaque bouff\u00e9e est douce, audacieuse et constante. Le <strong data-start=\"748\" data-end=\"782\">syst\u00e8me de saveur interchangeable 4-en-1<\/strong> garde votre vapotage frais et excitant, parfait pour les jeunes vapoteurs qui veulent de la vari\u00e9t\u00e9 sans transporter plusieurs appareils.<\/p>\n<p data-start=\"911\" data-end=\"1248\">L' <strong data-start=\"915\" data-end=\"953\">Batterie rechargeable Type-C de 650mAh<\/strong> assure des sessions de longue dur\u00e9e, tandis que le <strong data-start=\"995\" data-end=\"1010\">\u00c9cran LED<\/strong> donne des mises \u00e0 jour instantan\u00e9es sur les niveaux de batterie et de jus, supprimant les conjectures et ajoutant un contr\u00f4le total. Disponible en <strong data-start=\"1118\" data-end=\"1149\">taux de nicotine de 2% et 5%<\/strong>, le <strong data-start=\"1155\" data-end=\"1189\">WASPE 100K Vape Pen Jetable<\/strong> trouve le juste \u00e9quilibre entre puissance et commodit\u00e9.<\/p>\n<p><strong><span style=\"color: #ff0000;\">Ajoutez le WhatsApp d'Amy pour obtenir une bonne r\u00e9ponse et un coupon de vape !<\/span><\/strong><\/p>\n<p><img fetchpriority=\"high\" decoding=\"async\" class=\"size-full wp-image-2932\" src=\"https:\/\/vapestornado.com\/wp-content\/uploads\/2024\/12\/Vape-Wholesale.jpg\" alt=\"Vente en Gros de Vapes\" width=\"229\" height=\"300\" \/><\/p>\n<h3><a href=\"https:\/\/wa.me\/8617776015835\" target=\"_blank\" rel=\"noopener\"><span style=\"color: #ff0000;\"><strong>WhatsApp : +86 17776015835<\/strong><\/span><\/a><\/h3>\n<p>&nbsp;<\/p>\n<h2><strong>Caract\u00e9ristiques du produit WASPE 100000 Bouff\u00e9es<\/strong><\/h2>\n<p><strong data-start=\"1252\" data-end=\"1280\">100 000 bouff\u00e9es par appareil<\/strong><br data-start=\"1280\" data-end=\"1283\" \/><strong data-start=\"1285\" data-end=\"1316\">Syst\u00e8me de commutation de saveur 4-en-1<\/strong><br data-start=\"1316\" data-end=\"1319\" \/><strong data-start=\"1321\" data-end=\"1354\">Bobine quad mesh pour une vapeur riche<\/strong><br data-start=\"1354\" data-end=\"1357\" \/><strong data-start=\"1359\" data-end=\"1403\">Capacit\u00e9 de e-liquide de 56 mL | 2% \/ 5% nicotine<\/strong><br data-start=\"1403\" data-end=\"1406\" \/><strong data-start=\"1408\" data-end=\"1446\">Batterie rechargeable Type-C de 650 mAh<\/strong><br data-start=\"1446\" data-end=\"1449\" \/><strong data-start=\"1451\" data-end=\"1495\">\u00c9cran LED pour la batterie<\/strong><\/p>\n<h2 class=\"product-title\"><strong>Liste des saveurs WASPE 100000 Bouff\u00e9es<\/strong><\/h2>\n<p>1. Past\u00e8que Glac\u00e9e<br \/>\n2. Fraise Past\u00e8que<br \/>\n3. Red Bull Glac\u00e9<br \/>\n4. Fraise Framboise Cerise<br \/>\n5. Fraise Banane<br \/>\n6. Myrtille Glac\u00e9e<br \/>\n7. Cola Cerise Glac\u00e9<br \/>\nBubblegum Past\u00e8que<br \/>\n8. P\u00eache Juteuse Glac\u00e9e<br \/>\n9. Raisin Glac\u00e9<br \/>\n10. Fruits Rouges M\u00e9lang\u00e9s<br \/>\n11. Fraise Red Bull<br \/>\nCola Cerise Glac\u00e9<br \/>\n12. Myrtille Framboise<\/p>\n<figure id=\"attachment_4314\" aria-describedby=\"caption-attachment-4314\" style=\"width: 300px\" class=\"wp-caption alignnone\"><img decoding=\"async\" class=\"size-medium wp-image-4314\" src=\"https:\/\/vapestornado.com\/wp-content\/uploads\/2025\/08\/WASPE-100000-Puff-100k-Online-Vape-Shop-300x300.webp\" alt=\"WASPE 100000 Bouff\u00e9es Boutique de Vape en Ligne 100k\" width=\"300\" height=\"300\" srcset=\"https:\/\/vapestornado.com\/wp-content\/uploads\/2025\/08\/WASPE-100000-Puff-100k-Online-Vape-Shop-300x300.webp 300w, https:\/\/vapestornado.com\/wp-content\/uploads\/2025\/08\/WASPE-100000-Puff-100k-Online-Vape-Shop-150x150.webp 150w, https:\/\/vapestornado.com\/wp-content\/uploads\/2025\/08\/WASPE-100000-Puff-100k-Online-Vape-Shop-768x768.webp 768w, https:\/\/vapestornado.com\/wp-content\/uploads\/2025\/08\/WASPE-100000-Puff-100k-Online-Vape-Shop-12x12.webp 12w, https:\/\/vapestornado.com\/wp-content\/uploads\/2025\/08\/WASPE-100000-Puff-100k-Online-Vape-Shop-600x600.webp 600w, https:\/\/vapestornado.com\/wp-content\/uploads\/2025\/08\/WASPE-100000-Puff-100k-Online-Vape-Shop-100x100.webp 100w, https:\/\/vapestornado.com\/wp-content\/uploads\/2025\/08\/WASPE-100000-Puff-100k-Online-Vape-Shop.webp 800w\" sizes=\"(max-width: 300px) 100vw, 300px\" \/><figcaption id=\"caption-attachment-4314\" class=\"wp-caption-text\">WASPE 100000 Bouff\u00e9es Boutique de Vape en Ligne 100k<\/figcaption><\/figure>\n<div class=\"flex-shrink-0 flex flex-col relative items-end\">\n<div class=\"pt-0\">\n<div class=\"gizmo-bot-avatar flex h-8 w-8 items-center justify-center overflow-hidden rounded-full\">\n<div class=\"relative p-1 rounded-sm flex items-center justify-center bg-token-main-surface-primary text-token-text-primary h-8 w-8\">\n<h2 data-start=\"435\" data-end=\"491\"><strong data-start=\"439\" data-end=\"489\">Pourquoi Choisir le Stylo Vape Jetable WASPE 100K ?<\/strong><\/h2>\n<p data-start=\"492\" data-end=\"586\">Mettez en avant la capacit\u00e9 de 100 000 bouff\u00e9es, la conception durable et l'attrait pour le march\u00e9 des jeunes en Europe.<\/p>\n<h3 data-start=\"588\" data-end=\"639\"><strong data-start=\"592\" data-end=\"637\">Syst\u00e8me de Saveur 4-en-1 pour une Vari\u00e9t\u00e9 Non-Stop<\/strong><\/h3>\n<p data-start=\"640\" data-end=\"708\">Expliquez les saveurs interchangeables qui donnent l'impression qu'un seul appareil en vaut quatre.<\/p>\n<h3 data-start=\"710\" data-end=\"757\"><strong data-start=\"714\" data-end=\"755\">Grande capacit\u00e9 avec une ing\u00e9nierie de pointe<\/strong><\/h3>\n<p data-start=\"758\" data-end=\"835\">Mettez l'accent sur les 56 ml d'e-liquide, les bobines quad mesh (1,0 \u03a9) et le go\u00fbt audacieux et constant.<\/p>\n<h3 data-start=\"837\" data-end=\"888\"><strong data-start=\"841\" data-end=\"886\">Puissance intelligente, con\u00e7ue pour le march\u00e9 europ\u00e9en<\/strong><\/h3>\n<p data-start=\"889\" data-end=\"987\">Pr\u00e9sentez la batterie rechargeable Type-C de 650 mAh et l'\u00e9cran LED pour la batterie<\/p>\n<h3 data-start=\"989\" data-end=\"1035\"><strong data-start=\"993\" data-end=\"1033\">\u00c9quilibre parfait des concentrations de nicotine<\/strong><\/h3>\n<p data-start=\"1036\" data-end=\"1112\">Offrez des d\u00e9tails sur les options de nicotine 2% et 5% pour r\u00e9pondre aux diff\u00e9rentes pr\u00e9f\u00e9rences.<\/p>\n<h3 data-start=\"1114\" data-end=\"1171\"><strong data-start=\"1118\" data-end=\"1169\">WASPE 100000 Bouff\u00e9es \u2013 Con\u00e7u pour la demande de gros<\/strong><\/h3>\n<p data-start=\"1172\" data-end=\"1260\">Renforcez la forte valeur, la fiabilit\u00e9 et l'attrait pour les distributeurs sur les march\u00e9s de l'UE.<\/p>\n<\/div>\n<h3><\/h3>\n<div class=\"relative p-1 rounded-sm flex items-center justify-center bg-token-main-surface-primary text-token-text-primary h-8 w-8\">\n<h2>FAQ pour la cigarette \u00e9lectronique jetable WASPE 100000 Bouff\u00e9es<\/h2>\n<\/div>\n<\/div>\n<\/div>\n<\/div>\n<div class=\"flex-shrink-0 flex flex-col relative items-end\">\n<div class=\"pt-0\">\n<div class=\"gizmo-bot-avatar flex h-8 w-8 items-center justify-center overflow-hidden rounded-full\">\n<div class=\"relative p-1 rounded-sm flex items-center justify-center bg-token-main-surface-primary text-token-text-primary h-8 w-8\">\n<div class=\"mb-2 flex gap-3 empty:hidden -ml-2\">\n<p data-start=\"308\" data-end=\"562\"><strong data-start=\"308\" data-end=\"364\">1. Combien de temps dure un appareil WASPE 100000 bouff\u00e9es ?<\/strong><br data-start=\"364\" data-end=\"367\" \/>Le WASPE 100K offre jusqu'\u00e0 <strong data-start=\"395\" data-end=\"412\">100 000 bouff\u00e9es<\/strong>, ce qui dure g\u00e9n\u00e9ralement plusieurs semaines selon la fr\u00e9quence d'utilisation. Les acheteurs en gros soulignent souvent sa dur\u00e9e de vie prolong\u00e9e comme un argument de vente majeur.<\/p>\n<p data-start=\"564\" data-end=\"753\"><strong data-start=\"564\" data-end=\"614\">2. Puis-je recharger la vape WASPE 100000 bouff\u00e9es ?<\/strong><br data-start=\"614\" data-end=\"617\" \/>Oui. Il est livr\u00e9 avec un <strong data-start=\"638\" data-end=\"676\">Batterie rechargeable Type-C de 650 mAh<\/strong>chargeur de type C<\/p>\n<p data-start=\"755\" data-end=\"1019\"><strong data-start=\"755\" data-end=\"830\">, vous assurant d'utiliser pleinement les 56 ml d'e-liquide sans interruption.<\/strong><br data-start=\"830\" data-end=\"833\" \/>3. Qu'est-ce qui diff\u00e9rencie le WASPE 100K des autres stylos vape jetables ? <strong data-start=\"894\" data-end=\"964\">Contrairement aux jetables standard, le WASPE 100000 bouff\u00e9es combine<\/strong>4-en-1 saveurs interchangeables, des bobines quad mesh et un \u00e9cran LED intelligent<\/p>\n<p data-start=\"1021\" data-end=\"1198\"><strong data-start=\"1021\" data-end=\"1081\">, ce qui le rend \u00e0 la fois polyvalent et durable pour un usage quotidien.<\/strong><br data-start=\"1081\" data-end=\"1084\" \/>4. Le WASPE 100K est-il disponible en faibles concentrations de nicotine ? <strong data-start=\"1105\" data-end=\"1133\">Niveaux de nicotine 2% et 5%<\/strong>Oui. Il est offert en<\/p>\n<p data-start=\"1200\" data-end=\"1487\"><strong data-start=\"1200\" data-end=\"1278\">0%, 2%, 3% et 5% de nicotine<\/strong><br data-start=\"1278\" data-end=\"1281\" \/>Sa combinaison de <strong data-start=\"1300\" data-end=\"1386\">, r\u00e9pondant \u00e0 diff\u00e9rentes pr\u00e9f\u00e9rences sur le march\u00e9 europ\u00e9en.<\/strong> 5. Pourquoi le WASPE 100000 bouff\u00e9es est-il populaire aupr\u00e8s des acheteurs en gros de l'UE ?<\/p>\n<\/div>\n<h2 data-start=\"1200\" data-end=\"1487\">Capacit\u00e9 de 100K bouff\u00e9es, conception rechargeable, plusieurs saveurs et syst\u00e8me de bobine premium<\/h2>\n<p data-start=\"1200\" data-end=\"1487\"><strong data-start=\"213\" data-end=\"248\">offre une excellente valeur, ce qui en fait un choix fiable pour les d\u00e9taillants ciblant le groupe d'\u00e2ge 25-35 ans.<\/strong> Vapes Tornado \u2013 Votre centre de vente en gros pour les meilleures marques de vape d'Europe <strong data-start=\"403\" data-end=\"431\">marques de vape les plus populaires<\/strong>, y compris <strong data-start=\"443\" data-end=\"502\"><a href=\"https:\/\/vapestornado.com\/fr\/product-category\/aivono-vape\/\">AIVONO VAPE<\/a>BANGBOX VAPE <a href=\"https:\/\/vapestornado.com\/fr\/product-category\/elf-bar-vape\/\">Vape ELF BAR<\/a>, et <a href=\"https:\/\/vapestornado.com\/fr\/product-category\/fumot-vape\/\">Vape FUMOT<\/a><\/strong>. Notre magasin est con\u00e7u pour servir \u00e0 la fois les clients individuels et les acheteurs en gros, en fournissant des produits fiables qui combinent performances \u00e9lev\u00e9es, design \u00e9l\u00e9gant et prix comp\u00e9titifs.<\/p>\n<\/div>\n<\/div>\n<\/div>\n<\/div>","protected":false},"excerpt":{"rendered":"<p>WASPE 100K \u2013 100 000 bouff\u00e9es, 4 saveurs, un puissant stylo \u00e0 vape jetable.<\/p>\n<p>Changez de saveur, restez aliment\u00e9 \u2013 WASPE 100000 bouff\u00e9es avec recharge de type C.<\/p>\n<p>Le stylo \u00e0 vape jetable con\u00e7u pour la France \u2013 WASPE 100K, gros nuages, plus de valeur.<\/p>\n<p><strong>Ajoutez le WhatsApp d'Amy pour obtenir une r\u00e9ponse rapide et un prix r\u00e9duit !<\/strong><\/p>\n<p><img fetchpriority=\"high\" decoding=\"async\" class=\"size-full wp-image-2932\" src=\"https:\/\/vapestornado.com\/wp-content\/uploads\/2024\/12\/Vape-Wholesale.jpg\" alt=\"Vente en Gros de Vapes\" width=\"229\" height=\"300\" \/><\/p>\n<h3><a href=\"https:\/\/wa.me\/8617776015835\"><span style=\"color: #ff0000;\"><strong>WhatsApp : +86 17776015835<\/strong><\/span><\/a><\/h3>\n<p>&nbsp;<\/p>","protected":false},"featured_media":4318,"comment_status":"open","ping_status":"closed","template":"","meta":{"_acf_changed":false,"_uag_custom_page_level_css":"","_lmt_disableupdate":"no","_lmt_disable":"","_monsterinsights_skip_tracking":false,"_monsterinsights_sitenote_active":false,"_monsterinsights_sitenote_note":"","_monsterinsights_sitenote_category":0,"site-sidebar-layout":"default","site-content-layout":"","ast-site-content-layout":"default","site-content-style":"default","site-sidebar-style":"default","ast-global-header-display":"","ast-banner-title-visibility":"","ast-main-header-display":"","ast-hfb-above-header-display":"","ast-hfb-below-header-display":"","ast-hfb-mobile-header-display":"","site-post-title":"","ast-breadcrumbs-content":"","ast-featured-img":"","footer-sml-layout":"","ast-disable-related-posts":"","theme-transparent-header-meta":"default","adv-header-id-meta":"","stick-header-meta":"","header-above-stick-meta":"","header-main-stick-meta":"","header-below-stick-meta":"","astra-migrate-meta-layouts":"set","ast-page-background-enabled":"default","ast-page-background-meta":{"desktop":{"background-color":"","background-image":"","background-repeat":"repeat","background-position":"center center","background-size":"auto","background-attachment":"scroll","background-type":"","background-media":"","overlay-type":"","overlay-color":"","overlay-opacity":"","overlay-gradient":""},"tablet":{"background-color":"","background-image":"","background-repeat":"repeat","background-position":"center center","background-size":"auto","background-attachment":"scroll","background-type":"","background-media":"","overlay-type":"","overlay-color":"","overlay-opacity":"","overlay-gradient":""},"mobile":{"background-color":"","background-image":"","background-repeat":"repeat","background-position":"center center","background-size":"auto","background-attachment":"scroll","background-type":"","background-media":"","overlay-type":"","overlay-color":"","overlay-opacity":"","overlay-gradient":""}},"ast-content-background-meta":{"desktop":{"background-color":"var(--ast-global-color-5)","background-image":"","background-repeat":"repeat","background-position":"center center","background-size":"auto","background-attachment":"scroll","background-type":"","background-media":"","overlay-type":"","overlay-color":"","overlay-opacity":"","overlay-gradient":""},"tablet":{"background-color":"var(--ast-global-color-5)","background-image":"","background-repeat":"repeat","background-position":"center center","background-size":"auto","background-attachment":"scroll","background-type":"","background-media":"","overlay-type":"","overlay-color":"","overlay-opacity":"","overlay-gradient":""},"mobile":{"background-color":"var(--ast-global-color-5)","background-image":"","background-repeat":"repeat","background-position":"center center","background-size":"auto","background-attachment":"scroll","background-type":"","background-media":"","overlay-type":"","overlay-color":"","overlay-opacity":"","overlay-gradient":""}},"_joinchat":{"telephone":"17776015835"}},"product_brand":[],"product_cat":[346,150,151,152,156,158,142,146,171,60],"product_tag":[350,348,349,163],"class_list":{"0":"post-4319","1":"product","2":"type-product","3":"status-publish","4":"has-post-thumbnail","6":"product_cat-100000-puff","7":"product_cat-buy-disposable-vapes-in-belgium","8":"product_cat-buy-disposable-vapes-in-france","9":"product_cat-buy-disposable-vapes-in-cermany","10":"product_cat-buy-disposable-vapes-in-poland","11":"product_cat-buy-disposable-vapes-in-spain","12":"product_cat-digital-box-disposable-vapes","13":"product_cat-rechargeable-disposable-vapes","14":"product_cat-vapsolo-disposable-vapes","15":"product_cat-waspe-fihp-vape","16":"product_tag-four-flavor-disposable-vape","17":"product_tag-waspe-100000-puffs","18":"product_tag-waspe-100k-4-in-1","19":"product_tag-waspe-vape","20":"desktop-align-left","21":"tablet-align-left","22":"mobile-align-left","24":"first","25":"instock","26":"sale","27":"shipping-taxable","28":"purchasable","29":"product-type-simple"},"acf":[],"uagb_featured_image_src":{"full":["https:\/\/vapestornado.com\/wp-content\/uploads\/2025\/08\/WASPE-100000-Puffs-4-Flavors-No-Nicotine-Vape.webp",800,800,false],"thumbnail":["https:\/\/vapestornado.com\/wp-content\/uploads\/2025\/08\/WASPE-100000-Puffs-4-Flavors-No-Nicotine-Vape-150x150.webp",150,150,true],"medium":["https:\/\/vapestornado.com\/wp-content\/uploads\/2025\/08\/WASPE-100000-Puffs-4-Flavors-No-Nicotine-Vape-300x300.webp",300,300,true],"medium_large":["https:\/\/vapestornado.com\/wp-content\/uploads\/2025\/08\/WASPE-100000-Puffs-4-Flavors-No-Nicotine-Vape-768x768.webp",768,768,true],"large":["https:\/\/vapestornado.com\/wp-content\/uploads\/2025\/08\/WASPE-100000-Puffs-4-Flavors-No-Nicotine-Vape.webp",800,800,false],"1536x1536":["https:\/\/vapestornado.com\/wp-content\/uploads\/2025\/08\/WASPE-100000-Puffs-4-Flavors-No-Nicotine-Vape.webp",800,800,false],"2048x2048":["https:\/\/vapestornado.com\/wp-content\/uploads\/2025\/08\/WASPE-100000-Puffs-4-Flavors-No-Nicotine-Vape.webp",800,800,false],"trp-custom-language-flag":["https:\/\/vapestornado.com\/wp-content\/uploads\/2025\/08\/WASPE-100000-Puffs-4-Flavors-No-Nicotine-Vape-12x12.webp",12,12,true],"woocommerce_thumbnail":["https:\/\/vapestornado.com\/wp-content\/uploads\/2025\/08\/WASPE-100000-Puffs-4-Flavors-No-Nicotine-Vape-300x300.webp",300,300,true],"woocommerce_single":["https:\/\/vapestornado.com\/wp-content\/uploads\/2025\/08\/WASPE-100000-Puffs-4-Flavors-No-Nicotine-Vape-600x600.webp",600,600,true],"woocommerce_gallery_thumbnail":["https:\/\/vapestornado.com\/wp-content\/uploads\/2025\/08\/WASPE-100000-Puffs-4-Flavors-No-Nicotine-Vape-100x100.webp",100,100,true]},"uagb_author_info":{"display_name":"ESAMY","author_link":"https:\/\/vapestornado.com\/fr\/author\/"},"uagb_comment_info":2,"uagb_excerpt":"WASPE 100K \u2013 100,000 Puffs, 4 Flavors, One Powerful Disposable Vape Pen. Switch Flavors, Stay Powered \u2013 WASPE 100000 Puffs with Type-C Recharge. The Disposable Vape Pen Built for Europe \u2013 WASPE 100K, Big Clouds, Bigger Value. Add Amy's whatsapp to get right reply and discount price! WhatsApp: +86 17776015835 &nbsp;","_links":{"self":[{"href":"https:\/\/vapestornado.com\/fr\/wp-json\/wp\/v2\/product\/4319","targetHints":{"allow":["GET"]}}],"collection":[{"href":"https:\/\/vapestornado.com\/fr\/wp-json\/wp\/v2\/product"}],"about":[{"href":"https:\/\/vapestornado.com\/fr\/wp-json\/wp\/v2\/types\/product"}],"replies":[{"embeddable":true,"href":"https:\/\/vapestornado.com\/fr\/wp-json\/wp\/v2\/comments?post=4319"}],"wp:featuredmedia":[{"embeddable":true,"href":"https:\/\/vapestornado.com\/fr\/wp-json\/wp\/v2\/media\/4318"}],"wp:attachment":[{"href":"https:\/\/vapestornado.com\/fr\/wp-json\/wp\/v2\/media?parent=4319"}],"wp:term":[{"taxonomy":"product_brand","embeddable":true,"href":"https:\/\/vapestornado.com\/fr\/wp-json\/wp\/v2\/product_brand?post=4319"},{"taxonomy":"product_cat","embeddable":true,"href":"https:\/\/vapestornado.com\/fr\/wp-json\/wp\/v2\/product_cat?post=4319"},{"taxonomy":"product_tag","embeddable":true,"href":"https:\/\/vapestornado.com\/fr\/wp-json\/wp\/v2\/product_tag?post=4319"}],"curies":[{"name":"wp","href":"https:\/\/api.w.org\/{rel}","templated":true}]}}