{"id":4140,"date":"2025-04-15T08:11:35","date_gmt":"2025-04-15T08:11:35","guid":{"rendered":"https:\/\/vapestornado.com\/?post_type=product&#038;p=4140"},"modified":"2025-12-03T10:05:11","modified_gmt":"2025-12-03T10:05:11","slug":"elfworld-plus-20000-puff-20k-disposable-vape-dual-vaping-mode","status":"publish","type":"product","link":"https:\/\/vapestornado.com\/fr\/product\/elfworld-plus-20000-puff-20k-disposable-vape-dual-vaping-mode\/","title":{"rendered":"ELFWORLD Plus 20000 Bouff\u00e9es 20k Vape Jetable Mode de Vapotage Double"},"content":{"rendered":"<h1 data-pm-slice=\"1 1 []\">ELFWORLD Plus 20000 Puff Vape Jetable, 22ml Pr\u00e9-rempli, Bobines \u00e0 Double Mesh, \u00c9cran HD, Modes Normal\/Boost, Flux d'air Ajustable<\/h1>\n<p data-start=\"2153\" data-end=\"2461\"><strong data-start=\"2153\" data-end=\"2258\">Vous cherchez une cigarette \u00e9lectronique jetable qui dure plus longtemps, maintient la saveur constante et vous donne un contr\u00f4le total ?<\/strong><br data-start=\"2258\" data-end=\"2261\" \/>ELFWORLD Plus combine <strong data-start=\"2284\" data-end=\"2300\">20 000 bouff\u00e9es<\/strong>, un <strong data-start=\"2304\" data-end=\"2328\">R\u00e9servoir pr\u00e9-rempli de 22 ml<\/strong>, et une <strong data-start=\"2336\" data-end=\"2367\">batterie rechargeable de 650mAh<\/strong> pour offrir une exp\u00e9rience de vapotage vraiment prolong\u00e9e\u2014sans saveur qui s'estompe ni baisse inattendue de la batterie.<\/p>\n<h3 data-start=\"2468\" data-end=\"2520\">Pourquoi ELFWORLD Plus est con\u00e7u pour une utilisation \u00e0 long terme<\/h3>\n<p data-start=\"2521\" data-end=\"2753\">La plupart des jetables s'\u00e9puisent rapidement ou perdent en performance \u00e0 mi-parcours. ELFWORLD Plus r\u00e9sout cela avec un <strong data-start=\"2621\" data-end=\"2640\">grand r\u00e9servoir de 22ml<\/strong> et de <strong data-start=\"2645\" data-end=\"2674\">Alimentation rechargeable via Type-C<\/strong>, vous permettant d'utiliser toute la capacit\u00e9 de liquide au lieu de jeter l'appareil pr\u00e9matur\u00e9ment.<\/p>\n<h3 data-start=\"2760\" data-end=\"2798\">Deux Modes de Vapote pour la Vie Quotidienne<\/h3>\n<ul data-start=\"2799\" data-end=\"2952\">\n<li data-start=\"2799\" data-end=\"2865\">\n<p data-start=\"2801\" data-end=\"2865\"><strong data-start=\"2801\" data-end=\"2817\">Mode Normal :<\/strong> Tractions lisses et constantes pour une vapotage quotidienne.<\/p>\n<\/li>\n<li data-start=\"2866\" data-end=\"2952\">\n<p data-start=\"2868\" data-end=\"2952\"><strong data-start=\"2868\" data-end=\"2883\">Mode Boost :<\/strong> Coup de gorge plus fort et vapeur plus dense lorsque vous souhaitez plus d'intensit\u00e9.<\/p>\n<\/li>\n<\/ul>\n<p data-start=\"2954\" data-end=\"3031\">Vous b\u00e9n\u00e9ficiez des deux exp\u00e9riences en un seul appareil\u2014pas besoin de changer de marque ou d'acheter des pi\u00e8ces de rechange.<\/p>\n<h3 data-start=\"3038\" data-end=\"3092\">Meilleure coh\u00e9rence de la saveur avec des bobines \u00e0 double mesh<\/h3>\n<p data-start=\"3093\" data-end=\"3348\">L' <strong data-start=\"3097\" data-end=\"3122\">syst\u00e8me de double bobine en maille<\/strong> chauffe le e-liquide uniform\u00e9ment, aidant \u00e0 pr\u00e9venir les notes br\u00fbl\u00e9es et \u00e0 maintenir la saveur stable sur des milliers de bouff\u00e9es. Associez cela \u00e0 <strong data-start=\"3242\" data-end=\"3264\">flux d\u2019air r\u00e9glable<\/strong> pour ajuster votre tirage, que vous pr\u00e9f\u00e9riez des tirages plus serr\u00e9s MTL ou l\u00e9g\u00e8rement plus ouverts.<\/p>\n<h3 data-start=\"3355\" data-end=\"3388\">\u00c9cran HD = Pas de devinette<\/h3>\n<p data-start=\"3389\" data-end=\"3440\">L'int\u00e9gr\u00e9 <strong data-start=\"3404\" data-end=\"3431\">\u00c9cran intelligent HD<\/strong> affiche :<\/p>\n<ul data-start=\"3441\" data-end=\"3481\">\n<li data-start=\"3441\" data-end=\"3462\">\n<p data-start=\"3443\" data-end=\"3462\"><strong data-start=\"3443\" data-end=\"3460\">Niveau de batterie<\/strong><\/p>\n<\/li>\n<li data-start=\"3463\" data-end=\"3481\">\n<p data-start=\"3465\" data-end=\"3481\"><strong data-start=\"3465\" data-end=\"3479\">Nombre de bouff\u00e9es<\/strong><\/p>\n<\/li>\n<\/ul>\n<p data-start=\"3483\" data-end=\"3545\">Ainsi vous savez toujours quand recharger et combien de vie il reste.<\/p>\n<h3 data-start=\"3552\" data-end=\"3589\">Compact, Premium, Facile \u00e0 utiliser<\/h3>\n<p data-start=\"3590\" data-end=\"3766\">Pas de boutons, pas de configuration, pas de recharges.<br data-start=\"3623\" data-end=\"3626\" \/>ELFWORLD Plus est <strong data-start=\"3643\" data-end=\"3695\">pr\u00e9-charg\u00e9, activ\u00e9 par inhalation, et compact<\/strong>, avec une finition brillante haut de gamme qui est superbe en main et sur les \u00e9tag\u00e8res.<\/p>\n<p data-start=\"3799\" data-end=\"3985\">\n<p data-start=\"666\" data-end=\"1235\"><strong style=\"font-size: 16px;\"><span style=\"color: #ff0000;\">Ajoutez le WhatsApp d'Amy pour obtenir une r\u00e9ponse rapide et un prix r\u00e9duit !<\/span><\/strong><\/p>\n<p><img fetchpriority=\"high\" decoding=\"async\" class=\"size-full wp-image-2932\" src=\"https:\/\/vapestornado.com\/wp-content\/uploads\/2024\/12\/Vape-Wholesale.jpg\" alt=\"Vente en Gros de Vapes\" width=\"229\" height=\"300\" \/><\/p>\n<h3><a href=\"https:\/\/wa.me\/8617776015835\" target=\"_blank\" rel=\"noopener\"><span style=\"color: #ff0000;\"><strong>WhatsApp : +86 17776015835<\/strong><\/span><\/a><\/h3>\n<h2><\/h2>\n<h2 data-start=\"1258\" data-end=\"1303\">Principales caract\u00e9ristiques de ELFWORLD Plus 20000<\/h2>\n<table>\n<thead>\n<tr>\n<th>Param\u00e8tre<\/th>\n<th align=\"right\">Spec<\/th>\n<th>Explication humaine<\/th>\n<\/tr>\n<\/thead>\n<tbody>\n<tr>\n<td>Capacit\u00e9 de bouff\u00e9es<\/td>\n<td align=\"right\">20 000 bouff\u00e9es<\/td>\n<td>Dure beaucoup plus longtemps que les jetables standard ; moins de remplacements.<\/td>\n<\/tr>\n<tr>\n<td>Volume d'E-Liquide<\/td>\n<td align=\"right\">22ml pr\u00e9-rempli<\/td>\n<td>Grand r\u00e9servoir supportant de longues sessions sans rechargement.<\/td>\n<\/tr>\n<tr>\n<td>Capacit\u00e9 de la batterie<\/td>\n<td align=\"right\">Batterie rechargeable de 650 mAh<\/td>\n<td>Assez de puissance pour un grand nombre de bouff\u00e9es ; rechargez plut\u00f4t que de jeter pr\u00e9matur\u00e9ment.<\/td>\n<\/tr>\n<tr>\n<td>Port de chargement<\/td>\n<td align=\"right\">Type-C (c\u00e2ble non inclus)<\/td>\n<td>Standard de charge plus rapide et plus courant ; facile \u00e0 trouver un c\u00e2ble compatible.<\/td>\n<\/tr>\n<tr>\n<td>Affichage<\/td>\n<td align=\"right\">\u00c9cran d\u2019affichage HD<\/td>\n<td>Affiche clairement la batterie + le nombre de bouff\u00e9es pour que vous gardiez le contr\u00f4le.<\/td>\n<\/tr>\n<tr>\n<td>Modes de vapotage<\/td>\n<td align=\"right\">Normal \/ Boost<\/td>\n<td>Mode quotidien doux vs. mode de tir plus fort dans le m\u00eame appareil.<\/td>\n<\/tr>\n<tr>\n<td>Type de Bobine<\/td>\n<td align=\"right\">Bobines \u00e0 double mesh<\/td>\n<td>Chauffage plus uniforme = meilleure coh\u00e9rence de saveur et production de vapeur.<\/td>\n<\/tr>\n<tr>\n<td>Flux d'air<\/td>\n<td align=\"right\">R\u00e9glable<\/td>\n<td>Vous permet d'ajuster des tirages MTL serr\u00e9s ou un flux d'air plus ouvert selon votre pr\u00e9f\u00e9rence.<\/td>\n<\/tr>\n<tr>\n<td>Activation<\/td>\n<td align=\"right\">Activ\u00e9 par tirage<\/td>\n<td>Pas de boutons ; inhalez pour vapoter \u2014 facile pour les d\u00e9butants.<\/td>\n<\/tr>\n<tr>\n<td>Style de vapotage<\/td>\n<td align=\"right\">MTL (Bouche-\u00e0-Poumon)<\/td>\n<td>Se rapproche d'un tirage de cigarette ; id\u00e9al pour la satisfaction nicotinique.<\/td>\n<\/tr>\n<tr>\n<td>Design<\/td>\n<td align=\"right\">Finition compacte brillante<\/td>\n<td>Aspect haut de gamme tout en restant portable dans la poche.<\/td>\n<\/tr>\n<\/tbody>\n<\/table>\n<h2 class=\"product-title\"><strong>Liste des saveurs des dispositifs jetables ELFWORLD Plus 20000<\/strong><\/h2>\n<article class=\"w-full text-token-text-primary focus-visible:outline-2 focus-visible:outline-offset-[-4px]\" dir=\"auto\" data-testid=\"conversation-turn-32\" data-scroll-anchor=\"false\">\n<div class=\"m-auto text-base py-[18px] px-6\">\n<div class=\"mx-auto flex flex-1 text-base gap-4 md:gap-5 lg:gap-6 md:max-w-3xl lg:max-w-[40rem] xl:max-w-[48rem]\">\n<div class=\"group\/conversation-turn relative flex w-full min-w-0 flex-col @xs\/thread:px-0 @sm\/thread:px-1.5 @md\/thread:px-4\">\n<div class=\"flex-col gap-1 md:gap-3\">\n<div class=\"flex max-w-full flex-col flex-grow\">\n<div class=\"min-h-8 text-message flex w-full flex-col items-end gap-2 whitespace-normal break-words text-start [.text-message+&amp;]:mt-5\" dir=\"auto\" data-message-author-role=\"user\" data-message-id=\"ffac41ca-1db4-431b-873a-32c4052956f1\">\n<div class=\"flex w-full flex-col gap-1 empty:hidden items-end rtl:items-start\">\n<div class=\"relative max-w-[var(--user-chat-width,70%)] rounded-3xl bg-token-message-surface px-5 py-2.5\">\n<div class=\"absolute bottom-0 right-full top-0 -mr-3.5 hidden pr-5 pt-2 [.group\/conversation-turn:hover_&amp;]:flex\">\n<div class=\"flex\">\n<article class=\"w-full text-token-text-primary focus-visible:outline-2 focus-visible:outline-offset-[-4px]\" dir=\"auto\" data-testid=\"conversation-turn-39\" data-scroll-anchor=\"true\">\n<div class=\"m-auto text-base py-[18px] px-6\">\n<div class=\"mx-auto flex flex-1 text-base gap-4 md:gap-5 lg:gap-6 md:max-w-3xl lg:max-w-[40rem] xl:max-w-[48rem]\">\n<div class=\"group\/conversation-turn relative flex w-full min-w-0 flex-col agent-turn @xs\/thread:px-0 @sm\/thread:px-1.5 @md\/thread:px-4\">\n<div class=\"flex-col gap-1 md:gap-3\">\n<div class=\"flex max-w-full flex-col flex-grow\">\n<div class=\"min-h-8 text-message flex w-full flex-col items-end gap-2 whitespace-normal break-words text-start [.text-message+&amp;]:mt-5\" dir=\"auto\" data-message-author-role=\"assistant\" data-message-id=\"55a23854-ec57-48dd-bd4f-6118f43d6241\" data-message-model-slug=\"gpt-4o\">\n<div class=\"flex w-full flex-col gap-1 empty:hidden first:pt-[3px]\">\n<div class=\"markdown prose w-full break-words dark:prose-invert light\">\n<p class=\"\" data-start=\"2451\" data-end=\"2502\">1. Raisin Citron<br \/>\n2. Fcuking Fabuleux<br \/>\n3. Bombe Cerise<br \/>\n4. P\u00eache Glac\u00e9e Juteuse<br \/>\n5. D\u00e9lice de Baies<br \/>\n6. Framboise Bleue Glac\u00e9e<br \/>\n7. Melon Dragon<br \/>\n8. Myrtille Past\u00e8que<br \/>\n9. Limonade Rose<br \/>\n10. Mangue du Mexique<br \/>\n11. Banane Fraise<br \/>\n12. Past\u00e8que Glac\u00e9e<br \/>\n13. Bonbon G\u00e9lifi\u00e9 Blanc Glac\u00e9<br \/>\n14. Fraise Mangue<br \/>\n15. Menthe Miami<\/p>\n<\/div>\n<\/div>\n<\/div>\n<\/div>\n<\/div>\n<\/div>\n<\/div>\n<\/div>\n<\/article>\n<\/div>\n<\/div>\n<\/div>\n<\/div>\n<\/div>\n<\/div>\n<\/div>\n<\/div>\n<\/div>\n<\/div>\n<\/article>\n<h2>Pourquoi choisir Vapestornado pour ELFWORLD Plus 20k en gros ?<\/h2>\n<div class=\"flex-shrink-0 flex flex-col relative items-end\">\n<div class=\"pt-0\">\n<div class=\"gizmo-bot-avatar flex h-8 w-8 items-center justify-center overflow-hidden rounded-full\">\n<div class=\"relative p-1 rounded-sm flex items-center justify-center bg-token-main-surface-primary text-token-text-primary h-8 w-8\">\n<p>Chez Vapestornado, nous ne vendons pas seulement des vapes, nous offrons de la valeur, de la qualit\u00e9 et un service sur lesquels vous pouvez compter. En tant que fournisseur de gros de confiance de l'ELFWORLD Plus 20000<strong data-start=\"410\" data-end=\"449\">\u00a0Vape jetable<\/strong>, nous offrons <strong data-start=\"460\" data-end=\"488\">des prix de gros comp\u00e9titifs<\/strong>, vous assurant d'obtenir les <strong data-start=\"511\" data-end=\"537\">taux de gros les plus bas<\/strong> sans compromettre l'authenticit\u00e9 du produit. Notre \u00e9quipe s\u00e9lectionne uniquement des <strong data-start=\"608\" data-end=\"634\">produits originaux 100%<\/strong> avec une performance et une consistance de saveur garanties. Avec <strong data-start=\"692\" data-end=\"716\">une exp\u00e9dition mondiale rapide<\/strong>, un <strong data-start=\"730\" data-end=\"766\">gestionnaire de compte d\u00e9di\u00e9 pour les clients en gros<\/strong>, et des mises \u00e0 jour d'inventaire en temps r\u00e9el, votre entreprise reste en t\u00eate du march\u00e9. Que vous soyez un magasin de vape, un distributeur ou un vendeur en ligne, <strong data-start=\"901\" data-end=\"917\">Vapestornado<\/strong> est votre partenaire fiable pour <strong data-start=\"947\" data-end=\"994\">des produits \u00e0 forte demande comme Bang Box 50k Puff<\/strong>\u2014soutenu par un service professionnel et des offres imbattables.<\/p>\n<p data-start=\"559\" data-end=\"933\" data-is-last-node=\"\" data-is-only-node=\"\">Nous avons \u00e9galement d'autres vapes populaires avec \u00e9cran comme <a href=\"https:\/\/vapestornado.com\/fr\/product\/solaris-25000-puff-solar-charging-dispsoable-vape-kit-usa\/\">SOLARIS 25000 PUFF<\/a>, <a href=\"https:\/\/vapestornado.com\/fr\/product\/elfbar-planet-25000-wholesale-disposable-vape-kit-with-digital-screen\/\">ELF BAR Planet 25000<\/a>, <a href=\"https:\/\/vapestornado.com\/fr\/product\/elfworld-ai22000-22k-puff-disposable-vape-pen-kit-best-seller-in-poland\/\">Elf WORLD IA 22000<\/a>, et plus encore.<\/p>\n<\/div>\n<div class=\"relative p-1 rounded-sm flex items-center justify-center bg-token-main-surface-primary text-token-text-primary h-8 w-8\">\n<h2>FAQ<\/h2>\n<p data-start=\"1333\" data-end=\"1663\"><strong data-start=\"1333\" data-end=\"1424\">Q : \u00ab Je ne veux pas d'une cigarette \u00e9lectronique jetable qui meurt en quelques jours. Celle-ci durera-t-elle vraiment ? \u00bb<\/strong><br data-start=\"1424\" data-end=\"1427\" \/><strong data-start=\"1427\" data-end=\"1433\">A:<\/strong> Oui. ELFWORLD Plus est con\u00e7u pour une utilisation prolong\u00e9e avec <strong data-start=\"1483\" data-end=\"1505\">jusqu'\u00e0 20 000 bouff\u00e9es<\/strong> et une <strong data-start=\"1512\" data-end=\"1536\">R\u00e9servoir pr\u00e9-rempli de 22 ml<\/strong>. Pour la plupart des utilisateurs, cela se traduit par <strong data-start=\"1573\" data-end=\"1603\">des semaines de vapotage constant<\/strong>, et non des jours \u2014 surtout compar\u00e9 aux appareils de 5 000 \u00e0 10 000 bouff\u00e9es.<\/p>\n<p data-start=\"1665\" data-end=\"1920\"><strong data-start=\"1665\" data-end=\"1733\">Q : \u00ab Comment savoir quand la batterie ou le e-liquide sont presque \u00e9puis\u00e9s ? \u00bb<\/strong><br data-start=\"1733\" data-end=\"1736\" \/><strong data-start=\"1736\" data-end=\"1742\">A:<\/strong> Vous n'avez pas \u00e0 deviner. Le <strong data-start=\"1772\" data-end=\"1793\">\u00c9cran d\u2019affichage HD<\/strong> affiche votre <strong data-start=\"1805\" data-end=\"1850\">niveau de batterie et le nombre de bouff\u00e9es en temps r\u00e9el<\/strong>, pour que vous puissiez recharger \u00e0 l'avance plut\u00f4t que d'\u00eatre pris au d\u00e9pourvu en cours d'utilisation.<\/p>\n<p data-start=\"1922\" data-end=\"2233\"><strong data-start=\"1922\" data-end=\"2009\">Q : \u00ab Certains jetables \u00e0 haute capacit\u00e9 de bouff\u00e9es perdent leur saveur \u00e0 mi-parcours. Est-ce que cela arrivera ici ? \u00bb<\/strong><br data-start=\"2009\" data-end=\"2012\" \/><strong data-start=\"2012\" data-end=\"2018\">A:<\/strong> ELFWORLD Plus utilise <strong data-start=\"2038\" data-end=\"2067\">technologie de double bobine en maille<\/strong>, qui chauffe le e-liquide plus uniform\u00e9ment que les r\u00e9sistances standard. Combin\u00e9 avec <strong data-start=\"2137\" data-end=\"2159\">flux d\u2019air r\u00e9glable<\/strong>, il pr\u00e9serve la clart\u00e9 des saveurs et la douceur de la vapeur jusqu'\u00e0 la fin.<\/p>\n<p data-start=\"2235\" data-end=\"2510\"><strong data-start=\"2235\" data-end=\"2339\">Q : \u00ab Je veux une vape douce pour une utilisation quotidienne, mais parfois je veux une inhalation plus forte. Ai-je besoin de deux appareils ? \u00bb<\/strong><br data-start=\"2339\" data-end=\"2342\" \/><strong data-start=\"2342\" data-end=\"2348\">A:<\/strong> Non. ELFWORLD Plus offre <strong data-start=\"2374\" data-end=\"2389\">Mode Normal<\/strong> pour une inhalation plus douce et r\u00e9guli\u00e8re et <strong data-start=\"2420\" data-end=\"2434\">Mode Boost<\/strong> pour une inhalation plus intense avec plus de vapeur. Un seul appareil couvre les deux situations.<\/p>\n<p data-start=\"2512\" data-end=\"2765\"><strong data-start=\"2512\" data-end=\"2574\">Q : \u00ab Est-ce facile \u00e0 utiliser si je ne veux pas de boutons ou de r\u00e9glages ? \u00bb<\/strong><br data-start=\"2574\" data-end=\"2577\" \/><strong data-start=\"2577\" data-end=\"2583\">A:<\/strong> Totalement. Il est <strong data-start=\"2598\" data-end=\"2645\">activ\u00e9 par inhalation, pr\u00e9-charg\u00e9 et pr\u00e9-rempli<\/strong>\u2014 il suffit d'inhaler pour vapoter. Pas de remplissage, pas de changement de r\u00e9sistance, aucun r\u00e9glage n\u00e9cessaire au-del\u00e0 du choix du mode et du flux d'air que vous pr\u00e9f\u00e9rez.<\/p>\n<\/div>\n<\/div>\n<\/div>\n<\/div>","protected":false},"excerpt":{"rendered":"<p class=\"LC20lb MBeuO DKV0Md\">ELFWORLD Plus 20000 Digital Disposables Vape Prix Discount<br \/>\nELFWORLD Plus 20000 Puff Disposables Vape Box Prix de gros pas cher<br \/>\nMeilleur ELFWORLD Plus 20k Disposables Vapor Vente en gros en ligne<\/p>\n<p><strong>Ajoutez le WhatsApp d'Amy pour obtenir une r\u00e9ponse rapide et un prix r\u00e9duit !<\/strong><\/p>\n<p><img fetchpriority=\"high\" decoding=\"async\" class=\"size-full wp-image-2932\" src=\"https:\/\/vapestornado.com\/wp-content\/uploads\/2024\/12\/Vape-Wholesale.jpg\" alt=\"Vente en Gros de Vapes\" width=\"229\" height=\"300\" \/><\/p>\n<h3><a href=\"https:\/\/wa.me\/8617776015835\"><span style=\"color: #ff0000;\"><strong>WhatsApp : +86 17776015835<\/strong><\/span><\/a><\/h3>\n<p>&nbsp;<\/p>","protected":false},"featured_media":4135,"comment_status":"open","ping_status":"closed","template":"","meta":{"_acf_changed":false,"_uag_custom_page_level_css":"","_lmt_disableupdate":"no","_lmt_disable":"","_monsterinsights_skip_tracking":false,"_monsterinsights_sitenote_active":false,"_monsterinsights_sitenote_note":"","_monsterinsights_sitenote_category":0,"site-sidebar-layout":"default","site-content-layout":"","ast-site-content-layout":"default","site-content-style":"default","site-sidebar-style":"default","ast-global-header-display":"","ast-banner-title-visibility":"","ast-main-header-display":"","ast-hfb-above-header-display":"","ast-hfb-below-header-display":"","ast-hfb-mobile-header-display":"","site-post-title":"","ast-breadcrumbs-content":"","ast-featured-img":"","footer-sml-layout":"","ast-disable-related-posts":"","theme-transparent-header-meta":"default","adv-header-id-meta":"","stick-header-meta":"","header-above-stick-meta":"","header-main-stick-meta":"","header-below-stick-meta":"","astra-migrate-meta-layouts":"set","ast-page-background-enabled":"default","ast-page-background-meta":{"desktop":{"background-color":"","background-image":"","background-repeat":"repeat","background-position":"center center","background-size":"auto","background-attachment":"scroll","background-type":"","background-media":"","overlay-type":"","overlay-color":"","overlay-opacity":"","overlay-gradient":""},"tablet":{"background-color":"","background-image":"","background-repeat":"repeat","background-position":"center center","background-size":"auto","background-attachment":"scroll","background-type":"","background-media":"","overlay-type":"","overlay-color":"","overlay-opacity":"","overlay-gradient":""},"mobile":{"background-color":"","background-image":"","background-repeat":"repeat","background-position":"center center","background-size":"auto","background-attachment":"scroll","background-type":"","background-media":"","overlay-type":"","overlay-color":"","overlay-opacity":"","overlay-gradient":""}},"ast-content-background-meta":{"desktop":{"background-color":"var(--ast-global-color-5)","background-image":"","background-repeat":"repeat","background-position":"center center","background-size":"auto","background-attachment":"scroll","background-type":"","background-media":"","overlay-type":"","overlay-color":"","overlay-opacity":"","overlay-gradient":""},"tablet":{"background-color":"var(--ast-global-color-5)","background-image":"","background-repeat":"repeat","background-position":"center center","background-size":"auto","background-attachment":"scroll","background-type":"","background-media":"","overlay-type":"","overlay-color":"","overlay-opacity":"","overlay-gradient":""},"mobile":{"background-color":"var(--ast-global-color-5)","background-image":"","background-repeat":"repeat","background-position":"center center","background-size":"auto","background-attachment":"scroll","background-type":"","background-media":"","overlay-type":"","overlay-color":"","overlay-opacity":"","overlay-gradient":""}},"_joinchat":{"telephone":"17776015835"}},"product_brand":[],"product_cat":[69,149,151,142,146],"product_tag":[105,195,336,337,338],"class_list":{"0":"post-4140","1":"product","2":"type-product","3":"status-publish","4":"has-post-thumbnail","6":"product_cat-20000-puff","7":"product_cat-buy-disposable-vapes-in-austria","8":"product_cat-buy-disposable-vapes-in-france","9":"product_cat-digital-box-disposable-vapes","10":"product_cat-rechargeable-disposable-vapes","11":"product_tag-digital-disposable-vape","12":"product_tag-dual-flavor-disposable-vape","13":"product_tag-elfworld-plus-20000","14":"product_tag-elfworld-plus-20k","15":"product_tag-elfworld-vape","16":"desktop-align-left","17":"tablet-align-left","18":"mobile-align-left","20":"first","21":"instock","22":"sale","23":"shipping-taxable","24":"purchasable","25":"product-type-simple"},"acf":[],"uagb_featured_image_src":{"full":["https:\/\/vapestornado.com\/wp-content\/uploads\/2025\/04\/ELFWORLD-Plus-20kPuff-Disposable-Vape-Wholesale.webp",800,800,false],"thumbnail":["https:\/\/vapestornado.com\/wp-content\/uploads\/2025\/04\/ELFWORLD-Plus-20kPuff-Disposable-Vape-Wholesale-150x150.webp",150,150,true],"medium":["https:\/\/vapestornado.com\/wp-content\/uploads\/2025\/04\/ELFWORLD-Plus-20kPuff-Disposable-Vape-Wholesale-300x300.webp",300,300,true],"medium_large":["https:\/\/vapestornado.com\/wp-content\/uploads\/2025\/04\/ELFWORLD-Plus-20kPuff-Disposable-Vape-Wholesale-768x768.webp",768,768,true],"large":["https:\/\/vapestornado.com\/wp-content\/uploads\/2025\/04\/ELFWORLD-Plus-20kPuff-Disposable-Vape-Wholesale.webp",800,800,false],"1536x1536":["https:\/\/vapestornado.com\/wp-content\/uploads\/2025\/04\/ELFWORLD-Plus-20kPuff-Disposable-Vape-Wholesale.webp",800,800,false],"2048x2048":["https:\/\/vapestornado.com\/wp-content\/uploads\/2025\/04\/ELFWORLD-Plus-20kPuff-Disposable-Vape-Wholesale.webp",800,800,false],"trp-custom-language-flag":["https:\/\/vapestornado.com\/wp-content\/uploads\/2025\/04\/ELFWORLD-Plus-20kPuff-Disposable-Vape-Wholesale.webp",12,12,false],"woocommerce_thumbnail":["https:\/\/vapestornado.com\/wp-content\/uploads\/2025\/04\/ELFWORLD-Plus-20kPuff-Disposable-Vape-Wholesale-300x300.webp",300,300,true],"woocommerce_single":["https:\/\/vapestornado.com\/wp-content\/uploads\/2025\/04\/ELFWORLD-Plus-20kPuff-Disposable-Vape-Wholesale-600x600.webp",600,600,true],"woocommerce_gallery_thumbnail":["https:\/\/vapestornado.com\/wp-content\/uploads\/2025\/04\/ELFWORLD-Plus-20kPuff-Disposable-Vape-Wholesale-100x100.webp",100,100,true]},"uagb_author_info":{"display_name":"ESAMY","author_link":"https:\/\/vapestornado.com\/fr\/author\/"},"uagb_comment_info":0,"uagb_excerpt":"ELFWORLD Plus 20000 Digital Disposables Vape Discount Price ELFWORLD Plus 20000 Puff Disposables Vape Box Wholesale Cheap Price Best ELFWORLD Plus 20k Disposables Vapor Wholesale Online Add Amy's whatsapp to get right reply and discount price! WhatsApp: +86 17776015835 &nbsp;","_links":{"self":[{"href":"https:\/\/vapestornado.com\/fr\/wp-json\/wp\/v2\/product\/4140","targetHints":{"allow":["GET"]}}],"collection":[{"href":"https:\/\/vapestornado.com\/fr\/wp-json\/wp\/v2\/product"}],"about":[{"href":"https:\/\/vapestornado.com\/fr\/wp-json\/wp\/v2\/types\/product"}],"replies":[{"embeddable":true,"href":"https:\/\/vapestornado.com\/fr\/wp-json\/wp\/v2\/comments?post=4140"}],"wp:featuredmedia":[{"embeddable":true,"href":"https:\/\/vapestornado.com\/fr\/wp-json\/wp\/v2\/media\/4135"}],"wp:attachment":[{"href":"https:\/\/vapestornado.com\/fr\/wp-json\/wp\/v2\/media?parent=4140"}],"wp:term":[{"taxonomy":"product_brand","embeddable":true,"href":"https:\/\/vapestornado.com\/fr\/wp-json\/wp\/v2\/product_brand?post=4140"},{"taxonomy":"product_cat","embeddable":true,"href":"https:\/\/vapestornado.com\/fr\/wp-json\/wp\/v2\/product_cat?post=4140"},{"taxonomy":"product_tag","embeddable":true,"href":"https:\/\/vapestornado.com\/fr\/wp-json\/wp\/v2\/product_tag?post=4140"}],"curies":[{"name":"wp","href":"https:\/\/api.w.org\/{rel}","templated":true}]}}