{"id":4126,"date":"2025-04-14T03:07:08","date_gmt":"2025-04-14T03:07:08","guid":{"rendered":"https:\/\/vapestornado.com\/?post_type=product&#038;p=4126"},"modified":"2025-12-05T06:58:11","modified_gmt":"2025-12-05T06:58:11","slug":"bang-box-50000-puff-50k-disposables-vape-pod-double-flavour","status":"publish","type":"product","link":"https:\/\/vapestornado.com\/fr\/product\/bang-box-50000-puff-50k-disposables-vape-pod-double-flavour\/","title":{"rendered":"Bang Box 50000 Bouff\u00e9es 50k Vape Jetable Pod Double Saveur"},"content":{"rendered":"<h2 data-pm-slice=\"1 1 []\">Bang Box 50000 Bouff\u00e9es 50k Vape Jetable Pod Double Saveur<\/h2>\n<p data-start=\"1203\" data-end=\"1522\">Bang Box 50000 Puff int\u00e8gre un r\u00e9servoir double saveur de 45 ml, une batterie rechargeable Type-C de 850mAh, une coil en mesh et un \u00e9cran intelligent dans un seul appareil con\u00e7u pour offrir jusqu'\u00e0 50 000 bouff\u00e9es sans remplacements fr\u00e9quents.<\/p>\n<p data-start=\"568\" data-end=\"863\"><strong data-start=\"568\" data-end=\"608\">Jusqu'\u00e0 50 000 bouff\u00e9es avec un r\u00e9servoir de 45 ml :<\/strong><br data-start=\"608\" data-end=\"611\" \/>Bang Box 50k est con\u00e7u pour une utilisation quotidienne prolong\u00e9e. Le <strong data-start=\"656\" data-end=\"684\">r\u00e9servoir pr\u00e9-rempli de 45 ml<\/strong> supporte la <strong data-start=\"698\" data-end=\"720\">capacit\u00e9 de 50 000 bouff\u00e9es<\/strong>, permettant aux utilisateurs de changer d'appareil beaucoup moins souvent compar\u00e9 aux disposables de 10k \u00e0 20k. Cela permet \u00e9galement de maintenir un co\u00fbt par bouff\u00e9e plus stable dans le temps.<\/p>\n<p data-start=\"865\" data-end=\"1176\"><strong data-start=\"865\" data-end=\"916\">Syst\u00e8me Vape double saveur pour un changement instantan\u00e9 :<\/strong><br data-start=\"916\" data-end=\"919\" \/>Deux profils de saveur sont int\u00e9gr\u00e9s dans un seul appareil. La <strong data-start=\"970\" data-end=\"991\">configuration double saveur<\/strong> permet aux utilisateurs de changer de go\u00fbt quand ils le souhaitent, sans avoir \u00e0 transporter un deuxi\u00e8me vape ou attendre un rechargement. Pratique pour ceux qui alternent entre saveurs sucr\u00e9es et glac\u00e9es tout au long de la journ\u00e9e.<\/p>\n<p data-start=\"1178\" data-end=\"1456\"><strong data-start=\"1178\" data-end=\"1220\">Coil en mesh pour une vapeur et une saveur stables :<\/strong><br data-start=\"1220\" data-end=\"1223\" \/>Le Bang Box 50000 puff utilise <strong data-start=\"1237\" data-end=\"1261\">technologie de bobine de maille<\/strong> pour chauffer uniform\u00e9ment le e-liquide. Cela aide \u00e0 \u00e9viter les sensations de s\u00e9cheresse d\u00e9sagr\u00e9ables et maintient une production de vapeur fluide sur un grand r\u00e9servoir \u2014 important dans les appareils \u00e0 haute capacit\u00e9 o\u00f9 la perte de saveur peut appara\u00eetre tard dans la dur\u00e9e de vie.<\/p>\n<p data-start=\"1458\" data-end=\"1707\"><strong data-start=\"1458\" data-end=\"1507\">Affichage num\u00e9rique intelligent pour un suivi en temps r\u00e9el:<\/strong><br data-start=\"1507\" data-end=\"1510\" \/>L' <strong data-start=\"1514\" data-end=\"1530\">\u00e0 \u00e9cran intelligent<\/strong> indique <strong data-start=\"1537\" data-end=\"1573\">niveau de batterie et niveau de e-liquide<\/strong> au fur et \u00e0 mesure que vous vapotez. Cela \u00e9limine les suppositions, permettant aux utilisateurs de recharger avant que la puissance ne baisse et d\u2019\u00e9viter les coups secs inattendus pr\u00e8s de la fin du r\u00e9servoir.<\/p>\n<p data-start=\"1709\" data-end=\"1964\"><strong data-start=\"1709\" data-end=\"1748\">Batterie rechargeable Type-C de 850mAh :<\/strong><br data-start=\"1748\" data-end=\"1751\" \/>L' <strong data-start=\"1755\" data-end=\"1773\">Batterie de 850 mAh<\/strong> est con\u00e7ue pour un grand r\u00e9servoir et un nombre \u00e9lev\u00e9 de bouff\u00e9es. Avec <strong data-start=\"1824\" data-end=\"1852\">charge rapide USB Type-C<\/strong>, le temps d\u2019arr\u00eat reste court et les utilisateurs peuvent finir toute la r\u00e9serve de liquide au lieu de la jeter pr\u00e9matur\u00e9ment en raison d\u2019une faible puissance.<\/p>\n<p data-start=\"666\" data-end=\"1235\"><strong style=\"font-size: 16px;\"><span style=\"color: #ff0000;\">Ajoutez le WhatsApp d'Amy pour obtenir une r\u00e9ponse rapide et un prix r\u00e9duit !<\/span><\/strong><\/p>\n<p><img fetchpriority=\"high\" decoding=\"async\" class=\"size-full wp-image-2932\" src=\"https:\/\/vapestornado.com\/wp-content\/uploads\/2024\/12\/Vape-Wholesale.jpg\" alt=\"Vente en Gros de Vapes\" width=\"229\" height=\"300\" \/><\/p>\n<h3><a href=\"https:\/\/wa.me\/8617776015835\" target=\"_blank\" rel=\"noopener\"><span style=\"color: #ff0000;\"><strong>WhatsApp : +86 17776015835<\/strong><\/span><\/a><\/h3>\n<h2><\/h2>\n<h2 data-start=\"1258\" data-end=\"1303\"><strong data-start=\"1265\" data-end=\"1303\">Pourquoi le Bang Box 50k est un incontournable<\/strong><\/h2>\n<table>\n<thead>\n<tr>\n<th>Fonction \/ Param\u00e8tre<\/th>\n<th align=\"right\">Spec<\/th>\n<th>Explication<\/th>\n<\/tr>\n<\/thead>\n<tbody>\n<tr>\n<td>Nom du produit<\/td>\n<td align=\"right\">Bang Box 50000 Bouff\u00e9es Vape Jetable<\/td>\n<td>Nomination claire du mod\u00e8le pour les commandes r\u00e9p\u00e9t\u00e9es et la recherche.<\/td>\n<\/tr>\n<tr>\n<td>Capacit\u00e9 de bouff\u00e9es<\/td>\n<td align=\"right\">Jusqu\u2019\u00e0 50 000 bouff\u00e9es<\/td>\n<td>Jetable \u00e0 haute capacit\u00e9 ; moins de remplacements.<\/td>\n<\/tr>\n<tr>\n<td>Volume d'E-Liquide<\/td>\n<td align=\"right\">45ml pr\u00e9-rempli<\/td>\n<td>Grand r\u00e9servoir supportant de longues sessions sans rechargement.<\/td>\n<\/tr>\n<tr>\n<td>Syst\u00e8me de saveur<\/td>\n<td align=\"right\">Vape \u00e0 Double Saveur<\/td>\n<td>Deux saveurs dans un seul appareil ; changez \u00e0 tout moment.<\/td>\n<\/tr>\n<tr>\n<td>Type de Bobine<\/td>\n<td align=\"right\">Bobine en maille<\/td>\n<td>Chauffage uniforme = inhalations plus douces et saveur plus stable.<\/td>\n<\/tr>\n<tr>\n<td>Batterie<\/td>\n<td align=\"right\">Rechargeable 850mAh<\/td>\n<td>Rechargez pour utiliser tout le e-liquide au lieu de gaspiller des bouff\u00e9es.<\/td>\n<\/tr>\n<tr>\n<td>Chargement<\/td>\n<td align=\"right\">USB Type-C<\/td>\n<td>Norme de charge rapide courante ; acc\u00e8s facile au c\u00e2ble.<\/td>\n<\/tr>\n<tr>\n<td>Affichage<\/td>\n<td align=\"right\">\u00c9cran num\u00e9rique intelligent<\/td>\n<td>Affiche en temps r\u00e9el le niveau de batterie + de e-liquide.<\/td>\n<\/tr>\n<tr>\n<td>Utilisateurs cibles<\/td>\n<td align=\"right\">Vapoteurs occasionnels \u00e0 intensifs<\/td>\n<td>Grande capacit\u00e9 avec fonctionnement simple adapt\u00e9e \u00e0 tous les groupes.<\/td>\n<\/tr>\n<tr>\n<td>Adaptation au march\u00e9<\/td>\n<td align=\"right\">D\u00e9tail et gros en Europe<\/td>\n<td>Nombre \u00e9lev\u00e9 de bouff\u00e9es + double saveur favorise les achats r\u00e9p\u00e9t\u00e9s.<\/td>\n<\/tr>\n<\/tbody>\n<\/table>\n<h2 class=\"product-title\"><strong>Revue des Saveurs des Bang Box 50000 Bouff\u00e9es Jetables<\/strong><\/h2>\n<article class=\"w-full text-token-text-primary focus-visible:outline-2 focus-visible:outline-offset-[-4px]\" dir=\"auto\" data-testid=\"conversation-turn-32\" data-scroll-anchor=\"false\">\n<div class=\"m-auto text-base py-[18px] px-6\">\n<div class=\"mx-auto flex flex-1 text-base gap-4 md:gap-5 lg:gap-6 md:max-w-3xl lg:max-w-[40rem] xl:max-w-[48rem]\">\n<div class=\"group\/conversation-turn relative flex w-full min-w-0 flex-col @xs\/thread:px-0 @sm\/thread:px-1.5 @md\/thread:px-4\">\n<div class=\"flex-col gap-1 md:gap-3\">\n<div class=\"flex max-w-full flex-col flex-grow\">\n<div class=\"min-h-8 text-message flex w-full flex-col items-end gap-2 whitespace-normal break-words text-start [.text-message+&amp;]:mt-5\" dir=\"auto\" data-message-author-role=\"user\" data-message-id=\"ffac41ca-1db4-431b-873a-32c4052956f1\">\n<div class=\"flex w-full flex-col gap-1 empty:hidden items-end rtl:items-start\">\n<div class=\"relative max-w-[var(--user-chat-width,70%)] rounded-3xl bg-token-message-surface px-5 py-2.5\">\n<div class=\"absolute bottom-0 right-full top-0 -mr-3.5 hidden pr-5 pt-2 [.group\/conversation-turn:hover_&amp;]:flex\">\n<div class=\"flex\">\n<article class=\"w-full text-token-text-primary focus-visible:outline-2 focus-visible:outline-offset-[-4px]\" dir=\"auto\" data-testid=\"conversation-turn-39\" data-scroll-anchor=\"true\">\n<div class=\"m-auto text-base py-[18px] px-6\">\n<div class=\"mx-auto flex flex-1 text-base gap-4 md:gap-5 lg:gap-6 md:max-w-3xl lg:max-w-[40rem] xl:max-w-[48rem]\">\n<div class=\"group\/conversation-turn relative flex w-full min-w-0 flex-col agent-turn @xs\/thread:px-0 @sm\/thread:px-1.5 @md\/thread:px-4\">\n<div class=\"flex-col gap-1 md:gap-3\">\n<div class=\"flex max-w-full flex-col flex-grow\">\n<div class=\"min-h-8 text-message flex w-full flex-col items-end gap-2 whitespace-normal break-words text-start [.text-message+&amp;]:mt-5\" dir=\"auto\" data-message-author-role=\"assistant\" data-message-id=\"55a23854-ec57-48dd-bd4f-6118f43d6241\" data-message-model-slug=\"gpt-4o\">\n<div class=\"flex w-full flex-col gap-1 empty:hidden first:pt-[3px]\">\n<div class=\"markdown prose w-full break-words dark:prose-invert light\">\n<p class=\"\" data-start=\"2451\" data-end=\"2502\">1. Fraise Kiwi<br \/>\n2. Chewing-gum Past\u00e8que<br \/>\n3. Ananas Mangue P\u00eache<br \/>\n4. Red Bull<br \/>\n5. Jus de P\u00eache<br \/>\n6. Pomme Poire<br \/>\n7. Glace \u00e0 la Myrtille<br \/>\n8. Black Dragon Ice<br \/>\n9. Blueberry Sour Raspberry Ice<br \/>\n10. Strawberry Raspberry Candy<br \/>\n11. Blue Razz Ice<br \/>\n12. Strawberry Ice<\/p>\n<figure id=\"attachment_4121\" aria-describedby=\"caption-attachment-4121\" style=\"width: 851px\" class=\"wp-caption alignnone\"><img decoding=\"async\" class=\"wp-image-4121 size-full\" src=\"https:\/\/vapestornado.com\/wp-content\/uploads\/2025\/04\/Bang-Box-50000-Puff-50k-Vape.webp\" alt=\"Bang Box 50000 Bouff\u00e9es 50k Vape\" width=\"851\" height=\"851\" srcset=\"https:\/\/vapestornado.com\/wp-content\/uploads\/2025\/04\/Bang-Box-50000-Puff-50k-Vape.webp 851w, https:\/\/vapestornado.com\/wp-content\/uploads\/2025\/04\/Bang-Box-50000-Puff-50k-Vape-300x300.webp 300w, https:\/\/vapestornado.com\/wp-content\/uploads\/2025\/04\/Bang-Box-50000-Puff-50k-Vape-150x150.webp 150w, https:\/\/vapestornado.com\/wp-content\/uploads\/2025\/04\/Bang-Box-50000-Puff-50k-Vape-768x768.webp 768w, https:\/\/vapestornado.com\/wp-content\/uploads\/2025\/04\/Bang-Box-50000-Puff-50k-Vape-600x600.webp 600w, https:\/\/vapestornado.com\/wp-content\/uploads\/2025\/04\/Bang-Box-50000-Puff-50k-Vape-100x100.webp 100w\" sizes=\"(max-width: 851px) 100vw, 851px\" \/><figcaption id=\"caption-attachment-4121\" class=\"wp-caption-text\">Bang Box 50000 Bouff\u00e9es 50k Vape<\/figcaption><\/figure>\n<\/div>\n<\/div>\n<\/div>\n<\/div>\n<\/div>\n<\/div>\n<\/div>\n<\/div>\n<\/article>\n<\/div>\n<\/div>\n<\/div>\n<\/div>\n<\/div>\n<\/div>\n<\/div>\n<\/div>\n<\/div>\n<\/div>\n<\/article>\n<h2>Pourquoi choisir Vapestornado pour l'achat en gros de Bang Box 50000 Bouff\u00e9es ?<\/h2>\n<div class=\"flex-shrink-0 flex flex-col relative items-end\">\n<div class=\"pt-0\">\n<div class=\"gizmo-bot-avatar flex h-8 w-8 items-center justify-center overflow-hidden rounded-full\">\n<div class=\"relative p-1 rounded-sm flex items-center justify-center bg-token-main-surface-primary text-token-text-primary h-8 w-8\">\n<p>Chez Vapestornado, nous ne vendons pas seulement des vapes, nous offrons de la valeur, de la qualit\u00e9 et un service sur lesquels vous pouvez compter. En tant que fournisseur de gros de confiance du <strong data-start=\"410\" data-end=\"449\">Bang Box 50000 Bouff\u00e9es Vape Jetable<\/strong>, nous offrons <strong data-start=\"460\" data-end=\"488\">des prix de gros comp\u00e9titifs<\/strong>, vous assurant d'obtenir les <strong data-start=\"511\" data-end=\"537\">taux de gros les plus bas<\/strong> sans compromettre l'authenticit\u00e9 du produit. Notre \u00e9quipe s\u00e9lectionne uniquement des <strong data-start=\"608\" data-end=\"634\">produits originaux 100%<\/strong> avec une performance et une consistance de saveur garanties. Avec <strong data-start=\"692\" data-end=\"716\">une exp\u00e9dition mondiale rapide<\/strong>, un <strong data-start=\"730\" data-end=\"766\">gestionnaire de compte d\u00e9di\u00e9 pour les clients en gros<\/strong>, et des mises \u00e0 jour d'inventaire en temps r\u00e9el, votre entreprise reste en t\u00eate du march\u00e9. Que vous soyez un magasin de vape, un distributeur ou un vendeur en ligne, <strong data-start=\"901\" data-end=\"917\">Vapestornado<\/strong> est votre partenaire fiable pour <strong data-start=\"947\" data-end=\"994\">des produits \u00e0 forte demande comme Bang Box 50k Puff<\/strong>\u2014soutenu par un service professionnel et des offres imbattables.<\/p>\n<p data-start=\"559\" data-end=\"933\" data-is-last-node=\"\" data-is-only-node=\"\">Nous avons \u00e9galement d'autres vapes populaires avec \u00e9cran comme <a href=\"https:\/\/vapestornado.com\/fr\/product\/solaris-25000-puff-solar-charging-dispsoable-vape-kit-usa\/\">SOLARIS 25000 PUFF<\/a>, <a href=\"https:\/\/vapestornado.com\/fr\/product\/elfbar-planet-25000-wholesale-disposable-vape-kit-with-digital-screen\/\">ELF BAR Planet 25000<\/a>, <a href=\"https:\/\/vapestornado.com\/fr\/product\/elfworld-ai22000-22k-puff-disposable-vape-pen-kit-best-seller-in-poland\/\">Elf WORLD IA 22000<\/a>, et plus encore.<\/p>\n<\/div>\n<div class=\"relative p-1 rounded-sm flex items-center justify-center bg-token-main-surface-primary text-token-text-primary h-8 w-8\">\n<h2>FAQ<\/h2>\n<p data-start=\"3043\" data-end=\"3258\"><strong data-start=\"3043\" data-end=\"3118\">1. Les disposables ont-ils besoin d'un chargeur sp\u00e9cial pour le Bang Box 50000 Puff ?<\/strong><br data-start=\"3118\" data-end=\"3121\" \/>Non. Le <strong data-start=\"3129\" data-end=\"3168\">Bang Box 50000 Bouff\u00e9es Vape Jetable<\/strong> utilisations <strong data-start=\"3174\" data-end=\"3188\">USB Type-C<\/strong>, donc tout c\u00e2ble Type-C standard et un adaptateur secteur USB s\u00e9curis\u00e9 fonctionneront.<\/p>\n<p data-start=\"3260\" data-end=\"3561\"><strong data-start=\"3260\" data-end=\"3350\">2. Quel disposable dure r\u00e9ellement le plus longtemps : Bang Box 50000 Puff ou appareil Bang box 30k ?<\/strong><br data-start=\"3350\" data-end=\"3353\" \/>Dans une utilisation quotidienne, le <strong data-start=\"3374\" data-end=\"3397\">Bang Box 50000 Bouff\u00e9es<\/strong> dure g\u00e9n\u00e9ralement plus longtemps car il combine <strong data-start=\"3441\" data-end=\"3500\">50 000 bouff\u00e9es, 45 ml de e-liquide, et une batterie rechargeable<\/strong>, tandis que la plupart des mod\u00e8les 30k contiennent moins de liquide et s'\u00e9puisent plus rapidement.<\/p>\n<p data-start=\"3563\" data-end=\"3814\"><strong data-start=\"3563\" data-end=\"3627\">3. Le syst\u00e8me \u00e0 double saveur du Bang Box 50000 Puff en vaut-il la peine ?<\/strong><br data-start=\"3627\" data-end=\"3630\" \/>Oui si la vari\u00e9t\u00e9 de saveurs est importante. Le <strong data-start=\"3665\" data-end=\"3705\">format vape \u00e0 double saveur du Bang Box 50000 Puff<\/strong> offre deux profils dans un seul corps, donc changer de go\u00fbt est imm\u00e9diat et ne n\u00e9cessite pas un second appareil.<\/p>\n<p data-start=\"3816\" data-end=\"4050\"><strong data-start=\"3816\" data-end=\"3886\">4. Le Bang Box 50000 Puff maintient-il la saveur forte jusqu'\u00e0 la fin ?<\/strong><br data-start=\"3886\" data-end=\"3889\" \/>L' <strong data-start=\"3893\" data-end=\"3906\">bobine en maille<\/strong> aide \u00e0 maintenir une chauffe uniforme sur un grand r\u00e9servoir, r\u00e9duisant la chute de saveur en fin de vie et les coups de s\u00e8che qui peuvent survenir dans les disposables \u00e0 haute capacit\u00e9.<\/p>\n<p data-start=\"4052\" data-end=\"4308\"><strong data-start=\"4052\" data-end=\"4122\">5. Puis-je emporter un vape jetable Bang Box 50000 Puff en avion ?<\/strong><br data-start=\"4122\" data-end=\"4125\" \/>La plupart des compagnies a\u00e9riennes autorisent les produits jetables <strong data-start=\"4157\" data-end=\"4185\">en bagage \u00e0 main uniquement<\/strong>, pas dans les bagages enregistr\u00e9s, car ils contiennent des batteries. Gardez-les <strong data-start=\"4246\" data-end=\"4269\">Bang Box 50000 Bouff\u00e9es<\/strong> scell\u00e9s et respectez les r\u00e8gles de la compagnie a\u00e9rienne\/locales.<\/p>\n<\/div>\n<\/div>\n<\/div>\n<\/div>","protected":false},"excerpt":{"rendered":"<p class=\"LC20lb MBeuO DKV0Md\">Bang Box 50000 Puff Vape Jetable avec r\u00e9servoir double saveur de 45 ml<br \/>\nBang Box 50000 Puff Vape Double Saveur avec affichage num\u00e9rique intelligent<br \/>\nBang Box 50k Dispositif jetable rechargeable avec coil en mesh et port Type-C<\/p>\n<p><strong>Ajoutez le WhatsApp d'Amy pour obtenir une r\u00e9ponse rapide et un prix r\u00e9duit !<\/strong><\/p>\n<p><img fetchpriority=\"high\" decoding=\"async\" class=\"size-full wp-image-2932\" src=\"https:\/\/vapestornado.com\/wp-content\/uploads\/2024\/12\/Vape-Wholesale.jpg\" alt=\"Vente en Gros de Vapes\" width=\"229\" height=\"300\" \/><\/p>\n<h3><a href=\"https:\/\/wa.me\/8617776015835\"><span style=\"color: #ff0000;\"><strong>WhatsApp : +86 17776015835<\/strong><\/span><\/a><\/h3>\n<p>&nbsp;<\/p>","protected":false},"featured_media":4122,"comment_status":"open","ping_status":"closed","template":"","meta":{"_acf_changed":false,"_uag_custom_page_level_css":"","_lmt_disableupdate":"no","_lmt_disable":"","_monsterinsights_skip_tracking":false,"_monsterinsights_sitenote_active":false,"_monsterinsights_sitenote_note":"","_monsterinsights_sitenote_category":0,"site-sidebar-layout":"default","site-content-layout":"","ast-site-content-layout":"default","site-content-style":"default","site-sidebar-style":"default","ast-global-header-display":"","ast-banner-title-visibility":"","ast-main-header-display":"","ast-hfb-above-header-display":"","ast-hfb-below-header-display":"","ast-hfb-mobile-header-display":"","site-post-title":"","ast-breadcrumbs-content":"","ast-featured-img":"","footer-sml-layout":"","ast-disable-related-posts":"","theme-transparent-header-meta":"default","adv-header-id-meta":"","stick-header-meta":"","header-above-stick-meta":"","header-main-stick-meta":"","header-below-stick-meta":"","astra-migrate-meta-layouts":"set","ast-page-background-enabled":"default","ast-page-background-meta":{"desktop":{"background-color":"","background-image":"","background-repeat":"repeat","background-position":"center center","background-size":"auto","background-attachment":"scroll","background-type":"","background-media":"","overlay-type":"","overlay-color":"","overlay-opacity":"","overlay-gradient":""},"tablet":{"background-color":"","background-image":"","background-repeat":"repeat","background-position":"center center","background-size":"auto","background-attachment":"scroll","background-type":"","background-media":"","overlay-type":"","overlay-color":"","overlay-opacity":"","overlay-gradient":""},"mobile":{"background-color":"","background-image":"","background-repeat":"repeat","background-position":"center center","background-size":"auto","background-attachment":"scroll","background-type":"","background-media":"","overlay-type":"","overlay-color":"","overlay-opacity":"","overlay-gradient":""}},"ast-content-background-meta":{"desktop":{"background-color":"var(--ast-global-color-5)","background-image":"","background-repeat":"repeat","background-position":"center center","background-size":"auto","background-attachment":"scroll","background-type":"","background-media":"","overlay-type":"","overlay-color":"","overlay-opacity":"","overlay-gradient":""},"tablet":{"background-color":"var(--ast-global-color-5)","background-image":"","background-repeat":"repeat","background-position":"center center","background-size":"auto","background-attachment":"scroll","background-type":"","background-media":"","overlay-type":"","overlay-color":"","overlay-opacity":"","overlay-gradient":""},"mobile":{"background-color":"var(--ast-global-color-5)","background-image":"","background-repeat":"repeat","background-position":"center center","background-size":"auto","background-attachment":"scroll","background-type":"","background-media":"","overlay-type":"","overlay-color":"","overlay-opacity":"","overlay-gradient":""}},"_joinchat":{"telephone":"17776015835"}},"product_brand":[],"product_cat":[192,64,150,151,142,146],"product_tag":[332,333,474,105,195,189],"class_list":{"0":"post-4126","1":"product","2":"type-product","3":"status-publish","4":"has-post-thumbnail","6":"product_cat-50000-puff","7":"product_cat-bangbox-vape","8":"product_cat-buy-disposable-vapes-in-belgium","9":"product_cat-buy-disposable-vapes-in-france","10":"product_cat-digital-box-disposable-vapes","11":"product_cat-rechargeable-disposable-vapes","12":"product_tag-bang-box-50000","13":"product_tag-bang-box-50k","14":"product_tag-bang-hot-sale-vape","15":"product_tag-digital-disposable-vape","16":"product_tag-dual-flavor-disposable-vape","17":"product_tag-puff-50k","18":"desktop-align-left","19":"tablet-align-left","20":"mobile-align-left","22":"first","23":"instock","24":"sale","25":"shipping-taxable","26":"purchasable","27":"product-type-simple"},"acf":[],"uagb_featured_image_src":{"full":["https:\/\/vapestornado.com\/wp-content\/uploads\/2025\/04\/Bang-Box-50000-Puff-Best-Double-Flavor-Vape-scaled.webp",2560,2560,false],"thumbnail":["https:\/\/vapestornado.com\/wp-content\/uploads\/2025\/04\/Bang-Box-50000-Puff-Best-Double-Flavor-Vape-150x150.webp",150,150,true],"medium":["https:\/\/vapestornado.com\/wp-content\/uploads\/2025\/04\/Bang-Box-50000-Puff-Best-Double-Flavor-Vape-300x300.webp",300,300,true],"medium_large":["https:\/\/vapestornado.com\/wp-content\/uploads\/2025\/04\/Bang-Box-50000-Puff-Best-Double-Flavor-Vape-768x768.webp",768,768,true],"large":["https:\/\/vapestornado.com\/wp-content\/uploads\/2025\/04\/Bang-Box-50000-Puff-Best-Double-Flavor-Vape-1024x1024.webp",1024,1024,true],"1536x1536":["https:\/\/vapestornado.com\/wp-content\/uploads\/2025\/04\/Bang-Box-50000-Puff-Best-Double-Flavor-Vape-1536x1536.webp",1536,1536,true],"2048x2048":["https:\/\/vapestornado.com\/wp-content\/uploads\/2025\/04\/Bang-Box-50000-Puff-Best-Double-Flavor-Vape-2048x2048.webp",2048,2048,true],"trp-custom-language-flag":["https:\/\/vapestornado.com\/wp-content\/uploads\/2025\/04\/Bang-Box-50000-Puff-Best-Double-Flavor-Vape-scaled.webp",12,12,false],"woocommerce_thumbnail":["https:\/\/vapestornado.com\/wp-content\/uploads\/2025\/04\/Bang-Box-50000-Puff-Best-Double-Flavor-Vape-300x300.webp",300,300,true],"woocommerce_single":["https:\/\/vapestornado.com\/wp-content\/uploads\/2025\/04\/Bang-Box-50000-Puff-Best-Double-Flavor-Vape-600x600.webp",600,600,true],"woocommerce_gallery_thumbnail":["https:\/\/vapestornado.com\/wp-content\/uploads\/2025\/04\/Bang-Box-50000-Puff-Best-Double-Flavor-Vape-100x100.webp",100,100,true]},"uagb_author_info":{"display_name":"ESAMY","author_link":"https:\/\/vapestornado.com\/fr\/author\/"},"uagb_comment_info":0,"uagb_excerpt":"Bang Box 50000 Puff Disposable Vape with 45ml Dual-Flavor Tank Bang Box 50000 Puff Dual Flavour Vape with Smart Digital Display Bang Box 50k Puff Type-C Rechargeable Mesh Coil Disposable Device Add Amy's whatsapp to get right reply and discount price! WhatsApp: +86 17776015835 &nbsp;","_links":{"self":[{"href":"https:\/\/vapestornado.com\/fr\/wp-json\/wp\/v2\/product\/4126","targetHints":{"allow":["GET"]}}],"collection":[{"href":"https:\/\/vapestornado.com\/fr\/wp-json\/wp\/v2\/product"}],"about":[{"href":"https:\/\/vapestornado.com\/fr\/wp-json\/wp\/v2\/types\/product"}],"replies":[{"embeddable":true,"href":"https:\/\/vapestornado.com\/fr\/wp-json\/wp\/v2\/comments?post=4126"}],"wp:featuredmedia":[{"embeddable":true,"href":"https:\/\/vapestornado.com\/fr\/wp-json\/wp\/v2\/media\/4122"}],"wp:attachment":[{"href":"https:\/\/vapestornado.com\/fr\/wp-json\/wp\/v2\/media?parent=4126"}],"wp:term":[{"taxonomy":"product_brand","embeddable":true,"href":"https:\/\/vapestornado.com\/fr\/wp-json\/wp\/v2\/product_brand?post=4126"},{"taxonomy":"product_cat","embeddable":true,"href":"https:\/\/vapestornado.com\/fr\/wp-json\/wp\/v2\/product_cat?post=4126"},{"taxonomy":"product_tag","embeddable":true,"href":"https:\/\/vapestornado.com\/fr\/wp-json\/wp\/v2\/product_tag?post=4126"}],"curies":[{"name":"wp","href":"https:\/\/api.w.org\/{rel}","templated":true}]}}