{"id":4118,"date":"2025-04-13T08:12:11","date_gmt":"2025-04-13T08:12:11","guid":{"rendered":"https:\/\/vapestornado.com\/?post_type=product&#038;p=4118"},"modified":"2025-08-21T12:11:56","modified_gmt":"2025-08-21T12:11:56","slug":"solaris-25000-puff-solar-charging-dispsoable-vape-kit-usa","status":"publish","type":"product","link":"https:\/\/vapestornado.com\/fr\/product\/solaris-25000-puff-solar-charging-dispsoable-vape-kit-usa\/","title":{"rendered":"Kit de Vape Jetable \u00e0 Charge Solaire Solaris 25000 Bouff\u00e9es France"},"content":{"rendered":"<h1 data-pm-slice=\"1 1 []\">Kit de Vape Jetable \u00e0 Charge Solaire Solaris 25000 Bouff\u00e9es France<\/h1>\n<p data-start=\"309\" data-end=\"774\">L' <strong data-start=\"313\" data-end=\"361\">Vapoteuse jetable \u00e0 recharge solaire Solaris 25000<\/strong> introduit une nouvelle norme en mati\u00e8re de durabilit\u00e9 et de performance. En tant que premier <strong data-start=\"436\" data-end=\"468\">Vape jetable de 25 000 bouff\u00e9es<\/strong> avec un panneau solaire int\u00e9gr\u00e9, il combine une recharge \u00e9cologique avec une endurance de haute capacit\u00e9, ce qui en fait une solution pratique pour une utilisation \u00e0 long terme. \u00c9quip\u00e9 d'un r\u00e9servoir d'e-liquide pr\u00e9-rempli de 18 ml et d'une batterie rechargeable, le Solaris offre un d\u00e9bit de vapeur constant con\u00e7u pour la fiabilit\u00e9 dans n'importe quel environnement.<\/p>\n<p data-start=\"776\" data-end=\"1047\">Pour la recharge, les utilisateurs b\u00e9n\u00e9ficient de deux options : un panneau solaire pour une utilisation continue en ext\u00e9rieur, ou USB Type-C pour une recharge rapide et efficace (c\u00e2ble non inclus). Cette flexibilit\u00e9 fait du Solaris un compagnon de confiance, que ce soit en voyage, en randonn\u00e9e ou pour profiter des activit\u00e9s quotidiennes.<\/p>\n<p data-start=\"1049\" data-end=\"1276\">Modes de vapotage doubles \u2014 <strong data-start=\"1069\" data-end=\"1089\">Normal et Boost<\/strong> \u2014 associ\u00e9s \u00e0 des bobines \u00e0 double maillage, ils offrent un flux d'air fluide et une intensit\u00e9 de saveur maximale. Le flux d'air r\u00e9glable permet un tirage sur mesure, assurant \u00e0 la fois la satisfaction MTL et une production de nuages am\u00e9lior\u00e9e.<\/p>\n<p data-start=\"1278\" data-end=\"1637\">L'\u00e9cran d'affichage HD indique l'\u00e9tat de la bouff\u00e9e et de la batterie en temps r\u00e9el, avec des animations interactives qui ajoutent une touche moderne. Une finition Starlight Embedded Glow rehausse son design, offrant un look haut de gamme qui pla\u00eet aux jeunes adultes. Activ\u00e9 par tirage et sans bouton, le Solaris est simple \u00e0 utiliser, combinant une technologie de pointe avec une facilit\u00e9 d'utilisation.<\/p>\n<p data-start=\"1639\" data-end=\"1865\">Pour les grossistes et les d\u00e9taillants en Europe, le <strong data-start=\"1684\" data-end=\"1732\">Vapoteuse jetable \u00e0 recharge solaire Solaris 25000<\/strong> offre un produit distinctif qui r\u00e9pond \u00e0 la demande croissante d'appareils durables et de grande capacit\u00e9 tout en offrant une forte valeur de revente.<\/p>\n<p data-start=\"666\" data-end=\"1235\"><strong style=\"font-size: 16px;\"><span style=\"color: #ff0000;\">Ajoutez le WhatsApp d'Amy pour obtenir une r\u00e9ponse rapide et un prix r\u00e9duit !<\/span><\/strong><\/p>\n<p><img fetchpriority=\"high\" decoding=\"async\" class=\"size-full wp-image-2932\" src=\"https:\/\/vapestornado.com\/wp-content\/uploads\/2024\/12\/Vape-Wholesale.jpg\" alt=\"Vente en Gros de Vapes\" width=\"229\" height=\"300\" \/><\/p>\n<h3><a href=\"https:\/\/wa.me\/8617776015835\" target=\"_blank\" rel=\"noopener\"><span style=\"color: #ff0000;\"><strong>WhatsApp : +86 17776015835<\/strong><\/span><\/a><\/h3>\n<p>&nbsp;<\/p>\n<h2><strong>Caract\u00e9ristiques principales du Solaris 25000 Puffs<\/strong><\/h2>\n<ul>\n<li class=\"\" data-start=\"1597\" data-end=\"1621\">\n<p class=\"\" data-start=\"1599\" data-end=\"1621\">Jusqu'\u00e0 <strong data-start=\"1605\" data-end=\"1621\">25 000 bouff\u00e9es<\/strong><\/p>\n<\/li>\n<li class=\"\" data-start=\"1622\" data-end=\"1684\">\n<p class=\"\" data-start=\"1624\" data-end=\"1684\"><strong data-start=\"1624\" data-end=\"1652\">Panneau solaire + recharge<\/strong> USB Type-C (c\u00e2ble non inclus)<\/p>\n<\/li>\n<li class=\"\" data-start=\"1685\" data-end=\"1714\">\n<p class=\"\" data-start=\"1687\" data-end=\"1714\"><strong data-start=\"1687\" data-end=\"1714\">18ml d'e-liquide pr\u00e9-rempli<\/strong><\/p>\n<\/li>\n<li class=\"\" data-start=\"1715\" data-end=\"1748\">\n<p class=\"\" data-start=\"1717\" data-end=\"1748\"><strong data-start=\"1717\" data-end=\"1748\">5% (50mg) de concentration en nicotine<\/strong><\/p>\n<\/li>\n<li class=\"\" data-start=\"1749\" data-end=\"1773\">\n<p class=\"\" data-start=\"1751\" data-end=\"1773\"><strong data-start=\"1751\" data-end=\"1773\">Flux d'air r\u00e9glable<\/strong><\/p>\n<\/li>\n<li class=\"\" data-start=\"1774\" data-end=\"1805\">\n<p class=\"\" data-start=\"1776\" data-end=\"1805\"><strong data-start=\"1776\" data-end=\"1789\">Deux modes<\/strong>: Normal<\/p>\n<\/li>\n<li class=\"\" data-start=\"1806\" data-end=\"1847\">\n<p class=\"\" data-start=\"1808\" data-end=\"1847\"><strong data-start=\"1808\" data-end=\"1827\">Doubles bobines maill\u00e9es<\/strong> pour une saveur am\u00e9lior\u00e9e<\/p>\n<\/li>\n<li class=\"\" data-start=\"1848\" data-end=\"1872\">\n<p class=\"\" data-start=\"1850\" data-end=\"1872\"><strong data-start=\"1850\" data-end=\"1872\">\u00c9cran anim\u00e9 HD<\/strong><\/p>\n<\/li>\n<li class=\"\" data-start=\"1873\" data-end=\"1900\">\n<p class=\"\" data-start=\"1875\" data-end=\"1900\"><strong data-start=\"1875\" data-end=\"1900\">Effet de lueur Starlight<\/strong><\/p>\n<\/li>\n<li class=\"\" data-start=\"1901\" data-end=\"1932\">\n<p class=\"\" data-start=\"1903\" data-end=\"1932\"><strong data-start=\"1903\" data-end=\"1921\">Activ\u00e9 par tirage<\/strong> Vapotage MTL<\/p>\n<\/li>\n<li class=\"\" data-start=\"1933\" data-end=\"1977\">\n<p class=\"\" data-start=\"1935\" data-end=\"1977\"><strong data-start=\"1935\" data-end=\"1977\">Conception \u00e9cologique et conviviale<\/strong><\/p>\n<\/li>\n<\/ul>\n<h2 class=\"product-title\"><strong>Revue des saveurs des puffs jetables Solaris 25000<\/strong><\/h2>\n<article class=\"w-full text-token-text-primary focus-visible:outline-2 focus-visible:outline-offset-[-4px]\" dir=\"auto\" data-testid=\"conversation-turn-32\" data-scroll-anchor=\"false\">\n<div class=\"m-auto text-base py-[18px] px-6\">\n<div class=\"mx-auto flex flex-1 text-base gap-4 md:gap-5 lg:gap-6 md:max-w-3xl lg:max-w-[40rem] xl:max-w-[48rem]\">\n<div class=\"group\/conversation-turn relative flex w-full min-w-0 flex-col @xs\/thread:px-0 @sm\/thread:px-1.5 @md\/thread:px-4\">\n<div class=\"flex-col gap-1 md:gap-3\">\n<div class=\"flex max-w-full flex-col flex-grow\">\n<div class=\"min-h-8 text-message flex w-full flex-col items-end gap-2 whitespace-normal break-words text-start [.text-message+&amp;]:mt-5\" dir=\"auto\" data-message-author-role=\"user\" data-message-id=\"ffac41ca-1db4-431b-873a-32c4052956f1\">\n<div class=\"flex w-full flex-col gap-1 empty:hidden items-end rtl:items-start\">\n<div class=\"relative max-w-[var(--user-chat-width,70%)] rounded-3xl bg-token-message-surface px-5 py-2.5\">\n<div class=\"absolute bottom-0 right-full top-0 -mr-3.5 hidden pr-5 pt-2 [.group\/conversation-turn:hover_&amp;]:flex\">\n<div class=\"flex\">\n<article class=\"w-full text-token-text-primary focus-visible:outline-2 focus-visible:outline-offset-[-4px]\" dir=\"auto\" data-testid=\"conversation-turn-39\" data-scroll-anchor=\"true\">\n<div class=\"m-auto text-base py-[18px] px-6\">\n<div class=\"mx-auto flex flex-1 text-base gap-4 md:gap-5 lg:gap-6 md:max-w-3xl lg:max-w-[40rem] xl:max-w-[48rem]\">\n<div class=\"group\/conversation-turn relative flex w-full min-w-0 flex-col agent-turn @xs\/thread:px-0 @sm\/thread:px-1.5 @md\/thread:px-4\">\n<div class=\"flex-col gap-1 md:gap-3\">\n<div class=\"flex max-w-full flex-col flex-grow\">\n<div class=\"min-h-8 text-message flex w-full flex-col items-end gap-2 whitespace-normal break-words text-start [.text-message+&amp;]:mt-5\" dir=\"auto\" data-message-author-role=\"assistant\" data-message-id=\"55a23854-ec57-48dd-bd4f-6118f43d6241\" data-message-model-slug=\"gpt-4o\">\n<div class=\"flex w-full flex-col gap-1 empty:hidden first:pt-[3px]\">\n<div class=\"markdown prose w-full break-words dark:prose-invert light\">\n<ul>\n<li class=\"\" data-start=\"2002\" data-end=\"2063\">\n<p class=\"\" data-start=\"2004\" data-end=\"2063\"><strong data-start=\"2004\" data-end=\"2017\">Framboise Bleue<\/strong> \u2013 M\u00e9lange de myrtille et de framboise, doux et acidul\u00e9<\/p>\n<\/li>\n<li class=\"\" data-start=\"2064\" data-end=\"2128\">\n<p class=\"\" data-start=\"2066\" data-end=\"2128\"><strong data-start=\"2066\" data-end=\"2082\">Slurpie Bleu<\/strong> \u2013 Un granit\u00e9 bleu glacial pour une sensation de fra\u00eecheur et de nostalgie<\/p>\n<\/li>\n<li class=\"\" data-start=\"2129\" data-end=\"2179\">\n<p class=\"\" data-start=\"2131\" data-end=\"2179\"><strong data-start=\"2131\" data-end=\"2146\">Bombe Cerise<\/strong> \u2013 Explosion de saveur de cerise audacieuse<\/p>\n<\/li>\n<li class=\"\" data-start=\"2180\" data-end=\"2241\">\n<p class=\"\" data-start=\"2182\" data-end=\"2241\"><strong data-start=\"2182\" data-end=\"2195\">Menthe Fra\u00eeche<\/strong> \u2013 Menthe fra\u00eeche et croquante pour une finale propre<\/p>\n<\/li>\n<li class=\"\" data-start=\"2242\" data-end=\"2325\">\n<p class=\"\" data-start=\"2244\" data-end=\"2325\"><strong data-start=\"2244\" data-end=\"2274\">Limonade Mangue Fruit du Dragon<\/strong> \u2013 Fusion tropicale de mangue, de fruit du dragon et d\u2019agrumes<\/p>\n<\/li>\n<li class=\"\" data-start=\"2326\" data-end=\"2378\">\n<p class=\"\" data-start=\"2328\" data-end=\"2378\"><strong data-start=\"2328\" data-end=\"2342\">Menthe Miami<\/strong> \u2013 Menthe douce avec une touche de brise c\u00f4ti\u00e8re<\/p>\n<\/li>\n<li class=\"\" data-start=\"2379\" data-end=\"2448\">\n<p class=\"\" data-start=\"2381\" data-end=\"2448\"><strong data-start=\"2381\" data-end=\"2406\">Fraise Past\u00e8que<\/strong> \u2013 Combinaison juteuse de fraise et de past\u00e8que<\/p>\n<\/li>\n<li class=\"\" data-start=\"2449\" data-end=\"2502\">\n<p class=\"\" data-start=\"2451\" data-end=\"2502\"><strong data-start=\"2451\" data-end=\"2467\">Explosion d'\u00c9t\u00e9<\/strong> \u2013 Un \u00e9clat de fruits d'\u00e9t\u00e9 m\u00e9lang\u00e9s<\/p>\n<\/li>\n<li class=\"\" data-start=\"2449\" data-end=\"2502\">\n<p class=\"\" data-start=\"2451\" data-end=\"2502\"><strong style=\"font-size: 16px;\" data-start=\"2505\" data-end=\"2525\">Past\u00e8que Glac\u00e9e<\/strong><span style=\"font-size: 16px;\"> \u2013 Saveur de past\u00e8que rafra\u00eechissante et glac\u00e9e<\/span><\/p>\n<p>&nbsp;<\/p>\n<p>&nbsp;<\/p>\n<p>&nbsp;<\/p>\n<div class=\"mceTemp\">\n<p>&nbsp;<\/p>\n<p><img decoding=\"async\" class=\"wp-image-4112 size-full\" src=\"https:\/\/vapestornado.com\/wp-content\/uploads\/2025\/04\/Solaris-25K-Disposable-Wholesale.png\" alt=\"Solaris 25K Jetable en Gros\" width=\"800\" height=\"800\" srcset=\"https:\/\/vapestornado.com\/wp-content\/uploads\/2025\/04\/Solaris-25K-Disposable-Wholesale.png 800w, https:\/\/vapestornado.com\/wp-content\/uploads\/2025\/04\/Solaris-25K-Disposable-Wholesale-300x300.png 300w, https:\/\/vapestornado.com\/wp-content\/uploads\/2025\/04\/Solaris-25K-Disposable-Wholesale-150x150.png 150w, https:\/\/vapestornado.com\/wp-content\/uploads\/2025\/04\/Solaris-25K-Disposable-Wholesale-768x768.png 768w, https:\/\/vapestornado.com\/wp-content\/uploads\/2025\/04\/Solaris-25K-Disposable-Wholesale-600x600.png 600w, https:\/\/vapestornado.com\/wp-content\/uploads\/2025\/04\/Solaris-25K-Disposable-Wholesale-100x100.png 100w\" sizes=\"(max-width: 800px) 100vw, 800px\" \/><\/p>\n<\/div>\n<\/li>\n<\/ul>\n<\/div>\n<\/div>\n<\/div>\n<\/div>\n<\/div>\n<\/div>\n<\/div>\n<\/div>\n<\/article>\n<\/div>\n<\/div>\n<\/div>\n<\/div>\n<\/div>\n<\/div>\n<\/div>\n<\/div>\n<\/div>\n<\/div>\n<\/article>\n<h2>Pourquoi choisir Vapestornado pour un achat en gros de Solaris 25000 Bouff\u00e9es ?<\/h2>\n<div class=\"flex-shrink-0 flex flex-col relative items-end\">\n<div class=\"pt-0\">\n<div class=\"gizmo-bot-avatar flex h-8 w-8 items-center justify-center overflow-hidden rounded-full\">\n<div class=\"relative p-1 rounded-sm flex items-center justify-center bg-token-main-surface-primary text-token-text-primary h-8 w-8\">\n<p>At\u00a0<strong>VapeTornado<\/strong>, nous sommes fiers de fournir\u00a0<strong>des produits de vapotage de qualit\u00e9 sup\u00e9rieure \u00e0 des prix imbattables<\/strong>\u2014et l'Elf Box Crystal Bar 600 ne fait pas exception ! Voici pourquoi vous devriez acheter chez nous :<\/p>\n<p class=\"\" data-start=\"49\" data-end=\"193\"><strong data-start=\"49\" data-end=\"81\">Prix de gros imbattables<\/strong> \u2013 Profitez des meilleures offres en gros du march\u00e9, faisant de nous le fournisseur incontournable pour les boutiques de vape et les revendeurs du monde entier.<\/p>\n<p class=\"\" data-start=\"195\" data-end=\"340\"><strong data-start=\"195\" data-end=\"228\">Rapide<\/strong> \u2013 Nous livrons vos commandes rapidement et en toute s\u00e9curit\u00e9, avec des options d'exp\u00e9dition mondiales fiables adapt\u00e9es \u00e0 vos besoins.<\/p>\n<p class=\"\" data-start=\"342\" data-end=\"487\"><strong data-start=\"342\" data-end=\"367\">Produits authentiques 100%<\/strong> \u2013 Dites adieu aux faux ! Nous garantissons uniquement les vapes jetables Solaris 25000 originales avec une qualit\u00e9 et des performances v\u00e9rifi\u00e9es.<\/p>\n<p class=\"\" data-start=\"489\" data-end=\"627\"><strong data-start=\"489\" data-end=\"516\">Support client expert<\/strong> \u2013 Vous avez des questions ? Notre \u00e9quipe de vape comp\u00e9tente est l\u00e0 pour vous \u00e0 tout moment, assurant un service fluide et sans tracas.<\/p>\n<p data-start=\"559\" data-end=\"933\" data-is-last-node=\"\" data-is-only-node=\"\">Nous avons \u00e9galement d'autres vapes populaires avec \u00e9cran comme <a href=\"https:\/\/vapestornado.com\/fr\/product\/bang-king-vape-36000-puff-dual-vaping-mode-disposables-pod-best-price\/\">BANG KING 36000 Chicha<\/a>, <a href=\"https:\/\/vapestornado.com\/fr\/product\/waspe-aiviou-3-in-1-60000-puffs-disposable-vape-kit-best-price\/\">WASPE 60000 3 en 1<\/a>, <a href=\"https:\/\/vapestornado.com\/fr\/product\/alfakh-crown-bar-20000-puffs-disposable-shisha-hookah-wholesale-vape-pen\/\">ALFAKH 20000<\/a>, et plus encore.<\/p>\n<\/div>\n<div class=\"relative p-1 rounded-sm flex items-center justify-center bg-token-main-surface-primary text-token-text-primary h-8 w-8\">\n<h2>FAQ pour Solaris 25000 Bouff\u00e9es<\/h2>\n<p class=\"\" data-start=\"155\" data-end=\"385\"><strong data-start=\"155\" data-end=\"212\">1. Comment charger la vape jetable Solaris 25000 ?<\/strong><br data-start=\"212\" data-end=\"215\" \/>La Solaris 25000 dispose de deux m\u00e9thodes de chargement : un <strong data-start=\"276\" data-end=\"291\">panneau solaire<\/strong> int\u00e9gr\u00e9 pour un chargement \u00e9cologique et un port <strong data-start=\"324\" data-end=\"343\">USB Type-C<\/strong> (c\u00e2ble non inclus) pour une recharge rapide.<\/p>\n<p class=\"\" data-start=\"387\" data-end=\"576\"><strong data-start=\"387\" data-end=\"438\">2. Combien de bouff\u00e9es offre le Solaris 25000 ?<\/strong><br data-start=\"438\" data-end=\"441\" \/>Chaque appareil fournit environ <strong data-start=\"476\" data-end=\"492\">25 000 bouff\u00e9es<\/strong>, gr\u00e2ce \u00e0 sa haute capacit\u00e9 <strong data-start=\"522\" data-end=\"550\">18 ml de e-liquide pr\u00e9-rempli<\/strong> et une batterie rechargeable.<\/p>\n<p class=\"\" data-start=\"578\" data-end=\"805\"><strong data-start=\"578\" data-end=\"637\">3. Quelle est la diff\u00e9rence entre le mode Normal et le mode Boost ?<\/strong><br data-start=\"637\" data-end=\"640\" \/>Le mode Normal offre une exp\u00e9rience de vapotage plus douce et standard, tandis que le mode Boost intensifie la production de vapeur et le hit en gorge \u2014 id\u00e9al pour les utilisateurs recherchant une performance plus forte.<\/p>\n<p class=\"\" data-start=\"807\" data-end=\"1031\"><strong data-start=\"807\" data-end=\"860\">4. Le Solaris 25000 est-il rechargeable ou jetable ?<\/strong><br data-start=\"860\" data-end=\"863\" \/>Le Solaris 25000 est un <strong data-start=\"882\" data-end=\"901\">vape jetable<\/strong>. Bien qu'il soit <strong data-start=\"915\" data-end=\"931\">r\u00e9utilisable<\/strong>, il est livr\u00e9 <strong data-start=\"942\" data-end=\"975\">pr\u00e9-rempli et non rechargeable<\/strong>, offrant une commodit\u00e9 sans besoin d'entretien.<\/p>\n<p class=\"\" data-start=\"1033\" data-end=\"1232\"><strong data-start=\"1033\" data-end=\"1094\">5. Quelle est la teneur en nicotine du Solaris 25000 ?<\/strong><br data-start=\"1094\" data-end=\"1097\" \/>Chaque unit\u00e9 contient <strong data-start=\"1116\" data-end=\"1138\">5 % (50 mg) de nicotine<\/strong>, d\u00e9livrant un hit satisfaisant adapt\u00e9 aux utilisateurs adultes recherchant une exp\u00e9rience de nicotine plus forte.<\/p>\n<\/div>\n<\/div>\n<\/div>\n<\/div>","protected":false},"excerpt":{"rendered":"<p class=\"LC20lb MBeuO DKV0Md\">Solaris 25000 bouff\u00e9es Meilleure boutique de vapotage en ligne France<br \/>\nVente en gros de vapoteuses Solaris 25000 bouff\u00e9es Prix pas cher<br \/>\nVaporisateurs jetables Solaris 25000 bouff\u00e9es les plus vendus<\/p>\n<p><strong>Ajoutez le WhatsApp d'Amy pour obtenir une r\u00e9ponse rapide et un prix r\u00e9duit !<\/strong><\/p>\n<p><img fetchpriority=\"high\" decoding=\"async\" class=\"size-full wp-image-2932\" src=\"https:\/\/vapestornado.com\/wp-content\/uploads\/2024\/12\/Vape-Wholesale.jpg\" alt=\"Vente en Gros de Vapes\" width=\"229\" height=\"300\" \/><\/p>\n<h3><a href=\"https:\/\/wa.me\/8617776015835\"><span style=\"color: #ff0000;\"><strong>WhatsApp : +86 17776015835<\/strong><\/span><\/a><\/h3>\n<p>&nbsp;<\/p>","protected":false},"featured_media":4114,"comment_status":"open","ping_status":"closed","template":"","meta":{"_acf_changed":false,"_uag_custom_page_level_css":"","_lmt_disableupdate":"no","_lmt_disable":"","_monsterinsights_skip_tracking":false,"_monsterinsights_sitenote_active":false,"_monsterinsights_sitenote_note":"","_monsterinsights_sitenote_category":0,"site-sidebar-layout":"default","site-content-layout":"","ast-site-content-layout":"default","site-content-style":"default","site-sidebar-style":"default","ast-global-header-display":"","ast-banner-title-visibility":"","ast-main-header-display":"","ast-hfb-above-header-display":"","ast-hfb-below-header-display":"","ast-hfb-mobile-header-display":"","site-post-title":"","ast-breadcrumbs-content":"","ast-featured-img":"","footer-sml-layout":"","ast-disable-related-posts":"","theme-transparent-header-meta":"default","adv-header-id-meta":"","stick-header-meta":"","header-above-stick-meta":"","header-main-stick-meta":"","header-below-stick-meta":"","astra-migrate-meta-layouts":"set","ast-page-background-enabled":"default","ast-page-background-meta":{"desktop":{"background-color":"","background-image":"","background-repeat":"repeat","background-position":"center center","background-size":"auto","background-attachment":"scroll","background-type":"","background-media":"","overlay-type":"","overlay-color":"","overlay-opacity":"","overlay-gradient":""},"tablet":{"background-color":"","background-image":"","background-repeat":"repeat","background-position":"center center","background-size":"auto","background-attachment":"scroll","background-type":"","background-media":"","overlay-type":"","overlay-color":"","overlay-opacity":"","overlay-gradient":""},"mobile":{"background-color":"","background-image":"","background-repeat":"repeat","background-position":"center center","background-size":"auto","background-attachment":"scroll","background-type":"","background-media":"","overlay-type":"","overlay-color":"","overlay-opacity":"","overlay-gradient":""}},"ast-content-background-meta":{"desktop":{"background-color":"var(--ast-global-color-5)","background-image":"","background-repeat":"repeat","background-position":"center center","background-size":"auto","background-attachment":"scroll","background-type":"","background-media":"","overlay-type":"","overlay-color":"","overlay-opacity":"","overlay-gradient":""},"tablet":{"background-color":"var(--ast-global-color-5)","background-image":"","background-repeat":"repeat","background-position":"center center","background-size":"auto","background-attachment":"scroll","background-type":"","background-media":"","overlay-type":"","overlay-color":"","overlay-opacity":"","overlay-gradient":""},"mobile":{"background-color":"var(--ast-global-color-5)","background-image":"","background-repeat":"repeat","background-position":"center center","background-size":"auto","background-attachment":"scroll","background-type":"","background-media":"","overlay-type":"","overlay-color":"","overlay-opacity":"","overlay-gradient":""}},"_joinchat":{"telephone":"17776015835"}},"product_brand":[],"product_cat":[68,149,156,142,146],"product_tag":[105,331,330],"class_list":{"0":"post-4118","1":"product","2":"type-product","3":"status-publish","4":"has-post-thumbnail","6":"product_cat-25000-puff","7":"product_cat-buy-disposable-vapes-in-austria","8":"product_cat-buy-disposable-vapes-in-poland","9":"product_cat-digital-box-disposable-vapes","10":"product_cat-rechargeable-disposable-vapes","11":"product_tag-digital-disposable-vape","12":"product_tag-dispsoable-vape-kit-usa","13":"product_tag-solaris-25000-puff","14":"desktop-align-left","15":"tablet-align-left","16":"mobile-align-left","18":"first","19":"instock","20":"sale","21":"shipping-taxable","22":"purchasable","23":"product-type-simple"},"acf":[],"uagb_featured_image_src":{"full":["https:\/\/vapestornado.com\/wp-content\/uploads\/2025\/04\/Solaris-25000-Puffs-Rechargeable-Disposable.png",800,800,false],"thumbnail":["https:\/\/vapestornado.com\/wp-content\/uploads\/2025\/04\/Solaris-25000-Puffs-Rechargeable-Disposable-150x150.png",150,150,true],"medium":["https:\/\/vapestornado.com\/wp-content\/uploads\/2025\/04\/Solaris-25000-Puffs-Rechargeable-Disposable-300x300.png",300,300,true],"medium_large":["https:\/\/vapestornado.com\/wp-content\/uploads\/2025\/04\/Solaris-25000-Puffs-Rechargeable-Disposable-768x768.png",768,768,true],"large":["https:\/\/vapestornado.com\/wp-content\/uploads\/2025\/04\/Solaris-25000-Puffs-Rechargeable-Disposable.png",800,800,false],"1536x1536":["https:\/\/vapestornado.com\/wp-content\/uploads\/2025\/04\/Solaris-25000-Puffs-Rechargeable-Disposable.png",800,800,false],"2048x2048":["https:\/\/vapestornado.com\/wp-content\/uploads\/2025\/04\/Solaris-25000-Puffs-Rechargeable-Disposable.png",800,800,false],"trp-custom-language-flag":["https:\/\/vapestornado.com\/wp-content\/uploads\/2025\/04\/Solaris-25000-Puffs-Rechargeable-Disposable.png",12,12,false],"woocommerce_thumbnail":["https:\/\/vapestornado.com\/wp-content\/uploads\/2025\/04\/Solaris-25000-Puffs-Rechargeable-Disposable-300x300.png",300,300,true],"woocommerce_single":["https:\/\/vapestornado.com\/wp-content\/uploads\/2025\/04\/Solaris-25000-Puffs-Rechargeable-Disposable-600x600.png",600,600,true],"woocommerce_gallery_thumbnail":["https:\/\/vapestornado.com\/wp-content\/uploads\/2025\/04\/Solaris-25000-Puffs-Rechargeable-Disposable-100x100.png",100,100,true]},"uagb_author_info":{"display_name":"ESAMY","author_link":"https:\/\/vapestornado.com\/fr\/author\/"},"uagb_comment_info":0,"uagb_excerpt":"Solaris 25000 Puff\u00a0 Best online Vape store USA Solaris 25000 Puff vape Wholesale Cheap Price Hot Selling Solaris 25000 Puff Disposables Vapor Add Amy's whatsapp to get right reply and discount price! WhatsApp: +86 17776015835 &nbsp;","_links":{"self":[{"href":"https:\/\/vapestornado.com\/fr\/wp-json\/wp\/v2\/product\/4118","targetHints":{"allow":["GET"]}}],"collection":[{"href":"https:\/\/vapestornado.com\/fr\/wp-json\/wp\/v2\/product"}],"about":[{"href":"https:\/\/vapestornado.com\/fr\/wp-json\/wp\/v2\/types\/product"}],"replies":[{"embeddable":true,"href":"https:\/\/vapestornado.com\/fr\/wp-json\/wp\/v2\/comments?post=4118"}],"wp:featuredmedia":[{"embeddable":true,"href":"https:\/\/vapestornado.com\/fr\/wp-json\/wp\/v2\/media\/4114"}],"wp:attachment":[{"href":"https:\/\/vapestornado.com\/fr\/wp-json\/wp\/v2\/media?parent=4118"}],"wp:term":[{"taxonomy":"product_brand","embeddable":true,"href":"https:\/\/vapestornado.com\/fr\/wp-json\/wp\/v2\/product_brand?post=4118"},{"taxonomy":"product_cat","embeddable":true,"href":"https:\/\/vapestornado.com\/fr\/wp-json\/wp\/v2\/product_cat?post=4118"},{"taxonomy":"product_tag","embeddable":true,"href":"https:\/\/vapestornado.com\/fr\/wp-json\/wp\/v2\/product_tag?post=4118"}],"curies":[{"name":"wp","href":"https:\/\/api.w.org\/{rel}","templated":true}]}}