{"id":4111,"date":"2025-04-11T09:55:33","date_gmt":"2025-04-11T09:55:33","guid":{"rendered":"https:\/\/vapestornado.com\/?post_type=product&#038;p=4111"},"modified":"2025-12-04T03:58:48","modified_gmt":"2025-12-04T03:58:48","slug":"high-quality-bang-leader-30000-puffs-disposable-box-pod-vaporizer","status":"publish","type":"product","link":"https:\/\/vapestornado.com\/fr\/product\/high-quality-bang-leader-30000-puffs-disposable-box-pod-vaporizer\/","title":{"rendered":"Bang Leader de Haute Qualit\u00e9 30000 Bouff\u00e9es Vaporisateur Jetable Box Pod"},"content":{"rendered":"<h1 data-pm-slice=\"1 1 []\">Bang Leader de Haute Qualit\u00e9 30000 Bouff\u00e9es Vaporisateur Jetable Box Pod<\/h1>\n<p data-start=\"1148\" data-end=\"1548\">Si vous souhaitez un jetable qui dure bien plus longtemps que les appareils standard, vous permettant de passer instantan\u00e9ment entre deux saveurs, et vous tenant inform\u00e9 avec un \u00e9cran intelligent, le Bang Leader 30000 Puff offre jusqu'\u00e0 30 000 bouff\u00e9es avec des coils \u00e0 double mesh, une rotation de saveurs double, et une recharge Type-C dans une conception compacte.<\/p>\n<ul>\n<li data-start=\"759\" data-end=\"922\">\n<p data-start=\"761\" data-end=\"922\"><strong data-start=\"761\" data-end=\"779\">Con\u00e7u pour durer :<\/strong> Avec <strong data-start=\"785\" data-end=\"807\">jusqu'\u00e0 30 000 bouff\u00e9es<\/strong>, c'est une <strong data-start=\"819\" data-end=\"854\">vape jetable la plus longue dur\u00e9e<\/strong> option dans sa cat\u00e9gorie, r\u00e9duisant les remplacements et le co\u00fbt par bouff\u00e9e.<\/p>\n<\/li>\n<li data-start=\"923\" data-end=\"1082\">\n<p data-start=\"925\" data-end=\"1082\"><strong data-start=\"925\" data-end=\"953\">Deux saveurs, un seul appareil :<\/strong> L' <strong data-start=\"958\" data-end=\"1001\">Le vape \u00e0 double saveur Bang Leader 30000 Puff<\/strong> vous permet de tourner et de passer instantan\u00e9ment entre deux profils\u2014pas besoin de vape suppl\u00e9mentaire.<\/p>\n<\/li>\n<li data-start=\"1083\" data-end=\"1235\">\n<p data-start=\"1085\" data-end=\"1235\"><strong data-start=\"1085\" data-end=\"1107\">Contr\u00f4le en temps r\u00e9el :<\/strong> En tant que <strong data-start=\"1113\" data-end=\"1148\">vape jetable avec \u00e9cran LED<\/strong>, il affiche clairement les niveaux de batterie et de e-liquide, vous n'avez donc jamais \u00e0 deviner en cours de session.<\/p>\n<\/li>\n<li data-start=\"1236\" data-end=\"1377\">\n<p data-start=\"1238\" data-end=\"1377\"><strong data-start=\"1238\" data-end=\"1267\">Livraison fiable de saveur :<\/strong> <strong data-start=\"1268\" data-end=\"1287\">Doubles bobines maill\u00e9es<\/strong> maintient la vapeur dense et la saveur douce du premier tirage au dernier, m\u00eame lors d'une utilisation prolong\u00e9e.<\/p>\n<\/li>\n<li data-start=\"1378\" data-end=\"1517\">\n<p data-start=\"1380\" data-end=\"1517\"><strong data-start=\"1380\" data-end=\"1411\">Puissance pratique en d\u00e9placement :<\/strong> <strong data-start=\"1412\" data-end=\"1450\">Batterie rechargeable Type-C de 550mAh<\/strong> vous permettant de finir le r\u00e9servoir complet sans que l'appareil ne s'\u00e9teigne pr\u00e9matur\u00e9ment.<\/p>\n<\/li>\n<\/ul>\n<h2 class=\"\" data-start=\"1229\" data-end=\"1282\"><strong data-start=\"1235\" data-end=\"1282\">Sp\u00e9cification de la Vape Bang Leader 30000 Puff<\/strong><\/h2>\n<table>\n<thead>\n<tr>\n<th>Param\u00e8tre<\/th>\n<th align=\"right\">Spec<\/th>\n<th>Explication humaine<\/th>\n<\/tr>\n<\/thead>\n<tbody>\n<tr>\n<td>Capacit\u00e9 de bouff\u00e9es<\/td>\n<td align=\"right\">Jusqu'\u00e0 30 000 bouff\u00e9es<\/td>\n<td>Une cigarette \u00e9lectronique jetable \u00e0 la plus longue dur\u00e9e de vie dans sa cat\u00e9gorie ; moins de re-achats.<\/td>\n<\/tr>\n<tr>\n<td>Syst\u00e8me de saveur<\/td>\n<td align=\"right\">Rotation double de saveur<\/td>\n<td>Deux saveurs dans un seul appareil ; tournez pour changer instantan\u00e9ment.<\/td>\n<\/tr>\n<tr>\n<td>Type de Bobine<\/td>\n<td align=\"right\">Doubles bobines maill\u00e9es<\/td>\n<td>Chauffage uniforme = saveur plus forte, vapeur plus douce, moins de fading.<\/td>\n<\/tr>\n<tr>\n<td>Batterie<\/td>\n<td align=\"right\">Rechargeable 550mAh<\/td>\n<td>Puissance suffisante pour une utilisation prolong\u00e9e ; rechargez plut\u00f4t que de perdre des bouff\u00e9es.<\/td>\n<\/tr>\n<tr>\n<td>Chargement<\/td>\n<td align=\"right\">USB Type-C<\/td>\n<td>Standard de c\u00e2ble de charge rapide et universel.<\/td>\n<\/tr>\n<tr>\n<td>Affichage<\/td>\n<td align=\"right\">\u00c9cran intelligent \u00e0 LED<\/td>\n<td>Affiche les niveaux de batterie + e-liquide pour que vous gardiez le contr\u00f4le.<\/td>\n<\/tr>\n<tr>\n<td>Activation<\/td>\n<td align=\"right\">Activ\u00e9 par tirage<\/td>\n<td>Pas de boutons ; inhalez pour vapoter \u2014 facile pour les d\u00e9butants.<\/td>\n<\/tr>\n<tr>\n<td>Style du corps<\/td>\n<td align=\"right\">Design compact en bo\u00eete<\/td>\n<td>Facile \u00e0 transporter, robuste dans les poches ou sacs.<\/td>\n<\/tr>\n<tr>\n<td>Utilisation cible<\/td>\n<td align=\"right\">Sessions quotidiennes + intensives<\/td>\n<td>Convient aux utilisateurs occasionnels et aux vapoteurs \u00e0 haute fr\u00e9quence.<\/td>\n<\/tr>\n<\/tbody>\n<\/table>\n<p data-start=\"666\" data-end=\"1235\"><strong style=\"font-size: 16px;\"><span style=\"color: #ff0000;\">Ajoutez le WhatsApp d'Amy pour obtenir une r\u00e9ponse rapide et un prix r\u00e9duit !<\/span><\/strong><\/p>\n<p><img fetchpriority=\"high\" decoding=\"async\" class=\"size-full wp-image-2932\" src=\"https:\/\/vapestornado.com\/wp-content\/uploads\/2024\/12\/Vape-Wholesale.jpg\" alt=\"Vente en Gros de Vapes\" width=\"229\" height=\"300\" \/><\/p>\n<h3><a href=\"https:\/\/wa.me\/8617776015835\" target=\"_blank\" rel=\"noopener\"><span style=\"color: #ff0000;\"><strong>WhatsApp : +86 17776015835<\/strong><\/span><\/a><\/h3>\n<p>&nbsp;<\/p>\n<h2 class=\"product-title\"><strong>Aper\u00e7u des Saveurs de Cigarette \u00c9lectronique Jetable Bang Leader 30k<\/strong><\/h2>\n<article class=\"w-full text-token-text-primary focus-visible:outline-2 focus-visible:outline-offset-[-4px]\" dir=\"auto\" data-testid=\"conversation-turn-32\" data-scroll-anchor=\"false\">\n<div class=\"m-auto text-base py-[18px] px-6\">\n<div class=\"mx-auto flex flex-1 text-base gap-4 md:gap-5 lg:gap-6 md:max-w-3xl lg:max-w-[40rem] xl:max-w-[48rem]\">\n<div class=\"group\/conversation-turn relative flex w-full min-w-0 flex-col @xs\/thread:px-0 @sm\/thread:px-1.5 @md\/thread:px-4\">\n<div class=\"flex-col gap-1 md:gap-3\">\n<div class=\"flex max-w-full flex-col flex-grow\">\n<div class=\"min-h-8 text-message flex w-full flex-col items-end gap-2 whitespace-normal break-words text-start [.text-message+&amp;]:mt-5\" dir=\"auto\" data-message-author-role=\"user\" data-message-id=\"ffac41ca-1db4-431b-873a-32c4052956f1\">\n<div class=\"flex w-full flex-col gap-1 empty:hidden items-end rtl:items-start\">\n<div class=\"relative max-w-[var(--user-chat-width,70%)] rounded-3xl bg-token-message-surface px-5 py-2.5\">\n<div class=\"absolute bottom-0 right-full top-0 -mr-3.5 hidden pr-5 pt-2 [.group\/conversation-turn:hover_&amp;]:flex\">\n<div class=\"flex\">\n<article class=\"w-full text-token-text-primary focus-visible:outline-2 focus-visible:outline-offset-[-4px]\" dir=\"auto\" data-testid=\"conversation-turn-39\" data-scroll-anchor=\"true\">\n<div class=\"m-auto text-base py-[18px] px-6\">\n<div class=\"mx-auto flex flex-1 text-base gap-4 md:gap-5 lg:gap-6 md:max-w-3xl lg:max-w-[40rem] xl:max-w-[48rem]\">\n<div class=\"group\/conversation-turn relative flex w-full min-w-0 flex-col agent-turn @xs\/thread:px-0 @sm\/thread:px-1.5 @md\/thread:px-4\">\n<div class=\"flex-col gap-1 md:gap-3\">\n<div class=\"flex max-w-full flex-col flex-grow\">\n<div class=\"min-h-8 text-message flex w-full flex-col items-end gap-2 whitespace-normal break-words text-start [.text-message+&amp;]:mt-5\" dir=\"auto\" data-message-author-role=\"assistant\" data-message-id=\"55a23854-ec57-48dd-bd4f-6118f43d6241\" data-message-model-slug=\"gpt-4o\">\n<div class=\"flex w-full flex-col gap-1 empty:hidden first:pt-[3px]\">\n<div class=\"markdown prose w-full break-words dark:prose-invert light\">\n<p>1.Glace Past\u00e8que<br \/>\n2.Glace Past\u00e8que<br \/>\n3.Fraise Past\u00e8que<br \/>\n4.Fraise Et Past\u00e8que<br \/>\n5. Framboise Bleue et M\u00fbre<br \/>\n6. Framboise Bleue et M\u00fbre<br \/>\n7. Glace \u00e0 la Myrtille<br \/>\n8. Glace \u00e0 la Myrtille<br \/>\n9. Red Bull<br \/>\n10. Red Bull<br \/>\n11. Fraise Kiwi<br \/>\n12. Fraise Kiwi<\/p>\n<figure id=\"attachment_4109\" aria-describedby=\"caption-attachment-4109\" style=\"width: 800px\" class=\"wp-caption alignnone\"><img decoding=\"async\" class=\"wp-image-4109 size-full\" src=\"https:\/\/vapestornado.com\/wp-content\/uploads\/2025\/04\/High-Quality-Bang-Leader-30000-Puffs-Pen-Pod.webp\" alt=\"Bang Leader 30000 Puffs Pen Pod de haute qualit\u00e9\" width=\"800\" height=\"800\" srcset=\"https:\/\/vapestornado.com\/wp-content\/uploads\/2025\/04\/High-Quality-Bang-Leader-30000-Puffs-Pen-Pod.webp 800w, https:\/\/vapestornado.com\/wp-content\/uploads\/2025\/04\/High-Quality-Bang-Leader-30000-Puffs-Pen-Pod-300x300.webp 300w, https:\/\/vapestornado.com\/wp-content\/uploads\/2025\/04\/High-Quality-Bang-Leader-30000-Puffs-Pen-Pod-150x150.webp 150w, https:\/\/vapestornado.com\/wp-content\/uploads\/2025\/04\/High-Quality-Bang-Leader-30000-Puffs-Pen-Pod-768x768.webp 768w, https:\/\/vapestornado.com\/wp-content\/uploads\/2025\/04\/High-Quality-Bang-Leader-30000-Puffs-Pen-Pod-600x600.webp 600w, https:\/\/vapestornado.com\/wp-content\/uploads\/2025\/04\/High-Quality-Bang-Leader-30000-Puffs-Pen-Pod-100x100.webp 100w\" sizes=\"(max-width: 800px) 100vw, 800px\" \/><figcaption id=\"caption-attachment-4109\" class=\"wp-caption-text\">Bang Leader 30000 Puffs Pen Pod de haute qualit\u00e9<\/figcaption><\/figure>\n<\/div>\n<\/div>\n<\/div>\n<\/div>\n<\/div>\n<\/div>\n<\/div>\n<\/div>\n<\/article>\n<\/div>\n<\/div>\n<\/div>\n<\/div>\n<\/div>\n<\/div>\n<\/div>\n<\/div>\n<\/div>\n<\/div>\n<\/article>\n<h2>Pourquoi choisir Vapestornado est le meilleur endroit pour acheter des cigarettes \u00e9lectroniques ?<\/h2>\n<div class=\"flex-shrink-0 flex flex-col relative items-end\">\n<div class=\"pt-0\">\n<div class=\"gizmo-bot-avatar flex h-8 w-8 items-center justify-center overflow-hidden rounded-full\">\n<div class=\"relative p-1 rounded-sm flex items-center justify-center bg-token-main-surface-primary text-token-text-primary h-8 w-8\">\n<p>At\u00a0<strong>VapeTornado<\/strong>, nous sommes fiers de fournir\u00a0<strong>des produits de vapotage de qualit\u00e9 sup\u00e9rieure \u00e0 des prix imbattables<\/strong>\u2014et le Bang Leader 30000 Puff 30k ne fait pas exception ! Voici pourquoi vous devriez acheter chez nous :<\/p>\n<p class=\"\" data-start=\"49\" data-end=\"193\"><strong data-start=\"49\" data-end=\"81\">Prix de gros imbattables<\/strong> \u2013 Profitez des meilleures offres en gros du march\u00e9, faisant de nous le fournisseur incontournable pour les boutiques de vape et les revendeurs du monde entier.<\/p>\n<p class=\"\" data-start=\"195\" data-end=\"340\"><strong data-start=\"195\" data-end=\"228\">Rapide<\/strong> \u2013 Nous livrons vos commandes rapidement et en toute s\u00e9curit\u00e9, avec des options d'exp\u00e9dition mondiales fiables adapt\u00e9es \u00e0 vos besoins.<\/p>\n<p class=\"\" data-start=\"342\" data-end=\"487\"><strong data-start=\"342\" data-end=\"367\">Produits authentiques 100%<\/strong> - Dites adieu aux contrefa\u00e7ons ! Nous ne garantissons que les vapes originales Bang Leader 30000 Puffs avec une qualit\u00e9 et des performances v\u00e9rifi\u00e9es.<\/p>\n<p class=\"\" data-start=\"489\" data-end=\"627\"><strong data-start=\"489\" data-end=\"516\">Support client expert<\/strong> \u2013 Vous avez des questions ? Notre \u00e9quipe de vape comp\u00e9tente est l\u00e0 pour vous \u00e0 tout moment, assurant un service fluide et sans tracas.<\/p>\n<p data-start=\"559\" data-end=\"933\" data-is-last-node=\"\" data-is-only-node=\"\">Nous avons \u00e9galement d'autres vapes populaires avec \u00e9cran comme <a href=\"https:\/\/vapestornado.com\/fr\/product\/wga-legend-ultra-30k-30000-puffs-rechargeable-vape-pod-twins-flavor\/\">WGA Crystal 30000 Bouff\u00e9es<\/a>, <a href=\"https:\/\/vapestornado.com\/fr\/product\/waspe-aiviou-3-in-1-60000-puffs-disposable-vape-kit-best-price\/\">WASPE 60000 3 en 1<\/a>, <a href=\"https:\/\/vapestornado.com\/fr\/product\/uzy-crystal-50000-puff-twin-flavor-bulk-vapes-for-cheap\/\">UZY Cristal 50000<\/a>, et plus encore.<\/p>\n<\/div>\n<div class=\"relative p-1 rounded-sm flex items-center justify-center bg-token-main-surface-primary text-token-text-primary h-8 w-8\">\n<h2>FAQ pour Bang Leader 30000 Puff Que vous devriez savoir<\/h2>\n<p data-start=\"1588\" data-end=\"1913\"><strong data-start=\"1588\" data-end=\"1678\">Q : \u00ab Je suis fatigu\u00e9 des jetables qui s'\u00e9puisent en quelques jours. Celui-ci durera-t-il vraiment ? \u00bb<\/strong><br data-start=\"1678\" data-end=\"1681\" \/><strong data-start=\"1681\" data-end=\"1687\">A:<\/strong> Oui. Le Bang Leader livre <strong data-start=\"1718\" data-end=\"1740\">jusqu'\u00e0 30 000 bouff\u00e9es<\/strong>, donc la plupart des utilisateurs obtiennent <strong data-start=\"1760\" data-end=\"1776\">semaines d'utilisation<\/strong>, pas des jours. Il est con\u00e7u pour les gros vapoteurs qui veulent moins de remplacements et les utilisateurs occasionnels qui veulent un appareil fiable plus longtemps.<\/p>\n<p data-start=\"1915\" data-end=\"2197\"><strong data-start=\"1915\" data-end=\"1980\">Q : \u00ab Un jetable \u00e0 haute aspiration perd-il de la saveur \u00e0 mi-parcours ? \u00bb<\/strong><br data-start=\"1980\" data-end=\"1983\" \/><strong data-start=\"1983\" data-end=\"1989\">A:<\/strong> C\u2019est un probl\u00e8me courant avec les r\u00e9sistances standard. Le Bang Leader le r\u00e9sout en utilisant <strong data-start=\"2061\" data-end=\"2090\">technologie de double bobine en maille<\/strong>, qui chauffe le e-liquide uniform\u00e9ment et maintient un profil de saveur et une densit\u00e9 de vapeur stables sur de longues sessions.<\/p>\n<p data-start=\"2199\" data-end=\"2470\"><strong data-start=\"2199\" data-end=\"2261\">Q : \u00ab J\u2019aime changer de saveurs. Dois-je acheter deux vapoteuses ? \u00bb<\/strong><br data-start=\"2261\" data-end=\"2264\" \/><strong data-start=\"2264\" data-end=\"2270\">A:<\/strong> Non. C\u2019est un vrai <strong data-start=\"2290\" data-end=\"2333\">Le vape \u00e0 double saveur Bang Leader 30000 Puff<\/strong>. Le syst\u00e8me de rotation \u00e0 double saveur vous permet <strong data-start=\"2376\" data-end=\"2415\">de passer instantan\u00e9ment d\u2019un go\u00fbt \u00e0 l\u2019autre<\/strong> avec une torsion, offrant de la vari\u00e9t\u00e9 sans avoir \u00e0 transporter des backups.<\/p>\n<p data-start=\"2472\" data-end=\"2734\"><strong data-start=\"2472\" data-end=\"2524\">Q : \u00ab Comment savoir quand la batterie ou le liquide est faible ? \u00bb<\/strong><br data-start=\"2524\" data-end=\"2527\" \/><strong data-start=\"2527\" data-end=\"2533\">A:<\/strong> L\u2019\u00e9cran intelligent int\u00e9gr\u00e9 rend cela \u00e9vident <strong data-start=\"2573\" data-end=\"2608\">vape jetable avec \u00e9cran LED<\/strong> qui indique <strong data-start=\"2620\" data-end=\"2663\">niveau de batterie et de e-liquide en temps r\u00e9el<\/strong>. Vous saurez exactement quand recharger ou remplacer\u2014pas de coups de chaleur \u00e0 sec surprises.<\/p>\n<p data-start=\"2954\" data-end=\"3124\"><strong data-start=\"2954\" data-end=\"3001\">Q : \u00ab Est-il assez portable pour une utilisation quotidienne ? \u00bb<\/strong><br data-start=\"3001\" data-end=\"3004\" \/><strong data-start=\"3004\" data-end=\"3010\">A:<\/strong> Oui. Le corps compact en forme de bo\u00eete est <strong data-start=\"3047\" data-end=\"3078\">adapt\u00e9 \u00e0 la poche et durable<\/strong>, con\u00e7u pour les d\u00e9placements, les voyages et les sorties nocturnes.<\/p>\n<p data-start=\"3126\" data-end=\"3428\"><strong data-start=\"3126\" data-end=\"3170\">Q : \u00ab Les saveurs sont-elles fortes et populaires ? \u00bb<\/strong><br data-start=\"3170\" data-end=\"3173\" \/><strong data-start=\"3173\" data-end=\"3179\">A:<\/strong> La gamme se concentre sur des combinaisons de saveurs qui restent agr\u00e9ables lors d'une utilisation prolong\u00e9e\u2014comme <strong data-start=\"3254\" data-end=\"3292\">Red Bull<\/strong>, <strong data-start=\"3294\" data-end=\"3325\">Fraise Kiwi<\/strong>, et <strong data-start=\"3331\" data-end=\"3368\">Glace Myrtille<\/strong>. La chauffe \u00e0 double mesh maintient chaque profil propre et coh\u00e9rent.<\/p>\n<\/div>\n<\/div>\n<\/div>\n<\/div>","protected":false},"excerpt":{"rendered":"<p class=\"LC20lb MBeuO DKV0Md\">Bang Leader 30000 Bouff\u00e9es Cigarettes \u00c9lectroniques Bon March\u00e9 Magasin de Vente en Gros Pologne<br \/>\nBang Leader 30000 Bouff\u00e9es 2 en 1 Double Saveur Vape Box Prix de Gros<br \/>\nBang Leader 30000 Bouff\u00e9es Cigarettes \u00c9lectroniques Bon March\u00e9 Acheter en Gros<\/p>\n<p><strong>Ajoutez le WhatsApp d'Amy pour obtenir une r\u00e9ponse rapide et un prix r\u00e9duit !<\/strong><\/p>\n<p><img fetchpriority=\"high\" decoding=\"async\" class=\"size-full wp-image-2932\" src=\"https:\/\/vapestornado.com\/wp-content\/uploads\/2024\/12\/Vape-Wholesale.jpg\" alt=\"Vente en Gros de Vapes\" width=\"229\" height=\"300\" \/><\/p>\n<h3><a href=\"https:\/\/wa.me\/8617776015835\"><span style=\"color: #ff0000;\"><strong>WhatsApp : +86 17776015835<\/strong><\/span><\/a><\/h3>\n<p>&nbsp;<\/p>","protected":false},"featured_media":4105,"comment_status":"open","ping_status":"closed","template":"","meta":{"_acf_changed":false,"_uag_custom_page_level_css":"","_lmt_disableupdate":"no","_lmt_disable":"","_monsterinsights_skip_tracking":false,"_monsterinsights_sitenote_active":false,"_monsterinsights_sitenote_note":"","_monsterinsights_sitenote_category":0,"site-sidebar-layout":"default","site-content-layout":"","ast-site-content-layout":"default","site-content-style":"default","site-sidebar-style":"default","ast-global-header-display":"","ast-banner-title-visibility":"","ast-main-header-display":"","ast-hfb-above-header-display":"","ast-hfb-below-header-display":"","ast-hfb-mobile-header-display":"","site-post-title":"","ast-breadcrumbs-content":"","ast-featured-img":"","footer-sml-layout":"","ast-disable-related-posts":"","theme-transparent-header-meta":"default","adv-header-id-meta":"","stick-header-meta":"","header-above-stick-meta":"","header-main-stick-meta":"","header-below-stick-meta":"","astra-migrate-meta-layouts":"set","ast-page-background-enabled":"default","ast-page-background-meta":{"desktop":{"background-color":"","background-image":"","background-repeat":"repeat","background-position":"center center","background-size":"auto","background-attachment":"scroll","background-type":"","background-media":"","overlay-type":"","overlay-color":"","overlay-opacity":"","overlay-gradient":""},"tablet":{"background-color":"","background-image":"","background-repeat":"repeat","background-position":"center center","background-size":"auto","background-attachment":"scroll","background-type":"","background-media":"","overlay-type":"","overlay-color":"","overlay-opacity":"","overlay-gradient":""},"mobile":{"background-color":"","background-image":"","background-repeat":"repeat","background-position":"center center","background-size":"auto","background-attachment":"scroll","background-type":"","background-media":"","overlay-type":"","overlay-color":"","overlay-opacity":"","overlay-gradient":""}},"ast-content-background-meta":{"desktop":{"background-color":"var(--ast-global-color-5)","background-image":"","background-repeat":"repeat","background-position":"center center","background-size":"auto","background-attachment":"scroll","background-type":"","background-media":"","overlay-type":"","overlay-color":"","overlay-opacity":"","overlay-gradient":""},"tablet":{"background-color":"var(--ast-global-color-5)","background-image":"","background-repeat":"repeat","background-position":"center center","background-size":"auto","background-attachment":"scroll","background-type":"","background-media":"","overlay-type":"","overlay-color":"","overlay-opacity":"","overlay-gradient":""},"mobile":{"background-color":"var(--ast-global-color-5)","background-image":"","background-repeat":"repeat","background-position":"center center","background-size":"auto","background-attachment":"scroll","background-type":"","background-media":"","overlay-type":"","overlay-color":"","overlay-opacity":"","overlay-gradient":""}},"_joinchat":{"telephone":"17776015835"}},"product_brand":[],"product_cat":[67,278,154,156,142],"product_tag":[470,469,328,105,198],"class_list":{"0":"post-4111","1":"product","2":"type-product","3":"status-publish","4":"has-post-thumbnail","6":"product_cat-30000-puff","7":"product_cat-bang-leader-vape","8":"product_cat-buy-disposable-vapes-in-netherlands","9":"product_cat-buy-disposable-vapes-in-poland","10":"product_cat-digital-box-disposable-vapes","11":"product_tag-30k-puff-vape","12":"product_tag-bang-leader-30k","13":"product_tag-cheap-e-cigs","14":"product_tag-digital-disposable-vape","15":"product_tag-double-flavor-disposable-vape","16":"desktop-align-left","17":"tablet-align-left","18":"mobile-align-left","20":"first","21":"instock","22":"sale","23":"shipping-taxable","24":"purchasable","25":"product-type-simple"},"acf":[],"uagb_featured_image_src":{"full":["https:\/\/vapestornado.com\/wp-content\/uploads\/2025\/04\/Bang-30000-Puffs-Pro-Big-Screen-Double-Flavors-Disposable.webp",800,800,false],"thumbnail":["https:\/\/vapestornado.com\/wp-content\/uploads\/2025\/04\/Bang-30000-Puffs-Pro-Big-Screen-Double-Flavors-Disposable-150x150.webp",150,150,true],"medium":["https:\/\/vapestornado.com\/wp-content\/uploads\/2025\/04\/Bang-30000-Puffs-Pro-Big-Screen-Double-Flavors-Disposable-300x300.webp",300,300,true],"medium_large":["https:\/\/vapestornado.com\/wp-content\/uploads\/2025\/04\/Bang-30000-Puffs-Pro-Big-Screen-Double-Flavors-Disposable-768x768.webp",768,768,true],"large":["https:\/\/vapestornado.com\/wp-content\/uploads\/2025\/04\/Bang-30000-Puffs-Pro-Big-Screen-Double-Flavors-Disposable.webp",800,800,false],"1536x1536":["https:\/\/vapestornado.com\/wp-content\/uploads\/2025\/04\/Bang-30000-Puffs-Pro-Big-Screen-Double-Flavors-Disposable.webp",800,800,false],"2048x2048":["https:\/\/vapestornado.com\/wp-content\/uploads\/2025\/04\/Bang-30000-Puffs-Pro-Big-Screen-Double-Flavors-Disposable.webp",800,800,false],"trp-custom-language-flag":["https:\/\/vapestornado.com\/wp-content\/uploads\/2025\/04\/Bang-30000-Puffs-Pro-Big-Screen-Double-Flavors-Disposable.webp",12,12,false],"woocommerce_thumbnail":["https:\/\/vapestornado.com\/wp-content\/uploads\/2025\/04\/Bang-30000-Puffs-Pro-Big-Screen-Double-Flavors-Disposable-300x300.webp",300,300,true],"woocommerce_single":["https:\/\/vapestornado.com\/wp-content\/uploads\/2025\/04\/Bang-30000-Puffs-Pro-Big-Screen-Double-Flavors-Disposable-600x600.webp",600,600,true],"woocommerce_gallery_thumbnail":["https:\/\/vapestornado.com\/wp-content\/uploads\/2025\/04\/Bang-30000-Puffs-Pro-Big-Screen-Double-Flavors-Disposable-100x100.webp",100,100,true]},"uagb_author_info":{"display_name":"ESAMY","author_link":"https:\/\/vapestornado.com\/fr\/author\/"},"uagb_comment_info":0,"uagb_excerpt":"Bang Leader 30000 Puffs Cheap E Cigs Smoke Shop Wholesale Poland Bang Leader 30000 Puffs 2 in 1 Double Flavor Vape Box Wholesale Price Bang Leader 30000 Puffs\u00a0 Cheap ECigs Buy In Bulk Add Amy's whatsapp to get right reply and discount price! WhatsApp: +86 17776015835 &nbsp;","_links":{"self":[{"href":"https:\/\/vapestornado.com\/fr\/wp-json\/wp\/v2\/product\/4111","targetHints":{"allow":["GET"]}}],"collection":[{"href":"https:\/\/vapestornado.com\/fr\/wp-json\/wp\/v2\/product"}],"about":[{"href":"https:\/\/vapestornado.com\/fr\/wp-json\/wp\/v2\/types\/product"}],"replies":[{"embeddable":true,"href":"https:\/\/vapestornado.com\/fr\/wp-json\/wp\/v2\/comments?post=4111"}],"wp:featuredmedia":[{"embeddable":true,"href":"https:\/\/vapestornado.com\/fr\/wp-json\/wp\/v2\/media\/4105"}],"wp:attachment":[{"href":"https:\/\/vapestornado.com\/fr\/wp-json\/wp\/v2\/media?parent=4111"}],"wp:term":[{"taxonomy":"product_brand","embeddable":true,"href":"https:\/\/vapestornado.com\/fr\/wp-json\/wp\/v2\/product_brand?post=4111"},{"taxonomy":"product_cat","embeddable":true,"href":"https:\/\/vapestornado.com\/fr\/wp-json\/wp\/v2\/product_cat?post=4111"},{"taxonomy":"product_tag","embeddable":true,"href":"https:\/\/vapestornado.com\/fr\/wp-json\/wp\/v2\/product_tag?post=4111"}],"curies":[{"name":"wp","href":"https:\/\/api.w.org\/{rel}","templated":true}]}}