{"id":4103,"date":"2025-04-10T09:29:15","date_gmt":"2025-04-10T09:29:15","guid":{"rendered":"https:\/\/vapestornado.com\/?post_type=product&#038;p=4103"},"modified":"2025-12-02T09:08:48","modified_gmt":"2025-12-02T09:08:48","slug":"bang-leader-45000-puff-45k-cheap-e-cigs-bulk-buy-online","status":"publish","type":"product","link":"https:\/\/vapestornado.com\/fr\/product\/bang-leader-45000-puff-45k-cheap-e-cigs-bulk-buy-online\/","title":{"rendered":"Bang Leader 45000 Bouff\u00e9es 45k Cigarettes \u00e9lectroniques pas ch\u00e8res Achat en gros en ligne"},"content":{"rendered":"<h1 data-pm-slice=\"1 1 []\">Bang Leader 45000 Bouff\u00e9es 45k Cigarettes \u00e9lectroniques pas ch\u00e8res Achat en gros en ligne<\/h1>\n<p data-start=\"465\" data-end=\"826\">L' <strong data-start=\"469\" data-end=\"511\">Vape jetable Bang Leader 45000 Puffs<\/strong> se pr\u00e9sente comme l'une des options les plus puissantes et fiables dans la cat\u00e9gorie des vapoteuses jetables de 45 000 bouff\u00e9es. Avec une batterie rechargeable de 650mAh, des forces de nicotine de 0%, 2% et 5%, et une capacit\u00e9 impressionnante de 45 000 bouff\u00e9es, l'appareil offre une exp\u00e9rience de vapotage longue dur\u00e9e et constante, parfaite pour des sessions prolong\u00e9es.<\/p>\n<h4 data-start=\"828\" data-end=\"878\">1. Batterie haute performance et \u00e9cran intelligent<\/h4>\n<p data-start=\"879\" data-end=\"1303\">\u00c9quip\u00e9 d'une <strong data-start=\"895\" data-end=\"926\">batterie rechargeable de 650 mAh<\/strong>, la vapoteuse Bang Leader vous garantit de profiter de sessions de vapotage prolong\u00e9es sans vous soucier des recharges fr\u00e9quentes. Elle dispose \u00e9galement d\u2019un <strong data-start=\"1058\" data-end=\"1083\">affichage num\u00e9rique intelligent<\/strong> qui fournit des informations en temps r\u00e9el sur le niveau de la batterie et du e-liquide, offrant aux utilisateurs un contr\u00f4le total pendant l\u2019utilisation. Cette fonctionnalit\u00e9 \u00e9limine les suppositions, vous aidant \u00e0 surveiller l\u2019\u00e9tat de l\u2019appareil pour une exp\u00e9rience sans souci.<\/p>\n<h4 data-start=\"1305\" data-end=\"1337\">2. R\u00e9sistance en mesh 1.0\u03a9 optimis\u00e9e<\/h4>\n<p data-start=\"1338\" data-end=\"1634\">L' <strong data-start=\"1342\" data-end=\"1360\">Bobine Mesh 1.0\u03a9<\/strong> utilis\u00e9e dans la vapoteuse Bang Leader, am\u00e9liore la production de vapeur et garantit des inhalations fluides et savoureuses du d\u00e9but \u00e0 la fin. La conception en mesh de la r\u00e9sistance offre une meilleure efficacit\u00e9 de chauffage, fournissant une vapeur coh\u00e9rente et uniforme tout au long de l\u2019utilisation de l\u2019appareil, am\u00e9liorant ainsi l\u2019exp\u00e9rience globale de vapotage.<\/p>\n<h4 data-start=\"1636\" data-end=\"1672\">3. Syst\u00e8me de commutation double saveur<\/h4>\n<p data-start=\"1673\" data-end=\"1877\">Une caract\u00e9ristique remarquable de cette vapoteuse est son <strong data-start=\"1712\" data-end=\"1744\">syst\u00e8me de commutation double saveur<\/strong>, qui permet aux utilisateurs de passer instantan\u00e9ment entre deux profils de saveurs diff\u00e9rents. Parmi les combinaisons de saveurs les plus populaires, on trouve :<\/p>\n<ul data-start=\"1878\" data-end=\"2042\">\n<li data-start=\"1878\" data-end=\"1928\">\n<p data-start=\"1880\" data-end=\"1928\"><strong data-start=\"1880\" data-end=\"1928\">Framboise Bleue<\/strong><\/p>\n<\/li>\n<li data-start=\"1929\" data-end=\"1969\">\n<p data-start=\"1931\" data-end=\"1969\"><strong data-start=\"1931\" data-end=\"1969\">Red Bull<\/strong><\/p>\n<\/li>\n<li data-start=\"1970\" data-end=\"2003\">\n<p data-start=\"1972\" data-end=\"2003\"><strong data-start=\"1972\" data-end=\"2003\">Cola glac\u00e9<\/strong><\/p>\n<\/li>\n<li data-start=\"2004\" data-end=\"2042\">\n<p data-start=\"2006\" data-end=\"2042\"><strong data-start=\"2006\" data-end=\"2042\">Myrtille Glac\u00e9e<\/strong><\/p>\n<\/li>\n<\/ul>\n<p data-start=\"2044\" data-end=\"2199\">Ce syst\u00e8me \u00e0 double saveur offre une grande polyvalence, permettant aux utilisateurs de profiter d\u2019une vari\u00e9t\u00e9 de saveurs dans un seul appareil, rendant l\u2019exp\u00e9rience de vapotage excitante et renouvel\u00e9e.<\/p>\n<h4 data-start=\"2201\" data-end=\"2236\">4. Design compact et portable<\/h4>\n<p data-start=\"2237\" data-end=\"2544\">L' <strong data-start=\"2241\" data-end=\"2267\">Bang Leader 45000 Bouff\u00e9es<\/strong> est con\u00e7u pour \u00eatre compact et facile \u00e0 glisser dans une poche, garantissant une commodit\u00e9 pour une utilisation en d\u00e9placement. Son design ergonomique permet aux utilisateurs de le transporter sans effort, que ce soit pour une utilisation quotidienne ou en voyage. C\u2019est une solution pratique pour ceux qui recherchent un appareil de vapotage haute performance et portable.<\/p>\n<h4 data-start=\"2546\" data-end=\"2585\">5. Forte demande sur le march\u00e9 europ\u00e9en<\/h4>\n<p data-start=\"2586\" data-end=\"2963\">En tant que vapoteuse jetable haut de gamme, le <strong data-start=\"2620\" data-end=\"2646\">Bang Leader 45000 Bouff\u00e9es<\/strong> est positionn\u00e9 pour r\u00e9pondre \u00e0 la demande croissante sur le march\u00e9 europ\u00e9en. Ses performances et ses fonctionnalit\u00e9s en font un excellent choix tant pour un usage personnel que pour la distribution en gros. Pour les boutiques de vapotage et les revendeurs, il offre un fort potentiel de demande, <strong data-start=\"2884\" data-end=\"2907\">marges comp\u00e9titives<\/strong>, et un appareil con\u00e7u pour attirer <strong data-start=\"2942\" data-end=\"2962\">des clients fid\u00e8les<\/strong>.<\/p>\n<h4 data-start=\"2965\" data-end=\"2998\">6. Options de force de nicotine<\/h4>\n<p data-start=\"2999\" data-end=\"3233\">L'appareil est disponible en trois options de force de nicotine : <strong data-start=\"3059\" data-end=\"3077\">0%, 2% et 5%<\/strong>, r\u00e9pondant \u00e0 un large \u00e9ventail d'utilisateurs. Que vous pr\u00e9f\u00e9riez une exp\u00e9rience sans nicotine ou une sensation plus forte, le Bang Leader 45000 Puff a quelque chose pour tout le monde.<\/p>\n<p data-start=\"666\" data-end=\"1235\"><strong style=\"font-size: 16px;\"><span style=\"color: #ff0000;\">Ajoutez le WhatsApp d'Amy pour obtenir une r\u00e9ponse rapide et un prix r\u00e9duit !<\/span><\/strong><\/p>\n<p><img fetchpriority=\"high\" decoding=\"async\" class=\"size-full wp-image-2932\" src=\"https:\/\/vapestornado.com\/wp-content\/uploads\/2024\/12\/Vape-Wholesale.jpg\" alt=\"Vente en Gros de Vapes\" width=\"229\" height=\"300\" \/><\/p>\n<h3><a href=\"https:\/\/wa.me\/8617776015835\" target=\"_blank\" rel=\"noopener\"><span style=\"color: #ff0000;\"><strong>WhatsApp : +86 17776015835<\/strong><\/span><\/a><\/h3>\n<p>&nbsp;<\/p>\n<h2><strong>Caract\u00e9ristiques principales du Bang Leader 45000<\/strong><\/h2>\n<p>Marque: BANG LEADER<br \/>\nPUFFS : 45000<br \/>\nBatterie: 650mah rechargeable<br \/>\nR\u00e9sistance : 1,0 ohm<br \/>\n2 en 1 double saveur<br \/>\nAffichage num\u00e9rique pour l'huile et la batterie<br \/>\nNicotine 0% 2% 5%<\/p>\n<h2 class=\"product-title\"><strong>Aper\u00e7u des saveurs de cigarette \u00e9lectronique jetable Bang Leader 45k<\/strong><\/h2>\n<article class=\"w-full text-token-text-primary focus-visible:outline-2 focus-visible:outline-offset-[-4px]\" dir=\"auto\" data-testid=\"conversation-turn-32\" data-scroll-anchor=\"false\">\n<div class=\"m-auto text-base py-[18px] px-6\">\n<div class=\"mx-auto flex flex-1 text-base gap-4 md:gap-5 lg:gap-6 md:max-w-3xl lg:max-w-[40rem] xl:max-w-[48rem]\">\n<div class=\"group\/conversation-turn relative flex w-full min-w-0 flex-col @xs\/thread:px-0 @sm\/thread:px-1.5 @md\/thread:px-4\">\n<div class=\"flex-col gap-1 md:gap-3\">\n<div class=\"flex max-w-full flex-col flex-grow\">\n<div class=\"min-h-8 text-message flex w-full flex-col items-end gap-2 whitespace-normal break-words text-start [.text-message+&amp;]:mt-5\" dir=\"auto\" data-message-author-role=\"user\" data-message-id=\"ffac41ca-1db4-431b-873a-32c4052956f1\">\n<div class=\"flex w-full flex-col gap-1 empty:hidden items-end rtl:items-start\">\n<div class=\"relative max-w-[var(--user-chat-width,70%)] rounded-3xl bg-token-message-surface px-5 py-2.5\">\n<div class=\"absolute bottom-0 right-full top-0 -mr-3.5 hidden pr-5 pt-2 [.group\/conversation-turn:hover_&amp;]:flex\">\n<div class=\"flex\">\n<article class=\"w-full text-token-text-primary focus-visible:outline-2 focus-visible:outline-offset-[-4px]\" dir=\"auto\" data-testid=\"conversation-turn-39\" data-scroll-anchor=\"true\">\n<div class=\"m-auto text-base py-[18px] px-6\">\n<div class=\"mx-auto flex flex-1 text-base gap-4 md:gap-5 lg:gap-6 md:max-w-3xl lg:max-w-[40rem] xl:max-w-[48rem]\">\n<div class=\"group\/conversation-turn relative flex w-full min-w-0 flex-col agent-turn @xs\/thread:px-0 @sm\/thread:px-1.5 @md\/thread:px-4\">\n<div class=\"flex-col gap-1 md:gap-3\">\n<div class=\"flex max-w-full flex-col flex-grow\">\n<div class=\"min-h-8 text-message flex w-full flex-col items-end gap-2 whitespace-normal break-words text-start [.text-message+&amp;]:mt-5\" dir=\"auto\" data-message-author-role=\"assistant\" data-message-id=\"55a23854-ec57-48dd-bd4f-6118f43d6241\" data-message-model-slug=\"gpt-4o\">\n<div class=\"flex w-full flex-col gap-1 empty:hidden first:pt-[3px]\">\n<div class=\"markdown prose w-full break-words dark:prose-invert light\">\n<p>1.Past\u00e8que glac\u00e9e<br \/>\n2.Fraise et past\u00e8que<br \/>\n3.Fraise et past\u00e8que<br \/>\n4.Myrtille framboise<br \/>\n5.Myrtille past\u00e8que<br \/>\n6.Myrtille glac\u00e9e<br \/>\n7.Myrtille glac\u00e9e<br \/>\n8.Boisson \u00e9nergisante<br \/>\n9.Boisson \u00e9nergisante<br \/>\n10.Fraise kiwi<br \/>\n11. Cola Glac\u00e9<br \/>\n12. Ananas Glac\u00e9<\/p>\n<figure id=\"attachment_4097\" aria-describedby=\"caption-attachment-4097\" style=\"width: 300px\" class=\"wp-caption alignnone\"><img decoding=\"async\" class=\"size-medium wp-image-4097\" src=\"https:\/\/vapestornado.com\/wp-content\/uploads\/2025\/04\/Bang-45000-Puff-Buy-Vape-Mods-Online-300x300.webp\" alt=\"Bang 45000 Puff Acheter des Mods de Vape en ligne\" width=\"300\" height=\"300\" srcset=\"https:\/\/vapestornado.com\/wp-content\/uploads\/2025\/04\/Bang-45000-Puff-Buy-Vape-Mods-Online-300x300.webp 300w, https:\/\/vapestornado.com\/wp-content\/uploads\/2025\/04\/Bang-45000-Puff-Buy-Vape-Mods-Online-150x150.webp 150w, https:\/\/vapestornado.com\/wp-content\/uploads\/2025\/04\/Bang-45000-Puff-Buy-Vape-Mods-Online-768x768.webp 768w, https:\/\/vapestornado.com\/wp-content\/uploads\/2025\/04\/Bang-45000-Puff-Buy-Vape-Mods-Online-600x600.webp 600w, https:\/\/vapestornado.com\/wp-content\/uploads\/2025\/04\/Bang-45000-Puff-Buy-Vape-Mods-Online-100x100.webp 100w, https:\/\/vapestornado.com\/wp-content\/uploads\/2025\/04\/Bang-45000-Puff-Buy-Vape-Mods-Online.webp 800w\" sizes=\"(max-width: 300px) 100vw, 300px\" \/><figcaption id=\"caption-attachment-4097\" class=\"wp-caption-text\">Bang 45000 Puff Acheter des Mods de Vape en ligne<\/figcaption><\/figure>\n<\/div>\n<\/div>\n<\/div>\n<\/div>\n<\/div>\n<\/div>\n<\/div>\n<\/div>\n<\/article>\n<\/div>\n<\/div>\n<\/div>\n<\/div>\n<\/div>\n<\/div>\n<\/div>\n<\/div>\n<\/div>\n<\/div>\n<\/article>\n<h2>Pourquoi choisir Vapestornado est le meilleur endroit pour acheter des cigarettes \u00e9lectroniques ?<\/h2>\n<div class=\"flex-shrink-0 flex flex-col relative items-end\">\n<div class=\"pt-0\">\n<div class=\"gizmo-bot-avatar flex h-8 w-8 items-center justify-center overflow-hidden rounded-full\">\n<div class=\"relative p-1 rounded-sm flex items-center justify-center bg-token-main-surface-primary text-token-text-primary h-8 w-8\">\n<p>At\u00a0<strong>VapeTornado<\/strong>, nous sommes fiers de fournir\u00a0<strong>des produits de vapotage de qualit\u00e9 sup\u00e9rieure \u00e0 des prix imbattables<\/strong>\u2014et le Bang Leader 45000 Puff 45k ne fait pas exception ! Voici pourquoi vous devriez acheter chez nous :<\/p>\n<p class=\"\" data-start=\"49\" data-end=\"193\"><strong data-start=\"49\" data-end=\"81\">Prix de gros imbattables<\/strong> \u2013 Profitez des meilleures offres en gros du march\u00e9, faisant de nous le fournisseur incontournable pour les boutiques de vape et les revendeurs du monde entier.<\/p>\n<p class=\"\" data-start=\"195\" data-end=\"340\"><strong data-start=\"195\" data-end=\"228\">Rapide<\/strong> \u2013 Nous livrons vos commandes rapidement et en toute s\u00e9curit\u00e9, avec des options d'exp\u00e9dition mondiales fiables adapt\u00e9es \u00e0 vos besoins.<\/p>\n<p class=\"\" data-start=\"342\" data-end=\"487\"><strong data-start=\"342\" data-end=\"367\">Produits authentiques 100%<\/strong> \u2013 Dites adieu aux contrefa\u00e7ons ! Nous garantissons uniquement l'achat d'une vape Bang 45000 Puff originale avec une qualit\u00e9 et des performances v\u00e9rifi\u00e9es.<\/p>\n<p class=\"\" data-start=\"489\" data-end=\"627\"><strong data-start=\"489\" data-end=\"516\">Support client expert<\/strong> \u2013 Vous avez des questions ? Notre \u00e9quipe de vape comp\u00e9tente est l\u00e0 pour vous \u00e0 tout moment, assurant un service fluide et sans tracas.<\/p>\n<p data-start=\"559\" data-end=\"933\" data-is-last-node=\"\" data-is-only-node=\"\">Nous avons \u00e9galement d'autres vapes populaires avec \u00e9cran comme <a href=\"https:\/\/vapestornado.com\/fr\/product\/wga-legend-ultra-30k-30000-puffs-rechargeable-vape-pod-twins-flavor\/\">WGA Crystal 30000 Bouff\u00e9es<\/a>, <a href=\"https:\/\/vapestornado.com\/fr\/product\/waspe-aiviou-3-in-1-60000-puffs-disposable-vape-kit-best-price\/\">WASPE 60000 3 en 1<\/a>, <a href=\"https:\/\/vapestornado.com\/fr\/product\/uzy-crystal-50000-puff-twin-flavor-bulk-vapes-for-cheap\/\">UZY Cristal 50000<\/a>, et plus encore.<\/p>\n<\/div>\n<div class=\"relative p-1 rounded-sm flex items-center justify-center bg-token-main-surface-primary text-token-text-primary h-8 w-8\">\n<h2>Questions fr\u00e9quentes sur le Bang Leader 45000 Puff que vous pourriez vouloir conna\u00eetre<\/h2>\n<p class=\"\" data-start=\"1408\" data-end=\"1608\"><strong data-start=\"1408\" data-end=\"1466\">1. Combien de temps dure la vape Bang Leader 45000 Puff ?<\/strong><br data-start=\"1466\" data-end=\"1469\" \/>Cet appareil offre jusqu'\u00e0 <strong data-start=\"1494\" data-end=\"1509\">45000 bouff\u00e9es<\/strong>, ce qui peut durer des semaines en fonction de votre utilisation, le rendant id\u00e9al pour une utilisation de longue dur\u00e9e ou pour la revente.<\/p>\n<p class=\"\" data-start=\"1610\" data-end=\"1771\"><strong data-start=\"1610\" data-end=\"1659\">2. Puis-je recharger la vape Bang Leader 45000 ?<\/strong><br data-start=\"1659\" data-end=\"1662\" \/>Oui ! Il est livr\u00e9 avec un <strong data-start=\"1692\" data-end=\"1723\">batterie rechargeable de 650 mAh<\/strong> et un port de charge Type-C pour des recharges rapides.<\/p>\n<p class=\"\" data-start=\"1773\" data-end=\"1986\"><strong data-start=\"1773\" data-end=\"1826\">3. Quel est l'avantage du syst\u00e8me \u00e0 double saveur ?<\/strong><br data-start=\"1826\" data-end=\"1829\" \/>L' <strong data-start=\"1833\" data-end=\"1857\">2 en 1 double saveur<\/strong> La configuration vous offre plus de vari\u00e9t\u00e9 dans un seul appareil. Vous pouvez profiter d'une saveur, passer \u00e0 l'autre, ou les m\u00e9langer pour une exp\u00e9rience gustative unique.<\/p>\n<p class=\"\" data-start=\"1988\" data-end=\"2168\"><strong data-start=\"1988\" data-end=\"2047\">4. Y a-t-il un moyen de v\u00e9rifier les niveaux de batterie et d'e-liquide ?<\/strong><br data-start=\"2047\" data-end=\"2050\" \/>Absolument ! L\u2019 <strong data-start=\"2066\" data-end=\"2091\">affichage num\u00e9rique intelligent<\/strong> L'\u00e9cran intelligent indique \u00e0 la fois la dur\u00e9e de vie de la batterie et l'e-liquide restant, vous \u00eates donc toujours en contr\u00f4le.<\/p>\n<p class=\"\" data-start=\"2170\" data-end=\"2384\"><strong data-start=\"2170\" data-end=\"2225\">5. Quelles sont les combinaisons de saveurs les plus populaires ?<\/strong><br data-start=\"2225\" data-end=\"2228\" \/>Les choix populaires incluent <strong data-start=\"2246\" data-end=\"2277\">Fraise Kiwi<\/strong>, <strong data-start=\"2279\" data-end=\"2316\">Glace Myrtille<\/strong>, et <strong data-start=\"2322\" data-end=\"2354\">Glace Ananas<\/strong> \u2013 des favoris pour une bonne raison !<\/p>\n<\/div>\n<\/div>\n<\/div>\n<\/div>","protected":false},"excerpt":{"rendered":"<p class=\"LC20lb MBeuO DKV0Md\">Bang Leader 45000 Grossiste de cigarettes \u00e9lectroniques pas cher<br \/>\nBang 45000 Puffs 45k 2-en-1 Double Saveur Vape Box Prix de gros<br \/>\nBang Leader 45k Puffs Cigarettes \u00e9lectroniques pas ch\u00e8res Achat en gros<\/p>\n<p><strong>Ajoutez le WhatsApp d'Amy pour obtenir une r\u00e9ponse rapide et un prix r\u00e9duit !<\/strong><\/p>\n<p><img fetchpriority=\"high\" decoding=\"async\" class=\"size-full wp-image-2932\" src=\"https:\/\/vapestornado.com\/wp-content\/uploads\/2024\/12\/Vape-Wholesale.jpg\" alt=\"Vente en Gros de Vapes\" width=\"229\" height=\"300\" \/><\/p>\n<h3><a href=\"https:\/\/wa.me\/8617776015835\"><span style=\"color: #ff0000;\"><strong>WhatsApp : +86 17776015835<\/strong><\/span><\/a><\/h3>\n<p>&nbsp;<\/p>","protected":false},"featured_media":4098,"comment_status":"open","ping_status":"closed","template":"","meta":{"_acf_changed":false,"_uag_custom_page_level_css":"","_lmt_disableupdate":"no","_lmt_disable":"","_monsterinsights_skip_tracking":false,"_monsterinsights_sitenote_active":false,"_monsterinsights_sitenote_note":"","_monsterinsights_sitenote_category":0,"site-sidebar-layout":"default","site-content-layout":"","ast-site-content-layout":"default","site-content-style":"default","site-sidebar-style":"default","ast-global-header-display":"","ast-banner-title-visibility":"","ast-main-header-display":"","ast-hfb-above-header-display":"","ast-hfb-below-header-display":"","ast-hfb-mobile-header-display":"","site-post-title":"","ast-breadcrumbs-content":"","ast-featured-img":"","footer-sml-layout":"","ast-disable-related-posts":"","theme-transparent-header-meta":"default","adv-header-id-meta":"","stick-header-meta":"","header-above-stick-meta":"","header-main-stick-meta":"","header-below-stick-meta":"","astra-migrate-meta-layouts":"set","ast-page-background-enabled":"default","ast-page-background-meta":{"desktop":{"background-color":"","background-image":"","background-repeat":"repeat","background-position":"center center","background-size":"auto","background-attachment":"scroll","background-type":"","background-media":"","overlay-type":"","overlay-color":"","overlay-opacity":"","overlay-gradient":""},"tablet":{"background-color":"","background-image":"","background-repeat":"repeat","background-position":"center center","background-size":"auto","background-attachment":"scroll","background-type":"","background-media":"","overlay-type":"","overlay-color":"","overlay-opacity":"","overlay-gradient":""},"mobile":{"background-color":"","background-image":"","background-repeat":"repeat","background-position":"center center","background-size":"auto","background-attachment":"scroll","background-type":"","background-media":"","overlay-type":"","overlay-color":"","overlay-opacity":"","overlay-gradient":""}},"ast-content-background-meta":{"desktop":{"background-color":"var(--ast-global-color-5)","background-image":"","background-repeat":"repeat","background-position":"center center","background-size":"auto","background-attachment":"scroll","background-type":"","background-media":"","overlay-type":"","overlay-color":"","overlay-opacity":"","overlay-gradient":""},"tablet":{"background-color":"var(--ast-global-color-5)","background-image":"","background-repeat":"repeat","background-position":"center center","background-size":"auto","background-attachment":"scroll","background-type":"","background-media":"","overlay-type":"","overlay-color":"","overlay-opacity":"","overlay-gradient":""},"mobile":{"background-color":"var(--ast-global-color-5)","background-image":"","background-repeat":"repeat","background-position":"center center","background-size":"auto","background-attachment":"scroll","background-type":"","background-media":"","overlay-type":"","overlay-color":"","overlay-opacity":"","overlay-gradient":""}},"_joinchat":{"telephone":"17776015835"}},"product_brand":[],"product_cat":[265,278,154,156,142],"product_tag":[329,327,328,105,198],"class_list":{"0":"post-4103","1":"product","2":"type-product","3":"status-publish","4":"has-post-thumbnail","6":"product_cat-45000-puff","7":"product_cat-bang-leader-vape","8":"product_cat-buy-disposable-vapes-in-netherlands","9":"product_cat-buy-disposable-vapes-in-poland","10":"product_cat-digital-box-disposable-vapes","11":"product_tag-bang-leader-45000","12":"product_tag-bang-leader-45k","13":"product_tag-cheap-e-cigs","14":"product_tag-digital-disposable-vape","15":"product_tag-double-flavor-disposable-vape","16":"desktop-align-left","17":"tablet-align-left","18":"mobile-align-left","20":"first","21":"instock","22":"sale","23":"shipping-taxable","24":"purchasable","25":"product-type-simple"},"acf":[],"uagb_featured_image_src":{"full":["https:\/\/vapestornado.com\/wp-content\/uploads\/2025\/04\/Bang-Leader-45k-45000-Puff-Vape-Box-Cheap-Price.webp",800,800,false],"thumbnail":["https:\/\/vapestornado.com\/wp-content\/uploads\/2025\/04\/Bang-Leader-45k-45000-Puff-Vape-Box-Cheap-Price-150x150.webp",150,150,true],"medium":["https:\/\/vapestornado.com\/wp-content\/uploads\/2025\/04\/Bang-Leader-45k-45000-Puff-Vape-Box-Cheap-Price-300x300.webp",300,300,true],"medium_large":["https:\/\/vapestornado.com\/wp-content\/uploads\/2025\/04\/Bang-Leader-45k-45000-Puff-Vape-Box-Cheap-Price-768x768.webp",768,768,true],"large":["https:\/\/vapestornado.com\/wp-content\/uploads\/2025\/04\/Bang-Leader-45k-45000-Puff-Vape-Box-Cheap-Price.webp",800,800,false],"1536x1536":["https:\/\/vapestornado.com\/wp-content\/uploads\/2025\/04\/Bang-Leader-45k-45000-Puff-Vape-Box-Cheap-Price.webp",800,800,false],"2048x2048":["https:\/\/vapestornado.com\/wp-content\/uploads\/2025\/04\/Bang-Leader-45k-45000-Puff-Vape-Box-Cheap-Price.webp",800,800,false],"trp-custom-language-flag":["https:\/\/vapestornado.com\/wp-content\/uploads\/2025\/04\/Bang-Leader-45k-45000-Puff-Vape-Box-Cheap-Price.webp",12,12,false],"woocommerce_thumbnail":["https:\/\/vapestornado.com\/wp-content\/uploads\/2025\/04\/Bang-Leader-45k-45000-Puff-Vape-Box-Cheap-Price-300x300.webp",300,300,true],"woocommerce_single":["https:\/\/vapestornado.com\/wp-content\/uploads\/2025\/04\/Bang-Leader-45k-45000-Puff-Vape-Box-Cheap-Price-600x600.webp",600,600,true],"woocommerce_gallery_thumbnail":["https:\/\/vapestornado.com\/wp-content\/uploads\/2025\/04\/Bang-Leader-45k-45000-Puff-Vape-Box-Cheap-Price-100x100.webp",100,100,true]},"uagb_author_info":{"display_name":"ESAMY","author_link":"https:\/\/vapestornado.com\/fr\/author\/"},"uagb_comment_info":0,"uagb_excerpt":"Bang Leader 45000 Cheap E Cigs Smoke Shop Wholesale Poland Bang\u00a0 45000 Puff 45k 2 in 1 Double Flavor Vape Box Wholesale Price Bang Leader Puff 45k Cheap ECigs Buy In Bulk Add Amy's whatsapp to get right reply and discount price! WhatsApp: +86 17776015835 &nbsp;","_links":{"self":[{"href":"https:\/\/vapestornado.com\/fr\/wp-json\/wp\/v2\/product\/4103","targetHints":{"allow":["GET"]}}],"collection":[{"href":"https:\/\/vapestornado.com\/fr\/wp-json\/wp\/v2\/product"}],"about":[{"href":"https:\/\/vapestornado.com\/fr\/wp-json\/wp\/v2\/types\/product"}],"replies":[{"embeddable":true,"href":"https:\/\/vapestornado.com\/fr\/wp-json\/wp\/v2\/comments?post=4103"}],"wp:featuredmedia":[{"embeddable":true,"href":"https:\/\/vapestornado.com\/fr\/wp-json\/wp\/v2\/media\/4098"}],"wp:attachment":[{"href":"https:\/\/vapestornado.com\/fr\/wp-json\/wp\/v2\/media?parent=4103"}],"wp:term":[{"taxonomy":"product_brand","embeddable":true,"href":"https:\/\/vapestornado.com\/fr\/wp-json\/wp\/v2\/product_brand?post=4103"},{"taxonomy":"product_cat","embeddable":true,"href":"https:\/\/vapestornado.com\/fr\/wp-json\/wp\/v2\/product_cat?post=4103"},{"taxonomy":"product_tag","embeddable":true,"href":"https:\/\/vapestornado.com\/fr\/wp-json\/wp\/v2\/product_tag?post=4103"}],"curies":[{"name":"wp","href":"https:\/\/api.w.org\/{rel}","templated":true}]}}