{"id":4089,"date":"2025-04-08T03:43:30","date_gmt":"2025-04-08T03:43:30","guid":{"rendered":"https:\/\/vapestornado.com\/?post_type=product&#038;p=4089"},"modified":"2025-08-23T12:34:43","modified_gmt":"2025-08-23T12:34:43","slug":"wga-legend-ultra-30k-30000-puffs-rechargeable-vape-pod-twins-flavor","status":"publish","type":"product","link":"https:\/\/vapestornado.com\/fr\/product\/wga-legend-ultra-30k-30000-puffs-rechargeable-vape-pod-twins-flavor\/","title":{"rendered":"WGA Legend Ultra 30K 30000 Bouff\u00e9es Vape Pod Rechargeable Saveur Jumel\u00e9e"},"content":{"rendered":"<h1 data-pm-slice=\"1 1 []\">WGA Legend Ultra 30K 30000 Bouff\u00e9es Vape Pod Rechargeable Saveur Jumel\u00e9e<\/h1>\n<p class=\"\" data-start=\"402\" data-end=\"928\">L' <strong data-start=\"316\" data-end=\"374\">Pod de vape rechargeable WGA Legend Ultra 30K 30000 bouff\u00e9es<\/strong> red\u00e9finit la polyvalence avec son <strong data-start=\"406\" data-end=\"429\">syst\u00e8me de double saveur<\/strong>, vous permettant de basculer entre deux <strong data-start=\"466\" data-end=\"491\">r\u00e9servoirs rechargeables de 10 ml<\/strong> pour une exp\u00e9rience de vapotage dynamique. Chaque bouff\u00e9e est aliment\u00e9e par une technologie <strong data-start=\"558\" data-end=\"582\">technologie de bobine de maille<\/strong>, offrant une vapeur douce et une saveur intense de mani\u00e8re constante. Con\u00e7u avec un <strong data-start=\"657\" data-end=\"679\">corps en cristal \u00e9l\u00e9gant<\/strong>, il est durable, \u00e9l\u00e9gant et id\u00e9al pour les d\u00e9placements quotidiens.<\/p>\n<p>\u00c9quip\u00e9 d'une <strong data-start=\"761\" data-end=\"792\">batterie rechargeable de 650 mAh<\/strong> et de <strong data-start=\"797\" data-end=\"821\">Charge rapide Type-C<\/strong>, le Legend Ultra 30K assure un temps d'arr\u00eat minimal et une utilisation fiable toute la journ\u00e9e. L'\u00e9cran <strong data-start=\"899\" data-end=\"924\">affichage num\u00e9rique intelligent<\/strong> vous tient inform\u00e9 des niveaux d'e-liquide et de l'autonomie de la batterie, vous donnant un contr\u00f4le total sur vos sessions. Offrant jusqu'\u00e0 <strong data-start=\"1039\" data-end=\"1055\">30 000 bouff\u00e9es<\/strong>, plusieurs concentrations de nicotine et la conformit\u00e9 TPD dans toute l'Europe, c'est l'\u00e9quilibre parfait entre performance, style et valeur de gros.<\/p>\n<p data-start=\"666\" data-end=\"1235\"><strong style=\"font-size: 16px;\"><span style=\"color: #ff0000;\">Ajoutez le WhatsApp d'Amy pour obtenir une r\u00e9ponse rapide et un prix r\u00e9duit !<\/span><\/strong><\/p>\n<p><img fetchpriority=\"high\" decoding=\"async\" class=\"size-full wp-image-2932\" src=\"https:\/\/vapestornado.com\/wp-content\/uploads\/2024\/12\/Vape-Wholesale.jpg\" alt=\"Vente en Gros de Vapes\" width=\"229\" height=\"300\" \/><\/p>\n<h3><a href=\"https:\/\/wa.me\/8617776015835\" target=\"_blank\" rel=\"noopener\"><span style=\"color: #ff0000;\"><strong>WhatsApp : +86 17776015835<\/strong><\/span><\/a><\/h3>\n<p>&nbsp;<\/p>\n<h2><strong>Principales caract\u00e9ristiques du produit WGA Legend Ultra 30K<\/strong><\/h2>\n<p>\u2022 Jusqu'\u00e0 30000 bouff\u00e9es<br \/>\n\u2022 Pod pr\u00e9-rempli de 2 ml<br \/>\n\u2022 2 x 10 ml d'e-liquide rechargeable<br \/>\n\u2022 Batterie int\u00e9gr\u00e9e de 650mAh<br \/>\n\u2022 Bobine Mesh<br \/>\n\u2022 \u00c9cran intelligent<br \/>\n\u2022 Vape \u00e0 double saveur<br \/>\n\u2022 Port Type-C<br \/>\n\u2022 Conforme \u00e0 la TPD<\/p>\n<figure id=\"attachment_4069\" aria-describedby=\"caption-attachment-4069\" style=\"width: 800px\" class=\"wp-caption alignnone\"><img decoding=\"async\" class=\"wp-image-4069 size-full\" src=\"https:\/\/vapestornado.com\/wp-content\/uploads\/2025\/04\/WGA-Crystal-Legend-Ultra-30000-30k-Disposable-Vape.webp\" alt=\"WGA Crystal Legend Ultra 30000 Vape Jetable 30k\" width=\"800\" height=\"800\" srcset=\"https:\/\/vapestornado.com\/wp-content\/uploads\/2025\/04\/WGA-Crystal-Legend-Ultra-30000-30k-Disposable-Vape.webp 800w, https:\/\/vapestornado.com\/wp-content\/uploads\/2025\/04\/WGA-Crystal-Legend-Ultra-30000-30k-Disposable-Vape-300x300.webp 300w, https:\/\/vapestornado.com\/wp-content\/uploads\/2025\/04\/WGA-Crystal-Legend-Ultra-30000-30k-Disposable-Vape-150x150.webp 150w, https:\/\/vapestornado.com\/wp-content\/uploads\/2025\/04\/WGA-Crystal-Legend-Ultra-30000-30k-Disposable-Vape-768x768.webp 768w, https:\/\/vapestornado.com\/wp-content\/uploads\/2025\/04\/WGA-Crystal-Legend-Ultra-30000-30k-Disposable-Vape-600x600.webp 600w, https:\/\/vapestornado.com\/wp-content\/uploads\/2025\/04\/WGA-Crystal-Legend-Ultra-30000-30k-Disposable-Vape-100x100.webp 100w\" sizes=\"(max-width: 800px) 100vw, 800px\" \/><figcaption id=\"caption-attachment-4069\" class=\"wp-caption-text\">WGA Crystal Legend Ultra 30000 Vape Jetable 30k<\/figcaption><\/figure>\n<h2 class=\"product-title\"><strong>Revue des saveurs des dispositifs jetables WGA Legend Ultra 30K<\/strong><\/h2>\n<article class=\"w-full text-token-text-primary focus-visible:outline-2 focus-visible:outline-offset-[-4px]\" dir=\"auto\" data-testid=\"conversation-turn-32\" data-scroll-anchor=\"false\">\n<div class=\"m-auto text-base py-[18px] px-6\">\n<div class=\"mx-auto flex flex-1 text-base gap-4 md:gap-5 lg:gap-6 md:max-w-3xl lg:max-w-[40rem] xl:max-w-[48rem]\">\n<div class=\"group\/conversation-turn relative flex w-full min-w-0 flex-col @xs\/thread:px-0 @sm\/thread:px-1.5 @md\/thread:px-4\">\n<div class=\"flex-col gap-1 md:gap-3\">\n<div class=\"flex max-w-full flex-col flex-grow\">\n<div class=\"min-h-8 text-message flex w-full flex-col items-end gap-2 whitespace-normal break-words text-start [.text-message+&amp;]:mt-5\" dir=\"auto\" data-message-author-role=\"user\" data-message-id=\"ffac41ca-1db4-431b-873a-32c4052956f1\">\n<div class=\"flex w-full flex-col gap-1 empty:hidden items-end rtl:items-start\">\n<div class=\"relative max-w-[var(--user-chat-width,70%)] rounded-3xl bg-token-message-surface px-5 py-2.5\">\n<div class=\"absolute bottom-0 right-full top-0 -mr-3.5 hidden pr-5 pt-2 [.group\/conversation-turn:hover_&amp;]:flex\">\n<div class=\"flex\">\n<article class=\"w-full text-token-text-primary focus-visible:outline-2 focus-visible:outline-offset-[-4px]\" dir=\"auto\" data-testid=\"conversation-turn-39\" data-scroll-anchor=\"true\">\n<div class=\"m-auto text-base py-[18px] px-6\">\n<div class=\"mx-auto flex flex-1 text-base gap-4 md:gap-5 lg:gap-6 md:max-w-3xl lg:max-w-[40rem] xl:max-w-[48rem]\">\n<div class=\"group\/conversation-turn relative flex w-full min-w-0 flex-col agent-turn @xs\/thread:px-0 @sm\/thread:px-1.5 @md\/thread:px-4\">\n<div class=\"flex-col gap-1 md:gap-3\">\n<div class=\"flex max-w-full flex-col flex-grow\">\n<div class=\"min-h-8 text-message flex w-full flex-col items-end gap-2 whitespace-normal break-words text-start [.text-message+&amp;]:mt-5\" dir=\"auto\" data-message-author-role=\"assistant\" data-message-id=\"55a23854-ec57-48dd-bd4f-6118f43d6241\" data-message-model-slug=\"gpt-4o\">\n<div class=\"flex w-full flex-col gap-1 empty:hidden first:pt-[3px]\">\n<div class=\"markdown prose w-full break-words dark:prose-invert light\">\n<ol data-start=\"21\" data-end=\"608\">\n<li class=\"\" data-start=\"21\" data-end=\"56\">\n<p class=\"\" data-start=\"24\" data-end=\"56\">Glace \u00e0 la myrtille \u2013 Glace \u00e0 la fraise<\/p>\n<\/li>\n<li class=\"\" data-start=\"57\" data-end=\"121\">\n<p class=\"\" data-start=\"60\" data-end=\"121\">Myrtille Framboise Cerise \u2013 Myrtille Fraise Canneberge<\/p>\n<\/li>\n<li class=\"\" data-start=\"122\" data-end=\"164\">\n<p class=\"\" data-start=\"125\" data-end=\"164\">Blue Razz Cherry \u2013 Limonade Blue Razz<\/p>\n<\/li>\n<li class=\"\" data-start=\"165\" data-end=\"193\">\n<p class=\"\" data-start=\"168\" data-end=\"193\">Blue Slush \u2013 Pink Slush<\/p>\n<\/li>\n<li class=\"\" data-start=\"194\" data-end=\"230\">\n<p class=\"\" data-start=\"197\" data-end=\"230\">Fizzy Cherry \u2013 Cherry Raspberry<\/p>\n<\/li>\n<li class=\"\" data-start=\"231\" data-end=\"265\">\n<p class=\"\" data-start=\"234\" data-end=\"265\">Glacier Mint \u2013 Triple Menthol<\/p>\n<\/li>\n<li class=\"\" data-start=\"266\" data-end=\"291\">\n<p class=\"\" data-start=\"269\" data-end=\"291\">Gummy Bear \u2013 Rainbow<\/p>\n<\/li>\n<li class=\"\" data-start=\"292\" data-end=\"333\">\n<p class=\"\" data-start=\"295\" data-end=\"333\">Juicy Peach \u2013 Mangue P\u00eache Past\u00e8que<\/p>\n<\/li>\n<li class=\"\" data-start=\"334\" data-end=\"363\">\n<p class=\"\" data-start=\"337\" data-end=\"363\">Lemon Lime \u2013 Lemon Slush<\/p>\n<\/li>\n<li class=\"\" data-start=\"364\" data-end=\"399\">\n<p class=\"\" data-start=\"368\" data-end=\"399\">Mr Blue \u2013 Blue Sour Raspberry<\/p>\n<\/li>\n<li class=\"\" data-start=\"400\" data-end=\"442\">\n<p class=\"\" data-start=\"404\" data-end=\"442\">Peach Guava Strawberry \u2013 Juicy Peach<\/p>\n<\/li>\n<li class=\"\" data-start=\"443\" data-end=\"476\">\n<p class=\"\" data-start=\"447\" data-end=\"476\">Pineapple Ice \u2013 Mangue Juteuse<\/p>\n<\/li>\n<li class=\"\" data-start=\"477\" data-end=\"514\">\n<p class=\"\" data-start=\"481\" data-end=\"514\">Sakura Raisin \u2013 Oursons en G\u00e9latine au Raisin<\/p>\n<\/li>\n<li class=\"\" data-start=\"515\" data-end=\"572\">\n<p class=\"\" data-start=\"519\" data-end=\"572\">Glace Framboise Fraise \u2013 Skittle Arc-en-Ciel \u00e0 la Fraise<\/p>\n<\/li>\n<li class=\"\" data-start=\"573\" data-end=\"608\">\n<p class=\"\" data-start=\"577\" data-end=\"608\">Glace \u00e0 la Past\u00e8que \u2013 Double Pomme<\/p>\n<\/li>\n<\/ol>\n<\/div>\n<\/div>\n<\/div>\n<\/div>\n<\/div>\n<\/div>\n<\/div>\n<\/div>\n<\/article>\n<\/div>\n<\/div>\n<\/div>\n<\/div>\n<\/div>\n<\/div>\n<\/div>\n<\/div>\n<\/div>\n<\/div>\n<\/article>\n<h2>Pourquoi Choisir Vapestornado pour l'Achat en Gros de WGA Crystal 30K Bouff\u00e9es ?<\/h2>\n<div class=\"flex-shrink-0 flex flex-col relative items-end\">\n<div class=\"pt-0\">\n<div class=\"gizmo-bot-avatar flex h-8 w-8 items-center justify-center overflow-hidden rounded-full\">\n<div class=\"relative p-1 rounded-sm flex items-center justify-center bg-token-main-surface-primary text-token-text-primary h-8 w-8\">\n<p>At\u00a0<strong>VapeTornado<\/strong>, nous sommes fiers de fournir\u00a0<strong>des produits de vapotage de qualit\u00e9 sup\u00e9rieure \u00e0 des prix imbattables<\/strong>\u2014et l'Elf Box Crystal Bar 600 ne fait pas exception ! Voici pourquoi vous devriez acheter chez nous :<\/p>\n<p class=\"\" data-start=\"49\" data-end=\"193\"><strong data-start=\"49\" data-end=\"81\">Prix de gros imbattables<\/strong> \u2013 Profitez des meilleures offres en gros du march\u00e9, faisant de nous le fournisseur incontournable pour les boutiques de vape et les revendeurs du monde entier.<\/p>\n<p class=\"\" data-start=\"195\" data-end=\"340\"><strong data-start=\"195\" data-end=\"228\">Rapide<\/strong> \u2013 Nous livrons vos commandes rapidement et en toute s\u00e9curit\u00e9, avec des options d'exp\u00e9dition mondiales fiables adapt\u00e9es \u00e0 vos besoins.<\/p>\n<p class=\"\" data-start=\"342\" data-end=\"487\"><strong data-start=\"342\" data-end=\"367\">Produits authentiques 100%<\/strong> \u2013 Dites adieu aux contrefa\u00e7ons ! Nous garantissons uniquement des vapes jetables WASPE Triple originales avec une qualit\u00e9 et des performances v\u00e9rifi\u00e9es.<\/p>\n<p class=\"\" data-start=\"489\" data-end=\"627\"><strong data-start=\"489\" data-end=\"516\">Support client expert<\/strong> \u2013 Vous avez des questions ? Notre \u00e9quipe de vape comp\u00e9tente est l\u00e0 pour vous \u00e0 tout moment, assurant un service fluide et sans tracas.<\/p>\n<p data-start=\"559\" data-end=\"933\" data-is-last-node=\"\" data-is-only-node=\"\">Nous avons \u00e9galement d'autres vapes populaires avec \u00e9cran comme <a href=\"https:\/\/vapestornado.com\/fr\/product\/bang-king-vape-36000-puff-dual-vaping-mode-disposables-pod-best-price\/\">BANG KING 36000 Chicha<\/a>, <a href=\"https:\/\/vapestornado.com\/fr\/product\/waspe-aiviou-3-in-1-60000-puffs-disposable-vape-kit-best-price\/\">WASPE 60000 3 en 1<\/a>, <a href=\"https:\/\/vapestornado.com\/fr\/product\/alfakh-crown-bar-20000-puffs-disposable-shisha-hookah-wholesale-vape-pen\/\">ALFAKH 20000<\/a>, et plus encore.<\/p>\n<\/div>\n<div class=\"relative p-1 rounded-sm flex items-center justify-center bg-token-main-surface-primary text-token-text-primary h-8 w-8\">\n<h2>FAQ pour WGA Legend Ultra 30000<\/h2>\n<p class=\"\" data-start=\"1444\" data-end=\"1657\"><strong data-start=\"1444\" data-end=\"1503\">1. Comment changer de saveur sur le WGA Legend Ultra 30K ?<\/strong><br data-start=\"1503\" data-end=\"1506\" \/>L'appareil est dot\u00e9 d'une conception \u00e0 double r\u00e9servoir. Il suffit de basculer le s\u00e9lecteur ou d'inhaler du c\u00f4t\u00e9 d\u00e9sign\u00e9 pour passer d'une saveur pr\u00e9remplie de 10 ml \u00e0 l'autre.<\/p>\n<p class=\"\" data-start=\"1659\" data-end=\"1864\"><strong data-start=\"1659\" data-end=\"1719\">2. Le WGA Legend Ultra 30K est-il rechargeable ou jetable ?<\/strong><br data-start=\"1719\" data-end=\"1722\" \/>Cet appareil comprend <strong data-start=\"1743\" data-end=\"1775\">2 r\u00e9servoirs rechargeables de 10 ml<\/strong>, vous pouvez donc facilement remplir vos saveurs d'e-liquide pr\u00e9f\u00e9r\u00e9es une fois que le remplissage initial est \u00e9puis\u00e9.<\/p>\n<p class=\"\" data-start=\"1866\" data-end=\"2058\"><strong data-start=\"1866\" data-end=\"1906\">3. Qu'est-ce que l'\u00e9cran intelligent affiche ?<\/strong><br data-start=\"1906\" data-end=\"1909\" \/>L' <strong data-start=\"1913\" data-end=\"1930\">\u00e9cran intelligent<\/strong> fournit des mises \u00e0 jour en temps r\u00e9el sur le niveau de la batterie et l'\u00e9tat de l'e-liquide, ce qui permet de savoir facilement quand il est temps de recharger ou de remplir.<\/p>\n<p class=\"\" data-start=\"2060\" data-end=\"2231\"><strong data-start=\"2060\" data-end=\"2109\">4. Le WGA Legend Ultra 30K est-il conforme \u00e0 la TPD ?<\/strong><br data-start=\"2109\" data-end=\"2112\" \/>Oui, il l'est <strong data-start=\"2122\" data-end=\"2139\">conforme \u00e0 la TPD<\/strong>, ce qui signifie qu'il respecte les r\u00e9glementations strictes du Royaume-Uni et de l'UE en mati\u00e8re de s\u00e9curit\u00e9 et de qualit\u00e9 des produits de vapotage.<\/p>\n<p class=\"\" data-start=\"2233\" data-end=\"2446\"><strong data-start=\"2233\" data-end=\"2295\">5. Combien de temps dure la batterie de 650 mAh avec une charge compl\u00e8te ?<\/strong><br data-start=\"2295\" data-end=\"2298\" \/>Gr\u00e2ce \u00e0 la technologie efficace de la bobine en maille, la batterie peut facilement durer pendant de longues s\u00e9ances de vapotage et prend en charge la recharge rapide <strong data-start=\"2424\" data-end=\"2434\">Type-C<\/strong> recharge.<\/p>\n<\/div>\n<\/div>\n<\/div>\n<\/div>","protected":false},"excerpt":{"rendered":"<p class=\"LC20lb MBeuO DKV0Md\">WGA Legend Ultra 30K Meilleur magasin de vape en ligne au Royaume-Uni<br \/>\nWGA crystal 30000 bouff\u00e9es 30k vape Prix de gros r\u00e9duit<br \/>\nWGA Legend Ultra Disposable Crystal Vape 30K 30000 Bouff\u00e9es<\/p>\n<p><strong>Ajoutez le WhatsApp d'Amy pour obtenir une r\u00e9ponse rapide et un prix r\u00e9duit !<\/strong><\/p>\n<p><img fetchpriority=\"high\" decoding=\"async\" class=\"size-full wp-image-2932\" src=\"https:\/\/vapestornado.com\/wp-content\/uploads\/2024\/12\/Vape-Wholesale.jpg\" alt=\"Vente en Gros de Vapes\" width=\"229\" height=\"300\" \/><\/p>\n<h3><a href=\"https:\/\/wa.me\/8617776015835\"><span style=\"color: #ff0000;\"><strong>WhatsApp : +86 17776015835<\/strong><\/span><\/a><\/h3>\n<p>&nbsp;<\/p>","protected":false},"featured_media":4073,"comment_status":"open","ping_status":"closed","template":"","meta":{"_acf_changed":false,"_uag_custom_page_level_css":"","_lmt_disableupdate":"no","_lmt_disable":"","_monsterinsights_skip_tracking":false,"_monsterinsights_sitenote_active":false,"_monsterinsights_sitenote_note":"","_monsterinsights_sitenote_category":0,"site-sidebar-layout":"default","site-content-layout":"","ast-site-content-layout":"default","site-content-style":"default","site-sidebar-style":"default","ast-global-header-display":"","ast-banner-title-visibility":"","ast-main-header-display":"","ast-hfb-above-header-display":"","ast-hfb-below-header-display":"","ast-hfb-mobile-header-display":"","site-post-title":"","ast-breadcrumbs-content":"","ast-featured-img":"","footer-sml-layout":"","ast-disable-related-posts":"","theme-transparent-header-meta":"default","adv-header-id-meta":"","stick-header-meta":"","header-above-stick-meta":"","header-main-stick-meta":"","header-below-stick-meta":"","astra-migrate-meta-layouts":"set","ast-page-background-enabled":"default","ast-page-background-meta":{"desktop":{"background-color":"","background-image":"","background-repeat":"repeat","background-position":"center center","background-size":"auto","background-attachment":"scroll","background-type":"","background-media":"","overlay-type":"","overlay-color":"","overlay-opacity":"","overlay-gradient":""},"tablet":{"background-color":"","background-image":"","background-repeat":"repeat","background-position":"center center","background-size":"auto","background-attachment":"scroll","background-type":"","background-media":"","overlay-type":"","overlay-color":"","overlay-opacity":"","overlay-gradient":""},"mobile":{"background-color":"","background-image":"","background-repeat":"repeat","background-position":"center center","background-size":"auto","background-attachment":"scroll","background-type":"","background-media":"","overlay-type":"","overlay-color":"","overlay-opacity":"","overlay-gradient":""}},"ast-content-background-meta":{"desktop":{"background-color":"var(--ast-global-color-5)","background-image":"","background-repeat":"repeat","background-position":"center center","background-size":"auto","background-attachment":"scroll","background-type":"","background-media":"","overlay-type":"","overlay-color":"","overlay-opacity":"","overlay-gradient":""},"tablet":{"background-color":"var(--ast-global-color-5)","background-image":"","background-repeat":"repeat","background-position":"center center","background-size":"auto","background-attachment":"scroll","background-type":"","background-media":"","overlay-type":"","overlay-color":"","overlay-opacity":"","overlay-gradient":""},"mobile":{"background-color":"var(--ast-global-color-5)","background-image":"","background-repeat":"repeat","background-position":"center center","background-size":"auto","background-attachment":"scroll","background-type":"","background-media":"","overlay-type":"","overlay-color":"","overlay-opacity":"","overlay-gradient":""}},"_joinchat":{"telephone":"17776015835"}},"product_brand":[],"product_cat":[67,150,152,141,142],"product_tag":[105,324,323],"class_list":{"0":"post-4089","1":"product","2":"type-product","3":"status-publish","4":"has-post-thumbnail","6":"product_cat-30000-puff","7":"product_cat-buy-disposable-vapes-in-belgium","8":"product_cat-buy-disposable-vapes-in-cermany","9":"product_cat-crystal-disposable-vapes","10":"product_cat-digital-box-disposable-vapes","11":"product_tag-digital-disposable-vape","12":"product_tag-wga-crystal-30k","13":"product_tag-wga-legend-ultra-30k","14":"desktop-align-left","15":"tablet-align-left","16":"mobile-align-left","18":"first","19":"instock","20":"sale","21":"shipping-taxable","22":"purchasable","23":"product-type-simple"},"acf":[],"uagb_featured_image_src":{"full":["https:\/\/vapestornado.com\/wp-content\/uploads\/2025\/04\/Wga-Legend-Ultra-30000-Puffs.webp",800,800,false],"thumbnail":["https:\/\/vapestornado.com\/wp-content\/uploads\/2025\/04\/Wga-Legend-Ultra-30000-Puffs-150x150.webp",150,150,true],"medium":["https:\/\/vapestornado.com\/wp-content\/uploads\/2025\/04\/Wga-Legend-Ultra-30000-Puffs-300x300.webp",300,300,true],"medium_large":["https:\/\/vapestornado.com\/wp-content\/uploads\/2025\/04\/Wga-Legend-Ultra-30000-Puffs-768x768.webp",768,768,true],"large":["https:\/\/vapestornado.com\/wp-content\/uploads\/2025\/04\/Wga-Legend-Ultra-30000-Puffs.webp",800,800,false],"1536x1536":["https:\/\/vapestornado.com\/wp-content\/uploads\/2025\/04\/Wga-Legend-Ultra-30000-Puffs.webp",800,800,false],"2048x2048":["https:\/\/vapestornado.com\/wp-content\/uploads\/2025\/04\/Wga-Legend-Ultra-30000-Puffs.webp",800,800,false],"trp-custom-language-flag":["https:\/\/vapestornado.com\/wp-content\/uploads\/2025\/04\/Wga-Legend-Ultra-30000-Puffs.webp",12,12,false],"woocommerce_thumbnail":["https:\/\/vapestornado.com\/wp-content\/uploads\/2025\/04\/Wga-Legend-Ultra-30000-Puffs-300x300.webp",300,300,true],"woocommerce_single":["https:\/\/vapestornado.com\/wp-content\/uploads\/2025\/04\/Wga-Legend-Ultra-30000-Puffs-600x600.webp",600,600,true],"woocommerce_gallery_thumbnail":["https:\/\/vapestornado.com\/wp-content\/uploads\/2025\/04\/Wga-Legend-Ultra-30000-Puffs-100x100.webp",100,100,true]},"uagb_author_info":{"display_name":"ESAMY","author_link":"https:\/\/vapestornado.com\/fr\/author\/"},"uagb_comment_info":0,"uagb_excerpt":"WGA Legend Ultra 30K Best online Vape store UK WGA crystal 30000 puffs 30k vape Wholesale Discount Price WGA Legend Ultra Disposable Crystal Vape 30K 30000 Puffs Add Amy's whatsapp to get right reply and discount price! WhatsApp: +86 17776015835 &nbsp;","_links":{"self":[{"href":"https:\/\/vapestornado.com\/fr\/wp-json\/wp\/v2\/product\/4089","targetHints":{"allow":["GET"]}}],"collection":[{"href":"https:\/\/vapestornado.com\/fr\/wp-json\/wp\/v2\/product"}],"about":[{"href":"https:\/\/vapestornado.com\/fr\/wp-json\/wp\/v2\/types\/product"}],"replies":[{"embeddable":true,"href":"https:\/\/vapestornado.com\/fr\/wp-json\/wp\/v2\/comments?post=4089"}],"wp:featuredmedia":[{"embeddable":true,"href":"https:\/\/vapestornado.com\/fr\/wp-json\/wp\/v2\/media\/4073"}],"wp:attachment":[{"href":"https:\/\/vapestornado.com\/fr\/wp-json\/wp\/v2\/media?parent=4089"}],"wp:term":[{"taxonomy":"product_brand","embeddable":true,"href":"https:\/\/vapestornado.com\/fr\/wp-json\/wp\/v2\/product_brand?post=4089"},{"taxonomy":"product_cat","embeddable":true,"href":"https:\/\/vapestornado.com\/fr\/wp-json\/wp\/v2\/product_cat?post=4089"},{"taxonomy":"product_tag","embeddable":true,"href":"https:\/\/vapestornado.com\/fr\/wp-json\/wp\/v2\/product_tag?post=4089"}],"curies":[{"name":"wp","href":"https:\/\/api.w.org\/{rel}","templated":true}]}}