{"id":4048,"date":"2025-03-29T10:23:46","date_gmt":"2025-03-29T10:23:46","guid":{"rendered":"https:\/\/vapestornado.com\/?post_type=product&#038;p=4048"},"modified":"2025-08-23T12:02:26","modified_gmt":"2025-08-23T12:02:26","slug":"mesii-vast-energy-30k-30000-puffs-airflow-adjustable-disposable-vape-bar-to-buy-germany","status":"publish","type":"product","link":"https:\/\/vapestornado.com\/fr\/product\/mesii-vast-energy-30k-30000-puffs-airflow-adjustable-disposable-vape-bar-to-buy-germany\/","title":{"rendered":"Mesii Vast Energy 30k 30000 Bouff\u00e9es Vape Jetable \u00e0 D\u00e9bit d'Air R\u00e9glable Bar \u00e0 Acheter Allemagne"},"content":{"rendered":"<h1 data-pm-slice=\"1 1 []\">Mesii Vast Energy 30k 30000 Bouff\u00e9es Vape Jetable \u00e0 D\u00e9bit d'Air R\u00e9glable Bar \u00e0 Acheter Allemagne<\/h1>\n<p>L' <strong data-start=\"324\" data-end=\"373\">Mesii Vast Energy 30000 Puffs Cigarette \u00e9lectronique jetable<\/strong> est un choix puissant pour les grossistes et les d\u00e9taillants de vape en Allemagne \u00e0 la recherche de fonctionnalit\u00e9s avanc\u00e9es et d'une valeur d'achat en gros. Offrant jusqu'\u00e0 <strong data-start=\"504\" data-end=\"520\">30 000 bouff\u00e9es<\/strong>, cet appareil combine <strong data-start=\"543\" data-end=\"572\">technologie de double bobine en maille<\/strong> avec <strong data-start=\"578\" data-end=\"600\">flux d\u2019air r\u00e9glable<\/strong>, offrant aux utilisateurs la possibilit\u00e9 de basculer entre des tirages MTL serr\u00e9s et des nuages DTL a\u00e9r\u00e9s.<\/p>\n<p>Propuls\u00e9 par un <strong data-start=\"709\" data-end=\"740\">Batterie rechargeable de 800 mAh<\/strong> avec <strong data-start=\"746\" data-end=\"770\">Charge rapide Type-C<\/strong>, il assure une performance fiable et un temps d'arr\u00eat minimal. Le <strong data-start=\"830\" data-end=\"854\">\u00e9cran enti\u00e8rement num\u00e9rique<\/strong> fournit des mises \u00e0 jour en temps r\u00e9el sur la batterie, les niveaux d'e-liquide et quatre <strong data-start=\"920\" data-end=\"948\">modes d'alimentation personnalisables<\/strong>, permettant aux utilisateurs de personnaliser leur style de vapotage.<\/p>\n<p>Avec sa capacit\u00e9 longue dur\u00e9e, sa production de vapeur douce et <strong data-start=\"1070\" data-end=\"1103\">prix de gros comp\u00e9titifs<\/strong>, le Mesii Vast Energy 30K se distingue comme une excellente option d'achat en gros pour les d\u00e9taillants qui cherchent \u00e0 \u00e9largir leur inventaire avec une barre de vape jetable de qualit\u00e9 sup\u00e9rieure.<\/p>\n<p data-start=\"666\" data-end=\"1235\"><strong style=\"font-size: 16px;\"><span style=\"color: #ff0000;\">Ajoutez le WhatsApp d'Amy pour obtenir une r\u00e9ponse rapide et un prix r\u00e9duit !<\/span><\/strong><\/p>\n<p><img fetchpriority=\"high\" decoding=\"async\" class=\"size-full wp-image-2932\" src=\"https:\/\/vapestornado.com\/wp-content\/uploads\/2024\/12\/Vape-Wholesale.jpg\" alt=\"Vente en Gros de Vapes\" width=\"229\" height=\"300\" \/><\/p>\n<h3><a href=\"https:\/\/wa.me\/8617776015835\" target=\"_blank\" rel=\"noopener\"><span style=\"color: #ff0000;\"><strong>WhatsApp : +86 17776015835<\/strong><\/span><\/a><\/h3>\n<p>&nbsp;<\/p>\n<h2><strong>Mesii Vast Energy 30000 Caract\u00e9ristiques cl\u00e9s du produit<\/strong><\/h2>\n<ul>\n<li class=\"\" data-start=\"589\" data-end=\"738\">\n<p class=\"\" data-start=\"591\" data-end=\"738\"><strong data-start=\"591\" data-end=\"632\">Options de nicotine pour chaque pr\u00e9f\u00e9rence<\/strong> \u2013 Choisissez parmi des niveaux de nicotine de 0 %, 2 %, 3 % ou 5 % pour correspondre \u00e0 votre style de vapotage.<\/p>\n<\/li>\n<li class=\"\" data-start=\"739\" data-end=\"834\">\n<p class=\"\" data-start=\"741\" data-end=\"834\"><strong data-start=\"741\" data-end=\"770\">Grande capacit\u00e9 30000 bouff\u00e9es<\/strong> \u2013 Con\u00e7u pour une utilisation \u00e0 long terme sans remplacements fr\u00e9quents.<\/p>\n<\/li>\n<li class=\"\" data-start=\"835\" data-end=\"940\">\n<p class=\"\" data-start=\"837\" data-end=\"940\"><strong data-start=\"837\" data-end=\"864\">R\u00e9servoir d'e-liquide de 30 ml<\/strong> \u2013 Profitez de sessions de vapotage prolong\u00e9es sans avoir besoin de recharges constantes.<\/p>\n<\/li>\n<li class=\"\" data-start=\"941\" data-end=\"1081\">\n<p class=\"\" data-start=\"943\" data-end=\"1081\"><strong data-start=\"943\" data-end=\"992\">Double bobine maill\u00e9e avanc\u00e9e avec puissance r\u00e9glable<\/strong> \u2013 Am\u00e9liore la production de vapeur et la consistance de la saveur tout en permettant la personnalisation de la puissance.<\/p>\n<\/li>\n<li class=\"\" data-start=\"1082\" data-end=\"1203\">\n<p class=\"\" data-start=\"1084\" data-end=\"1203\"><strong data-start=\"1084\" data-end=\"1107\">\u00c9cran plein \u00e9cran<\/strong> \u2013 Restez inform\u00e9 gr\u00e2ce \u00e0 un indicateur num\u00e9rique d'huile, le niveau de puissance, le temps de vapotage et les r\u00e9glages de puissance.<\/p>\n<\/li>\n<li class=\"\" data-start=\"1204\" data-end=\"1334\">\n<p class=\"\" data-start=\"1206\" data-end=\"1334\"><strong data-start=\"1206\" data-end=\"1255\">Contr\u00f4le du flux d'air pour une exp\u00e9rience personnalis\u00e9e<\/strong> \u2013 Ajustez le flux d'air pour atteindre l'\u00e9quilibre parfait entre saveur et densit\u00e9 de vapeur.<\/p>\n<\/li>\n<li class=\"\" data-start=\"1335\" data-end=\"1434\">\n<p class=\"\" data-start=\"1337\" data-end=\"1434\"><strong data-start=\"1337\" data-end=\"1368\">Batterie rechargeable de 800 mAh<\/strong> \u2013 Prend en charge la <strong data-start=\"1380\" data-end=\"1403\">charge rapide USB-C<\/strong> pour une restauration rapide de l'\u00e9nergie.<\/p>\n<\/li>\n<li class=\"\" data-start=\"1435\" data-end=\"1544\">\n<p class=\"\" data-start=\"1437\" data-end=\"1544\"><strong data-start=\"1437\" data-end=\"1479\">Quatre modes de puissance (ECO, PLUS, PRO, MAX)<\/strong> \u2013 Personnalisez votre intensit\u00e9 de vapotage pour une exp\u00e9rience optimis\u00e9e.<\/p>\n<\/li>\n<li class=\"\" data-start=\"1545\" data-end=\"1627\">\n<p class=\"\" data-start=\"1547\" data-end=\"1627\"><strong data-start=\"1547\" data-end=\"1585\">Interrupteur tactile<\/strong> \u2013 Ajoute une touche futuriste pendant le vapotage.<\/p>\n<\/li>\n<li class=\"\" data-start=\"1628\" data-end=\"1705\">\n<p class=\"\" data-start=\"1630\" data-end=\"1705\"><strong data-start=\"1630\" data-end=\"1670\">Conception de coque blind\u00e9e<\/strong> \u2013 Assure la durabilit\u00e9 et la s\u00e9curit\u00e9.<\/p>\n<\/li>\n<\/ul>\n<h2 class=\"product-title\"><strong>Liste des saveurs du kit jetable Mesii Vast Energy 30000 bouff\u00e9es<\/strong><\/h2>\n<article class=\"w-full text-token-text-primary focus-visible:outline-2 focus-visible:outline-offset-[-4px]\" dir=\"auto\" data-testid=\"conversation-turn-32\" data-scroll-anchor=\"false\">\n<div class=\"m-auto text-base py-[18px] px-6\">\n<div class=\"mx-auto flex flex-1 text-base gap-4 md:gap-5 lg:gap-6 md:max-w-3xl lg:max-w-[40rem] xl:max-w-[48rem]\">\n<div class=\"group\/conversation-turn relative flex w-full min-w-0 flex-col @xs\/thread:px-0 @sm\/thread:px-1.5 @md\/thread:px-4\">\n<div class=\"flex-col gap-1 md:gap-3\">\n<div class=\"flex max-w-full flex-col flex-grow\">\n<div class=\"min-h-8 text-message flex w-full flex-col items-end gap-2 whitespace-normal break-words text-start [.text-message+&amp;]:mt-5\" dir=\"auto\" data-message-author-role=\"user\" data-message-id=\"ffac41ca-1db4-431b-873a-32c4052956f1\">\n<div class=\"flex w-full flex-col gap-1 empty:hidden items-end rtl:items-start\">\n<div class=\"relative max-w-[var(--user-chat-width,70%)] rounded-3xl bg-token-message-surface px-5 py-2.5\">\n<div class=\"absolute bottom-0 right-full top-0 -mr-3.5 hidden pr-5 pt-2 [.group\/conversation-turn:hover_&amp;]:flex\">\n<div class=\"flex\">\n<article class=\"w-full text-token-text-primary focus-visible:outline-2 focus-visible:outline-offset-[-4px]\" dir=\"auto\" data-testid=\"conversation-turn-39\" data-scroll-anchor=\"true\">\n<div class=\"m-auto text-base py-[18px] px-6\">\n<div class=\"mx-auto flex flex-1 text-base gap-4 md:gap-5 lg:gap-6 md:max-w-3xl lg:max-w-[40rem] xl:max-w-[48rem]\">\n<div class=\"group\/conversation-turn relative flex w-full min-w-0 flex-col agent-turn @xs\/thread:px-0 @sm\/thread:px-1.5 @md\/thread:px-4\">\n<div class=\"flex-col gap-1 md:gap-3\">\n<div class=\"flex max-w-full flex-col flex-grow\">\n<div class=\"min-h-8 text-message flex w-full flex-col items-end gap-2 whitespace-normal break-words text-start [.text-message+&amp;]:mt-5\" dir=\"auto\" data-message-author-role=\"assistant\" data-message-id=\"55a23854-ec57-48dd-bd4f-6118f43d6241\" data-message-model-slug=\"gpt-4o\">\n<div class=\"flex w-full flex-col gap-1 empty:hidden first:pt-[3px]\">\n<div class=\"markdown prose w-full break-words dark:prose-invert light\">\n<p>1. Past\u00e8que Glac\u00e9e<br \/>\n2. Glace au Raisin<br \/>\n3.Bombe de baies<br \/>\n4.Fraise Kiwi<br \/>\n5. Framboise Bleue Glac\u00e9e<br \/>\n6.P\u00eache Glac\u00e9e<br \/>\n7.Cerise Cola Glac\u00e9e<br \/>\n8.Pomme Surette Glac\u00e9e<br \/>\n9.Menthe de Miami<br \/>\n10.Citron Vert<br \/>\n11.Fraise Past\u00e8que<br \/>\n12.Fruit de la Passion Orange Goyave<br \/>\n13.Framboise Past\u00e8que<br \/>\n14.Ananas Mangue<br \/>\n15.Fruit du Dragon Banane Cerise<\/p>\n<figure id=\"attachment_4014\" aria-describedby=\"caption-attachment-4014\" style=\"width: 800px\" class=\"wp-caption alignnone\"><img decoding=\"async\" class=\"wp-image-4014 size-full\" src=\"https:\/\/vapestornado.com\/wp-content\/uploads\/2025\/03\/Mesii-Vape-30K-Vast-Energy-Bulk-Buy-Price.webp\" alt=\"Mesii Vape 30K Vast Energy Prix d&#039;achat en gros\" width=\"800\" height=\"800\" srcset=\"https:\/\/vapestornado.com\/wp-content\/uploads\/2025\/03\/Mesii-Vape-30K-Vast-Energy-Bulk-Buy-Price.webp 800w, https:\/\/vapestornado.com\/wp-content\/uploads\/2025\/03\/Mesii-Vape-30K-Vast-Energy-Bulk-Buy-Price-300x300.webp 300w, https:\/\/vapestornado.com\/wp-content\/uploads\/2025\/03\/Mesii-Vape-30K-Vast-Energy-Bulk-Buy-Price-150x150.webp 150w, https:\/\/vapestornado.com\/wp-content\/uploads\/2025\/03\/Mesii-Vape-30K-Vast-Energy-Bulk-Buy-Price-768x768.webp 768w, https:\/\/vapestornado.com\/wp-content\/uploads\/2025\/03\/Mesii-Vape-30K-Vast-Energy-Bulk-Buy-Price-600x600.webp 600w, https:\/\/vapestornado.com\/wp-content\/uploads\/2025\/03\/Mesii-Vape-30K-Vast-Energy-Bulk-Buy-Price-100x100.webp 100w\" sizes=\"(max-width: 800px) 100vw, 800px\" \/><figcaption id=\"caption-attachment-4014\" class=\"wp-caption-text\">Mesii Vape 30K Vast Energy Prix d'achat en gros<\/figcaption><\/figure>\n<\/div>\n<\/div>\n<\/div>\n<\/div>\n<\/div>\n<\/div>\n<\/div>\n<\/div>\n<\/article>\n<\/div>\n<\/div>\n<\/div>\n<\/div>\n<\/div>\n<\/div>\n<\/div>\n<\/div>\n<\/div>\n<\/div>\n<\/article>\n<h2>Pourquoi choisir Vapestornado pour acheter Mesii Vast Energy 30k ?<\/h2>\n<div class=\"flex-shrink-0 flex flex-col relative items-end\">\n<div class=\"pt-0\">\n<div class=\"gizmo-bot-avatar flex h-8 w-8 items-center justify-center overflow-hidden rounded-full\">\n<div class=\"relative p-1 rounded-sm flex items-center justify-center bg-token-main-surface-primary text-token-text-primary h-8 w-8\">\n<p>At\u00a0<strong>VapeTornado<\/strong>, nous sommes fiers de fournir\u00a0<strong>des produits de vapotage de qualit\u00e9 sup\u00e9rieure \u00e0 des prix imbattables<\/strong>\u2014et le Mesii Vast Energy 30k ne fait pas exception ! Voici pourquoi vous devriez acheter chez nous :<\/p>\n<p><strong>Meilleurs prix de gros<\/strong>\u00a0\u2013 Nous offrons\u00a0<strong>prix de gros comp\u00e9titif<\/strong><span style=\"font-size: 16px;\">, ce qui fait de nous le premier choix pour les revendeurs et les boutiques de vape.<\/span><\/p>\n<p><strong>Rapide<\/strong>\u00a0\u2013 Faites livrer votre commande\u00a0<strong>rapidement et en toute s\u00e9curit\u00e9<\/strong>, avec des options d'exp\u00e9dition dans le monde entier.<br \/>\n<strong>Produits authentiques 100%<\/strong>\u00a0\u2013 Pas de contrefa\u00e7ons, seulement\u00a0<strong>des produits jetables WASPE Triple authentiques<\/strong>\u00a0avec une qualit\u00e9 v\u00e9rifi\u00e9e.<br \/>\n<strong>Excellent support client<\/strong>\u00a0\u2013 Vous avez des questions ? Nos\u00a0<strong>experts en vape<\/strong> sont pr\u00eats \u00e0 vous aider 24h\/24 et 7j\/7.<\/p>\n<p data-start=\"559\" data-end=\"933\" data-is-last-node=\"\" data-is-only-node=\"\">Nous avons \u00e9galement d'autres vapes populaires avec \u00e9cran comme <a href=\"https:\/\/vapestornado.com\/fr\/product\/mesii-couple-50k-disposable-shisha-hookah-50000-puffs-vape-with-digital-display\/\">Couple Mesii 50000<\/a>, <a href=\"https:\/\/vapestornado.com\/fr\/product\/wholesale-bang-beach-38000-puff-38k-vape-disposable-vaporizer-e-cig-at-cheap-prices\/\">Vape jetable BANG BEACH<\/a>, <a href=\"https:\/\/vapestornado.com\/fr\/product\/waspe-aiviou-3-in-1-60000-puffs-disposable-vape-kit-best-price\/\">WASPE Triple 60000 bouff\u00e9es<\/a>, et plus encore.<\/p>\n<\/div>\n<div class=\"relative p-1 rounded-sm flex items-center justify-center bg-token-main-surface-primary text-token-text-primary h-8 w-8\">\n<h2>FAQ pour le Bang King 30000<\/h2>\n<p class=\"\" data-start=\"2261\" data-end=\"2438\"><strong data-start=\"2261\" data-end=\"2321\">1. Combien de temps dure le Mesii Vast Energy 30000 bouff\u00e9es ?<\/strong><br data-start=\"2321\" data-end=\"2324\" \/>Avec un <strong data-start=\"2331\" data-end=\"2354\">30000 bouff\u00e9es<\/strong>, cette vape est con\u00e7ue pour une utilisation prolong\u00e9e, variant en fonction des habitudes de vapotage personnelles.<\/p>\n<p class=\"\" data-start=\"2440\" data-end=\"2641\"><strong data-start=\"2440\" data-end=\"2491\">2. Puis-je r\u00e9gler les param\u00e8tres de puissance et de d\u00e9bit d'air ?<\/strong><br data-start=\"2491\" data-end=\"2494\" \/>Oui, l'appareil est \u00e9quip\u00e9 de la technologie <strong data-start=\"2519\" data-end=\"2539\">quatre modes de puissance<\/strong> (ECO, PLUS, PRO, MAX) et <strong data-start=\"2566\" data-end=\"2588\">flux d\u2019air r\u00e9glable<\/strong>, vous permettant de personnaliser votre exp\u00e9rience de vapotage.<\/p>\n<p class=\"\" data-start=\"2643\" data-end=\"2828\"><strong data-start=\"2643\" data-end=\"2697\">3. Comment v\u00e9rifier les niveaux de batterie et d'e-liquide ?<\/strong><br data-start=\"2697\" data-end=\"2700\" \/>L' <strong data-start=\"2704\" data-end=\"2735\">affichage num\u00e9rique plein \u00e9cran<\/strong> fournit des mises \u00e0 jour en temps r\u00e9el sur la dur\u00e9e de vie de la batterie, les niveaux d'e-liquide, le temps de vapotage et les r\u00e9glages de puissance.<\/p>\n<p class=\"\" data-start=\"2830\" data-end=\"2989\"><strong data-start=\"2830\" data-end=\"2870\">4. La cigarette \u00e9lectronique a-t-elle une charge rapide ?<\/strong><br data-start=\"2870\" data-end=\"2873\" \/>Oui, le <strong data-start=\"2882\" data-end=\"2913\">Batterie rechargeable de 800 mAh<\/strong> prend en charge <strong data-start=\"2923\" data-end=\"2946\">charge rapide USB-C<\/strong>, garantissant un temps d'arr\u00eat minimal entre les utilisations.<\/p>\n<\/div>\n<\/div>\n<\/div>\n<\/div>","protected":false},"excerpt":{"rendered":"<p class=\"LC20lb MBeuO DKV0Md\">Bang King 30000 Pro Bo\u00eete de Vape Jetable en Vente<br \/>\nVente en Gros Bang King 30000 Bouff\u00e9es Box Mod Vape<br \/>\nBang King 30000 Meilleure Vape en Gros en France<\/p>\n<p><strong>Ajoutez le WhatsApp d'Amy pour obtenir une r\u00e9ponse rapide et un prix r\u00e9duit !<\/strong><\/p>\n<p><img fetchpriority=\"high\" decoding=\"async\" class=\"size-full wp-image-2932\" src=\"https:\/\/vapestornado.com\/wp-content\/uploads\/2024\/12\/Vape-Wholesale.jpg\" alt=\"Vente en Gros de Vapes\" width=\"229\" height=\"300\" \/><\/p>\n<h3><a href=\"https:\/\/wa.me\/8617776015835\"><span style=\"color: #ff0000;\"><strong>WhatsApp : +86 17776015835<\/strong><\/span><\/a><\/h3>\n<p>&nbsp;<\/p>","protected":false},"featured_media":4019,"comment_status":"open","ping_status":"closed","template":"","meta":{"_acf_changed":false,"_uag_custom_page_level_css":"","_lmt_disableupdate":"no","_lmt_disable":"","_monsterinsights_skip_tracking":false,"_monsterinsights_sitenote_active":false,"_monsterinsights_sitenote_note":"","_monsterinsights_sitenote_category":0,"site-sidebar-layout":"default","site-content-layout":"","ast-site-content-layout":"default","site-content-style":"default","site-sidebar-style":"default","ast-global-header-display":"","ast-banner-title-visibility":"","ast-main-header-display":"","ast-hfb-above-header-display":"","ast-hfb-below-header-display":"","ast-hfb-mobile-header-display":"","site-post-title":"","ast-breadcrumbs-content":"","ast-featured-img":"","footer-sml-layout":"","ast-disable-related-posts":"","theme-transparent-header-meta":"default","adv-header-id-meta":"","stick-header-meta":"","header-above-stick-meta":"","header-main-stick-meta":"","header-below-stick-meta":"","astra-migrate-meta-layouts":"set","ast-page-background-enabled":"default","ast-page-background-meta":{"desktop":{"background-color":"","background-image":"","background-repeat":"repeat","background-position":"center center","background-size":"auto","background-attachment":"scroll","background-type":"","background-media":"","overlay-type":"","overlay-color":"","overlay-opacity":"","overlay-gradient":""},"tablet":{"background-color":"","background-image":"","background-repeat":"repeat","background-position":"center center","background-size":"auto","background-attachment":"scroll","background-type":"","background-media":"","overlay-type":"","overlay-color":"","overlay-opacity":"","overlay-gradient":""},"mobile":{"background-color":"","background-image":"","background-repeat":"repeat","background-position":"center center","background-size":"auto","background-attachment":"scroll","background-type":"","background-media":"","overlay-type":"","overlay-color":"","overlay-opacity":"","overlay-gradient":""}},"ast-content-background-meta":{"desktop":{"background-color":"var(--ast-global-color-5)","background-image":"","background-repeat":"repeat","background-position":"center center","background-size":"auto","background-attachment":"scroll","background-type":"","background-media":"","overlay-type":"","overlay-color":"","overlay-opacity":"","overlay-gradient":""},"tablet":{"background-color":"var(--ast-global-color-5)","background-image":"","background-repeat":"repeat","background-position":"center center","background-size":"auto","background-attachment":"scroll","background-type":"","background-media":"","overlay-type":"","overlay-color":"","overlay-opacity":"","overlay-gradient":""},"mobile":{"background-color":"var(--ast-global-color-5)","background-image":"","background-repeat":"repeat","background-position":"center center","background-size":"auto","background-attachment":"scroll","background-type":"","background-media":"","overlay-type":"","overlay-color":"","overlay-opacity":"","overlay-gradient":""}},"_joinchat":{"telephone":"17776015835"}},"product_brand":[],"product_cat":[67,149,151,143,277,146],"product_tag":[310,105,309,250,94],"class_list":{"0":"post-4048","1":"product","2":"type-product","3":"status-publish","4":"has-post-thumbnail","6":"product_cat-30000-puff","7":"product_cat-buy-disposable-vapes-in-austria","8":"product_cat-buy-disposable-vapes-in-france","9":"product_cat-dual-mesh-disposable-vapes","10":"product_cat-mesii-vape","11":"product_cat-rechargeable-disposable-vapes","12":"product_tag-airflow-adjustable-disposable-vape","13":"product_tag-digital-disposable-vape","14":"product_tag-mesii-vast-energy-30000","15":"product_tag-puff-30k","16":"product_tag-rechargeable-disposable-vape","17":"desktop-align-left","18":"tablet-align-left","19":"mobile-align-left","21":"first","22":"instock","23":"sale","24":"shipping-taxable","25":"purchasable","26":"product-type-simple"},"acf":[],"uagb_featured_image_src":{"full":["https:\/\/vapestornado.com\/wp-content\/uploads\/2025\/03\/Messi-Vast-Energy-30000-Puff-Disposable-Vape-E-Cig.webp",800,800,false],"thumbnail":["https:\/\/vapestornado.com\/wp-content\/uploads\/2025\/03\/Messi-Vast-Energy-30000-Puff-Disposable-Vape-E-Cig-150x150.webp",150,150,true],"medium":["https:\/\/vapestornado.com\/wp-content\/uploads\/2025\/03\/Messi-Vast-Energy-30000-Puff-Disposable-Vape-E-Cig-300x300.webp",300,300,true],"medium_large":["https:\/\/vapestornado.com\/wp-content\/uploads\/2025\/03\/Messi-Vast-Energy-30000-Puff-Disposable-Vape-E-Cig-768x768.webp",768,768,true],"large":["https:\/\/vapestornado.com\/wp-content\/uploads\/2025\/03\/Messi-Vast-Energy-30000-Puff-Disposable-Vape-E-Cig.webp",800,800,false],"1536x1536":["https:\/\/vapestornado.com\/wp-content\/uploads\/2025\/03\/Messi-Vast-Energy-30000-Puff-Disposable-Vape-E-Cig.webp",800,800,false],"2048x2048":["https:\/\/vapestornado.com\/wp-content\/uploads\/2025\/03\/Messi-Vast-Energy-30000-Puff-Disposable-Vape-E-Cig.webp",800,800,false],"trp-custom-language-flag":["https:\/\/vapestornado.com\/wp-content\/uploads\/2025\/03\/Messi-Vast-Energy-30000-Puff-Disposable-Vape-E-Cig.webp",12,12,false],"woocommerce_thumbnail":["https:\/\/vapestornado.com\/wp-content\/uploads\/2025\/03\/Messi-Vast-Energy-30000-Puff-Disposable-Vape-E-Cig-300x300.webp",300,300,true],"woocommerce_single":["https:\/\/vapestornado.com\/wp-content\/uploads\/2025\/03\/Messi-Vast-Energy-30000-Puff-Disposable-Vape-E-Cig-600x600.webp",600,600,true],"woocommerce_gallery_thumbnail":["https:\/\/vapestornado.com\/wp-content\/uploads\/2025\/03\/Messi-Vast-Energy-30000-Puff-Disposable-Vape-E-Cig-100x100.webp",100,100,true]},"uagb_author_info":{"display_name":"ESAMY","author_link":"https:\/\/vapestornado.com\/fr\/author\/"},"uagb_comment_info":0,"uagb_excerpt":"Bang King 30000 Pro Disposable Vape Box on Sale Wholesale Bang King 30000 Puff Vape Box Mod Wholesale Bang King 30000 Best Vape Wholesale in France Add Amy's whatsapp to get right reply and discount price! WhatsApp: +86 17776015835 &nbsp;","_links":{"self":[{"href":"https:\/\/vapestornado.com\/fr\/wp-json\/wp\/v2\/product\/4048","targetHints":{"allow":["GET"]}}],"collection":[{"href":"https:\/\/vapestornado.com\/fr\/wp-json\/wp\/v2\/product"}],"about":[{"href":"https:\/\/vapestornado.com\/fr\/wp-json\/wp\/v2\/types\/product"}],"replies":[{"embeddable":true,"href":"https:\/\/vapestornado.com\/fr\/wp-json\/wp\/v2\/comments?post=4048"}],"wp:featuredmedia":[{"embeddable":true,"href":"https:\/\/vapestornado.com\/fr\/wp-json\/wp\/v2\/media\/4019"}],"wp:attachment":[{"href":"https:\/\/vapestornado.com\/fr\/wp-json\/wp\/v2\/media?parent=4048"}],"wp:term":[{"taxonomy":"product_brand","embeddable":true,"href":"https:\/\/vapestornado.com\/fr\/wp-json\/wp\/v2\/product_brand?post=4048"},{"taxonomy":"product_cat","embeddable":true,"href":"https:\/\/vapestornado.com\/fr\/wp-json\/wp\/v2\/product_cat?post=4048"},{"taxonomy":"product_tag","embeddable":true,"href":"https:\/\/vapestornado.com\/fr\/wp-json\/wp\/v2\/product_tag?post=4048"}],"curies":[{"name":"wp","href":"https:\/\/api.w.org\/{rel}","templated":true}]}}