{"id":4047,"date":"2025-04-01T10:04:57","date_gmt":"2025-04-01T10:04:57","guid":{"rendered":"https:\/\/vapestornado.com\/?post_type=product&#038;p=4047"},"modified":"2025-08-23T12:00:28","modified_gmt":"2025-08-23T12:00:28","slug":"aivono-fatpro-22000-puffs-shisha-hookah-digital-screen-wholesaledisposables-vape-pod-shop-on-line-copy","status":"publish","type":"product","link":"https:\/\/vapestornado.com\/fr\/product\/aivono-fatpro-22000-puffs-shisha-hookah-digital-screen-wholesaledisposables-vape-pod-shop-on-line-copy\/","title":{"rendered":"AIVONO Fatpro 22000 Bouff\u00e9es Narguil\u00e9 Shisha \u00c9cran Num\u00e9rique Vente en Gros"},"content":{"rendered":"<h1 data-pm-slice=\"1 1 []\">AIVONO Fatpro 22000 Bouff\u00e9es Narguil\u00e9 Shisha \u00c9cran Num\u00e9rique Vente en Gros<\/h1>\n<p class=\"\" data-start=\"1287\" data-end=\"1418\">L' <strong data-start=\"310\" data-end=\"362\">AIVONO Fatpro 22000 Bouff\u00e9es Vape Chicha Jetable<\/strong> est con\u00e7u pour les distributeurs et les boutiques de vape \u00e0 la recherche d'un appareil haut de gamme et durable. Offrant jusqu'\u00e0 <strong data-start=\"470\" data-end=\"486\">22 000 bouff\u00e9es<\/strong> avec un g\u00e9n\u00e9reux <strong data-start=\"503\" data-end=\"529\">capacit\u00e9 d'e-liquide de 28 ml<\/strong>, cette vape de style narguil\u00e9 assure une utilisation prolong\u00e9e et une satisfaction constante.<\/p>\n<p>\u00c9quip\u00e9 d'une <strong data-start=\"629\" data-end=\"655\">\u00e9cran d'affichage num\u00e9rique<\/strong>, les utilisateurs peuvent facilement surveiller l'autonomie de la batterie et les niveaux d'e-liquide en temps r\u00e9el. La <strong data-start=\"733\" data-end=\"762\">Technologie de bobine maill\u00e9e de 0,6 \u03a9<\/strong> am\u00e9liore la densit\u00e9 de la vapeur et la richesse des saveurs, tandis que le <strong data-start=\"817\" data-end=\"845\">Port rechargeable de type C<\/strong> garantit des mises en marche rapides.<\/p>\n<p>Disponible en <strong data-start=\"896\" data-end=\"919\">10 saveurs excitantes<\/strong>, des m\u00e9langes fruit\u00e9s aux options glac\u00e9es et inspir\u00e9es des bonbons, l'AIVONO Fatpro 22K r\u00e9pond \u00e0 des go\u00fbts vari\u00e9s. Avec sa combinaison de <strong data-start=\"1047\" data-end=\"1123\">nombre \u00e9lev\u00e9 de bouff\u00e9es, performances fiables et prix de gros comp\u00e9titifs<\/strong>, c'est un choix de premier ordre pour les d\u00e9taillants qui souhaitent \u00e9largir leur inventaire avec des vapes jetables en gros.<\/p>\n<p data-start=\"666\" data-end=\"1235\"><strong style=\"font-size: 16px;\"><span style=\"color: #ff0000;\">Ajoutez le WhatsApp d'Amy pour obtenir une r\u00e9ponse rapide et un prix r\u00e9duit !<\/span><\/strong><\/p>\n<p><img fetchpriority=\"high\" decoding=\"async\" class=\"size-full wp-image-2932\" src=\"https:\/\/vapestornado.com\/wp-content\/uploads\/2024\/12\/Vape-Wholesale.jpg\" alt=\"Vente en Gros de Vapes\" width=\"229\" height=\"300\" \/><\/p>\n<h3><a href=\"https:\/\/wa.me\/8617776015835\" target=\"_blank\" rel=\"noopener\"><span style=\"color: #ff0000;\"><strong>WhatsApp : +86 17776015835<\/strong><\/span><\/a><\/h3>\n<p>&nbsp;<\/p>\n<h2><strong>AIVONO Fatpro 22000 Principales caract\u00e9ristiques du produit<\/strong><\/h2>\n<ul>\n<li><strong>22 000 bouff\u00e9es<\/strong>\u00a0\u2013 L'une des cigarettes \u00e9lectroniques jetables les plus durables du march\u00e9.<\/li>\n<li><strong>Capacit\u00e9 de 28 ml d'e-liquide<\/strong>\u00a0\u2013 Pas besoin de recharges, juste un pur plaisir de vapotage.<\/li>\n<li><strong>Batterie rechargeable de 600 mAh<\/strong>\u00a0(Technologie Pure Cobalt Core) \u2013 Alimentation efficace pour une utilisation prolong\u00e9e.<\/li>\n<li><strong>Bobine Mesh de 0,6 \u03a9<\/strong>\u00a0\u2013 Am\u00e9liore la saveur et la production de vapeur pour une exp\u00e9rience haut de gamme.<\/li>\n<li><strong>Affichage num\u00e9rique \u00e0 l'\u00e9cran<\/strong>\u00a0\u2013 Suit l'autonomie de la batterie et les niveaux d'e-liquide pour plus de commodit\u00e9.<\/li>\n<li><strong>Charge rapide de type C<\/strong>\u00a0\u2013 Recharge rapide pour des sessions ininterrompues.<\/li>\n<li><strong>Conception DTL (Direct-to-Lung)<\/strong>\u00a0\u2013 Id\u00e9al pour des inhalations profondes et satisfaisantes.<\/li>\n<li><strong>Options de nicotine multiples (0%\/2%\/3%\/5%)<\/strong>\u00a0\u2013 R\u00e9pond \u00e0 toutes les pr\u00e9f\u00e9rences.<\/li>\n<li><strong>L\u00e9ger<\/strong>\u00a0\u2013 Facile \u00e0 transporter partout.<\/li>\n<li><strong>Vente en gros<\/strong>\u00a0\u2013 Commandes en gros disponibles (200 pi\u00e8ces par bo\u00eete).<\/li>\n<\/ul>\n<h2 class=\"product-title\"><strong>Liste des saveurs des dispositifs jetables AIVONO Fatpro 22k Puff<\/strong><\/h2>\n<article class=\"w-full text-token-text-primary focus-visible:outline-2 focus-visible:outline-offset-[-4px]\" dir=\"auto\" data-testid=\"conversation-turn-32\" data-scroll-anchor=\"false\">\n<div class=\"m-auto text-base py-[18px] px-6\">\n<div class=\"mx-auto flex flex-1 text-base gap-4 md:gap-5 lg:gap-6 md:max-w-3xl lg:max-w-[40rem] xl:max-w-[48rem]\">\n<div class=\"group\/conversation-turn relative flex w-full min-w-0 flex-col @xs\/thread:px-0 @sm\/thread:px-1.5 @md\/thread:px-4\">\n<div class=\"flex-col gap-1 md:gap-3\">\n<div class=\"flex max-w-full flex-col flex-grow\">\n<div class=\"min-h-8 text-message flex w-full flex-col items-end gap-2 whitespace-normal break-words text-start [.text-message+&amp;]:mt-5\" dir=\"auto\" data-message-author-role=\"user\" data-message-id=\"ffac41ca-1db4-431b-873a-32c4052956f1\">\n<div class=\"flex w-full flex-col gap-1 empty:hidden items-end rtl:items-start\">\n<div class=\"relative max-w-[var(--user-chat-width,70%)] rounded-3xl bg-token-message-surface px-5 py-2.5\">\n<div class=\"absolute bottom-0 right-full top-0 -mr-3.5 hidden pr-5 pt-2 [.group\/conversation-turn:hover_&amp;]:flex\">\n<div class=\"flex\">\n<article class=\"w-full text-token-text-primary focus-visible:outline-2 focus-visible:outline-offset-[-4px]\" dir=\"auto\" data-testid=\"conversation-turn-39\" data-scroll-anchor=\"true\">\n<div class=\"m-auto text-base py-[18px] px-6\">\n<div class=\"mx-auto flex flex-1 text-base gap-4 md:gap-5 lg:gap-6 md:max-w-3xl lg:max-w-[40rem] xl:max-w-[48rem]\">\n<div class=\"group\/conversation-turn relative flex w-full min-w-0 flex-col agent-turn @xs\/thread:px-0 @sm\/thread:px-1.5 @md\/thread:px-4\">\n<div class=\"flex-col gap-1 md:gap-3\">\n<div class=\"flex max-w-full flex-col flex-grow\">\n<div class=\"min-h-8 text-message flex w-full flex-col items-end gap-2 whitespace-normal break-words text-start [.text-message+&amp;]:mt-5\" dir=\"auto\" data-message-author-role=\"assistant\" data-message-id=\"55a23854-ec57-48dd-bd4f-6118f43d6241\" data-message-model-slug=\"gpt-4o\">\n<div class=\"flex w-full flex-col gap-1 empty:hidden first:pt-[3px]\">\n<div class=\"markdown prose w-full break-words dark:prose-invert light\">\n<p>Am\u00e9liorez votre exp\u00e9rience de vapotage avec le\u00a0<strong>AIVONO Fatpro 22000 Bouff\u00e9es<\/strong>\u00a0et sa s\u00e9lection exceptionnelle de saveurs artisanales. Chaque variante est savamment m\u00e9lang\u00e9e pour offrir une exp\u00e9rience distinctive et satisfaisante, garantissant que chaque bouff\u00e9e soit aussi m\u00e9morable que la pr\u00e9c\u00e9dente.<\/p>\n<p>1. D\u00e9lice de Pommes Jumelles : Un duo parfait de saveurs de pommes rouges et vertes croquantes, combinant la douceur naturelle avec une acidit\u00e9 rafra\u00eechissante pour une vape revitalisante.<\/p>\n<p>2. Raisin Glac\u00e9 : Des raisins violets juteux rencontrent une fra\u00eecheur menthol\u00e9e exaltante, cr\u00e9ant un m\u00e9lange sophistiqu\u00e9 \u00e0 la fois fruit\u00e9 et rafra\u00eechissant.<\/p>\n<p>3. Past\u00e8que Arctique : Les saveurs de past\u00e8que ultra-sucr\u00e9e sont rehauss\u00e9es par une finition menthol\u00e9e glaciale, offrant la sensation ultime de d\u00e9salt\u00e9ration.<\/p>\n<p>4. M\u00e9lange de Baies Glac\u00e9es : Un m\u00e9lange vibrant de fraises, de myrtilles et de m\u00fbres, termin\u00e9 par une expiration glac\u00e9e pour un refroidissement fruit\u00e9 parfaitement \u00e9quilibr\u00e9.<\/p>\n<p>5. Bulle de Myrtille : Une recr\u00e9ation ludique du bubblegum classique, d\u00e9bordant de douceur authentique de myrtille et d'une finition lisse et moelleuse.<\/p>\n<p>6. Fusion de Baies Rubis : De d\u00e9licieuses cerises s'entrelacent avec des framboises acidul\u00e9es, cr\u00e9ant un profil de saveur dynamique \u00e0 la fois audacieux et irr\u00e9sistiblement juteux.<\/p>\n<p>7. Paradis glac\u00e9 \u00e0 la p\u00eache : Des p\u00eaches m\u00fbres et gorg\u00e9es de soleil sont accentu\u00e9es par une brise menthol\u00e9e glaciale, faisant de ce produit une escapade tropicale toute l'ann\u00e9e.<\/p>\n<p>8. \u00c9lixir \u00e9nigmatique : Un m\u00e9lange myst\u00e9rieux et s\u00e9duisant de fruits exotiques avec de subtiles notes florales, con\u00e7u pour intriguer et ravir les sens.<\/p>\n<p>9. Pays de r\u00eave : Une concoction cr\u00e9meuse et stratifi\u00e9e de notes tropicales et de baies, offrant une exp\u00e9rience de vapotage douce et onirique.<\/p>\n<p>10. \u00c9claboussure de fraise : D\u00e9bordant de la douceur naturelle des fraises fra\u00eechement cueillies, cette saveur offre un punch vif et juteux \u00e0 chaque inhalation.<\/p>\n<figure id=\"attachment_4020\" aria-describedby=\"caption-attachment-4020\" style=\"width: 800px\" class=\"wp-caption alignnone\"><img decoding=\"async\" class=\"wp-image-4020 size-full\" src=\"https:\/\/vapestornado.com\/wp-content\/uploads\/2025\/03\/AIVONO-22000-Disposable-Puff-Bar.webp\" alt=\"Barre de bouff\u00e9es jetable AIVONO 22000\" width=\"800\" height=\"800\" srcset=\"https:\/\/vapestornado.com\/wp-content\/uploads\/2025\/03\/AIVONO-22000-Disposable-Puff-Bar.webp 800w, https:\/\/vapestornado.com\/wp-content\/uploads\/2025\/03\/AIVONO-22000-Disposable-Puff-Bar-300x300.webp 300w, https:\/\/vapestornado.com\/wp-content\/uploads\/2025\/03\/AIVONO-22000-Disposable-Puff-Bar-150x150.webp 150w, https:\/\/vapestornado.com\/wp-content\/uploads\/2025\/03\/AIVONO-22000-Disposable-Puff-Bar-768x768.webp 768w, https:\/\/vapestornado.com\/wp-content\/uploads\/2025\/03\/AIVONO-22000-Disposable-Puff-Bar-600x600.webp 600w, https:\/\/vapestornado.com\/wp-content\/uploads\/2025\/03\/AIVONO-22000-Disposable-Puff-Bar-100x100.webp 100w\" sizes=\"(max-width: 800px) 100vw, 800px\" \/><figcaption id=\"caption-attachment-4020\" class=\"wp-caption-text\">Barre de bouff\u00e9es jetable AIVONO 22000<\/figcaption><\/figure>\n<p>&nbsp;<\/p>\n<\/div>\n<\/div>\n<\/div>\n<\/div>\n<\/div>\n<\/div>\n<\/div>\n<\/div>\n<\/article>\n<\/div>\n<\/div>\n<\/div>\n<\/div>\n<\/div>\n<\/div>\n<\/div>\n<\/div>\n<\/div>\n<\/div>\n<\/article>\n<h2>Pourquoi choisir Vapestornado pour acheter AIVONO Fatpro 22000Puff ?<\/h2>\n<div class=\"flex-shrink-0 flex flex-col relative items-end\">\n<div class=\"pt-0\">\n<div class=\"gizmo-bot-avatar flex h-8 w-8 items-center justify-center overflow-hidden rounded-full\">\n<div class=\"relative p-1 rounded-sm flex items-center justify-center bg-token-main-surface-primary text-token-text-primary h-8 w-8\">\n<p>At\u00a0<strong>VapeTornado<\/strong>, nous sommes fiers de fournir\u00a0<strong>des produits de vapotage de qualit\u00e9 sup\u00e9rieure \u00e0 des prix imbattables<\/strong>\u2014et l'AIVONO Fatpro 22000 ne fait pas exception ! Voici pourquoi vous devriez acheter chez nous :<\/p>\n<p><strong>Meilleurs prix de gros<\/strong>\u00a0\u2013 Nous offrons\u00a0<strong>prix de gros comp\u00e9titif<\/strong><span style=\"font-size: 16px;\">, ce qui fait de nous le premier choix pour les revendeurs et les boutiques de vape.<\/span><\/p>\n<p><strong>Rapide<\/strong>\u00a0\u2013 Faites livrer votre commande\u00a0<strong>rapidement et en toute s\u00e9curit\u00e9<\/strong>, avec des options d'exp\u00e9dition dans le monde entier.<br \/>\n<strong>Produits authentiques 100%<\/strong>\u00a0\u2013 Pas de contrefa\u00e7ons, seulement\u00a0<strong>des produits jetables WASPE Triple authentiques<\/strong>\u00a0avec une qualit\u00e9 v\u00e9rifi\u00e9e.<br \/>\n<strong>Excellent support client<\/strong>\u00a0\u2013 Vous avez des questions ? Nos\u00a0<strong>experts en vape<\/strong> sont pr\u00eats \u00e0 vous aider 24h\/24 et 7j\/7.<\/p>\n<p data-start=\"559\" data-end=\"933\" data-is-last-node=\"\" data-is-only-node=\"\">Nous avons \u00e9galement d'autres vapes populaires avec \u00e9cran comme <a href=\"https:\/\/vapestornado.com\/fr\/product\/vapme-goat-40000-puff-40k-hookah-shisha-pen-price-wholesale-e-cigarette\/\">Vapme Ch\u00e8vre 40000 Shisha<\/a>, <a href=\"https:\/\/vapestornado.com\/fr\/product\/2025-new-vopk-ultra-40000-puffs-double-flavor-disposable-vape-factory-suppliers\/\">VOPK 40000 Vape jetable 2 en 1<\/a>, <a href=\"https:\/\/vapestornado.com\/fr\/product\/bang-beach-22000-20k-puff-disposable-vape-pen-with-screen-reddit-hot\/\">Bang Plage 22000<\/a>, et plus encore.<\/p>\n<\/div>\n<div class=\"relative p-1 rounded-sm flex items-center justify-center bg-token-main-surface-primary text-token-text-primary h-8 w-8\">\n<h2>FAQ<\/h2>\n<p><strong>1. Combien de temps dure l'AIVONO Fatpro 22000 ?<\/strong><\/p>\n<p>Avec\u00a0<strong>22 000 bouff\u00e9es<\/strong>, cet appareil dure beaucoup plus longtemps que les jetables standard. Selon l'utilisation, il peut servir les vapoteurs mod\u00e9r\u00e9s pendant des semaines, voire des mois.<\/p>\n<p><strong>2. L'AIVONO Fatpro est-il rechargeable ?<\/strong><\/p>\n<p>Oui ! Elle est dot\u00e9e d'un\u00a0<strong>Port rechargeable de type C<\/strong>\u00a0et une\u00a0<strong>Batterie de 600 mAh<\/strong>, vous permettant d'utiliser pleinement le\u00a0<strong>Capacit\u00e9 de 28 ml d'e-liquide<\/strong>\u00a0sans tomber en panne de courant.<\/p>\n<p><strong>3. Quelles sont les concentrations de nicotine disponibles ?<\/strong><\/p>\n<p>L'AIVONO Fatpro offre\u00a0<strong>0 % (sans nicotine), 2 %, 3 % et 5 % de sel de nicotine<\/strong>\u00a0options, r\u00e9pondant \u00e0 tous les types de vapoteurs.<\/p>\n<p><strong>4. Prend-il en charge les bouff\u00e9es profondes dans les poumons (DTL) ?<\/strong><\/p>\n<p>Oui ! Le\u00a0<strong>Bobine mesh de 0,6 \u03a9<\/strong>\u00a0et de\u00a0<strong>Conception DTL<\/strong>\u00a0le rend id\u00e9al pour les inhalations directes aux poumons, produisant\u00a0<strong>des nuages doux et savoureux<\/strong>.<\/p>\n<\/div>\n<\/div>\n<\/div>\n<\/div>","protected":false},"excerpt":{"rendered":"<p class=\"LC20lb MBeuO DKV0Md\">L' <strong data-start=\"1217\" data-end=\"1250\">AIVONO Fatpro 22K Vape Chicha<\/strong> offre 22 000 bouff\u00e9es, un affichage num\u00e9rique et la technologie de bobine Mesh. Un excellent choix pour les <strong data-start=\"1334\" data-end=\"1359\">commandes en gros en vrac<\/strong>.<\/p>\n<p><strong>Ajoutez le WhatsApp d'Amy pour obtenir une r\u00e9ponse rapide et un prix r\u00e9duit !<\/strong><\/p>\n<p><img fetchpriority=\"high\" decoding=\"async\" class=\"size-full wp-image-2932\" src=\"https:\/\/vapestornado.com\/wp-content\/uploads\/2024\/12\/Vape-Wholesale.jpg\" alt=\"Vente en Gros de Vapes\" width=\"229\" height=\"300\" \/><\/p>\n<h3><a href=\"https:\/\/wa.me\/8617776015835\"><span style=\"color: #ff0000;\"><strong>WhatsApp : +86 17776015835<\/strong><\/span><\/a><\/h3>\n<p>&nbsp;<\/p>","protected":false},"featured_media":4026,"comment_status":"open","ping_status":"closed","template":"","meta":{"_acf_changed":false,"_uag_custom_page_level_css":"","_lmt_disableupdate":"no","_lmt_disable":"","_monsterinsights_skip_tracking":false,"_monsterinsights_sitenote_active":false,"_monsterinsights_sitenote_note":"","_monsterinsights_sitenote_category":0,"site-sidebar-layout":"default","site-content-layout":"","ast-site-content-layout":"default","site-content-style":"default","site-sidebar-style":"default","ast-global-header-display":"","ast-banner-title-visibility":"","ast-main-header-display":"","ast-hfb-above-header-display":"","ast-hfb-below-header-display":"","ast-hfb-mobile-header-display":"","site-post-title":"","ast-breadcrumbs-content":"","ast-featured-img":"","footer-sml-layout":"","ast-disable-related-posts":"","theme-transparent-header-meta":"default","adv-header-id-meta":"","stick-header-meta":"","header-above-stick-meta":"","header-main-stick-meta":"","header-below-stick-meta":"","astra-migrate-meta-layouts":"set","ast-page-background-enabled":"default","ast-page-background-meta":{"desktop":{"background-color":"","background-image":"","background-repeat":"repeat","background-position":"center center","background-size":"auto","background-attachment":"scroll","background-type":"","background-media":"","overlay-type":"","overlay-color":"","overlay-opacity":"","overlay-gradient":""},"tablet":{"background-color":"","background-image":"","background-repeat":"repeat","background-position":"center center","background-size":"auto","background-attachment":"scroll","background-type":"","background-media":"","overlay-type":"","overlay-color":"","overlay-opacity":"","overlay-gradient":""},"mobile":{"background-color":"","background-image":"","background-repeat":"repeat","background-position":"center center","background-size":"auto","background-attachment":"scroll","background-type":"","background-media":"","overlay-type":"","overlay-color":"","overlay-opacity":"","overlay-gradient":""}},"ast-content-background-meta":{"desktop":{"background-color":"var(--ast-global-color-5)","background-image":"","background-repeat":"repeat","background-position":"center center","background-size":"auto","background-attachment":"scroll","background-type":"","background-media":"","overlay-type":"","overlay-color":"","overlay-opacity":"","overlay-gradient":""},"tablet":{"background-color":"var(--ast-global-color-5)","background-image":"","background-repeat":"repeat","background-position":"center center","background-size":"auto","background-attachment":"scroll","background-type":"","background-media":"","overlay-type":"","overlay-color":"","overlay-opacity":"","overlay-gradient":""},"mobile":{"background-color":"var(--ast-global-color-5)","background-image":"","background-repeat":"repeat","background-position":"center center","background-size":"auto","background-attachment":"scroll","background-type":"","background-media":"","overlay-type":"","overlay-color":"","overlay-opacity":"","overlay-gradient":""}},"_joinchat":{"telephone":"17776015835"}},"product_brand":[],"product_cat":[176,154,147],"product_tag":[308,105,284,296,94],"class_list":{"0":"post-4047","1":"product","2":"type-product","3":"status-publish","4":"has-post-thumbnail","6":"product_cat-aivono-vape","7":"product_cat-buy-disposable-vapes-in-netherlands","8":"product_cat-shisha-hookah-disposable-vapes","9":"product_tag-aivono-fatpro-22000","10":"product_tag-digital-disposable-vape","11":"product_tag-disposable-shisha","12":"product_tag-puff-bar","13":"product_tag-rechargeable-disposable-vape","14":"desktop-align-left","15":"tablet-align-left","16":"mobile-align-left","18":"first","19":"instock","20":"sale","21":"shipping-taxable","22":"purchasable","23":"product-type-simple"},"acf":[],"uagb_featured_image_src":{"full":["https:\/\/vapestornado.com\/wp-content\/uploads\/2025\/03\/Wholesale-Vape-Original-Ainovo-Aim-Fatpro-22000-Puffs.webp",800,800,false],"thumbnail":["https:\/\/vapestornado.com\/wp-content\/uploads\/2025\/03\/Wholesale-Vape-Original-Ainovo-Aim-Fatpro-22000-Puffs-150x150.webp",150,150,true],"medium":["https:\/\/vapestornado.com\/wp-content\/uploads\/2025\/03\/Wholesale-Vape-Original-Ainovo-Aim-Fatpro-22000-Puffs-300x300.webp",300,300,true],"medium_large":["https:\/\/vapestornado.com\/wp-content\/uploads\/2025\/03\/Wholesale-Vape-Original-Ainovo-Aim-Fatpro-22000-Puffs-768x768.webp",768,768,true],"large":["https:\/\/vapestornado.com\/wp-content\/uploads\/2025\/03\/Wholesale-Vape-Original-Ainovo-Aim-Fatpro-22000-Puffs.webp",800,800,false],"1536x1536":["https:\/\/vapestornado.com\/wp-content\/uploads\/2025\/03\/Wholesale-Vape-Original-Ainovo-Aim-Fatpro-22000-Puffs.webp",800,800,false],"2048x2048":["https:\/\/vapestornado.com\/wp-content\/uploads\/2025\/03\/Wholesale-Vape-Original-Ainovo-Aim-Fatpro-22000-Puffs.webp",800,800,false],"trp-custom-language-flag":["https:\/\/vapestornado.com\/wp-content\/uploads\/2025\/03\/Wholesale-Vape-Original-Ainovo-Aim-Fatpro-22000-Puffs.webp",12,12,false],"woocommerce_thumbnail":["https:\/\/vapestornado.com\/wp-content\/uploads\/2025\/03\/Wholesale-Vape-Original-Ainovo-Aim-Fatpro-22000-Puffs-300x300.webp",300,300,true],"woocommerce_single":["https:\/\/vapestornado.com\/wp-content\/uploads\/2025\/03\/Wholesale-Vape-Original-Ainovo-Aim-Fatpro-22000-Puffs-600x600.webp",600,600,true],"woocommerce_gallery_thumbnail":["https:\/\/vapestornado.com\/wp-content\/uploads\/2025\/03\/Wholesale-Vape-Original-Ainovo-Aim-Fatpro-22000-Puffs-100x100.webp",100,100,true]},"uagb_author_info":{"display_name":"ESAMY","author_link":"https:\/\/vapestornado.com\/fr\/author\/"},"uagb_comment_info":0,"uagb_excerpt":"The AIVONO Fatpro 22K Shisha Vape offers 22,000 puffs, digital display, and mesh coil technology. A great choice for bulk wholesale orders. Add Amy's whatsapp to get right reply and discount price! WhatsApp: +86 17776015835 &nbsp;","_links":{"self":[{"href":"https:\/\/vapestornado.com\/fr\/wp-json\/wp\/v2\/product\/4047","targetHints":{"allow":["GET"]}}],"collection":[{"href":"https:\/\/vapestornado.com\/fr\/wp-json\/wp\/v2\/product"}],"about":[{"href":"https:\/\/vapestornado.com\/fr\/wp-json\/wp\/v2\/types\/product"}],"replies":[{"embeddable":true,"href":"https:\/\/vapestornado.com\/fr\/wp-json\/wp\/v2\/comments?post=4047"}],"wp:featuredmedia":[{"embeddable":true,"href":"https:\/\/vapestornado.com\/fr\/wp-json\/wp\/v2\/media\/4026"}],"wp:attachment":[{"href":"https:\/\/vapestornado.com\/fr\/wp-json\/wp\/v2\/media?parent=4047"}],"wp:term":[{"taxonomy":"product_brand","embeddable":true,"href":"https:\/\/vapestornado.com\/fr\/wp-json\/wp\/v2\/product_brand?post=4047"},{"taxonomy":"product_cat","embeddable":true,"href":"https:\/\/vapestornado.com\/fr\/wp-json\/wp\/v2\/product_cat?post=4047"},{"taxonomy":"product_tag","embeddable":true,"href":"https:\/\/vapestornado.com\/fr\/wp-json\/wp\/v2\/product_tag?post=4047"}],"curies":[{"name":"wp","href":"https:\/\/api.w.org\/{rel}","templated":true}]}}