{"id":4044,"date":"2025-03-30T09:23:45","date_gmt":"2025-03-30T09:23:45","guid":{"rendered":"https:\/\/vapestornado.com\/?post_type=product&#038;p=4044"},"modified":"2025-08-23T11:57:41","modified_gmt":"2025-08-23T11:57:41","slug":"bang-king-30000-pro-puff-30k-disposable-device-wholesale-price","status":"publish","type":"product","link":"https:\/\/vapestornado.com\/fr\/product\/bang-king-30000-pro-puff-30k-disposable-device-wholesale-price\/","title":{"rendered":"Bang King 30000 Pro Puff 30k Appareil Jetable Prix de Gros"},"content":{"rendered":"<h1 data-pm-slice=\"1 1 []\">Bang King 30000 Pro Puff 30k Appareil Jetable Prix de Gros<\/h1>\n<p>L' <strong data-start=\"383\" data-end=\"427\">Vape jetable Bang King 30000 Pro Puff<\/strong> est con\u00e7u pour les grossistes et les d\u00e9taillants qui souhaitent proposer un appareil haut de gamme et durable. Offrant jusqu'\u00e0 <strong data-start=\"537\" data-end=\"553\">30 000 bouff\u00e9es<\/strong>, ce jetable offre des sessions prolong\u00e9es avec une qualit\u00e9 de saveur constante. Sa <strong data-start=\"634\" data-end=\"671\">capacit\u00e9 de 36 ml de e-liquide pr\u00e9-rempli<\/strong> et de <strong data-start=\"676\" data-end=\"694\">Bobine Mesh 1.0\u03a9<\/strong> assure une vapeur douce et un go\u00fbt riche de la premi\u00e8re \u00e0 la derni\u00e8re inhalation.<\/p>\n<p>Propuls\u00e9 par un <strong data-start=\"787\" data-end=\"818\">Batterie rechargeable de 850 mAh<\/strong> avec <strong data-start=\"824\" data-end=\"848\">Charge rapide Type-C<\/strong>, le Bang King 30K Pro Puff garantit une utilisation ininterrompue. Les options de concentration de nicotine de <strong data-start=\"936\" data-end=\"958\">0%, 2%, 3% et 5%<\/strong> le rendent adapt\u00e9 \u00e0 un large \u00e9ventail de clients, tandis que <strong data-start=\"1013\" data-end=\"1044\">12 saveurs savamment m\u00e9lang\u00e9es<\/strong> offrent une polyvalence pour toutes les pr\u00e9f\u00e9rences gustatives.<\/p>\n<p>Pour les acheteurs en gros, cet appareil est un produit performant sur le <strong data-start=\"1159\" data-end=\"1195\">march\u00e9 des vapes jetables en gros<\/strong>, combinant durabilit\u00e9, go\u00fbt premium et prix comp\u00e9titifs. Un choix fiable pour les magasins recherchant des cigarettes \u00e9lectroniques \u00e0 forte demande et de grande capacit\u00e9.<\/p>\n<h2><strong>Points forts du produit :<\/strong><\/h2>\n<p>\u2714\u00a0<strong>30 000 Bouff\u00e9es<\/strong>\u00a0\u2013 Performance ultra-longue dur\u00e9e pour un plaisir prolong\u00e9.<br \/>\n\u2714\u00a0<strong>Capacit\u00e9 d'E-liquide de 36mL<\/strong>\u00a0\u2013 Pas de recharges n\u00e9cessaires, juste un pur plaisir de vaper.<br \/>\n\u2714\u00a0<strong>Syst\u00e8me \u00e0 Saveur Unique<\/strong>\u00a0\u2013 Saveurs savamment \u00e9labor\u00e9es qui restent riches et constantes tout au long de l'utilisation.<br \/>\n\u2714\u00a0<strong>Port de Recharge Type-C<\/strong>\u00a0\u2013 \u00c9quip\u00e9 d'un\u00a0<strong>Batterie de 850 mAh<\/strong>\u00a0pour des sessions ininterrompues.<br \/>\n\u2714\u00a0<strong>R\u00e9sistance Mesh 1,0\u03a9<\/strong>\u00a0\u2013 Am\u00e9liore la restitution des saveurs pour une exp\u00e9rience plus douce et intense.<br \/>\n\u2714\u00a0<strong>Plusieurs Taux de Nicotine (0%\/2%\/3%\/5%)<\/strong>\u00a0\u2013 R\u00e9pond \u00e0 toutes les pr\u00e9f\u00e9rences.<br \/>\n\u2714\u00a0<strong>12 Saveurs D\u00e9licieuses Disponibles<\/strong>\u00a0\u2013 Une vari\u00e9t\u00e9 d'options pour satisfaire chaque palais.<\/p>\n<p>Parfait pour les\u00a0<strong>acheteurs et d\u00e9taillants en gros<\/strong>, le\u00a0<strong>Bang King 30K Puff Pro<\/strong>\u00a0est un vaporisateur jetable de premier ordre qui garantit la satisfaction du client gr\u00e2ce \u00e0 son\u00a0<strong>nombre \u00e9lev\u00e9 de bouff\u00e9es, sa consistance de saveur premium et sa commodit\u00e9<\/strong>.<\/p>\n<p data-start=\"666\" data-end=\"1235\"><strong style=\"font-size: 16px;\"><span style=\"color: #ff0000;\">Ajoutez le WhatsApp d'Amy pour obtenir une r\u00e9ponse rapide et un prix r\u00e9duit !<\/span><\/strong><\/p>\n<p><img fetchpriority=\"high\" decoding=\"async\" class=\"size-full wp-image-2932\" src=\"https:\/\/vapestornado.com\/wp-content\/uploads\/2024\/12\/Vape-Wholesale.jpg\" alt=\"Vente en Gros de Vapes\" width=\"229\" height=\"300\" \/><\/p>\n<h3><a href=\"https:\/\/wa.me\/8617776015835\" target=\"_blank\" rel=\"noopener\"><span style=\"color: #ff0000;\"><strong>WhatsApp : +86 17776015835<\/strong><\/span><\/a><\/h3>\n<p>&nbsp;<\/p>\n<h2><strong>Bang King 30000 Pro Caract\u00e9ristiques Principales du Produit<\/strong><\/h2>\n<p>Marque: Bang King<br \/>\nNicotine : 0%\/2%\/3%\/5%<br \/>\nBouff\u00e9es: 30000 bouff\u00e9es<br \/>\nBatterie: 850 mah<br \/>\nCapacit\u00e9: 36ML<br \/>\nR\u00e9sistance: r\u00e9sistance mesh 1.0 \u03a9<br \/>\nRechargeable: type-C<br \/>\nAppareil Jetable<br \/>\n12 saveurs disponibles<\/p>\n<p>&nbsp;<\/p>\n<figure id=\"attachment_4033\" aria-describedby=\"caption-attachment-4033\" style=\"width: 800px\" class=\"wp-caption alignnone\"><img decoding=\"async\" class=\"wp-image-4033 size-full\" src=\"https:\/\/vapestornado.com\/wp-content\/uploads\/2025\/03\/Bang-King-30K-30000-PRO-Puffs-Disposable-Vape-Pen.webp\" alt=\"Bang King 30K 30000 PRO Bouff\u00e9es Stylo Vape Jetable\" width=\"800\" height=\"800\" srcset=\"https:\/\/vapestornado.com\/wp-content\/uploads\/2025\/03\/Bang-King-30K-30000-PRO-Puffs-Disposable-Vape-Pen.webp 800w, https:\/\/vapestornado.com\/wp-content\/uploads\/2025\/03\/Bang-King-30K-30000-PRO-Puffs-Disposable-Vape-Pen-300x300.webp 300w, https:\/\/vapestornado.com\/wp-content\/uploads\/2025\/03\/Bang-King-30K-30000-PRO-Puffs-Disposable-Vape-Pen-150x150.webp 150w, https:\/\/vapestornado.com\/wp-content\/uploads\/2025\/03\/Bang-King-30K-30000-PRO-Puffs-Disposable-Vape-Pen-768x768.webp 768w, https:\/\/vapestornado.com\/wp-content\/uploads\/2025\/03\/Bang-King-30K-30000-PRO-Puffs-Disposable-Vape-Pen-600x600.webp 600w, https:\/\/vapestornado.com\/wp-content\/uploads\/2025\/03\/Bang-King-30K-30000-PRO-Puffs-Disposable-Vape-Pen-100x100.webp 100w\" sizes=\"(max-width: 800px) 100vw, 800px\" \/><figcaption id=\"caption-attachment-4033\" class=\"wp-caption-text\">Bang King 30K 30000 PRO Bouff\u00e9es Stylo Vape Jetable<\/figcaption><\/figure>\n<h2 class=\"product-title\"><strong>Bang King 30000 Bouff\u00e9es Liste des Saveurs des Pods Jetables<\/strong><\/h2>\n<article class=\"w-full text-token-text-primary focus-visible:outline-2 focus-visible:outline-offset-[-4px]\" dir=\"auto\" data-testid=\"conversation-turn-32\" data-scroll-anchor=\"false\">\n<div class=\"m-auto text-base py-[18px] px-6\">\n<div class=\"mx-auto flex flex-1 text-base gap-4 md:gap-5 lg:gap-6 md:max-w-3xl lg:max-w-[40rem] xl:max-w-[48rem]\">\n<div class=\"group\/conversation-turn relative flex w-full min-w-0 flex-col @xs\/thread:px-0 @sm\/thread:px-1.5 @md\/thread:px-4\">\n<div class=\"flex-col gap-1 md:gap-3\">\n<div class=\"flex max-w-full flex-col flex-grow\">\n<div class=\"min-h-8 text-message flex w-full flex-col items-end gap-2 whitespace-normal break-words text-start [.text-message+&amp;]:mt-5\" dir=\"auto\" data-message-author-role=\"user\" data-message-id=\"ffac41ca-1db4-431b-873a-32c4052956f1\">\n<div class=\"flex w-full flex-col gap-1 empty:hidden items-end rtl:items-start\">\n<div class=\"relative max-w-[var(--user-chat-width,70%)] rounded-3xl bg-token-message-surface px-5 py-2.5\">\n<div class=\"absolute bottom-0 right-full top-0 -mr-3.5 hidden pr-5 pt-2 [.group\/conversation-turn:hover_&amp;]:flex\">\n<div class=\"flex\">\n<article class=\"w-full text-token-text-primary focus-visible:outline-2 focus-visible:outline-offset-[-4px]\" dir=\"auto\" data-testid=\"conversation-turn-39\" data-scroll-anchor=\"true\">\n<div class=\"m-auto text-base py-[18px] px-6\">\n<div class=\"mx-auto flex flex-1 text-base gap-4 md:gap-5 lg:gap-6 md:max-w-3xl lg:max-w-[40rem] xl:max-w-[48rem]\">\n<div class=\"group\/conversation-turn relative flex w-full min-w-0 flex-col agent-turn @xs\/thread:px-0 @sm\/thread:px-1.5 @md\/thread:px-4\">\n<div class=\"flex-col gap-1 md:gap-3\">\n<div class=\"flex max-w-full flex-col flex-grow\">\n<div class=\"min-h-8 text-message flex w-full flex-col items-end gap-2 whitespace-normal break-words text-start [.text-message+&amp;]:mt-5\" dir=\"auto\" data-message-author-role=\"assistant\" data-message-id=\"55a23854-ec57-48dd-bd4f-6118f43d6241\" data-message-model-slug=\"gpt-4o\">\n<div class=\"flex w-full flex-col gap-1 empty:hidden first:pt-[3px]\">\n<div class=\"markdown prose w-full break-words dark:prose-invert light\">\n<p>1. Fraise Past\u00e8que<br \/>\n2.Glace Myrtille<br \/>\n3.Menthe Fra\u00eeche<br \/>\n4.Fraise Raisin<br \/>\n5.Myrtille Canneberge Cerise<br \/>\n6.Past\u00e8que<br \/>\n7. Fraise Kiwi<br \/>\n8.Menthe Framboise Bleue<br \/>\n9.Triple Baie<br \/>\n10.Past\u00e8que Cerise<br \/>\n11.Framboise Scintillante Sombre<br \/>\n12.Myrtille Framboise<\/p>\n<\/div>\n<\/div>\n<\/div>\n<\/div>\n<\/div>\n<\/div>\n<\/div>\n<\/div>\n<\/article>\n<\/div>\n<\/div>\n<\/div>\n<\/div>\n<\/div>\n<\/div>\n<\/div>\n<\/div>\n<\/div>\n<\/div>\n<\/article>\n<h2>Pourquoi choisir Vapestornado pour acheter le Bang King 30000 Pro ?<\/h2>\n<div class=\"flex-shrink-0 flex flex-col relative items-end\">\n<div class=\"pt-0\">\n<div class=\"gizmo-bot-avatar flex h-8 w-8 items-center justify-center overflow-hidden rounded-full\">\n<div class=\"relative p-1 rounded-sm flex items-center justify-center bg-token-main-surface-primary text-token-text-primary h-8 w-8\">\n<p>At\u00a0<strong>VapeTornado<\/strong>, nous sommes fiers de fournir\u00a0<strong>des produits de vapotage de qualit\u00e9 sup\u00e9rieure \u00e0 des prix imbattables<\/strong>\u2014et le Bang King 30000 Pro ne fait pas exception ! Voici pourquoi vous devriez acheter chez nous :<\/p>\n<p><strong>Meilleurs prix de gros<\/strong>\u00a0\u2013 Nous offrons\u00a0<strong>prix de gros comp\u00e9titif<\/strong><span style=\"font-size: 16px;\">, ce qui fait de nous le premier choix pour les revendeurs et les boutiques de vape.<\/span><\/p>\n<p><strong>Rapide<\/strong>\u00a0\u2013 Faites livrer votre commande\u00a0<strong>rapidement et en toute s\u00e9curit\u00e9<\/strong>, avec des options d'exp\u00e9dition dans le monde entier.<br \/>\n<strong>Produits authentiques 100%<\/strong>\u00a0\u2013 Pas de contrefa\u00e7ons, seulement\u00a0<strong>des produits jetables WASPE Triple authentiques<\/strong>\u00a0avec une qualit\u00e9 v\u00e9rifi\u00e9e.<br \/>\n<strong>Excellent support client<\/strong>\u00a0\u2013 Vous avez des questions ? Nos\u00a0<strong>experts en vape<\/strong> sont pr\u00eats \u00e0 vous aider 24h\/24 et 7j\/7.<\/p>\n<p data-start=\"559\" data-end=\"933\" data-is-last-node=\"\" data-is-only-node=\"\">Nous avons \u00e9galement d'autres vapes populaires avec \u00e9cran comme <a href=\"https:\/\/vapestornado.com\/fr\/product\/mesii-couple-50k-disposable-shisha-hookah-50000-puffs-vape-with-digital-display\/\">Couple Mesii 50000<\/a>, <a href=\"https:\/\/vapestornado.com\/fr\/product\/vopk-cool-9000-puffs-disposable-vapes-bar-puff-9k\/\">Vape jetable VOPK 9000 Bouff\u00e9es<\/a>, <a href=\"https:\/\/vapestornado.com\/fr\/product\/bang-beach-22000-20k-puff-disposable-vape-pen-with-screen-reddit-hot\/\">Bang Plage 22000<\/a>, et plus encore.<\/p>\n<\/div>\n<div class=\"relative p-1 rounded-sm flex items-center justify-center bg-token-main-surface-primary text-token-text-primary h-8 w-8\">\n<h2>FAQ pour le Bang King 30000<\/h2>\n<h3><strong>1. Combien de temps dure le Bang King 30K Pro Puff ?<\/strong><\/h3>\n<p>Avec\u00a0<strong>30 000 bouff\u00e9es<\/strong>, cet appareil peut durer beaucoup plus longtemps que les jetables standard, selon la fr\u00e9quence d'utilisation. Pour les vapoteurs mod\u00e9r\u00e9s, il peut durer des semaines, voire des mois.<\/p>\n<h3><strong>2. Le Bang King 30K est-il rechargeable ?<\/strong><\/h3>\n<p>Oui ! Elle est dot\u00e9e d'un\u00a0<strong>Port rechargeable de type C<\/strong>, vous permettant de maximiser le\u00a0<strong>capacit\u00e9 d'e-liquide de 36mL<\/strong>\u00a0sans que l'\u00e9puisement de la batterie n'interrompe votre exp\u00e9rience.<\/p>\n<h3><strong>3. Quelles sont les concentrations de nicotine disponibles ?<\/strong><\/h3>\n<p>L'\u00a0<strong>Bang King 30K Puff Pro<\/strong>\u00a0est disponible en\u00a0<strong>0% (sans nicotine), 2%, 3% et 5% de nicotine<\/strong>\u00a0pour satisfaire les vapoteurs occasionnels et les gros vapoteurs.<\/p>\n<h3><strong>4. La saveur reste-t-elle constante tout au long de l'utilisation ?<\/strong><\/h3>\n<p>Absolument ! Gr\u00e2ce \u00e0 son\u00a0<strong>syst\u00e8me \u00e0 saveur unique et sa bobine \u00e0 mailles de 1,0\u03a9<\/strong>, le go\u00fbt reste riche et uniforme de la premi\u00e8re \u00e0 la derni\u00e8re bouff\u00e9e.<\/p>\n<\/div>\n<\/div>\n<\/div>\n<\/div>","protected":false},"excerpt":{"rendered":"<p class=\"LC20lb MBeuO DKV0Md\">L' <strong data-start=\"1343\" data-end=\"1374\">Vape Bang King 30K Pro Puff<\/strong> offre 30 000 bouff\u00e9es, 36 ml de e-liquide et la commodit\u00e9 rechargeable. Un jetable fiable et savoureux \u00e0 prix de gros.<\/p>\n<p><strong>Ajoutez le WhatsApp d'Amy pour obtenir une r\u00e9ponse rapide et un prix r\u00e9duit !<\/strong><\/p>\n<p><img fetchpriority=\"high\" decoding=\"async\" class=\"size-full wp-image-2932\" src=\"https:\/\/vapestornado.com\/wp-content\/uploads\/2024\/12\/Vape-Wholesale.jpg\" alt=\"Vente en Gros de Vapes\" width=\"229\" height=\"300\" \/><\/p>\n<h3><a href=\"https:\/\/wa.me\/8617776015835\"><span style=\"color: #ff0000;\"><strong>WhatsApp : +86 17776015835<\/strong><\/span><\/a><\/h3>\n<p>&nbsp;<\/p>","protected":false},"featured_media":4037,"comment_status":"open","ping_status":"closed","template":"","meta":{"_acf_changed":false,"_uag_custom_page_level_css":"","_lmt_disableupdate":"no","_lmt_disable":"","_monsterinsights_skip_tracking":false,"_monsterinsights_sitenote_active":false,"_monsterinsights_sitenote_note":"","_monsterinsights_sitenote_category":0,"site-sidebar-layout":"default","site-content-layout":"","ast-site-content-layout":"default","site-content-style":"default","site-sidebar-style":"default","ast-global-header-display":"","ast-banner-title-visibility":"","ast-main-header-display":"","ast-hfb-above-header-display":"","ast-hfb-below-header-display":"","ast-hfb-mobile-header-display":"","site-post-title":"","ast-breadcrumbs-content":"","ast-featured-img":"","footer-sml-layout":"","ast-disable-related-posts":"","theme-transparent-header-meta":"default","adv-header-id-meta":"","stick-header-meta":"","header-above-stick-meta":"","header-main-stick-meta":"","header-below-stick-meta":"","astra-migrate-meta-layouts":"set","ast-page-background-enabled":"default","ast-page-background-meta":{"desktop":{"background-color":"","background-image":"","background-repeat":"repeat","background-position":"center center","background-size":"auto","background-attachment":"scroll","background-type":"","background-media":"","overlay-type":"","overlay-color":"","overlay-opacity":"","overlay-gradient":""},"tablet":{"background-color":"","background-image":"","background-repeat":"repeat","background-position":"center center","background-size":"auto","background-attachment":"scroll","background-type":"","background-media":"","overlay-type":"","overlay-color":"","overlay-opacity":"","overlay-gradient":""},"mobile":{"background-color":"","background-image":"","background-repeat":"repeat","background-position":"center center","background-size":"auto","background-attachment":"scroll","background-type":"","background-media":"","overlay-type":"","overlay-color":"","overlay-opacity":"","overlay-gradient":""}},"ast-content-background-meta":{"desktop":{"background-color":"var(--ast-global-color-5)","background-image":"","background-repeat":"repeat","background-position":"center center","background-size":"auto","background-attachment":"scroll","background-type":"","background-media":"","overlay-type":"","overlay-color":"","overlay-opacity":"","overlay-gradient":""},"tablet":{"background-color":"var(--ast-global-color-5)","background-image":"","background-repeat":"repeat","background-position":"center center","background-size":"auto","background-attachment":"scroll","background-type":"","background-media":"","overlay-type":"","overlay-color":"","overlay-opacity":"","overlay-gradient":""},"mobile":{"background-color":"var(--ast-global-color-5)","background-image":"","background-repeat":"repeat","background-position":"center center","background-size":"auto","background-attachment":"scroll","background-type":"","background-media":"","overlay-type":"","overlay-color":"","overlay-opacity":"","overlay-gradient":""}},"_joinchat":{"telephone":"17776015835"}},"product_brand":[],"product_cat":[67,63,151,144,146],"product_tag":[305,306,105,94,302],"class_list":{"0":"post-4044","1":"product","2":"type-product","3":"status-publish","4":"has-post-thumbnail","6":"product_cat-30000-puff","7":"product_cat-bangking","8":"product_cat-buy-disposable-vapes-in-france","9":"product_cat-low-nicotine-disposable-vapes","10":"product_cat-rechargeable-disposable-vapes","11":"product_tag-bang-king","12":"product_tag-bang-king-30000","13":"product_tag-digital-disposable-vape","14":"product_tag-rechargeable-disposable-vape","15":"product_tag-vape-box-mod","16":"desktop-align-left","17":"tablet-align-left","18":"mobile-align-left","20":"first","21":"instock","22":"sale","23":"shipping-taxable","24":"purchasable","25":"product-type-simple"},"acf":[],"uagb_featured_image_src":{"full":["https:\/\/vapestornado.com\/wp-content\/uploads\/2025\/03\/Bang-King-30000-Puffs-Disposable-Vape-Best-Price.webp",800,800,false],"thumbnail":["https:\/\/vapestornado.com\/wp-content\/uploads\/2025\/03\/Bang-King-30000-Puffs-Disposable-Vape-Best-Price-150x150.webp",150,150,true],"medium":["https:\/\/vapestornado.com\/wp-content\/uploads\/2025\/03\/Bang-King-30000-Puffs-Disposable-Vape-Best-Price-300x300.webp",300,300,true],"medium_large":["https:\/\/vapestornado.com\/wp-content\/uploads\/2025\/03\/Bang-King-30000-Puffs-Disposable-Vape-Best-Price-768x768.webp",768,768,true],"large":["https:\/\/vapestornado.com\/wp-content\/uploads\/2025\/03\/Bang-King-30000-Puffs-Disposable-Vape-Best-Price.webp",800,800,false],"1536x1536":["https:\/\/vapestornado.com\/wp-content\/uploads\/2025\/03\/Bang-King-30000-Puffs-Disposable-Vape-Best-Price.webp",800,800,false],"2048x2048":["https:\/\/vapestornado.com\/wp-content\/uploads\/2025\/03\/Bang-King-30000-Puffs-Disposable-Vape-Best-Price.webp",800,800,false],"trp-custom-language-flag":["https:\/\/vapestornado.com\/wp-content\/uploads\/2025\/03\/Bang-King-30000-Puffs-Disposable-Vape-Best-Price.webp",12,12,false],"woocommerce_thumbnail":["https:\/\/vapestornado.com\/wp-content\/uploads\/2025\/03\/Bang-King-30000-Puffs-Disposable-Vape-Best-Price-300x300.webp",300,300,true],"woocommerce_single":["https:\/\/vapestornado.com\/wp-content\/uploads\/2025\/03\/Bang-King-30000-Puffs-Disposable-Vape-Best-Price-600x600.webp",600,600,true],"woocommerce_gallery_thumbnail":["https:\/\/vapestornado.com\/wp-content\/uploads\/2025\/03\/Bang-King-30000-Puffs-Disposable-Vape-Best-Price-100x100.webp",100,100,true]},"uagb_author_info":{"display_name":"ESAMY","author_link":"https:\/\/vapestornado.com\/fr\/author\/"},"uagb_comment_info":0,"uagb_excerpt":"The Bang King 30K Pro Puff Vape offers 30,000 puffs, 36ml e-liquid, and rechargeable convenience. A reliable, flavorful disposable at wholesale bulk prices. Add Amy's whatsapp to get right reply and discount price! WhatsApp: +86 17776015835 &nbsp;","_links":{"self":[{"href":"https:\/\/vapestornado.com\/fr\/wp-json\/wp\/v2\/product\/4044","targetHints":{"allow":["GET"]}}],"collection":[{"href":"https:\/\/vapestornado.com\/fr\/wp-json\/wp\/v2\/product"}],"about":[{"href":"https:\/\/vapestornado.com\/fr\/wp-json\/wp\/v2\/types\/product"}],"replies":[{"embeddable":true,"href":"https:\/\/vapestornado.com\/fr\/wp-json\/wp\/v2\/comments?post=4044"}],"wp:featuredmedia":[{"embeddable":true,"href":"https:\/\/vapestornado.com\/fr\/wp-json\/wp\/v2\/media\/4037"}],"wp:attachment":[{"href":"https:\/\/vapestornado.com\/fr\/wp-json\/wp\/v2\/media?parent=4044"}],"wp:term":[{"taxonomy":"product_brand","embeddable":true,"href":"https:\/\/vapestornado.com\/fr\/wp-json\/wp\/v2\/product_brand?post=4044"},{"taxonomy":"product_cat","embeddable":true,"href":"https:\/\/vapestornado.com\/fr\/wp-json\/wp\/v2\/product_cat?post=4044"},{"taxonomy":"product_tag","embeddable":true,"href":"https:\/\/vapestornado.com\/fr\/wp-json\/wp\/v2\/product_tag?post=4044"}],"curies":[{"name":"wp","href":"https:\/\/api.w.org\/{rel}","templated":true}]}}