{"id":3999,"date":"2025-03-25T07:33:36","date_gmt":"2025-03-25T07:33:36","guid":{"rendered":"https:\/\/vapestornado.com\/?post_type=product&#038;p=3999"},"modified":"2025-12-11T07:26:08","modified_gmt":"2025-12-11T07:26:08","slug":"wholesale-bang-beach-38000-puff-38k-vape-disposable-vaporizer-e-cig-at-cheap-prices","status":"publish","type":"product","link":"https:\/\/vapestornado.com\/fr\/product\/wholesale-bang-beach-38000-puff-38k-vape-disposable-vaporizer-e-cig-at-cheap-prices\/","title":{"rendered":"Vente en gros Bang Beach 38000 Bouff\u00e9es 38k Vape Vaporisateur jetable E Cig \u00e0 bas prix"},"content":{"rendered":"<h1 data-pm-slice=\"1 1 []\">Vente en gros Bang Beach 38000 Bouff\u00e9es 38k Vape Vaporisateur jetable E Cig \u00e0 bas prix<\/h1>\n<p><strong data-start=\"94\" data-end=\"114\">Plage Bang 38000<\/strong> est une cigarette \u00e9lectronique jetable haute capacit\u00e9 con\u00e7ue pour les vapoteurs qui souhaitent une longue autonomie, des informations claires sur l'appareil et une saveur intense du d\u00e9but \u00e0 la fin. Avec <strong data-start=\"277\" data-end=\"299\">jusqu'\u00e0 38 000 bouff\u00e9es<\/strong>, un <strong data-start=\"303\" data-end=\"325\">r\u00e9servoir d'e-liquide de 38 ml<\/strong>, et un <strong data-start=\"334\" data-end=\"372\">Batterie rechargeable 850mAh Type-C<\/strong>, elle est con\u00e7ue pour fonctionner longtemps sans remplacements constants. Un <strong data-start=\"447\" data-end=\"470\">d'un \u00e9cran double<\/strong> indique le niveau de batterie et de liquide, tandis que le <strong data-start=\"511\" data-end=\"538\">\u00e9cran de verrouillage d'empreinte digitale<\/strong> ajoute une couche de s\u00e9curit\u00e9 pour les poches, sacs et voyages.<\/p>\n<h3 data-start=\"825\" data-end=\"880\">Pourquoi choisir Bang Beach 38000 Puff<\/h3>\n<ul data-start=\"882\" data-end=\"2354\">\n<li data-start=\"882\" data-end=\"1213\">\n<p data-start=\"884\" data-end=\"1213\"><strong data-start=\"884\" data-end=\"935\">Capacit\u00e9 r\u00e9elle qui modifie votre routine hebdomadaire.<\/strong> L' <strong data-start=\"940\" data-end=\"969\">Bar \u00e0 puff Bang Beach 38000<\/strong> combine un <strong data-start=\"981\" data-end=\"1000\">Note de 38K bouff\u00e9es<\/strong> avec un <strong data-start=\"1013\" data-end=\"1032\">total de 38 ml de e-liquide<\/strong>, ainsi que les utilisateurs r\u00e9guliers en France, en Espagne ou en Pologne peuvent aller <strong data-start=\"1086\" data-end=\"1119\">des semaines avant de changer d'appareil<\/strong>. Cela signifie moins d'achats d'urgence et un co\u00fbt \u00ab par jour \u00bb beaucoup plus faible que la plupart des petits jetables.<\/p>\n<\/li>\n<li data-start=\"1215\" data-end=\"1490\">\n<p data-start=\"1217\" data-end=\"1490\"><strong data-start=\"1217\" data-end=\"1262\">Saveur coil en mesh qui ne tombe pas \u00e0 plat.<\/strong> Aliment\u00e9 par une technologie avanc\u00e9e <strong data-start=\"1283\" data-end=\"1307\">technologie de bobine de maille<\/strong>, ce <strong data-start=\"1314\" data-end=\"1344\">Cigarette \u00e9lectronique Bang Beach 38K<\/strong> offre une vapeur plus douce, une saveur plus intense et des tirages plus r\u00e9guliers, au lieu du go\u00fbt sec et piquant que l'on obtient lorsque les coils basiques commencent \u00e0 br\u00fbler.<\/p>\n<\/li>\n<li data-start=\"1492\" data-end=\"1773\">\n<p data-start=\"1494\" data-end=\"1773\"><strong data-start=\"1494\" data-end=\"1537\">Recharge Type-C pour \u00e9viter le gaspillage de liquide.<\/strong> L' <strong data-start=\"1542\" data-end=\"1589\">850mAh Type-C rechargeable Bang Beach 38000<\/strong> est con\u00e7u pour \u00eatre recharg\u00e9 plusieurs fois. Lorsque la batterie est faible, vous la branchez pour une recharge rapide et continuez jusqu'\u00e0 ce que le r\u00e9servoir soit r\u00e9ellement vide, au lieu de jeter un liquide \u00e0 moiti\u00e9 utilis\u00e9.<\/p>\n<\/li>\n<li data-start=\"1775\" data-end=\"2092\">\n<p data-start=\"1777\" data-end=\"2092\"><strong data-start=\"1777\" data-end=\"1841\">Affichage \u00e0 double \u00e9cran et verrouillage par empreinte digitale pour une utilisation en conditions r\u00e9elles.<\/strong> L' <strong data-start=\"1846\" data-end=\"1890\">dispositif Pod \u00e0 double \u00e9cran<\/strong> affiche en temps r\u00e9el le e-liquide et la batterie, et le verrouillage par empreinte digitale aide \u00e0 pr\u00e9venir toute activation accidentelle dans votre poche ou votre sac \u2014 utile lors des d\u00e9placements, des sorties ou des voyages \u00e0 travers la France et les pays voisins.<\/p>\n<\/li>\n<li data-start=\"2094\" data-end=\"2354\">\n<p data-start=\"2096\" data-end=\"2354\"><strong data-start=\"2096\" data-end=\"2153\">Convient \u00e0 la vente en gros pour toute boutique de vapotage ou distributeur.<\/strong> Avec <strong data-start=\"2159\" data-end=\"2190\">Prix de grossiste en cigarettes<\/strong> et forte demande dans le <strong data-start=\"2216\" data-end=\"2230\">magasin de vapotage<\/strong> canal, Bang Beach 38000 fonctionne aussi bien pour les utilisateurs finaux que pour les acheteurs en gros qui recherchent un appareil durable qui se vend r\u00e9ellement.<\/p>\n<\/li>\n<\/ul>\n<p data-start=\"666\" data-end=\"1235\"><strong style=\"font-size: 16px;\"><span style=\"color: #ff0000;\">Ajoutez le WhatsApp d'Amy pour obtenir une r\u00e9ponse rapide et un prix r\u00e9duit !<\/span><\/strong><\/p>\n<p><img fetchpriority=\"high\" decoding=\"async\" class=\"size-full wp-image-2932\" src=\"https:\/\/vapestornado.com\/wp-content\/uploads\/2024\/12\/Vape-Wholesale.jpg\" alt=\"Vente en Gros de Vapes\" width=\"229\" height=\"300\" \/><\/p>\n<h3><a href=\"https:\/\/wa.me\/8617776015835\" target=\"_blank\" rel=\"noopener\"><span style=\"color: #ff0000;\"><strong>WhatsApp : +86 17776015835<\/strong><\/span><\/a><\/h3>\n<p>&nbsp;<\/p>\n<h2><strong>Principales caract\u00e9ristiques du produit Bang Beach 38000 Puff Bar<\/strong><\/h2>\n<table>\n<thead>\n<tr>\n<th>Fonctionnalit\u00e9<\/th>\n<th>sp\u00e9cifications<\/th>\n<th>d\u00e9tails<\/th>\n<\/tr>\n<\/thead>\n<tbody>\n<tr>\n<td>Marque<\/td>\n<td>Bang Beach<\/td>\n<td>Ligne jetable \u00e0 haute capacit\u00e9 pour les march\u00e9s europ\u00e9ens<\/td>\n<\/tr>\n<tr>\n<td>Mod\u00e8le<\/td>\n<td>Bang Beach 38000 Puff Bar<\/td>\n<td>Cigarette \u00e9lectronique rechargeable 38K bouff\u00e9es<\/td>\n<\/tr>\n<tr>\n<td>Capacit\u00e9 de bouff\u00e9es<\/td>\n<td>Jusqu'\u00e0 38 000 bouff\u00e9es<\/td>\n<td>Con\u00e7ue pour une utilisation quotidienne sur plusieurs semaines<\/td>\n<\/tr>\n<tr>\n<td>Volume de e-liquide<\/td>\n<td>38 ml de e-liquide<\/td>\n<td>Grand r\u00e9servoir adapt\u00e9 \u00e0 un nombre \u00e9lev\u00e9 de bouff\u00e9es<\/td>\n<\/tr>\n<tr>\n<td>Niveaux de nicotine<\/td>\n<td>0% \/ 2% \/ 3% \/ 5%<\/td>\n<td>Convient aux pr\u00e9f\u00e9rences aromatiques uniquement, mod\u00e9r\u00e9es et plus fortes<\/td>\n<\/tr>\n<tr>\n<td>Batterie<\/td>\n<td>Rechargeable 850mAh<\/td>\n<td>Prend en charge les recharges r\u00e9p\u00e9t\u00e9es tout au long de la dur\u00e9e de vie de l'appareil<\/td>\n<\/tr>\n<tr>\n<td>Chargement<\/td>\n<td>Rechargeable Type-C<\/td>\n<td>Recharge rapide avec des c\u00e2bles modernes standards<\/td>\n<\/tr>\n<tr>\n<td>Type de Bobine<\/td>\n<td>Bobine en maille<\/td>\n<td>Vapeur douce et livraison de saveur stable<\/td>\n<\/tr>\n<tr>\n<td>Affichage<\/td>\n<td>Double \u00e9cran (huile + batterie)<\/td>\n<td>Statut en temps r\u00e9el sur le e-liquide et la batterie<\/td>\n<\/tr>\n<tr>\n<td>S\u00e9curit\u00e9<\/td>\n<td>\u00c9cran de verrouillage par empreinte digitale<\/td>\n<td>R\u00e9duit les tirs accidentels et augmente la confidentialit\u00e9<\/td>\n<\/tr>\n<tr>\n<td>Positionnement<\/td>\n<td>Grossiste &amp; d\u00e9taillant<\/td>\n<td>Optimis\u00e9 pour les prix de grossiste en cigarettes et les ventes en boutique de vapeur<\/td>\n<\/tr>\n<\/tbody>\n<\/table>\n<h2 class=\"product-title\"><strong>Bang Beach 38000 Bouff\u00e9es Liste des saveurs les plus vendues<\/strong><\/h2>\n<article class=\"w-full text-token-text-primary focus-visible:outline-2 focus-visible:outline-offset-[-4px]\" dir=\"auto\" data-testid=\"conversation-turn-32\" data-scroll-anchor=\"false\">\n<div class=\"m-auto text-base py-[18px] px-6\">\n<div class=\"mx-auto flex flex-1 text-base gap-4 md:gap-5 lg:gap-6 md:max-w-3xl lg:max-w-[40rem] xl:max-w-[48rem]\">\n<div class=\"group\/conversation-turn relative flex w-full min-w-0 flex-col @xs\/thread:px-0 @sm\/thread:px-1.5 @md\/thread:px-4\">\n<div class=\"flex-col gap-1 md:gap-3\">\n<div class=\"flex max-w-full flex-col flex-grow\">\n<div class=\"min-h-8 text-message flex w-full flex-col items-end gap-2 whitespace-normal break-words text-start [.text-message+&amp;]:mt-5\" dir=\"auto\" data-message-author-role=\"user\" data-message-id=\"ffac41ca-1db4-431b-873a-32c4052956f1\">\n<div class=\"flex w-full flex-col gap-1 empty:hidden items-end rtl:items-start\">\n<div class=\"relative max-w-[var(--user-chat-width,70%)] rounded-3xl bg-token-message-surface px-5 py-2.5\">\n<div class=\"absolute bottom-0 right-full top-0 -mr-3.5 hidden pr-5 pt-2 [.group\/conversation-turn:hover_&amp;]:flex\">\n<div class=\"flex\">\n<article class=\"w-full text-token-text-primary focus-visible:outline-2 focus-visible:outline-offset-[-4px]\" dir=\"auto\" data-testid=\"conversation-turn-39\" data-scroll-anchor=\"true\">\n<div class=\"m-auto text-base py-[18px] px-6\">\n<div class=\"mx-auto flex flex-1 text-base gap-4 md:gap-5 lg:gap-6 md:max-w-3xl lg:max-w-[40rem] xl:max-w-[48rem]\">\n<div class=\"group\/conversation-turn relative flex w-full min-w-0 flex-col agent-turn @xs\/thread:px-0 @sm\/thread:px-1.5 @md\/thread:px-4\">\n<div class=\"flex-col gap-1 md:gap-3\">\n<div class=\"flex max-w-full flex-col flex-grow\">\n<div class=\"min-h-8 text-message flex w-full flex-col items-end gap-2 whitespace-normal break-words text-start [.text-message+&amp;]:mt-5\" dir=\"auto\" data-message-author-role=\"assistant\" data-message-id=\"55a23854-ec57-48dd-bd4f-6118f43d6241\" data-message-model-slug=\"gpt-4o\">\n<div class=\"flex w-full flex-col gap-1 empty:hidden first:pt-[3px]\">\n<div class=\"markdown prose w-full break-words dark:prose-invert light\">\n<p>1. Triple Berry Ice<br \/>\n2. Limonade Rose<br \/>\n3. Framboise Bleue<br \/>\n4. Fruits rouges m\u00e9lang\u00e9s<br \/>\n5. Fraise past\u00e8que<br \/>\n6. Fraise glac\u00e9e<br \/>\n7. Raisin glac\u00e9<br \/>\n8. P\u00eache mangue<br \/>\n9. Framboise bleue glac\u00e9e<br \/>\n10. Cerise explosive<br \/>\n11. Past\u00e8que glac\u00e9e<br \/>\n12. P\u00eache glac\u00e9e<\/p>\n<figure id=\"attachment_4000\" aria-describedby=\"caption-attachment-4000\" style=\"width: 596px\" class=\"wp-caption alignnone\"><img decoding=\"async\" class=\"wp-image-4000 size-full\" src=\"https:\/\/vapestornado.com\/wp-content\/uploads\/2025\/03\/Wholesale-Bang-38000-Puffs.png\" alt=\"Vente en gros Bang 38000 Bouff\u00e9es\" width=\"596\" height=\"596\" srcset=\"https:\/\/vapestornado.com\/wp-content\/uploads\/2025\/03\/Wholesale-Bang-38000-Puffs.png 596w, https:\/\/vapestornado.com\/wp-content\/uploads\/2025\/03\/Wholesale-Bang-38000-Puffs-300x300.png 300w, https:\/\/vapestornado.com\/wp-content\/uploads\/2025\/03\/Wholesale-Bang-38000-Puffs-150x150.png 150w, https:\/\/vapestornado.com\/wp-content\/uploads\/2025\/03\/Wholesale-Bang-38000-Puffs-100x100.png 100w\" sizes=\"(max-width: 596px) 100vw, 596px\" \/><figcaption id=\"caption-attachment-4000\" class=\"wp-caption-text\">Vente en gros Bang 38000 Bouff\u00e9es<\/figcaption><\/figure>\n<\/div>\n<\/div>\n<\/div>\n<\/div>\n<\/div>\n<\/div>\n<\/div>\n<\/div>\n<\/article>\n<\/div>\n<\/div>\n<\/div>\n<\/div>\n<\/div>\n<\/div>\n<\/div>\n<\/div>\n<\/div>\n<\/div>\n<\/article>\n<h2>Pourquoi choisir Vapestornado pour l'achat de Bang Beach 38000 Bouff\u00e9es ?<\/h2>\n<div class=\"flex-shrink-0 flex flex-col relative items-end\">\n<div class=\"pt-0\">\n<div class=\"gizmo-bot-avatar flex h-8 w-8 items-center justify-center overflow-hidden rounded-full\">\n<div class=\"relative p-1 rounded-sm flex items-center justify-center bg-token-main-surface-primary text-token-text-primary h-8 w-8\">\n<p data-start=\"88\" data-end=\"557\">Quand il s'agit de <strong data-start=\"105\" data-end=\"154\">\u00a0l'achat de vapes jetables de haute qualit\u00e9<\/strong>, <strong data-start=\"156\" data-end=\"172\">Vapestornado<\/strong> est la source incontournable pour des <strong data-start=\"208\" data-end=\"271\">prix d'usine imbattables, une exp\u00e9dition rapide et un service client de qualit\u00e9 sup\u00e9rieure<\/strong>. Acheter le Bang Beach 38000 Bouff\u00e9es chez Vapestornado signifie que vous obtenez <strong data-start=\"363\" data-end=\"400\">des produits authentiques et 100% originaux<\/strong> avec les derni\u00e8res<strong data-start=\"417\" data-end=\"515\"> un \u00e9cran d'affichage, une commodit\u00e9 de Type-C rechargeable et une capacit\u00e9 de 38000 bouff\u00e9es<\/strong>\u2014le tout au meilleur<strong data-start=\"527\" data-end=\"554\">\u00a0prix de gros<\/strong>.<\/p>\n<p data-start=\"559\" data-end=\"933\" data-is-last-node=\"\" data-is-only-node=\"\">Nous avons \u00e9galement d'autres vapes populaires avec \u00e9cran comme <a href=\"https:\/\/vapestornado.com\/fr\/product\/mesii-couple-50k-disposable-shisha-hookah-50000-puffs-vape-with-digital-display\/\">Couple Mesii 50000<\/a>, <a href=\"https:\/\/vapestornado.com\/fr\/product\/vopk-ultra-40000-puffs-2-in-1-digital-screen-rechargeable-disposable-vape\/\">VOPK 40000 Puff Vape Jetable<\/a>, <a href=\"https:\/\/vapestornado.com\/fr\/product\/bang-beach-22000-20k-puff-disposable-vape-pen-with-screen-reddit-hot\/\">Bang Plage 22000<\/a>, et plus encore.<\/p>\n<\/div>\n<div class=\"relative p-1 rounded-sm flex items-center justify-center bg-token-main-surface-primary text-token-text-primary h-8 w-8\">\n<h2>FAQ sur Bang 38000<\/h2>\n<p data-start=\"3372\" data-end=\"3465\">1. Combien de temps dure g\u00e9n\u00e9ralement la cigarette \u00e9lectronique Bang Beach 38000 bouff\u00e9es pour les utilisateurs quotidiens ?<\/p>\n<p data-start=\"3466\" data-end=\"3738\">L' <strong data-start=\"3470\" data-end=\"3507\">Cigarette \u00e9lectronique Bang Beach 38000 bouff\u00e9es<\/strong> associe un <strong data-start=\"3516\" data-end=\"3529\">r\u00e9servoir de 38 ml<\/strong> avec jusqu'\u00e0 <strong data-start=\"3541\" data-end=\"3557\">38 000 bouff\u00e9es<\/strong>, de sorte que de nombreux utilisateurs quotidiens peuvent obtenir <strong data-start=\"3590\" data-end=\"3625\">plusieurs semaines d'utilisation par appareil<\/strong>. La dur\u00e9e r\u00e9elle d\u00e9pend de la fr\u00e9quence de vos bouff\u00e9es et de la longueur de l'inhalation, mais elle d\u00e9passe nettement celle des disposables typiques de 5K \u00e0 10K bouff\u00e9es.<\/p>\n<p data-start=\"3745\" data-end=\"3859\">2. Que change la r\u00e9sistance en mesh dans la vape \u00e0 haute capacit\u00e9 Bang Beach 38000 en termes de saveur et de vapeur ?<\/p>\n<p data-start=\"3860\" data-end=\"4084\">L' <strong data-start=\"3864\" data-end=\"3906\">Cigarette \u00e9lectronique Bang Beach 38000 \u00e0 r\u00e9sistance en mesh<\/strong> diffuse la chaleur uniform\u00e9ment \u00e0 travers la m\u00e8che, ce qui maintient une vapeur dense et une saveur constante. Ce design aide \u00e0 \u00e9viter les bouff\u00e9es \u00e2pres ou br\u00fbl\u00e9es, surtout vers la fin du liquide.<\/p>\n<p data-start=\"4091\" data-end=\"4184\">3. Comment l'\u00e9cran double sur la barre \u00e0 bouff\u00e9es Bang Beach 38000 facilite-t-il l'utilisation quotidienne ?<\/p>\n<p data-start=\"4185\" data-end=\"4462\">L' <strong data-start=\"4189\" data-end=\"4230\">barre \u00e0 bouff\u00e9es Bang Beach 38000 \u00e0 double \u00e9cran<\/strong> indique s\u00e9par\u00e9ment le niveau de e-liquide et l'\u00e9tat de la batterie, vous permettant de savoir si vous devez recharger ou si le r\u00e9servoir est presque vide. Cela \u00e9limine les suppositions, ce qui est important lorsque vous utilisez un seul appareil pendant les journ\u00e9es de travail ou en voyage.<\/p>\n<p data-start=\"4469\" data-end=\"4582\">4. Le Bang Beach 38000 est-il adapt\u00e9 aux acheteurs comparant les appareils de boutique de vapeur aux prix de grossiste en cigarettes ?<\/p>\n<p data-start=\"4583\" data-end=\"4884\">Oui. Pour <strong data-start=\"4592\" data-end=\"4606\">magasin de vapotage<\/strong> propri\u00e9taires et distributeurs, le <strong data-start=\"4636\" data-end=\"4678\">Bang Beach 38000 cigarette \u00e9lectronique en gros<\/strong> offre un nombre \u00e9lev\u00e9 de bouff\u00e9es, des fonctionnalit\u00e9s avanc\u00e9es (\u00e9crans + verrouillage par empreinte digitale), et des prix comp\u00e9titifs <strong data-start=\"4767\" data-end=\"4798\">Prix de grossiste en cigarettes<\/strong>, ce qui cr\u00e9e une proposition de valeur forte par rapport \u00e0 d'autres dispositifs jetables longue dur\u00e9e.<\/p>\n<p data-start=\"4891\" data-end=\"5003\">5. Le verrouillage par empreinte digitale sur la cigarette \u00e9lectronique Bang Beach 38000 Puff affecte-t-il la performance ou uniquement la s\u00e9curit\u00e9 ?<\/p>\n<p data-start=\"5004\" data-end=\"5262\">L' <strong data-start=\"5008\" data-end=\"5052\">syst\u00e8me de verrouillage par empreinte digitale Bang Beach 38000<\/strong> est purement ax\u00e9 sur la s\u00e9curit\u00e9 et la commodit\u00e9. Il aide \u00e0 pr\u00e9venir les tirs accidentels et l'utilisation non autoris\u00e9e, mais une fois d\u00e9verrouill\u00e9, la performance reste inchang\u00e9e \u2014 vous b\u00e9n\u00e9ficiez toujours d'une sortie compl\u00e8te gr\u00e2ce \u00e0 la coil en mesh et \u00e0 la batterie de 850mAh.<\/p>\n<\/div>\n<\/div>\n<\/div>\n<\/div>","protected":false},"excerpt":{"rendered":"<p class=\"LC20lb MBeuO DKV0Md\">Bang Beach 38000 Puff cigarette \u00e9lectronique jetable avec 38 ml de e-liquide, coil en mesh, batterie rechargeable Type-C de 850mAh, \u00e9cran double et verrouillage par empreinte digitale. Bar \u00e0 vapotage haute capacit\u00e9 38K con\u00e7u pour une utilisation prolong\u00e9e, ventes en boutique de vapotage et prix de gros comp\u00e9titifs pour les cigarettes \u00e0 travers toute l'Europe.<\/p>\n<p><strong>Ajoutez le WhatsApp d'Amy pour obtenir une r\u00e9ponse rapide et un prix r\u00e9duit !<\/strong><\/p>\n<p><img fetchpriority=\"high\" decoding=\"async\" class=\"size-full wp-image-2932\" src=\"https:\/\/vapestornado.com\/wp-content\/uploads\/2024\/12\/Vape-Wholesale.jpg\" alt=\"Vente en Gros de Vapes\" width=\"229\" height=\"300\" \/><\/p>\n<h3><a href=\"https:\/\/wa.me\/8617776015835\"><span style=\"color: #ff0000;\"><strong>WhatsApp : +86 17776015835<\/strong><\/span><\/a><\/h3>\n<p>&nbsp;<\/p>","protected":false},"featured_media":3998,"comment_status":"open","ping_status":"closed","template":"","meta":{"_acf_changed":false,"_uag_custom_page_level_css":"","_lmt_disableupdate":"no","_lmt_disable":"","_monsterinsights_skip_tracking":false,"_monsterinsights_sitenote_active":false,"_monsterinsights_sitenote_note":"","_monsterinsights_sitenote_category":0,"site-sidebar-layout":"default","site-content-layout":"","ast-site-content-layout":"default","site-content-style":"default","site-sidebar-style":"default","ast-global-header-display":"","ast-banner-title-visibility":"","ast-main-header-display":"","ast-hfb-above-header-display":"","ast-hfb-below-header-display":"","ast-hfb-mobile-header-display":"","site-post-title":"","ast-breadcrumbs-content":"","ast-featured-img":"","footer-sml-layout":"","ast-disable-related-posts":"","theme-transparent-header-meta":"default","adv-header-id-meta":"","stick-header-meta":"","header-above-stick-meta":"","header-main-stick-meta":"","header-below-stick-meta":"","astra-migrate-meta-layouts":"set","ast-page-background-enabled":"default","ast-page-background-meta":{"desktop":{"background-color":"","background-image":"","background-repeat":"repeat","background-position":"center center","background-size":"auto","background-attachment":"scroll","background-type":"","background-media":"","overlay-type":"","overlay-color":"","overlay-opacity":"","overlay-gradient":""},"tablet":{"background-color":"","background-image":"","background-repeat":"repeat","background-position":"center center","background-size":"auto","background-attachment":"scroll","background-type":"","background-media":"","overlay-type":"","overlay-color":"","overlay-opacity":"","overlay-gradient":""},"mobile":{"background-color":"","background-image":"","background-repeat":"repeat","background-position":"center center","background-size":"auto","background-attachment":"scroll","background-type":"","background-media":"","overlay-type":"","overlay-color":"","overlay-opacity":"","overlay-gradient":""}},"ast-content-background-meta":{"desktop":{"background-color":"var(--ast-global-color-5)","background-image":"","background-repeat":"repeat","background-position":"center center","background-size":"auto","background-attachment":"scroll","background-type":"","background-media":"","overlay-type":"","overlay-color":"","overlay-opacity":"","overlay-gradient":""},"tablet":{"background-color":"var(--ast-global-color-5)","background-image":"","background-repeat":"repeat","background-position":"center center","background-size":"auto","background-attachment":"scroll","background-type":"","background-media":"","overlay-type":"","overlay-color":"","overlay-opacity":"","overlay-gradient":""},"mobile":{"background-color":"var(--ast-global-color-5)","background-image":"","background-repeat":"repeat","background-position":"center center","background-size":"auto","background-attachment":"scroll","background-type":"","background-media":"","overlay-type":"","overlay-color":"","overlay-opacity":"","overlay-gradient":""}},"_joinchat":{"telephone":"17776015835"}},"product_brand":[],"product_cat":[62,153,158,142],"product_tag":[295,297,296,491,269],"class_list":{"0":"post-3999","1":"product","2":"type-product","3":"status-publish","4":"has-post-thumbnail","6":"product_cat-bang-vape","7":"product_cat-buy-disposable-vapes-in-italy","8":"product_cat-buy-disposable-vapes-in-spain","9":"product_cat-digital-box-disposable-vapes","10":"product_tag-bang-beach-38000","11":"product_tag-fingerprint-vape","12":"product_tag-puff-bar","13":"product_tag-vape-with-digital-dispaly","14":"product_tag-vape-with-screen","15":"desktop-align-left","16":"tablet-align-left","17":"mobile-align-left","19":"first","20":"instock","21":"sale","22":"shipping-taxable","23":"purchasable","24":"product-type-simple"},"acf":[],"uagb_featured_image_src":{"full":["https:\/\/vapestornado.com\/wp-content\/uploads\/2025\/03\/Wholesale-Bang-Vape-at-Cheap-Prices.webp",800,800,false],"thumbnail":["https:\/\/vapestornado.com\/wp-content\/uploads\/2025\/03\/Wholesale-Bang-Vape-at-Cheap-Prices-150x150.webp",150,150,true],"medium":["https:\/\/vapestornado.com\/wp-content\/uploads\/2025\/03\/Wholesale-Bang-Vape-at-Cheap-Prices-300x300.webp",300,300,true],"medium_large":["https:\/\/vapestornado.com\/wp-content\/uploads\/2025\/03\/Wholesale-Bang-Vape-at-Cheap-Prices-768x768.webp",768,768,true],"large":["https:\/\/vapestornado.com\/wp-content\/uploads\/2025\/03\/Wholesale-Bang-Vape-at-Cheap-Prices.webp",800,800,false],"1536x1536":["https:\/\/vapestornado.com\/wp-content\/uploads\/2025\/03\/Wholesale-Bang-Vape-at-Cheap-Prices.webp",800,800,false],"2048x2048":["https:\/\/vapestornado.com\/wp-content\/uploads\/2025\/03\/Wholesale-Bang-Vape-at-Cheap-Prices.webp",800,800,false],"trp-custom-language-flag":["https:\/\/vapestornado.com\/wp-content\/uploads\/2025\/03\/Wholesale-Bang-Vape-at-Cheap-Prices.webp",12,12,false],"woocommerce_thumbnail":["https:\/\/vapestornado.com\/wp-content\/uploads\/2025\/03\/Wholesale-Bang-Vape-at-Cheap-Prices-300x300.webp",300,300,true],"woocommerce_single":["https:\/\/vapestornado.com\/wp-content\/uploads\/2025\/03\/Wholesale-Bang-Vape-at-Cheap-Prices-600x600.webp",600,600,true],"woocommerce_gallery_thumbnail":["https:\/\/vapestornado.com\/wp-content\/uploads\/2025\/03\/Wholesale-Bang-Vape-at-Cheap-Prices-100x100.webp",100,100,true]},"uagb_author_info":{"display_name":"ESAMY","author_link":"https:\/\/vapestornado.com\/fr\/author\/"},"uagb_comment_info":1,"uagb_excerpt":"Bang Beach 38000 Puff disposable E-cigarette with 38ml e-juice, mesh coil, 850mAh Type-C rechargeable battery, dual-screen display and fingerprint lock. High-capacity 38K vape bar designed for long use, vapor shop sales, and competitive Cigarette wholesaler prices across Europe. Add Amy's whatsapp to get right reply and discount price! WhatsApp: +86 17776015835 &nbsp;","_links":{"self":[{"href":"https:\/\/vapestornado.com\/fr\/wp-json\/wp\/v2\/product\/3999","targetHints":{"allow":["GET"]}}],"collection":[{"href":"https:\/\/vapestornado.com\/fr\/wp-json\/wp\/v2\/product"}],"about":[{"href":"https:\/\/vapestornado.com\/fr\/wp-json\/wp\/v2\/types\/product"}],"replies":[{"embeddable":true,"href":"https:\/\/vapestornado.com\/fr\/wp-json\/wp\/v2\/comments?post=3999"}],"wp:featuredmedia":[{"embeddable":true,"href":"https:\/\/vapestornado.com\/fr\/wp-json\/wp\/v2\/media\/3998"}],"wp:attachment":[{"href":"https:\/\/vapestornado.com\/fr\/wp-json\/wp\/v2\/media?parent=3999"}],"wp:term":[{"taxonomy":"product_brand","embeddable":true,"href":"https:\/\/vapestornado.com\/fr\/wp-json\/wp\/v2\/product_brand?post=3999"},{"taxonomy":"product_cat","embeddable":true,"href":"https:\/\/vapestornado.com\/fr\/wp-json\/wp\/v2\/product_cat?post=3999"},{"taxonomy":"product_tag","embeddable":true,"href":"https:\/\/vapestornado.com\/fr\/wp-json\/wp\/v2\/product_tag?post=3999"}],"curies":[{"name":"wp","href":"https:\/\/api.w.org\/{rel}","templated":true}]}}