{"id":3975,"date":"2025-03-25T07:58:28","date_gmt":"2025-03-25T07:58:28","guid":{"rendered":"https:\/\/vapestornado.com\/?post_type=product&#038;p=3975"},"modified":"2025-08-23T11:43:24","modified_gmt":"2025-08-23T11:43:24","slug":"2025-new-vopk-ultra-40000-puffs-double-flavor-disposable-vape-factory-suppliers","status":"publish","type":"product","link":"https:\/\/vapestornado.com\/fr\/product\/2025-new-vopk-ultra-40000-puffs-double-flavor-disposable-vape-factory-suppliers\/","title":{"rendered":"2025 Nouveaux fournisseurs d'usine de vape jetable double saveur VOPK Ultra 40000 bouff\u00e9es"},"content":{"rendered":"<h1 data-pm-slice=\"1 1 []\">2025 Nouveaux fournisseurs d'usine de vape jetable double saveur VOPK Ultra 40000 bouff\u00e9es<\/h1>\n<p data-start=\"140\" data-end=\"448\">L' <strong data-start=\"144\" data-end=\"209\">2025 Nouveau VOPK Ultra 40000 Bouff\u00e9es Vape Jetable Double Saveur<\/strong> est con\u00e7u pour les d\u00e9taillants et les distributeurs \u00e0 la recherche d'une option premium et durable pour leur inventaire. Avec jusqu'\u00e0 <strong data-start=\"324\" data-end=\"340\">40 000 bouff\u00e9es<\/strong>, cet appareil \u00e0 haute capacit\u00e9 combine <strong data-start=\"377\" data-end=\"409\">Performance DTL de style narguil\u00e9<\/strong> avec un design \u00e9l\u00e9gant inspir\u00e9 du SHISHA.<\/p>\n<p data-start=\"450\" data-end=\"859\">\u00c9quip\u00e9 d'un <strong data-start=\"467\" data-end=\"498\">Batterie rechargeable de 850 mAh<\/strong> et une <strong data-start=\"505\" data-end=\"537\">R\u00e9servoir d'e-liquide pr\u00e9rempli de 36 ml<\/strong>, le VOPK Ultra assure un vapotage prolong\u00e9 sans remplacements fr\u00e9quents. Son <strong data-start=\"613\" data-end=\"635\">\u00e9cran num\u00e9rique RGB<\/strong> informe les utilisateurs avec des mises \u00e0 jour en temps r\u00e9el sur la batterie, l'\u00e9tat des bouff\u00e9es et les param\u00e8tres de puissance. Le contr\u00f4le de la puissance r\u00e9glable permet aux clients d'affiner leur intensit\u00e9 de vapotage pour des sessions de saveur douces ou une chasse aux nuages dense.<\/p>\n<p data-start=\"861\" data-end=\"1210\">La caract\u00e9ristique remarquable est son <strong data-start=\"889\" data-end=\"914\">syst\u00e8me de bobine \u00e0 quadruple maillage<\/strong>, offrant une saveur et une production de vapeur am\u00e9lior\u00e9es tout en assurant que chaque bouff\u00e9e reste coh\u00e9rente. Avec <strong data-start=\"1015\" data-end=\"1053\">des saveurs doubles int\u00e9gr\u00e9es dans un seul appareil<\/strong>, les utilisateurs peuvent basculer sans effort entre les profils de go\u00fbt comme <strong data-start=\"1113\" data-end=\"1165\">Fraise Past\u00e8que<\/strong> or <strong data-start=\"1169\" data-end=\"1207\">Framboise Bleue Ananas<\/strong>.<\/p>\n<p data-start=\"1212\" data-end=\"1603\">Disponible en <strong data-start=\"1225\" data-end=\"1266\">0%, 2%, 3% et 5% concentrations de nicotine<\/strong>, le VOPK Ultra 40K r\u00e9pond \u00e0 toutes les pr\u00e9f\u00e9rences des utilisateurs, des amateurs sans nicotine aux vapoteurs exp\u00e9riment\u00e9s. Rapide <strong data-start=\"1378\" data-end=\"1397\">le chargement de type C<\/strong> garantit un temps d'arr\u00eat minimal, ce qui le rend tr\u00e8s fiable pour une utilisation en d\u00e9placement. Pour les grossistes, ce mod\u00e8le offre <strong data-start=\"1507\" data-end=\"1586\">un approvisionnement direct d'usine, des prix de gros comp\u00e9titifs et un fort attrait pour les clients<\/strong> dans toute l'Europe.<\/p>\n<p data-start=\"666\" data-end=\"1235\"><strong style=\"font-size: 16px;\"><span style=\"color: #ff0000;\">Ajoutez le WhatsApp d'Amy pour obtenir une r\u00e9ponse rapide et un prix r\u00e9duit !<\/span><\/strong><\/p>\n<p><img fetchpriority=\"high\" decoding=\"async\" class=\"size-full wp-image-2932\" src=\"https:\/\/vapestornado.com\/wp-content\/uploads\/2024\/12\/Vape-Wholesale.jpg\" alt=\"Vente en Gros de Vapes\" width=\"229\" height=\"300\" \/><\/p>\n<h3><a href=\"https:\/\/wa.me\/8617776015835\" target=\"_blank\" rel=\"noopener\"><span style=\"color: #ff0000;\"><strong>WhatsApp : +86 17776015835<\/strong><\/span><\/a><\/h3>\n<p>&nbsp;<\/p>\n<h2><strong>Principales caract\u00e9ristiques du produit VOPK Ultra 40000 Bouff\u00e9es<\/strong><\/h2>\n<p>Marque : Vopk Vapes<br \/>\nE-liquide : 36 ml de liquide pr\u00e9rempli<br \/>\nBatterie : batterie de 850 mAh<br \/>\nPort de type C<br \/>\nJusqu'\u00e0 40000 bouff\u00e9es<br \/>\nPuissance r\u00e9glable<br \/>\nAffichage num\u00e9rique \u00e0 l'\u00e9cran<br \/>\nTaux de nicotine 0% 2% 3% 5%<\/p>\n<figure id=\"attachment_3955\" aria-describedby=\"caption-attachment-3955\" style=\"width: 800px\" class=\"wp-caption alignnone\"><img decoding=\"async\" class=\"wp-image-3955 size-full\" src=\"https:\/\/vapestornado.com\/wp-content\/uploads\/2025\/03\/VOPK-Ultra-40k-40000-Puffs-Disposable-Vape-Dual-Flavors.webp\" alt=\"VOPK Ultra 40k 40000 Bouff\u00e9es Vape Jetable 2 Saveurs\" width=\"800\" height=\"800\" srcset=\"https:\/\/vapestornado.com\/wp-content\/uploads\/2025\/03\/VOPK-Ultra-40k-40000-Puffs-Disposable-Vape-Dual-Flavors.webp 800w, https:\/\/vapestornado.com\/wp-content\/uploads\/2025\/03\/VOPK-Ultra-40k-40000-Puffs-Disposable-Vape-Dual-Flavors-300x300.webp 300w, https:\/\/vapestornado.com\/wp-content\/uploads\/2025\/03\/VOPK-Ultra-40k-40000-Puffs-Disposable-Vape-Dual-Flavors-150x150.webp 150w, https:\/\/vapestornado.com\/wp-content\/uploads\/2025\/03\/VOPK-Ultra-40k-40000-Puffs-Disposable-Vape-Dual-Flavors-768x768.webp 768w, https:\/\/vapestornado.com\/wp-content\/uploads\/2025\/03\/VOPK-Ultra-40k-40000-Puffs-Disposable-Vape-Dual-Flavors-600x600.webp 600w, https:\/\/vapestornado.com\/wp-content\/uploads\/2025\/03\/VOPK-Ultra-40k-40000-Puffs-Disposable-Vape-Dual-Flavors-100x100.webp 100w\" sizes=\"(max-width: 800px) 100vw, 800px\" \/><figcaption id=\"caption-attachment-3955\" class=\"wp-caption-text\">VOPK Ultra 40k 40000 Bouff\u00e9es Vape Jetable 2 Saveurs<\/figcaption><\/figure>\n<p>&nbsp;<\/p>\n<h2 class=\"product-title\"><strong>Liste des saveurs de la bo\u00eete de dispositifs jetables VOPK Ultra 40000 bouff\u00e9es<\/strong><\/h2>\n<article class=\"w-full text-token-text-primary focus-visible:outline-2 focus-visible:outline-offset-[-4px]\" dir=\"auto\" data-testid=\"conversation-turn-32\" data-scroll-anchor=\"false\">\n<div class=\"m-auto text-base py-[18px] px-6\">\n<div class=\"mx-auto flex flex-1 text-base gap-4 md:gap-5 lg:gap-6 md:max-w-3xl lg:max-w-[40rem] xl:max-w-[48rem]\">\n<div class=\"group\/conversation-turn relative flex w-full min-w-0 flex-col @xs\/thread:px-0 @sm\/thread:px-1.5 @md\/thread:px-4\">\n<div class=\"flex-col gap-1 md:gap-3\">\n<div class=\"flex max-w-full flex-col flex-grow\">\n<div class=\"min-h-8 text-message flex w-full flex-col items-end gap-2 whitespace-normal break-words text-start [.text-message+&amp;]:mt-5\" dir=\"auto\" data-message-author-role=\"user\" data-message-id=\"ffac41ca-1db4-431b-873a-32c4052956f1\">\n<div class=\"flex w-full flex-col gap-1 empty:hidden items-end rtl:items-start\">\n<div class=\"relative max-w-[var(--user-chat-width,70%)] rounded-3xl bg-token-message-surface px-5 py-2.5\">\n<div class=\"absolute bottom-0 right-full top-0 -mr-3.5 hidden pr-5 pt-2 [.group\/conversation-turn:hover_&amp;]:flex\">\n<div class=\"flex\">\n<article class=\"w-full text-token-text-primary focus-visible:outline-2 focus-visible:outline-offset-[-4px]\" dir=\"auto\" data-testid=\"conversation-turn-39\" data-scroll-anchor=\"true\">\n<div class=\"m-auto text-base py-[18px] px-6\">\n<div class=\"mx-auto flex flex-1 text-base gap-4 md:gap-5 lg:gap-6 md:max-w-3xl lg:max-w-[40rem] xl:max-w-[48rem]\">\n<div class=\"group\/conversation-turn relative flex w-full min-w-0 flex-col agent-turn @xs\/thread:px-0 @sm\/thread:px-1.5 @md\/thread:px-4\">\n<div class=\"flex-col gap-1 md:gap-3\">\n<div class=\"flex max-w-full flex-col flex-grow\">\n<div class=\"min-h-8 text-message flex w-full flex-col items-end gap-2 whitespace-normal break-words text-start [.text-message+&amp;]:mt-5\" dir=\"auto\" data-message-author-role=\"assistant\" data-message-id=\"55a23854-ec57-48dd-bd4f-6118f43d6241\" data-message-model-slug=\"gpt-4o\">\n<div class=\"flex w-full flex-col gap-1 empty:hidden first:pt-[3px]\">\n<div class=\"markdown prose w-full break-words dark:prose-invert light\">\n<p>1. Fraise Past\u00e8que \/ Kiwi Fruit de la Passion Goyave<br \/>\n2. Myrtille Framboise \/ P\u00eache Mangue Past\u00e8que<br \/>\n3. Oursons en g\u00e9latine framboise bleue\/ Fraise Kiwi<br \/>\n4. Framboise bleue cerise\/ Fraise framboise<br \/>\n5. Citron p\u00e9tillant<br \/>\n6. Past\u00e8que glac\u00e9e \/ Framboise bleue glac\u00e9e<br \/>\n7. Ananas framboise bleue \/ Triple mangue<br \/>\n8. Explosion de raisin et de baies \/ Poire pomme framboise<br \/>\n9. Fraise canneberge cerise\/ Ananas passion citron vert<br \/>\n10. Myrtille fraise menthol\/ Myrtille framboise menthol<\/p>\n<\/div>\n<\/div>\n<\/div>\n<\/div>\n<\/div>\n<\/div>\n<\/div>\n<\/div>\n<\/article>\n<\/div>\n<\/div>\n<\/div>\n<\/div>\n<\/div>\n<\/div>\n<\/div>\n<\/div>\n<\/div>\n<\/div>\n<\/article>\n<h2>Pourquoi choisir Vapestornado pour l'achat de VOPK Ultra 40000 bouff\u00e9es ?<\/h2>\n<div class=\"flex-shrink-0 flex flex-col relative items-end\">\n<div class=\"pt-0\">\n<div class=\"gizmo-bot-avatar flex h-8 w-8 items-center justify-center overflow-hidden rounded-full\">\n<div class=\"relative p-1 rounded-sm flex items-center justify-center bg-token-main-surface-primary text-token-text-primary h-8 w-8\">\n<p data-start=\"88\" data-end=\"557\">Quand il s'agit de <strong data-start=\"105\" data-end=\"154\">\u00a0l'achat de vapes jetables de haute qualit\u00e9<\/strong>, <strong data-start=\"156\" data-end=\"172\">Vapestornado<\/strong> est la source incontournable pour des <strong data-start=\"208\" data-end=\"271\">prix d'usine imbattables, une exp\u00e9dition rapide et un service client de qualit\u00e9 sup\u00e9rieure<\/strong>L'achat du VOPK Ultra 40000 bouff\u00e9es chez Vapestornado signifie que vous obtenez <strong data-start=\"363\" data-end=\"400\">des produits authentiques et 100% originaux<\/strong> avec le dernier affichage num\u00e9rique<strong data-start=\"417\" data-end=\"515\"> \u00e9cran, commodit\u00e9 rechargeable de type C, double saveur 2 en 1 et capacit\u00e9 de 4000 bouff\u00e9es<\/strong>\u2014le tout \u00e0 un prix bas<strong data-start=\"527\" data-end=\"554\">\u00a0prix de gros<\/strong>.<\/p>\n<p data-start=\"559\" data-end=\"933\" data-is-last-node=\"\" data-is-only-node=\"\">Nous avons \u00e9galement d'autres vapes populaires avec \u00e9cran comme <a href=\"https:\/\/vapestornado.com\/fr\/product\/mesii-couple-50k-disposable-shisha-hookah-50000-puffs-vape-with-digital-display\/\">Couple Mesii 50000<\/a>, <a href=\"https:\/\/vapestornado.com\/fr\/product\/vopk-cool-9000-puffs-disposable-vapes-bar-puff-9k\/\">Vape jetable VOPK 9000 Bouff\u00e9es<\/a>, <a href=\"https:\/\/vapestornado.com\/fr\/product\/bang-beach-22000-20k-puff-disposable-vape-pen-with-screen-reddit-hot\/\">Bang Plage 22000<\/a>, et plus encore.<\/p>\n<\/div>\n<div class=\"relative p-1 rounded-sm flex items-center justify-center bg-token-main-surface-primary text-token-text-primary h-8 w-8\">\n<h2>FAQ<\/h2>\n<ol data-start=\"1260\" data-end=\"2197\">\n<li class=\"\" data-start=\"1260\" data-end=\"1488\">\n<p class=\"\" data-start=\"1263\" data-end=\"1488\"><strong data-start=\"1263\" data-end=\"1301\">Comment utiliser les pods de vape jetables ?<\/strong><br data-start=\"1301\" data-end=\"1304\" \/>Simplement <strong data-start=\"1314\" data-end=\"1347\">inspirez par l'embout buccal<\/strong>, et l'appareil s'activera automatiquement. Le <strong data-start=\"1397\" data-end=\"1425\">r\u00e9glage de puissance r\u00e9glable<\/strong> vous permet d'affiner votre exp\u00e9rience pour une bouff\u00e9e parfaite.<\/p>\n<\/li>\n<li class=\"\" data-start=\"1490\" data-end=\"1743\">\n<p class=\"\" data-start=\"1493\" data-end=\"1743\"><strong data-start=\"1493\" data-end=\"1555\">Comment recharger une vape jetable avec un chargeur Android ?<\/strong><br data-start=\"1555\" data-end=\"1558\" \/>Si votre vape a un(e) <strong data-start=\"1580\" data-end=\"1604\">port de chargement Type-C<\/strong>, vous pouvez utiliser un <strong data-start=\"1620\" data-end=\"1648\">chargeur Android standard<\/strong> pour le recharger. Assurez-vous d'utiliser une source d'alimentation fiable pour une efficacit\u00e9 de charge optimale.<\/p>\n<\/li>\n<li class=\"\" data-start=\"1745\" data-end=\"1979\">\n<p class=\"\" data-start=\"1748\" data-end=\"1979\"><strong data-start=\"1748\" data-end=\"1808\">Puis-je emporter une vape jetable dans un avion \u00e0 l'\u00e9tranger ?<\/strong><br data-start=\"1808\" data-end=\"1811\" \/>Oui, mais il <strong data-start=\"1826\" data-end=\"1862\">doit \u00eatre dans votre bagage \u00e0 main<\/strong>. V\u00e9rifiez aupr\u00e8s de votre compagnie a\u00e9rienne les r\u00e9glementations sp\u00e9cifiques concernant les <strong data-start=\"1927\" data-end=\"1948\">produits \u00e0 base de nicotine<\/strong> dans votre pays de destination.<\/p>\n<\/li>\n<li class=\"\" data-start=\"1981\" data-end=\"2197\">\n<p class=\"\" data-start=\"1984\" data-end=\"2197\"><strong data-start=\"1984\" data-end=\"2033\">Comment savoir quand ma vape jetable est vide ?<\/strong><br data-start=\"2033\" data-end=\"2036\" \/>Si la <strong data-start=\"2046\" data-end=\"2144\">saveur s'estompe, la production de vapeur diminue ou l'\u00e9cran num\u00e9rique affiche un indicateur de faible niveau d'e-liquide<\/strong>, il est temps de <strong data-start=\"2159\" data-end=\"2194\">remplacer ou recharger votre appareil<\/strong>.<\/p>\n<\/li>\n<\/ol>\n<\/div>\n<\/div>\n<\/div>\n<\/div>","protected":false},"excerpt":{"rendered":"<p class=\"LC20lb MBeuO DKV0Md\">L' <strong data-start=\"1647\" data-end=\"1672\">VOPK Ultra 40000 Vape<\/strong> offre des saveurs doubles, des bobines quad mesh et un \u00e9cran num\u00e9rique intelligent. Un jetable premium con\u00e7u pour <strong data-start=\"1771\" data-end=\"1828\">les fournisseurs de gros d'usine et les commandes en gros en Europe<\/strong>.<\/p>\n<p><strong>Ajoutez le WhatsApp d'Amy pour obtenir une r\u00e9ponse rapide et un prix r\u00e9duit !<\/strong><\/p>\n<p><img fetchpriority=\"high\" decoding=\"async\" class=\"size-full wp-image-2932\" src=\"https:\/\/vapestornado.com\/wp-content\/uploads\/2024\/12\/Vape-Wholesale.jpg\" alt=\"Vente en Gros de Vapes\" width=\"229\" height=\"300\" \/><\/p>\n<h3><a href=\"https:\/\/wa.me\/8617776015835\"><span style=\"color: #ff0000;\"><strong>WhatsApp : +86 17776015835<\/strong><\/span><\/a><\/h3>\n<p>&nbsp;<\/p>","protected":false},"featured_media":3959,"comment_status":"open","ping_status":"closed","template":"","meta":{"_acf_changed":false,"_uag_custom_page_level_css":"","_lmt_disableupdate":"no","_lmt_disable":"","_monsterinsights_skip_tracking":false,"_monsterinsights_sitenote_active":false,"_monsterinsights_sitenote_note":"","_monsterinsights_sitenote_category":0,"site-sidebar-layout":"default","site-content-layout":"","ast-site-content-layout":"default","site-content-style":"default","site-sidebar-style":"default","ast-global-header-display":"","ast-banner-title-visibility":"","ast-main-header-display":"","ast-hfb-above-header-display":"","ast-hfb-below-header-display":"","ast-hfb-mobile-header-display":"","site-post-title":"","ast-breadcrumbs-content":"","ast-featured-img":"","footer-sml-layout":"","ast-disable-related-posts":"","theme-transparent-header-meta":"default","adv-header-id-meta":"","stick-header-meta":"","header-above-stick-meta":"","header-main-stick-meta":"","header-below-stick-meta":"","astra-migrate-meta-layouts":"set","ast-page-background-enabled":"default","ast-page-background-meta":{"desktop":{"background-color":"","background-image":"","background-repeat":"repeat","background-position":"center center","background-size":"auto","background-attachment":"scroll","background-type":"","background-media":"","overlay-type":"","overlay-color":"","overlay-opacity":"","overlay-gradient":""},"tablet":{"background-color":"","background-image":"","background-repeat":"repeat","background-position":"center center","background-size":"auto","background-attachment":"scroll","background-type":"","background-media":"","overlay-type":"","overlay-color":"","overlay-opacity":"","overlay-gradient":""},"mobile":{"background-color":"","background-image":"","background-repeat":"repeat","background-position":"center center","background-size":"auto","background-attachment":"scroll","background-type":"","background-media":"","overlay-type":"","overlay-color":"","overlay-opacity":"","overlay-gradient":""}},"ast-content-background-meta":{"desktop":{"background-color":"var(--ast-global-color-5)","background-image":"","background-repeat":"repeat","background-position":"center center","background-size":"auto","background-attachment":"scroll","background-type":"","background-media":"","overlay-type":"","overlay-color":"","overlay-opacity":"","overlay-gradient":""},"tablet":{"background-color":"var(--ast-global-color-5)","background-image":"","background-repeat":"repeat","background-position":"center center","background-size":"auto","background-attachment":"scroll","background-type":"","background-media":"","overlay-type":"","overlay-color":"","overlay-opacity":"","overlay-gradient":""},"mobile":{"background-color":"var(--ast-global-color-5)","background-image":"","background-repeat":"repeat","background-position":"center center","background-size":"auto","background-attachment":"scroll","background-type":"","background-media":"","overlay-type":"","overlay-color":"","overlay-opacity":"","overlay-gradient":""}},"_joinchat":{"telephone":"17776015835"}},"product_brand":[],"product_cat":[65,153,160,142,146,290],"product_tag":[261,165,291,294,94,293],"class_list":{"0":"post-3975","1":"product","2":"type-product","3":"status-publish","4":"has-post-thumbnail","6":"product_cat-40000-puff","7":"product_cat-buy-disposable-vapes-in-italy","8":"product_cat-buy-disposable-vapes-in-switzerland","9":"product_cat-digital-box-disposable-vapes","10":"product_cat-rechargeable-disposable-vapes","11":"product_cat-vopk-vape","12":"product_tag-2-in-1-double-flavor-vape","13":"product_tag-cheap-vapes","14":"product_tag-disposable-shisha-hookah","15":"product_tag-puff-40k","16":"product_tag-rechargeable-disposable-vape","17":"product_tag-vopk-ultra-40000","18":"desktop-align-left","19":"tablet-align-left","20":"mobile-align-left","22":"first","23":"instock","24":"sale","25":"shipping-taxable","26":"purchasable","27":"product-type-simple"},"acf":[],"uagb_featured_image_src":{"full":["https:\/\/vapestornado.com\/wp-content\/uploads\/2025\/03\/VOPK-ULTRA-40000-puffs-Disposable-Vape.webp",800,800,false],"thumbnail":["https:\/\/vapestornado.com\/wp-content\/uploads\/2025\/03\/VOPK-ULTRA-40000-puffs-Disposable-Vape-150x150.webp",150,150,true],"medium":["https:\/\/vapestornado.com\/wp-content\/uploads\/2025\/03\/VOPK-ULTRA-40000-puffs-Disposable-Vape-300x300.webp",300,300,true],"medium_large":["https:\/\/vapestornado.com\/wp-content\/uploads\/2025\/03\/VOPK-ULTRA-40000-puffs-Disposable-Vape-768x768.webp",768,768,true],"large":["https:\/\/vapestornado.com\/wp-content\/uploads\/2025\/03\/VOPK-ULTRA-40000-puffs-Disposable-Vape.webp",800,800,false],"1536x1536":["https:\/\/vapestornado.com\/wp-content\/uploads\/2025\/03\/VOPK-ULTRA-40000-puffs-Disposable-Vape.webp",800,800,false],"2048x2048":["https:\/\/vapestornado.com\/wp-content\/uploads\/2025\/03\/VOPK-ULTRA-40000-puffs-Disposable-Vape.webp",800,800,false],"trp-custom-language-flag":["https:\/\/vapestornado.com\/wp-content\/uploads\/2025\/03\/VOPK-ULTRA-40000-puffs-Disposable-Vape.webp",12,12,false],"woocommerce_thumbnail":["https:\/\/vapestornado.com\/wp-content\/uploads\/2025\/03\/VOPK-ULTRA-40000-puffs-Disposable-Vape-300x300.webp",300,300,true],"woocommerce_single":["https:\/\/vapestornado.com\/wp-content\/uploads\/2025\/03\/VOPK-ULTRA-40000-puffs-Disposable-Vape-600x600.webp",600,600,true],"woocommerce_gallery_thumbnail":["https:\/\/vapestornado.com\/wp-content\/uploads\/2025\/03\/VOPK-ULTRA-40000-puffs-Disposable-Vape-100x100.webp",100,100,true]},"uagb_author_info":{"display_name":"ESAMY","author_link":"https:\/\/vapestornado.com\/fr\/author\/"},"uagb_comment_info":0,"uagb_excerpt":"The VOPK Ultra 40000 Vape offers dual flavours, quad mesh coils, and a smart digital screen. A premium disposable built for factory wholesale suppliers and bulk orders in Europe. Add Amy's whatsapp to get right reply and discount price! WhatsApp: +86 17776015835 &nbsp;","_links":{"self":[{"href":"https:\/\/vapestornado.com\/fr\/wp-json\/wp\/v2\/product\/3975","targetHints":{"allow":["GET"]}}],"collection":[{"href":"https:\/\/vapestornado.com\/fr\/wp-json\/wp\/v2\/product"}],"about":[{"href":"https:\/\/vapestornado.com\/fr\/wp-json\/wp\/v2\/types\/product"}],"replies":[{"embeddable":true,"href":"https:\/\/vapestornado.com\/fr\/wp-json\/wp\/v2\/comments?post=3975"}],"wp:featuredmedia":[{"embeddable":true,"href":"https:\/\/vapestornado.com\/fr\/wp-json\/wp\/v2\/media\/3959"}],"wp:attachment":[{"href":"https:\/\/vapestornado.com\/fr\/wp-json\/wp\/v2\/media?parent=3975"}],"wp:term":[{"taxonomy":"product_brand","embeddable":true,"href":"https:\/\/vapestornado.com\/fr\/wp-json\/wp\/v2\/product_brand?post=3975"},{"taxonomy":"product_cat","embeddable":true,"href":"https:\/\/vapestornado.com\/fr\/wp-json\/wp\/v2\/product_cat?post=3975"},{"taxonomy":"product_tag","embeddable":true,"href":"https:\/\/vapestornado.com\/fr\/wp-json\/wp\/v2\/product_tag?post=3975"}],"curies":[{"name":"wp","href":"https:\/\/api.w.org\/{rel}","templated":true}]}}