{"id":3973,"date":"2025-03-24T07:11:24","date_gmt":"2025-03-24T07:11:24","guid":{"rendered":"https:\/\/vapestornado.com\/?post_type=product&#038;p=3973"},"modified":"2025-12-08T09:05:30","modified_gmt":"2025-12-08T09:05:30","slug":"vopk-cool-9000-puffs-disposable-vapes-bar-puff-9k","status":"publish","type":"product","link":"https:\/\/vapestornado.com\/fr\/product\/vopk-cool-9000-puffs-disposable-vapes-bar-puff-9k\/","title":{"rendered":"Vopk Cool 9000 Bouff\u00e9es Vapes Jetables Bar Puff 9K"},"content":{"rendered":"<h1 data-pm-slice=\"1 1 []\">Vopk Cool Bar 9000 Puffs Kits Stylo Vapes Jetables Puff 9K<\/h1>\n<p data-start=\"1124\" data-end=\"1326\"><strong data-start=\"105\" data-end=\"127\">Vopk Cool Bar 9000<\/strong> est un dispositif compact con\u00e7u pour une utilisation quotidienne prolong\u00e9e sans para\u00eetre encombrant dans la poche. Il offre <strong data-start=\"226\" data-end=\"247\">jusqu'\u00e0 9 000 bouff\u00e9es<\/strong> d'un(e) <strong data-start=\"255\" data-end=\"279\">r\u00e9servoir pr\u00e9-rempli de 16 ml<\/strong>, soutenu par un <strong data-start=\"293\" data-end=\"311\">Bobine Mesh 1.0\u03a9<\/strong> pour une saveur constante et un <strong data-start=\"337\" data-end=\"368\">batterie rechargeable Type-C<\/strong> afin que l'appareil fonctionne aussi longtemps que le liquide. Le flux d'air r\u00e9glable offre un contr\u00f4le r\u00e9el sur le style d'inhalation, allant d'une inhalation serr\u00e9e MTL \u00e0 une inhalation plus ouverte DTL.<\/p>\n<h3 data-start=\"727\" data-end=\"789\">Ce qui rend le VOPK Cool Bar 9000 adapt\u00e9 pour vous<\/h3>\n<ul data-start=\"791\" data-end=\"1646\">\n<li data-start=\"791\" data-end=\"982\">\n<p data-start=\"793\" data-end=\"982\"><strong data-start=\"793\" data-end=\"830\">Capacit\u00e9 adapt\u00e9e \u00e0 vos routines quotidiennes.<\/strong> 9 000 bouff\u00e9es et 16 ml de e-liquide suffisent \u00e0 r\u00e9duire la fr\u00e9quence de remplacement pour les utilisateurs r\u00e9guliers, tout en gardant l'appareil l\u00e9ger et facile \u00e0 transporter.<\/p>\n<\/li>\n<li data-start=\"984\" data-end=\"1144\">\n<p data-start=\"986\" data-end=\"1144\"><strong data-start=\"986\" data-end=\"1025\">Performance du coil en mesh que vous pouvez ressentir.<\/strong> L' <strong data-start=\"1030\" data-end=\"1048\">Bobine Mesh 1.0\u03a9<\/strong> chauffe uniform\u00e9ment et \u00e9vite le go\u00fbt amer et irr\u00e9gulier que certains petits dispositifs jetables d\u00e9veloppent apr\u00e8s une utilisation intensive.<\/p>\n<\/li>\n<li data-start=\"1146\" data-end=\"1347\">\n<p data-start=\"1148\" data-end=\"1347\"><strong data-start=\"1148\" data-end=\"1182\">Flux d'air que vous pouvez r\u00e9ellement ajuster.<\/strong> Le flux d'air r\u00e9glable vous permet de d\u00e9cider du comportement de l'appareil : une inhalation plus serr\u00e9e pour un style MTL \u00e0 la cigarette, ou une aspiration plus l\u00e2che pour plus de vapeur. Un seul appareil couvre les deux habitudes.<\/p>\n<\/li>\n<li data-start=\"1349\" data-end=\"1520\">\n<p data-start=\"1351\" data-end=\"1520\"><strong data-start=\"1351\" data-end=\"1393\">Rechargeable pour une utilisation compl\u00e8te du r\u00e9servoir.<\/strong> L' <strong data-start=\"1398\" data-end=\"1416\">Batterie de 600 mAh<\/strong> plus <strong data-start=\"1422\" data-end=\"1446\">Charge rapide Type-C<\/strong> r\u00e9duit le temps d'arr\u00eat et \u00e9vite le probl\u00e8me habituel de la \u00ab batterie qui meurt en premier \u00bb.<\/p>\n<\/li>\n<li data-start=\"1522\" data-end=\"1646\">\n<p data-start=\"1524\" data-end=\"1646\"><strong data-start=\"1524\" data-end=\"1553\">Con\u00e7u pour une utilisation quotidienne.<\/strong> Taille compacte, design \u00e9pur\u00e9, et pas de configuration n\u00e9cessaire \u2014 sortez-le, vapotez, rechargez si besoin.<\/p>\n<\/li>\n<\/ul>\n<p data-start=\"666\" data-end=\"1235\"><strong style=\"font-size: 16px;\"><span style=\"color: #ff0000;\">Ajoutez le WhatsApp d'Amy pour obtenir une r\u00e9ponse rapide et un prix r\u00e9duit !<\/span><\/strong><\/p>\n<p><img fetchpriority=\"high\" decoding=\"async\" class=\"size-full wp-image-2932\" src=\"https:\/\/vapestornado.com\/wp-content\/uploads\/2024\/12\/Vape-Wholesale.jpg\" alt=\"Vente en Gros de Vapes\" width=\"229\" height=\"300\" \/><\/p>\n<h3><a href=\"https:\/\/wa.me\/8617776015835\" target=\"_blank\" rel=\"noopener\"><span style=\"color: #ff0000;\"><strong>WhatsApp : +86 17776015835<\/strong><\/span><\/a><\/h3>\n<p>&nbsp;<\/p>\n<h2><strong>Caract\u00e9ristiques principales du stylo vape Vopk Cool Bar 9000<\/strong><\/h2>\n<table>\n<thead>\n<tr>\n<th>Fonctionnalit\u00e9<\/th>\n<th>Spec<\/th>\n<th>D\u00e9tails<\/th>\n<\/tr>\n<\/thead>\n<tbody>\n<tr>\n<td>Marque<\/td>\n<td>VOPK Vape<\/td>\n<td>Une partie de la gamme Cool Bar destin\u00e9e au march\u00e9 jetable \u00e0 forte demande en Europe.<\/td>\n<\/tr>\n<tr>\n<td>Capacit\u00e9 de bouff\u00e9es<\/td>\n<td>Jusqu'\u00e0 9 000 bouff\u00e9es<\/td>\n<td>Assez long pour une utilisation de plusieurs jours \u00e0 plusieurs semaines selon le rythme.<\/td>\n<\/tr>\n<tr>\n<td>Capacit\u00e9 de l'e-liquide<\/td>\n<td>Pr\u00e9-rempli de 16 ml<\/td>\n<td>Grand pour sa taille ; supporte des sessions prolong\u00e9es sans recharges.<\/td>\n<\/tr>\n<tr>\n<td>Bobine<\/td>\n<td>R\u00e9sistance Mesh 1,0\u03a9<\/td>\n<td>Chauffage uniforme pour un vapeur plus doux et une saveur plus stable.<\/td>\n<\/tr>\n<tr>\n<td>Flux d'air<\/td>\n<td>R\u00e9glable<\/td>\n<td>Passez d'une aspiration MTL plus serr\u00e9e \u00e0 une DTL plus l\u00e2che.<\/td>\n<\/tr>\n<tr>\n<td>Batterie<\/td>\n<td>Rechargeable de 600mAh<\/td>\n<td>Production fiable quotidienne ; rechargez plut\u00f4t que de jeter pr\u00e9matur\u00e9ment.<\/td>\n<\/tr>\n<tr>\n<td>Chargement<\/td>\n<td>charge rapide Type-C<\/td>\n<td>Recharges rapides avec des c\u00e2bles EU modernes et largement utilis\u00e9s.<\/td>\n<\/tr>\n<\/tbody>\n<\/table>\n<h2 class=\"product-title\"><strong>Liste des saveurs du Vopk Cool Bar 9000 Disposables Pen<\/strong><\/h2>\n<article class=\"w-full text-token-text-primary focus-visible:outline-2 focus-visible:outline-offset-[-4px]\" dir=\"auto\" data-testid=\"conversation-turn-32\" data-scroll-anchor=\"false\">\n<div class=\"m-auto text-base py-[18px] px-6\">\n<div class=\"mx-auto flex flex-1 text-base gap-4 md:gap-5 lg:gap-6 md:max-w-3xl lg:max-w-[40rem] xl:max-w-[48rem]\">\n<div class=\"group\/conversation-turn relative flex w-full min-w-0 flex-col @xs\/thread:px-0 @sm\/thread:px-1.5 @md\/thread:px-4\">\n<div class=\"flex-col gap-1 md:gap-3\">\n<div class=\"flex max-w-full flex-col flex-grow\">\n<div class=\"min-h-8 text-message flex w-full flex-col items-end gap-2 whitespace-normal break-words text-start [.text-message+&amp;]:mt-5\" dir=\"auto\" data-message-author-role=\"user\" data-message-id=\"ffac41ca-1db4-431b-873a-32c4052956f1\">\n<div class=\"flex w-full flex-col gap-1 empty:hidden items-end rtl:items-start\">\n<div class=\"relative max-w-[var(--user-chat-width,70%)] rounded-3xl bg-token-message-surface px-5 py-2.5\">\n<div class=\"absolute bottom-0 right-full top-0 -mr-3.5 hidden pr-5 pt-2 [.group\/conversation-turn:hover_&amp;]:flex\">\n<div class=\"flex\">\n<article class=\"w-full text-token-text-primary focus-visible:outline-2 focus-visible:outline-offset-[-4px]\" dir=\"auto\" data-testid=\"conversation-turn-39\" data-scroll-anchor=\"true\">\n<div class=\"m-auto text-base py-[18px] px-6\">\n<div class=\"mx-auto flex flex-1 text-base gap-4 md:gap-5 lg:gap-6 md:max-w-3xl lg:max-w-[40rem] xl:max-w-[48rem]\">\n<div class=\"group\/conversation-turn relative flex w-full min-w-0 flex-col agent-turn @xs\/thread:px-0 @sm\/thread:px-1.5 @md\/thread:px-4\">\n<div class=\"flex-col gap-1 md:gap-3\">\n<div class=\"flex max-w-full flex-col flex-grow\">\n<div class=\"min-h-8 text-message flex w-full flex-col items-end gap-2 whitespace-normal break-words text-start [.text-message+&amp;]:mt-5\" dir=\"auto\" data-message-author-role=\"assistant\" data-message-id=\"55a23854-ec57-48dd-bd4f-6118f43d6241\" data-message-model-slug=\"gpt-4o\">\n<div class=\"flex w-full flex-col gap-1 empty:hidden first:pt-[3px]\">\n<div class=\"markdown prose w-full break-words dark:prose-invert light\">\n<p>1. P\u00eache glac\u00e9e<br \/>\n2. Double menthe<br \/>\n3. Citron p\u00e9tillant<br \/>\n4. Raisin Alo\u00e8s<br \/>\n5. Raisin litchi<br \/>\n6. Cola glac\u00e9<br \/>\n7. Orange aigre<br \/>\n8. Baies m\u00e9lang\u00e9es<br \/>\n9. Red Bull glac\u00e9<br \/>\n10. Glace \u00e0 la past\u00e8que<\/p>\n<figure id=\"attachment_3967\" aria-describedby=\"caption-attachment-3967\" style=\"width: 800px\" class=\"wp-caption alignnone\"><img decoding=\"async\" class=\"wp-image-3967 size-full\" src=\"https:\/\/vapestornado.com\/wp-content\/uploads\/2025\/03\/VOPK-9K-9000-Puff-Disposable-Vape-Pen-Kit.webp\" alt=\"Kit de vape jetable VOPK 9K 9000 bouff\u00e9es\" width=\"800\" height=\"800\" srcset=\"https:\/\/vapestornado.com\/wp-content\/uploads\/2025\/03\/VOPK-9K-9000-Puff-Disposable-Vape-Pen-Kit.webp 800w, https:\/\/vapestornado.com\/wp-content\/uploads\/2025\/03\/VOPK-9K-9000-Puff-Disposable-Vape-Pen-Kit-300x300.webp 300w, https:\/\/vapestornado.com\/wp-content\/uploads\/2025\/03\/VOPK-9K-9000-Puff-Disposable-Vape-Pen-Kit-150x150.webp 150w, https:\/\/vapestornado.com\/wp-content\/uploads\/2025\/03\/VOPK-9K-9000-Puff-Disposable-Vape-Pen-Kit-768x768.webp 768w, https:\/\/vapestornado.com\/wp-content\/uploads\/2025\/03\/VOPK-9K-9000-Puff-Disposable-Vape-Pen-Kit-600x600.webp 600w, https:\/\/vapestornado.com\/wp-content\/uploads\/2025\/03\/VOPK-9K-9000-Puff-Disposable-Vape-Pen-Kit-100x100.webp 100w\" sizes=\"(max-width: 800px) 100vw, 800px\" \/><figcaption id=\"caption-attachment-3967\" class=\"wp-caption-text\">Kit de vape jetable VOPK 9K 9000 bouff\u00e9es<\/figcaption><\/figure>\n<\/div>\n<\/div>\n<\/div>\n<\/div>\n<\/div>\n<\/div>\n<\/div>\n<\/div>\n<\/article>\n<\/div>\n<\/div>\n<\/div>\n<\/div>\n<\/div>\n<\/div>\n<\/div>\n<\/div>\n<\/div>\n<\/div>\n<\/article>\n<h3>Pourquoi choisir Vapestornado pour acheter le Vopk Cool Bar 9000?<\/h3>\n<div class=\"flex-shrink-0 flex flex-col relative items-end\">\n<div class=\"pt-0\">\n<div class=\"gizmo-bot-avatar flex h-8 w-8 items-center justify-center overflow-hidden rounded-full\">\n<div class=\"relative p-1 rounded-sm flex items-center justify-center bg-token-main-surface-primary text-token-text-primary h-8 w-8\">\n<p data-start=\"88\" data-end=\"557\">Quand il s'agit de <strong data-start=\"105\" data-end=\"154\">\u00a0l'achat de vapes jetables de haute qualit\u00e9<\/strong>, <strong data-start=\"156\" data-end=\"172\">Vapestornado<\/strong> est la source incontournable pour des <strong data-start=\"208\" data-end=\"271\">prix d'usine imbattables, une exp\u00e9dition rapide et un service client de qualit\u00e9 sup\u00e9rieure<\/strong>. L'achat du Vopk Cool Bar 9000 chez Vapestornado vous garantit <strong data-start=\"363\" data-end=\"400\">des produits authentiques et 100% originaux<\/strong> avec les derni\u00e8res<strong data-start=\"417\" data-end=\"515\"> la commodit\u00e9 de la recharge Type-C et une capacit\u00e9 de 9000 bouff\u00e9es<\/strong>\u2014le tout aux <strong data-start=\"527\" data-end=\"554\">prix de gros les plus bas<\/strong>.<\/p>\n<p data-start=\"559\" data-end=\"933\" data-is-last-node=\"\" data-is-only-node=\"\">Nous avons \u00e9galement d'autres vapes populaires avec \u00e9cran comme <a href=\"https:\/\/vapestornado.com\/fr\/product\/mesii-couple-50k-disposable-shisha-hookah-50000-puffs-vape-with-digital-display\/\">Couple Mesii 50000<\/a>, <a href=\"https:\/\/vapestornado.com\/fr\/product\/vopk-ultra-40000-puffs-2-in-1-digital-screen-rechargeable-disposable-vape\/\">VOPK 40000 Puff Vape Jetable<\/a>, <a href=\"https:\/\/vapestornado.com\/fr\/product\/bang-beach-22000-20k-puff-disposable-vape-pen-with-screen-reddit-hot\/\">Bang Plage 22000<\/a>, et plus encore.<\/p>\n<\/div>\n<div class=\"relative p-1 rounded-sm flex items-center justify-center bg-token-main-surface-primary text-token-text-primary h-8 w-8\">\n<h3>FAQ<\/h3>\n<ol data-start=\"2395\" data-end=\"3557\">\n<li data-start=\"2395\" data-end=\"2643\">\n<p data-start=\"2398\" data-end=\"2643\"><strong data-start=\"2398\" data-end=\"2504\">Comment le vapoteur jetable Bang Vopk Cool Bar 9000 avec coil en mesh maintient-il la saveur stable sur 9 000 bouff\u00e9es ?<\/strong><br data-start=\"2504\" data-end=\"2507\" \/>L' <strong data-start=\"2511\" data-end=\"2529\">Bobine Mesh 1.0\u03a9<\/strong> Diffuse la chaleur plus uniform\u00e9ment que les coils en fil standard, r\u00e9duisant la duret\u00e9 et ralentissant la baisse de saveur lors d'une utilisation prolong\u00e9e.<\/p>\n<\/li>\n<li data-start=\"2645\" data-end=\"2867\">\n<p data-start=\"2648\" data-end=\"2867\"><strong data-start=\"2648\" data-end=\"2743\">L'airflow r\u00e9glable du Bang Vopk Cool Bar 9000 est-il utile pour passer d'une inhalation MTL \u00e0 DTL ?<\/strong><br data-start=\"2743\" data-end=\"2746\" \/>Oui. Un airflow plus serr\u00e9 offre une aspiration de style cigarette MTL, tandis qu'une ouverture plus grande permet une inhalation DTL plus l\u00e2che avec plus de vapeur.<\/p>\n<\/li>\n<li data-start=\"2869\" data-end=\"3098\">\n<p data-start=\"2872\" data-end=\"3098\"><strong data-start=\"2872\" data-end=\"2964\">Le Bang Vopk Cool Bar 9K rechargeable Type-C jetable terminera-t-il le r\u00e9servoir complet de 16 ml ?<\/strong><br data-start=\"2964\" data-end=\"2967\" \/>La recharge est con\u00e7ue pour cela. Si la puissance diminue avant que le liquide ne soit \u00e9puis\u00e9, une recharge rapide via Type-C le maintient en marche.<\/p>\n<\/li>\n<li data-start=\"3100\" data-end=\"3315\">\n<p data-start=\"3103\" data-end=\"3315\"><strong data-start=\"3103\" data-end=\"3188\">Quel type de vapeur sort du vapoteur jetable Bang Vopk Cool Bar 9000 bouff\u00e9es ?<\/strong><br data-start=\"3188\" data-end=\"3191\" \/>Attendez-vous \u00e0 un flux de vapeur doux et constant. Avec l'airflow ouvert, la densit\u00e9 de vapeur augmente sans que l'aspiration devienne rude.<\/p>\n<\/li>\n<li data-start=\"3317\" data-end=\"3557\">\n<p data-start=\"3320\" data-end=\"3557\"><strong data-start=\"3320\" data-end=\"3422\">Le vapoteur jetable compact Bang Vopk Cool Bar 9000 est-il adapt\u00e9 pour une utilisation quotidienne et en ext\u00e9rieur ?<\/strong><br data-start=\"3422\" data-end=\"3425\" \/>Il est con\u00e7u pour la portabilit\u00e9 : corps fin, pas de r\u00e9glage n\u00e9cessaire, et une capacit\u00e9 suffisante pour de longues journ\u00e9es loin de chez soi, avec une recharge rapide si besoin.<\/p>\n<\/li>\n<\/ol>\n<p>&nbsp;<\/p>\n<\/div>\n<\/div>\n<\/div>\n<\/div>","protected":false},"excerpt":{"rendered":"<p class=\"LC20lb MBeuO DKV0Md\"><strong data-start=\"1370\" data-end=\"1398\">Vopk Cool Bar 9000 Bouff\u00e9es<\/strong> est un dispositif jetable \u00e9conomique de 9 000 bouff\u00e9es avec un r\u00e9servoir de 16 ml, une coh\u00e9rence de coil en mesh, un flux d'air r\u00e9glable et une recharge Type-C pour une vape pr\u00e9visible toute la journ\u00e9e. C'est un choix populaire pour <strong data-start=\"1503\" data-end=\"1533\">les acheteurs en gros en Europe<\/strong>.<\/p>\n<p><strong>Ajoutez le WhatsApp d'Amy pour obtenir une r\u00e9ponse rapide et un prix r\u00e9duit !<\/strong><\/p>\n<p><img fetchpriority=\"high\" decoding=\"async\" class=\"size-full wp-image-2932\" src=\"https:\/\/vapestornado.com\/wp-content\/uploads\/2024\/12\/Vape-Wholesale.jpg\" alt=\"Vente en Gros de Vapes\" width=\"229\" height=\"300\" \/><\/p>\n<h3><a href=\"https:\/\/wa.me\/8617776015835\"><span style=\"color: #ff0000;\"><strong>WhatsApp : +86 17776015835<\/strong><\/span><\/a><\/h3>\n<p>&nbsp;<\/p>","protected":false},"featured_media":3969,"comment_status":"open","ping_status":"closed","template":"","meta":{"_acf_changed":false,"_uag_custom_page_level_css":"","_lmt_disableupdate":"no","_lmt_disable":"","_monsterinsights_skip_tracking":false,"_monsterinsights_sitenote_active":false,"_monsterinsights_sitenote_note":"","_monsterinsights_sitenote_category":0,"site-sidebar-layout":"default","site-content-layout":"","ast-site-content-layout":"default","site-content-style":"default","site-sidebar-style":"default","ast-global-header-display":"","ast-banner-title-visibility":"","ast-main-header-display":"","ast-hfb-above-header-display":"","ast-hfb-below-header-display":"","ast-hfb-mobile-header-display":"","site-post-title":"","ast-breadcrumbs-content":"","ast-featured-img":"","footer-sml-layout":"","ast-disable-related-posts":"","theme-transparent-header-meta":"default","adv-header-id-meta":"","stick-header-meta":"","header-above-stick-meta":"","header-main-stick-meta":"","header-below-stick-meta":"","astra-migrate-meta-layouts":"set","ast-page-background-enabled":"default","ast-page-background-meta":{"desktop":{"background-color":"","background-image":"","background-repeat":"repeat","background-position":"center center","background-size":"auto","background-attachment":"scroll","background-type":"","background-media":"","overlay-type":"","overlay-color":"","overlay-opacity":"","overlay-gradient":""},"tablet":{"background-color":"","background-image":"","background-repeat":"repeat","background-position":"center center","background-size":"auto","background-attachment":"scroll","background-type":"","background-media":"","overlay-type":"","overlay-color":"","overlay-opacity":"","overlay-gradient":""},"mobile":{"background-color":"","background-image":"","background-repeat":"repeat","background-position":"center center","background-size":"auto","background-attachment":"scroll","background-type":"","background-media":"","overlay-type":"","overlay-color":"","overlay-opacity":"","overlay-gradient":""}},"ast-content-background-meta":{"desktop":{"background-color":"var(--ast-global-color-5)","background-image":"","background-repeat":"repeat","background-position":"center center","background-size":"auto","background-attachment":"scroll","background-type":"","background-media":"","overlay-type":"","overlay-color":"","overlay-opacity":"","overlay-gradient":""},"tablet":{"background-color":"var(--ast-global-color-5)","background-image":"","background-repeat":"repeat","background-position":"center center","background-size":"auto","background-attachment":"scroll","background-type":"","background-media":"","overlay-type":"","overlay-color":"","overlay-opacity":"","overlay-gradient":""},"mobile":{"background-color":"var(--ast-global-color-5)","background-image":"","background-repeat":"repeat","background-position":"center center","background-size":"auto","background-attachment":"scroll","background-type":"","background-media":"","overlay-type":"","overlay-color":"","overlay-opacity":"","overlay-gradient":""}},"_joinchat":{"telephone":"17776015835"}},"product_brand":[],"product_cat":[73,152,144,146,290],"product_tag":[165,287,483,94,289,288],"class_list":{"0":"post-3973","1":"product","2":"type-product","3":"status-publish","4":"has-post-thumbnail","6":"product_cat-9000-puff","7":"product_cat-buy-disposable-vapes-in-cermany","8":"product_cat-low-nicotine-disposable-vapes","9":"product_cat-rechargeable-disposable-vapes","10":"product_cat-vopk-vape","11":"product_tag-cheap-vapes","12":"product_tag-disposable-vape-pen","13":"product_tag-mini-disposable-vape","14":"product_tag-rechargeable-disposable-vape","15":"product_tag-vopk-9000-disposable-bar","16":"product_tag-vopk-cool-bar-9000","17":"desktop-align-left","18":"tablet-align-left","19":"mobile-align-left","21":"first","22":"instock","23":"sale","24":"shipping-taxable","25":"purchasable","26":"product-type-simple"},"acf":[],"uagb_featured_image_src":{"full":["https:\/\/vapestornado.com\/wp-content\/uploads\/2025\/03\/VOPK-Cool-Bar-9000-Puffs-Disposable-Vape-Wholesale.webp",800,800,false],"thumbnail":["https:\/\/vapestornado.com\/wp-content\/uploads\/2025\/03\/VOPK-Cool-Bar-9000-Puffs-Disposable-Vape-Wholesale-150x150.webp",150,150,true],"medium":["https:\/\/vapestornado.com\/wp-content\/uploads\/2025\/03\/VOPK-Cool-Bar-9000-Puffs-Disposable-Vape-Wholesale-300x300.webp",300,300,true],"medium_large":["https:\/\/vapestornado.com\/wp-content\/uploads\/2025\/03\/VOPK-Cool-Bar-9000-Puffs-Disposable-Vape-Wholesale-768x768.webp",768,768,true],"large":["https:\/\/vapestornado.com\/wp-content\/uploads\/2025\/03\/VOPK-Cool-Bar-9000-Puffs-Disposable-Vape-Wholesale.webp",800,800,false],"1536x1536":["https:\/\/vapestornado.com\/wp-content\/uploads\/2025\/03\/VOPK-Cool-Bar-9000-Puffs-Disposable-Vape-Wholesale.webp",800,800,false],"2048x2048":["https:\/\/vapestornado.com\/wp-content\/uploads\/2025\/03\/VOPK-Cool-Bar-9000-Puffs-Disposable-Vape-Wholesale.webp",800,800,false],"trp-custom-language-flag":["https:\/\/vapestornado.com\/wp-content\/uploads\/2025\/03\/VOPK-Cool-Bar-9000-Puffs-Disposable-Vape-Wholesale.webp",12,12,false],"woocommerce_thumbnail":["https:\/\/vapestornado.com\/wp-content\/uploads\/2025\/03\/VOPK-Cool-Bar-9000-Puffs-Disposable-Vape-Wholesale-300x300.webp",300,300,true],"woocommerce_single":["https:\/\/vapestornado.com\/wp-content\/uploads\/2025\/03\/VOPK-Cool-Bar-9000-Puffs-Disposable-Vape-Wholesale-600x600.webp",600,600,true],"woocommerce_gallery_thumbnail":["https:\/\/vapestornado.com\/wp-content\/uploads\/2025\/03\/VOPK-Cool-Bar-9000-Puffs-Disposable-Vape-Wholesale-100x100.webp",100,100,true]},"uagb_author_info":{"display_name":"ESAMY","author_link":"https:\/\/vapestornado.com\/fr\/author\/"},"uagb_comment_info":0,"uagb_excerpt":"Vopk Cool Bar 9000 Puffs is a pocket-friendly 9,000-puff disposable with a 16ml tank, mesh-coil consistency, adjustable airflow, and Type-C rechargeable for predictable all-day vaping. Is popular choice for wholesale buyers in Europe. Add Amy's whatsapp to get right reply and discount price! WhatsApp: +86 17776015835 &nbsp;","_links":{"self":[{"href":"https:\/\/vapestornado.com\/fr\/wp-json\/wp\/v2\/product\/3973","targetHints":{"allow":["GET"]}}],"collection":[{"href":"https:\/\/vapestornado.com\/fr\/wp-json\/wp\/v2\/product"}],"about":[{"href":"https:\/\/vapestornado.com\/fr\/wp-json\/wp\/v2\/types\/product"}],"replies":[{"embeddable":true,"href":"https:\/\/vapestornado.com\/fr\/wp-json\/wp\/v2\/comments?post=3973"}],"wp:featuredmedia":[{"embeddable":true,"href":"https:\/\/vapestornado.com\/fr\/wp-json\/wp\/v2\/media\/3969"}],"wp:attachment":[{"href":"https:\/\/vapestornado.com\/fr\/wp-json\/wp\/v2\/media?parent=3973"}],"wp:term":[{"taxonomy":"product_brand","embeddable":true,"href":"https:\/\/vapestornado.com\/fr\/wp-json\/wp\/v2\/product_brand?post=3973"},{"taxonomy":"product_cat","embeddable":true,"href":"https:\/\/vapestornado.com\/fr\/wp-json\/wp\/v2\/product_cat?post=3973"},{"taxonomy":"product_tag","embeddable":true,"href":"https:\/\/vapestornado.com\/fr\/wp-json\/wp\/v2\/product_tag?post=3973"}],"curies":[{"name":"wp","href":"https:\/\/api.w.org\/{rel}","templated":true}]}}