{"id":3932,"date":"2025-03-21T07:53:01","date_gmt":"2025-03-21T07:53:01","guid":{"rendered":"https:\/\/vapestornado.com\/?post_type=product&#038;p=3932"},"modified":"2025-12-04T07:38:02","modified_gmt":"2025-12-04T07:38:02","slug":"uwin-twins-crystal-40000-40k-puff-double-taste-best-disposable-vapes-2025","status":"publish","type":"product","link":"https:\/\/vapestornado.com\/fr\/product\/uwin-twins-crystal-40000-40k-puff-double-taste-best-disposable-vapes-2025\/","title":{"rendered":"Uwin Twins Crystal 40000 40k Puff Double Go\u00fbt Meilleurs Vapes Jetables 2025"},"content":{"rendered":"<h2 data-pm-slice=\"1 1 []\">Uwin Twins Crystal 40000 Puff Vape Jetable Double Saveur, \u00c9cran Intelligent, Rechargeable Type-C<\/h2>\n<p data-start=\"395\" data-end=\"690\"><span data-start=\"409\" data-end=\"458\">Voulez-vous une haute qualit\u00e9 <\/span><strong data-start=\"409\" data-end=\"458\">Vape jetable 40000 Puff<\/strong> qui dure des semaines et ne devient pas ennuyeuse \u00e0 mi-parcours ? La <strong data-start=\"524\" data-end=\"573\">Vape jetable Uwin Twins Crystal 40000 bouff\u00e9es<\/strong> est con\u00e7u pour les vapoteurs qui veulent <strong data-start=\"603\" data-end=\"623\">dur\u00e9e de vie s\u00e9rieuse<\/strong> plus <strong data-start=\"629\" data-end=\"652\">vraie vari\u00e9t\u00e9 de saveurs<\/strong> dans un appareil propre et de qualit\u00e9 sup\u00e9rieure.<\/p>\n<h3 data-start=\"692\" data-end=\"734\">Pourquoi cet appareil de 40K Puff en vaut la peine<\/h3>\n<p data-start=\"735\" data-end=\"1079\"><strong data-start=\"735\" data-end=\"770\">1) Vraie long\u00e9vit\u00e9 \u00e0 haute capacit\u00e9<\/strong><br data-start=\"770\" data-end=\"773\" \/>Avec <strong data-start=\"778\" data-end=\"800\">jusqu'\u00e0 40 000 bouff\u00e9es<\/strong>, c'est un mod\u00e8le de premier ordre <strong data-start=\"821\" data-end=\"851\">vape jetable<\/strong> con\u00e7u pour une utilisation \u00e0 long terme. Compar\u00e9 aux mod\u00e8les 10k\u201320k, il r\u00e9duit consid\u00e9rablement les remplacements, ce qui en fait un choix incontournable pour tous ceux qui recherchent la <strong data-start=\"1004\" data-end=\"1026\">meilleure <\/strong><strong data-start=\"1032\" data-end=\"1071\">vape jetable la plus durable de 40k<\/strong> option.<\/p>\n<p data-start=\"1081\" data-end=\"1493\"><strong data-start=\"1081\" data-end=\"1131\">2) Changement de double saveur (2-en-1 Double Go\u00fbt)<\/strong><br data-start=\"1131\" data-end=\"1134\" \/>Il s'agit d'un <strong data-start=\"1144\" data-end=\"1187\">Uwin Twins Crystal 40K vape \u00e0 double saveur<\/strong> dot\u00e9e d'un syst\u00e8me double go\u00fbt 2-en-1. Vous pouvez passer d'une saveur \u00e0 l'autre quand vous le souhaitez \u2014 parfait pour les utilisateurs qui souhaitent varier tout au long de la journ\u00e9e sans transporter deux appareils. Si vous cherchez un <strong data-start=\"1397\" data-end=\"1442\">vape jetable \u00e0 double saveur<\/strong>, cet appareil est sp\u00e9cialement con\u00e7u pour cette exp\u00e9rience.<\/p>\n<p data-start=\"1495\" data-end=\"1815\"><strong data-start=\"1495\" data-end=\"1543\">3) Saveur constante du premier puff au dernier<\/strong><br data-start=\"1543\" data-end=\"1546\" \/>Les disposables longue dur\u00e9e ont souvent du mal avec la perte de saveur. Uwin Twins Crystal \u00e9vite cela en utilisant <strong data-start=\"1645\" data-end=\"1674\">technologie de double bobine en maille<\/strong>, gardant la vapeur douce et le go\u00fbt stable m\u00eame en profondeur dans le r\u00e9servoir. C\u2019est pourquoi les utilisateurs intensifs le classent parmi les mod\u00e8les \u00e0 haute capacit\u00e9 les plus fiables.<\/p>\n<p data-start=\"1817\" data-end=\"2065\"><strong data-start=\"1817\" data-end=\"1857\">4) \u00c9cran LED intelligent pour un contr\u00f4le total<\/strong><br data-start=\"1857\" data-end=\"1860\" \/>Plus besoin de deviner. Il s'agit d'un <strong data-start=\"1888\" data-end=\"1935\">vapoteuse jetable avec \u00e9cran LED 40000 bouff\u00e9es<\/strong>, affichant la dur\u00e9e de vie de la batterie en temps r\u00e9el et le niveau de e-liquide. Vous savez toujours quand vous \u00eates \u00e0 court, quand recharger, et combien de vie il reste.<\/p>\n<p data-start=\"2067\" data-end=\"2337\"><strong data-start=\"2067\" data-end=\"2118\">5) Rechargeable via Type-C pour finir chaque goutte<\/strong><br data-start=\"2118\" data-end=\"2121\" \/>L' <strong data-start=\"2125\" data-end=\"2143\">Batterie de 850 mAh<\/strong> plus <strong data-start=\"2149\" data-end=\"2173\">Charge rapide Type-C<\/strong> assure une utilisation jusqu\u2019\u00e0 la derni\u00e8re goutte. En tant que <strong data-start=\"2215\" data-end=\"2274\">disposable rechargeable<\/strong>, <strong data-start=\"2215\" data-end=\"2274\">Uwin Crystal 40000\u00a0 <\/strong>vous permet d\u2019utiliser la capacit\u00e9 compl\u00e8te de 32 ml sans gaspiller de bouff\u00e9es.<\/p>\n<p data-start=\"666\" data-end=\"1235\"><strong style=\"font-size: 16px;\"><span style=\"color: #ff0000;\">Ajoutez le WhatsApp d'Amy pour obtenir une r\u00e9ponse rapide et un prix r\u00e9duit !<\/span><\/strong><\/p>\n<p><img fetchpriority=\"high\" decoding=\"async\" class=\"size-full wp-image-2932\" src=\"https:\/\/vapestornado.com\/wp-content\/uploads\/2024\/12\/Vape-Wholesale.jpg\" alt=\"Vente en Gros de Vapes\" width=\"229\" height=\"300\" \/><\/p>\n<h3><a href=\"https:\/\/wa.me\/8617776015835\" target=\"_blank\" rel=\"noopener\"><span style=\"color: #ff0000;\"><strong>WhatsApp : +86 17776015835<\/strong><\/span><\/a><\/h3>\n<p>&nbsp;<\/p>\n<h2><strong>Principales caract\u00e9ristiques du produit Uwin Twins Crystal 40000<\/strong><\/h2>\n<table>\n<thead>\n<tr>\n<th>Param\u00e8tre<\/th>\n<th align=\"right\">Spec<\/th>\n<th>Explication humaine<\/th>\n<\/tr>\n<\/thead>\n<tbody>\n<tr>\n<td>Nom du produit<\/td>\n<td align=\"right\">Vape jetable Uwin Twins Crystal 40000 bouff\u00e9es<\/td>\n<td>Facile \u00e0 identifier dans les recherches et sur les \u00e9tag\u00e8res de vente au d\u00e9tail.<\/td>\n<\/tr>\n<tr>\n<td>Capacit\u00e9 de bouff\u00e9es<\/td>\n<td align=\"right\">Jusqu'\u00e0 40 000 bouff\u00e9es<\/td>\n<td>Vape jetable longue dur\u00e9e n\u00e9cessitant moins de remplacements.<\/td>\n<\/tr>\n<tr>\n<td>Volume d'E-Liquide<\/td>\n<td align=\"right\">32ml<\/td>\n<td>Grand r\u00e9servoir supportant le nombre total de bouff\u00e9es sans recharges.<\/td>\n<\/tr>\n<tr>\n<td>Syst\u00e8me de saveur<\/td>\n<td align=\"right\">Double Saveur 2-en-1<\/td>\n<td>Deux saveurs dans un seul appareil ; changez \u00e0 tout moment pour la vari\u00e9t\u00e9.<\/td>\n<\/tr>\n<tr>\n<td>Type de Bobine<\/td>\n<td align=\"right\">Bobines \u00e0 double mesh<\/td>\n<td>Chauffage uniforme = saveur plus riche, flux d\u2019air plus doux, moins de notes br\u00fbl\u00e9es.<\/td>\n<\/tr>\n<tr>\n<td>Batterie<\/td>\n<td align=\"right\">850mAh Rechargeable<\/td>\n<td>Assez grand pour alimenter une utilisation \u00e0 haute fr\u00e9quence de bouff\u00e9es ; rechargez au lieu de gaspiller du liquide.<\/td>\n<\/tr>\n<tr>\n<td>Chargement<\/td>\n<td align=\"right\">Charge rapide USB Type-C<\/td>\n<td>Port moderne avec une charge plus rapide et un acc\u00e8s facile au c\u00e2ble.<\/td>\n<\/tr>\n<tr>\n<td>Affichage<\/td>\n<td align=\"right\">\u00c9cran LED intelligent<\/td>\n<td>Affiche le niveau de batterie + e-liquide pour que vous sachiez toujours ce qu'il reste.<\/td>\n<\/tr>\n<tr>\n<td>Options de Nicotine<\/td>\n<td align=\"right\">2% \/ 5%<\/td>\n<td>Convient \u00e0 la fois aux utilisateurs occasionnels et aux gros vapoteurs recherchant des sensations plus fortes.<\/td>\n<\/tr>\n<tr>\n<td>Style de vapotage<\/td>\n<td align=\"right\">Tra\u00een\u00e9e douce, vapeur \u00e9quilibr\u00e9e<\/td>\n<td>Con\u00e7u pour des sessions quotidiennes confortables et de longues dur\u00e9es.<\/td>\n<\/tr>\n<\/tbody>\n<\/table>\n<figure id=\"attachment_3903\" aria-describedby=\"caption-attachment-3903\" style=\"width: 800px\" class=\"wp-caption alignnone\"><img decoding=\"async\" class=\"wp-image-3903 size-full\" src=\"https:\/\/vapestornado.com\/wp-content\/uploads\/2025\/03\/Best-Uwin-Twins-Crystal-40000-Puffs-Disposable-Vape.webp\" alt=\"Meilleur vape jetable Uwin Twins Crystal 40000 Puffs\" width=\"800\" height=\"800\" srcset=\"https:\/\/vapestornado.com\/wp-content\/uploads\/2025\/03\/Best-Uwin-Twins-Crystal-40000-Puffs-Disposable-Vape.webp 800w, https:\/\/vapestornado.com\/wp-content\/uploads\/2025\/03\/Best-Uwin-Twins-Crystal-40000-Puffs-Disposable-Vape-300x300.webp 300w, https:\/\/vapestornado.com\/wp-content\/uploads\/2025\/03\/Best-Uwin-Twins-Crystal-40000-Puffs-Disposable-Vape-150x150.webp 150w, https:\/\/vapestornado.com\/wp-content\/uploads\/2025\/03\/Best-Uwin-Twins-Crystal-40000-Puffs-Disposable-Vape-768x768.webp 768w, https:\/\/vapestornado.com\/wp-content\/uploads\/2025\/03\/Best-Uwin-Twins-Crystal-40000-Puffs-Disposable-Vape-600x600.webp 600w, https:\/\/vapestornado.com\/wp-content\/uploads\/2025\/03\/Best-Uwin-Twins-Crystal-40000-Puffs-Disposable-Vape-100x100.webp 100w\" sizes=\"(max-width: 800px) 100vw, 800px\" \/><figcaption id=\"caption-attachment-3903\" class=\"wp-caption-text\">Meilleur vape jetable Uwin Twins Crystal 40000 Puffs<\/figcaption><\/figure>\n<h2 class=\"product-title\"><strong>Liste des saveurs de vape \u00e0 double go\u00fbt Uwin Twins Crystal 40000<\/strong><\/h2>\n<article class=\"w-full text-token-text-primary focus-visible:outline-2 focus-visible:outline-offset-[-4px]\" dir=\"auto\" data-testid=\"conversation-turn-32\" data-scroll-anchor=\"false\">\n<div class=\"m-auto text-base py-[18px] px-6\">\n<div class=\"mx-auto flex flex-1 text-base gap-4 md:gap-5 lg:gap-6 md:max-w-3xl lg:max-w-[40rem] xl:max-w-[48rem]\">\n<div class=\"group\/conversation-turn relative flex w-full min-w-0 flex-col @xs\/thread:px-0 @sm\/thread:px-1.5 @md\/thread:px-4\">\n<div class=\"flex-col gap-1 md:gap-3\">\n<div class=\"flex max-w-full flex-col flex-grow\">\n<div class=\"min-h-8 text-message flex w-full flex-col items-end gap-2 whitespace-normal break-words text-start [.text-message+&amp;]:mt-5\" dir=\"auto\" data-message-author-role=\"user\" data-message-id=\"ffac41ca-1db4-431b-873a-32c4052956f1\">\n<div class=\"flex w-full flex-col gap-1 empty:hidden items-end rtl:items-start\">\n<div class=\"relative max-w-[var(--user-chat-width,70%)] rounded-3xl bg-token-message-surface px-5 py-2.5\">\n<div class=\"absolute bottom-0 right-full top-0 -mr-3.5 hidden pr-5 pt-2 [.group\/conversation-turn:hover_&amp;]:flex\">\n<div class=\"flex\">\n<article class=\"w-full text-token-text-primary focus-visible:outline-2 focus-visible:outline-offset-[-4px]\" dir=\"auto\" data-testid=\"conversation-turn-39\" data-scroll-anchor=\"true\">\n<div class=\"m-auto text-base py-[18px] px-6\">\n<div class=\"mx-auto flex flex-1 text-base gap-4 md:gap-5 lg:gap-6 md:max-w-3xl lg:max-w-[40rem] xl:max-w-[48rem]\">\n<div class=\"group\/conversation-turn relative flex w-full min-w-0 flex-col agent-turn @xs\/thread:px-0 @sm\/thread:px-1.5 @md\/thread:px-4\">\n<div class=\"flex-col gap-1 md:gap-3\">\n<div class=\"flex max-w-full flex-col flex-grow\">\n<div class=\"min-h-8 text-message flex w-full flex-col items-end gap-2 whitespace-normal break-words text-start [.text-message+&amp;]:mt-5\" dir=\"auto\" data-message-author-role=\"assistant\" data-message-id=\"55a23854-ec57-48dd-bd4f-6118f43d6241\" data-message-model-slug=\"gpt-4o\">\n<div class=\"flex w-full flex-col gap-1 empty:hidden first:pt-[3px]\">\n<div class=\"markdown prose w-full break-words dark:prose-invert light\">\n<p>1.Myrtille Glac\u00e9e \/ P\u00eache d'\u00c9t\u00e9 Glac\u00e9e<br \/>\n2.Kiwi Fruit de la Passion Goyave \/ Myrtille Framboise<br \/>\n3.Fraise Kiwi \/ Raisin Glac\u00e9<br \/>\n4.Kiwi Fruit de la Passion Goyave \/ Deux Pommes<br \/>\n5.Fraise Past\u00e8que \/ Citron Vert<br \/>\n6.Myrtille Framboise \/ Cerise Glac\u00e9e<br \/>\n7.Fraise Framboise Cerise \/ Monsieur Bleu<br \/>\n8.P\u00eache Mangue Ananas \/ Red Bull<br \/>\n9.Past\u00e8que Glac\u00e9e \/ Baies M\u00e9lang\u00e9es<br \/>\n10.Fraise Banane \/ Love 66 (Fruit de la Passion Melon Glac\u00e9)<\/p>\n<\/div>\n<\/div>\n<\/div>\n<\/div>\n<\/div>\n<\/div>\n<\/div>\n<\/div>\n<\/article>\n<\/div>\n<\/div>\n<\/div>\n<\/div>\n<\/div>\n<\/div>\n<\/div>\n<\/div>\n<\/div>\n<\/div>\n<\/article>\n<h3>Pourquoi choisir Vapestornado pour l'achat en gros de la Uwin Twins Crystal 40000 Vape ?<\/h3>\n<div class=\"flex-shrink-0 flex flex-col relative items-end\">\n<div class=\"pt-0\">\n<div class=\"gizmo-bot-avatar flex h-8 w-8 items-center justify-center overflow-hidden rounded-full\">\n<div class=\"relative p-1 rounded-sm flex items-center justify-center bg-token-main-surface-primary text-token-text-primary h-8 w-8\">\n<p data-start=\"88\" data-end=\"557\">Quand il s'agit de <strong data-start=\"105\" data-end=\"154\">\u00a0l'achat de vapes jetables de haute qualit\u00e9<\/strong>, <strong data-start=\"156\" data-end=\"172\">Vapestornado<\/strong> est la source incontournable pour des <strong data-start=\"208\" data-end=\"271\">prix d'usine imbattables, une exp\u00e9dition rapide et un service client de qualit\u00e9 sup\u00e9rieure<\/strong>Acheter la Uwin Twins Crystal 40k chez Vapestornado vous garantit <strong data-start=\"363\" data-end=\"400\">des produits authentiques et 100% originaux<\/strong> avec les derni\u00e8res <strong data-start=\"417\" data-end=\"515\">la technologie d'affichage num\u00e9rique, la praticit\u00e9 du chargement Type-C et une capacit\u00e9 impressionnante de 40000 bouff\u00e9es<\/strong>\u2014le tout aux <strong data-start=\"527\" data-end=\"554\">prix de gros les plus bas<\/strong>.<\/p>\n<p data-start=\"559\" data-end=\"933\" data-is-last-node=\"\" data-is-only-node=\"\">Nous avons \u00e9galement d'autres vapes populaires avec \u00e9cran comme <a href=\"https:\/\/vapestornado.com\/fr\/product\/bang-leader-50000-puffs-50k-2-in-1-double-flavor-digital-disposable-vape-bulk-price\/\">Chef BANG 50000<\/a>, <a href=\"https:\/\/vapestornado.com\/fr\/product\/vopk-ultra-40000-puffs-2-in-1-digital-screen-rechargeable-disposable-vape\/\">VOPK 40000 Puff Vape Jetable<\/a>, <a href=\"https:\/\/vapestornado.com\/fr\/product\/vozol-gear-shisha-25k-25000-puffs-best-dtl-disposable-vape-hookah-cheap-price\/\">Vozol Gear Chicha 25000<\/a>, et plus encore.<\/p>\n<\/div>\n<div class=\"relative p-1 rounded-sm flex items-center justify-center bg-token-main-surface-primary text-token-text-primary h-8 w-8\">\n<h3>FAQ<\/h3>\n<p data-start=\"1631\" data-end=\"2011\"><strong data-start=\"1631\" data-end=\"1735\">Q : J'ai besoin d'un disposable qui dure vraiment \u2014 le vapoteuse jetable Uwin Crystal 40000 double saveur 40000 bouff\u00e9es tiendra-t-elle la distance ?<\/strong><br data-start=\"1735\" data-end=\"1738\" \/><strong data-start=\"1738\" data-end=\"1744\">A:<\/strong> Oui. Le <strong data-start=\"1754\" data-end=\"1803\">Vape jetable Uwin Twins Crystal 40000 bouff\u00e9es<\/strong> est con\u00e7u pour une utilisation prolong\u00e9e avec <strong data-start=\"1835\" data-end=\"1857\">jusqu'\u00e0 40 000 bouff\u00e9es<\/strong> et une <strong data-start=\"1864\" data-end=\"1892\">une capacit\u00e9 pr\u00e9-remplie de 32 ml<\/strong>. Pour la plupart des vapoteurs, cela signifie <strong data-start=\"1922\" data-end=\"1954\">des semaines de sessions r\u00e9guli\u00e8res<\/strong> au lieu de remplacer des disposables plus petits tous les quelques jours.<\/p>\n<p data-start=\"2013\" data-end=\"2266\"><strong data-start=\"2013\" data-end=\"2073\">Q : Un appareil de 40 000 bouff\u00e9es perd-il de la saveur \u00e0 mi-parcours ?<\/strong><br data-start=\"2073\" data-end=\"2076\" \/><strong data-start=\"2076\" data-end=\"2082\">A:<\/strong> C'est courant avec des r\u00e9sistances basiques, mais cet appareil utilise <strong data-start=\"2136\" data-end=\"2155\">des bobines \u00e0 double maille<\/strong> qui chauffe l'e-liquide uniform\u00e9ment. Le r\u00e9sultat est <strong data-start=\"2197\" data-end=\"2241\">une densit\u00e9 de vapeur stable et une saveur plus douce<\/strong> du premier tirage au dernier.<\/p>\n<p data-start=\"2268\" data-end=\"2578\"><strong data-start=\"2268\" data-end=\"2326\">Q : Je m'ennuie d'une saveur. Ai-je besoin de deux appareils ?<\/strong><br data-start=\"2326\" data-end=\"2329\" \/><strong data-start=\"2329\" data-end=\"2335\">A:<\/strong> Non. Le <strong data-start=\"2344\" data-end=\"2374\">Syst\u00e8me double go\u00fbt 2-en-1<\/strong> vous donne <strong data-start=\"2385\" data-end=\"2412\">deux saveurs dans une seule vape<\/strong>, et vous pouvez changer sans effort chaque fois que votre pr\u00e9f\u00e9rence \u00e9volue. Id\u00e9al pour la vari\u00e9t\u00e9 toute la journ\u00e9e, les voyages ou les utilisateurs qui aiment associer un profil sucr\u00e9 \u00e0 un profil glac\u00e9.<\/p>\n<p data-start=\"2580\" data-end=\"2830\"><strong data-start=\"2580\" data-end=\"2641\">Q : Comment savoir quand il est temps de recharger ou de remplacer ?<\/strong><br data-start=\"2641\" data-end=\"2644\" \/><strong data-start=\"2644\" data-end=\"2650\">A:<\/strong> Il s'agit d'un <strong data-start=\"2661\" data-end=\"2696\">vape jetable avec \u00e9cran LED<\/strong> qui indique <strong data-start=\"2708\" data-end=\"2752\">niveaux de batterie et de e-liquide en temps r\u00e9el<\/strong>. Vous saurez toujours ce qu'il reste\u2014pas de batterie vide surprise, pas de coups secs soudains.<\/p>\n<p data-start=\"2832\" data-end=\"3096\"><strong data-start=\"2832\" data-end=\"2901\">Q : La batterie durera-t-elle assez longtemps pour un tel nombre de bouff\u00e9es ?<\/strong><br data-start=\"2901\" data-end=\"2904\" \/><strong data-start=\"2904\" data-end=\"2910\">A:<\/strong> Oui. Le <strong data-start=\"2920\" data-end=\"2951\">Batterie rechargeable de 850 mAh<\/strong> est con\u00e7u pour supporter des appareils \u00e0 haute capacit\u00e9. Et avec <strong data-start=\"3007\" data-end=\"3031\">Charge rapide Type-C<\/strong>, vous pouvez recharger rapidement et continuer \u00e0 utiliser toute la r\u00e9serve de liquide.<\/p>\n<p data-start=\"3364\" data-end=\"3670\"><strong data-start=\"3364\" data-end=\"3418\">Q : Pourquoi ce vapoteur jetable 2 en 1 Uwin Crystal 40000 est-il un choix fort en gros pour 2025 ?<\/strong><br data-start=\"3418\" data-end=\"3421\" \/><strong data-start=\"3421\" data-end=\"3427\">A:<\/strong> La demande pour <strong data-start=\"3439\" data-end=\"3471\">vapoteurs jetables de 40 000 bouff\u00e9es<\/strong> est en augmentation en Europe car les utilisateurs recherchent une dur\u00e9e de vie plus longue, la commodit\u00e9 du double parfum, et un suivi plus intelligent. Uwin Crystal combine ces trois \u00e9l\u00e9ments, le rendant fiable pour des ventes r\u00e9p\u00e9t\u00e9es et un positionnement premium.<\/p>\n<\/div>\n<\/div>\n<\/div>\n<\/div>","protected":false},"excerpt":{"rendered":"<p>Uwin Twins Crystal 40000 40k Puff Digital Vape Prix de Gros<br \/>\nUwin Twins Crystal 40k Puff Meilleure Cigarette \u00c9lectronique Jetable en France<br \/>\nUwin Crystal 40000 40k Puff Pas Cher Acheter en Ligne<\/p>\n<p><strong>Ajoutez le WhatsApp d'Amy pour obtenir une r\u00e9ponse rapide et un prix r\u00e9duit !<\/strong><\/p>\n<p><img fetchpriority=\"high\" decoding=\"async\" class=\"size-full wp-image-2932\" src=\"https:\/\/vapestornado.com\/wp-content\/uploads\/2024\/12\/Vape-Wholesale.jpg\" alt=\"Vente en Gros de Vapes\" width=\"229\" height=\"300\" \/><\/p>\n<h3><a href=\"https:\/\/wa.me\/8617776015835\"><span style=\"color: #ff0000;\"><strong>WhatsApp : +86 17776015835<\/strong><\/span><\/a><\/h3>\n<p>&nbsp;<\/p>","protected":false},"featured_media":3908,"comment_status":"open","ping_status":"closed","template":"","meta":{"_acf_changed":false,"_uag_custom_page_level_css":"","_lmt_disableupdate":"no","_lmt_disable":"","_monsterinsights_skip_tracking":false,"_monsterinsights_sitenote_active":false,"_monsterinsights_sitenote_note":"","_monsterinsights_sitenote_category":0,"site-sidebar-layout":"default","site-content-layout":"","ast-site-content-layout":"default","site-content-style":"default","site-sidebar-style":"default","ast-global-header-display":"","ast-banner-title-visibility":"","ast-main-header-display":"","ast-hfb-above-header-display":"","ast-hfb-below-header-display":"","ast-hfb-mobile-header-display":"","site-post-title":"","ast-breadcrumbs-content":"","ast-featured-img":"","footer-sml-layout":"","ast-disable-related-posts":"","theme-transparent-header-meta":"default","adv-header-id-meta":"","stick-header-meta":"","header-above-stick-meta":"","header-main-stick-meta":"","header-below-stick-meta":"","astra-migrate-meta-layouts":"set","ast-page-background-enabled":"default","ast-page-background-meta":{"desktop":{"background-color":"","background-image":"","background-repeat":"repeat","background-position":"center center","background-size":"auto","background-attachment":"scroll","background-type":"","background-media":"","overlay-type":"","overlay-color":"","overlay-opacity":"","overlay-gradient":""},"tablet":{"background-color":"","background-image":"","background-repeat":"repeat","background-position":"center center","background-size":"auto","background-attachment":"scroll","background-type":"","background-media":"","overlay-type":"","overlay-color":"","overlay-opacity":"","overlay-gradient":""},"mobile":{"background-color":"","background-image":"","background-repeat":"repeat","background-position":"center center","background-size":"auto","background-attachment":"scroll","background-type":"","background-media":"","overlay-type":"","overlay-color":"","overlay-opacity":"","overlay-gradient":""}},"ast-content-background-meta":{"desktop":{"background-color":"var(--ast-global-color-5)","background-image":"","background-repeat":"repeat","background-position":"center center","background-size":"auto","background-attachment":"scroll","background-type":"","background-media":"","overlay-type":"","overlay-color":"","overlay-opacity":"","overlay-gradient":""},"tablet":{"background-color":"var(--ast-global-color-5)","background-image":"","background-repeat":"repeat","background-position":"center center","background-size":"auto","background-attachment":"scroll","background-type":"","background-media":"","overlay-type":"","overlay-color":"","overlay-opacity":"","overlay-gradient":""},"mobile":{"background-color":"var(--ast-global-color-5)","background-image":"","background-repeat":"repeat","background-position":"center center","background-size":"auto","background-attachment":"scroll","background-type":"","background-media":"","overlay-type":"","overlay-color":"","overlay-opacity":"","overlay-gradient":""}},"_joinchat":{"telephone":"17776015835"}},"product_brand":[],"product_cat":[19,65,151,154,141,142,233],"product_tag":[261,120,105,94,273,279,269],"class_list":{"0":"post-3932","1":"product","2":"type-product","3":"status-publish","4":"has-post-thumbnail","6":"product_cat-vapes","7":"product_cat-40000-puff","8":"product_cat-buy-disposable-vapes-in-france","9":"product_cat-buy-disposable-vapes-in-netherlands","10":"product_cat-crystal-disposable-vapes","11":"product_cat-digital-box-disposable-vapes","12":"product_cat-uwin-vape","13":"product_tag-2-in-1-double-flavor-vape","14":"product_tag-crystal-vape","15":"product_tag-digital-disposable-vape","16":"product_tag-rechargeable-disposable-vape","17":"product_tag-twins-flavor-vape-pod","18":"product_tag-uwin-twins-crystal-40000","19":"product_tag-vape-with-screen","20":"desktop-align-left","21":"tablet-align-left","22":"mobile-align-left","24":"first","25":"instock","26":"sale","27":"shipping-taxable","28":"purchasable","29":"product-type-simple"},"acf":[],"uagb_featured_image_src":{"full":["https:\/\/vapestornado.com\/wp-content\/uploads\/2025\/03\/Uwin-Twins-Crystal-40000-Puffs-Two-Flavors-in-Vape.webp",800,800,false],"thumbnail":["https:\/\/vapestornado.com\/wp-content\/uploads\/2025\/03\/Uwin-Twins-Crystal-40000-Puffs-Two-Flavors-in-Vape-150x150.webp",150,150,true],"medium":["https:\/\/vapestornado.com\/wp-content\/uploads\/2025\/03\/Uwin-Twins-Crystal-40000-Puffs-Two-Flavors-in-Vape-300x300.webp",300,300,true],"medium_large":["https:\/\/vapestornado.com\/wp-content\/uploads\/2025\/03\/Uwin-Twins-Crystal-40000-Puffs-Two-Flavors-in-Vape-768x768.webp",768,768,true],"large":["https:\/\/vapestornado.com\/wp-content\/uploads\/2025\/03\/Uwin-Twins-Crystal-40000-Puffs-Two-Flavors-in-Vape.webp",800,800,false],"1536x1536":["https:\/\/vapestornado.com\/wp-content\/uploads\/2025\/03\/Uwin-Twins-Crystal-40000-Puffs-Two-Flavors-in-Vape.webp",800,800,false],"2048x2048":["https:\/\/vapestornado.com\/wp-content\/uploads\/2025\/03\/Uwin-Twins-Crystal-40000-Puffs-Two-Flavors-in-Vape.webp",800,800,false],"trp-custom-language-flag":["https:\/\/vapestornado.com\/wp-content\/uploads\/2025\/03\/Uwin-Twins-Crystal-40000-Puffs-Two-Flavors-in-Vape.webp",12,12,false],"woocommerce_thumbnail":["https:\/\/vapestornado.com\/wp-content\/uploads\/2025\/03\/Uwin-Twins-Crystal-40000-Puffs-Two-Flavors-in-Vape-300x300.webp",300,300,true],"woocommerce_single":["https:\/\/vapestornado.com\/wp-content\/uploads\/2025\/03\/Uwin-Twins-Crystal-40000-Puffs-Two-Flavors-in-Vape-600x600.webp",600,600,true],"woocommerce_gallery_thumbnail":["https:\/\/vapestornado.com\/wp-content\/uploads\/2025\/03\/Uwin-Twins-Crystal-40000-Puffs-Two-Flavors-in-Vape-100x100.webp",100,100,true]},"uagb_author_info":{"display_name":"ESAMY","author_link":"https:\/\/vapestornado.com\/fr\/author\/"},"uagb_comment_info":0,"uagb_excerpt":"Uwin Twins Crystal 40000 40k Puff Digital Vape Wholesale Price Uwin Twins Crystal 40k Puff Best Disposable Vape in Netherlands Uwin Crystal 40000 40k Puff Cheap\u00a0Price Buy online Add Amy's whatsapp to get right reply and discount price! WhatsApp: +86 17776015835 &nbsp;","_links":{"self":[{"href":"https:\/\/vapestornado.com\/fr\/wp-json\/wp\/v2\/product\/3932","targetHints":{"allow":["GET"]}}],"collection":[{"href":"https:\/\/vapestornado.com\/fr\/wp-json\/wp\/v2\/product"}],"about":[{"href":"https:\/\/vapestornado.com\/fr\/wp-json\/wp\/v2\/types\/product"}],"replies":[{"embeddable":true,"href":"https:\/\/vapestornado.com\/fr\/wp-json\/wp\/v2\/comments?post=3932"}],"wp:featuredmedia":[{"embeddable":true,"href":"https:\/\/vapestornado.com\/fr\/wp-json\/wp\/v2\/media\/3908"}],"wp:attachment":[{"href":"https:\/\/vapestornado.com\/fr\/wp-json\/wp\/v2\/media?parent=3932"}],"wp:term":[{"taxonomy":"product_brand","embeddable":true,"href":"https:\/\/vapestornado.com\/fr\/wp-json\/wp\/v2\/product_brand?post=3932"},{"taxonomy":"product_cat","embeddable":true,"href":"https:\/\/vapestornado.com\/fr\/wp-json\/wp\/v2\/product_cat?post=3932"},{"taxonomy":"product_tag","embeddable":true,"href":"https:\/\/vapestornado.com\/fr\/wp-json\/wp\/v2\/product_tag?post=3932"}],"curies":[{"name":"wp","href":"https:\/\/api.w.org\/{rel}","templated":true}]}}