{"id":3890,"date":"2025-03-18T02:33:25","date_gmt":"2025-03-18T02:33:25","guid":{"rendered":"https:\/\/vapestornado.com\/?post_type=product&#038;p=3890"},"modified":"2025-12-04T08:58:11","modified_gmt":"2025-12-04T08:58:11","slug":"original-bang-leader-20000-puff-crystal-disposable-vape-box-20k-puffs-wholesale-vapers","status":"publish","type":"product","link":"https:\/\/vapestornado.com\/fr\/product\/original-bang-leader-20000-puff-crystal-disposable-vape-box-20k-puffs-wholesale-vapers\/","title":{"rendered":"Original Bang Leader 20000 Bouff\u00e9es Crystal Vape Jetable Bo\u00eete 20K Bouff\u00e9es Vapoteurs en Gros"},"content":{"rendered":"<h1 data-pm-slice=\"1 1 []\">Original Bang Leader 20000 Bouff\u00e9es Crystal Vape Jetable Bo\u00eete 20K Bouff\u00e9es Vapoteurs en Gros<\/h1>\n<p data-start=\"1084\" data-end=\"1266\">Bang Leader 20000 Puff Crystal est une cigarette \u00e9lectronique jetable de 20 000 bouff\u00e9es avec un r\u00e9servoir de 28 ml, une batterie rechargeable Type-C de 650mAh, des coils \u00e0 double mesh, et un corps en cristal avec cordon, con\u00e7ue pour une utilisation prolong\u00e9e, une saveur constante et un transport facile.<\/p>\n<p data-start=\"584\" data-end=\"867\">L'appareil est \u00e9valu\u00e9 pour <strong data-start=\"679\" data-end=\"701\">jusqu'\u00e0 20 000 bouff\u00e9es<\/strong> et contient <strong data-start=\"712\" data-end=\"732\">28 ml de e-liquide<\/strong>, donc la plupart des utilisateurs b\u00e9n\u00e9ficient d'une autonomie bien sup\u00e9rieure aux mod\u00e8les de 5 000 \u00e0 10 000 bouff\u00e9es. Moins de remplacements signifie \u00e9galement moins de tracas et un co\u00fbt par bouff\u00e9e r\u00e9duit avec le temps. La cigarette \u00e9lectronique jetable Bang Leader 20000 Puff Crystal utilise <strong data-start=\"956\" data-end=\"975\">des bobines \u00e0 double maille<\/strong>, qui chauffe le e-liquide de mani\u00e8re uniforme. Cela permet de maintenir une aspiration douce et une saveur stable du d\u00e9but \u00e0 la fin du r\u00e9servoir, au lieu de diminuer \u00e0 mi-parcours.<\/p>\n<p data-start=\"584\" data-end=\"867\">L' <strong data-start=\"1193\" data-end=\"1227\">La batterie de 650mAh est rechargeable<\/strong>, vous permettant de recharger l'\u00e9nergie et d'utiliser tout le liquide sans que l'appareil ne s'\u00e9teigne pr\u00e9matur\u00e9ment. Cette cigarette \u00e9lectronique jetable Bang Leader 20000 Puff est livr\u00e9e avec <strong data-start=\"1307\" data-end=\"1326\">le chargement de type C<\/strong> est compatible avec de nombreux appareils et se recharge rapidement, vous permettant de reprendre la vape sans longues pauses.\u00a0Le <strong data-start=\"1461\" data-end=\"1483\">corps en cristal<\/strong> est compact et robuste, et le <strong data-start=\"1524\" data-end=\"1535\">cordon<\/strong> fourni facilite la prise en main lorsque vous \u00eates en d\u00e9placement. Con\u00e7ue pour une utilisation quotidienne sans sensation d'encombrement. Les options de nicotine incluent <strong data-start=\"1712\" data-end=\"1743\">Nicotine 0%, 2%, 3% et 5%<\/strong><\/p>\n<p><strong><span style=\"color: #ff0000;\">Ajoutez le WhatsApp d'Amy pour obtenir une r\u00e9ponse rapide et un prix r\u00e9duit !<\/span><\/strong><\/p>\n<p><img fetchpriority=\"high\" decoding=\"async\" class=\"size-full wp-image-2932\" src=\"https:\/\/vapestornado.com\/wp-content\/uploads\/2024\/12\/Vape-Wholesale.jpg\" alt=\"Vente en Gros de Vapes\" width=\"229\" height=\"300\" \/><\/p>\n<h3><a href=\"https:\/\/wa.me\/8617776015835\" target=\"_blank\" rel=\"noopener\"><span style=\"color: #ff0000;\"><strong>WhatsApp : +86 17776015835<\/strong><\/span><\/a><\/h3>\n<p>&nbsp;<\/p>\n<h2><strong>Principales caract\u00e9ristiques du Bang Leader 50000 Puff Crystal Vape<\/strong><\/h2>\n<table>\n<thead>\n<tr>\n<th>Fonctionnalit\u00e9<\/th>\n<th align=\"right\">Sp\u00e9cification<\/th>\n<th><\/th>\n<\/tr>\n<\/thead>\n<tbody>\n<tr>\n<td>Nom du produit<\/td>\n<td align=\"right\">Vape Jetable Cristal Bang Leader 20000 Bouff\u00e9es<\/td>\n<td>Facile \u00e0 reconna\u00eetre pour les acheteurs r\u00e9guliers.<\/td>\n<\/tr>\n<tr>\n<td>Capacit\u00e9 de bouff\u00e9es<\/td>\n<td align=\"right\">Jusqu'\u00e0 20 000 bouff\u00e9es<\/td>\n<td>Utilisation longue dur\u00e9e ; moins de remplacements que les mod\u00e8les jetables standards.<\/td>\n<\/tr>\n<tr>\n<td>Volume d'E-Liquide<\/td>\n<td align=\"right\">28 ml pr\u00e9-rempli<\/td>\n<td>Grand r\u00e9servoir supportant le nombre total de bouff\u00e9es sans recharges.<\/td>\n<\/tr>\n<tr>\n<td>Batterie<\/td>\n<td align=\"right\">Batterie rechargeable de 650 mAh<\/td>\n<td>Rechargez pour utiliser tout le e-liquide au lieu de perdre des bouff\u00e9es.<\/td>\n<\/tr>\n<tr>\n<td>Chargement<\/td>\n<td align=\"right\">USB Type-C<\/td>\n<td>Standard de c\u00e2ble courant ; plus rapide et plus facile \u00e0 trouver.<\/td>\n<\/tr>\n<tr>\n<td>Type de Bobine<\/td>\n<td align=\"right\">Double r\u00e9sistance mesh<\/td>\n<td>Chauffage uniforme = vapeur plus lisse et saveur plus stable.<\/td>\n<\/tr>\n<tr>\n<td>Options de Nicotine<\/td>\n<td align=\"right\">0% \/ 2% \/ 3% \/ 5%<\/td>\n<td>Permet aux utilisateurs de choisir le niveau de nicotine qui correspond \u00e0 leurs besoins.<\/td>\n<\/tr>\n<tr>\n<td>Design<\/td>\n<td align=\"right\">Corps en cristal + cordon<\/td>\n<td>Compact et facile \u00e0 transporter sans les mains.<\/td>\n<\/tr>\n<tr>\n<td>Activation<\/td>\n<td align=\"right\">Activ\u00e9 par tirage<\/td>\n<td>Pas de boutons ; inhalez pour vapoter.<\/td>\n<\/tr>\n<\/tbody>\n<\/table>\n<h2 class=\"product-title\"><strong>Liste des saveurs de la cigarette \u00e9lectronique Bang Leader 20k Puffs Box<\/strong><\/h2>\n<article class=\"group\/turn w-full text-token-text-primary focus-visible:outline-2 focus-visible:outline-offset-[-4px]\" dir=\"auto\" data-testid=\"conversation-turn-61\" data-scroll-anchor=\"true\">\n<div class=\"text-base my-auto mx-auto py-[18px] px-6\">\n<div class=\"mx-auto flex flex-1 text-base gap-4 md:gap-5 lg:gap-6 md:max-w-3xl lg:max-w-[40rem] xl:max-w-[48rem]\">\n<div class=\"group\/conversation-turn relative flex w-full min-w-0 flex-col agent-turn @xs\/thread:px-0 @sm\/thread:px-1.5 @md\/thread:px-4\">\n<div class=\"flex-col gap-1 md:gap-3\">\n<div class=\"flex max-w-full flex-col flex-grow\">\n<div class=\"min-h-8 text-message relative flex w-full flex-col items-end gap-2 whitespace-normal break-words text-start [.text-message+&amp;]:mt-5\" dir=\"auto\" data-message-author-role=\"assistant\" data-message-id=\"762d7e41-70d5-4ddf-94cb-85ef5025d3a8\" data-message-model-slug=\"gpt-4o\">\n<div class=\"flex w-full flex-col gap-1 empty:hidden first:pt-[3px]\">\n<div class=\"markdown prose w-full break-words dark:prose-invert light\">\n<p>&nbsp;<\/p>\n<p>1. Past\u00e8que Glac\u00e9e <strong><span style=\"color: #ff0000;\">&gt;&gt;&gt;&gt; Chaud !<\/span><\/strong><\/p>\n<p>2.Fraise Kiwi<\/p>\n<p>3.Glace \u00e0 la fraise <strong><span style=\"color: #ff0000;\">&gt;&gt;&gt;&gt; Chaud !<\/span><\/strong><\/p>\n<p>4.Mangue P\u00eache<\/p>\n<p>5.Myrtille Framboise <strong><span style=\"color: #ff0000;\">&gt;&gt;&gt;&gt; Le meilleur !<\/span><\/strong><\/p>\n<p>6.Menthe Myrtille<\/p>\n<p>7.M\u00e9lange de fruits <strong><span style=\"color: #ff0000;\">&gt;&gt;&gt;&gt; Chaud !<\/span><\/strong><\/p>\n<p>8. Fraise et past\u00e8que<\/p>\n<p>9.Glace au raisin<\/p>\n<p>10.Gomme \u00e0 m\u00e2cher \u00e0 la past\u00e8que<\/p>\n<p>11. Glace \u00e0 la myrtille <strong><span style=\"color: #ff0000;\">&gt;&gt;&gt;&gt; Chaud !<\/span><\/strong><\/p>\n<p>12. P\u00eache glac\u00e9e<\/p>\n<\/div>\n<\/div>\n<\/div>\n<\/div>\n<\/div>\n<\/div>\n<\/div>\n<\/div>\n<\/article>\n<article class=\"w-full text-token-text-primary focus-visible:outline-2 focus-visible:outline-offset-[-4px]\" dir=\"auto\" data-testid=\"conversation-turn-32\" data-scroll-anchor=\"false\">\n<div class=\"m-auto text-base py-[18px] px-6\">\n<div class=\"mx-auto flex flex-1 text-base gap-4 md:gap-5 lg:gap-6 md:max-w-3xl lg:max-w-[40rem] xl:max-w-[48rem]\">\n<div class=\"group\/conversation-turn relative flex w-full min-w-0 flex-col @xs\/thread:px-0 @sm\/thread:px-1.5 @md\/thread:px-4\">\n<div class=\"flex-col gap-1 md:gap-3\">\n<div class=\"flex max-w-full flex-col flex-grow\">\n<div class=\"min-h-8 text-message flex w-full flex-col items-end gap-2 whitespace-normal break-words text-start [.text-message+&amp;]:mt-5\" dir=\"auto\" data-message-author-role=\"user\" data-message-id=\"ffac41ca-1db4-431b-873a-32c4052956f1\">\n<div class=\"flex w-full flex-col gap-1 empty:hidden items-end rtl:items-start\">\n<div class=\"relative max-w-[var(--user-chat-width,70%)] rounded-3xl bg-token-message-surface px-5 py-2.5\">\n<div class=\"absolute bottom-0 right-full top-0 -mr-3.5 hidden pr-5 pt-2 [.group\/conversation-turn:hover_&amp;]:flex\">\n<div class=\"flex\">\n<article class=\"w-full text-token-text-primary focus-visible:outline-2 focus-visible:outline-offset-[-4px]\" dir=\"auto\" data-testid=\"conversation-turn-39\" data-scroll-anchor=\"true\">\n<div class=\"m-auto text-base py-[18px] px-6\">\n<div class=\"mx-auto flex flex-1 text-base gap-4 md:gap-5 lg:gap-6 md:max-w-3xl lg:max-w-[40rem] xl:max-w-[48rem]\">\n<div class=\"group\/conversation-turn relative flex w-full min-w-0 flex-col agent-turn @xs\/thread:px-0 @sm\/thread:px-1.5 @md\/thread:px-4\">\n<div class=\"flex-col gap-1 md:gap-3\">\n<div class=\"flex max-w-full flex-col flex-grow\">\n<div class=\"min-h-8 text-message flex w-full flex-col items-end gap-2 whitespace-normal break-words text-start [.text-message+&amp;]:mt-5\" dir=\"auto\" data-message-author-role=\"assistant\" data-message-id=\"55a23854-ec57-48dd-bd4f-6118f43d6241\" data-message-model-slug=\"gpt-4o\">\n<div class=\"flex w-full flex-col gap-1 empty:hidden first:pt-[3px]\">\n<div class=\"markdown prose w-full break-words dark:prose-invert light\"><\/div>\n<\/div>\n<\/div>\n<\/div>\n<\/div>\n<\/div>\n<\/div>\n<\/div>\n<\/article>\n<\/div>\n<\/div>\n<\/div>\n<\/div>\n<\/div>\n<\/div>\n<\/div>\n<\/div>\n<\/div>\n<\/div>\n<\/article>\n<h3>Pourquoi choisir Vapestornado pour une commande en gros de vapes rechargeables Bang 20k Crystal Puffs ?<\/h3>\n<div class=\"flex-shrink-0 flex flex-col relative items-end\">\n<div class=\"pt-0\">\n<div class=\"gizmo-bot-avatar flex h-8 w-8 items-center justify-center overflow-hidden rounded-full\">\n<div class=\"relative p-1 rounded-sm flex items-center justify-center bg-token-main-surface-primary text-token-text-primary h-8 w-8\">\n<p data-start=\"75\" data-end=\"479\">Quand il s'agit de <strong data-start=\"92\" data-end=\"117\">vapes jetables en gros<\/strong>, <strong data-start=\"119\" data-end=\"152\">Boutique de vape en ligne Vapestornado<\/strong> est la destination de choix pour<strong data-start=\"182\" data-end=\"202\">\u00a0les acheteurs<\/strong> qui recherchent <strong data-start=\"215\" data-end=\"257\">des prix abordables et une qualit\u00e9 sup\u00e9rieure<\/strong>. Nous offrons <strong data-start=\"268\" data-end=\"299\">des prix de gros exclusifs<\/strong> sur le Bang Leader 50000 Puffs, permettant aux d\u00e9taillants et aux distributeurs de s'approvisionner en l'un des plus demand\u00e9s <a href=\"https:\/\/vapestornado.com\/fr\/product-category\/rechargeable-disposable-vapes\/\"><strong data-start=\"412\" data-end=\"445\">Cigarettes \u00e9lectroniques jetables rechargeables<\/strong><\/a>\u00a0avec un <strong data-start=\"453\" data-end=\"476\">\u00e9cran LCD num\u00e9rique<\/strong>.<\/p>\n<\/div>\n<div class=\"relative p-1 rounded-sm flex items-center justify-center bg-token-main-surface-primary text-token-text-primary h-8 w-8\">\n<h3>FAQ pour le vaper jetable Bang Leader 20k Puffs<\/h3>\n<p data-start=\"2819\" data-end=\"3064\"><strong data-start=\"2819\" data-end=\"2897\">1. Les dispositifs jetables ont-ils besoin d'un chargeur sp\u00e9cial pour le Bang Leader 20000 Bouff\u00e9es ?<\/strong><br data-start=\"2897\" data-end=\"2900\" \/>Non. Le <strong data-start=\"2908\" data-end=\"2958\">Vape Jetable Cristal Bang Leader 20000 Bouff\u00e9es<\/strong> utilise un standard <strong data-start=\"2973\" data-end=\"2996\">Charge via USB Type-C<\/strong>, donc n'importe quel c\u00e2ble Type-C normal et un adaptateur secteur USB s\u00fbr fonctionneront.<\/p>\n<p data-start=\"3066\" data-end=\"3364\"><strong data-start=\"3066\" data-end=\"3149\">2. Les dispositifs jetables vous rendent-ils d\u00e9pendant plus rapidement, y compris Bang Leader 20000 Bouff\u00e9es ?<\/strong><br data-start=\"3149\" data-end=\"3152\" \/>Le risque de d\u00e9pendance d\u00e9pend de <strong data-start=\"3178\" data-end=\"3224\">la concentration de nicotine et de la fr\u00e9quence d'utilisation<\/strong>, pas seulement le nombre de bouff\u00e9es. Les <strong data-start=\"3252\" data-end=\"3278\">Bang Leader 20000 Bouff\u00e9es<\/strong> est disponible en <strong data-start=\"3288\" data-end=\"3310\">0%, 2%, 3% et 5%<\/strong> afin que les utilisateurs puissent choisir un niveau correspondant \u00e0 leurs objectifs.<\/p>\n<p data-start=\"3366\" data-end=\"3666\"><strong data-start=\"3366\" data-end=\"3451\">3. Quel dispositif jetable dure le plus longtemps : Bang Leader 20000 Bouff\u00e9es ou un vapoteur de 10 000 bouff\u00e9es ?<\/strong><br data-start=\"3451\" data-end=\"3454\" \/>Dans une utilisation quotidienne, le <strong data-start=\"3475\" data-end=\"3501\">Bang Leader 20000 Bouff\u00e9es<\/strong> dure g\u00e9n\u00e9ralement plus longtemps car il combine <strong data-start=\"3545\" data-end=\"3602\">20 000 bouff\u00e9es + 28 ml de e-liquide + une batterie rechargeable<\/strong>, tandis que la plupart des appareils de 10k ont des r\u00e9servoirs plus petits et une autonomie plus courte.<\/p>\n<p data-start=\"3668\" data-end=\"3920\"><strong data-start=\"3668\" data-end=\"3737\">4. Le Bang Leader 20000 Bouff\u00e9es est-il bon pour la saveur sur une longue dur\u00e9e d'utilisation ?<\/strong><br data-start=\"3737\" data-end=\"3740\" \/>Oui. Le <strong data-start=\"3749\" data-end=\"3767\">double bobine en maille<\/strong> la configuration est con\u00e7ue pour maintenir la vapeur douce et la saveur stable sur un grand r\u00e9servoir, ce qui aide \u00e0 \u00e9viter le go\u00fbt att\u00e9nu\u00e9 que certains dispositifs \u00e0 gros puff d\u00e9veloppent plus tard.<\/p>\n<p data-start=\"3922\" data-end=\"4213\"><strong data-start=\"3922\" data-end=\"3995\">5. Puis-je emporter un vapoteur jetable Bang Leader 20000 Bouff\u00e9es en avion ?<\/strong><br data-start=\"3995\" data-end=\"3998\" \/>La plupart des compagnies a\u00e9riennes autorisent les produits jetables <strong data-start=\"4030\" data-end=\"4058\">seulement dans les bagages \u00e0 main<\/strong>, pas dans les bagages enregistr\u00e9s, en raison des r\u00e8gles sur la batterie. Gardez votre <strong data-start=\"4114\" data-end=\"4164\">Vape Jetable Cristal Bang Leader 20000 Bouff\u00e9es<\/strong> scell\u00e9 et v\u00e9rifiez les politiques de la compagnie a\u00e9rienne avant de voyager.<\/p>\n<\/div>\n<\/div>\n<\/div>\n<\/div>","protected":false},"excerpt":{"rendered":"<p>Meilleur leader de bang 20000 bouff\u00e9es vape jetable en cristal<br \/>\nVente en gros Bang Leader 20000 bouff\u00e9es vape jetable en cristal<br \/>\nBang Vape 20000 20K bouff\u00e9es jetable rechargeable<\/p>\n<p><strong>Ajoutez le WhatsApp d'Amy pour obtenir une r\u00e9ponse rapide et un prix r\u00e9duit !<\/strong><\/p>\n<p><img fetchpriority=\"high\" decoding=\"async\" class=\"size-full wp-image-2932\" src=\"https:\/\/vapestornado.com\/wp-content\/uploads\/2024\/12\/Vape-Wholesale.jpg\" alt=\"Vente en Gros de Vapes\" width=\"229\" height=\"300\" \/><\/p>\n<h3><a href=\"https:\/\/wa.me\/8617776015835\"><span style=\"color: #ff0000;\"><strong>WhatsApp : +86 17776015835<\/strong><\/span><\/a><\/h3>\n<p>&nbsp;<\/p>","protected":false},"featured_media":3876,"comment_status":"open","ping_status":"closed","template":"","meta":{"_acf_changed":false,"_uag_custom_page_level_css":"","_lmt_disableupdate":"no","_lmt_disable":"","_monsterinsights_skip_tracking":false,"_monsterinsights_sitenote_active":false,"_monsterinsights_sitenote_note":"","_monsterinsights_sitenote_category":0,"site-sidebar-layout":"default","site-content-layout":"","ast-site-content-layout":"default","site-content-style":"default","site-sidebar-style":"default","ast-global-header-display":"","ast-banner-title-visibility":"","ast-main-header-display":"","ast-hfb-above-header-display":"","ast-hfb-below-header-display":"","ast-hfb-mobile-header-display":"","site-post-title":"","ast-breadcrumbs-content":"","ast-featured-img":"","footer-sml-layout":"","ast-disable-related-posts":"","theme-transparent-header-meta":"default","adv-header-id-meta":"","stick-header-meta":"","header-above-stick-meta":"","header-main-stick-meta":"","header-below-stick-meta":"","astra-migrate-meta-layouts":"set","ast-page-background-enabled":"default","ast-page-background-meta":{"desktop":{"background-color":"","background-image":"","background-repeat":"repeat","background-position":"center center","background-size":"auto","background-attachment":"scroll","background-type":"","background-media":"","overlay-type":"","overlay-color":"","overlay-opacity":"","overlay-gradient":""},"tablet":{"background-color":"","background-image":"","background-repeat":"repeat","background-position":"center center","background-size":"auto","background-attachment":"scroll","background-type":"","background-media":"","overlay-type":"","overlay-color":"","overlay-opacity":"","overlay-gradient":""},"mobile":{"background-color":"","background-image":"","background-repeat":"repeat","background-position":"center center","background-size":"auto","background-attachment":"scroll","background-type":"","background-media":"","overlay-type":"","overlay-color":"","overlay-opacity":"","overlay-gradient":""}},"ast-content-background-meta":{"desktop":{"background-color":"var(--ast-global-color-5)","background-image":"","background-repeat":"repeat","background-position":"center center","background-size":"auto","background-attachment":"scroll","background-type":"","background-media":"","overlay-type":"","overlay-color":"","overlay-opacity":"","overlay-gradient":""},"tablet":{"background-color":"var(--ast-global-color-5)","background-image":"","background-repeat":"repeat","background-position":"center center","background-size":"auto","background-attachment":"scroll","background-type":"","background-media":"","overlay-type":"","overlay-color":"","overlay-opacity":"","overlay-gradient":""},"mobile":{"background-color":"var(--ast-global-color-5)","background-image":"","background-repeat":"repeat","background-position":"center center","background-size":"auto","background-attachment":"scroll","background-type":"","background-media":"","overlay-type":"","overlay-color":"","overlay-opacity":"","overlay-gradient":""}},"_joinchat":{"telephone":"17776015835"}},"product_brand":[],"product_cat":[19,69,278,150,160,141,144],"product_tag":[472,263,196,120,94,240,93],"class_list":{"0":"post-3890","1":"product","2":"type-product","3":"status-publish","4":"has-post-thumbnail","6":"product_cat-vapes","7":"product_cat-20000-puff","8":"product_cat-bang-leader-vape","9":"product_cat-buy-disposable-vapes-in-belgium","10":"product_cat-buy-disposable-vapes-in-switzerland","11":"product_cat-crystal-disposable-vapes","12":"product_cat-low-nicotine-disposable-vapes","13":"product_tag-bang-leader-20000","14":"product_tag-bang-leader-20k","15":"product_tag-bang-vape","16":"product_tag-crystal-vape","17":"product_tag-rechargeable-disposable-vape","18":"product_tag-twins-flavor-disposable-vape","19":"product_tag-vape-wholesale","20":"desktop-align-left","21":"tablet-align-left","22":"mobile-align-left","24":"first","25":"instock","26":"sale","27":"shipping-taxable","28":"purchasable","29":"product-type-simple"},"acf":[],"uagb_featured_image_src":{"full":["https:\/\/vapestornado.com\/wp-content\/uploads\/2025\/03\/Bang-20000-Puffs-Smart-Screen-Disposable-Crysatal-Vape.webp",800,800,false],"thumbnail":["https:\/\/vapestornado.com\/wp-content\/uploads\/2025\/03\/Bang-20000-Puffs-Smart-Screen-Disposable-Crysatal-Vape-150x150.webp",150,150,true],"medium":["https:\/\/vapestornado.com\/wp-content\/uploads\/2025\/03\/Bang-20000-Puffs-Smart-Screen-Disposable-Crysatal-Vape-300x300.webp",300,300,true],"medium_large":["https:\/\/vapestornado.com\/wp-content\/uploads\/2025\/03\/Bang-20000-Puffs-Smart-Screen-Disposable-Crysatal-Vape-768x768.webp",768,768,true],"large":["https:\/\/vapestornado.com\/wp-content\/uploads\/2025\/03\/Bang-20000-Puffs-Smart-Screen-Disposable-Crysatal-Vape.webp",800,800,false],"1536x1536":["https:\/\/vapestornado.com\/wp-content\/uploads\/2025\/03\/Bang-20000-Puffs-Smart-Screen-Disposable-Crysatal-Vape.webp",800,800,false],"2048x2048":["https:\/\/vapestornado.com\/wp-content\/uploads\/2025\/03\/Bang-20000-Puffs-Smart-Screen-Disposable-Crysatal-Vape.webp",800,800,false],"trp-custom-language-flag":["https:\/\/vapestornado.com\/wp-content\/uploads\/2025\/03\/Bang-20000-Puffs-Smart-Screen-Disposable-Crysatal-Vape.webp",12,12,false],"woocommerce_thumbnail":["https:\/\/vapestornado.com\/wp-content\/uploads\/2025\/03\/Bang-20000-Puffs-Smart-Screen-Disposable-Crysatal-Vape-300x300.webp",300,300,true],"woocommerce_single":["https:\/\/vapestornado.com\/wp-content\/uploads\/2025\/03\/Bang-20000-Puffs-Smart-Screen-Disposable-Crysatal-Vape-600x600.webp",600,600,true],"woocommerce_gallery_thumbnail":["https:\/\/vapestornado.com\/wp-content\/uploads\/2025\/03\/Bang-20000-Puffs-Smart-Screen-Disposable-Crysatal-Vape-100x100.webp",100,100,true]},"uagb_author_info":{"display_name":"ESAMY","author_link":"https:\/\/vapestornado.com\/fr\/author\/"},"uagb_comment_info":0,"uagb_excerpt":"Best Bang Leader 20000 Puffs Disposable Crystal Vape Bang Leader 20000 Puff Crystal Wholesale Disposable Vape Bang Vape 20000 20K Puffs Rechargeable Disposable Add Amy's whatsapp to get right reply and discount price! WhatsApp: +86 17776015835 &nbsp;","_links":{"self":[{"href":"https:\/\/vapestornado.com\/fr\/wp-json\/wp\/v2\/product\/3890","targetHints":{"allow":["GET"]}}],"collection":[{"href":"https:\/\/vapestornado.com\/fr\/wp-json\/wp\/v2\/product"}],"about":[{"href":"https:\/\/vapestornado.com\/fr\/wp-json\/wp\/v2\/types\/product"}],"replies":[{"embeddable":true,"href":"https:\/\/vapestornado.com\/fr\/wp-json\/wp\/v2\/comments?post=3890"}],"wp:featuredmedia":[{"embeddable":true,"href":"https:\/\/vapestornado.com\/fr\/wp-json\/wp\/v2\/media\/3876"}],"wp:attachment":[{"href":"https:\/\/vapestornado.com\/fr\/wp-json\/wp\/v2\/media?parent=3890"}],"wp:term":[{"taxonomy":"product_brand","embeddable":true,"href":"https:\/\/vapestornado.com\/fr\/wp-json\/wp\/v2\/product_brand?post=3890"},{"taxonomy":"product_cat","embeddable":true,"href":"https:\/\/vapestornado.com\/fr\/wp-json\/wp\/v2\/product_cat?post=3890"},{"taxonomy":"product_tag","embeddable":true,"href":"https:\/\/vapestornado.com\/fr\/wp-json\/wp\/v2\/product_tag?post=3890"}],"curies":[{"name":"wp","href":"https:\/\/api.w.org\/{rel}","templated":true}]}}