{"id":3888,"date":"2025-03-18T02:01:58","date_gmt":"2025-03-18T02:01:58","guid":{"rendered":"https:\/\/vapestornado.com\/?post_type=product&#038;p=3888"},"modified":"2025-12-04T09:17:42","modified_gmt":"2025-12-04T09:17:42","slug":"bang-leader-32k-32000-puffs-dual-pods-double-flavors-disposable-vape","status":"publish","type":"product","link":"https:\/\/vapestornado.com\/fr\/product\/bang-leader-32k-32000-puffs-dual-pods-double-flavors-disposable-vape\/","title":{"rendered":"Bang Leader 32k 32000 Puffs Doubles Cartouches Double Saveurs Vape Jetable"},"content":{"rendered":"<h1 data-pm-slice=\"1 1 []\">Bang Leader 32k 32000 Puffs Doubles Cartouches Double Saveurs Vape Jetable<\/h1>\n<p data-start=\"286\" data-end=\"655\">L' <strong data-start=\"290\" data-end=\"335\">Bang Leader 32K Pods Doubles Jetables Vape<\/strong> est con\u00e7u pour les utilisateurs qui recherchent une grande capacit\u00e9 et une vari\u00e9t\u00e9 de saveurs en un seul appareil. Il combine une <strong data-start=\"426\" data-end=\"448\">structure \u00e0 double pod<\/strong> avec <b>2 en 1 double saveur<\/b>\u00a0offrant un total de <strong data-start=\"510\" data-end=\"518\">56 ml<\/strong> et supportant jusqu'\u00e0 <strong data-start=\"540\" data-end=\"556\">32 000 bouff\u00e9es<\/strong>. Ce design r\u00e9duit les changements d'appareil et permet une utilisation quotidienne prolong\u00e9e sans remplacements fr\u00e9quents.<\/p>\n<p data-start=\"657\" data-end=\"960\">Une caract\u00e9ristique cl\u00e9 est le <strong data-start=\"678\" data-end=\"711\">syst\u00e8me de pods \u00e0 double saveur 2-en-1<\/strong>. Chaque pod jetable contient sa propre saveur, permettant un changement rapide entre deux profils dans la m\u00eame unit\u00e9. Avec <strong data-start=\"813\" data-end=\"845\">12 associations de saveurs disponibles<\/strong>, les utilisateurs peuvent alterner les go\u00fbts tout au long de la journ\u00e9e sans transporter de pods suppl\u00e9mentaires ou m\u00e9langer des liquides dans un seul r\u00e9servoir.<\/p>\n<p data-start=\"962\" data-end=\"1282\">Pour une coh\u00e9rence de vapeur, l'appareil utilise un <strong data-start=\"1003\" data-end=\"1021\">Bobine Mesh 1.0\u03a9<\/strong>. La chauffe en mesh r\u00e9partit uniform\u00e9ment la temp\u00e9rature sur la surface de la bobine, ce qui aide \u00e0 maintenir une sortie de vapeur stable et une clart\u00e9 des saveurs lors de longues sessions. Cette configuration de bobine vise \u00e0 \u00e9viter la baisse de go\u00fbt courante qui peut survenir avec des disposables \u00e0 grande capacit\u00e9.<\/p>\n<p data-start=\"1284\" data-end=\"1620\">L'alimentation est fournie par un <strong data-start=\"1307\" data-end=\"1338\">batterie rechargeable de 650 mAh<\/strong> avec <strong data-start=\"1344\" data-end=\"1372\">charge rapide USB Type-C<\/strong>. La recharge permet aux utilisateurs de terminer la capacit\u00e9 totale de liquide plut\u00f4t que de jeter l'appareil pr\u00e9matur\u00e9ment en raison d'une batterie faible. La charge Type-C simplifie \u00e9galement la compatibilit\u00e9, car les m\u00eames c\u00e2bles que ceux utilis\u00e9s pour de nombreux t\u00e9l\u00e9phones et accessoires modernes peuvent \u00eatre utilis\u00e9s ici.<\/p>\n<p data-start=\"1622\" data-end=\"1861\">Malgr\u00e9 sa grande capacit\u00e9 et ses doubles r\u00e9servoirs, le Bang Leader 32K reste un seul appareil portable. Le format \u00e0 double pod est plus pratique que de transporter deux disposables s\u00e9par\u00e9s, surtout pour les d\u00e9placements, les voyages et les longues journ\u00e9es sans chargeur.<\/p>\n<p><strong><span style=\"color: #ff0000;\">Ajoutez le WhatsApp d'Amy pour obtenir une r\u00e9ponse rapide et un prix r\u00e9duit !<\/span><\/strong><\/p>\n<p><img fetchpriority=\"high\" decoding=\"async\" class=\"size-full wp-image-2932\" src=\"https:\/\/vapestornado.com\/wp-content\/uploads\/2024\/12\/Vape-Wholesale.jpg\" alt=\"Vente en Gros de Vapes\" width=\"229\" height=\"300\" \/><\/p>\n<h3><a href=\"https:\/\/wa.me\/8617776015835\" target=\"_blank\" rel=\"noopener\"><span style=\"color: #ff0000;\"><strong>WhatsApp : +86 17776015835<\/strong><\/span><\/a><\/h3>\n<p>&nbsp;<\/p>\n<h2><strong>Bang Leader 32000 Bouff\u00e9es Caract\u00e9ristiques Principales du Produit<\/strong><\/h2>\n<table>\n<thead>\n<tr>\n<th>Fonctionnalit\u00e9<\/th>\n<th align=\"right\">Spec<\/th>\n<th><\/th>\n<\/tr>\n<\/thead>\n<tbody>\n<tr>\n<td>Nom du produit<\/td>\n<td align=\"right\">Bang Leader 32K Pods Doubles Jetables Vape<\/td>\n<td>Nom clair pour les commandes r\u00e9p\u00e9t\u00e9es et la recherche.<\/td>\n<\/tr>\n<tr>\n<td>Capacit\u00e9 de bouff\u00e9es<\/td>\n<td align=\"right\">Jusqu'\u00e0 32 000 bouff\u00e9es<\/td>\n<td>Jetable \u00e0 haute capacit\u00e9 ; moins de remplacements.<\/td>\n<\/tr>\n<tr>\n<td>Syst\u00e8me Pod<\/td>\n<td align=\"right\">Pods doubles (2 r\u00e9servoirs)<\/td>\n<td>Deux saveurs dans un seul appareil ; changez \u00e0 tout moment.<\/td>\n<\/tr>\n<tr>\n<td>Volume d'E-Liquide<\/td>\n<td align=\"right\">56 ml au total (28 ml + 28 ml)<\/td>\n<td>Grande capacit\u00e9 de liquide pour supporter 32 000 bouff\u00e9es.<\/td>\n<\/tr>\n<tr>\n<td>Combinaisons de saveurs<\/td>\n<td align=\"right\">12 combinaisons<\/td>\n<td>Vari\u00e9t\u00e9 sans changer d'appareils.<\/td>\n<\/tr>\n<tr>\n<td>Type de Bobine<\/td>\n<td align=\"right\">Bobine Mesh 1.0\u03a9<\/td>\n<td>Chauffage uniforme pour des inhalations plus douces et une saveur stable.<\/td>\n<\/tr>\n<tr>\n<td>Batterie<\/td>\n<td align=\"right\">Batterie rechargeable de 650 mAh<\/td>\n<td>Rechargez pour utiliser pleinement les deux r\u00e9servoirs.<\/td>\n<\/tr>\n<tr>\n<td>Chargement<\/td>\n<td align=\"right\">USB Type-C<\/td>\n<td>Standard de charge rapide courant.<\/td>\n<\/tr>\n<tr>\n<td>Style d'utilisation<\/td>\n<td align=\"right\">Activ\u00e9 par tirage<\/td>\n<td>Pas de boutons ; inhalez pour vapoter.<\/td>\n<\/tr>\n<\/tbody>\n<\/table>\n<figure id=\"attachment_3883\" aria-describedby=\"caption-attachment-3883\" style=\"width: 800px\" class=\"wp-caption alignnone\"><img decoding=\"async\" class=\"wp-image-3883 size-full\" src=\"https:\/\/vapestornado.com\/wp-content\/uploads\/2025\/03\/Bang-leader-32k-Puff-Best-Flavor.webp\" alt=\"Bang leader 32k Bouff\u00e9e Meilleure Saveur\" width=\"800\" height=\"800\" srcset=\"https:\/\/vapestornado.com\/wp-content\/uploads\/2025\/03\/Bang-leader-32k-Puff-Best-Flavor.webp 800w, https:\/\/vapestornado.com\/wp-content\/uploads\/2025\/03\/Bang-leader-32k-Puff-Best-Flavor-300x300.webp 300w, https:\/\/vapestornado.com\/wp-content\/uploads\/2025\/03\/Bang-leader-32k-Puff-Best-Flavor-150x150.webp 150w, https:\/\/vapestornado.com\/wp-content\/uploads\/2025\/03\/Bang-leader-32k-Puff-Best-Flavor-768x768.webp 768w, https:\/\/vapestornado.com\/wp-content\/uploads\/2025\/03\/Bang-leader-32k-Puff-Best-Flavor-600x600.webp 600w, https:\/\/vapestornado.com\/wp-content\/uploads\/2025\/03\/Bang-leader-32k-Puff-Best-Flavor-100x100.webp 100w\" sizes=\"(max-width: 800px) 100vw, 800px\" \/><figcaption id=\"caption-attachment-3883\" class=\"wp-caption-text\">Bang leader 32k Bouff\u00e9e Meilleure Saveur<\/figcaption><\/figure>\n<h2 class=\"product-title\"><strong>Liste des saveurs de vape Bang Leader 32000 Bouff\u00e9es<\/strong><\/h2>\n<article class=\"group\/turn w-full text-token-text-primary focus-visible:outline-2 focus-visible:outline-offset-[-4px]\" dir=\"auto\" data-testid=\"conversation-turn-61\" data-scroll-anchor=\"true\">\n<div class=\"text-base my-auto mx-auto py-[18px] px-6\">\n<div class=\"mx-auto flex flex-1 text-base gap-4 md:gap-5 lg:gap-6 md:max-w-3xl lg:max-w-[40rem] xl:max-w-[48rem]\">\n<div class=\"group\/conversation-turn relative flex w-full min-w-0 flex-col agent-turn @xs\/thread:px-0 @sm\/thread:px-1.5 @md\/thread:px-4\">\n<div class=\"flex-col gap-1 md:gap-3\">\n<div class=\"flex max-w-full flex-col flex-grow\">\n<div class=\"min-h-8 text-message relative flex w-full flex-col items-end gap-2 whitespace-normal break-words text-start [.text-message+&amp;]:mt-5\" dir=\"auto\" data-message-author-role=\"assistant\" data-message-id=\"762d7e41-70d5-4ddf-94cb-85ef5025d3a8\" data-message-model-slug=\"gpt-4o\">\n<div class=\"flex w-full flex-col gap-1 empty:hidden first:pt-[3px]\">\n<div class=\"markdown prose w-full break-words dark:prose-invert light\">\n<p>1.Glace Past\u00e8que <strong><span style=\"color: #ff0000;\">&gt;&gt;&gt;&gt; Chaud !<\/span><\/strong><br \/>\n2. Past\u00e8que Glac\u00e9e<br \/>\n3.Fraise Past\u00e8que <strong><span style=\"color: #ff0000;\">&gt;&gt;&gt;&gt; Chaud !<\/span><\/strong><br \/>\n4. Fraise Past\u00e8que<br \/>\n5. Myrtille Framboise<br \/>\n6. Myrtille Past\u00e8que <strong><span style=\"color: #ff0000;\">&gt;&gt;&gt;&gt; Chaud !<\/span><\/strong><br \/>\n7. Glace \u00e0 la Myrtille<br \/>\n8. Myrtille Glac\u00e9e<br \/>\n9. Red Bull <strong><span style=\"color: #ff0000;\">&gt;&gt;&gt;&gt; Chaud !<\/span><\/strong><br \/>\n10. Red Bull<br \/>\n11. Fraise Kiwi<br \/>\n12. Fraise Kiwi <strong><span style=\"color: #ff0000;\">&gt;&gt;&gt;&gt; Le meilleur !<\/span><\/strong><\/p>\n<\/div>\n<\/div>\n<\/div>\n<\/div>\n<\/div>\n<\/div>\n<\/div>\n<\/div>\n<\/article>\n<article class=\"w-full text-token-text-primary focus-visible:outline-2 focus-visible:outline-offset-[-4px]\" dir=\"auto\" data-testid=\"conversation-turn-32\" data-scroll-anchor=\"false\">\n<div class=\"m-auto text-base py-[18px] px-6\">\n<div class=\"mx-auto flex flex-1 text-base gap-4 md:gap-5 lg:gap-6 md:max-w-3xl lg:max-w-[40rem] xl:max-w-[48rem]\">\n<div class=\"group\/conversation-turn relative flex w-full min-w-0 flex-col @xs\/thread:px-0 @sm\/thread:px-1.5 @md\/thread:px-4\">\n<div class=\"flex-col gap-1 md:gap-3\">\n<div class=\"flex max-w-full flex-col flex-grow\">\n<div class=\"min-h-8 text-message flex w-full flex-col items-end gap-2 whitespace-normal break-words text-start [.text-message+&amp;]:mt-5\" dir=\"auto\" data-message-author-role=\"user\" data-message-id=\"ffac41ca-1db4-431b-873a-32c4052956f1\">\n<div class=\"flex w-full flex-col gap-1 empty:hidden items-end rtl:items-start\">\n<div class=\"relative max-w-[var(--user-chat-width,70%)] rounded-3xl bg-token-message-surface px-5 py-2.5\">\n<div class=\"absolute bottom-0 right-full top-0 -mr-3.5 hidden pr-5 pt-2 [.group\/conversation-turn:hover_&amp;]:flex\">\n<div class=\"flex\">\n<article class=\"w-full text-token-text-primary focus-visible:outline-2 focus-visible:outline-offset-[-4px]\" dir=\"auto\" data-testid=\"conversation-turn-39\" data-scroll-anchor=\"true\">\n<div class=\"m-auto text-base py-[18px] px-6\">\n<div class=\"mx-auto flex flex-1 text-base gap-4 md:gap-5 lg:gap-6 md:max-w-3xl lg:max-w-[40rem] xl:max-w-[48rem]\">\n<div class=\"group\/conversation-turn relative flex w-full min-w-0 flex-col agent-turn @xs\/thread:px-0 @sm\/thread:px-1.5 @md\/thread:px-4\">\n<div class=\"flex-col gap-1 md:gap-3\">\n<div class=\"flex max-w-full flex-col flex-grow\">\n<div class=\"min-h-8 text-message flex w-full flex-col items-end gap-2 whitespace-normal break-words text-start [.text-message+&amp;]:mt-5\" dir=\"auto\" data-message-author-role=\"assistant\" data-message-id=\"55a23854-ec57-48dd-bd4f-6118f43d6241\" data-message-model-slug=\"gpt-4o\">\n<div class=\"flex w-full flex-col gap-1 empty:hidden first:pt-[3px]\">\n<div class=\"markdown prose w-full break-words dark:prose-invert light\"><\/div>\n<\/div>\n<\/div>\n<\/div>\n<\/div>\n<\/div>\n<\/div>\n<\/div>\n<\/article>\n<\/div>\n<\/div>\n<\/div>\n<\/div>\n<\/div>\n<\/div>\n<\/div>\n<\/div>\n<\/div>\n<\/div>\n<\/article>\n<h3>Pourquoi choisir Vapestornado pour une commande group\u00e9e de vapes rechargeables Bang Leader 32k 32000 Bouff\u00e9es ?<\/h3>\n<div class=\"flex-shrink-0 flex flex-col relative items-end\">\n<div class=\"pt-0\">\n<div class=\"gizmo-bot-avatar flex h-8 w-8 items-center justify-center overflow-hidden rounded-full\">\n<div class=\"relative p-1 rounded-sm flex items-center justify-center bg-token-main-surface-primary text-token-text-primary h-8 w-8\">\n<p data-start=\"75\" data-end=\"479\">En mati\u00e8re de haute qualit\u00e9<strong data-start=\"92\" data-end=\"117\">\u00a0vapes jetables<\/strong>, <strong data-start=\"119\" data-end=\"152\">Boutique de vape en ligne Vapestornado<\/strong> est la destination de choix pour <strong data-start=\"182\" data-end=\"202\">acheteurs en gros<\/strong> qui recherchent <strong data-start=\"215\" data-end=\"257\">prix abordables et qualit\u00e9 sup\u00e9rieure<\/strong>. Nous offrons <strong data-start=\"268\" data-end=\"299\">des prix de gros exclusifs<\/strong> sur le Bang Leader 50000 Puffs, permettant aux d\u00e9taillants et aux distributeurs de s'approvisionner en l'un des plus demand\u00e9s <strong data-start=\"412\" data-end=\"445\">r\u00e9utilisable <a href=\"https:\/\/vapestornado.com\/fr\/product-category\/digital-box-disposable-vapes\/\">vapes jetables<\/a><\/strong> avec un <strong data-start=\"453\" data-end=\"476\">affichage num\u00e9rique<\/strong>.<\/p>\n<\/div>\n<div class=\"relative p-1 rounded-sm flex items-center justify-center bg-token-main-surface-primary text-token-text-primary h-8 w-8\">\n<h3>FAQ pour la cigarette \u00e9lectronique jetable Bang Leader 32k Bouff\u00e9es<\/h3>\n<p data-start=\"2331\" data-end=\"2555\"><strong data-start=\"2331\" data-end=\"2395\">1. Comment fonctionne la vape Bang Leader 32000 Bouff\u00e9es \u00e0 double r\u00e9servoir ?<\/strong><br data-start=\"2395\" data-end=\"2398\" \/>Cet appareil est dot\u00e9 de <strong data-start=\"2419\" data-end=\"2464\">deux r\u00e9servoirs d'e-liquide s\u00e9par\u00e9s (28 ml + 28 ml)<\/strong> et une <strong data-start=\"2471\" data-end=\"2495\">bouton de changement de saveur<\/strong>, vous permettant d'alterner instantan\u00e9ment entre deux saveurs.<\/p>\n<p data-start=\"2557\" data-end=\"2762\"><strong data-start=\"2557\" data-end=\"2613\">2. La vape Bang Leader 32000 Bouff\u00e9es est-elle rechargeable ?<\/strong><br data-start=\"2613\" data-end=\"2616\" \/>Oui ! Il est livr\u00e9 avec une <strong data-start=\"2637\" data-end=\"2668\">batterie rechargeable de 650 mAh<\/strong> et de <strong data-start=\"2673\" data-end=\"2692\">le chargement de type C<\/strong>, vous assurant de pouvoir utiliser tout l'e-liquide avant de remplacer l'appareil.<\/p>\n<p data-start=\"2764\" data-end=\"2911\"><strong data-start=\"2764\" data-end=\"2808\">3. Qu'est-ce que l'\u00e9cran num\u00e9rique affiche ?<\/strong><br data-start=\"2808\" data-end=\"2811\" \/>L' <strong data-start=\"2815\" data-end=\"2872\">L'\u00e9cran num\u00e9rique affiche l'autonomie de la batterie et les niveaux d'e-liquide<\/strong>, ce qui facilite le suivi de votre utilisation.<\/p>\n<p data-start=\"2913\" data-end=\"3094\"><strong data-start=\"2913\" data-end=\"2947\">4. Quelles saveurs sont disponibles ?<\/strong><br data-start=\"2947\" data-end=\"2950\" \/>Il y a <strong data-start=\"2960\" data-end=\"2998\">12 combinaisons uniques de saveurs doubles<\/strong>, y compris des m\u00e9langes fruit\u00e9s, glac\u00e9s et inspir\u00e9s des boissons \u00e9nergisantes, offrant aux vapoteurs une exp\u00e9rience diversifi\u00e9e.<\/p>\n<p data-start=\"3096\" data-end=\"3339\"><strong data-start=\"3096\" data-end=\"3173\">5. O\u00f9 puis-je acheter la Bang Leader 32000 Puffs Vape \u00e0 un prix de gros ?<\/strong><br data-start=\"3173\" data-end=\"3176\" \/>Pour <strong data-start=\"3180\" data-end=\"3225\">commandes en gros et les meilleurs prix de gros<\/strong>, visitez <strong data-start=\"3233\" data-end=\"3266\">Boutique de vape en ligne Vapestornado<\/strong>, votre source de confiance pour <strong data-start=\"3292\" data-end=\"3336\">vapes jetables rechargeables abordables<\/strong>.<\/p>\n<\/div>\n<\/div>\n<\/div>\n<\/div>","protected":false},"excerpt":{"rendered":"<p>Bang Leader 32K Bo\u00eete Vape Double Saveur Prix Usine<br \/>\nBang Leader 32000 Bouff\u00e9es Double Pods Double Saveur Prix Discount<br \/>\nBang 32000 Bouff\u00e9es Cigarette \u00c9lectronique Rechargeable Vape Jetable en Gros<\/p>\n<p><strong>Ajoutez le WhatsApp d'Amy pour obtenir une r\u00e9ponse rapide et un prix r\u00e9duit !<\/strong><\/p>\n<p><img fetchpriority=\"high\" decoding=\"async\" class=\"size-full wp-image-2932\" src=\"https:\/\/vapestornado.com\/wp-content\/uploads\/2024\/12\/Vape-Wholesale.jpg\" alt=\"Vente en Gros de Vapes\" width=\"229\" height=\"300\" \/><\/p>\n<h3><a href=\"https:\/\/wa.me\/8617776015835\"><span style=\"color: #ff0000;\"><strong>WhatsApp : +86 17776015835<\/strong><\/span><\/a><\/h3>\n<p>&nbsp;<\/p>","protected":false},"featured_media":3882,"comment_status":"open","ping_status":"closed","template":"","meta":{"_acf_changed":false,"_uag_custom_page_level_css":"","_lmt_disableupdate":"no","_lmt_disable":"","_monsterinsights_skip_tracking":false,"_monsterinsights_sitenote_active":false,"_monsterinsights_sitenote_note":"","_monsterinsights_sitenote_category":0,"site-sidebar-layout":"default","site-content-layout":"","ast-site-content-layout":"default","site-content-style":"default","site-sidebar-style":"default","ast-global-header-display":"","ast-banner-title-visibility":"","ast-main-header-display":"","ast-hfb-above-header-display":"","ast-hfb-below-header-display":"","ast-hfb-mobile-header-display":"","site-post-title":"","ast-breadcrumbs-content":"","ast-featured-img":"","footer-sml-layout":"","ast-disable-related-posts":"","theme-transparent-header-meta":"default","adv-header-id-meta":"","stick-header-meta":"","header-above-stick-meta":"","header-main-stick-meta":"","header-below-stick-meta":"","astra-migrate-meta-layouts":"set","ast-page-background-enabled":"default","ast-page-background-meta":{"desktop":{"background-color":"","background-image":"","background-repeat":"repeat","background-position":"center center","background-size":"auto","background-attachment":"scroll","background-type":"","background-media":"","overlay-type":"","overlay-color":"","overlay-opacity":"","overlay-gradient":""},"tablet":{"background-color":"","background-image":"","background-repeat":"repeat","background-position":"center center","background-size":"auto","background-attachment":"scroll","background-type":"","background-media":"","overlay-type":"","overlay-color":"","overlay-opacity":"","overlay-gradient":""},"mobile":{"background-color":"","background-image":"","background-repeat":"repeat","background-position":"center center","background-size":"auto","background-attachment":"scroll","background-type":"","background-media":"","overlay-type":"","overlay-color":"","overlay-opacity":"","overlay-gradient":""}},"ast-content-background-meta":{"desktop":{"background-color":"var(--ast-global-color-5)","background-image":"","background-repeat":"repeat","background-position":"center center","background-size":"auto","background-attachment":"scroll","background-type":"","background-media":"","overlay-type":"","overlay-color":"","overlay-opacity":"","overlay-gradient":""},"tablet":{"background-color":"var(--ast-global-color-5)","background-image":"","background-repeat":"repeat","background-position":"center center","background-size":"auto","background-attachment":"scroll","background-type":"","background-media":"","overlay-type":"","overlay-color":"","overlay-opacity":"","overlay-gradient":""},"mobile":{"background-color":"var(--ast-global-color-5)","background-image":"","background-repeat":"repeat","background-position":"center center","background-size":"auto","background-attachment":"scroll","background-type":"","background-media":"","overlay-type":"","overlay-color":"","overlay-opacity":"","overlay-gradient":""}},"_joinchat":{"telephone":"17776015835"}},"product_brand":[],"product_cat":[19,262,278,153,158,143,146],"product_tag":[261,260,473,196,94,240,93],"class_list":{"0":"post-3888","1":"product","2":"type-product","3":"status-publish","4":"has-post-thumbnail","6":"product_cat-vapes","7":"product_cat-32000-puff","8":"product_cat-bang-leader-vape","9":"product_cat-buy-disposable-vapes-in-italy","10":"product_cat-buy-disposable-vapes-in-spain","11":"product_cat-dual-mesh-disposable-vapes","12":"product_cat-rechargeable-disposable-vapes","13":"product_tag-2-in-1-double-flavor-vape","14":"product_tag-bang-leader-32000","15":"product_tag-bang-leader-32k","16":"product_tag-bang-vape","17":"product_tag-rechargeable-disposable-vape","18":"product_tag-twins-flavor-disposable-vape","19":"product_tag-vape-wholesale","20":"desktop-align-left","21":"tablet-align-left","22":"mobile-align-left","24":"first","25":"instock","26":"sale","27":"shipping-taxable","28":"purchasable","29":"product-type-simple"},"acf":[],"uagb_featured_image_src":{"full":["https:\/\/vapestornado.com\/wp-content\/uploads\/2025\/03\/Bang-Leader-32K-Dual-Flavors-Box-Vape.webp",800,800,false],"thumbnail":["https:\/\/vapestornado.com\/wp-content\/uploads\/2025\/03\/Bang-Leader-32K-Dual-Flavors-Box-Vape-150x150.webp",150,150,true],"medium":["https:\/\/vapestornado.com\/wp-content\/uploads\/2025\/03\/Bang-Leader-32K-Dual-Flavors-Box-Vape-300x300.webp",300,300,true],"medium_large":["https:\/\/vapestornado.com\/wp-content\/uploads\/2025\/03\/Bang-Leader-32K-Dual-Flavors-Box-Vape-768x768.webp",768,768,true],"large":["https:\/\/vapestornado.com\/wp-content\/uploads\/2025\/03\/Bang-Leader-32K-Dual-Flavors-Box-Vape.webp",800,800,false],"1536x1536":["https:\/\/vapestornado.com\/wp-content\/uploads\/2025\/03\/Bang-Leader-32K-Dual-Flavors-Box-Vape.webp",800,800,false],"2048x2048":["https:\/\/vapestornado.com\/wp-content\/uploads\/2025\/03\/Bang-Leader-32K-Dual-Flavors-Box-Vape.webp",800,800,false],"trp-custom-language-flag":["https:\/\/vapestornado.com\/wp-content\/uploads\/2025\/03\/Bang-Leader-32K-Dual-Flavors-Box-Vape.webp",12,12,false],"woocommerce_thumbnail":["https:\/\/vapestornado.com\/wp-content\/uploads\/2025\/03\/Bang-Leader-32K-Dual-Flavors-Box-Vape-300x300.webp",300,300,true],"woocommerce_single":["https:\/\/vapestornado.com\/wp-content\/uploads\/2025\/03\/Bang-Leader-32K-Dual-Flavors-Box-Vape-600x600.webp",600,600,true],"woocommerce_gallery_thumbnail":["https:\/\/vapestornado.com\/wp-content\/uploads\/2025\/03\/Bang-Leader-32K-Dual-Flavors-Box-Vape-100x100.webp",100,100,true]},"uagb_author_info":{"display_name":"ESAMY","author_link":"https:\/\/vapestornado.com\/fr\/author\/"},"uagb_comment_info":0,"uagb_excerpt":"Bang Leader 32K Dual Flavors Box Vape Factory Price Bang Leader 32000 Puffs Dual Pods Double Flavors Discount Price Bang 32000 Puffs Rechargeable E-Cigarette Disposable Vape Wholesale Add Amy's whatsapp to get right reply and discount price! WhatsApp: +86 17776015835 &nbsp;","_links":{"self":[{"href":"https:\/\/vapestornado.com\/fr\/wp-json\/wp\/v2\/product\/3888","targetHints":{"allow":["GET"]}}],"collection":[{"href":"https:\/\/vapestornado.com\/fr\/wp-json\/wp\/v2\/product"}],"about":[{"href":"https:\/\/vapestornado.com\/fr\/wp-json\/wp\/v2\/types\/product"}],"replies":[{"embeddable":true,"href":"https:\/\/vapestornado.com\/fr\/wp-json\/wp\/v2\/comments?post=3888"}],"wp:featuredmedia":[{"embeddable":true,"href":"https:\/\/vapestornado.com\/fr\/wp-json\/wp\/v2\/media\/3882"}],"wp:attachment":[{"href":"https:\/\/vapestornado.com\/fr\/wp-json\/wp\/v2\/media?parent=3888"}],"wp:term":[{"taxonomy":"product_brand","embeddable":true,"href":"https:\/\/vapestornado.com\/fr\/wp-json\/wp\/v2\/product_brand?post=3888"},{"taxonomy":"product_cat","embeddable":true,"href":"https:\/\/vapestornado.com\/fr\/wp-json\/wp\/v2\/product_cat?post=3888"},{"taxonomy":"product_tag","embeddable":true,"href":"https:\/\/vapestornado.com\/fr\/wp-json\/wp\/v2\/product_tag?post=3888"}],"curies":[{"name":"wp","href":"https:\/\/api.w.org\/{rel}","templated":true}]}}