{"id":3863,"date":"2025-03-17T02:44:11","date_gmt":"2025-03-17T02:44:11","guid":{"rendered":"https:\/\/vapestornado.com\/?post_type=product&#038;p=3863"},"modified":"2025-08-22T11:44:19","modified_gmt":"2025-08-22T11:44:19","slug":"factory-wholesale-waspe-tornado-15000-puff-15k-vape-pen-kit","status":"publish","type":"product","link":"https:\/\/vapestornado.com\/fr\/product\/factory-wholesale-waspe-tornado-15000-puff-15k-vape-pen-kit\/","title":{"rendered":"Usine de gros Waspe Tornado 15000 Bouff\u00e9es 15K Kit de stylo Vape"},"content":{"rendered":"<h1 data-pm-slice=\"1 1 []\">Usine de gros Waspe Tornado 15000 Bouff\u00e9es 15K Kit de stylo Vape<\/h1>\n<h3 data-start=\"0\" data-end=\"98\"><strong data-start=\"4\" data-end=\"96\">Kit de stylo vape Waspe Tornado Puff 15000 en gros d'usine \u2013 Rechargeable<\/strong><\/h3>\n<p data-start=\"100\" data-end=\"562\">L' <strong data-start=\"302\" data-end=\"343\">Kit de stylo vape Waspe Tornado 15000 bouff\u00e9es<\/strong> est con\u00e7u pour la performance, la commodit\u00e9 et la valeur de gros. Avec un <strong data-start=\"416\" data-end=\"442\">Capacit\u00e9 de 22 ml d'e-liquide<\/strong> et jusqu'\u00e0 <strong data-start=\"453\" data-end=\"469\">15 000 bouff\u00e9es<\/strong>, il assure une utilisation prolong\u00e9e, ce qui en fait un choix judicieux pour les d\u00e9taillants et les utilisateurs finaux.<\/p>\n<h4 data-start=\"564\" data-end=\"618\"><strong data-start=\"569\" data-end=\"616\">15000 Bouff\u00e9es \u2013 Satisfaction de vapotage prolong\u00e9e<\/strong><\/h4>\n<p data-start=\"619\" data-end=\"834\">Avec un impressionnant <strong data-start=\"638\" data-end=\"665\">15 000 bouff\u00e9es par appareil<\/strong>, le Waspe Tornado 15K assure <strong data-start=\"697\" data-end=\"717\">utilisation durable<\/strong>, ce qui en fait un choix rentable pour les <strong data-start=\"762\" data-end=\"793\">vapoteurs occasionnels et les d\u00e9taillants<\/strong> qui recherchent <strong data-start=\"806\" data-end=\"831\">vapes jetables en gros<\/strong>.<\/p>\n<h4 data-start=\"836\" data-end=\"895\"><strong data-start=\"841\" data-end=\"893\">Batterie rechargeable de 850 mAh \u2013 Pas de gaspillage d'e-liquide<\/strong><\/h4>\n<p data-start=\"896\" data-end=\"1166\">Contrairement aux dispositifs jetables traditionnels, ce <strong data-start=\"933\" data-end=\"961\">stylo \u00e0 vape est rechargeable<\/strong>, vous permettant de profiter de chaque goutte de <strong data-start=\"999\" data-end=\"1027\">22 ml d'e-liquide pr\u00e9rempli<\/strong>. Le <strong data-start=\"1033\" data-end=\"1051\">Batterie de 850 mAh<\/strong> fournit une alimentation fiable, et avec <strong data-start=\"1086\" data-end=\"1110\">Charge rapide Type-C<\/strong>, vous passerez moins de temps \u00e0 attendre et plus de temps \u00e0 vapoter.<\/p>\n<h4 data-start=\"1168\" data-end=\"1216\"><strong data-start=\"1173\" data-end=\"1214\">\u00c9cran num\u00e9rique LCD \u2013 Gardez le contr\u00f4le<\/strong><\/h4>\n<p data-start=\"1217\" data-end=\"1406\">Oubliez les devinettes pour savoir quand il est temps de recharger ! L'\u00e9cran <strong data-start=\"1274\" data-end=\"1288\">LCD int\u00e9gr\u00e9<\/strong> vous donne des mises \u00e0 jour en temps r\u00e9el sur votre <strong data-start=\"1325\" data-end=\"1361\">l'autonomie de la batterie et les niveaux d'e-liquide<\/strong>, assurant une exp\u00e9rience de vapotage sans tracas.<\/p>\n<h4 data-start=\"1408\" data-end=\"1475\"><strong data-start=\"1413\" data-end=\"1473\">Technologie de bobine Mesh \u2013 Saveur maximale<\/strong><\/h4>\n<p data-start=\"1476\" data-end=\"1716\">\u00c9quip\u00e9 d'un <strong data-start=\"1493\" data-end=\"1515\">bobine mesh avanc\u00e9e<\/strong>, le Waspe 15000 offre <strong data-start=\"1542\" data-end=\"1571\">des saveurs riches et cors\u00e9es<\/strong> \u00e0 chaque bouff\u00e9e. Que vous aimiez <strong data-start=\"1606\" data-end=\"1645\">vapes fruit\u00e9es, glac\u00e9es ou inspir\u00e9es des sodas<\/strong>, le <strong data-start=\"1651\" data-end=\"1674\">S\u00e9lection de 12 saveurs<\/strong> garantit qu'il y en a pour tous les go\u00fbts.<\/p>\n<h4 data-start=\"1718\" data-end=\"1773\"><strong data-start=\"1723\" data-end=\"1771\">Options de concentration de nicotine \u2013 0%, 2%, 3%,<\/strong><\/h4>\n<p data-start=\"1774\" data-end=\"1901\">S'adressant \u00e0 tous les vapoteurs, le Waspe Tornado 15000 offre <strong data-start=\"1829\" data-end=\"1867\">de multiples options de concentration de nicotine<\/strong> pour correspondre \u00e0 diff\u00e9rentes pr\u00e9f\u00e9rences :<\/p>\n<ul data-start=\"1902\" data-end=\"2150\">\n<li data-start=\"1902\" data-end=\"1992\"><strong data-start=\"1904\" data-end=\"1926\">0% (Sans nicotine)<\/strong> \u2013 Id\u00e9al pour les amateurs de saveurs qui pr\u00e9f\u00e8rent une exp\u00e9rience pure et douce.<\/li>\n<li data-start=\"1993\" data-end=\"2059\"><strong data-start=\"1995\" data-end=\"2006\">2%<\/strong> \u2013 Taux de nicotine \u00e9quilibr\u00e9s pour les vapoteurs mod\u00e9r\u00e9s.<\/li>\n<li data-start=\"2060\" data-end=\"2150\"><strong data-start=\"2062\" data-end=\"2075\">50mg<\/strong> \u2013 Fort apport de nicotine pour ceux qui appr\u00e9cient une s\u00e9ance de vapotage plus intense.<\/li>\n<\/ul>\n<h4 data-start=\"2152\" data-end=\"2204\"><strong data-start=\"2157\" data-end=\"2202\">Prix de gros<\/strong><\/h4>\n<p data-start=\"2205\" data-end=\"2410\">Parfait pour les propri\u00e9taires de boutiques de vape, les distributeurs et les acheteurs en gros, le Waspe Tornado Puff 15000 est disponible \u00e0 <strong data-start=\"2311\" data-end=\"2335\">prix de gros bas<\/strong>. Commandez en gros et <strong data-start=\"2355\" data-end=\"2407\">obtenez des vapes jetables de qualit\u00e9 sup\u00e9rieure \u00e0 des co\u00fbts imbattables<\/strong>.<\/p>\n<p><strong><span style=\"color: #ff0000;\">Ajoutez le WhatsApp d'Amy pour obtenir une r\u00e9ponse rapide et un prix r\u00e9duit !<\/span><\/strong><\/p>\n<p><img fetchpriority=\"high\" decoding=\"async\" class=\"size-full wp-image-2932\" src=\"https:\/\/vapestornado.com\/wp-content\/uploads\/2024\/12\/Vape-Wholesale.jpg\" alt=\"Vente en Gros de Vapes\" width=\"229\" height=\"300\" \/><\/p>\n<h3><a href=\"https:\/\/wa.me\/8617776015835\" target=\"_blank\" rel=\"noopener\"><span style=\"color: #ff0000;\"><strong>WhatsApp : +86 17776015835<\/strong><\/span><\/a><\/h3>\n<p>&nbsp;<\/p>\n<h2><strong>Principales caract\u00e9ristiques du produit Waspe Tornado 15000 Puff<\/strong><\/h2>\n<p>Marque : WASPE<br \/>\nBouff\u00e9es : 15000<br \/>\nBatterie : 850mah Rechargeable<br \/>\nAffichage : Affichage num\u00e9rique LED<br \/>\nNicotine : 0mg 20mg 30mg 50mg<br \/>\nCapacit\u00e9 de liquide : 22ml<br \/>\nBobine : Bobine Mesh<\/p>\n<figure id=\"attachment_3847\" aria-describedby=\"caption-attachment-3847\" style=\"width: 800px\" class=\"wp-caption alignnone\"><img decoding=\"async\" class=\"wp-image-3847 size-full\" src=\"https:\/\/vapestornado.com\/wp-content\/uploads\/2025\/03\/Tornado-15k-Puff-Waspe-Vape.webp\" alt=\"Tornado 15k Puff Waspe Vape\" width=\"800\" height=\"800\" srcset=\"https:\/\/vapestornado.com\/wp-content\/uploads\/2025\/03\/Tornado-15k-Puff-Waspe-Vape.webp 800w, https:\/\/vapestornado.com\/wp-content\/uploads\/2025\/03\/Tornado-15k-Puff-Waspe-Vape-300x300.webp 300w, https:\/\/vapestornado.com\/wp-content\/uploads\/2025\/03\/Tornado-15k-Puff-Waspe-Vape-150x150.webp 150w, https:\/\/vapestornado.com\/wp-content\/uploads\/2025\/03\/Tornado-15k-Puff-Waspe-Vape-768x768.webp 768w, https:\/\/vapestornado.com\/wp-content\/uploads\/2025\/03\/Tornado-15k-Puff-Waspe-Vape-600x600.webp 600w, https:\/\/vapestornado.com\/wp-content\/uploads\/2025\/03\/Tornado-15k-Puff-Waspe-Vape-100x100.webp 100w\" sizes=\"(max-width: 800px) 100vw, 800px\" \/><figcaption id=\"caption-attachment-3847\" class=\"wp-caption-text\">Tornado 15k Puff Waspe Vape<\/figcaption><\/figure>\n<h2 class=\"product-title\"><strong>Liste des saveurs de Waspe Tornado 15k Smart Vape<\/strong><\/h2>\n<article class=\"group\/turn w-full text-token-text-primary focus-visible:outline-2 focus-visible:outline-offset-[-4px]\" dir=\"auto\" data-testid=\"conversation-turn-61\" data-scroll-anchor=\"true\">\n<div class=\"text-base my-auto mx-auto py-[18px] px-6\">\n<div class=\"mx-auto flex flex-1 text-base gap-4 md:gap-5 lg:gap-6 md:max-w-3xl lg:max-w-[40rem] xl:max-w-[48rem]\">\n<div class=\"group\/conversation-turn relative flex w-full min-w-0 flex-col agent-turn @xs\/thread:px-0 @sm\/thread:px-1.5 @md\/thread:px-4\">\n<div class=\"flex-col gap-1 md:gap-3\">\n<div class=\"flex max-w-full flex-col flex-grow\">\n<div class=\"min-h-8 text-message relative flex w-full flex-col items-end gap-2 whitespace-normal break-words text-start [.text-message+&amp;]:mt-5\" dir=\"auto\" data-message-author-role=\"assistant\" data-message-id=\"762d7e41-70d5-4ddf-94cb-85ef5025d3a8\" data-message-model-slug=\"gpt-4o\">\n<div class=\"flex w-full flex-col gap-1 empty:hidden first:pt-[3px]\">\n<div class=\"markdown prose w-full break-words dark:prose-invert light\">\n<p>1. Glace \u00e0 la past\u00e8que <strong><span style=\"color: #ff0000;\">&gt;&gt;&gt;&gt; Chaud !<\/span><\/strong><br \/>\n2. Fraise past\u00e8que <strong><span style=\"color: #ff0000;\">&gt;&gt;&gt;&gt; Chaud !<\/span><\/strong><br \/>\n3. Soda \u00e0 l'orange<br \/>\n4. Double pomme<br \/>\n5. Fraise Kiwi <strong><span style=\"color: #ff0000;\">&gt;&gt;&gt;&gt; Chaud !<\/span><\/strong><br \/>\n6. Cerise Glac\u00e9e<br \/>\n7. Aloe Raisin<br \/>\n8. Fruits rouges <strong><span style=\"color: #ff0000;\">&gt;&gt;&gt;&gt; Le meilleur !<\/span><\/strong><br \/>\n9. Myrtille Glac\u00e9e<br \/>\n10. Mangue Fraise <strong><span style=\"color: #ff0000;\">&gt;&gt;&gt;&gt; Chaud !<\/span><\/strong><br \/>\n11. Framboise Bleue Citron<br \/>\n12. P\u00eache Glac\u00e9e <strong><span style=\"color: #ff0000;\">&gt;&gt;&gt;&gt; Chaud !<\/span><\/strong><\/p>\n<\/div>\n<\/div>\n<\/div>\n<\/div>\n<\/div>\n<\/div>\n<\/div>\n<\/div>\n<\/article>\n<article class=\"w-full text-token-text-primary focus-visible:outline-2 focus-visible:outline-offset-[-4px]\" dir=\"auto\" data-testid=\"conversation-turn-32\" data-scroll-anchor=\"false\">\n<div class=\"m-auto text-base py-[18px] px-6\">\n<div class=\"mx-auto flex flex-1 text-base gap-4 md:gap-5 lg:gap-6 md:max-w-3xl lg:max-w-[40rem] xl:max-w-[48rem]\">\n<div class=\"group\/conversation-turn relative flex w-full min-w-0 flex-col @xs\/thread:px-0 @sm\/thread:px-1.5 @md\/thread:px-4\">\n<div class=\"flex-col gap-1 md:gap-3\">\n<div class=\"flex max-w-full flex-col flex-grow\">\n<div class=\"min-h-8 text-message flex w-full flex-col items-end gap-2 whitespace-normal break-words text-start [.text-message+&amp;]:mt-5\" dir=\"auto\" data-message-author-role=\"user\" data-message-id=\"ffac41ca-1db4-431b-873a-32c4052956f1\">\n<div class=\"flex w-full flex-col gap-1 empty:hidden items-end rtl:items-start\">\n<div class=\"relative max-w-[var(--user-chat-width,70%)] rounded-3xl bg-token-message-surface px-5 py-2.5\">\n<div class=\"absolute bottom-0 right-full top-0 -mr-3.5 hidden pr-5 pt-2 [.group\/conversation-turn:hover_&amp;]:flex\">\n<div class=\"flex\">\n<article class=\"w-full text-token-text-primary focus-visible:outline-2 focus-visible:outline-offset-[-4px]\" dir=\"auto\" data-testid=\"conversation-turn-39\" data-scroll-anchor=\"true\">\n<div class=\"m-auto text-base py-[18px] px-6\">\n<div class=\"mx-auto flex flex-1 text-base gap-4 md:gap-5 lg:gap-6 md:max-w-3xl lg:max-w-[40rem] xl:max-w-[48rem]\">\n<div class=\"group\/conversation-turn relative flex w-full min-w-0 flex-col agent-turn @xs\/thread:px-0 @sm\/thread:px-1.5 @md\/thread:px-4\">\n<div class=\"flex-col gap-1 md:gap-3\">\n<div class=\"flex max-w-full flex-col flex-grow\">\n<div class=\"min-h-8 text-message flex w-full flex-col items-end gap-2 whitespace-normal break-words text-start [.text-message+&amp;]:mt-5\" dir=\"auto\" data-message-author-role=\"assistant\" data-message-id=\"55a23854-ec57-48dd-bd4f-6118f43d6241\" data-message-model-slug=\"gpt-4o\">\n<div class=\"flex w-full flex-col gap-1 empty:hidden first:pt-[3px]\">\n<div class=\"markdown prose w-full break-words dark:prose-invert light\"><\/div>\n<\/div>\n<\/div>\n<\/div>\n<\/div>\n<\/div>\n<\/div>\n<\/div>\n<\/article>\n<\/div>\n<\/div>\n<\/div>\n<\/div>\n<\/div>\n<\/div>\n<\/div>\n<\/div>\n<\/div>\n<\/div>\n<\/article>\n<h3>Pourquoi choisir Vapestornado pour une commande group\u00e9e de vapes num\u00e9riques Waspe Tornado 15k ?<\/h3>\n<div class=\"flex-shrink-0 flex flex-col relative items-end\">\n<div class=\"pt-0\">\n<div class=\"gizmo-bot-avatar flex h-8 w-8 items-center justify-center overflow-hidden rounded-full\">\n<div class=\"relative p-1 rounded-sm flex items-center justify-center bg-token-main-surface-primary text-token-text-primary h-8 w-8\">\n<p data-start=\"75\" data-end=\"479\">Quand il s'agit de <strong data-start=\"92\" data-end=\"117\">vapes jetables en gros<\/strong>, <strong data-start=\"119\" data-end=\"152\">Boutique de vape en ligne Vapestornado<\/strong> est la destination de choix pour <strong data-start=\"182\" data-end=\"202\">acheteurs en gros<\/strong> qui recherchent <strong data-start=\"215\" data-end=\"257\">prix abordables et qualit\u00e9 sup\u00e9rieure<\/strong>. Nous offrons <strong data-start=\"268\" data-end=\"299\">des prix de gros exclusifs<\/strong> sur le <strong data-start=\"307\" data-end=\"333\">Vape WASPE 15000 Bouff\u00e9es<\/strong>, permettant aux d\u00e9taillants et aux distributeurs de s'approvisionner en l'un des produits les plus demand\u00e9s <strong data-start=\"412\" data-end=\"445\">vapes jetables rechargeables<\/strong> avec un <strong data-start=\"453\" data-end=\"476\">\u00e9cran LCD num\u00e9rique<\/strong>.<\/p>\n<\/div>\n<div class=\"relative p-1 rounded-sm flex items-center justify-center bg-token-main-surface-primary text-token-text-primary h-8 w-8\">\n<h3>FAQ pour la cigarette \u00e9lectronique jetable Waspe Tornado 15k<\/h3>\n<p data-start=\"2462\" data-end=\"2654\"><strong data-start=\"2462\" data-end=\"2522\">1. Combien de temps dure la vape Waspe Tornado Puff 15000 ?<\/strong><br data-start=\"2522\" data-end=\"2525\" \/>Avec <strong data-start=\"2530\" data-end=\"2557\">15 000 bouff\u00e9es par appareil<\/strong>, cette vape est con\u00e7ue pour une utilisation prolong\u00e9e. La dur\u00e9e de vie r\u00e9elle d\u00e9pend de votre fr\u00e9quence de vapotage.<\/p>\n<p data-start=\"2656\" data-end=\"2835\"><strong data-start=\"2656\" data-end=\"2706\">2. La vape Waspe 15000 Bouff\u00e9es est-elle rechargeable ?<\/strong><br data-start=\"2706\" data-end=\"2709\" \/>Oui ! Elle dispose d'un <strong data-start=\"2729\" data-end=\"2760\">Batterie rechargeable de 850 mAh<\/strong> avec <strong data-start=\"2766\" data-end=\"2785\">le chargement de type C<\/strong>, assurant une efficacit\u00e9 maximale et un gaspillage minimal.<\/p>\n<p data-start=\"2837\" data-end=\"3005\"><strong data-start=\"2837\" data-end=\"2875\">3. Qu'affiche l'\u00e9cran LCD ?<\/strong><br data-start=\"2875\" data-end=\"2878\" \/>L' <strong data-start=\"2882\" data-end=\"2896\">LCD int\u00e9gr\u00e9<\/strong> fournit des mises \u00e0 jour en temps r\u00e9el sur <strong data-start=\"2927\" data-end=\"2963\">l'autonomie de la batterie et les niveaux d'e-liquide<\/strong>, facilitant la surveillance de votre appareil.<\/p>\n<p data-start=\"3007\" data-end=\"3175\"><strong data-start=\"3007\" data-end=\"3052\">4. Quelles sont les concentrations de nicotine disponibles ?<\/strong><br data-start=\"3052\" data-end=\"3055\" \/>Cette vape est disponible en <strong data-start=\"3074\" data-end=\"3115\">0%, 2%, 3% et 5% concentrations de nicotine<\/strong>, permettant aux utilisateurs de choisir leur niveau de nicotine pr\u00e9f\u00e9r\u00e9.<\/p>\n<p data-start=\"3177\" data-end=\"3407\"><strong data-start=\"3177\" data-end=\"3244\">5. O\u00f9 puis-je acheter le Waspe Tornado 15000 \u00e0 prix de gros ?<\/strong><br data-start=\"3244\" data-end=\"3247\" \/>Pour <strong data-start=\"3251\" data-end=\"3293\">achats en gros et remises de gros<\/strong>, visitez <strong data-start=\"3301\" data-end=\"3334\">Boutique de vape en ligne Vapestornado<\/strong>, votre source de confiance pour <strong data-start=\"3360\" data-end=\"3404\">vapes jetables rechargeables abordables<\/strong>.<\/p>\n<\/div>\n<\/div>\n<\/div>\n<\/div>","protected":false},"excerpt":{"rendered":"<p>Vente en gros Waspe Tornado 15000 Puff Vape jetable \u00e0 faible nicotine<br \/>\nKit de stylo vape jetable Waspe Tornado 15K Prix d'usine<br \/>\nWASPE 15000 Pod jetable \u00e0 \u00e9cran num\u00e9rique Meilleure saveur en vente<\/p>\n<p><strong>Ajoutez le WhatsApp d'Amy pour obtenir une r\u00e9ponse rapide et un prix r\u00e9duit !<\/strong><\/p>\n<p><img fetchpriority=\"high\" decoding=\"async\" class=\"size-full wp-image-2932\" src=\"https:\/\/vapestornado.com\/wp-content\/uploads\/2024\/12\/Vape-Wholesale.jpg\" alt=\"Vente en Gros de Vapes\" width=\"229\" height=\"300\" \/><\/p>\n<h3><a href=\"https:\/\/wa.me\/8617776015835\"><span style=\"color: #ff0000;\"><strong>WhatsApp : +86 17776015835<\/strong><\/span><\/a><\/h3>\n<p>&nbsp;<\/p>","protected":false},"featured_media":3846,"comment_status":"open","ping_status":"closed","template":"","meta":{"_acf_changed":false,"_uag_custom_page_level_css":"","_lmt_disableupdate":"no","_lmt_disable":"","_monsterinsights_skip_tracking":false,"_monsterinsights_sitenote_active":false,"_monsterinsights_sitenote_note":"","_monsterinsights_sitenote_category":0,"site-sidebar-layout":"default","site-content-layout":"","ast-site-content-layout":"default","site-content-style":"default","site-sidebar-style":"default","ast-global-header-display":"","ast-banner-title-visibility":"","ast-main-header-display":"","ast-hfb-above-header-display":"","ast-hfb-below-header-display":"","ast-hfb-mobile-header-display":"","site-post-title":"","ast-breadcrumbs-content":"","ast-featured-img":"","footer-sml-layout":"","ast-disable-related-posts":"","theme-transparent-header-meta":"default","adv-header-id-meta":"","stick-header-meta":"","header-above-stick-meta":"","header-main-stick-meta":"","header-below-stick-meta":"","astra-migrate-meta-layouts":"set","ast-page-background-enabled":"default","ast-page-background-meta":{"desktop":{"background-color":"","background-image":"","background-repeat":"repeat","background-position":"center center","background-size":"auto","background-attachment":"scroll","background-type":"","background-media":"","overlay-type":"","overlay-color":"","overlay-opacity":"","overlay-gradient":""},"tablet":{"background-color":"","background-image":"","background-repeat":"repeat","background-position":"center center","background-size":"auto","background-attachment":"scroll","background-type":"","background-media":"","overlay-type":"","overlay-color":"","overlay-opacity":"","overlay-gradient":""},"mobile":{"background-color":"","background-image":"","background-repeat":"repeat","background-position":"center center","background-size":"auto","background-attachment":"scroll","background-type":"","background-media":"","overlay-type":"","overlay-color":"","overlay-opacity":"","overlay-gradient":""}},"ast-content-background-meta":{"desktop":{"background-color":"var(--ast-global-color-5)","background-image":"","background-repeat":"repeat","background-position":"center center","background-size":"auto","background-attachment":"scroll","background-type":"","background-media":"","overlay-type":"","overlay-color":"","overlay-opacity":"","overlay-gradient":""},"tablet":{"background-color":"var(--ast-global-color-5)","background-image":"","background-repeat":"repeat","background-position":"center center","background-size":"auto","background-attachment":"scroll","background-type":"","background-media":"","overlay-type":"","overlay-color":"","overlay-opacity":"","overlay-gradient":""},"mobile":{"background-color":"var(--ast-global-color-5)","background-image":"","background-repeat":"repeat","background-position":"center center","background-size":"auto","background-attachment":"scroll","background-type":"","background-media":"","overlay-type":"","overlay-color":"","overlay-opacity":"","overlay-gradient":""}},"_joinchat":{"telephone":"17776015835"}},"product_brand":[],"product_cat":[19,71,152,154,142,148],"product_tag":[97,94,241,93,259,258],"class_list":{"0":"post-3863","1":"product","2":"type-product","3":"status-publish","4":"has-post-thumbnail","6":"product_cat-vapes","7":"product_cat-15000-puff","8":"product_cat-buy-disposable-vapes-in-cermany","9":"product_cat-buy-disposable-vapes-in-netherlands","10":"product_cat-digital-box-disposable-vapes","11":"product_cat-tornado-disposable-vapes","12":"product_tag-hot-sale-disposable-vape","13":"product_tag-rechargeable-disposable-vape","14":"product_tag-smart-screen-disposable-vape","15":"product_tag-vape-wholesale","16":"product_tag-waspe-tornado-15000","17":"product_tag-waspe-tornado-15k","18":"desktop-align-left","19":"tablet-align-left","20":"mobile-align-left","22":"first","23":"instock","24":"sale","25":"shipping-taxable","26":"purchasable","27":"product-type-simple"},"acf":[],"uagb_featured_image_src":{"full":["https:\/\/vapestornado.com\/wp-content\/uploads\/2025\/03\/Best-Selling-Disposable-Vape-Waspe-15000-Puffs.webp",800,800,false],"thumbnail":["https:\/\/vapestornado.com\/wp-content\/uploads\/2025\/03\/Best-Selling-Disposable-Vape-Waspe-15000-Puffs-150x150.webp",150,150,true],"medium":["https:\/\/vapestornado.com\/wp-content\/uploads\/2025\/03\/Best-Selling-Disposable-Vape-Waspe-15000-Puffs-300x300.webp",300,300,true],"medium_large":["https:\/\/vapestornado.com\/wp-content\/uploads\/2025\/03\/Best-Selling-Disposable-Vape-Waspe-15000-Puffs-768x768.webp",768,768,true],"large":["https:\/\/vapestornado.com\/wp-content\/uploads\/2025\/03\/Best-Selling-Disposable-Vape-Waspe-15000-Puffs.webp",800,800,false],"1536x1536":["https:\/\/vapestornado.com\/wp-content\/uploads\/2025\/03\/Best-Selling-Disposable-Vape-Waspe-15000-Puffs.webp",800,800,false],"2048x2048":["https:\/\/vapestornado.com\/wp-content\/uploads\/2025\/03\/Best-Selling-Disposable-Vape-Waspe-15000-Puffs.webp",800,800,false],"trp-custom-language-flag":["https:\/\/vapestornado.com\/wp-content\/uploads\/2025\/03\/Best-Selling-Disposable-Vape-Waspe-15000-Puffs.webp",12,12,false],"woocommerce_thumbnail":["https:\/\/vapestornado.com\/wp-content\/uploads\/2025\/03\/Best-Selling-Disposable-Vape-Waspe-15000-Puffs-300x300.webp",300,300,true],"woocommerce_single":["https:\/\/vapestornado.com\/wp-content\/uploads\/2025\/03\/Best-Selling-Disposable-Vape-Waspe-15000-Puffs-600x600.webp",600,600,true],"woocommerce_gallery_thumbnail":["https:\/\/vapestornado.com\/wp-content\/uploads\/2025\/03\/Best-Selling-Disposable-Vape-Waspe-15000-Puffs-100x100.webp",100,100,true]},"uagb_author_info":{"display_name":"ESAMY","author_link":"https:\/\/vapestornado.com\/fr\/author\/"},"uagb_comment_info":0,"uagb_excerpt":"Wholesale Waspe Tornado 15000 Puff Low Nicotine Disposable Vape Waspe Tornado 15K Disposable Vape Pen Kit\u00a0 Factory Price WASPE 15000 Digital Screen Disposable Pod Best Flavor on Sale Add Amy's whatsapp to get right reply and discount price! WhatsApp: +86 17776015835 &nbsp;","_links":{"self":[{"href":"https:\/\/vapestornado.com\/fr\/wp-json\/wp\/v2\/product\/3863","targetHints":{"allow":["GET"]}}],"collection":[{"href":"https:\/\/vapestornado.com\/fr\/wp-json\/wp\/v2\/product"}],"about":[{"href":"https:\/\/vapestornado.com\/fr\/wp-json\/wp\/v2\/types\/product"}],"replies":[{"embeddable":true,"href":"https:\/\/vapestornado.com\/fr\/wp-json\/wp\/v2\/comments?post=3863"}],"wp:featuredmedia":[{"embeddable":true,"href":"https:\/\/vapestornado.com\/fr\/wp-json\/wp\/v2\/media\/3846"}],"wp:attachment":[{"href":"https:\/\/vapestornado.com\/fr\/wp-json\/wp\/v2\/media?parent=3863"}],"wp:term":[{"taxonomy":"product_brand","embeddable":true,"href":"https:\/\/vapestornado.com\/fr\/wp-json\/wp\/v2\/product_brand?post=3863"},{"taxonomy":"product_cat","embeddable":true,"href":"https:\/\/vapestornado.com\/fr\/wp-json\/wp\/v2\/product_cat?post=3863"},{"taxonomy":"product_tag","embeddable":true,"href":"https:\/\/vapestornado.com\/fr\/wp-json\/wp\/v2\/product_tag?post=3863"}],"curies":[{"name":"wp","href":"https:\/\/api.w.org\/{rel}","templated":true}]}}