{"id":3859,"date":"2025-03-14T08:36:08","date_gmt":"2025-03-14T08:36:08","guid":{"rendered":"https:\/\/vapestornado.com\/?post_type=product&#038;p=3859"},"modified":"2025-08-23T12:40:31","modified_gmt":"2025-08-23T12:40:31","slug":"vapsolo-galaxy-30000-vapers-30k-puff-disposable-vape-e-cigarette-with-smart-screen","status":"publish","type":"product","link":"https:\/\/vapestornado.com\/fr\/product\/vapsolo-galaxy-30000-vapers-30k-puff-disposable-vape-e-cigarette-with-smart-screen\/","title":{"rendered":"Vapsolo Galaxy 30000 Vapers 30K Bouff\u00e9es Vape Jetable E-Cigarette avec \u00c9cran Intelligent"},"content":{"rendered":"<h1 data-pm-slice=\"1 1 []\">Vapsolo Galaxy 30000 Vapers 30K Bouff\u00e9es Vape Jetable E-Cigarette avec \u00c9cran Intelligent<\/h1>\n<p>&nbsp;<\/p>\n<p>L' <strong data-start=\"343\" data-end=\"389\">Vapsolo Galaxy 30000 Puffs Vape jetable<\/strong> \u00e9tablit une nouvelle r\u00e9f\u00e9rence pour les cigarettes \u00e9lectroniques haut de gamme, combinant <strong data-start=\"447\" data-end=\"517\">une capacit\u00e9 longue dur\u00e9e, un \u00e9cran tactile intelligent et un flux d'air r\u00e9glable<\/strong> dans un seul appareil compact. Offrant jusqu'\u00e0 <strong data-start=\"556\" data-end=\"572\">30 000 bouff\u00e9es<\/strong>, cette vape est con\u00e7ue pour les vapoteurs qui recherchent \u00e0 la fois l'endurance et la diversit\u00e9 des saveurs.<\/p>\n<p>Son <strong data-start=\"663\" data-end=\"691\">\u00e9cran couleur intelligent<\/strong> fournit des informations en temps r\u00e9el sur l'autonomie de la batterie et les niveaux d'e-liquide, tandis que le <strong data-start=\"769\" data-end=\"806\">syst\u00e8me de d\u00e9bit d'air r\u00e9glable \u00e0 4 niveaux<\/strong> permet des tirages personnalis\u00e9s, allant des bouff\u00e9es MTL serr\u00e9es aux nuages DTL lisses. Aliment\u00e9 par un <strong data-start=\"901\" data-end=\"932\">Batterie rechargeable de 850 mAh<\/strong> avec chargement rapide de type C, le Galaxy 30K garantit un temps d'arr\u00eat minimal et une commodit\u00e9 maximale.<\/p>\n<p>Avec <strong data-start=\"1044\" data-end=\"1077\">des motifs de couleurs uniques \u00e0 l'encre de Chine<\/strong> pour chaque saveur, cette vape n'est pas seulement performante, mais aussi magnifique. Pr\u00e9-rempli avec <strong data-start=\"1172\" data-end=\"1192\">e-liquide premium<\/strong> et disponible en plusieurs concentrations de nicotine, il s'adresse aussi bien aux utilisateurs occasionnels qu'aux vapoteurs inv\u00e9t\u00e9r\u00e9s.<\/p>\n<p>Pour les d\u00e9taillants et les distributeurs, le Galaxy 30K offre une valeur imbattable \u00e0 <strong data-start=\"1371\" data-end=\"1400\">prix d'achat en gros<\/strong>, ce qui en fait un incontournable de tout inventaire de vape europ\u00e9en.<\/p>\n<p><strong><span style=\"color: #ff0000;\">Ajoutez le WhatsApp d'Amy pour obtenir une bonne r\u00e9ponse et un coupon de vape !<\/span><\/strong><\/p>\n<p><img fetchpriority=\"high\" decoding=\"async\" class=\"size-full wp-image-2932\" src=\"https:\/\/vapestornado.com\/wp-content\/uploads\/2024\/12\/Vape-Wholesale.jpg\" alt=\"Vente en Gros de Vapes\" width=\"229\" height=\"300\" \/><\/p>\n<h3><a href=\"https:\/\/wa.me\/8617776015835\" target=\"_blank\" rel=\"noopener\"><span style=\"color: #ff0000;\"><strong>WhatsApp : +86 17776015835<\/strong><\/span><\/a><\/h3>\n<p>&nbsp;<\/p>\n<h2><strong>Caract\u00e9ristiques du produit Vapsolo Galaxy 30000 Digital Box<\/strong><\/h2>\n<p>Bouff\u00e9es: 30000 bouff\u00e9es<br \/>\nDouble bobine maill\u00e9e de 1.0 ohm<br \/>\nBatterie: 850mAh<br \/>\nE-liquide: 40ml<br \/>\nNicotine : 2% \/ 5% de nicotine<br \/>\nRechargeable en Type-c<br \/>\n\u00c9cran d'affichage pour l'e-liquide et la batterie<\/p>\n<figure id=\"attachment_3854\" aria-describedby=\"caption-attachment-3854\" style=\"width: 800px\" class=\"wp-caption alignnone\"><img decoding=\"async\" class=\"wp-image-3854 size-full\" src=\"https:\/\/vapestornado.com\/wp-content\/uploads\/2025\/03\/Original-Vapsolo-30000-Puffs-Best-Flavor.webp\" alt=\"Vapsolo 30000 Bouff\u00e9es Original Meilleure Saveur\" width=\"800\" height=\"800\" srcset=\"https:\/\/vapestornado.com\/wp-content\/uploads\/2025\/03\/Original-Vapsolo-30000-Puffs-Best-Flavor.webp 800w, https:\/\/vapestornado.com\/wp-content\/uploads\/2025\/03\/Original-Vapsolo-30000-Puffs-Best-Flavor-300x300.webp 300w, https:\/\/vapestornado.com\/wp-content\/uploads\/2025\/03\/Original-Vapsolo-30000-Puffs-Best-Flavor-150x150.webp 150w, https:\/\/vapestornado.com\/wp-content\/uploads\/2025\/03\/Original-Vapsolo-30000-Puffs-Best-Flavor-768x768.webp 768w, https:\/\/vapestornado.com\/wp-content\/uploads\/2025\/03\/Original-Vapsolo-30000-Puffs-Best-Flavor-600x600.webp 600w, https:\/\/vapestornado.com\/wp-content\/uploads\/2025\/03\/Original-Vapsolo-30000-Puffs-Best-Flavor-100x100.webp 100w\" sizes=\"(max-width: 800px) 100vw, 800px\" \/><figcaption id=\"caption-attachment-3854\" class=\"wp-caption-text\">Vapsolo 30000 Bouff\u00e9es Original Meilleure Saveur<\/figcaption><\/figure>\n<h2 class=\"product-title\"><strong>Liste des saveurs Vapsolo Galaxy 30k<\/strong><\/h2>\n<p>&nbsp;<\/p>\n<p>1.Framboise Past\u00e8que <strong><span style=\"color: #ff0000;\">&gt;&gt;&gt;&gt; Chaud !<\/span><\/strong><\/p>\n<p>2.Razz bleu <strong><span style=\"color: #ff0000;\">&gt;&gt;&gt;&gt; Le meilleur !<\/span><\/strong><\/p>\n<p>3.Ananas Coco<\/p>\n<p>4.Past\u00e8que glac\u00e9e<\/p>\n<p>5. Citron Vert<\/p>\n<p>6.Fruit du dragon givr\u00e9 noir<strong><span style=\"color: #ff0000;\">&gt;&gt;&gt;&gt; Chaud !<\/span><\/strong><\/p>\n<p>7.P\u00eache Citron<\/p>\n<p>8.Fraise Framboise Cerise Glac\u00e9e <strong><span style=\"color: #ff0000;\">&gt;&gt;&gt;&gt; Chaud !<\/span><\/strong><\/p>\n<p>9. Fraise Kiwi<\/p>\n<p>10.Fraise Redbull <strong><span style=\"color: #ff0000;\">&gt;&gt;&gt;&gt; Chaud !<\/span><\/strong><\/p>\n<p>11. Banane Fraise<\/p>\n<p>12. Melon Triple <strong><span style=\"color: #ff0000;\">&gt;&gt;&gt;&gt; Chaud !<\/span><\/strong><\/p>\n<article class=\"w-full text-token-text-primary focus-visible:outline-2 focus-visible:outline-offset-[-4px]\" dir=\"auto\" data-testid=\"conversation-turn-32\" data-scroll-anchor=\"false\">\n<div class=\"m-auto text-base py-[18px] px-6\">\n<div class=\"mx-auto flex flex-1 text-base gap-4 md:gap-5 lg:gap-6 md:max-w-3xl lg:max-w-[40rem] xl:max-w-[48rem]\">\n<div class=\"group\/conversation-turn relative flex w-full min-w-0 flex-col @xs\/thread:px-0 @sm\/thread:px-1.5 @md\/thread:px-4\">\n<div class=\"flex-col gap-1 md:gap-3\">\n<div class=\"flex max-w-full flex-col flex-grow\">\n<div class=\"min-h-8 text-message flex w-full flex-col items-end gap-2 whitespace-normal break-words text-start [.text-message+&amp;]:mt-5\" dir=\"auto\" data-message-author-role=\"user\" data-message-id=\"ffac41ca-1db4-431b-873a-32c4052956f1\">\n<div class=\"flex w-full flex-col gap-1 empty:hidden items-end rtl:items-start\">\n<div class=\"relative max-w-[var(--user-chat-width,70%)] rounded-3xl bg-token-message-surface px-5 py-2.5\">\n<div class=\"absolute bottom-0 right-full top-0 -mr-3.5 hidden pr-5 pt-2 [.group\/conversation-turn:hover_&amp;]:flex\">\n<div class=\"flex\">\n<article class=\"w-full text-token-text-primary focus-visible:outline-2 focus-visible:outline-offset-[-4px]\" dir=\"auto\" data-testid=\"conversation-turn-39\" data-scroll-anchor=\"true\">\n<div class=\"m-auto text-base py-[18px] px-6\">\n<div class=\"mx-auto flex flex-1 text-base gap-4 md:gap-5 lg:gap-6 md:max-w-3xl lg:max-w-[40rem] xl:max-w-[48rem]\">\n<div class=\"group\/conversation-turn relative flex w-full min-w-0 flex-col agent-turn @xs\/thread:px-0 @sm\/thread:px-1.5 @md\/thread:px-4\">\n<div class=\"flex-col gap-1 md:gap-3\">\n<div class=\"flex max-w-full flex-col flex-grow\">\n<div class=\"min-h-8 text-message flex w-full flex-col items-end gap-2 whitespace-normal break-words text-start [.text-message+&amp;]:mt-5\" dir=\"auto\" data-message-author-role=\"assistant\" data-message-id=\"55a23854-ec57-48dd-bd4f-6118f43d6241\" data-message-model-slug=\"gpt-4o\">\n<div class=\"flex w-full flex-col gap-1 empty:hidden first:pt-[3px]\">\n<div class=\"markdown prose w-full break-words dark:prose-invert light\"><\/div>\n<\/div>\n<\/div>\n<\/div>\n<\/div>\n<\/div>\n<\/div>\n<\/div>\n<\/article>\n<\/div>\n<\/div>\n<\/div>\n<\/div>\n<\/div>\n<\/div>\n<\/div>\n<\/div>\n<\/div>\n<\/div>\n<\/article>\n<h2>Pourquoi choisir vapestornado pour l'achat en gros de Vapsolo Galaxy 30000 Vape ?<\/h2>\n<div class=\"flex-shrink-0 flex flex-col relative items-end\">\n<div class=\"pt-0\">\n<div class=\"gizmo-bot-avatar flex h-8 w-8 items-center justify-center overflow-hidden rounded-full\">\n<div class=\"relative p-1 rounded-sm flex items-center justify-center bg-token-main-surface-primary text-token-text-primary h-8 w-8\">\n<p>Bienvenue chez vapestornado, votre boutique de vape en ligne de confiance pour les vapes jetables de qualit\u00e9 sup\u00e9rieure. Avec plus de 5 ans d'expertise, nous vous proposons des marques populaires de vapes jetables telles que Fumot RandM Vape, Vapme, Bang Vape, Waspe Vape et WGA Vape, etc.<\/p>\n<p>Notre gamme comprend des vapes jetables \u00e0 double saveur tr\u00e8s populaires comme le <a href=\"https:\/\/vapestornado.com\/fr\/product\/waspe-fihp-36000-36k-puff-twins-flavor-rechargeable-disposable-vape-bulk-buy-at-wholesale-prices\/\">FIHP 36K Bouff\u00e9es Saveur Jumel\u00e9e<\/a>, <a href=\"https:\/\/vapestornado.com\/fr\/product\/waspe-crystal-40000-puffs-40k-double-flavor-rechargeable-disposable-vapes-cheap-price\/\">WASPE Crystal 40k Double Saveur<\/a> et des choix riches en saveurs comme le <a href=\"https:\/\/vapestornado.com\/fr\/product\/razzbar-15000-puffs-rechargeable-disposable-vape-bulk-buy-at-cheap-prices\/\">RAZZBAR 15000 Bouff\u00e9es<\/a>. Chaque produit est choisi en mettant l'accent sur la qualit\u00e9, la valeur et la vari\u00e9t\u00e9, afin de vous assurer de trouver la solution id\u00e9ale pour vos besoins. D\u00e9couvrez un service exceptionnel et une large gamme de produits de qualit\u00e9 sup\u00e9rieure \u00e0 prix de gros chez vapestornado.<\/p>\n<\/div>\n<h3><\/h3>\n<div class=\"relative p-1 rounded-sm flex items-center justify-center bg-token-main-surface-primary text-token-text-primary h-8 w-8\">\n<h2>FAQ pour la cigarette \u00e9lectronique jetable Vapsolo Galaxy 30000<\/h2>\n<\/div>\n<\/div>\n<\/div>\n<\/div>\n<div class=\"flex-shrink-0 flex flex-col relative items-end\">\n<div class=\"pt-0\">\n<div class=\"gizmo-bot-avatar flex h-8 w-8 items-center justify-center overflow-hidden rounded-full\">\n<div class=\"relative p-1 rounded-sm flex items-center justify-center bg-token-main-surface-primary text-token-text-primary h-8 w-8\">\n<div class=\"mb-2 flex gap-3 empty:hidden -ml-2\">\n<ol data-start=\"1890\" data-end=\"2794\">\n<li data-start=\"1890\" data-end=\"2083\">\n<p data-start=\"1893\" data-end=\"1966\"><strong data-start=\"1893\" data-end=\"1964\">O\u00f9 puis-je acheter le Vapsolo Galaxy 30000 Puffs \u00e0 des prix de gros ?<\/strong><\/p>\n<ul data-start=\"1970\" data-end=\"2083\">\n<li data-start=\"1970\" data-end=\"2083\">Vous pouvez obtenir <strong data-start=\"1984\" data-end=\"2008\">des offres exclusives pour les achats en gros<\/strong> chez Vapestornado<strong data-start=\"2012\" data-end=\"2040\">\u00a0boutique de vape en ligne<\/strong>, la source de confiance pour les vapes en gros.<\/li>\n<\/ul>\n<\/li>\n<li data-start=\"2085\" data-end=\"2278\">\n<p data-start=\"2088\" data-end=\"2125\"><strong data-start=\"2088\" data-end=\"2123\">Comment fonctionne l'\u00e9cran intelligent ?<\/strong><\/p>\n<ul data-start=\"2129\" data-end=\"2278\">\n<li data-start=\"2129\" data-end=\"2278\">L' <strong data-start=\"2135\" data-end=\"2164\">l'\u00e9cran tactile intelligent<\/strong> fournit <strong data-start=\"2174\" data-end=\"2231\">des mises \u00e0 jour en temps r\u00e9el sur l'autonomie de la batterie et les niveaux d'e-liquide<\/strong>, vous donnant un contr\u00f4le total sur votre vape.<\/li>\n<\/ul>\n<\/li>\n<li data-start=\"2280\" data-end=\"2442\">\n<p data-start=\"2283\" data-end=\"2324\"><strong data-start=\"2283\" data-end=\"2322\">Le Vapsolo Galaxy est-il rechargeable ?<\/strong><\/p>\n<ul data-start=\"2328\" data-end=\"2442\">\n<li data-start=\"2328\" data-end=\"2442\">Oui ! Le <strong data-start=\"2339\" data-end=\"2357\">Batterie de 850 mAh<\/strong> is <strong data-start=\"2361\" data-end=\"2384\">Rechargeable Type-C<\/strong>, assurant une performance durable avec une charge rapide.<\/li>\n<\/ul>\n<\/li>\n<li data-start=\"2444\" data-end=\"2614\">\n<p data-start=\"2447\" data-end=\"2491\"><strong data-start=\"2447\" data-end=\"2489\">Puis-je ajuster le flux d'air sur cette vape ?<\/strong><\/p>\n<ul data-start=\"2495\" data-end=\"2614\">\n<li data-start=\"2495\" data-end=\"2614\">Absolument ! L\u2019 <strong data-start=\"2513\" data-end=\"2543\">le r\u00e9glage du flux d'air \u00e0 4 niveaux<\/strong> vous permet de personnaliser votre tirage pour une exp\u00e9rience de vapotage parfaite.<\/li>\n<\/ul>\n<\/li>\n<li data-start=\"2616\" data-end=\"2794\">\n<p data-start=\"2619\" data-end=\"2666\"><strong data-start=\"2619\" data-end=\"2664\">Ce vape est-il disponible pour un achat en gros ?<\/strong><\/p>\n<ul data-start=\"2670\" data-end=\"2794\">\n<li data-start=\"2670\" data-end=\"2794\">Oui ! Le <strong data-start=\"2681\" data-end=\"2711\">Le Vapsolo Galaxy 30000 Puffs<\/strong> est id\u00e9al pour <strong data-start=\"2725\" data-end=\"2745\">acheteurs en gros<\/strong>, offrant <strong data-start=\"2756\" data-end=\"2791\">des fonctionnalit\u00e9s haut de gamme \u00e0 bas prix<\/strong>.<\/li>\n<\/ul>\n<\/li>\n<\/ol>\n<h4>Comment commander ?<\/h4>\n<p><strong>1. Quels modes de paiement acceptez-vous ?<\/strong><br \/>\nNous acceptons les virements IBAN et <span style=\"font-size: 16px;\">Western Union<\/span>\u00a0pour des transactions s\u00e9curis\u00e9es et pratiques.<\/p>\n<p><strong>2. Comment puis-je suivre ma commande ?<\/strong><br \/>\nUne fois votre commande exp\u00e9di\u00e9e, <span class=\"selectable-text copyable-text false\">nous continuerons \u00e0 suivre le parcours des marchandises jusqu'\u00e0 ce que vous les ayez re\u00e7ues<\/span>.<\/p>\n<p><strong>3. Quel est le d\u00e9lai de livraison estim\u00e9 ?<\/strong><\/p>\n<ul>\n<li>L'exp\u00e9dition depuis <strong>les entrep\u00f4ts en Chine<\/strong> prend environ <strong>7 \u00e0 14 jours ouvrables<\/strong>.<\/li>\n<li>L'exp\u00e9dition depuis <strong>Entrep\u00f4ts europ\u00e9ens<\/strong> prend g\u00e9n\u00e9ralement <strong>3 \u00e0 6 jours ouvrables<\/strong>.<\/li>\n<\/ul>\n<p><strong>4. Comment puis-je obtenir une livraison plus rapide ?<\/strong><br \/>\nPour une livraison plus rapide, nous vous recommandons de commander depuis notre <strong>entrep\u00f4t europ\u00e9en<\/strong>, qui offre des d\u00e9lais d'exp\u00e9dition plus rapides.<\/p>\n<p><strong>5. Comment retourner un article ?<\/strong><br \/>\nPour retourner un article, contactez notre service client\u00e8le pour obtenir des instructions d\u00e9taill\u00e9es sur la proc\u00e9dure de retour.<\/p>\n<p><strong>6. Proposez-vous une exp\u00e9dition internationale ?<\/strong><br \/>\nOui, nous exp\u00e9dions vers la plupart des pays et nous nous occupons du <strong>d\u00e9douanement<\/strong> pour une exp\u00e9rience de livraison sans souci.<\/p>\n<p><strong>7. Que faire si je re\u00e7ois un produit endommag\u00e9 ou d\u00e9fectueux ?<\/strong><br \/>\nSi votre article est endommag\u00e9 ou d\u00e9fectueux, contactez le service client pour un <strong>remplacement ou un remboursement<\/strong>.<\/p>\n<p><strong>8. Comment puis-je contacter le service client ?<\/strong><br \/>\nVous pouvez nous joindre par <strong>e-mail, WhatsApp ou chat en direct<\/strong> sur notre site web pour toute assistance.<\/p>\n<\/div>\n<\/div>\n<\/div>\n<\/div>\n<\/div>","protected":false},"excerpt":{"rendered":"<p>Vaporisateurs \u00e0 \u00e9cran Vapsolo 30000 bouff\u00e9es originaux<br \/>\nVape jetable Vapsolo Galaxy Vapers 30K bouff\u00e9es en gros d'usine<br \/>\nVapsolo Galaxy 30000 bouff\u00e9es Vape jetables intelligentes Prix de gros<\/p>\n<p><strong>Ajoutez le WhatsApp d'Amy pour obtenir une r\u00e9ponse rapide et un prix r\u00e9duit !<\/strong><\/p>\n<p><img fetchpriority=\"high\" decoding=\"async\" class=\"size-full wp-image-2932\" src=\"https:\/\/vapestornado.com\/wp-content\/uploads\/2024\/12\/Vape-Wholesale.jpg\" alt=\"Vente en Gros de Vapes\" width=\"229\" height=\"300\" \/><\/p>\n<h3><a href=\"https:\/\/wa.me\/8617776015835\"><span style=\"color: #ff0000;\"><strong>WhatsApp : +86 17776015835<\/strong><\/span><\/a><\/h3>\n<p>&nbsp;<\/p>","protected":false},"featured_media":3855,"comment_status":"open","ping_status":"closed","template":"","meta":{"_acf_changed":false,"_uag_custom_page_level_css":"","_lmt_disableupdate":"no","_lmt_disable":"","_monsterinsights_skip_tracking":false,"_monsterinsights_sitenote_active":false,"_monsterinsights_sitenote_note":"","_monsterinsights_sitenote_category":0,"site-sidebar-layout":"default","site-content-layout":"","ast-site-content-layout":"default","site-content-style":"default","site-sidebar-style":"default","ast-global-header-display":"","ast-banner-title-visibility":"","ast-main-header-display":"","ast-hfb-above-header-display":"","ast-hfb-below-header-display":"","ast-hfb-mobile-header-display":"","site-post-title":"","ast-breadcrumbs-content":"","ast-featured-img":"","footer-sml-layout":"","ast-disable-related-posts":"","theme-transparent-header-meta":"default","adv-header-id-meta":"","stick-header-meta":"","header-above-stick-meta":"","header-main-stick-meta":"","header-below-stick-meta":"","astra-migrate-meta-layouts":"set","ast-page-background-enabled":"default","ast-page-background-meta":{"desktop":{"background-color":"","background-image":"","background-repeat":"repeat","background-position":"center center","background-size":"auto","background-attachment":"scroll","background-type":"","background-media":"","overlay-type":"","overlay-color":"","overlay-opacity":"","overlay-gradient":""},"tablet":{"background-color":"","background-image":"","background-repeat":"repeat","background-position":"center center","background-size":"auto","background-attachment":"scroll","background-type":"","background-media":"","overlay-type":"","overlay-color":"","overlay-opacity":"","overlay-gradient":""},"mobile":{"background-color":"","background-image":"","background-repeat":"repeat","background-position":"center center","background-size":"auto","background-attachment":"scroll","background-type":"","background-media":"","overlay-type":"","overlay-color":"","overlay-opacity":"","overlay-gradient":""}},"ast-content-background-meta":{"desktop":{"background-color":"var(--ast-global-color-5)","background-image":"","background-repeat":"repeat","background-position":"center center","background-size":"auto","background-attachment":"scroll","background-type":"","background-media":"","overlay-type":"","overlay-color":"","overlay-opacity":"","overlay-gradient":""},"tablet":{"background-color":"var(--ast-global-color-5)","background-image":"","background-repeat":"repeat","background-position":"center center","background-size":"auto","background-attachment":"scroll","background-type":"","background-media":"","overlay-type":"","overlay-color":"","overlay-opacity":"","overlay-gradient":""},"mobile":{"background-color":"var(--ast-global-color-5)","background-image":"","background-repeat":"repeat","background-position":"center center","background-size":"auto","background-attachment":"scroll","background-type":"","background-media":"","overlay-type":"","overlay-color":"","overlay-opacity":"","overlay-gradient":""}},"_joinchat":{"telephone":"17776015835"}},"product_brand":[],"product_cat":[19,67,149,158,143,146,171],"product_tag":[105,97,250,94,241,93,249],"class_list":{"0":"post-3859","1":"product","2":"type-product","3":"status-publish","4":"has-post-thumbnail","6":"product_cat-vapes","7":"product_cat-30000-puff","8":"product_cat-buy-disposable-vapes-in-austria","9":"product_cat-buy-disposable-vapes-in-spain","10":"product_cat-dual-mesh-disposable-vapes","11":"product_cat-rechargeable-disposable-vapes","12":"product_cat-vapsolo-disposable-vapes","13":"product_tag-digital-disposable-vape","14":"product_tag-hot-sale-disposable-vape","15":"product_tag-puff-30k","16":"product_tag-rechargeable-disposable-vape","17":"product_tag-smart-screen-disposable-vape","18":"product_tag-vape-wholesale","19":"product_tag-vapsolo-galaxy-30000","20":"desktop-align-left","21":"tablet-align-left","22":"mobile-align-left","24":"first","25":"instock","26":"sale","27":"shipping-taxable","28":"purchasable","29":"product-type-simple"},"acf":[],"uagb_featured_image_src":{"full":["https:\/\/vapestornado.com\/wp-content\/uploads\/2025\/03\/Vapsolo-Galaxy-30k-30000-Puffs-Disposable-Vape.webp",800,800,false],"thumbnail":["https:\/\/vapestornado.com\/wp-content\/uploads\/2025\/03\/Vapsolo-Galaxy-30k-30000-Puffs-Disposable-Vape-150x150.webp",150,150,true],"medium":["https:\/\/vapestornado.com\/wp-content\/uploads\/2025\/03\/Vapsolo-Galaxy-30k-30000-Puffs-Disposable-Vape-300x300.webp",300,300,true],"medium_large":["https:\/\/vapestornado.com\/wp-content\/uploads\/2025\/03\/Vapsolo-Galaxy-30k-30000-Puffs-Disposable-Vape-768x768.webp",768,768,true],"large":["https:\/\/vapestornado.com\/wp-content\/uploads\/2025\/03\/Vapsolo-Galaxy-30k-30000-Puffs-Disposable-Vape.webp",800,800,false],"1536x1536":["https:\/\/vapestornado.com\/wp-content\/uploads\/2025\/03\/Vapsolo-Galaxy-30k-30000-Puffs-Disposable-Vape.webp",800,800,false],"2048x2048":["https:\/\/vapestornado.com\/wp-content\/uploads\/2025\/03\/Vapsolo-Galaxy-30k-30000-Puffs-Disposable-Vape.webp",800,800,false],"trp-custom-language-flag":["https:\/\/vapestornado.com\/wp-content\/uploads\/2025\/03\/Vapsolo-Galaxy-30k-30000-Puffs-Disposable-Vape.webp",12,12,false],"woocommerce_thumbnail":["https:\/\/vapestornado.com\/wp-content\/uploads\/2025\/03\/Vapsolo-Galaxy-30k-30000-Puffs-Disposable-Vape-300x300.webp",300,300,true],"woocommerce_single":["https:\/\/vapestornado.com\/wp-content\/uploads\/2025\/03\/Vapsolo-Galaxy-30k-30000-Puffs-Disposable-Vape-600x600.webp",600,600,true],"woocommerce_gallery_thumbnail":["https:\/\/vapestornado.com\/wp-content\/uploads\/2025\/03\/Vapsolo-Galaxy-30k-30000-Puffs-Disposable-Vape-100x100.webp",100,100,true]},"uagb_author_info":{"display_name":"ESAMY","author_link":"https:\/\/vapestornado.com\/fr\/author\/"},"uagb_comment_info":0,"uagb_excerpt":"Original Vapsolo 30000 Puffs Best Screen Vaporizers Vape Factory Wholesale Vapsolo Galaxy Vapers 30K Puff Disposable Vape Vapsolo Galaxy 30000 Puff Smart Disposables Vape Bulk Price Add Amy's whatsapp to get right reply and discount price! WhatsApp: +86 17776015835 &nbsp;","_links":{"self":[{"href":"https:\/\/vapestornado.com\/fr\/wp-json\/wp\/v2\/product\/3859","targetHints":{"allow":["GET"]}}],"collection":[{"href":"https:\/\/vapestornado.com\/fr\/wp-json\/wp\/v2\/product"}],"about":[{"href":"https:\/\/vapestornado.com\/fr\/wp-json\/wp\/v2\/types\/product"}],"replies":[{"embeddable":true,"href":"https:\/\/vapestornado.com\/fr\/wp-json\/wp\/v2\/comments?post=3859"}],"wp:featuredmedia":[{"embeddable":true,"href":"https:\/\/vapestornado.com\/fr\/wp-json\/wp\/v2\/media\/3855"}],"wp:attachment":[{"href":"https:\/\/vapestornado.com\/fr\/wp-json\/wp\/v2\/media?parent=3859"}],"wp:term":[{"taxonomy":"product_brand","embeddable":true,"href":"https:\/\/vapestornado.com\/fr\/wp-json\/wp\/v2\/product_brand?post=3859"},{"taxonomy":"product_cat","embeddable":true,"href":"https:\/\/vapestornado.com\/fr\/wp-json\/wp\/v2\/product_cat?post=3859"},{"taxonomy":"product_tag","embeddable":true,"href":"https:\/\/vapestornado.com\/fr\/wp-json\/wp\/v2\/product_tag?post=3859"}],"curies":[{"name":"wp","href":"https:\/\/api.w.org\/{rel}","templated":true}]}}