{"id":3796,"date":"2025-02-19T07:21:03","date_gmt":"2025-02-19T07:21:03","guid":{"rendered":"https:\/\/vapestornado.com\/?post_type=product&#038;p=3796"},"modified":"2025-08-23T09:18:00","modified_gmt":"2025-08-23T09:18:00","slug":"waspe-12000-digital-box-12k-puff-vapes-disposable-wholesale-price","status":"publish","type":"product","link":"https:\/\/vapestornado.com\/fr\/product\/waspe-12000-digital-box-12k-puff-vapes-disposable-wholesale-price\/","title":{"rendered":"Waspe 12000 Digital Box 12k Puff Vapes Jetables Prix de gros"},"content":{"rendered":"<h1 data-pm-slice=\"1 1 []\">Waspe 12000 Digital Box 12k Puff Vapes Jetables Prix de gros<del><br \/>\n<\/del><\/h1>\n<p data-start=\"235\" data-end=\"489\">L' <strong data-start=\"239\" data-end=\"282\">Waspe 12000 Digital Box Vape Jetable<\/strong> combine capacit\u00e9, performance et commodit\u00e9 en un seul appareil \u00e9l\u00e9gant. Avec jusqu'\u00e0 <strong data-start=\"363\" data-end=\"379\">12 000 bouff\u00e9es<\/strong> et une <strong data-start=\"386\" data-end=\"408\">r\u00e9servoir d'e-liquide de 25 ml<\/strong>, il offre des sessions de longue dur\u00e9e qui plaisent aux utilisateurs occasionnels comme aux gros fumeurs.<\/p>\n<p data-start=\"491\" data-end=\"721\">\u00c9quip\u00e9 d'un <strong data-start=\"508\" data-end=\"538\">\u00e9cran num\u00e9rique int\u00e9gr\u00e9<\/strong>, les utilisateurs peuvent facilement surveiller le nombre de bouff\u00e9es et l'autonomie de la batterie en temps r\u00e9el. Le <strong data-start=\"611\" data-end=\"642\">batterie rechargeable de 650 mAh<\/strong> avec <strong data-start=\"648\" data-end=\"672\">Charge rapide Type-C<\/strong> assure une utilisation efficace sans gaspillage de e-liquide.<\/p>\n<p data-start=\"723\" data-end=\"948\">Utilisant <strong data-start=\"729\" data-end=\"758\">technologie de double bobine en maille<\/strong>, le Waspe 12K offre une production de vapeur douce et une saveur riche sur une large s\u00e9lection de m\u00e9langes. Disponible dans des niveaux de nicotine de <strong data-start=\"890\" data-end=\"908\">0%, 2% et 5%<\/strong>, il r\u00e9pond \u00e0 toutes les pr\u00e9f\u00e9rences de vapotage.<\/p>\n<p data-start=\"950\" data-end=\"1150\">Pour les grossistes et les d\u00e9taillants, le <strong data-start=\"985\" data-end=\"1017\">Vape Waspe 12000 Digital Box<\/strong> offre un fort potentiel de revente gr\u00e2ce \u00e0 sa combinaison d'un nombre \u00e9lev\u00e9 de bouff\u00e9es, de fonctionnalit\u00e9s avanc\u00e9es et de prix de gros comp\u00e9titifs.<\/p>\n<p><strong><span style=\"color: #ff0000;\">Ajoutez le WhatsApp d'Amy pour obtenir une bonne r\u00e9ponse et un coupon de vape !<\/span><\/strong><\/p>\n<p><img fetchpriority=\"high\" decoding=\"async\" class=\"size-full wp-image-2932\" src=\"https:\/\/vapestornado.com\/wp-content\/uploads\/2024\/12\/Vape-Wholesale.jpg\" alt=\"Vente en Gros de Vapes\" width=\"229\" height=\"300\" \/><\/p>\n<h3><a href=\"https:\/\/wa.me\/8617776015835\" target=\"_blank\" rel=\"noopener\"><span style=\"color: #ff0000;\"><strong>WhatsApp : +86 17776015835<\/strong><\/span><\/a><\/h3>\n<p>&nbsp;<\/p>\n<h2><strong>Caract\u00e9ristiques du produit Waspe 12000 Digital Box 12k<\/strong><\/h2>\n<p>Bouff\u00e9es: 12000 bouff\u00e9es<br \/>\nDouble bobine maill\u00e9e de 1.0 ohm<br \/>\nBatterie : A650mAh<br \/>\nE-liquide : 20ml<br \/>\nNicotine : 2% \/ 5% de nicotine<br \/>\nRechargeable en Type-c<br \/>\n\u00c9cran d'affichage pour l'e-liquide et la batterie<\/p>\n<h2 class=\"product-title\"><strong>Liste des saveurs Waspe Digital Box 12k<\/strong><\/h2>\n<p>1 Past\u00e8que glac\u00e9e<strong> <span style=\"color: #ff0000;\">&gt;&gt;&gt;&gt; Chaud !<\/span><\/strong><br \/>\n2 Framboise bleue glac\u00e9e <strong><span style=\"color: #ff0000;\">&gt;&gt;&gt;&gt; Chaud !<\/span><\/strong><br \/>\n3 Glace au Raisin<br \/>\n4 Fraise Past\u00e8que <strong><span style=\"color: #ff0000;\">&gt;&gt;&gt;&gt; Chaud !<\/span><\/strong><br \/>\n5 Baies m\u00e9lang\u00e9es <strong><span style=\"color: #ff0000;\">&gt;&gt;&gt;&gt; Le meilleur !<\/span><\/strong><br \/>\n6 Beignets \u00e0 la fraise<br \/>\n7 Myrtille Framboise <strong><span style=\"color: #ff0000;\">&gt;&gt;&gt;&gt; Chaud !<\/span><\/strong><br \/>\n8 Fraise Framboise Cerise <strong><span style=\"color: #ff0000;\">&gt;&gt;&gt;&gt; Chaud !<\/span><\/strong><br \/>\n9 Past\u00e8que Mangue P\u00eache<br \/>\n10 Jus de poire au vin rouge<\/p>\n<article class=\"w-full text-token-text-primary focus-visible:outline-2 focus-visible:outline-offset-[-4px]\" dir=\"auto\" data-testid=\"conversation-turn-32\" data-scroll-anchor=\"false\">\n<div class=\"m-auto text-base py-[18px] px-6\">\n<div class=\"mx-auto flex flex-1 text-base gap-4 md:gap-5 lg:gap-6 md:max-w-3xl lg:max-w-[40rem] xl:max-w-[48rem]\">\n<div class=\"group\/conversation-turn relative flex w-full min-w-0 flex-col @xs\/thread:px-0 @sm\/thread:px-1.5 @md\/thread:px-4\">\n<div class=\"flex-col gap-1 md:gap-3\">\n<div class=\"flex max-w-full flex-col flex-grow\">\n<div class=\"min-h-8 text-message flex w-full flex-col items-end gap-2 whitespace-normal break-words text-start [.text-message+&amp;]:mt-5\" dir=\"auto\" data-message-author-role=\"user\" data-message-id=\"ffac41ca-1db4-431b-873a-32c4052956f1\">\n<div class=\"flex w-full flex-col gap-1 empty:hidden items-end rtl:items-start\">\n<div class=\"relative max-w-[var(--user-chat-width,70%)] rounded-3xl bg-token-message-surface px-5 py-2.5\">\n<div class=\"absolute bottom-0 right-full top-0 -mr-3.5 hidden pr-5 pt-2 [.group\/conversation-turn:hover_&amp;]:flex\">\n<div class=\"flex\">\n<article class=\"w-full text-token-text-primary focus-visible:outline-2 focus-visible:outline-offset-[-4px]\" dir=\"auto\" data-testid=\"conversation-turn-39\" data-scroll-anchor=\"true\">\n<div class=\"m-auto text-base py-[18px] px-6\">\n<div class=\"mx-auto flex flex-1 text-base gap-4 md:gap-5 lg:gap-6 md:max-w-3xl lg:max-w-[40rem] xl:max-w-[48rem]\">\n<div class=\"group\/conversation-turn relative flex w-full min-w-0 flex-col agent-turn @xs\/thread:px-0 @sm\/thread:px-1.5 @md\/thread:px-4\">\n<div class=\"flex-col gap-1 md:gap-3\">\n<div class=\"flex max-w-full flex-col flex-grow\">\n<div class=\"min-h-8 text-message flex w-full flex-col items-end gap-2 whitespace-normal break-words text-start [.text-message+&amp;]:mt-5\" dir=\"auto\" data-message-author-role=\"assistant\" data-message-id=\"55a23854-ec57-48dd-bd4f-6118f43d6241\" data-message-model-slug=\"gpt-4o\">\n<div class=\"flex w-full flex-col gap-1 empty:hidden first:pt-[3px]\">\n<div class=\"markdown prose w-full break-words dark:prose-invert light\">\n<figure id=\"attachment_3816\" aria-describedby=\"caption-attachment-3816\" style=\"width: 800px\" class=\"wp-caption alignnone\"><img decoding=\"async\" class=\"wp-image-3816 size-full\" src=\"https:\/\/vapestornado.com\/wp-content\/uploads\/2025\/03\/Waspe-12k-Puffs-Digital-Box.webp\" alt=\"Bo\u00eete num\u00e9rique Waspe 12k Puffs\" width=\"800\" height=\"800\" srcset=\"https:\/\/vapestornado.com\/wp-content\/uploads\/2025\/03\/Waspe-12k-Puffs-Digital-Box.webp 800w, https:\/\/vapestornado.com\/wp-content\/uploads\/2025\/03\/Waspe-12k-Puffs-Digital-Box-300x300.webp 300w, https:\/\/vapestornado.com\/wp-content\/uploads\/2025\/03\/Waspe-12k-Puffs-Digital-Box-150x150.webp 150w, https:\/\/vapestornado.com\/wp-content\/uploads\/2025\/03\/Waspe-12k-Puffs-Digital-Box-768x768.webp 768w, https:\/\/vapestornado.com\/wp-content\/uploads\/2025\/03\/Waspe-12k-Puffs-Digital-Box-600x600.webp 600w, https:\/\/vapestornado.com\/wp-content\/uploads\/2025\/03\/Waspe-12k-Puffs-Digital-Box-100x100.webp 100w\" sizes=\"(max-width: 800px) 100vw, 800px\" \/><figcaption id=\"caption-attachment-3816\" class=\"wp-caption-text\">Bo\u00eete num\u00e9rique Waspe 12k Puffs<\/figcaption><\/figure>\n<\/div>\n<\/div>\n<\/div>\n<\/div>\n<\/div>\n<\/div>\n<\/div>\n<\/div>\n<\/article>\n<\/div>\n<\/div>\n<\/div>\n<\/div>\n<\/div>\n<\/div>\n<\/div>\n<\/div>\n<\/div>\n<\/div>\n<\/article>\n<h3>Pourquoi choisir vapestornado pour la vente en gros de vapes jetables Waspe Digital Box 12000 Puffs ?<\/h3>\n<div class=\"flex-shrink-0 flex flex-col relative items-end\">\n<div class=\"pt-0\">\n<div class=\"gizmo-bot-avatar flex h-8 w-8 items-center justify-center overflow-hidden rounded-full\">\n<div class=\"relative p-1 rounded-sm flex items-center justify-center bg-token-main-surface-primary text-token-text-primary h-8 w-8\">\n<p>Bienvenue chez vapestornado, votre boutique de vape en ligne de confiance pour les vapes jetables de qualit\u00e9 sup\u00e9rieure. Avec plus de 5 ans d'expertise, nous vous proposons des marques populaires de vapes jetables telles que Fumot RandM Vape, Vapme, Bang Vape, Waspe Vape et WGA Vape, etc.<\/p>\n<p>Notre gamme comprend des vapes jetables \u00e0 double saveur tr\u00e8s populaires comme le <a href=\"https:\/\/vapestornado.com\/fr\/product\/waspe-fihp-36000-36k-puff-twins-flavor-rechargeable-disposable-vape-bulk-buy-at-wholesale-prices\/\">FIHP 36K Bouff\u00e9es Saveur Jumel\u00e9e<\/a>, <a href=\"https:\/\/vapestornado.com\/fr\/product\/waspe-crystal-40000-puffs-40k-double-flavor-rechargeable-disposable-vapes-cheap-price\/\">WASPE Crystal 40k Double Saveur<\/a> et des choix riches en saveurs comme le <a href=\"https:\/\/vapestornado.com\/fr\/product\/razzbar-15000-puffs-rechargeable-disposable-vape-bulk-buy-at-cheap-prices\/\">RAZZBAR 15000 Bouff\u00e9es<\/a>. Chaque produit est choisi en mettant l'accent sur la qualit\u00e9, la valeur et la vari\u00e9t\u00e9, afin de vous assurer de trouver la solution id\u00e9ale pour vos besoins. D\u00e9couvrez un service exceptionnel et une large gamme de produits de qualit\u00e9 sup\u00e9rieure \u00e0 prix de gros chez vapestornado.<\/p>\n<\/div>\n<h3><\/h3>\n<div class=\"relative p-1 rounded-sm flex items-center justify-center bg-token-main-surface-primary text-token-text-primary h-8 w-8\">\n<h3>FAQ pour la vape jetable Waspe 12000 Puffs<\/h3>\n<\/div>\n<\/div>\n<\/div>\n<\/div>\n<div class=\"flex-shrink-0 flex flex-col relative items-end\">\n<div class=\"pt-0\">\n<div class=\"gizmo-bot-avatar flex h-8 w-8 items-center justify-center overflow-hidden rounded-full\">\n<div class=\"relative p-1 rounded-sm flex items-center justify-center bg-token-main-surface-primary text-token-text-primary h-8 w-8\">\n<div class=\"mb-2 flex gap-3 empty:hidden -ml-2\">\n<p data-pm-slice=\"1 1 []\"><strong>1. Combien de temps dure la Waspe 12000 ?<\/strong><\/p>\n<p data-pm-slice=\"1 1 []\">La Waspe 12000 fournit <strong>jusqu'\u00e0 12 000 bouff\u00e9es<\/strong>, ce qui en fait l'une des vapes jetables les plus durables sur le march\u00e9. Avec sa <strong>batterie rechargeable<\/strong>, vous pouvez profiter d'une vape ininterrompue pendant une p\u00e9riode prolong\u00e9e.<\/p>\n<p><strong>2. Le Waspe 12000 a-t-il un \u00e9cran num\u00e9rique ?<\/strong><\/p>\n<p>Oui ! L'\u00e9cran int\u00e9gr\u00e9 <strong>affichage num\u00e9rique<\/strong> vous permet de suivre en temps r\u00e9el la dur\u00e9e de vie de votre batterie et le nombre de bouff\u00e9es, offrant une exp\u00e9rience de vapotage fluide.<\/p>\n<p><strong>3. Quels ar\u00f4mes sont disponibles pour le Waspe 12000 ?<\/strong><\/p>\n<p>Cette vape est disponible dans une <strong>grande vari\u00e9t\u00e9 de saveurs<\/strong>, y compris des options fruit\u00e9es, menthol\u00e9es et de tabac classique. Il y en a pour tous les go\u00fbts !<\/p>\n<p><strong>4. Le Waspe 12000 est-il rechargeable ?<\/strong><\/p>\n<p>Absolument ! Le Waspe 12000 est dot\u00e9 d'un port <strong>Charge rapide Type-C<\/strong> , vous pouvez donc le recharger rapidement et continuer \u00e0 vapoter sans longs d\u00e9lais d'attente.<\/p>\n<p><strong>5. O\u00f9 puis-je acheter le Waspe 12000 \u00e0 des prix de gros ?<\/strong><\/p>\n<p>Pour les meilleurs <strong>prix de gros<\/strong>, consultez <strong>Boutique de vape en ligne Vapestornado<\/strong>, votre source de confiance pour <strong>vapes jetables bon march\u00e9<\/strong> et les achats en gros.<\/p>\n<h4>Comment commander ?<\/h4>\n<p><strong>1. Quels modes de paiement acceptez-vous ?<\/strong><br \/>\nNous acceptons les virements IBAN et <span style=\"font-size: 16px;\">Western Union<\/span>\u00a0pour des transactions s\u00e9curis\u00e9es et pratiques.<\/p>\n<p><strong>2. Comment puis-je suivre ma commande ?<\/strong><br \/>\nUne fois votre commande exp\u00e9di\u00e9e, <span class=\"selectable-text copyable-text false\">nous continuerons \u00e0 suivre le parcours des marchandises jusqu'\u00e0 ce que vous les ayez re\u00e7ues<\/span>.<\/p>\n<p><strong>3. Quel est le d\u00e9lai de livraison estim\u00e9 ?<\/strong><\/p>\n<ul>\n<li>L'exp\u00e9dition depuis <strong>les entrep\u00f4ts en Chine<\/strong> prend environ <strong>7 \u00e0 14 jours ouvrables<\/strong>.<\/li>\n<li>L'exp\u00e9dition depuis <strong>Entrep\u00f4ts europ\u00e9ens<\/strong> prend g\u00e9n\u00e9ralement <strong>3 \u00e0 6 jours ouvrables<\/strong>.<\/li>\n<\/ul>\n<p><strong>4. Comment puis-je obtenir une livraison plus rapide ?<\/strong><br \/>\nPour une livraison plus rapide, nous vous recommandons de commander depuis notre <strong>entrep\u00f4t europ\u00e9en<\/strong>, qui offre des d\u00e9lais d'exp\u00e9dition plus rapides.<\/p>\n<p><strong>5. Comment retourner un article ?<\/strong><br \/>\nPour retourner un article, contactez notre service client\u00e8le pour obtenir des instructions d\u00e9taill\u00e9es sur la proc\u00e9dure de retour.<\/p>\n<p><strong>6. Proposez-vous une exp\u00e9dition internationale ?<\/strong><br \/>\nOui, nous exp\u00e9dions vers la plupart des pays et nous nous occupons du <strong>d\u00e9douanement<\/strong> pour une exp\u00e9rience de livraison sans souci.<\/p>\n<p><strong>7. Que faire si je re\u00e7ois un produit endommag\u00e9 ou d\u00e9fectueux ?<\/strong><br \/>\nSi votre article est endommag\u00e9 ou d\u00e9fectueux, contactez le service client pour un <strong>remplacement ou un remboursement<\/strong>.<\/p>\n<p><strong>8. Comment puis-je contacter le service client ?<\/strong><br \/>\nVous pouvez nous joindre par <strong>e-mail, WhatsApp ou chat en direct<\/strong> sur notre site web pour toute assistance.<\/p>\n<\/div>\n<\/div>\n<\/div>\n<\/div>\n<\/div>","protected":false},"excerpt":{"rendered":"<p><strong>12000 bouff\u00e9es massives<\/strong> pour une utilisation prolong\u00e9e \u2714 <strong>Rechargeable<\/strong> avec <strong>port Type-C \u00e0 charge rapide<\/strong> \u2714 <strong>Affichage num\u00e9rique<\/strong> pour une surveillance en temps r\u00e9el de la batterie <strong>Vari\u00e9t\u00e9 de saveurs<\/strong> pour satisfaire toutes les pr\u00e9f\u00e9rences gustatives \u2714 <strong>Bobine \u00e0 double maille de haute qualit\u00e9<\/strong> pour une production de vapeur am\u00e9lior\u00e9e \u2714 <strong>Prix de gros bas<\/strong> pour les acheteurs en vrac<\/p>\n<p>Obtenez les meilleures offres sur <strong>Vapes Waspe 12000 Digital Box 12K bouff\u00e9es<\/strong> d\u00e8s maintenant ! <strong>Les vapes jetables en gros<\/strong> n'ont jamais \u00e9t\u00e9 aussi abordables !<\/p>\n<p><strong>Ajoutez le WhatsApp d'Amy pour obtenir une bonne r\u00e9ponse et un coupon de vape !<\/strong><\/p>\n<p><img fetchpriority=\"high\" decoding=\"async\" class=\"size-full wp-image-2932\" src=\"https:\/\/vapestornado.com\/wp-content\/uploads\/2024\/12\/Vape-Wholesale.jpg\" alt=\"Vente en Gros de Vapes\" width=\"229\" height=\"300\" \/><\/p>\n<h3><a href=\"https:\/\/wa.me\/8617776015835\"><span style=\"color: #ff0000;\"><strong>WhatsApp : +86 17776015835<\/strong><\/span><\/a><\/h3>\n<p>&nbsp;<\/p>","protected":false},"featured_media":3815,"comment_status":"open","ping_status":"closed","template":"","meta":{"_acf_changed":false,"_uag_custom_page_level_css":"","_lmt_disableupdate":"no","_lmt_disable":"","_monsterinsights_skip_tracking":false,"_monsterinsights_sitenote_active":false,"_monsterinsights_sitenote_note":"","_monsterinsights_sitenote_category":0,"site-sidebar-layout":"default","site-content-layout":"","ast-site-content-layout":"default","site-content-style":"default","site-sidebar-style":"default","ast-global-header-display":"","ast-banner-title-visibility":"","ast-main-header-display":"","ast-hfb-above-header-display":"","ast-hfb-below-header-display":"","ast-hfb-mobile-header-display":"","site-post-title":"","ast-breadcrumbs-content":"","ast-featured-img":"","footer-sml-layout":"","ast-disable-related-posts":"","theme-transparent-header-meta":"default","adv-header-id-meta":"","stick-header-meta":"","header-above-stick-meta":"","header-main-stick-meta":"","header-below-stick-meta":"","astra-migrate-meta-layouts":"set","ast-page-background-enabled":"default","ast-page-background-meta":{"desktop":{"background-color":"","background-image":"","background-repeat":"repeat","background-position":"center center","background-size":"auto","background-attachment":"scroll","background-type":"","background-media":"","overlay-type":"","overlay-color":"","overlay-opacity":"","overlay-gradient":""},"tablet":{"background-color":"","background-image":"","background-repeat":"repeat","background-position":"center center","background-size":"auto","background-attachment":"scroll","background-type":"","background-media":"","overlay-type":"","overlay-color":"","overlay-opacity":"","overlay-gradient":""},"mobile":{"background-color":"","background-image":"","background-repeat":"repeat","background-position":"center center","background-size":"auto","background-attachment":"scroll","background-type":"","background-media":"","overlay-type":"","overlay-color":"","overlay-opacity":"","overlay-gradient":""}},"ast-content-background-meta":{"desktop":{"background-color":"var(--ast-global-color-5)","background-image":"","background-repeat":"repeat","background-position":"center center","background-size":"auto","background-attachment":"scroll","background-type":"","background-media":"","overlay-type":"","overlay-color":"","overlay-opacity":"","overlay-gradient":""},"tablet":{"background-color":"var(--ast-global-color-5)","background-image":"","background-repeat":"repeat","background-position":"center center","background-size":"auto","background-attachment":"scroll","background-type":"","background-media":"","overlay-type":"","overlay-color":"","overlay-opacity":"","overlay-gradient":""},"mobile":{"background-color":"var(--ast-global-color-5)","background-image":"","background-repeat":"repeat","background-position":"center center","background-size":"auto","background-attachment":"scroll","background-type":"","background-media":"","overlay-type":"","overlay-color":"","overlay-opacity":"","overlay-gradient":""}},"_joinchat":{"telephone":"17776015835"}},"product_brand":[],"product_cat":[19,72,151,155,160,142,146,60],"product_tag":[247,105,97,94,241,93,248],"class_list":{"0":"post-3796","1":"product","2":"type-product","3":"status-publish","4":"has-post-thumbnail","6":"product_cat-vapes","7":"product_cat-12000-puff","8":"product_cat-buy-disposable-vapes-in-france","9":"product_cat-buy-disposable-vapes-in-norway","10":"product_cat-buy-disposable-vapes-in-switzerland","11":"product_cat-digital-box-disposable-vapes","12":"product_cat-rechargeable-disposable-vapes","13":"product_cat-waspe-fihp-vape","14":"product_tag-12k-puff","15":"product_tag-digital-disposable-vape","16":"product_tag-hot-sale-disposable-vape","17":"product_tag-rechargeable-disposable-vape","18":"product_tag-smart-screen-disposable-vape","19":"product_tag-vape-wholesale","20":"product_tag-waspe-12000-digital-box","21":"desktop-align-left","22":"tablet-align-left","23":"mobile-align-left","25":"first","26":"instock","27":"sale","28":"shipping-taxable","29":"purchasable","30":"product-type-simple"},"acf":[],"uagb_featured_image_src":{"full":["https:\/\/vapestornado.com\/wp-content\/uploads\/2025\/03\/WASPE-12k-Puff-Disposable-Vape-Bulk-Buy.webp",800,800,false],"thumbnail":["https:\/\/vapestornado.com\/wp-content\/uploads\/2025\/03\/WASPE-12k-Puff-Disposable-Vape-Bulk-Buy-150x150.webp",150,150,true],"medium":["https:\/\/vapestornado.com\/wp-content\/uploads\/2025\/03\/WASPE-12k-Puff-Disposable-Vape-Bulk-Buy-300x300.webp",300,300,true],"medium_large":["https:\/\/vapestornado.com\/wp-content\/uploads\/2025\/03\/WASPE-12k-Puff-Disposable-Vape-Bulk-Buy-768x768.webp",768,768,true],"large":["https:\/\/vapestornado.com\/wp-content\/uploads\/2025\/03\/WASPE-12k-Puff-Disposable-Vape-Bulk-Buy.webp",800,800,false],"1536x1536":["https:\/\/vapestornado.com\/wp-content\/uploads\/2025\/03\/WASPE-12k-Puff-Disposable-Vape-Bulk-Buy.webp",800,800,false],"2048x2048":["https:\/\/vapestornado.com\/wp-content\/uploads\/2025\/03\/WASPE-12k-Puff-Disposable-Vape-Bulk-Buy.webp",800,800,false],"trp-custom-language-flag":["https:\/\/vapestornado.com\/wp-content\/uploads\/2025\/03\/WASPE-12k-Puff-Disposable-Vape-Bulk-Buy.webp",12,12,false],"woocommerce_thumbnail":["https:\/\/vapestornado.com\/wp-content\/uploads\/2025\/03\/WASPE-12k-Puff-Disposable-Vape-Bulk-Buy-300x300.webp",300,300,true],"woocommerce_single":["https:\/\/vapestornado.com\/wp-content\/uploads\/2025\/03\/WASPE-12k-Puff-Disposable-Vape-Bulk-Buy-600x600.webp",600,600,true],"woocommerce_gallery_thumbnail":["https:\/\/vapestornado.com\/wp-content\/uploads\/2025\/03\/WASPE-12k-Puff-Disposable-Vape-Bulk-Buy-100x100.webp",100,100,true]},"uagb_author_info":{"display_name":"ESAMY","author_link":"https:\/\/vapestornado.com\/fr\/author\/"},"uagb_comment_info":0,"uagb_excerpt":"Massive 12000 puffs for extended usage \u2714 Rechargeable with fast-charging Type-C port \u2714 Digital display for real-time monitoring of battery &amp; puffs \u2714 Variety of flavors to suit all taste preferences \u2714 High-quality dual mesh coil for enhanced vapor production \u2714 Low wholesale prices for bulk buyers Get the best deals on Waspe 12000 Digital\u2026","_links":{"self":[{"href":"https:\/\/vapestornado.com\/fr\/wp-json\/wp\/v2\/product\/3796","targetHints":{"allow":["GET"]}}],"collection":[{"href":"https:\/\/vapestornado.com\/fr\/wp-json\/wp\/v2\/product"}],"about":[{"href":"https:\/\/vapestornado.com\/fr\/wp-json\/wp\/v2\/types\/product"}],"replies":[{"embeddable":true,"href":"https:\/\/vapestornado.com\/fr\/wp-json\/wp\/v2\/comments?post=3796"}],"wp:featuredmedia":[{"embeddable":true,"href":"https:\/\/vapestornado.com\/fr\/wp-json\/wp\/v2\/media\/3815"}],"wp:attachment":[{"href":"https:\/\/vapestornado.com\/fr\/wp-json\/wp\/v2\/media?parent=3796"}],"wp:term":[{"taxonomy":"product_brand","embeddable":true,"href":"https:\/\/vapestornado.com\/fr\/wp-json\/wp\/v2\/product_brand?post=3796"},{"taxonomy":"product_cat","embeddable":true,"href":"https:\/\/vapestornado.com\/fr\/wp-json\/wp\/v2\/product_cat?post=3796"},{"taxonomy":"product_tag","embeddable":true,"href":"https:\/\/vapestornado.com\/fr\/wp-json\/wp\/v2\/product_tag?post=3796"}],"curies":[{"name":"wp","href":"https:\/\/api.w.org\/{rel}","templated":true}]}}