{"id":3788,"date":"2025-02-18T03:50:57","date_gmt":"2025-02-18T03:50:57","guid":{"rendered":"https:\/\/vapestornado.com\/?post_type=product&#038;p=3788"},"modified":"2025-08-23T09:28:52","modified_gmt":"2025-08-23T09:28:52","slug":"jnr-nicotine-pouches-25mg-15-flavours-shop-online-lower-price","status":"publish","type":"product","link":"https:\/\/vapestornado.com\/fr\/product\/jnr-nicotine-pouches-25mg-15-flavours-shop-online-lower-price\/","title":{"rendered":"Sachets de nicotine JNR 25mg 15+ Saveurs Boutique en ligne Prix bas"},"content":{"rendered":"<h1 class=\"product-title\">Sachets de nicotine JNR 25mg 15+ Saveurs Boutique en ligne Prix bas<\/h1>\n<p data-start=\"263\" data-end=\"535\">L' <strong data-start=\"267\" data-end=\"296\">Sachets de nicotine JNR 25mg<\/strong> sont con\u00e7us pour les utilisateurs qui souhaitent une exp\u00e9rience nicotinique forte et efficace sans fumer ni vapoter. Chaque sachet contient <strong data-start=\"419\" data-end=\"439\">25 mg de nicotine<\/strong>, offrant une lib\u00e9ration rapide et puissante, id\u00e9ale pour les utilisateurs exp\u00e9riment\u00e9s \u00e0 la recherche d'intensit\u00e9 et de concentration.<\/p>\n<p data-start=\"537\" data-end=\"781\">Fabriqu\u00e9s \u00e0 partir de <strong data-start=\"547\" data-end=\"583\">fibres v\u00e9g\u00e9tales sans tabac<\/strong>, ces sachets minces se placent confortablement sous la l\u00e8vre sup\u00e9rieure, sans d\u00e9g\u00e2ts, sans crachats et sans odeur persistante. Leur conception discr\u00e8te les rend faciles \u00e0 utiliser \u00e0 tout moment : au travail, en d\u00e9placement ou dans des contextes sociaux.<\/p>\n<p data-start=\"783\" data-end=\"1056\">Disponible en <strong data-start=\"796\" data-end=\"811\">Plus de 15 saveurs<\/strong> dont Menthe, Agrumes et Baies, les <strong data-start=\"851\" data-end=\"880\">Pochettes de Nicotine JNR 25mg<\/strong> allient force et go\u00fbt rafra\u00eechissant. Ils offrent une alternative pratique et sans fum\u00e9e pour tous ceux qui recherchent une option de nicotine puissante et de haute qualit\u00e9 \u00e0 un prix comp\u00e9titif.<\/p>\n<p><strong>Ajoutez le WhatsApp d'Amy pour obtenir une r\u00e9ponse rapide et un prix r\u00e9duit !<\/strong><\/p>\n<p><img fetchpriority=\"high\" decoding=\"async\" class=\"size-full wp-image-2932\" src=\"https:\/\/vapestornado.com\/wp-content\/uploads\/2024\/12\/Vape-Wholesale.jpg\" alt=\"Vente en Gros de Vapes\" width=\"229\" height=\"300\" \/><\/p>\n<h3><a href=\"https:\/\/wa.me\/8617776015835\" target=\"_blank\" rel=\"noopener\"><span style=\"color: #ff0000;\"><strong>WhatsApp : +86 17776015835<\/strong><\/span><\/a><\/h3>\n<p>&nbsp;<\/p>\n<h2><strong>Caract\u00e9ristiques du produit JNR Nicotine Pouches 25mg<\/strong><\/h2>\n<p>Marque: JNR<br \/>\nTaux de nicotine: 25 mg par sachet<br \/>\nNombre de sachets: 20 pi\u00e8ces par bo\u00eete<\/p>\n<figure id=\"attachment_3773\" aria-describedby=\"caption-attachment-3773\" style=\"width: 1000px\" class=\"wp-caption alignnone\"><img decoding=\"async\" class=\"wp-image-3773 size-full\" src=\"https:\/\/vapestornado.com\/wp-content\/uploads\/2025\/02\/Hot-Selling-JNR-Nicotine-Pouches-25mg.webp\" alt=\"JNR Nicotine Pouches 25mg Vente en vogue\" width=\"1000\" height=\"1000\" srcset=\"https:\/\/vapestornado.com\/wp-content\/uploads\/2025\/02\/Hot-Selling-JNR-Nicotine-Pouches-25mg.webp 1000w, https:\/\/vapestornado.com\/wp-content\/uploads\/2025\/02\/Hot-Selling-JNR-Nicotine-Pouches-25mg-300x300.webp 300w, https:\/\/vapestornado.com\/wp-content\/uploads\/2025\/02\/Hot-Selling-JNR-Nicotine-Pouches-25mg-150x150.webp 150w, https:\/\/vapestornado.com\/wp-content\/uploads\/2025\/02\/Hot-Selling-JNR-Nicotine-Pouches-25mg-768x768.webp 768w, https:\/\/vapestornado.com\/wp-content\/uploads\/2025\/02\/Hot-Selling-JNR-Nicotine-Pouches-25mg-600x600.webp 600w, https:\/\/vapestornado.com\/wp-content\/uploads\/2025\/02\/Hot-Selling-JNR-Nicotine-Pouches-25mg-100x100.webp 100w\" sizes=\"(max-width: 1000px) 100vw, 1000px\" \/><figcaption id=\"caption-attachment-3773\" class=\"wp-caption-text\">JNR Nicotine Pouches 25mg Vente en vogue<\/figcaption><\/figure>\n<h2 class=\"product-title\"><strong>Liste des saveurs JNR Nicotine Pouches 25mg<\/strong><\/h2>\n<ol data-start=\"59\" data-end=\"318\" data-is-last-node=\"\">\n<li data-start=\"59\" data-end=\"76\">Cerise Noire<\/li>\n<li data-start=\"77\" data-end=\"95\">Framboise Bleue Glac\u00e9e<\/li>\n<li data-start=\"96\" data-end=\"115\">Menthe Myrtille<\/li>\n<li data-start=\"116\" data-end=\"135\">Agrumes Frais<\/li>\n<li data-start=\"136\" data-end=\"151\">Cola P\u00e9tillant<\/li>\n<li data-start=\"152\" data-end=\"163\">Glacial<\/li>\n<li data-start=\"164\" data-end=\"177\">Glace Fra\u00eeche<\/li>\n<li data-start=\"178\" data-end=\"191\">Menthe glaciale<\/li>\n<li data-start=\"192\" data-end=\"210\">Menthe verte glaciale<\/li>\n<li data-start=\"211\" data-end=\"228\">Baies m\u00e9lang\u00e9es<\/li>\n<li data-start=\"229\" data-end=\"246\">Toffee doux<\/li>\n<li data-start=\"247\" data-end=\"267\">Fraise Glac\u00e9e<\/li>\n<li data-start=\"268\" data-end=\"282\">Tropical<\/li>\n<li data-start=\"283\" data-end=\"299\">Double pomme<\/li>\n<li data-start=\"300\" data-end=\"318\" data-is-last-node=\"\">Glace Past\u00e8que<\/li>\n<\/ol>\n<h3 class=\"product-title\">Les sachets de nicotine sont-ils b\u00e9n\u00e9fiques ?<\/h3>\n<article class=\"w-full text-token-text-primary focus-visible:outline-2 focus-visible:outline-offset-[-4px]\" dir=\"auto\" data-testid=\"conversation-turn-32\" data-scroll-anchor=\"false\">\n<div class=\"m-auto text-base py-[18px] px-6\">\n<div class=\"mx-auto flex flex-1 text-base gap-4 md:gap-5 lg:gap-6 md:max-w-3xl lg:max-w-[40rem] xl:max-w-[48rem]\">\n<div class=\"group\/conversation-turn relative flex w-full min-w-0 flex-col @xs\/thread:px-0 @sm\/thread:px-1.5 @md\/thread:px-4\">\n<div class=\"flex-col gap-1 md:gap-3\">\n<div class=\"flex max-w-full flex-col flex-grow\">\n<div class=\"min-h-8 text-message flex w-full flex-col items-end gap-2 whitespace-normal break-words text-start [.text-message+&amp;]:mt-5\" dir=\"auto\" data-message-author-role=\"user\" data-message-id=\"ffac41ca-1db4-431b-873a-32c4052956f1\">\n<div class=\"flex w-full flex-col gap-1 empty:hidden items-end rtl:items-start\">\n<div class=\"relative max-w-[var(--user-chat-width,70%)] rounded-3xl bg-token-message-surface px-5 py-2.5\">\n<div class=\"absolute bottom-0 right-full top-0 -mr-3.5 hidden pr-5 pt-2 [.group\/conversation-turn:hover_&amp;]:flex\">\n<div class=\"flex\"><\/div>\n<\/div>\n<\/div>\n<\/div>\n<\/div>\n<\/div>\n<\/div>\n<\/div>\n<\/div>\n<\/div>\n<\/article>\n<article class=\"w-full text-token-text-primary focus-visible:outline-2 focus-visible:outline-offset-[-4px]\" dir=\"auto\" data-testid=\"conversation-turn-33\" data-scroll-anchor=\"true\">\n<div class=\"m-auto text-base py-[18px] px-6\">\n<div class=\"mx-auto flex flex-1 text-base gap-4 md:gap-5 lg:gap-6 md:max-w-3xl lg:max-w-[40rem] xl:max-w-[48rem]\">\n<div class=\"group\/conversation-turn relative flex w-full min-w-0 flex-col agent-turn @xs\/thread:px-0 @sm\/thread:px-1.5 @md\/thread:px-4\">\n<div class=\"flex-col gap-1 md:gap-3\">\n<div class=\"flex max-w-full flex-col flex-grow\">\n<div class=\"min-h-8 text-message flex w-full flex-col items-end gap-2 whitespace-normal break-words text-start [.text-message+&amp;]:mt-5\" dir=\"auto\" data-message-author-role=\"assistant\" data-message-id=\"e542e950-e3a5-4b1a-98f8-7584a2f9bc41\" data-message-model-slug=\"gpt-4o\">\n<div class=\"flex w-full flex-col gap-1 empty:hidden first:pt-[3px]\">\n<div class=\"markdown prose w-full break-words dark:prose-invert light\">\n<article class=\"w-full text-token-text-primary focus-visible:outline-2 focus-visible:outline-offset-[-4px]\" dir=\"auto\" data-testid=\"conversation-turn-35\" data-scroll-anchor=\"true\">\n<div class=\"m-auto text-base py-[18px] px-6\">\n<div class=\"mx-auto flex flex-1 text-base gap-4 md:gap-5 lg:gap-6 md:max-w-3xl lg:max-w-[40rem] xl:max-w-[48rem]\">\n<div class=\"group\/conversation-turn relative flex w-full min-w-0 flex-col agent-turn @xs\/thread:px-0 @sm\/thread:px-1.5 @md\/thread:px-4\">\n<div class=\"flex-col gap-1 md:gap-3\">\n<div class=\"flex max-w-full flex-col flex-grow\">\n<div class=\"min-h-8 text-message flex w-full flex-col items-end gap-2 whitespace-normal break-words text-start [.text-message+&amp;]:mt-5\" dir=\"auto\" data-message-author-role=\"assistant\" data-message-id=\"19ad7ab6-95d5-4367-834a-f160e402f0d6\" data-message-model-slug=\"gpt-4o\">\n<div class=\"flex w-full flex-col gap-1 empty:hidden first:pt-[3px]\">\n<div class=\"markdown prose w-full break-words dark:prose-invert light\">\n<p>Pour les fumeurs qui essaient d'arr\u00eater, les sachets de nicotine offrent une alternative plus propre et sans tabac. Bien que la nicotine elle-m\u00eame puisse pr\u00e9senter des risques pour la sant\u00e9, les sachets \u00e9liminent les effets nocifs du tabagisme, ce qui en fait une option plus saine pour les fumeurs actuels qui cherchent \u00e0 r\u00e9duire les m\u00e9faits. Fumer est consid\u00e9r\u00e9 comme la fa\u00e7on la moins saine de consommer de la nicotine, donc passer aux sachets de nicotine peut \u00eatre une \u00e9tape positive pour les utilisateurs soucieux de leur sant\u00e9.<\/p>\n<\/div>\n<\/div>\n<\/div>\n<\/div>\n<\/div>\n<\/div>\n<\/div>\n<\/div>\n<\/article>\n<\/div>\n<\/div>\n<\/div>\n<\/div>\n<\/div>\n<\/div>\n<\/div>\n<\/div>\n<\/article>\n<h3>Pourquoi choisir vapestornado pour la vente en gros de sachets de nicotine JNR ?<\/h3>\n<div class=\"flex-shrink-0 flex flex-col relative items-end\">\n<div class=\"pt-0\">\n<div class=\"gizmo-bot-avatar flex h-8 w-8 items-center justify-center overflow-hidden rounded-full\">\n<div class=\"relative p-1 rounded-sm flex items-center justify-center bg-token-main-surface-primary text-token-text-primary h-8 w-8\">\n<p>Bienvenue chez vapestornado, votre boutique de vape en ligne de confiance pour les vapes jetables de qualit\u00e9 sup\u00e9rieure. Avec plus de 5 ans d'expertise, nous vous proposons des marques populaires de vapes jetables telles que Fumot RandM Vape, Vapme, Bang Vape, Waspe Vape et WGA Vape, etc.<\/p>\n<p>Notre gamme comprend des vapes jetables \u00e0 double saveur tr\u00e8s populaires comme le <a href=\"https:\/\/vapestornado.com\/fr\/product\/bang-king-35k-35000-puffs-2-in-1-dual-flavour-disposable-vape-wholesale-cheap-price\/\">Bang King 35k 35000 bouff\u00e9es<\/a>, <a href=\"https:\/\/vapestornado.com\/fr\/product\/waspe-crystal-40000-puffs-40k-double-flavor-rechargeable-disposable-vapes-cheap-price\/\">WASPE Crystal 40k Double Saveur<\/a> et des choix riches en saveurs comme le <a href=\"https:\/\/vapestornado.com\/fr\/product\/razzbar-15000-puffs-rechargeable-disposable-vape-bulk-buy-at-cheap-prices\/\">RAZZBAR 15000 Bouff\u00e9es<\/a>. Chaque produit est choisi en mettant l'accent sur la qualit\u00e9, la valeur et la vari\u00e9t\u00e9, afin de vous assurer de trouver la solution id\u00e9ale pour vos besoins. D\u00e9couvrez un service exceptionnel et une large gamme de produits de qualit\u00e9 sup\u00e9rieure \u00e0 prix de gros chez vapestornado.<\/p>\n<\/div>\n<h3><\/h3>\n<div class=\"relative p-1 rounded-sm flex items-center justify-center bg-token-main-surface-primary text-token-text-primary h-8 w-8\">\n<h3>FAQ pour les sachets de nicotine JNR<\/h3>\n<\/div>\n<\/div>\n<\/div>\n<\/div>\n<div class=\"flex-shrink-0 flex flex-col relative items-end\">\n<div class=\"pt-0\">\n<div class=\"gizmo-bot-avatar flex h-8 w-8 items-center justify-center overflow-hidden rounded-full\">\n<div class=\"relative p-1 rounded-sm flex items-center justify-center bg-token-main-surface-primary text-token-text-primary h-8 w-8\">\n<div class=\"mb-2 flex gap-3 empty:hidden -ml-2\">\n<p data-start=\"42\" data-end=\"510\"><strong data-start=\"42\" data-end=\"152\">1. Quels sont les principaux avantages de l'utilisation des sachets de nicotine JNR 25mg par rapport au tabagisme ou au vapotage traditionnel ?<\/strong><br data-start=\"152\" data-end=\"155\" \/>Les sachets de nicotine JNR 25mg offrent une exp\u00e9rience de nicotine plus propre et plus discr\u00e8te, sans avoir besoin de fumer ou de vapoter. Fabriqu\u00e9s avec des ingr\u00e9dients sans tabac, ils constituent une option sans fum\u00e9e et sans odeur pour la consommation de nicotine. Les sachets minces et portables peuvent \u00eatre utilis\u00e9s n'importe quand, n'importe o\u00f9, ce qui en fait une alternative pratique aux produits du tabac traditionnels.<\/p>\n<p data-start=\"512\" data-end=\"893\"><strong data-start=\"512\" data-end=\"625\">2. Combien de temps dure la sensation de picotement lors de l'utilisation d'un sachet de nicotine JNR, et qu'indique-t-elle ?<\/strong><br data-start=\"625\" data-end=\"628\" \/>Lorsque vous placez un sachet de nicotine JNR 25mg sous votre l\u00e8vre, vous ressentirez une sensation de picotement qui dure g\u00e9n\u00e9ralement environ 15 minutes. Cette sensation indique la lib\u00e9ration de nicotine et est un signe que le sachet fonctionne comme pr\u00e9vu, offrant un fort effet de nicotine.<\/p>\n<p data-start=\"895\" data-end=\"1290\"><strong data-start=\"895\" data-end=\"995\">3. Les sachets de nicotine JNR 25mg peuvent-ils aider les fumeurs \u00e0 arr\u00eater, et qu'est-ce qui en fait une alternative plus saine ?<\/strong><br data-start=\"995\" data-end=\"998\" \/>Oui, les sachets de nicotine JNR peuvent aider les fumeurs \u00e0 arr\u00eater en offrant une option sans tabac et sans fum\u00e9e pour la consommation de nicotine. Comme ils ne contiennent pas de tabac, ils \u00e9liminent les effets nocifs du tabagisme, ce qui en fait une alternative plus saine pour ceux qui essaient de r\u00e9duire ou d'arr\u00eater leur consommation de tabac.<\/p>\n<p data-start=\"1292\" data-end=\"1826\"><strong data-start=\"1292\" data-end=\"1409\">4. Quelles sont les saveurs disponibles pour les sachets de nicotine JNR 25mg, et laquelle offre l'exp\u00e9rience la plus rafra\u00eechissante ?<\/strong><br data-start=\"1409\" data-end=\"1412\" \/>Les sachets de nicotine JNR sont disponibles dans une vari\u00e9t\u00e9 de saveurs rafra\u00eechissantes, y compris Cerise noire, Myrtille givr\u00e9e, Menthe myrtille, Agrumes frais, Baies m\u00e9lang\u00e9es, Fraise glac\u00e9e et plus encore. Pour une exp\u00e9rience rafra\u00eechissante, de nombreux utilisateurs appr\u00e9cient la sensation de fra\u00eecheur des saveurs comme Menthe glaciale, Myrtille givr\u00e9e et Fraise glac\u00e9e.<\/p>\n<p data-start=\"1828\" data-end=\"2274\" data-is-last-node=\"\"><strong data-start=\"1828\" data-end=\"1932\">5. Comment dois-je placer correctement un sachet de nicotine JNR pour une utilisation plus confortable et efficace ?<\/strong><br data-start=\"1932\" data-end=\"1935\" \/>Pour utiliser un sachet de nicotine JNR, il suffit de placer un sachet sous votre l\u00e8vre sup\u00e9rieure ou inf\u00e9rieure. Vous commencerez \u00e0 en ressentir les effets en quelques minutes. La conception discr\u00e8te vous permet de profiter de votre exp\u00e9rience de nicotine sans salet\u00e9 ni forte odeur.<\/p>\n<h2>Comment commander ?<\/h2>\n<p><strong>1. Quels modes de paiement acceptez-vous ?<\/strong><br \/>\nNous acceptons les virements IBAN et <span style=\"font-size: 16px;\">Western Union<\/span>\u00a0pour des transactions s\u00e9curis\u00e9es et pratiques.<\/p>\n<p><strong>2. Comment puis-je suivre ma commande ?<\/strong><br \/>\nUne fois votre commande exp\u00e9di\u00e9e, <span class=\"selectable-text copyable-text false\">nous continuerons \u00e0 suivre le parcours des marchandises jusqu'\u00e0 ce que vous les ayez re\u00e7ues<\/span>.<\/p>\n<p><strong>3. Quel est le d\u00e9lai de livraison estim\u00e9 ?<\/strong><\/p>\n<ul>\n<li>L'exp\u00e9dition depuis <strong>les entrep\u00f4ts en Chine<\/strong> prend environ <strong>7 \u00e0 14 jours ouvrables<\/strong>.<\/li>\n<li>L'exp\u00e9dition depuis <strong>Entrep\u00f4ts europ\u00e9ens<\/strong> prend g\u00e9n\u00e9ralement <strong>3 \u00e0 6 jours ouvrables<\/strong>.<\/li>\n<\/ul>\n<p><strong>4. Comment puis-je obtenir une livraison plus rapide ?<\/strong><br \/>\nPour une livraison plus rapide, nous vous recommandons de commander depuis notre <strong>entrep\u00f4t europ\u00e9en<\/strong>, qui offre des d\u00e9lais d'exp\u00e9dition plus rapides.<\/p>\n<p><strong>5. Comment retourner un article ?<\/strong><br \/>\nPour retourner un article, contactez notre service client\u00e8le pour obtenir des instructions d\u00e9taill\u00e9es sur la proc\u00e9dure de retour.<\/p>\n<p><strong>6. Proposez-vous une exp\u00e9dition internationale ?<\/strong><br \/>\nOui, nous exp\u00e9dions vers la plupart des pays et nous nous occupons du <strong>d\u00e9douanement<\/strong> pour une exp\u00e9rience de livraison sans souci.<\/p>\n<p><strong>7. Que faire si je re\u00e7ois un produit endommag\u00e9 ou d\u00e9fectueux ?<\/strong><br \/>\nSi votre article est endommag\u00e9 ou d\u00e9fectueux, contactez le service client pour un <strong>remplacement ou un remboursement<\/strong>.<\/p>\n<p><strong>8. Comment puis-je contacter le service client ?<\/strong><br \/>\nVous pouvez nous joindre par <strong>e-mail, WhatsApp ou chat en direct<\/strong> sur notre site web pour toute assistance.<\/p>\n<\/div>\n<\/div>\n<\/div>\n<\/div>\n<\/div>","protected":false},"excerpt":{"rendered":"<p>JNR Nicotine Pouches 25mg Vente en gros<br \/>\nJNR Nicotine Pouches 25mg Vente en gros en vogue<br \/>\nMeilleur prix JNR Nicotine Pouches 25mg<\/p>\n<p><strong>Ajoutez le WhatsApp d'Amy pour obtenir une bonne r\u00e9ponse et un coupon de vape !<\/strong><\/p>\n<p><img fetchpriority=\"high\" decoding=\"async\" class=\"size-full wp-image-2932\" src=\"https:\/\/vapestornado.com\/wp-content\/uploads\/2024\/12\/Vape-Wholesale.jpg\" alt=\"Vente en Gros de Vapes\" width=\"229\" height=\"300\" \/><\/p>\n<h3><a href=\"https:\/\/wa.me\/8617776015835\"><span style=\"color: #ff0000;\"><strong>WhatsApp : +86 17776015835<\/strong><\/span><\/a><\/h3>\n<p>&nbsp;<\/p>","protected":false},"featured_media":3777,"comment_status":"open","ping_status":"closed","template":"","meta":{"_acf_changed":false,"_uag_custom_page_level_css":"","_lmt_disableupdate":"no","_lmt_disable":"","_monsterinsights_skip_tracking":false,"_monsterinsights_sitenote_active":false,"_monsterinsights_sitenote_note":"","_monsterinsights_sitenote_category":0,"site-sidebar-layout":"default","site-content-layout":"","ast-site-content-layout":"default","site-content-style":"default","site-sidebar-style":"default","ast-global-header-display":"","ast-banner-title-visibility":"","ast-main-header-display":"","ast-hfb-above-header-display":"","ast-hfb-below-header-display":"","ast-hfb-mobile-header-display":"","site-post-title":"","ast-breadcrumbs-content":"","ast-featured-img":"","footer-sml-layout":"","ast-disable-related-posts":"","theme-transparent-header-meta":"default","adv-header-id-meta":"","stick-header-meta":"","header-above-stick-meta":"","header-main-stick-meta":"","header-below-stick-meta":"","astra-migrate-meta-layouts":"set","ast-page-background-enabled":"default","ast-page-background-meta":{"desktop":{"background-color":"","background-image":"","background-repeat":"repeat","background-position":"center center","background-size":"auto","background-attachment":"scroll","background-type":"","background-media":"","overlay-type":"","overlay-color":"","overlay-opacity":"","overlay-gradient":""},"tablet":{"background-color":"","background-image":"","background-repeat":"repeat","background-position":"center center","background-size":"auto","background-attachment":"scroll","background-type":"","background-media":"","overlay-type":"","overlay-color":"","overlay-opacity":"","overlay-gradient":""},"mobile":{"background-color":"","background-image":"","background-repeat":"repeat","background-position":"center center","background-size":"auto","background-attachment":"scroll","background-type":"","background-media":"","overlay-type":"","overlay-color":"","overlay-opacity":"","overlay-gradient":""}},"ast-content-background-meta":{"desktop":{"background-color":"var(--ast-global-color-5)","background-image":"","background-repeat":"repeat","background-position":"center center","background-size":"auto","background-attachment":"scroll","background-type":"","background-media":"","overlay-type":"","overlay-color":"","overlay-opacity":"","overlay-gradient":""},"tablet":{"background-color":"var(--ast-global-color-5)","background-image":"","background-repeat":"repeat","background-position":"center center","background-size":"auto","background-attachment":"scroll","background-type":"","background-media":"","overlay-type":"","overlay-color":"","overlay-opacity":"","overlay-gradient":""},"mobile":{"background-color":"var(--ast-global-color-5)","background-image":"","background-repeat":"repeat","background-position":"center center","background-size":"auto","background-attachment":"scroll","background-type":"","background-media":"","overlay-type":"","overlay-color":"","overlay-opacity":"","overlay-gradient":""}},"_joinchat":{"telephone":"17776015835"}},"product_brand":[],"product_cat":[19,140,149,150,152,157],"product_tag":[244,242,243],"class_list":{"0":"post-3788","1":"product","2":"type-product","3":"status-publish","4":"has-post-thumbnail","6":"product_cat-vapes","7":"product_cat-big-puffs-disposable-vapes","8":"product_cat-buy-disposable-vapes-in-austria","9":"product_cat-buy-disposable-vapes-in-belgium","10":"product_cat-buy-disposable-vapes-in-cermany","11":"product_cat-buy-disposable-vapes-in-portugal","12":"product_tag-jnr-nicotine-pouches","13":"product_tag-jnr-nicotine-pouches-25mg","14":"product_tag-nicotine-pouches","15":"desktop-align-left","16":"tablet-align-left","17":"mobile-align-left","19":"first","20":"instock","21":"sale","22":"shipping-taxable","23":"purchasable","24":"product-type-simple"},"acf":[],"uagb_featured_image_src":{"full":["https:\/\/vapestornado.com\/wp-content\/uploads\/2025\/02\/JNR-Nicotine-Pouches-Wholesale.webp",1000,1000,false],"thumbnail":["https:\/\/vapestornado.com\/wp-content\/uploads\/2025\/02\/JNR-Nicotine-Pouches-Wholesale-150x150.webp",150,150,true],"medium":["https:\/\/vapestornado.com\/wp-content\/uploads\/2025\/02\/JNR-Nicotine-Pouches-Wholesale-300x300.webp",300,300,true],"medium_large":["https:\/\/vapestornado.com\/wp-content\/uploads\/2025\/02\/JNR-Nicotine-Pouches-Wholesale-768x768.webp",768,768,true],"large":["https:\/\/vapestornado.com\/wp-content\/uploads\/2025\/02\/JNR-Nicotine-Pouches-Wholesale.webp",1000,1000,false],"1536x1536":["https:\/\/vapestornado.com\/wp-content\/uploads\/2025\/02\/JNR-Nicotine-Pouches-Wholesale.webp",1000,1000,false],"2048x2048":["https:\/\/vapestornado.com\/wp-content\/uploads\/2025\/02\/JNR-Nicotine-Pouches-Wholesale.webp",1000,1000,false],"trp-custom-language-flag":["https:\/\/vapestornado.com\/wp-content\/uploads\/2025\/02\/JNR-Nicotine-Pouches-Wholesale.webp",12,12,false],"woocommerce_thumbnail":["https:\/\/vapestornado.com\/wp-content\/uploads\/2025\/02\/JNR-Nicotine-Pouches-Wholesale-300x300.webp",300,300,true],"woocommerce_single":["https:\/\/vapestornado.com\/wp-content\/uploads\/2025\/02\/JNR-Nicotine-Pouches-Wholesale-600x600.webp",600,600,true],"woocommerce_gallery_thumbnail":["https:\/\/vapestornado.com\/wp-content\/uploads\/2025\/02\/JNR-Nicotine-Pouches-Wholesale-100x100.webp",100,100,true]},"uagb_author_info":{"display_name":"ESAMY","author_link":"https:\/\/vapestornado.com\/fr\/author\/"},"uagb_comment_info":0,"uagb_excerpt":"JNR Nicotine Pouches 25mg Wholesale Hot Selling JNR Nicotine Pouches 25mg Bulk Buy Best JNR Nicotine Pouches 25mg Cheap Price Add Amy's whatsapp get right reply and vape vape coupon! WhatsApp: +86 17776015835 &nbsp;","_links":{"self":[{"href":"https:\/\/vapestornado.com\/fr\/wp-json\/wp\/v2\/product\/3788","targetHints":{"allow":["GET"]}}],"collection":[{"href":"https:\/\/vapestornado.com\/fr\/wp-json\/wp\/v2\/product"}],"about":[{"href":"https:\/\/vapestornado.com\/fr\/wp-json\/wp\/v2\/types\/product"}],"replies":[{"embeddable":true,"href":"https:\/\/vapestornado.com\/fr\/wp-json\/wp\/v2\/comments?post=3788"}],"wp:featuredmedia":[{"embeddable":true,"href":"https:\/\/vapestornado.com\/fr\/wp-json\/wp\/v2\/media\/3777"}],"wp:attachment":[{"href":"https:\/\/vapestornado.com\/fr\/wp-json\/wp\/v2\/media?parent=3788"}],"wp:term":[{"taxonomy":"product_brand","embeddable":true,"href":"https:\/\/vapestornado.com\/fr\/wp-json\/wp\/v2\/product_brand?post=3788"},{"taxonomy":"product_cat","embeddable":true,"href":"https:\/\/vapestornado.com\/fr\/wp-json\/wp\/v2\/product_cat?post=3788"},{"taxonomy":"product_tag","embeddable":true,"href":"https:\/\/vapestornado.com\/fr\/wp-json\/wp\/v2\/product_tag?post=3788"}],"curies":[{"name":"wp","href":"https:\/\/api.w.org\/{rel}","templated":true}]}}