{"id":3753,"date":"2025-01-17T08:42:15","date_gmt":"2025-01-17T08:42:15","guid":{"rendered":"https:\/\/vapestornado.com\/?post_type=product&#038;p=3753"},"modified":"2025-08-23T09:30:14","modified_gmt":"2025-08-23T09:30:14","slug":"bang-tornado-40000-puffs-disposable-vape-big-smart-screen-vapor","status":"publish","type":"product","link":"https:\/\/vapestornado.com\/fr\/product\/bang-tornado-40000-puffs-disposable-vape-big-smart-screen-vapor\/","title":{"rendered":"Bang Tornado 40000 Bouff\u00e9es Vape jetable Grand \u00e9cran intelligent Vapeur"},"content":{"rendered":"<h1>\u00a0Bang Tornado 40000 Bouff\u00e9es Vape jetable Grand \u00e9cran intelligent Vapeur<\/h1>\n<p>&nbsp;<\/p>\n<div role=\"article\" data-tabster=\"{&quot;groupper&quot;:{&quot;tabbability&quot;:2},&quot;focusable&quot;:{}}\" data-content=\"ai-message\" aria-labelledby=\"64JRvXrTnY7mRmPkEQLLT-author 64JRvXrTnY7mRmPkEQLLT-content\">\n<div id=\"64JRvXrTnY7mRmPkEQLLT-content\">\n<p data-start=\"328\" data-end=\"622\">L' <strong data-start=\"332\" data-end=\"376\">Bang Tornado 40000 Bouff\u00e9es Vape Jetable<\/strong> est con\u00e7u pour la capacit\u00e9 et les performances avanc\u00e9es, ce qui en fait une option int\u00e9ressante pour les acheteurs en gros et les boutiques de vape. Avec un <strong data-start=\"495\" data-end=\"528\">r\u00e9servoir de e-liquide pr\u00e9-rempli de 40 ml<\/strong> et jusqu'\u00e0 <strong data-start=\"539\" data-end=\"555\">40 000 bouff\u00e9es<\/strong>, il assure des s\u00e9ances de longue dur\u00e9e sans remplacements fr\u00e9quents.<\/p>\n<p data-start=\"624\" data-end=\"892\">Propuls\u00e9 par un <strong data-start=\"638\" data-end=\"669\">Batterie rechargeable de 850 mAh<\/strong> avec <strong data-start=\"675\" data-end=\"699\">Charge rapide Type-C<\/strong>, le Bang Tornado 40K fournit une puissance constante pour une utilisation prolong\u00e9e. Sa <strong data-start=\"770\" data-end=\"795\">bobine \u00e0 triple maille de 0,5 \u03a9<\/strong> am\u00e9liore la densit\u00e9 de la vapeur et la richesse des saveurs en fournissant un chauffage uniforme et doux \u00e0 chaque bouff\u00e9e.<\/p>\n<p data-start=\"894\" data-end=\"1089\">Con\u00e7u avec un <strong data-start=\"910\" data-end=\"940\">grand \u00e9cran d'affichage intelligent<\/strong>, les utilisateurs peuvent surveiller la puissance et l'utilisation en temps r\u00e9el. La construction ergonomique et le design \u00e9l\u00e9gant le rendent portable, fiable et pratique pour une utilisation quotidienne.<\/p>\n<p data-start=\"1091\" data-end=\"1294\">Pour les grossistes et les distributeurs, le <strong data-start=\"1129\" data-end=\"1162\">Bang Tornado 40000 Bouff\u00e9es Vape<\/strong> combine une capacit\u00e9 de bouff\u00e9es \u00e9lev\u00e9e, une efficacit\u00e9 rechargeable et une qualit\u00e9 de construction sup\u00e9rieure, offrant un fort attrait commercial et une rentabilit\u00e9.<\/p>\n<p><img fetchpriority=\"high\" decoding=\"async\" class=\"size-medium wp-image-2951\" src=\"https:\/\/vapestornado.com\/wp-content\/uploads\/2024\/12\/Wholesale-Disposable-Vape-265x300.jpg\" alt=\"Vape jetable en gros\" width=\"265\" height=\"300\" srcset=\"https:\/\/vapestornado.com\/wp-content\/uploads\/2024\/12\/Wholesale-Disposable-Vape-265x300.jpg 265w, https:\/\/vapestornado.com\/wp-content\/uploads\/2024\/12\/Wholesale-Disposable-Vape-768x871.jpg 768w, https:\/\/vapestornado.com\/wp-content\/uploads\/2024\/12\/Wholesale-Disposable-Vape-600x680.jpg 600w, https:\/\/vapestornado.com\/wp-content\/uploads\/2024\/12\/Wholesale-Disposable-Vape.jpg 823w\" sizes=\"(max-width: 265px) 100vw, 265px\" \/><\/p>\n<h5>Veuillez contacter Mandy sur WhatsApp pour un prix r\u00e9duit :<a href=\"https:\/\/wa.me\/8618077105796\" target=\"_blank\" rel=\"noopener\">+8618077105796<\/a><\/h5>\n<p>&nbsp;<\/p>\n<\/div>\n<\/div>\n<div class=\"mb-2 flex gap-3 empty:hidden -ml-2\">\n<h2 class=\"sr-proMainInfo-baseInfoH1 J-baseInfo-name\">\u00a0Bang 40000 Bouff\u00e9es vapes rechargeables Caract\u00e9ristiques principales :<\/h2>\n<ul>\n<li><strong>Capacit\u00e9 de e-liquide de 40 ml<\/strong> jusqu'\u00e0 <strong>40 000 bouff\u00e9es<\/strong><\/li>\n<li><strong>Batterie rechargeable de 850 mAh<\/strong> avec <strong>port de chargement Type-C<\/strong><\/li>\n<li><strong>bobine \u00e0 trois mailles de 0,5 ohm<\/strong> pour une vapeur douce et une saveur am\u00e9lior\u00e9e<\/li>\n<li><strong>Puissance r\u00e9glable<\/strong> pour une exp\u00e9rience de vapotage personnalis\u00e9e<\/li>\n<li><strong>Longue dur\u00e9e<\/strong> et pratique pour une utilisation prolong\u00e9e<\/li>\n<li>\u00c9l\u00e9gant, <strong>conception ergonomique<\/strong> pour la portabilit\u00e9<\/li>\n<li>Id\u00e9al pour les vapoteurs occasionnels et exp\u00e9riment\u00e9s<\/li>\n<\/ul>\n<\/div>\n<h2 class=\"sr-proMainInfo-baseInfoH1 J-baseInfo-name\">Bang Tornado 40000 Bouff\u00e9es Vapes en gros Saveur :<\/h2>\n<p>1. Fraise Past\u00e8que<br \/>\n2. Past\u00e8que<br \/>\n3. AMOUR 66<br \/>\n4. Boisson \u00e9nergisante<br \/>\n5. Fraise Kiwi<br \/>\n6. Myrtille Citron<br \/>\n7. Raisins Bleuet<br \/>\n8. Framboise Bleuet<br \/>\n9. Mangue P\u00eache<br \/>\n10. Triple Baie<br \/>\n11. Double Pomme<br \/>\n12. P\u00eache glac\u00e9e<\/p>\n<div role=\"article\" data-tabster=\"{&quot;groupper&quot;:{&quot;tabbability&quot;:2},&quot;focusable&quot;:{}}\" data-content=\"ai-message\" aria-labelledby=\"dARUyEWDoEYhnSPXFwx5A-author dARUyEWDoEYhnSPXFwx5A-content\">\n<div id=\"dARUyEWDoEYhnSPXFwx5A-content\">\n<h3><strong>Pourquoi acheter <\/strong>Bang Tornado 40k Puff vaporisateur <strong>chez vapestornado ?<\/strong><\/h3>\n<div class=\"flex max-w-full flex-col flex-grow\">\n<div class=\"min-h-8 text-message flex w-full flex-col items-end gap-2 whitespace-normal break-words text-start [.text-message+&amp;]:mt-5\" dir=\"auto\" data-message-author-role=\"assistant\" data-message-id=\"8ec0866b-3616-4b38-8c41-2e75d00fce2d\" data-message-model-slug=\"gpt-4o-mini\">\n<div class=\"flex w-full flex-col gap-1 empty:hidden first:pt-[3px]\">\n<div class=\"markdown prose w-full break-words dark:prose-invert light\">\n<ul>\n<li><strong>Qualit\u00e9 Premium<\/strong>: vapestornado propose des Bang Tornado 40000 Puffs authentiques et de haute qualit\u00e9, garantissant une exp\u00e9rience de vapotage de premier ordre avec une vapeur douce et une saveur riche.<\/li>\n<li><strong>Prix comp\u00e9titifs<\/strong>: B\u00e9n\u00e9ficiez de tarifs de gros comp\u00e9titifs pour les achats en gros, ce qui le rend id\u00e9al pour les utilisateurs individuels et les entreprises.<\/li>\n<li><strong>Exp\u00e9dition rapide<\/strong>: vapestornado assure une livraison rapide et fiable, afin que vous puissiez commencer \u00e0 profiter de votre produit sans d\u00e9lai.<\/li>\n<li><strong>Excellent service client<\/strong>: \u00c9quipe de support d\u00e9di\u00e9e pr\u00eate \u00e0 r\u00e9pondre \u00e0 toutes vos questions ou pr\u00e9occupations, assurant une exp\u00e9rience d'achat fluide.<\/li>\n<li><strong>Large s\u00e9lection<\/strong>: vapestornado offre une vari\u00e9t\u00e9 de saveurs et d'options, vous permettant de choisir la combinaison parfaite pour vos pr\u00e9f\u00e9rences.<\/li>\n<li><strong>Achats s\u00e9curis\u00e9s<\/strong>: Avec un engagement envers la s\u00e9curit\u00e9 des clients, vapestornado garantit des options de paiement et des transactions s\u00e9curis\u00e9es.<\/li>\n<\/ul>\n<\/div>\n<\/div>\n<\/div>\n<\/div>\n<div class=\"mb-2 flex gap-3 empty:hidden -ml-2\">\n<div class=\"items-center justify-start rounded-xl p-1 flex\"><\/div>\n<\/div>\n<\/div>\n<\/div>\n<h3>FAQ sur les vapes jetables Bang Tornado puff 40000<\/h3>\n<ul>\n<li><strong>Combien de temps dure la vape Bang tornado 40 000 bouff\u00e9es ?<\/strong><br \/>\nLe Bang Tornado 40 000 bouff\u00e9es dure jusqu'\u00e0 40 000 bouff\u00e9es, selon l'utilisation. Avec une grande capacit\u00e9 d'e-liquide de 40 ml, il offre un vapotage prolong\u00e9 sans remplacements fr\u00e9quents.<\/li>\n<li><strong>Comment charger les Bang Tornado 40 000 Puffvapes ?<\/strong><br \/>\nL'appareil est \u00e9quip\u00e9 d'un <strong>Batterie rechargeable de 850 mAh<\/strong> et une <strong>port de chargement Type-C<\/strong>, permettant une recharge rapide et efficace lorsque la batterie est faible.<\/li>\n<li><strong>Quelle est la r\u00e9sistance de la bobine dans le Bang vape Tornado 40 000 bouff\u00e9es ?<\/strong><br \/>\nL'appareil utilise un <strong>bobine \u00e0 trois mailles de 0,5 ohm<\/strong> pour une production de vapeur plus douce et une saveur am\u00e9lior\u00e9e, offrant une exp\u00e9rience de vapotage premium.<\/li>\n<li><strong>Quelle est la concentration de nicotine du Bang Tornado 40 000 bouff\u00e9es \u00e0 bas prix ?<\/strong><br \/>\nLe Bang Tornado 40 000 Bouff\u00e9es est g\u00e9n\u00e9ralement disponible en diff\u00e9rentes concentrations de nicotine (g\u00e9n\u00e9ralement 2% ou 5%) pour r\u00e9pondre \u00e0 diff\u00e9rentes pr\u00e9f\u00e9rences.<\/li>\n<\/ul>","protected":false},"excerpt":{"rendered":"<ul>\n<li><strong>Bang Tornado 40K Puff Stylo Vape Jetable Haut de Gamme<\/strong><\/li>\n<li><strong>Bang Tornado 40K Puffs Dispositif de Vape Rechargeable Durable<\/strong><\/li>\n<li><strong>Bang Tornado 40K Puffs E-Cig avec Pods de Saveur de Glace Personnalisables<\/strong><\/li>\n<\/ul>\n<figure id=\"attachment_2951\" aria-describedby=\"caption-attachment-2951\" style=\"width: 265px\" class=\"wp-caption alignnone\"><img fetchpriority=\"high\" decoding=\"async\" class=\"size-medium wp-image-2951\" src=\"https:\/\/vapestornado.com\/wp-content\/uploads\/2024\/12\/Wholesale-Disposable-Vape-265x300.jpg\" alt=\"Vape jetable en gros\" width=\"265\" height=\"300\" srcset=\"https:\/\/vapestornado.com\/wp-content\/uploads\/2024\/12\/Wholesale-Disposable-Vape-265x300.jpg 265w, https:\/\/vapestornado.com\/wp-content\/uploads\/2024\/12\/Wholesale-Disposable-Vape-768x871.jpg 768w, https:\/\/vapestornado.com\/wp-content\/uploads\/2024\/12\/Wholesale-Disposable-Vape-600x680.jpg 600w, https:\/\/vapestornado.com\/wp-content\/uploads\/2024\/12\/Wholesale-Disposable-Vape.jpg 823w\" sizes=\"(max-width: 265px) 100vw, 265px\" \/><figcaption id=\"caption-attachment-2951\" class=\"wp-caption-text\">Veuillez contacter Mandy sur WhatsApp pour obtenir un prix r\u00e9duit\u00a0 <a href=\"https:\/\/wa.me\/8618077105796\">+8618077105796<\/a><\/figcaption><\/figure>\n<p>&nbsp;<\/p>","protected":false},"featured_media":3746,"comment_status":"open","ping_status":"closed","template":"","meta":{"_acf_changed":false,"_uag_custom_page_level_css":"","_lmt_disableupdate":"no","_lmt_disable":"","_monsterinsights_skip_tracking":false,"_monsterinsights_sitenote_active":false,"_monsterinsights_sitenote_note":"","_monsterinsights_sitenote_category":0,"site-sidebar-layout":"default","site-content-layout":"","ast-site-content-layout":"default","site-content-style":"default","site-sidebar-style":"default","ast-global-header-display":"","ast-banner-title-visibility":"","ast-main-header-display":"","ast-hfb-above-header-display":"","ast-hfb-below-header-display":"","ast-hfb-mobile-header-display":"","site-post-title":"","ast-breadcrumbs-content":"","ast-featured-img":"","footer-sml-layout":"","ast-disable-related-posts":"","theme-transparent-header-meta":"default","adv-header-id-meta":"","stick-header-meta":"","header-above-stick-meta":"","header-main-stick-meta":"","header-below-stick-meta":"","astra-migrate-meta-layouts":"set","ast-page-background-enabled":"default","ast-page-background-meta":{"desktop":{"background-color":"","background-image":"","background-repeat":"repeat","background-position":"center center","background-size":"auto","background-attachment":"scroll","background-type":"","background-media":"","overlay-type":"","overlay-color":"","overlay-opacity":"","overlay-gradient":""},"tablet":{"background-color":"","background-image":"","background-repeat":"repeat","background-position":"center center","background-size":"auto","background-attachment":"scroll","background-type":"","background-media":"","overlay-type":"","overlay-color":"","overlay-opacity":"","overlay-gradient":""},"mobile":{"background-color":"","background-image":"","background-repeat":"repeat","background-position":"center center","background-size":"auto","background-attachment":"scroll","background-type":"","background-media":"","overlay-type":"","overlay-color":"","overlay-opacity":"","overlay-gradient":""}},"ast-content-background-meta":{"desktop":{"background-color":"var(--ast-global-color-5)","background-image":"","background-repeat":"repeat","background-position":"center center","background-size":"auto","background-attachment":"scroll","background-type":"","background-media":"","overlay-type":"","overlay-color":"","overlay-opacity":"","overlay-gradient":""},"tablet":{"background-color":"var(--ast-global-color-5)","background-image":"","background-repeat":"repeat","background-position":"center center","background-size":"auto","background-attachment":"scroll","background-type":"","background-media":"","overlay-type":"","overlay-color":"","overlay-opacity":"","overlay-gradient":""},"mobile":{"background-color":"var(--ast-global-color-5)","background-image":"","background-repeat":"repeat","background-position":"center center","background-size":"auto","background-attachment":"scroll","background-type":"","background-media":"","overlay-type":"","overlay-color":"","overlay-opacity":"","overlay-gradient":""}},"_joinchat":[]},"product_brand":[],"product_cat":[140,65,62,151,154,159,146,148],"product_tag":[212,97,98],"class_list":{"0":"post-3753","1":"product","2":"type-product","3":"status-publish","4":"has-post-thumbnail","6":"product_cat-big-puffs-disposable-vapes","7":"product_cat-40000-puff","8":"product_cat-bang-vape","9":"product_cat-buy-disposable-vapes-in-france","10":"product_cat-buy-disposable-vapes-in-netherlands","11":"product_cat-buy-disposable-vapes-in-sweden","12":"product_cat-rechargeable-disposable-vapes","13":"product_cat-tornado-disposable-vapes","14":"product_tag-bang-vape-40000","15":"product_tag-hot-sale-disposable-vape","16":"product_tag-wholesale-price-disposable-vape","17":"desktop-align-left","18":"tablet-align-left","19":"mobile-align-left","21":"first","22":"instock","23":"sale","24":"shipping-taxable","25":"purchasable","26":"product-type-simple"},"acf":[],"uagb_featured_image_src":{"full":["https:\/\/vapestornado.com\/wp-content\/uploads\/2025\/01\/Bang-Tornado-40K-Puff-Adjustable-Power-Disposable-Vape.webp",800,800,false],"thumbnail":["https:\/\/vapestornado.com\/wp-content\/uploads\/2025\/01\/Bang-Tornado-40K-Puff-Adjustable-Power-Disposable-Vape-150x150.webp",150,150,true],"medium":["https:\/\/vapestornado.com\/wp-content\/uploads\/2025\/01\/Bang-Tornado-40K-Puff-Adjustable-Power-Disposable-Vape-300x300.webp",300,300,true],"medium_large":["https:\/\/vapestornado.com\/wp-content\/uploads\/2025\/01\/Bang-Tornado-40K-Puff-Adjustable-Power-Disposable-Vape-768x768.webp",768,768,true],"large":["https:\/\/vapestornado.com\/wp-content\/uploads\/2025\/01\/Bang-Tornado-40K-Puff-Adjustable-Power-Disposable-Vape.webp",800,800,false],"1536x1536":["https:\/\/vapestornado.com\/wp-content\/uploads\/2025\/01\/Bang-Tornado-40K-Puff-Adjustable-Power-Disposable-Vape.webp",800,800,false],"2048x2048":["https:\/\/vapestornado.com\/wp-content\/uploads\/2025\/01\/Bang-Tornado-40K-Puff-Adjustable-Power-Disposable-Vape.webp",800,800,false],"trp-custom-language-flag":["https:\/\/vapestornado.com\/wp-content\/uploads\/2025\/01\/Bang-Tornado-40K-Puff-Adjustable-Power-Disposable-Vape.webp",12,12,false],"woocommerce_thumbnail":["https:\/\/vapestornado.com\/wp-content\/uploads\/2025\/01\/Bang-Tornado-40K-Puff-Adjustable-Power-Disposable-Vape-300x300.webp",300,300,true],"woocommerce_single":["https:\/\/vapestornado.com\/wp-content\/uploads\/2025\/01\/Bang-Tornado-40K-Puff-Adjustable-Power-Disposable-Vape-600x600.webp",600,600,true],"woocommerce_gallery_thumbnail":["https:\/\/vapestornado.com\/wp-content\/uploads\/2025\/01\/Bang-Tornado-40K-Puff-Adjustable-Power-Disposable-Vape-100x100.webp",100,100,true]},"uagb_author_info":{"display_name":"ESMANDY","author_link":"https:\/\/vapestornado.com\/fr\/author\/"},"uagb_comment_info":0,"uagb_excerpt":"High-End Bang Tornado 40K Puff Disposable Vape Pen Durable Bang Tornado 40K Puffs Rechargeable Vape Device Bang Tornado 40K Puffs E-Cig with Customizable Ice Flavor Pods [caption id=\"attachment_2951\" align=\"alignnone\" width=\"265\"] Pls Contact Mandy's WhatsApp For Discount Price\u00a0 +8618077105796[\/caption] &nbsp;","_links":{"self":[{"href":"https:\/\/vapestornado.com\/fr\/wp-json\/wp\/v2\/product\/3753","targetHints":{"allow":["GET"]}}],"collection":[{"href":"https:\/\/vapestornado.com\/fr\/wp-json\/wp\/v2\/product"}],"about":[{"href":"https:\/\/vapestornado.com\/fr\/wp-json\/wp\/v2\/types\/product"}],"replies":[{"embeddable":true,"href":"https:\/\/vapestornado.com\/fr\/wp-json\/wp\/v2\/comments?post=3753"}],"wp:featuredmedia":[{"embeddable":true,"href":"https:\/\/vapestornado.com\/fr\/wp-json\/wp\/v2\/media\/3746"}],"wp:attachment":[{"href":"https:\/\/vapestornado.com\/fr\/wp-json\/wp\/v2\/media?parent=3753"}],"wp:term":[{"taxonomy":"product_brand","embeddable":true,"href":"https:\/\/vapestornado.com\/fr\/wp-json\/wp\/v2\/product_brand?post=3753"},{"taxonomy":"product_cat","embeddable":true,"href":"https:\/\/vapestornado.com\/fr\/wp-json\/wp\/v2\/product_cat?post=3753"},{"taxonomy":"product_tag","embeddable":true,"href":"https:\/\/vapestornado.com\/fr\/wp-json\/wp\/v2\/product_tag?post=3753"}],"curies":[{"name":"wp","href":"https:\/\/api.w.org\/{rel}","templated":true}]}}